{"id":9094,"date":"2023-03-30T21:35:17","date_gmt":"2023-03-30T19:35:17","guid":{"rendered":"https:\/\/facecorner.shop\/?post_type=product&#038;p=9094"},"modified":"2025-11-13T16:18:29","modified_gmt":"2025-11-13T13:18:29","slug":"medi-peel-volume-tox-cream-peptide-9-50ml","status":"publish","type":"product","link":"https:\/\/www.facecorner.lv\/en\/shop\/medi-peel-volume-tox-cream-peptide-9-50ml\/","title":{"rendered":"MEDI-PEEL Volume TOX Cream Peptide 9 50ml"},"content":{"rendered":"<p>Pretnoveco\u0161anas kr\u0113ms ar pept\u012bdiem MEDI-PEEL Volume TOX Cream Peptide 9 uzlabo \u0101das tvirtumu un elast\u012bbu, izl\u012bdzina un samazina grumbu dzi\u013cumu, nostiprina sejas ov\u0101lu, izl\u012bdzina reljefu un uztur optim\u0101lu mitruma l\u012bmeni. Uzlabo visu \u0161\u016bnu sist\u0113mu darb\u012bbu, aizsarg\u0101 \u0101du no noveco\u0161an\u0101s, atjauno aizsargbarjeru un atjauno.<\/p>\n<p>Kr\u0113ma novatoriskais sast\u0101vs aktiviz\u0113 kolag\u0113na un elast\u012bna sint\u0113zi \u0101das \u0161\u016bn\u0101s, ir atjaunojo\u0161a iedarb\u012bba, aizsarg\u0101 \u0101du no dehidrat\u0101cijas un agres\u012bviem \u0101r\u0113jiem faktoriem, veicina visu akt\u012bvo vielu dzi\u013cu iek\u013c\u016b\u0161anu un b\u016btiski pal\u0113nina \u0101das noveco\u0161an\u0101s procesus. Pept\u012bdu komplekss izl\u012bdzina un uzlabo \u0101das elast\u012bbu, intens\u012bvi mitrina un baro, samazina grumbu dzi\u013cumu un saglab\u0101 jaunekl\u012bgu \u0101du. Nomierina sakairin\u0101tu \u0101du, toniz\u0113 un uzlabo sejas kr\u0101su.<\/p>\n<p><strong>How to use:<\/strong>: Uzkl\u0101jiet nepiecie\u0161amo kr\u0113ma daudzumu k\u0101 p\u0113d\u0113jo kop\u0161anas soli.<\/p>\n<p><strong>Ingredientes:\u00a0<\/strong>Purified Water, Methyl Propane Diol, Glycerin, Dimethicone, Cyclopentasiloxane, 12-Nucleic Acid Diol, Caprylic \/ Caproxyl Triglyceride, Cetaryl Alcohol, Cetaryl Olate, Cyclo Hexasiloxane Sein, Solbi-Tanol Rebate, Glyceryl Stearate, Pentaerythritol Tetraisostearate, Piza-100 Stearate, Cetaryl Glucoside, Arginine, Carbomer, Sodium Acrylate \/ Sodium Acryloyl Dimethyl Taurate Cocolate Polymer, Isohexadecane, Trehalose, Sunflower Seed Oil, Xanthan Gum, Adenosine, Polysorbate 80, Sodium Hyaluronate, Disodium Itiate, Solbitan Oleate, Stone Soybean Oil, Desamido Collagen , Cypress Fruit Extract, Decadent Thick Bark Extract, Eucalyptus Leaf Extract, Fructan, Hydrol Izde collagen, butylene glycol, fragrance, hydrogenated polyisobutene, anatose oil, propane diol, glyceryl dooly methacrylate, sodium hyaluronate crosspolymer, sorbitan laurate, propylene glycol , Hydrolyzed deglycosaminoglycan, nonoxynol-12, phenoxy ethanol, Irish moss extract, tocopherol, hydroxyethyl cellulose, benzyl glycol, acetyldipeptide-1 cetyl ester (0.8ppm), as Tarzanine, Ethyl Hexanediol, Hydrolyzed Elastin, Hydrolyzed Hyaluronic Acid, Ethyl Hexyl Glycerin, Palmitoyl Tripeptide-5 (0.1ppm), Caprylralglycol, anemarrhenae asphodeloides Root Extract, Acetyl Hexapeptide-8 (0.01ppm), copper tripeptide-1 (0,01ppm), palmitoyl pentamemide -4001 pp m), hyaluronic acid, acetyl octapeptide-3 (0.005 ppm), palmitoyl tetrapeptide -70005 ppm), hexafeltide -90.005 ppm), raspberry ketone, palmitoyl oligopeptide (0.001 ppm), palmitoyl Tripeptide-1 (0.01ppm)<\/p>","protected":false},"excerpt":{"rendered":"<p>Pretnoveco\u0161anas kr\u0113ms ar pept\u012bdiem MEDI-PEEL Volume TOX Cream Peptide 9 uzlabo \u0101das tvirtumu un elast\u012bbu, izl\u012bdzina un samazina grumbu dzi\u013cumu, nostiprina sejas ov\u0101lu, izl\u012bdzina reljefu un uztur optim\u0101lu mitruma l\u012bmeni. Uzlabo visu \u0161\u016bnu sist\u0113mu darb\u012bbu, aizsarg\u0101 \u0101du no noveco\u0161an\u0101s, atjauno aizsargbarjeru un atjauno. Kr\u0113ma novatoriskais sast\u0101vs aktiviz\u0113 kolag\u0113na un elast\u012bna sint\u0113zi \u0101das \u0161\u016bn\u0101s, ir atjaunojo\u0161a [&hellip;]<\/p>\n","protected":false},"featured_media":9095,"comment_status":"open","ping_status":"closed","template":"","meta":{"site-sidebar-layout":"default","site-content-layout":"","ast-site-content-layout":"default","site-content-style":"default","site-sidebar-style":"default","ast-global-header-display":"","ast-banner-title-visibility":"","ast-main-header-display":"","ast-hfb-above-header-display":"","ast-hfb-below-header-display":"","ast-hfb-mobile-header-display":"","site-post-title":"","ast-breadcrumbs-content":"","ast-featured-img":"","footer-sml-layout":"","theme-transparent-header-meta":"default","adv-header-id-meta":"","stick-header-meta":"","header-above-stick-meta":"","header-main-stick-meta":"","header-below-stick-meta":"","astra-migrate-meta-layouts":"set","ast-page-background-enabled":"default","ast-page-background-meta":{"desktop":{"background-color":"var(--ast-global-color-4)","background-image":"","background-repeat":"repeat","background-position":"center center","background-size":"auto","background-attachment":"scroll","background-type":"","background-media":"","overlay-type":"","overlay-color":"","overlay-opacity":"","overlay-gradient":""},"tablet":{"background-color":"","background-image":"","background-repeat":"repeat","background-position":"center center","background-size":"auto","background-attachment":"scroll","background-type":"","background-media":"","overlay-type":"","overlay-color":"","overlay-opacity":"","overlay-gradient":""},"mobile":{"background-color":"","background-image":"","background-repeat":"repeat","background-position":"center center","background-size":"auto","background-attachment":"scroll","background-type":"","background-media":"","overlay-type":"","overlay-color":"","overlay-opacity":"","overlay-gradient":""}},"ast-content-background-meta":{"desktop":{"background-color":"var(--ast-global-color-5)","background-image":"","background-repeat":"repeat","background-position":"center center","background-size":"auto","background-attachment":"scroll","background-type":"","background-media":"","overlay-type":"","overlay-color":"","overlay-opacity":"","overlay-gradient":""},"tablet":{"background-color":"var(--ast-global-color-5)","background-image":"","background-repeat":"repeat","background-position":"center center","background-size":"auto","background-attachment":"scroll","background-type":"","background-media":"","overlay-type":"","overlay-color":"","overlay-opacity":"","overlay-gradient":""},"mobile":{"background-color":"var(--ast-global-color-5)","background-image":"","background-repeat":"repeat","background-position":"center center","background-size":"auto","background-attachment":"scroll","background-type":"","background-media":"","overlay-type":"","overlay-color":"","overlay-opacity":"","overlay-gradient":""}}},"product_brand":[],"product_cat":[366,367,368,379,362],"product_tag":[],"berocket_brand":[583],"class_list":{"0":"post-9094","1":"product","2":"type-product","3":"status-publish","4":"has-post-thumbnail","6":"product_cat-mitrinoss","7":"product_cat-nomierinoss","8":"product_cat-pret-grumbam","9":"product_cat-sausai-adai-anti-age","10":"product_cat-sejas-krems","11":"berocket_brand-medi-peel","12":"desktop-align-left","13":"tablet-align-left","14":"mobile-align-left","16":"first","17":"outofstock","18":"taxable","19":"shipping-taxable","20":"purchasable","21":"product-type-simple","22":"add-to-wishlist-before_image"},"yoast_head":"<!-- This site is optimized with the Yoast SEO plugin v27.3 - https:\/\/yoast.com\/product\/yoast-seo-wordpress\/ -->\n<title>MEDI-PEEL Volume TOX Cream Peptide 9 50ml - FACECORNER<\/title>\n<meta name=\"robots\" content=\"index, follow, max-snippet:-1, max-image-preview:large, max-video-preview:-1\" \/>\n<link rel=\"canonical\" href=\"https:\/\/www.facecorner.lv\/en\/shop\/medi-peel-volume-tox-cream-peptide-9-50ml\/\" \/>\n<meta property=\"og:locale\" content=\"en_US\" \/>\n<meta property=\"og:type\" content=\"article\" \/>\n<meta property=\"og:title\" content=\"MEDI-PEEL Volume TOX Cream Peptide 9 50ml - FACECORNER\" \/>\n<meta property=\"og:description\" content=\"Pretnoveco\u0161anas kr\u0113ms ar pept\u012bdiem MEDI-PEEL Volume TOX Cream Peptide 9 uzlabo \u0101das tvirtumu un elast\u012bbu, izl\u012bdzina un samazina grumbu dzi\u013cumu, nostiprina sejas ov\u0101lu, izl\u012bdzina reljefu un uztur optim\u0101lu mitruma l\u012bmeni. Uzlabo visu \u0161\u016bnu sist\u0113mu darb\u012bbu, aizsarg\u0101 \u0101du no noveco\u0161an\u0101s, atjauno aizsargbarjeru un atjauno. Kr\u0113ma novatoriskais sast\u0101vs aktiviz\u0113 kolag\u0113na un elast\u012bna sint\u0113zi \u0101das \u0161\u016bn\u0101s, ir atjaunojo\u0161a [&hellip;]\" \/>\n<meta property=\"og:url\" content=\"https:\/\/www.facecorner.lv\/en\/shop\/medi-peel-volume-tox-cream-peptide-9-50ml\/\" \/>\n<meta property=\"og:site_name\" content=\"FACECORNER\" \/>\n<meta property=\"article:publisher\" content=\"https:\/\/www.facebook.com\/profile.php?id=100063824551839\" \/>\n<meta property=\"article:modified_time\" content=\"2025-11-13T13:18:29+00:00\" \/>\n<meta property=\"og:image\" content=\"https:\/\/www.facecorner.lv\/wp-content\/uploads\/2023\/03\/Medipeel-peptide-9-krem-dlya-lica.jpg.webp\" \/>\n\t<meta property=\"og:image:width\" content=\"1000\" \/>\n\t<meta property=\"og:image:height\" content=\"1000\" \/>\n\t<meta property=\"og:image:type\" content=\"image\/webp\" \/>\n<meta name=\"twitter:card\" content=\"summary_large_image\" \/>\n<meta name=\"twitter:label1\" content=\"Price\" \/>\n\t<meta name=\"twitter:data1\" content=\"&euro;28.00\" \/>\n\t<meta name=\"twitter:label2\" content=\"Availability\" \/>\n\t<meta name=\"twitter:data2\" content=\"Out of stock\" \/>\n<script type=\"application\/ld+json\" class=\"yoast-schema-graph\">{\"@context\":\"https:\\\/\\\/schema.org\",\"@graph\":[{\"@type\":\"WebPage\",\"@id\":\"https:\\\/\\\/www.facecorner.lv\\\/shop\\\/medi-peel-volume-tox-cream-peptide-9-50ml\\\/\",\"url\":\"https:\\\/\\\/www.facecorner.lv\\\/shop\\\/medi-peel-volume-tox-cream-peptide-9-50ml\\\/\",\"name\":\"MEDI-PEEL Volume TOX Cream Peptide 9 50ml - FACECORNER\",\"isPartOf\":{\"@id\":\"https:\\\/\\\/www.facecorner.lv\\\/#website\"},\"primaryImageOfPage\":{\"@id\":\"https:\\\/\\\/www.facecorner.lv\\\/shop\\\/medi-peel-volume-tox-cream-peptide-9-50ml\\\/#primaryimage\"},\"image\":{\"@id\":\"https:\\\/\\\/www.facecorner.lv\\\/shop\\\/medi-peel-volume-tox-cream-peptide-9-50ml\\\/#primaryimage\"},\"thumbnailUrl\":\"https:\\\/\\\/www.facecorner.lv\\\/wp-content\\\/uploads\\\/2023\\\/03\\\/Medipeel-peptide-9-krem-dlya-lica.jpg.webp\",\"datePublished\":\"2023-03-30T19:35:17+00:00\",\"dateModified\":\"2025-11-13T13:18:29+00:00\",\"breadcrumb\":{\"@id\":\"https:\\\/\\\/www.facecorner.lv\\\/shop\\\/medi-peel-volume-tox-cream-peptide-9-50ml\\\/#breadcrumb\"},\"inLanguage\":\"en-US\",\"potentialAction\":[{\"@type\":\"ReadAction\",\"target\":[\"https:\\\/\\\/www.facecorner.lv\\\/shop\\\/medi-peel-volume-tox-cream-peptide-9-50ml\\\/\"]}]},{\"@type\":\"ImageObject\",\"inLanguage\":\"en-US\",\"@id\":\"https:\\\/\\\/www.facecorner.lv\\\/shop\\\/medi-peel-volume-tox-cream-peptide-9-50ml\\\/#primaryimage\",\"url\":\"https:\\\/\\\/www.facecorner.lv\\\/wp-content\\\/uploads\\\/2023\\\/03\\\/Medipeel-peptide-9-krem-dlya-lica.jpg.webp\",\"contentUrl\":\"https:\\\/\\\/www.facecorner.lv\\\/wp-content\\\/uploads\\\/2023\\\/03\\\/Medipeel-peptide-9-krem-dlya-lica.jpg.webp\",\"width\":1000,\"height\":1000},{\"@type\":\"BreadcrumbList\",\"@id\":\"https:\\\/\\\/www.facecorner.lv\\\/shop\\\/medi-peel-volume-tox-cream-peptide-9-50ml\\\/#breadcrumb\",\"itemListElement\":[{\"@type\":\"ListItem\",\"position\":1,\"name\":\"Home\",\"item\":\"https:\\\/\\\/www.facecorner.lv\\\/\"},{\"@type\":\"ListItem\",\"position\":2,\"name\":\"Veikals\",\"item\":\"https:\\\/\\\/www.facecorner.lv\\\/shop\\\/\"},{\"@type\":\"ListItem\",\"position\":3,\"name\":\"MEDI-PEEL Volume TOX Cream Peptide 9 50ml\"}]},{\"@type\":\"WebSite\",\"@id\":\"https:\\\/\\\/www.facecorner.lv\\\/#website\",\"url\":\"https:\\\/\\\/www.facecorner.lv\\\/\",\"name\":\"Facecorner\",\"description\":\"\",\"publisher\":{\"@id\":\"https:\\\/\\\/www.facecorner.lv\\\/#organization\"},\"potentialAction\":[{\"@type\":\"SearchAction\",\"target\":{\"@type\":\"EntryPoint\",\"urlTemplate\":\"https:\\\/\\\/www.facecorner.lv\\\/?s={search_term_string}\"},\"query-input\":{\"@type\":\"PropertyValueSpecification\",\"valueRequired\":true,\"valueName\":\"search_term_string\"}}],\"inLanguage\":\"en-US\"},{\"@type\":\"Organization\",\"@id\":\"https:\\\/\\\/www.facecorner.lv\\\/#organization\",\"name\":\"Facecorner\",\"url\":\"https:\\\/\\\/www.facecorner.lv\\\/\",\"logo\":{\"@type\":\"ImageObject\",\"inLanguage\":\"en-US\",\"@id\":\"https:\\\/\\\/www.facecorner.lv\\\/#\\\/schema\\\/logo\\\/image\\\/\",\"url\":\"https:\\\/\\\/www.facecorner.lv\\\/wp-content\\\/uploads\\\/2024\\\/04\\\/fc-logo.jpg\",\"contentUrl\":\"https:\\\/\\\/www.facecorner.lv\\\/wp-content\\\/uploads\\\/2024\\\/04\\\/fc-logo.jpg\",\"width\":174,\"height\":28,\"caption\":\"Facecorner\"},\"image\":{\"@id\":\"https:\\\/\\\/www.facecorner.lv\\\/#\\\/schema\\\/logo\\\/image\\\/\"},\"sameAs\":[\"https:\\\/\\\/www.facebook.com\\\/profile.php?id=100063824551839\",\"https:\\\/\\\/www.instagram.com\\\/facecorner_shop\\\/\"]}]}<\/script>\n<meta property=\"product:price:amount\" content=\"28.00\" \/>\n<meta property=\"product:price:currency\" content=\"EUR\" \/>\n<meta property=\"og:availability\" content=\"out of stock\" \/>\n<meta property=\"product:availability\" content=\"out of stock\" \/>\n<meta property=\"product:condition\" content=\"new\" \/>\n<!-- \/ Yoast SEO plugin. -->","yoast_head_json":{"title":"MEDI-PEEL Volume TOX Cream Peptide 9 50ml - FACECORNER","robots":{"index":"index","follow":"follow","max-snippet":"max-snippet:-1","max-image-preview":"max-image-preview:large","max-video-preview":"max-video-preview:-1"},"canonical":"https:\/\/www.facecorner.lv\/en\/shop\/medi-peel-volume-tox-cream-peptide-9-50ml\/","og_locale":"en_US","og_type":"article","og_title":"MEDI-PEEL Volume TOX Cream Peptide 9 50ml - FACECORNER","og_description":"Pretnoveco\u0161anas kr\u0113ms ar pept\u012bdiem MEDI-PEEL Volume TOX Cream Peptide 9 uzlabo \u0101das tvirtumu un elast\u012bbu, izl\u012bdzina un samazina grumbu dzi\u013cumu, nostiprina sejas ov\u0101lu, izl\u012bdzina reljefu un uztur optim\u0101lu mitruma l\u012bmeni. Uzlabo visu \u0161\u016bnu sist\u0113mu darb\u012bbu, aizsarg\u0101 \u0101du no noveco\u0161an\u0101s, atjauno aizsargbarjeru un atjauno. Kr\u0113ma novatoriskais sast\u0101vs aktiviz\u0113 kolag\u0113na un elast\u012bna sint\u0113zi \u0101das \u0161\u016bn\u0101s, ir atjaunojo\u0161a [&hellip;]","og_url":"https:\/\/www.facecorner.lv\/en\/shop\/medi-peel-volume-tox-cream-peptide-9-50ml\/","og_site_name":"FACECORNER","article_publisher":"https:\/\/www.facebook.com\/profile.php?id=100063824551839","article_modified_time":"2025-11-13T13:18:29+00:00","og_image":[{"width":1000,"height":1000,"url":"https:\/\/www.facecorner.lv\/wp-content\/uploads\/2023\/03\/Medipeel-peptide-9-krem-dlya-lica.jpg.webp","type":"image\/webp"}],"twitter_card":"summary_large_image","twitter_misc":{"Price":"&euro;28.00","Availability":"Out of stock"},"schema":{"@context":"https:\/\/schema.org","@graph":[{"@type":"WebPage","@id":"https:\/\/www.facecorner.lv\/shop\/medi-peel-volume-tox-cream-peptide-9-50ml\/","url":"https:\/\/www.facecorner.lv\/shop\/medi-peel-volume-tox-cream-peptide-9-50ml\/","name":"MEDI-PEEL Volume TOX Cream Peptide 9 50ml - FACECORNER","isPartOf":{"@id":"https:\/\/www.facecorner.lv\/#website"},"primaryImageOfPage":{"@id":"https:\/\/www.facecorner.lv\/shop\/medi-peel-volume-tox-cream-peptide-9-50ml\/#primaryimage"},"image":{"@id":"https:\/\/www.facecorner.lv\/shop\/medi-peel-volume-tox-cream-peptide-9-50ml\/#primaryimage"},"thumbnailUrl":"https:\/\/www.facecorner.lv\/wp-content\/uploads\/2023\/03\/Medipeel-peptide-9-krem-dlya-lica.jpg.webp","datePublished":"2023-03-30T19:35:17+00:00","dateModified":"2025-11-13T13:18:29+00:00","breadcrumb":{"@id":"https:\/\/www.facecorner.lv\/shop\/medi-peel-volume-tox-cream-peptide-9-50ml\/#breadcrumb"},"inLanguage":"en-US","potentialAction":[{"@type":"ReadAction","target":["https:\/\/www.facecorner.lv\/shop\/medi-peel-volume-tox-cream-peptide-9-50ml\/"]}]},{"@type":"ImageObject","inLanguage":"en-US","@id":"https:\/\/www.facecorner.lv\/shop\/medi-peel-volume-tox-cream-peptide-9-50ml\/#primaryimage","url":"https:\/\/www.facecorner.lv\/wp-content\/uploads\/2023\/03\/Medipeel-peptide-9-krem-dlya-lica.jpg.webp","contentUrl":"https:\/\/www.facecorner.lv\/wp-content\/uploads\/2023\/03\/Medipeel-peptide-9-krem-dlya-lica.jpg.webp","width":1000,"height":1000},{"@type":"BreadcrumbList","@id":"https:\/\/www.facecorner.lv\/shop\/medi-peel-volume-tox-cream-peptide-9-50ml\/#breadcrumb","itemListElement":[{"@type":"ListItem","position":1,"name":"Home","item":"https:\/\/www.facecorner.lv\/"},{"@type":"ListItem","position":2,"name":"Veikals","item":"https:\/\/www.facecorner.lv\/shop\/"},{"@type":"ListItem","position":3,"name":"MEDI-PEEL Volume TOX Cream Peptide 9 50ml"}]},{"@type":"WebSite","@id":"https:\/\/www.facecorner.lv\/#website","url":"https:\/\/www.facecorner.lv\/","name":"Facecorner","description":"","publisher":{"@id":"https:\/\/www.facecorner.lv\/#organization"},"potentialAction":[{"@type":"SearchAction","target":{"@type":"EntryPoint","urlTemplate":"https:\/\/www.facecorner.lv\/?s={search_term_string}"},"query-input":{"@type":"PropertyValueSpecification","valueRequired":true,"valueName":"search_term_string"}}],"inLanguage":"en-US"},{"@type":"Organization","@id":"https:\/\/www.facecorner.lv\/#organization","name":"Facecorner","url":"https:\/\/www.facecorner.lv\/","logo":{"@type":"ImageObject","inLanguage":"en-US","@id":"https:\/\/www.facecorner.lv\/#\/schema\/logo\/image\/","url":"https:\/\/www.facecorner.lv\/wp-content\/uploads\/2024\/04\/fc-logo.jpg","contentUrl":"https:\/\/www.facecorner.lv\/wp-content\/uploads\/2024\/04\/fc-logo.jpg","width":174,"height":28,"caption":"Facecorner"},"image":{"@id":"https:\/\/www.facecorner.lv\/#\/schema\/logo\/image\/"},"sameAs":["https:\/\/www.facebook.com\/profile.php?id=100063824551839","https:\/\/www.instagram.com\/facecorner_shop\/"]}]},"product_price_amount":"28.00","product_price_currency":"EUR","og_availability":"out of stock","product_availability":"out of stock","product_condition":"new"},"_links":{"self":[{"href":"https:\/\/www.facecorner.lv\/en\/wp-json\/wp\/v2\/product\/9094","targetHints":{"allow":["GET"]}}],"collection":[{"href":"https:\/\/www.facecorner.lv\/en\/wp-json\/wp\/v2\/product"}],"about":[{"href":"https:\/\/www.facecorner.lv\/en\/wp-json\/wp\/v2\/types\/product"}],"replies":[{"embeddable":true,"href":"https:\/\/www.facecorner.lv\/en\/wp-json\/wp\/v2\/comments?post=9094"}],"wp:featuredmedia":[{"embeddable":true,"href":"https:\/\/www.facecorner.lv\/en\/wp-json\/wp\/v2\/media\/9095"}],"wp:attachment":[{"href":"https:\/\/www.facecorner.lv\/en\/wp-json\/wp\/v2\/media?parent=9094"}],"wp:term":[{"taxonomy":"product_brand","embeddable":true,"href":"https:\/\/www.facecorner.lv\/en\/wp-json\/wp\/v2\/product_brand?post=9094"},{"taxonomy":"product_cat","embeddable":true,"href":"https:\/\/www.facecorner.lv\/en\/wp-json\/wp\/v2\/product_cat?post=9094"},{"taxonomy":"product_tag","embeddable":true,"href":"https:\/\/www.facecorner.lv\/en\/wp-json\/wp\/v2\/product_tag?post=9094"},{"taxonomy":"berocket_brand","embeddable":true,"href":"https:\/\/www.facecorner.lv\/en\/wp-json\/wp\/v2\/berocket_brand?post=9094"}],"curies":[{"name":"wp","href":"https:\/\/api.w.org\/{rel}","templated":true}]}}