{"id":9090,"date":"2023-03-30T21:25:33","date_gmt":"2023-03-30T19:25:33","guid":{"rendered":"https:\/\/facecorner.shop\/?post_type=product&#038;p=9090"},"modified":"2026-02-03T01:22:37","modified_gmt":"2026-02-02T22:22:37","slug":"medi-peel-bor-tox-peptide-cream-50ml","status":"publish","type":"product","link":"https:\/\/www.facecorner.lv\/en\/shop\/medi-peel-bor-tox-peptide-cream-50ml\/","title":{"rendered":"Medi-Peel Bor-Tox Peptide Cream 50ml"},"content":{"rendered":"<p>Liftinga kr\u0113mam ar pept\u012bdu kompleksu Medi-Peel Bor-Tox Peptide Cream ir izteikta pretnoveco\u0161an\u0101s iedarb\u012bba: tas paaugstina \u0101das tvirtumu un elast\u012bbu, samazina grumbu dzi\u013cumu, padara sejas reljefu glud\u0101ku. Pal\u0113nina noveco\u0161an\u0101s procesu, saglab\u0101 tonusu, dzi\u013ci baro un mitrina.<\/p>\n<p>Kr\u0113mam ir botoksam l\u012bdz\u012bga iedarb\u012bba: tas pal\u012bdz atsl\u0101bin\u0101ties un mazin\u0101t spriedzi no sejas musku\u013ciem, nov\u0113r\u0161ot grumbu un \u0101das kroku par\u0101d\u012b\u0161anos. Nostiprina \u0101das turgoru, savelk sejas ov\u0101lu, izl\u012bdzina nasolabi\u0101l\u0101s krokas, marione\u0161u l\u012bnijas un v\u0101rnu k\u0101ji\u0146as. Padara \u0101du bl\u012bv\u0101ku, uzlabo \u0161\u016bnu sp\u0113ju saglab\u0101t mitrumu, nov\u0113r\u0161 dehidrat\u0101cijas un dehidrat\u0101cijas par\u0101d\u012b\u0161anos.<\/p>\n<p>Kr\u0113mam ir maiga kr\u0113mveida tekst\u016bra, tas uzreiz mitrina un nov\u0113r\u0161 sasprindzin\u0101jumu.<\/p>\n<p><strong>How to use:<\/strong> uzkl\u0101jiet nelielu daudzumu kr\u0113ma k\u0101 p\u0113d\u0113jo \u0101das kop\u0161anas soli.<\/p>\n<p><strong>Ingredientes:\u00a0<\/strong>Water, Dipropylene Glycol, Hydrogenated Polyisobutene, Butylene Glycol, Triethylhexanoin, Hydrolyzed Collagen, Cetearyl Alcohol, Butyrospermum Parkii (Shea) Butter, Caprylic\/Capric Triglyceride, Ethylhexyl Palmitate, 1,2-Hexanediol, Arachidyl Alcohol, Glycerin, Allantoin, Panthenol, Trehalose, Hydrolyzed Elastin, Leontopodium Alpinum Callus Culture Extract, Saccharomyces Ferment Filtrate, Bifida Ferment Filtrate, Lactobacillus\/Pumpkin Ferment Extract, Lactobacillus\/Soybean Ferment Extract, Lactobacillus\/Punica Granatum Fruit Ferment Extract, Lactobacillus\/Wasabia Japonica Root Ferment Extract, Saccharomyces\/Grape Ferment Extract, Lavandula Angustifolia (Lavender) Flower Extract, Origanum Vulgare Extract, Rosmarinus Officinalis (Rosemary) Leaf Extract, Thymus Vulgaris (Thyme) Flower\/Leaf\/Stem Extract, Jania Rubens Extract, Biosaccharide Gum-1, Squalane, Macadamia Ternifolia Seed Oil, Simmondsia Chinensis (Jojoba) Seed Oil, Adenosine, Anemarrhena Asphodeloides Root Extract, Ceramide NP, Ceramide N.S, Ceramide AP, Ceramide AS, Ceramide EOP, Trifluoropropyl Dimethicone, Sodium Polyacrylate, Hydraxyethyl Acrylate\/Sodium Acryloyldimethyl Taurate Copolymer, Hydroxypropyl Guar, Hydroxyethycellulose, Malt Extract, Cholesterol, Phytosphingosine, Polyglyceryl-3 Distearate, Behenyl Alcohol, Arachidyl Glucoside, Tocopherol, Glyceryl Stearate Gitrate, Hydrogenated Lecithin, Sodium Hyaluronate, Buteth- 3, Stearic Acid, Sodium Benzotriazolyl Butylphenol Sulfonate, Sorbitan Isostearate, Tributyl Gitrate, Acetyl Hexapeptide-8, Copper Tripeptide-1, Oligopeptide-29, Oligopeptide-32, Palmitoyl Pentapeptide-4, Ethylhexylglycerin, Disodium EDTA, Polysorbate 60, Fragrance<\/p>","protected":false},"excerpt":{"rendered":"<p>Liftinga kr\u0113mam ar pept\u012bdu kompleksu Medi-Peel Bor-Tox Peptide Cream ir izteikta pretnoveco\u0161an\u0101s iedarb\u012bba: tas paaugstina \u0101das tvirtumu un elast\u012bbu, samazina grumbu dzi\u013cumu, padara sejas reljefu glud\u0101ku. Pal\u0113nina noveco\u0161an\u0101s procesu, saglab\u0101 tonusu, dzi\u013ci baro un mitrina. Kr\u0113mam ir botoksam l\u012bdz\u012bga iedarb\u012bba: tas pal\u012bdz atsl\u0101bin\u0101ties un mazin\u0101t spriedzi no sejas musku\u013ciem, nov\u0113r\u0161ot grumbu un \u0101das kroku par\u0101d\u012b\u0161anos. [&hellip;]<\/p>\n","protected":false},"featured_media":9091,"comment_status":"open","ping_status":"closed","template":"","meta":{"site-sidebar-layout":"default","site-content-layout":"","ast-site-content-layout":"","site-content-style":"default","site-sidebar-style":"default","ast-global-header-display":"","ast-banner-title-visibility":"","ast-main-header-display":"","ast-hfb-above-header-display":"","ast-hfb-below-header-display":"","ast-hfb-mobile-header-display":"","site-post-title":"","ast-breadcrumbs-content":"","ast-featured-img":"","footer-sml-layout":"","theme-transparent-header-meta":"","adv-header-id-meta":"","stick-header-meta":"","header-above-stick-meta":"","header-main-stick-meta":"","header-below-stick-meta":"","astra-migrate-meta-layouts":"default","ast-page-background-enabled":"default","ast-page-background-meta":{"desktop":{"background-color":"var(--ast-global-color-4)","background-image":"","background-repeat":"repeat","background-position":"center center","background-size":"auto","background-attachment":"scroll","background-type":"","background-media":"","overlay-type":"","overlay-color":"","overlay-opacity":"","overlay-gradient":""},"tablet":{"background-color":"","background-image":"","background-repeat":"repeat","background-position":"center center","background-size":"auto","background-attachment":"scroll","background-type":"","background-media":"","overlay-type":"","overlay-color":"","overlay-opacity":"","overlay-gradient":""},"mobile":{"background-color":"","background-image":"","background-repeat":"repeat","background-position":"center center","background-size":"auto","background-attachment":"scroll","background-type":"","background-media":"","overlay-type":"","overlay-color":"","overlay-opacity":"","overlay-gradient":""}},"ast-content-background-meta":{"desktop":{"background-color":"var(--ast-global-color-5)","background-image":"","background-repeat":"repeat","background-position":"center center","background-size":"auto","background-attachment":"scroll","background-type":"","background-media":"","overlay-type":"","overlay-color":"","overlay-opacity":"","overlay-gradient":""},"tablet":{"background-color":"var(--ast-global-color-5)","background-image":"","background-repeat":"repeat","background-position":"center center","background-size":"auto","background-attachment":"scroll","background-type":"","background-media":"","overlay-type":"","overlay-color":"","overlay-opacity":"","overlay-gradient":""},"mobile":{"background-color":"var(--ast-global-color-5)","background-image":"","background-repeat":"repeat","background-position":"center center","background-size":"auto","background-attachment":"scroll","background-type":"","background-media":"","overlay-type":"","overlay-color":"","overlay-opacity":"","overlay-gradient":""}}},"product_brand":[],"product_cat":[365,368,379,362],"product_tag":[],"berocket_brand":[583],"class_list":{"0":"post-9090","1":"product","2":"type-product","3":"status-publish","4":"has-post-thumbnail","6":"product_cat-barojoss","7":"product_cat-pret-grumbam","8":"product_cat-sausai-adai-anti-age","9":"product_cat-sejas-krems","10":"berocket_brand-medi-peel","11":"desktop-align-left","12":"tablet-align-left","13":"mobile-align-left","15":"first","16":"outofstock","17":"sale","18":"taxable","19":"shipping-taxable","20":"purchasable","21":"product-type-simple","22":"add-to-wishlist-before_image"},"yoast_head":"<!-- This site is optimized with the Yoast SEO plugin v27.4 - https:\/\/yoast.com\/product\/yoast-seo-wordpress\/ -->\n<title>Medi-Peel Bor-Tox Peptide Cream 50ml - FACECORNER<\/title>\n<meta name=\"robots\" content=\"index, follow, max-snippet:-1, max-image-preview:large, max-video-preview:-1\" \/>\n<link rel=\"canonical\" href=\"https:\/\/www.facecorner.lv\/en\/shop\/medi-peel-bor-tox-peptide-cream-50ml\/\" \/>\n<meta property=\"og:locale\" content=\"en_US\" \/>\n<meta property=\"og:type\" content=\"article\" \/>\n<meta property=\"og:title\" content=\"Medi-Peel Bor-Tox Peptide Cream 50ml - FACECORNER\" \/>\n<meta property=\"og:description\" content=\"Liftinga kr\u0113mam ar pept\u012bdu kompleksu Medi-Peel Bor-Tox Peptide Cream ir izteikta pretnoveco\u0161an\u0101s iedarb\u012bba: tas paaugstina \u0101das tvirtumu un elast\u012bbu, samazina grumbu dzi\u013cumu, padara sejas reljefu glud\u0101ku. Pal\u0113nina noveco\u0161an\u0101s procesu, saglab\u0101 tonusu, dzi\u013ci baro un mitrina. Kr\u0113mam ir botoksam l\u012bdz\u012bga iedarb\u012bba: tas pal\u012bdz atsl\u0101bin\u0101ties un mazin\u0101t spriedzi no sejas musku\u013ciem, nov\u0113r\u0161ot grumbu un \u0101das kroku par\u0101d\u012b\u0161anos. [&hellip;]\" \/>\n<meta property=\"og:url\" content=\"https:\/\/www.facecorner.lv\/en\/shop\/medi-peel-bor-tox-peptide-cream-50ml\/\" \/>\n<meta property=\"og:site_name\" content=\"FACECORNER\" \/>\n<meta property=\"article:publisher\" content=\"https:\/\/www.facebook.com\/profile.php?id=100063824551839\" \/>\n<meta property=\"article:modified_time\" content=\"2026-02-02T22:22:37+00:00\" \/>\n<meta property=\"og:image\" content=\"https:\/\/www.facecorner.lv\/wp-content\/uploads\/2023\/03\/41ac04e1db10c879021839f05f550a7c.jpg\" \/>\n\t<meta property=\"og:image:width\" content=\"1000\" \/>\n\t<meta property=\"og:image:height\" content=\"1000\" \/>\n\t<meta property=\"og:image:type\" content=\"image\/jpeg\" \/>\n<meta name=\"twitter:card\" content=\"summary_large_image\" \/>\n<meta name=\"twitter:label1\" content=\"Price\" \/>\n\t<meta name=\"twitter:data1\" content=\"&euro;25.60\" \/>\n\t<meta name=\"twitter:label2\" content=\"Availability\" \/>\n\t<meta name=\"twitter:data2\" content=\"Out of stock\" \/>\n<script type=\"application\/ld+json\" class=\"yoast-schema-graph\">{\"@context\":\"https:\\\/\\\/schema.org\",\"@graph\":[{\"@type\":\"WebPage\",\"@id\":\"https:\\\/\\\/www.facecorner.lv\\\/shop\\\/medi-peel-bor-tox-peptide-cream-50ml\\\/\",\"url\":\"https:\\\/\\\/www.facecorner.lv\\\/shop\\\/medi-peel-bor-tox-peptide-cream-50ml\\\/\",\"name\":\"Medi-Peel Bor-Tox Peptide Cream 50ml - FACECORNER\",\"isPartOf\":{\"@id\":\"https:\\\/\\\/www.facecorner.lv\\\/#website\"},\"primaryImageOfPage\":{\"@id\":\"https:\\\/\\\/www.facecorner.lv\\\/shop\\\/medi-peel-bor-tox-peptide-cream-50ml\\\/#primaryimage\"},\"image\":{\"@id\":\"https:\\\/\\\/www.facecorner.lv\\\/shop\\\/medi-peel-bor-tox-peptide-cream-50ml\\\/#primaryimage\"},\"thumbnailUrl\":\"https:\\\/\\\/www.facecorner.lv\\\/wp-content\\\/uploads\\\/2023\\\/03\\\/41ac04e1db10c879021839f05f550a7c.jpg\",\"datePublished\":\"2023-03-30T19:25:33+00:00\",\"dateModified\":\"2026-02-02T22:22:37+00:00\",\"breadcrumb\":{\"@id\":\"https:\\\/\\\/www.facecorner.lv\\\/shop\\\/medi-peel-bor-tox-peptide-cream-50ml\\\/#breadcrumb\"},\"inLanguage\":\"en-US\",\"potentialAction\":[{\"@type\":\"ReadAction\",\"target\":[\"https:\\\/\\\/www.facecorner.lv\\\/shop\\\/medi-peel-bor-tox-peptide-cream-50ml\\\/\"]}]},{\"@type\":\"ImageObject\",\"inLanguage\":\"en-US\",\"@id\":\"https:\\\/\\\/www.facecorner.lv\\\/shop\\\/medi-peel-bor-tox-peptide-cream-50ml\\\/#primaryimage\",\"url\":\"https:\\\/\\\/www.facecorner.lv\\\/wp-content\\\/uploads\\\/2023\\\/03\\\/41ac04e1db10c879021839f05f550a7c.jpg\",\"contentUrl\":\"https:\\\/\\\/www.facecorner.lv\\\/wp-content\\\/uploads\\\/2023\\\/03\\\/41ac04e1db10c879021839f05f550a7c.jpg\",\"width\":1000,\"height\":1000},{\"@type\":\"BreadcrumbList\",\"@id\":\"https:\\\/\\\/www.facecorner.lv\\\/shop\\\/medi-peel-bor-tox-peptide-cream-50ml\\\/#breadcrumb\",\"itemListElement\":[{\"@type\":\"ListItem\",\"position\":1,\"name\":\"Home\",\"item\":\"https:\\\/\\\/www.facecorner.lv\\\/\"},{\"@type\":\"ListItem\",\"position\":2,\"name\":\"Veikals\",\"item\":\"https:\\\/\\\/www.facecorner.lv\\\/shop\\\/\"},{\"@type\":\"ListItem\",\"position\":3,\"name\":\"Medi-Peel Bor-Tox Peptide Cream 50ml\"}]},{\"@type\":\"WebSite\",\"@id\":\"https:\\\/\\\/www.facecorner.lv\\\/#website\",\"url\":\"https:\\\/\\\/www.facecorner.lv\\\/\",\"name\":\"Facecorner\",\"description\":\"\",\"publisher\":{\"@id\":\"https:\\\/\\\/www.facecorner.lv\\\/#organization\"},\"potentialAction\":[{\"@type\":\"SearchAction\",\"target\":{\"@type\":\"EntryPoint\",\"urlTemplate\":\"https:\\\/\\\/www.facecorner.lv\\\/?s={search_term_string}\"},\"query-input\":{\"@type\":\"PropertyValueSpecification\",\"valueRequired\":true,\"valueName\":\"search_term_string\"}}],\"inLanguage\":\"en-US\"},{\"@type\":\"Organization\",\"@id\":\"https:\\\/\\\/www.facecorner.lv\\\/#organization\",\"name\":\"Facecorner\",\"url\":\"https:\\\/\\\/www.facecorner.lv\\\/\",\"logo\":{\"@type\":\"ImageObject\",\"inLanguage\":\"en-US\",\"@id\":\"https:\\\/\\\/www.facecorner.lv\\\/#\\\/schema\\\/logo\\\/image\\\/\",\"url\":\"https:\\\/\\\/www.facecorner.lv\\\/wp-content\\\/uploads\\\/2024\\\/04\\\/fc-logo.jpg\",\"contentUrl\":\"https:\\\/\\\/www.facecorner.lv\\\/wp-content\\\/uploads\\\/2024\\\/04\\\/fc-logo.jpg\",\"width\":174,\"height\":28,\"caption\":\"Facecorner\"},\"image\":{\"@id\":\"https:\\\/\\\/www.facecorner.lv\\\/#\\\/schema\\\/logo\\\/image\\\/\"},\"sameAs\":[\"https:\\\/\\\/www.facebook.com\\\/profile.php?id=100063824551839\",\"https:\\\/\\\/www.instagram.com\\\/facecorner_shop\\\/\"]}]}<\/script>\n<meta property=\"product:price:amount\" content=\"25.60\" \/>\n<meta property=\"product:price:currency\" content=\"EUR\" \/>\n<meta property=\"og:availability\" content=\"out of stock\" \/>\n<meta property=\"product:availability\" content=\"out of stock\" \/>\n<meta property=\"product:condition\" content=\"new\" \/>\n<!-- \/ Yoast SEO plugin. -->","yoast_head_json":{"title":"Medi-Peel Bor-Tox Peptide Cream 50ml - FACECORNER","robots":{"index":"index","follow":"follow","max-snippet":"max-snippet:-1","max-image-preview":"max-image-preview:large","max-video-preview":"max-video-preview:-1"},"canonical":"https:\/\/www.facecorner.lv\/en\/shop\/medi-peel-bor-tox-peptide-cream-50ml\/","og_locale":"en_US","og_type":"article","og_title":"Medi-Peel Bor-Tox Peptide Cream 50ml - FACECORNER","og_description":"Liftinga kr\u0113mam ar pept\u012bdu kompleksu Medi-Peel Bor-Tox Peptide Cream ir izteikta pretnoveco\u0161an\u0101s iedarb\u012bba: tas paaugstina \u0101das tvirtumu un elast\u012bbu, samazina grumbu dzi\u013cumu, padara sejas reljefu glud\u0101ku. Pal\u0113nina noveco\u0161an\u0101s procesu, saglab\u0101 tonusu, dzi\u013ci baro un mitrina. Kr\u0113mam ir botoksam l\u012bdz\u012bga iedarb\u012bba: tas pal\u012bdz atsl\u0101bin\u0101ties un mazin\u0101t spriedzi no sejas musku\u013ciem, nov\u0113r\u0161ot grumbu un \u0101das kroku par\u0101d\u012b\u0161anos. [&hellip;]","og_url":"https:\/\/www.facecorner.lv\/en\/shop\/medi-peel-bor-tox-peptide-cream-50ml\/","og_site_name":"FACECORNER","article_publisher":"https:\/\/www.facebook.com\/profile.php?id=100063824551839","article_modified_time":"2026-02-02T22:22:37+00:00","og_image":[{"width":1000,"height":1000,"url":"https:\/\/www.facecorner.lv\/wp-content\/uploads\/2023\/03\/41ac04e1db10c879021839f05f550a7c.jpg","type":"image\/jpeg"}],"twitter_card":"summary_large_image","twitter_misc":{"Price":"&euro;25.60","Availability":"Out of stock"},"schema":{"@context":"https:\/\/schema.org","@graph":[{"@type":"WebPage","@id":"https:\/\/www.facecorner.lv\/shop\/medi-peel-bor-tox-peptide-cream-50ml\/","url":"https:\/\/www.facecorner.lv\/shop\/medi-peel-bor-tox-peptide-cream-50ml\/","name":"Medi-Peel Bor-Tox Peptide Cream 50ml - FACECORNER","isPartOf":{"@id":"https:\/\/www.facecorner.lv\/#website"},"primaryImageOfPage":{"@id":"https:\/\/www.facecorner.lv\/shop\/medi-peel-bor-tox-peptide-cream-50ml\/#primaryimage"},"image":{"@id":"https:\/\/www.facecorner.lv\/shop\/medi-peel-bor-tox-peptide-cream-50ml\/#primaryimage"},"thumbnailUrl":"https:\/\/www.facecorner.lv\/wp-content\/uploads\/2023\/03\/41ac04e1db10c879021839f05f550a7c.jpg","datePublished":"2023-03-30T19:25:33+00:00","dateModified":"2026-02-02T22:22:37+00:00","breadcrumb":{"@id":"https:\/\/www.facecorner.lv\/shop\/medi-peel-bor-tox-peptide-cream-50ml\/#breadcrumb"},"inLanguage":"en-US","potentialAction":[{"@type":"ReadAction","target":["https:\/\/www.facecorner.lv\/shop\/medi-peel-bor-tox-peptide-cream-50ml\/"]}]},{"@type":"ImageObject","inLanguage":"en-US","@id":"https:\/\/www.facecorner.lv\/shop\/medi-peel-bor-tox-peptide-cream-50ml\/#primaryimage","url":"https:\/\/www.facecorner.lv\/wp-content\/uploads\/2023\/03\/41ac04e1db10c879021839f05f550a7c.jpg","contentUrl":"https:\/\/www.facecorner.lv\/wp-content\/uploads\/2023\/03\/41ac04e1db10c879021839f05f550a7c.jpg","width":1000,"height":1000},{"@type":"BreadcrumbList","@id":"https:\/\/www.facecorner.lv\/shop\/medi-peel-bor-tox-peptide-cream-50ml\/#breadcrumb","itemListElement":[{"@type":"ListItem","position":1,"name":"Home","item":"https:\/\/www.facecorner.lv\/"},{"@type":"ListItem","position":2,"name":"Veikals","item":"https:\/\/www.facecorner.lv\/shop\/"},{"@type":"ListItem","position":3,"name":"Medi-Peel Bor-Tox Peptide Cream 50ml"}]},{"@type":"WebSite","@id":"https:\/\/www.facecorner.lv\/#website","url":"https:\/\/www.facecorner.lv\/","name":"Facecorner","description":"","publisher":{"@id":"https:\/\/www.facecorner.lv\/#organization"},"potentialAction":[{"@type":"SearchAction","target":{"@type":"EntryPoint","urlTemplate":"https:\/\/www.facecorner.lv\/?s={search_term_string}"},"query-input":{"@type":"PropertyValueSpecification","valueRequired":true,"valueName":"search_term_string"}}],"inLanguage":"en-US"},{"@type":"Organization","@id":"https:\/\/www.facecorner.lv\/#organization","name":"Facecorner","url":"https:\/\/www.facecorner.lv\/","logo":{"@type":"ImageObject","inLanguage":"en-US","@id":"https:\/\/www.facecorner.lv\/#\/schema\/logo\/image\/","url":"https:\/\/www.facecorner.lv\/wp-content\/uploads\/2024\/04\/fc-logo.jpg","contentUrl":"https:\/\/www.facecorner.lv\/wp-content\/uploads\/2024\/04\/fc-logo.jpg","width":174,"height":28,"caption":"Facecorner"},"image":{"@id":"https:\/\/www.facecorner.lv\/#\/schema\/logo\/image\/"},"sameAs":["https:\/\/www.facebook.com\/profile.php?id=100063824551839","https:\/\/www.instagram.com\/facecorner_shop\/"]}]},"product_price_amount":"25.60","product_price_currency":"EUR","og_availability":"out of stock","product_availability":"out of stock","product_condition":"new"},"_links":{"self":[{"href":"https:\/\/www.facecorner.lv\/en\/wp-json\/wp\/v2\/product\/9090","targetHints":{"allow":["GET"]}}],"collection":[{"href":"https:\/\/www.facecorner.lv\/en\/wp-json\/wp\/v2\/product"}],"about":[{"href":"https:\/\/www.facecorner.lv\/en\/wp-json\/wp\/v2\/types\/product"}],"replies":[{"embeddable":true,"href":"https:\/\/www.facecorner.lv\/en\/wp-json\/wp\/v2\/comments?post=9090"}],"wp:featuredmedia":[{"embeddable":true,"href":"https:\/\/www.facecorner.lv\/en\/wp-json\/wp\/v2\/media\/9091"}],"wp:attachment":[{"href":"https:\/\/www.facecorner.lv\/en\/wp-json\/wp\/v2\/media?parent=9090"}],"wp:term":[{"taxonomy":"product_brand","embeddable":true,"href":"https:\/\/www.facecorner.lv\/en\/wp-json\/wp\/v2\/product_brand?post=9090"},{"taxonomy":"product_cat","embeddable":true,"href":"https:\/\/www.facecorner.lv\/en\/wp-json\/wp\/v2\/product_cat?post=9090"},{"taxonomy":"product_tag","embeddable":true,"href":"https:\/\/www.facecorner.lv\/en\/wp-json\/wp\/v2\/product_tag?post=9090"},{"taxonomy":"berocket_brand","embeddable":true,"href":"https:\/\/www.facecorner.lv\/en\/wp-json\/wp\/v2\/berocket_brand?post=9090"}],"curies":[{"name":"wp","href":"https:\/\/api.w.org\/{rel}","templated":true}]}}