{"id":9083,"date":"2023-03-30T21:14:30","date_gmt":"2023-03-30T19:14:30","guid":{"rendered":"https:\/\/facecorner.shop\/?post_type=product&#038;p=9083"},"modified":"2025-11-11T22:52:05","modified_gmt":"2025-11-11T19:52:05","slug":"medi-peel-bor-tox-peptide-ampoule-30ml","status":"publish","type":"product","link":"https:\/\/www.facecorner.lv\/en\/shop\/medi-peel-bor-tox-peptide-ampoule-30ml\/","title":{"rendered":"Medi-Peel Bor-Tox Peptide Ampoule 30ml"},"content":{"rendered":"<p>Liftinga ampula ar pept\u012bdu kompleksu Medi-Peel Bor-Tox Peptide Ampoule sniedz Botox efektu, izl\u012bdzina grumbas un samazina to dzi\u013cumu, savelk un nostiprina sejas ov\u0101lu, pal\u0113nina noveco\u0161an\u0101s procesus.<\/p>\n<p>Instruments normaliz\u0113 \u016bdens-tauku l\u012bdzsvaru, uztur optim\u0101lu mitruma l\u012bmeni epidermas \u0161\u016bn\u0101s, nov\u0113r\u0161 sausumu un lob\u012b\u0161anos.<\/p>\n<p>Augsti koncentr\u0113ta ampula ir paredz\u0113ta, lai samazin\u0101tu grumbu dzi\u013cumu un smagumu, palielin\u0101tu \u0101das tvirtumu un elast\u012bbu, izl\u012bdzin\u0101tu krokas, stiprin\u0101tu un pievilktu sejas ov\u0101lu. Tas pal\u012bdz gan c\u012b\u0146\u0101 pret eso\u0161aj\u0101m grumb\u0101m, gan nov\u0113r\u0161 jaunu ra\u0161anos. Izl\u012bdzina m\u012bmisk\u0101s grumbas, samazina grumbu dzi\u013cumu nasolabi\u0101laj\u0101s krok\u0101s, zon\u0101 starp uzac\u012bm un zem ac\u012bm. Nov\u0113r\u0161 grumbu par\u0101d\u012b\u0161anos un pal\u0113nina noveco\u0161an\u0101s procesus, savelk sejas ov\u0101lu, uzlabo \u0101das elast\u012bbu un tvirtumu.<\/p>\n<p><strong>How to use:<\/strong> uzkl\u0101jiet nelielu daudzumu ampulas uz problem\u0101tiskaj\u0101m zon\u0101m un ar viegl\u0101m mas\u0101\u017eas kust\u012bb\u0101m \u013caujiet produktam ies\u016bkties. Ampulas lieto\u0161anas kurss ir paredz\u0113ts 4 ned\u0113\u013c\u0101m. Kosm\u0113tika ar pept\u012bdiem nav ieteicama lieto\u0161anai gr\u016btniec\u012bbas un z\u012bd\u012b\u0161anas laik\u0101.<\/p>\n<p><strong>Ingredientes:<\/strong>Water, Butylene Glycol, Hydrogenated Polyisobutene, 1,2-Hexanediol, Hydrolyzed Collagen, Polyacrylamide, Lactobacillus\/Pumpkin Ferment Extract, Lactobacillus\/Soybean Ferment Extract, C13-14 Isoparaffin, Polysorbate 20, Arginine, Lactobacillus\/Punica Granatum Fruit Ferment Extract, Lactobacillus\/Wasabia Japonica Root Ferment Extract, Sodium Hyaluronate, Ethylhexylglycerin, Saccharomyces\/Grape Ferment Extract, Carbomer, Allantoin, Acrylates\/C10-30 Alkyl Acrylate Crosspolymer, Saccharomyces Ferment Filtrate, Laureth-7, Bifida Ferment Lysate, Disodium EDTA, Adenosine, Leontopodium Alpinum Callus Culture Extract, Fragrance, Hydrolyzed Elastin, Gardenia Florida Fruit Extract, Anemarrhena Asphodeloides Root Extract, Inonotus Obliquus Extract, Elaeis Guineensis Oil, Copper Tripeptide-1, Acetyl Hexapeptide-8, Oligopeptide-32, Oligopeptide-29, Palmitoyl Pentapeptide-4<\/p>","protected":false},"excerpt":{"rendered":"<p>Liftinga ampula ar pept\u012bdu kompleksu Medi-Peel Bor-Tox Peptide Ampoule sniedz Botox efektu, izl\u012bdzina grumbas un samazina to dzi\u013cumu, savelk un nostiprina sejas ov\u0101lu, pal\u0113nina noveco\u0161an\u0101s procesus. Instruments normaliz\u0113 \u016bdens-tauku l\u012bdzsvaru, uztur optim\u0101lu mitruma l\u012bmeni epidermas \u0161\u016bn\u0101s, nov\u0113r\u0161 sausumu un lob\u012b\u0161anos. Augsti koncentr\u0113ta ampula ir paredz\u0113ta, lai samazin\u0101tu grumbu dzi\u013cumu un smagumu, palielin\u0101tu \u0101das tvirtumu un [&hellip;]<\/p>\n","protected":false},"featured_media":9084,"comment_status":"open","ping_status":"closed","template":"","meta":{"site-sidebar-layout":"default","site-content-layout":"","ast-site-content-layout":"","site-content-style":"default","site-sidebar-style":"default","ast-global-header-display":"","ast-banner-title-visibility":"","ast-main-header-display":"","ast-hfb-above-header-display":"","ast-hfb-below-header-display":"","ast-hfb-mobile-header-display":"","site-post-title":"","ast-breadcrumbs-content":"","ast-featured-img":"","footer-sml-layout":"","theme-transparent-header-meta":"","adv-header-id-meta":"","stick-header-meta":"","header-above-stick-meta":"","header-main-stick-meta":"","header-below-stick-meta":"","astra-migrate-meta-layouts":"default","ast-page-background-enabled":"default","ast-page-background-meta":{"desktop":{"background-color":"var(--ast-global-color-4)","background-image":"","background-repeat":"repeat","background-position":"center center","background-size":"auto","background-attachment":"scroll","background-type":"","background-media":"","overlay-type":"","overlay-color":"","overlay-opacity":"","overlay-gradient":""},"tablet":{"background-color":"","background-image":"","background-repeat":"repeat","background-position":"center center","background-size":"auto","background-attachment":"scroll","background-type":"","background-media":"","overlay-type":"","overlay-color":"","overlay-opacity":"","overlay-gradient":""},"mobile":{"background-color":"","background-image":"","background-repeat":"repeat","background-position":"center center","background-size":"auto","background-attachment":"scroll","background-type":"","background-media":"","overlay-type":"","overlay-color":"","overlay-opacity":"","overlay-gradient":""}},"ast-content-background-meta":{"desktop":{"background-color":"var(--ast-global-color-5)","background-image":"","background-repeat":"repeat","background-position":"center center","background-size":"auto","background-attachment":"scroll","background-type":"","background-media":"","overlay-type":"","overlay-color":"","overlay-opacity":"","overlay-gradient":""},"tablet":{"background-color":"var(--ast-global-color-5)","background-image":"","background-repeat":"repeat","background-position":"center center","background-size":"auto","background-attachment":"scroll","background-type":"","background-media":"","overlay-type":"","overlay-color":"","overlay-opacity":"","overlay-gradient":""},"mobile":{"background-color":"var(--ast-global-color-5)","background-image":"","background-repeat":"repeat","background-position":"center center","background-size":"auto","background-attachment":"scroll","background-type":"","background-media":"","overlay-type":"","overlay-color":"","overlay-opacity":"","overlay-gradient":""}}},"product_brand":[],"product_cat":[370,371,363],"product_tag":[],"berocket_brand":[583],"class_list":{"0":"post-9083","1":"product","2":"type-product","3":"status-publish","4":"has-post-thumbnail","6":"product_cat-adas-mirdzumam","7":"product_cat-anti-age","8":"product_cat-serumi","9":"berocket_brand-medi-peel","10":"desktop-align-left","11":"tablet-align-left","12":"mobile-align-left","14":"first","15":"instock","16":"taxable","17":"shipping-taxable","18":"purchasable","19":"product-type-simple","20":"add-to-wishlist-before_image"},"yoast_head":"<!-- This site is optimized with the Yoast SEO plugin v27.4 - https:\/\/yoast.com\/product\/yoast-seo-wordpress\/ -->\n<title>Medi-Peel Bor-Tox Peptide Ampoule 30ml - FACECORNER<\/title>\n<meta name=\"robots\" content=\"index, follow, max-snippet:-1, max-image-preview:large, max-video-preview:-1\" \/>\n<link rel=\"canonical\" href=\"https:\/\/www.facecorner.lv\/en\/shop\/medi-peel-bor-tox-peptide-ampoule-30ml\/\" \/>\n<meta property=\"og:locale\" content=\"en_US\" \/>\n<meta property=\"og:type\" content=\"article\" \/>\n<meta property=\"og:title\" content=\"Medi-Peel Bor-Tox Peptide Ampoule 30ml - FACECORNER\" \/>\n<meta property=\"og:description\" content=\"Liftinga ampula ar pept\u012bdu kompleksu Medi-Peel Bor-Tox Peptide Ampoule sniedz Botox efektu, izl\u012bdzina grumbas un samazina to dzi\u013cumu, savelk un nostiprina sejas ov\u0101lu, pal\u0113nina noveco\u0161an\u0101s procesus. Instruments normaliz\u0113 \u016bdens-tauku l\u012bdzsvaru, uztur optim\u0101lu mitruma l\u012bmeni epidermas \u0161\u016bn\u0101s, nov\u0113r\u0161 sausumu un lob\u012b\u0161anos. Augsti koncentr\u0113ta ampula ir paredz\u0113ta, lai samazin\u0101tu grumbu dzi\u013cumu un smagumu, palielin\u0101tu \u0101das tvirtumu un [&hellip;]\" \/>\n<meta property=\"og:url\" content=\"https:\/\/www.facecorner.lv\/en\/shop\/medi-peel-bor-tox-peptide-ampoule-30ml\/\" \/>\n<meta property=\"og:site_name\" content=\"FACECORNER\" \/>\n<meta property=\"article:publisher\" content=\"https:\/\/www.facebook.com\/profile.php?id=100063824551839\" \/>\n<meta property=\"article:modified_time\" content=\"2025-11-11T19:52:05+00:00\" \/>\n<meta property=\"og:image\" content=\"https:\/\/www.facecorner.lv\/wp-content\/uploads\/2023\/03\/Medi_Peel-Bor_Tox-Peptide-Ampoule.png\" \/>\n\t<meta property=\"og:image:width\" content=\"1000\" \/>\n\t<meta property=\"og:image:height\" content=\"1000\" \/>\n\t<meta property=\"og:image:type\" content=\"image\/png\" \/>\n<meta name=\"twitter:card\" content=\"summary_large_image\" \/>\n<meta name=\"twitter:label1\" content=\"Price\" \/>\n\t<meta name=\"twitter:data1\" content=\"&euro;30.25\" \/>\n\t<meta name=\"twitter:label2\" content=\"Availability\" \/>\n\t<meta name=\"twitter:data2\" content=\"In stock\" \/>\n<script type=\"application\/ld+json\" class=\"yoast-schema-graph\">{\"@context\":\"https:\\\/\\\/schema.org\",\"@graph\":[{\"@type\":\"WebPage\",\"@id\":\"https:\\\/\\\/www.facecorner.lv\\\/shop\\\/medi-peel-bor-tox-peptide-ampoule-30ml\\\/\",\"url\":\"https:\\\/\\\/www.facecorner.lv\\\/shop\\\/medi-peel-bor-tox-peptide-ampoule-30ml\\\/\",\"name\":\"Medi-Peel Bor-Tox Peptide Ampoule 30ml - FACECORNER\",\"isPartOf\":{\"@id\":\"https:\\\/\\\/www.facecorner.lv\\\/#website\"},\"primaryImageOfPage\":{\"@id\":\"https:\\\/\\\/www.facecorner.lv\\\/shop\\\/medi-peel-bor-tox-peptide-ampoule-30ml\\\/#primaryimage\"},\"image\":{\"@id\":\"https:\\\/\\\/www.facecorner.lv\\\/shop\\\/medi-peel-bor-tox-peptide-ampoule-30ml\\\/#primaryimage\"},\"thumbnailUrl\":\"https:\\\/\\\/www.facecorner.lv\\\/wp-content\\\/uploads\\\/2023\\\/03\\\/Medi_Peel-Bor_Tox-Peptide-Ampoule.png\",\"datePublished\":\"2023-03-30T19:14:30+00:00\",\"dateModified\":\"2025-11-11T19:52:05+00:00\",\"breadcrumb\":{\"@id\":\"https:\\\/\\\/www.facecorner.lv\\\/shop\\\/medi-peel-bor-tox-peptide-ampoule-30ml\\\/#breadcrumb\"},\"inLanguage\":\"en-US\",\"potentialAction\":[{\"@type\":\"ReadAction\",\"target\":[\"https:\\\/\\\/www.facecorner.lv\\\/shop\\\/medi-peel-bor-tox-peptide-ampoule-30ml\\\/\"]}]},{\"@type\":\"ImageObject\",\"inLanguage\":\"en-US\",\"@id\":\"https:\\\/\\\/www.facecorner.lv\\\/shop\\\/medi-peel-bor-tox-peptide-ampoule-30ml\\\/#primaryimage\",\"url\":\"https:\\\/\\\/www.facecorner.lv\\\/wp-content\\\/uploads\\\/2023\\\/03\\\/Medi_Peel-Bor_Tox-Peptide-Ampoule.png\",\"contentUrl\":\"https:\\\/\\\/www.facecorner.lv\\\/wp-content\\\/uploads\\\/2023\\\/03\\\/Medi_Peel-Bor_Tox-Peptide-Ampoule.png\",\"width\":1000,\"height\":1000},{\"@type\":\"BreadcrumbList\",\"@id\":\"https:\\\/\\\/www.facecorner.lv\\\/shop\\\/medi-peel-bor-tox-peptide-ampoule-30ml\\\/#breadcrumb\",\"itemListElement\":[{\"@type\":\"ListItem\",\"position\":1,\"name\":\"Home\",\"item\":\"https:\\\/\\\/www.facecorner.lv\\\/\"},{\"@type\":\"ListItem\",\"position\":2,\"name\":\"Veikals\",\"item\":\"https:\\\/\\\/www.facecorner.lv\\\/shop\\\/\"},{\"@type\":\"ListItem\",\"position\":3,\"name\":\"Medi-Peel Bor-Tox Peptide Ampoule 30ml\"}]},{\"@type\":\"WebSite\",\"@id\":\"https:\\\/\\\/www.facecorner.lv\\\/#website\",\"url\":\"https:\\\/\\\/www.facecorner.lv\\\/\",\"name\":\"Facecorner\",\"description\":\"\",\"publisher\":{\"@id\":\"https:\\\/\\\/www.facecorner.lv\\\/#organization\"},\"potentialAction\":[{\"@type\":\"SearchAction\",\"target\":{\"@type\":\"EntryPoint\",\"urlTemplate\":\"https:\\\/\\\/www.facecorner.lv\\\/?s={search_term_string}\"},\"query-input\":{\"@type\":\"PropertyValueSpecification\",\"valueRequired\":true,\"valueName\":\"search_term_string\"}}],\"inLanguage\":\"en-US\"},{\"@type\":\"Organization\",\"@id\":\"https:\\\/\\\/www.facecorner.lv\\\/#organization\",\"name\":\"Facecorner\",\"url\":\"https:\\\/\\\/www.facecorner.lv\\\/\",\"logo\":{\"@type\":\"ImageObject\",\"inLanguage\":\"en-US\",\"@id\":\"https:\\\/\\\/www.facecorner.lv\\\/#\\\/schema\\\/logo\\\/image\\\/\",\"url\":\"https:\\\/\\\/www.facecorner.lv\\\/wp-content\\\/uploads\\\/2024\\\/04\\\/fc-logo.jpg\",\"contentUrl\":\"https:\\\/\\\/www.facecorner.lv\\\/wp-content\\\/uploads\\\/2024\\\/04\\\/fc-logo.jpg\",\"width\":174,\"height\":28,\"caption\":\"Facecorner\"},\"image\":{\"@id\":\"https:\\\/\\\/www.facecorner.lv\\\/#\\\/schema\\\/logo\\\/image\\\/\"},\"sameAs\":[\"https:\\\/\\\/www.facebook.com\\\/profile.php?id=100063824551839\",\"https:\\\/\\\/www.instagram.com\\\/facecorner_shop\\\/\"]}]}<\/script>\n<meta property=\"product:price:amount\" content=\"30.25\" \/>\n<meta property=\"product:price:currency\" content=\"EUR\" \/>\n<meta property=\"og:availability\" content=\"instock\" \/>\n<meta property=\"product:availability\" content=\"instock\" \/>\n<meta property=\"product:condition\" content=\"new\" \/>\n<!-- \/ Yoast SEO plugin. -->","yoast_head_json":{"title":"Medi-Peel Bor-Tox Peptide Ampoule 30ml - FACECORNER","robots":{"index":"index","follow":"follow","max-snippet":"max-snippet:-1","max-image-preview":"max-image-preview:large","max-video-preview":"max-video-preview:-1"},"canonical":"https:\/\/www.facecorner.lv\/en\/shop\/medi-peel-bor-tox-peptide-ampoule-30ml\/","og_locale":"en_US","og_type":"article","og_title":"Medi-Peel Bor-Tox Peptide Ampoule 30ml - FACECORNER","og_description":"Liftinga ampula ar pept\u012bdu kompleksu Medi-Peel Bor-Tox Peptide Ampoule sniedz Botox efektu, izl\u012bdzina grumbas un samazina to dzi\u013cumu, savelk un nostiprina sejas ov\u0101lu, pal\u0113nina noveco\u0161an\u0101s procesus. Instruments normaliz\u0113 \u016bdens-tauku l\u012bdzsvaru, uztur optim\u0101lu mitruma l\u012bmeni epidermas \u0161\u016bn\u0101s, nov\u0113r\u0161 sausumu un lob\u012b\u0161anos. Augsti koncentr\u0113ta ampula ir paredz\u0113ta, lai samazin\u0101tu grumbu dzi\u013cumu un smagumu, palielin\u0101tu \u0101das tvirtumu un [&hellip;]","og_url":"https:\/\/www.facecorner.lv\/en\/shop\/medi-peel-bor-tox-peptide-ampoule-30ml\/","og_site_name":"FACECORNER","article_publisher":"https:\/\/www.facebook.com\/profile.php?id=100063824551839","article_modified_time":"2025-11-11T19:52:05+00:00","og_image":[{"width":1000,"height":1000,"url":"https:\/\/www.facecorner.lv\/wp-content\/uploads\/2023\/03\/Medi_Peel-Bor_Tox-Peptide-Ampoule.png","type":"image\/png"}],"twitter_card":"summary_large_image","twitter_misc":{"Price":"&euro;30.25","Availability":"In stock"},"schema":{"@context":"https:\/\/schema.org","@graph":[{"@type":"WebPage","@id":"https:\/\/www.facecorner.lv\/shop\/medi-peel-bor-tox-peptide-ampoule-30ml\/","url":"https:\/\/www.facecorner.lv\/shop\/medi-peel-bor-tox-peptide-ampoule-30ml\/","name":"Medi-Peel Bor-Tox Peptide Ampoule 30ml - FACECORNER","isPartOf":{"@id":"https:\/\/www.facecorner.lv\/#website"},"primaryImageOfPage":{"@id":"https:\/\/www.facecorner.lv\/shop\/medi-peel-bor-tox-peptide-ampoule-30ml\/#primaryimage"},"image":{"@id":"https:\/\/www.facecorner.lv\/shop\/medi-peel-bor-tox-peptide-ampoule-30ml\/#primaryimage"},"thumbnailUrl":"https:\/\/www.facecorner.lv\/wp-content\/uploads\/2023\/03\/Medi_Peel-Bor_Tox-Peptide-Ampoule.png","datePublished":"2023-03-30T19:14:30+00:00","dateModified":"2025-11-11T19:52:05+00:00","breadcrumb":{"@id":"https:\/\/www.facecorner.lv\/shop\/medi-peel-bor-tox-peptide-ampoule-30ml\/#breadcrumb"},"inLanguage":"en-US","potentialAction":[{"@type":"ReadAction","target":["https:\/\/www.facecorner.lv\/shop\/medi-peel-bor-tox-peptide-ampoule-30ml\/"]}]},{"@type":"ImageObject","inLanguage":"en-US","@id":"https:\/\/www.facecorner.lv\/shop\/medi-peel-bor-tox-peptide-ampoule-30ml\/#primaryimage","url":"https:\/\/www.facecorner.lv\/wp-content\/uploads\/2023\/03\/Medi_Peel-Bor_Tox-Peptide-Ampoule.png","contentUrl":"https:\/\/www.facecorner.lv\/wp-content\/uploads\/2023\/03\/Medi_Peel-Bor_Tox-Peptide-Ampoule.png","width":1000,"height":1000},{"@type":"BreadcrumbList","@id":"https:\/\/www.facecorner.lv\/shop\/medi-peel-bor-tox-peptide-ampoule-30ml\/#breadcrumb","itemListElement":[{"@type":"ListItem","position":1,"name":"Home","item":"https:\/\/www.facecorner.lv\/"},{"@type":"ListItem","position":2,"name":"Veikals","item":"https:\/\/www.facecorner.lv\/shop\/"},{"@type":"ListItem","position":3,"name":"Medi-Peel Bor-Tox Peptide Ampoule 30ml"}]},{"@type":"WebSite","@id":"https:\/\/www.facecorner.lv\/#website","url":"https:\/\/www.facecorner.lv\/","name":"Facecorner","description":"","publisher":{"@id":"https:\/\/www.facecorner.lv\/#organization"},"potentialAction":[{"@type":"SearchAction","target":{"@type":"EntryPoint","urlTemplate":"https:\/\/www.facecorner.lv\/?s={search_term_string}"},"query-input":{"@type":"PropertyValueSpecification","valueRequired":true,"valueName":"search_term_string"}}],"inLanguage":"en-US"},{"@type":"Organization","@id":"https:\/\/www.facecorner.lv\/#organization","name":"Facecorner","url":"https:\/\/www.facecorner.lv\/","logo":{"@type":"ImageObject","inLanguage":"en-US","@id":"https:\/\/www.facecorner.lv\/#\/schema\/logo\/image\/","url":"https:\/\/www.facecorner.lv\/wp-content\/uploads\/2024\/04\/fc-logo.jpg","contentUrl":"https:\/\/www.facecorner.lv\/wp-content\/uploads\/2024\/04\/fc-logo.jpg","width":174,"height":28,"caption":"Facecorner"},"image":{"@id":"https:\/\/www.facecorner.lv\/#\/schema\/logo\/image\/"},"sameAs":["https:\/\/www.facebook.com\/profile.php?id=100063824551839","https:\/\/www.instagram.com\/facecorner_shop\/"]}]},"product_price_amount":"30.25","product_price_currency":"EUR","og_availability":"instock","product_availability":"instock","product_condition":"new"},"_links":{"self":[{"href":"https:\/\/www.facecorner.lv\/en\/wp-json\/wp\/v2\/product\/9083","targetHints":{"allow":["GET"]}}],"collection":[{"href":"https:\/\/www.facecorner.lv\/en\/wp-json\/wp\/v2\/product"}],"about":[{"href":"https:\/\/www.facecorner.lv\/en\/wp-json\/wp\/v2\/types\/product"}],"replies":[{"embeddable":true,"href":"https:\/\/www.facecorner.lv\/en\/wp-json\/wp\/v2\/comments?post=9083"}],"wp:featuredmedia":[{"embeddable":true,"href":"https:\/\/www.facecorner.lv\/en\/wp-json\/wp\/v2\/media\/9084"}],"wp:attachment":[{"href":"https:\/\/www.facecorner.lv\/en\/wp-json\/wp\/v2\/media?parent=9083"}],"wp:term":[{"taxonomy":"product_brand","embeddable":true,"href":"https:\/\/www.facecorner.lv\/en\/wp-json\/wp\/v2\/product_brand?post=9083"},{"taxonomy":"product_cat","embeddable":true,"href":"https:\/\/www.facecorner.lv\/en\/wp-json\/wp\/v2\/product_cat?post=9083"},{"taxonomy":"product_tag","embeddable":true,"href":"https:\/\/www.facecorner.lv\/en\/wp-json\/wp\/v2\/product_tag?post=9083"},{"taxonomy":"berocket_brand","embeddable":true,"href":"https:\/\/www.facecorner.lv\/en\/wp-json\/wp\/v2\/berocket_brand?post=9083"}],"curies":[{"name":"wp","href":"https:\/\/api.w.org\/{rel}","templated":true}]}}