{"id":8752,"date":"2023-03-30T09:51:01","date_gmt":"2023-03-30T07:51:01","guid":{"rendered":"https:\/\/facecorner.shop\/?post_type=product&#038;p=8752"},"modified":"2026-03-06T13:02:20","modified_gmt":"2026-03-06T10:02:20","slug":"dalba-white-truffle-first-spray-serum","status":"publish","type":"product","link":"https:\/\/www.facecorner.lv\/en\/shop\/dalba-white-truffle-first-spray-serum\/","title":{"rendered":"d&#8217;Alba White Truffle First Spray Serum 100ml\/50ml"},"content":{"rendered":"<p>d&#8217;Alba White Truffle First Spray Serum\u00a0 daudzfunkcion\u0101lais izsmidzin\u0101ms serums mitrina, baro un pie\u0161\u0137ir ener\u0123iju bl\u0101vai un noguru\u0161ai \u0101dai. Bestsellers: \u0161o serumu ir izv\u0113l\u0113ju\u0161ies vair\u0101k nek\u0101 30 miljoni klientu.<\/p>\n<p>Pal\u012bdz izl\u012bdzin\u0101t tonusu, uzlabo ar vecumu saist\u012bt\u0101s paz\u012bmes un pie\u0161\u0137ir atp\u016btu\u0161os un starojo\u0161u izskatu. Seruma sast\u0101v\u0101 ir avokado e\u013c\u013ca, saulespu\u0137u s\u0113klu e\u013c\u013ca, It\u0101lijas balto trife\u013cu ekstrakts, niacinam\u012bdi un \u010dia s\u0113klas, kas dzi\u013ci mitrina un saglab\u0101 mitrumu visas dienas garum\u0101. Piem\u0113rots lieto\u0161anai uz dekorat\u012bv\u0101s kosm\u0113tikas papildus mitrin\u0101\u0161anai.<\/p>\n<p>Netest\u0113ts uz dz\u012bvniekiem.<\/p>\n<p><strong>How to use:<\/strong> Pirms lieto\u0161anas sakrat\u012bt. Izsmidziniet nelielu daudzumu seruma uz sejas un kakla. Ieteicams lietot p\u0113c tonika vai dienas laik\u0101.<\/p>\n<p class=\"product_title entry-title\"><strong style=\"font-size: 16px;\">Ingredientes:<\/strong><span style=\"font-size: 16px;\">Water, Dipropylene Glycol, Neopentyl Glycol Diheptanoate, Glycereth-26, 1,2-Hexanediol, Niacinamide, Sorbitol, Hydroxyethyl Urea, Persea Gratissima (Avocado) Oil, Salvia Hispanica Seed Extract, Ocimum Basilicum (Basil) Flower\/Leaf\/Stem Extract, Betaine, Avena Sativa (Oat) Kernel Extract, Butylene Glycol, Tuber Magnatum Extract, Glycerin, Helianthus Annuus (Sunflower) Seed Oil, Tocopheryl Acetate, Disodium EDTA, Dipotassium Glycyrrhizate, Adenosine, Sodium Palmitoyl Proline, Bifida Ferment Lysate, Nymphaea Alba Flower Extract, Hydrolyzed Hyaluronic Acid, Glycine Soja (Soybean) Oil, Saussurea Involucrata Extract, Panax Ginseng Root Extract, Nelumbo Nucifera Flower Extract, Morus Alba Bark Extract, Lilium Candidum Flower Extract, Leontopodium Alpinum Extract, Houttuynia Cordata Extract, Freesia Refracta Extract, Carbomer, Bellis Perennis (Daisy) Flower Extract, Arginine, Potassium Sorbate, Bixa Orellana Seed Oil, Tocopherol, Fragrance, Linalool, Hexyl Cinnamal, Limonene, Citronellol<\/span><\/p>","protected":false},"excerpt":{"rendered":"<p>d&#8217;Alba White Truffle First Spray Serum\u00a0 daudzfunkcion\u0101lais izsmidzin\u0101ms serums mitrina, baro un pie\u0161\u0137ir ener\u0123iju bl\u0101vai un noguru\u0161ai \u0101dai. Bestsellers: \u0161o serumu ir izv\u0113l\u0113ju\u0161ies vair\u0101k nek\u0101 30 miljoni klientu.<\/p>","protected":false},"featured_media":8753,"comment_status":"open","ping_status":"closed","template":"","meta":{"site-sidebar-layout":"default","site-content-layout":"","ast-site-content-layout":"default","site-content-style":"default","site-sidebar-style":"default","ast-global-header-display":"","ast-banner-title-visibility":"","ast-main-header-display":"","ast-hfb-above-header-display":"","ast-hfb-below-header-display":"","ast-hfb-mobile-header-display":"","site-post-title":"","ast-breadcrumbs-content":"","ast-featured-img":"","footer-sml-layout":"","theme-transparent-header-meta":"default","adv-header-id-meta":"","stick-header-meta":"","header-above-stick-meta":"","header-main-stick-meta":"","header-below-stick-meta":"","astra-migrate-meta-layouts":"set","ast-page-background-enabled":"default","ast-page-background-meta":{"desktop":{"background-color":"var(--ast-global-color-4)","background-image":"","background-repeat":"repeat","background-position":"center center","background-size":"auto","background-attachment":"scroll","background-type":"","background-media":"","overlay-type":"","overlay-color":"","overlay-opacity":"","overlay-gradient":""},"tablet":{"background-color":"","background-image":"","background-repeat":"repeat","background-position":"center center","background-size":"auto","background-attachment":"scroll","background-type":"","background-media":"","overlay-type":"","overlay-color":"","overlay-opacity":"","overlay-gradient":""},"mobile":{"background-color":"","background-image":"","background-repeat":"repeat","background-position":"center center","background-size":"auto","background-attachment":"scroll","background-type":"","background-media":"","overlay-type":"","overlay-color":"","overlay-opacity":"","overlay-gradient":""}},"ast-content-background-meta":{"desktop":{"background-color":"var(--ast-global-color-5)","background-image":"","background-repeat":"repeat","background-position":"center center","background-size":"auto","background-attachment":"scroll","background-type":"","background-media":"","overlay-type":"","overlay-color":"","overlay-opacity":"","overlay-gradient":""},"tablet":{"background-color":"var(--ast-global-color-5)","background-image":"","background-repeat":"repeat","background-position":"center center","background-size":"auto","background-attachment":"scroll","background-type":"","background-media":"","overlay-type":"","overlay-color":"","overlay-opacity":"","overlay-gradient":""},"mobile":{"background-color":"var(--ast-global-color-5)","background-image":"","background-repeat":"repeat","background-position":"center center","background-size":"auto","background-attachment":"scroll","background-type":"","background-media":"","overlay-type":"","overlay-color":"","overlay-opacity":"","overlay-gradient":""}}},"product_brand":[],"product_cat":[370,371,372,375,380,378,379,307,363,364,376],"product_tag":[],"berocket_brand":[572],"class_list":{"0":"post-8752","1":"product","2":"type-product","3":"status-publish","4":"has-post-thumbnail","6":"product_cat-adas-mirdzumam","7":"product_cat-anti-age","8":"product_cat-jutigai-adai-serumi","9":"product_cat-jutigai-adai-toneri","10":"product_cat-kombinetai-adai","11":"product_cat-sausai-adai-toneri","12":"product_cat-sausai-adai-anti-age","13":"product_cat-sejai","14":"product_cat-serumi","15":"product_cat-toneri","16":"product_cat-kombinetai-adai-toneri","17":"berocket_brand-dalba","18":"desktop-align-left","19":"tablet-align-left","20":"mobile-align-left","22":"first","23":"instock","24":"featured","25":"taxable","26":"shipping-taxable","27":"purchasable","28":"product-type-variable","29":"add-to-wishlist-before_image"},"yoast_head":"<!-- This site is optimized with the Yoast SEO plugin v27.3 - https:\/\/yoast.com\/product\/yoast-seo-wordpress\/ -->\n<title>d&#039;Alba White Truffle First Spray Serum 100ml\/50ml - FACECORNER<\/title>\n<meta name=\"description\" content=\"d&#039;Alba White Truffle First Spray Serum\u00a0 daudzfunkcion\u0101lais izsmidzin\u0101ms serums mitrina, baro un pie\u0161\u0137ir ener\u0123iju bl\u0101vai un noguru\u0161ai \u0101dai.\" \/>\n<meta name=\"robots\" content=\"index, follow, max-snippet:-1, max-image-preview:large, max-video-preview:-1\" \/>\n<link rel=\"canonical\" href=\"https:\/\/www.facecorner.lv\/en\/shop\/dalba-white-truffle-first-spray-serum\/\" \/>\n<meta property=\"og:locale\" content=\"en_US\" \/>\n<meta property=\"og:type\" content=\"article\" \/>\n<meta property=\"og:title\" content=\"d&#039;Alba White Truffle First Spray Serum 100ml\/50ml - FACECORNER\" \/>\n<meta property=\"og:description\" content=\"d&#039;Alba White Truffle First Spray Serum\u00a0 daudzfunkcion\u0101lais izsmidzin\u0101ms serums mitrina, baro un pie\u0161\u0137ir ener\u0123iju bl\u0101vai un noguru\u0161ai \u0101dai.\" \/>\n<meta property=\"og:url\" content=\"https:\/\/www.facecorner.lv\/en\/shop\/dalba-white-truffle-first-spray-serum\/\" \/>\n<meta property=\"og:site_name\" content=\"FACECORNER\" \/>\n<meta property=\"article:publisher\" content=\"https:\/\/www.facebook.com\/profile.php?id=100063824551839\" \/>\n<meta property=\"article:modified_time\" content=\"2026-03-06T10:02:20+00:00\" \/>\n<meta property=\"og:image\" content=\"https:\/\/www.facecorner.lv\/wp-content\/uploads\/2023\/03\/1754e7c187ff3306bd0772d89e56781eb59d5231_original.jpeg\" \/>\n\t<meta property=\"og:image:width\" content=\"1000\" \/>\n\t<meta property=\"og:image:height\" content=\"1000\" \/>\n\t<meta property=\"og:image:type\" content=\"image\/jpeg\" \/>\n<meta name=\"twitter:card\" content=\"summary_large_image\" \/>\n<meta name=\"twitter:label1\" content=\"Availability\" \/>\n\t<meta name=\"twitter:data1\" content=\"In stock\" \/>\n<script type=\"application\/ld+json\" class=\"yoast-schema-graph\">{\"@context\":\"https:\\\/\\\/schema.org\",\"@graph\":[{\"@type\":\"WebPage\",\"@id\":\"https:\\\/\\\/www.facecorner.lv\\\/shop\\\/dalba-white-truffle-first-spray-serum\\\/\",\"url\":\"https:\\\/\\\/www.facecorner.lv\\\/shop\\\/dalba-white-truffle-first-spray-serum\\\/\",\"name\":\"d'Alba White Truffle First Spray Serum 100ml\\\/50ml - FACECORNER\",\"isPartOf\":{\"@id\":\"https:\\\/\\\/www.facecorner.lv\\\/#website\"},\"primaryImageOfPage\":{\"@id\":\"https:\\\/\\\/www.facecorner.lv\\\/shop\\\/dalba-white-truffle-first-spray-serum\\\/#primaryimage\"},\"image\":{\"@id\":\"https:\\\/\\\/www.facecorner.lv\\\/shop\\\/dalba-white-truffle-first-spray-serum\\\/#primaryimage\"},\"thumbnailUrl\":\"https:\\\/\\\/www.facecorner.lv\\\/wp-content\\\/uploads\\\/2023\\\/03\\\/1754e7c187ff3306bd0772d89e56781eb59d5231_original.jpeg\",\"datePublished\":\"2023-03-30T07:51:01+00:00\",\"dateModified\":\"2026-03-06T10:02:20+00:00\",\"description\":\"d'Alba White Truffle First Spray Serum\u00a0 daudzfunkcion\u0101lais izsmidzin\u0101ms serums mitrina, baro un pie\u0161\u0137ir ener\u0123iju bl\u0101vai un noguru\u0161ai \u0101dai.\",\"breadcrumb\":{\"@id\":\"https:\\\/\\\/www.facecorner.lv\\\/shop\\\/dalba-white-truffle-first-spray-serum\\\/#breadcrumb\"},\"inLanguage\":\"en-US\",\"potentialAction\":[{\"@type\":\"ReadAction\",\"target\":[\"https:\\\/\\\/www.facecorner.lv\\\/shop\\\/dalba-white-truffle-first-spray-serum\\\/\"]}]},{\"@type\":\"ImageObject\",\"inLanguage\":\"en-US\",\"@id\":\"https:\\\/\\\/www.facecorner.lv\\\/shop\\\/dalba-white-truffle-first-spray-serum\\\/#primaryimage\",\"url\":\"https:\\\/\\\/www.facecorner.lv\\\/wp-content\\\/uploads\\\/2023\\\/03\\\/1754e7c187ff3306bd0772d89e56781eb59d5231_original.jpeg\",\"contentUrl\":\"https:\\\/\\\/www.facecorner.lv\\\/wp-content\\\/uploads\\\/2023\\\/03\\\/1754e7c187ff3306bd0772d89e56781eb59d5231_original.jpeg\",\"width\":1000,\"height\":1000,\"caption\":\"D\u2019ALBA WHITE TRUFFLE FIRST SPRAY SERUM\"},{\"@type\":\"BreadcrumbList\",\"@id\":\"https:\\\/\\\/www.facecorner.lv\\\/shop\\\/dalba-white-truffle-first-spray-serum\\\/#breadcrumb\",\"itemListElement\":[{\"@type\":\"ListItem\",\"position\":1,\"name\":\"Home\",\"item\":\"https:\\\/\\\/www.facecorner.lv\\\/\"},{\"@type\":\"ListItem\",\"position\":2,\"name\":\"Veikals\",\"item\":\"https:\\\/\\\/www.facecorner.lv\\\/shop\\\/\"},{\"@type\":\"ListItem\",\"position\":3,\"name\":\"d&#8217;Alba White Truffle First Spray Serum 100ml\\\/50ml\"}]},{\"@type\":\"WebSite\",\"@id\":\"https:\\\/\\\/www.facecorner.lv\\\/#website\",\"url\":\"https:\\\/\\\/www.facecorner.lv\\\/\",\"name\":\"Facecorner\",\"description\":\"\",\"publisher\":{\"@id\":\"https:\\\/\\\/www.facecorner.lv\\\/#organization\"},\"potentialAction\":[{\"@type\":\"SearchAction\",\"target\":{\"@type\":\"EntryPoint\",\"urlTemplate\":\"https:\\\/\\\/www.facecorner.lv\\\/?s={search_term_string}\"},\"query-input\":{\"@type\":\"PropertyValueSpecification\",\"valueRequired\":true,\"valueName\":\"search_term_string\"}}],\"inLanguage\":\"en-US\"},{\"@type\":\"Organization\",\"@id\":\"https:\\\/\\\/www.facecorner.lv\\\/#organization\",\"name\":\"Facecorner\",\"url\":\"https:\\\/\\\/www.facecorner.lv\\\/\",\"logo\":{\"@type\":\"ImageObject\",\"inLanguage\":\"en-US\",\"@id\":\"https:\\\/\\\/www.facecorner.lv\\\/#\\\/schema\\\/logo\\\/image\\\/\",\"url\":\"https:\\\/\\\/www.facecorner.lv\\\/wp-content\\\/uploads\\\/2024\\\/04\\\/fc-logo.jpg\",\"contentUrl\":\"https:\\\/\\\/www.facecorner.lv\\\/wp-content\\\/uploads\\\/2024\\\/04\\\/fc-logo.jpg\",\"width\":174,\"height\":28,\"caption\":\"Facecorner\"},\"image\":{\"@id\":\"https:\\\/\\\/www.facecorner.lv\\\/#\\\/schema\\\/logo\\\/image\\\/\"},\"sameAs\":[\"https:\\\/\\\/www.facebook.com\\\/profile.php?id=100063824551839\",\"https:\\\/\\\/www.instagram.com\\\/facecorner_shop\\\/\"]}]}<\/script>\n<meta property=\"og:availability\" content=\"instock\" \/>\n<meta property=\"product:availability\" content=\"instock\" \/>\n<meta property=\"product:condition\" content=\"new\" \/>\n<!-- \/ Yoast SEO plugin. -->","yoast_head_json":{"title":"d'Alba White Truffle First Spray Serum 100ml\/50ml - FACECORNER","description":"d'Alba White Truffle First Spray Serum\u00a0 daudzfunkcion\u0101lais izsmidzin\u0101ms serums mitrina, baro un pie\u0161\u0137ir ener\u0123iju bl\u0101vai un noguru\u0161ai \u0101dai.","robots":{"index":"index","follow":"follow","max-snippet":"max-snippet:-1","max-image-preview":"max-image-preview:large","max-video-preview":"max-video-preview:-1"},"canonical":"https:\/\/www.facecorner.lv\/en\/shop\/dalba-white-truffle-first-spray-serum\/","og_locale":"en_US","og_type":"article","og_title":"d'Alba White Truffle First Spray Serum 100ml\/50ml - FACECORNER","og_description":"d'Alba White Truffle First Spray Serum\u00a0 daudzfunkcion\u0101lais izsmidzin\u0101ms serums mitrina, baro un pie\u0161\u0137ir ener\u0123iju bl\u0101vai un noguru\u0161ai \u0101dai.","og_url":"https:\/\/www.facecorner.lv\/en\/shop\/dalba-white-truffle-first-spray-serum\/","og_site_name":"FACECORNER","article_publisher":"https:\/\/www.facebook.com\/profile.php?id=100063824551839","article_modified_time":"2026-03-06T10:02:20+00:00","og_image":[{"width":1000,"height":1000,"url":"https:\/\/www.facecorner.lv\/wp-content\/uploads\/2023\/03\/1754e7c187ff3306bd0772d89e56781eb59d5231_original.jpeg","type":"image\/jpeg"}],"twitter_card":"summary_large_image","twitter_misc":{"Availability":"In stock"},"schema":{"@context":"https:\/\/schema.org","@graph":[{"@type":"WebPage","@id":"https:\/\/www.facecorner.lv\/shop\/dalba-white-truffle-first-spray-serum\/","url":"https:\/\/www.facecorner.lv\/shop\/dalba-white-truffle-first-spray-serum\/","name":"d'Alba White Truffle First Spray Serum 100ml\/50ml - FACECORNER","isPartOf":{"@id":"https:\/\/www.facecorner.lv\/#website"},"primaryImageOfPage":{"@id":"https:\/\/www.facecorner.lv\/shop\/dalba-white-truffle-first-spray-serum\/#primaryimage"},"image":{"@id":"https:\/\/www.facecorner.lv\/shop\/dalba-white-truffle-first-spray-serum\/#primaryimage"},"thumbnailUrl":"https:\/\/www.facecorner.lv\/wp-content\/uploads\/2023\/03\/1754e7c187ff3306bd0772d89e56781eb59d5231_original.jpeg","datePublished":"2023-03-30T07:51:01+00:00","dateModified":"2026-03-06T10:02:20+00:00","description":"d'Alba White Truffle First Spray Serum\u00a0 daudzfunkcion\u0101lais izsmidzin\u0101ms serums mitrina, baro un pie\u0161\u0137ir ener\u0123iju bl\u0101vai un noguru\u0161ai \u0101dai.","breadcrumb":{"@id":"https:\/\/www.facecorner.lv\/shop\/dalba-white-truffle-first-spray-serum\/#breadcrumb"},"inLanguage":"en-US","potentialAction":[{"@type":"ReadAction","target":["https:\/\/www.facecorner.lv\/shop\/dalba-white-truffle-first-spray-serum\/"]}]},{"@type":"ImageObject","inLanguage":"en-US","@id":"https:\/\/www.facecorner.lv\/shop\/dalba-white-truffle-first-spray-serum\/#primaryimage","url":"https:\/\/www.facecorner.lv\/wp-content\/uploads\/2023\/03\/1754e7c187ff3306bd0772d89e56781eb59d5231_original.jpeg","contentUrl":"https:\/\/www.facecorner.lv\/wp-content\/uploads\/2023\/03\/1754e7c187ff3306bd0772d89e56781eb59d5231_original.jpeg","width":1000,"height":1000,"caption":"D\u2019ALBA WHITE TRUFFLE FIRST SPRAY SERUM"},{"@type":"BreadcrumbList","@id":"https:\/\/www.facecorner.lv\/shop\/dalba-white-truffle-first-spray-serum\/#breadcrumb","itemListElement":[{"@type":"ListItem","position":1,"name":"Home","item":"https:\/\/www.facecorner.lv\/"},{"@type":"ListItem","position":2,"name":"Veikals","item":"https:\/\/www.facecorner.lv\/shop\/"},{"@type":"ListItem","position":3,"name":"d&#8217;Alba White Truffle First Spray Serum 100ml\/50ml"}]},{"@type":"WebSite","@id":"https:\/\/www.facecorner.lv\/#website","url":"https:\/\/www.facecorner.lv\/","name":"Facecorner","description":"","publisher":{"@id":"https:\/\/www.facecorner.lv\/#organization"},"potentialAction":[{"@type":"SearchAction","target":{"@type":"EntryPoint","urlTemplate":"https:\/\/www.facecorner.lv\/?s={search_term_string}"},"query-input":{"@type":"PropertyValueSpecification","valueRequired":true,"valueName":"search_term_string"}}],"inLanguage":"en-US"},{"@type":"Organization","@id":"https:\/\/www.facecorner.lv\/#organization","name":"Facecorner","url":"https:\/\/www.facecorner.lv\/","logo":{"@type":"ImageObject","inLanguage":"en-US","@id":"https:\/\/www.facecorner.lv\/#\/schema\/logo\/image\/","url":"https:\/\/www.facecorner.lv\/wp-content\/uploads\/2024\/04\/fc-logo.jpg","contentUrl":"https:\/\/www.facecorner.lv\/wp-content\/uploads\/2024\/04\/fc-logo.jpg","width":174,"height":28,"caption":"Facecorner"},"image":{"@id":"https:\/\/www.facecorner.lv\/#\/schema\/logo\/image\/"},"sameAs":["https:\/\/www.facebook.com\/profile.php?id=100063824551839","https:\/\/www.instagram.com\/facecorner_shop\/"]}]},"og_availability":"instock","product_availability":"instock","product_condition":"new"},"_links":{"self":[{"href":"https:\/\/www.facecorner.lv\/en\/wp-json\/wp\/v2\/product\/8752","targetHints":{"allow":["GET"]}}],"collection":[{"href":"https:\/\/www.facecorner.lv\/en\/wp-json\/wp\/v2\/product"}],"about":[{"href":"https:\/\/www.facecorner.lv\/en\/wp-json\/wp\/v2\/types\/product"}],"replies":[{"embeddable":true,"href":"https:\/\/www.facecorner.lv\/en\/wp-json\/wp\/v2\/comments?post=8752"}],"wp:featuredmedia":[{"embeddable":true,"href":"https:\/\/www.facecorner.lv\/en\/wp-json\/wp\/v2\/media\/8753"}],"wp:attachment":[{"href":"https:\/\/www.facecorner.lv\/en\/wp-json\/wp\/v2\/media?parent=8752"}],"wp:term":[{"taxonomy":"product_brand","embeddable":true,"href":"https:\/\/www.facecorner.lv\/en\/wp-json\/wp\/v2\/product_brand?post=8752"},{"taxonomy":"product_cat","embeddable":true,"href":"https:\/\/www.facecorner.lv\/en\/wp-json\/wp\/v2\/product_cat?post=8752"},{"taxonomy":"product_tag","embeddable":true,"href":"https:\/\/www.facecorner.lv\/en\/wp-json\/wp\/v2\/product_tag?post=8752"},{"taxonomy":"berocket_brand","embeddable":true,"href":"https:\/\/www.facecorner.lv\/en\/wp-json\/wp\/v2\/berocket_brand?post=8752"}],"curies":[{"name":"wp","href":"https:\/\/api.w.org\/{rel}","templated":true}]}}