{"id":8748,"date":"2023-03-30T09:45:50","date_gmt":"2023-03-30T07:45:50","guid":{"rendered":"https:\/\/facecorner.shop\/?post_type=product&#038;p=8748"},"modified":"2026-03-27T15:40:51","modified_gmt":"2026-03-27T12:40:51","slug":"dalba-agelles-wrinkle-correcting-multi-balm-9g","status":"publish","type":"product","link":"https:\/\/www.facecorner.lv\/en\/shop\/dalba-agelles-wrinkle-correcting-multi-balm-9g\/","title":{"rendered":"d&#8217;Alba Agelles Wrinkle Correcting Multi Balm 9g"},"content":{"rendered":"<p>d&#8217;Alba Agelles Wrinkle Correcting Multi Balm Anti-Wrinkle Stick ar balto trifeli ir daudzfunkcion\u0101ls produkts, kas var \u0101tri nov\u0113rst sausumu un lob\u012b\u0161anos, barot un atjaunot \u0101du vesel\u012bgu mirdzumu. Darbojas, lai palielin\u0101tu audu elast\u012bbu un samazin\u0101tu grumbu dzi\u013cumu. Satur tokoferolu, kolag\u0113nu, volufil\u012bnu, \u0161\u012b sviestu un balto ziedu kompleksu.<\/p>\n<p>d&#8217;Alba Agelles Wrinkle Correcting Multi Balm Var izmantot k\u0101 ikdienas proced\u016bru vai k\u0101 SOS, lai \u0101tri mitrin\u0101tu un atsvaidzin\u0101tu seju. Labv\u0113l\u012bgi iedarbojas uz \u0101du ar bl\u0101vu kr\u0101su un vecuma plankumiem, maigi izgaismo, tai piem\u012bt augsta antioksidanta aktivit\u0101te.<\/p>\n<p>Suitable for all skin types.<\/p>\n<p><strong>How to use:<\/strong> Uzkl\u0101jiet produktu uz att\u012br\u012btas \u0101das p\u0113c tonika lieto\u0161anas k\u0101 nakts kop\u0161anas l\u012bdzekli vai zem dekorat\u012bv\u0101s kosm\u0113tikas. P\u0101rvelciet n\u016bju viet\u0101s, kur par\u0101d\u0101s krunci\u0146as: uz pieres, gar nasolabi\u0101laj\u0101m krok\u0101m, deguna asaru rievu, zem ac\u012bm, gar kaklu un dekolt\u0113, piev\u0113r\u0161ot uzman\u012bbu saus\u0101m un zv\u012b\u0146ojo\u0161\u0101m \u0101das viet\u0101m.<\/p>\n<p><strong>Ingredientes:<\/strong>Helianthus Annuus (Sunflower) Seed Oil, Synthetic Wax, Butyrospermum Parkii (Shea) Butter, Octyldodecanol, Polyethylene, Polyglyceryl-2 Isostearate\/Dimer Dilinoleate Copolymer, Caprylic\/Capric Triglyceride, Tocopheryl Acetate, Macadamia Integrifolia Seed Oil, Simmondsia Chinensis (Jojoba) Seed Oil, Prunus Amygdalus Dulcis (Sweet Almond) Oil, Monascus Extract, Daucus Carota Sativa (Carrot) Root Extract, Perilla Ocymoides Leaf Extract, Centella Asiatica Extract, Borago Officinalis Extract, Beta Vulgaris (Beet) Root Extract, Angelica Gigas Extract, Anthemis Nobilis Flower Extract, Calendula Officinalis Flower Extract, Cardiospermum Halicacabum Flower\/Leaf\/Vine Extract, Tuber Magnatum Extract, Nelumbo Nucifera Flower Extract, Rose Extract, Jasminum Officinale (Jasmine) Extract, Anemarrhena Asphodeloides Root Extract, Narcissus Pseudo-Narcissus (Daffodil) Flower Extract, Lilium Candidum Bulb Extract, Iris Versicolor Extract, Freesia Refracta Extract, Collagen Extract, Camellia Japonica Seed Oil, Olea Europaea (Olive) Fruit Oil, Camellia Sinensis Seed Oil, Argania Spinosa Kernel Oil, Hippophae Rhamnoides Fruit Oil, Echium Plantagineum Seed Oil, Glycine Soja (Soybean) Oil, Persea Gratissima (Avocado) Oil, Oenothera Biennis (Evening Primrose) Oil, Macadamia Ternifolia Seed Oil, Microcrystalline Wax, Bisabolol, Sorbitan Sesquioleate, Tocopherol, Water, Helianthus Annuus (Sunflower) Seed Oil Unsaponifiables, Ceramide NP, Hydrolyzed Hyaluronic Acid, Hydrogenated Polyisobutene, Butylene Glycol, Glutathione, Ascorbic Acid, 1,2-Hexanediol, Glucose, Mannose, Fragrance, Dehydroacetic Acid, Citral, Linalool, Citronellol, Hexyl Cinnamal, Limonene<\/p>","protected":false},"excerpt":{"rendered":"<p>d&#8217;Alba Agelles Wrinkle Correcting Multi Balm Anti-Wrinkle Stick ar balto trifeli ir daudzfunkcion\u0101ls produkts, kas var \u0101tri nov\u0113rst sausumu un lob\u012b\u0161anos, barot un atjaunot \u0101du vesel\u012bgu mirdzumu. Darbojas, lai palielin\u0101tu audu elast\u012bbu un samazin\u0101tu grumbu dzi\u013cumu. Satur tokoferolu, kolag\u0113nu, volufil\u012bnu, \u0161\u012b sviestu un balto ziedu kompleksu.<\/p>\n<p>&nbsp;<\/p>","protected":false},"featured_media":21538,"comment_status":"open","ping_status":"closed","template":"","meta":{"site-sidebar-layout":"default","site-content-layout":"","ast-site-content-layout":"default","site-content-style":"default","site-sidebar-style":"default","ast-global-header-display":"","ast-banner-title-visibility":"","ast-main-header-display":"","ast-hfb-above-header-display":"","ast-hfb-below-header-display":"","ast-hfb-mobile-header-display":"","site-post-title":"","ast-breadcrumbs-content":"","ast-featured-img":"","footer-sml-layout":"","theme-transparent-header-meta":"default","adv-header-id-meta":"","stick-header-meta":"","header-above-stick-meta":"","header-main-stick-meta":"","header-below-stick-meta":"","astra-migrate-meta-layouts":"set","ast-page-background-enabled":"default","ast-page-background-meta":{"desktop":{"background-color":"var(--ast-global-color-4)","background-image":"","background-repeat":"repeat","background-position":"center center","background-size":"auto","background-attachment":"scroll","background-type":"","background-media":"","overlay-type":"","overlay-color":"","overlay-opacity":"","overlay-gradient":""},"tablet":{"background-color":"","background-image":"","background-repeat":"repeat","background-position":"center center","background-size":"auto","background-attachment":"scroll","background-type":"","background-media":"","overlay-type":"","overlay-color":"","overlay-opacity":"","overlay-gradient":""},"mobile":{"background-color":"","background-image":"","background-repeat":"repeat","background-position":"center center","background-size":"auto","background-attachment":"scroll","background-type":"","background-media":"","overlay-type":"","overlay-color":"","overlay-opacity":"","overlay-gradient":""}},"ast-content-background-meta":{"desktop":{"background-color":"var(--ast-global-color-5)","background-image":"","background-repeat":"repeat","background-position":"center center","background-size":"auto","background-attachment":"scroll","background-type":"","background-media":"","overlay-type":"","overlay-color":"","overlay-opacity":"","overlay-gradient":""},"tablet":{"background-color":"var(--ast-global-color-5)","background-image":"","background-repeat":"repeat","background-position":"center center","background-size":"auto","background-attachment":"scroll","background-type":"","background-media":"","overlay-type":"","overlay-color":"","overlay-opacity":"","overlay-gradient":""},"mobile":{"background-color":"var(--ast-global-color-5)","background-image":"","background-repeat":"repeat","background-position":"center center","background-size":"auto","background-attachment":"scroll","background-type":"","background-media":"","overlay-type":"","overlay-color":"","overlay-opacity":"","overlay-gradient":""}}},"product_brand":[],"product_cat":[370,371,511,365,380,366,367,368,379,307,362,363],"product_tag":[],"berocket_brand":[572],"class_list":{"0":"post-8748","1":"product","2":"type-product","3":"status-publish","4":"has-post-thumbnail","6":"product_cat-adas-mirdzumam","7":"product_cat-anti-age","8":"product_cat-atlaides","9":"product_cat-barojoss","10":"product_cat-kombinetai-adai","11":"product_cat-mitrinoss","12":"product_cat-nomierinoss","13":"product_cat-pret-grumbam","14":"product_cat-sausai-adai-anti-age","15":"product_cat-sejai","16":"product_cat-sejas-krems","17":"product_cat-serumi","18":"berocket_brand-dalba","19":"desktop-align-left","20":"tablet-align-left","21":"mobile-align-left","23":"first","24":"instock","25":"taxable","26":"shipping-taxable","27":"purchasable","28":"product-type-simple","29":"add-to-wishlist-before_image"},"yoast_head":"<!-- This site is optimized with the Yoast SEO plugin v27.4 - https:\/\/yoast.com\/product\/yoast-seo-wordpress\/ -->\n<title>d&#039;Alba Agelles Wrinkle Correcting Multi Balm 9g - FACECORNER<\/title>\n<meta name=\"description\" content=\"d&#039;Alba Agelles Wrinkle Correcting Multi Balm Anti-Wrinkle Stick ar balto trifeli ir daudzfunkcion\u0101ls produkts, kas var \u0101tri nov\u0113rst sausumu.\" \/>\n<meta name=\"robots\" content=\"index, follow, max-snippet:-1, max-image-preview:large, max-video-preview:-1\" \/>\n<link rel=\"canonical\" href=\"https:\/\/www.facecorner.lv\/en\/shop\/dalba-agelles-wrinkle-correcting-multi-balm-9g\/\" \/>\n<meta property=\"og:locale\" content=\"en_US\" \/>\n<meta property=\"og:type\" content=\"article\" \/>\n<meta property=\"og:title\" content=\"d&#039;Alba Agelles Wrinkle Correcting Multi Balm 9g - FACECORNER\" \/>\n<meta property=\"og:description\" content=\"d&#039;Alba Agelles Wrinkle Correcting Multi Balm Anti-Wrinkle Stick ar balto trifeli ir daudzfunkcion\u0101ls produkts, kas var \u0101tri nov\u0113rst sausumu.\" \/>\n<meta property=\"og:url\" content=\"https:\/\/www.facecorner.lv\/en\/shop\/dalba-agelles-wrinkle-correcting-multi-balm-9g\/\" \/>\n<meta property=\"og:site_name\" content=\"FACECORNER\" \/>\n<meta property=\"article:publisher\" content=\"https:\/\/www.facebook.com\/profile.php?id=100063824551839\" \/>\n<meta property=\"article:modified_time\" content=\"2026-03-27T12:40:51+00:00\" \/>\n<meta property=\"og:image\" content=\"https:\/\/www.facecorner.lv\/wp-content\/uploads\/2023\/03\/dalba_intensive_multi_balm.webp\" \/>\n\t<meta property=\"og:image:width\" content=\"800\" \/>\n\t<meta property=\"og:image:height\" content=\"800\" \/>\n\t<meta property=\"og:image:type\" content=\"image\/webp\" \/>\n<meta name=\"twitter:card\" content=\"summary_large_image\" \/>\n<meta name=\"twitter:label1\" content=\"Price\" \/>\n\t<meta name=\"twitter:data1\" content=\"&euro;35.00\" \/>\n\t<meta name=\"twitter:label2\" content=\"Availability\" \/>\n\t<meta name=\"twitter:data2\" content=\"In stock\" \/>\n<script type=\"application\/ld+json\" class=\"yoast-schema-graph\">{\"@context\":\"https:\\\/\\\/schema.org\",\"@graph\":[{\"@type\":\"WebPage\",\"@id\":\"https:\\\/\\\/www.facecorner.lv\\\/shop\\\/dalba-agelles-wrinkle-correcting-multi-balm-9g\\\/\",\"url\":\"https:\\\/\\\/www.facecorner.lv\\\/shop\\\/dalba-agelles-wrinkle-correcting-multi-balm-9g\\\/\",\"name\":\"d'Alba Agelles Wrinkle Correcting Multi Balm 9g - FACECORNER\",\"isPartOf\":{\"@id\":\"https:\\\/\\\/www.facecorner.lv\\\/#website\"},\"primaryImageOfPage\":{\"@id\":\"https:\\\/\\\/www.facecorner.lv\\\/shop\\\/dalba-agelles-wrinkle-correcting-multi-balm-9g\\\/#primaryimage\"},\"image\":{\"@id\":\"https:\\\/\\\/www.facecorner.lv\\\/shop\\\/dalba-agelles-wrinkle-correcting-multi-balm-9g\\\/#primaryimage\"},\"thumbnailUrl\":\"https:\\\/\\\/www.facecorner.lv\\\/wp-content\\\/uploads\\\/2023\\\/03\\\/dalba_intensive_multi_balm.webp\",\"datePublished\":\"2023-03-30T07:45:50+00:00\",\"dateModified\":\"2026-03-27T12:40:51+00:00\",\"description\":\"d'Alba Agelles Wrinkle Correcting Multi Balm Anti-Wrinkle Stick ar balto trifeli ir daudzfunkcion\u0101ls produkts, kas var \u0101tri nov\u0113rst sausumu.\",\"breadcrumb\":{\"@id\":\"https:\\\/\\\/www.facecorner.lv\\\/shop\\\/dalba-agelles-wrinkle-correcting-multi-balm-9g\\\/#breadcrumb\"},\"inLanguage\":\"en-US\",\"potentialAction\":[{\"@type\":\"ReadAction\",\"target\":[\"https:\\\/\\\/www.facecorner.lv\\\/shop\\\/dalba-agelles-wrinkle-correcting-multi-balm-9g\\\/\"]}]},{\"@type\":\"ImageObject\",\"inLanguage\":\"en-US\",\"@id\":\"https:\\\/\\\/www.facecorner.lv\\\/shop\\\/dalba-agelles-wrinkle-correcting-multi-balm-9g\\\/#primaryimage\",\"url\":\"https:\\\/\\\/www.facecorner.lv\\\/wp-content\\\/uploads\\\/2023\\\/03\\\/dalba_intensive_multi_balm.webp\",\"contentUrl\":\"https:\\\/\\\/www.facecorner.lv\\\/wp-content\\\/uploads\\\/2023\\\/03\\\/dalba_intensive_multi_balm.webp\",\"width\":800,\"height\":800},{\"@type\":\"BreadcrumbList\",\"@id\":\"https:\\\/\\\/www.facecorner.lv\\\/shop\\\/dalba-agelles-wrinkle-correcting-multi-balm-9g\\\/#breadcrumb\",\"itemListElement\":[{\"@type\":\"ListItem\",\"position\":1,\"name\":\"Home\",\"item\":\"https:\\\/\\\/www.facecorner.lv\\\/\"},{\"@type\":\"ListItem\",\"position\":2,\"name\":\"Veikals\",\"item\":\"https:\\\/\\\/www.facecorner.lv\\\/shop\\\/\"},{\"@type\":\"ListItem\",\"position\":3,\"name\":\"d&#8217;Alba Agelles Wrinkle Correcting Multi Balm 9g\"}]},{\"@type\":\"WebSite\",\"@id\":\"https:\\\/\\\/www.facecorner.lv\\\/#website\",\"url\":\"https:\\\/\\\/www.facecorner.lv\\\/\",\"name\":\"Facecorner\",\"description\":\"\",\"publisher\":{\"@id\":\"https:\\\/\\\/www.facecorner.lv\\\/#organization\"},\"potentialAction\":[{\"@type\":\"SearchAction\",\"target\":{\"@type\":\"EntryPoint\",\"urlTemplate\":\"https:\\\/\\\/www.facecorner.lv\\\/?s={search_term_string}\"},\"query-input\":{\"@type\":\"PropertyValueSpecification\",\"valueRequired\":true,\"valueName\":\"search_term_string\"}}],\"inLanguage\":\"en-US\"},{\"@type\":\"Organization\",\"@id\":\"https:\\\/\\\/www.facecorner.lv\\\/#organization\",\"name\":\"Facecorner\",\"url\":\"https:\\\/\\\/www.facecorner.lv\\\/\",\"logo\":{\"@type\":\"ImageObject\",\"inLanguage\":\"en-US\",\"@id\":\"https:\\\/\\\/www.facecorner.lv\\\/#\\\/schema\\\/logo\\\/image\\\/\",\"url\":\"https:\\\/\\\/www.facecorner.lv\\\/wp-content\\\/uploads\\\/2024\\\/04\\\/fc-logo.jpg\",\"contentUrl\":\"https:\\\/\\\/www.facecorner.lv\\\/wp-content\\\/uploads\\\/2024\\\/04\\\/fc-logo.jpg\",\"width\":174,\"height\":28,\"caption\":\"Facecorner\"},\"image\":{\"@id\":\"https:\\\/\\\/www.facecorner.lv\\\/#\\\/schema\\\/logo\\\/image\\\/\"},\"sameAs\":[\"https:\\\/\\\/www.facebook.com\\\/profile.php?id=100063824551839\",\"https:\\\/\\\/www.instagram.com\\\/facecorner_shop\\\/\"]}]}<\/script>\n<meta property=\"product:price:amount\" content=\"35.00\" \/>\n<meta property=\"product:price:currency\" content=\"EUR\" \/>\n<meta property=\"og:availability\" content=\"instock\" \/>\n<meta property=\"product:availability\" content=\"instock\" \/>\n<meta property=\"product:condition\" content=\"new\" \/>\n<!-- \/ Yoast SEO plugin. -->","yoast_head_json":{"title":"d'Alba Agelles Wrinkle Correcting Multi Balm 9g - FACECORNER","description":"d'Alba Agelles Wrinkle Correcting Multi Balm Anti-Wrinkle Stick ar balto trifeli ir daudzfunkcion\u0101ls produkts, kas var \u0101tri nov\u0113rst sausumu.","robots":{"index":"index","follow":"follow","max-snippet":"max-snippet:-1","max-image-preview":"max-image-preview:large","max-video-preview":"max-video-preview:-1"},"canonical":"https:\/\/www.facecorner.lv\/en\/shop\/dalba-agelles-wrinkle-correcting-multi-balm-9g\/","og_locale":"en_US","og_type":"article","og_title":"d'Alba Agelles Wrinkle Correcting Multi Balm 9g - FACECORNER","og_description":"d'Alba Agelles Wrinkle Correcting Multi Balm Anti-Wrinkle Stick ar balto trifeli ir daudzfunkcion\u0101ls produkts, kas var \u0101tri nov\u0113rst sausumu.","og_url":"https:\/\/www.facecorner.lv\/en\/shop\/dalba-agelles-wrinkle-correcting-multi-balm-9g\/","og_site_name":"FACECORNER","article_publisher":"https:\/\/www.facebook.com\/profile.php?id=100063824551839","article_modified_time":"2026-03-27T12:40:51+00:00","og_image":[{"width":800,"height":800,"url":"https:\/\/www.facecorner.lv\/wp-content\/uploads\/2023\/03\/dalba_intensive_multi_balm.webp","type":"image\/webp"}],"twitter_card":"summary_large_image","twitter_misc":{"Price":"&euro;35.00","Availability":"In stock"},"schema":{"@context":"https:\/\/schema.org","@graph":[{"@type":"WebPage","@id":"https:\/\/www.facecorner.lv\/shop\/dalba-agelles-wrinkle-correcting-multi-balm-9g\/","url":"https:\/\/www.facecorner.lv\/shop\/dalba-agelles-wrinkle-correcting-multi-balm-9g\/","name":"d'Alba Agelles Wrinkle Correcting Multi Balm 9g - FACECORNER","isPartOf":{"@id":"https:\/\/www.facecorner.lv\/#website"},"primaryImageOfPage":{"@id":"https:\/\/www.facecorner.lv\/shop\/dalba-agelles-wrinkle-correcting-multi-balm-9g\/#primaryimage"},"image":{"@id":"https:\/\/www.facecorner.lv\/shop\/dalba-agelles-wrinkle-correcting-multi-balm-9g\/#primaryimage"},"thumbnailUrl":"https:\/\/www.facecorner.lv\/wp-content\/uploads\/2023\/03\/dalba_intensive_multi_balm.webp","datePublished":"2023-03-30T07:45:50+00:00","dateModified":"2026-03-27T12:40:51+00:00","description":"d'Alba Agelles Wrinkle Correcting Multi Balm Anti-Wrinkle Stick ar balto trifeli ir daudzfunkcion\u0101ls produkts, kas var \u0101tri nov\u0113rst sausumu.","breadcrumb":{"@id":"https:\/\/www.facecorner.lv\/shop\/dalba-agelles-wrinkle-correcting-multi-balm-9g\/#breadcrumb"},"inLanguage":"en-US","potentialAction":[{"@type":"ReadAction","target":["https:\/\/www.facecorner.lv\/shop\/dalba-agelles-wrinkle-correcting-multi-balm-9g\/"]}]},{"@type":"ImageObject","inLanguage":"en-US","@id":"https:\/\/www.facecorner.lv\/shop\/dalba-agelles-wrinkle-correcting-multi-balm-9g\/#primaryimage","url":"https:\/\/www.facecorner.lv\/wp-content\/uploads\/2023\/03\/dalba_intensive_multi_balm.webp","contentUrl":"https:\/\/www.facecorner.lv\/wp-content\/uploads\/2023\/03\/dalba_intensive_multi_balm.webp","width":800,"height":800},{"@type":"BreadcrumbList","@id":"https:\/\/www.facecorner.lv\/shop\/dalba-agelles-wrinkle-correcting-multi-balm-9g\/#breadcrumb","itemListElement":[{"@type":"ListItem","position":1,"name":"Home","item":"https:\/\/www.facecorner.lv\/"},{"@type":"ListItem","position":2,"name":"Veikals","item":"https:\/\/www.facecorner.lv\/shop\/"},{"@type":"ListItem","position":3,"name":"d&#8217;Alba Agelles Wrinkle Correcting Multi Balm 9g"}]},{"@type":"WebSite","@id":"https:\/\/www.facecorner.lv\/#website","url":"https:\/\/www.facecorner.lv\/","name":"Facecorner","description":"","publisher":{"@id":"https:\/\/www.facecorner.lv\/#organization"},"potentialAction":[{"@type":"SearchAction","target":{"@type":"EntryPoint","urlTemplate":"https:\/\/www.facecorner.lv\/?s={search_term_string}"},"query-input":{"@type":"PropertyValueSpecification","valueRequired":true,"valueName":"search_term_string"}}],"inLanguage":"en-US"},{"@type":"Organization","@id":"https:\/\/www.facecorner.lv\/#organization","name":"Facecorner","url":"https:\/\/www.facecorner.lv\/","logo":{"@type":"ImageObject","inLanguage":"en-US","@id":"https:\/\/www.facecorner.lv\/#\/schema\/logo\/image\/","url":"https:\/\/www.facecorner.lv\/wp-content\/uploads\/2024\/04\/fc-logo.jpg","contentUrl":"https:\/\/www.facecorner.lv\/wp-content\/uploads\/2024\/04\/fc-logo.jpg","width":174,"height":28,"caption":"Facecorner"},"image":{"@id":"https:\/\/www.facecorner.lv\/#\/schema\/logo\/image\/"},"sameAs":["https:\/\/www.facebook.com\/profile.php?id=100063824551839","https:\/\/www.instagram.com\/facecorner_shop\/"]}]},"product_price_amount":"35.00","product_price_currency":"EUR","og_availability":"instock","product_availability":"instock","product_condition":"new"},"_links":{"self":[{"href":"https:\/\/www.facecorner.lv\/en\/wp-json\/wp\/v2\/product\/8748","targetHints":{"allow":["GET"]}}],"collection":[{"href":"https:\/\/www.facecorner.lv\/en\/wp-json\/wp\/v2\/product"}],"about":[{"href":"https:\/\/www.facecorner.lv\/en\/wp-json\/wp\/v2\/types\/product"}],"replies":[{"embeddable":true,"href":"https:\/\/www.facecorner.lv\/en\/wp-json\/wp\/v2\/comments?post=8748"}],"wp:featuredmedia":[{"embeddable":true,"href":"https:\/\/www.facecorner.lv\/en\/wp-json\/wp\/v2\/media\/21538"}],"wp:attachment":[{"href":"https:\/\/www.facecorner.lv\/en\/wp-json\/wp\/v2\/media?parent=8748"}],"wp:term":[{"taxonomy":"product_brand","embeddable":true,"href":"https:\/\/www.facecorner.lv\/en\/wp-json\/wp\/v2\/product_brand?post=8748"},{"taxonomy":"product_cat","embeddable":true,"href":"https:\/\/www.facecorner.lv\/en\/wp-json\/wp\/v2\/product_cat?post=8748"},{"taxonomy":"product_tag","embeddable":true,"href":"https:\/\/www.facecorner.lv\/en\/wp-json\/wp\/v2\/product_tag?post=8748"},{"taxonomy":"berocket_brand","embeddable":true,"href":"https:\/\/www.facecorner.lv\/en\/wp-json\/wp\/v2\/berocket_brand?post=8748"}],"curies":[{"name":"wp","href":"https:\/\/api.w.org\/{rel}","templated":true}]}}