{"id":8742,"date":"2023-03-30T09:39:12","date_gmt":"2023-03-30T07:39:12","guid":{"rendered":"https:\/\/facecorner.shop\/?post_type=product&#038;p=8742"},"modified":"2026-03-18T11:57:31","modified_gmt":"2026-03-18T08:57:31","slug":"dalba-white-truffle-supreme-intensive-serum-100ml","status":"publish","type":"product","link":"https:\/\/www.facecorner.lv\/en\/shop\/dalba-white-truffle-supreme-intensive-serum-100ml\/","title":{"rendered":"d&#8217;Alba White Truffle Supreme Intensive Serum 100ml\/50ml"},"content":{"rendered":"<p>d&#8217;Alba White Truffle Supreme Intensive Serum \u00a0Antioksidantu izsmidzin\u0101mais serums ar balto trifeli d&#8217;Alba White Truffle Supreme Intensive Serum acumirkl\u012b mitrina, baro un izl\u012bdzina \u0101du, ilgsto\u0161i lietojot paaugstina tvirtumu un elast\u012bbu, pal\u0113nina noveco\u0161an\u0101s procesus. Pie\u0161\u0137ir dabisku mirdzumu un uzlabo \u0101das tekst\u016bru. Produktam uz kolag\u0113na b\u0101zes ir divf\u0101zu tekst\u016bra, tas satur 8 barojo\u0161as e\u013c\u013cas, Trufferol\u2122 kompleksu un pept\u012bdus. Veg\u0101nu formula nesatur dz\u012bvnieku izcelsmes sast\u0101vda\u013cas.<\/p>\n<p>Certified vegan after meticulous testing by Italian V-label, dermatologically tested, and hypoallergenic- it delivers a luxurious vegan experience that makeup artists and celebrities love.\nMulti-functional: mist + serum + setting spray. It is suitable for every step of your skincare and makeup routine. *Dermatologically tested, hypoallergenic<\/p>\n<p>Suitable for all skin types.<\/p>\n<p><strong>How to use:<\/strong> Shake and spritz as much as you please right after cleansing to add moisture and nutrients to your skin. Can be used in between any step of your skincare.\n\nBefore\/After Makeup: Shake and spritz before your makeup to prep your skin and after your makeup to set it and add the glow.<\/p>\n<p><strong>Ingredientes:<\/strong>Collagen Extract, Helianthus Annuus (Sunflower) Seed Oil, Dipropylene Glycol, Glycereth-26, 1,2-Hexanediol, Niacinamide, Tuber Magnatum Extract, Polypropylsilsesquioxane, Tocopherol, Caprylic\/Capric Triglyceride, Macadamia Ternifolia Seed Oil, Butylene Glycol, Hydroxyethyl Urea, Betaine, Camellia Japonica Seed Oil, Persea Gratissima (Avocado) Oil, Eucalyptus Globulus Leaf Water, Saccharide Isomerate, Centella Asiatica Leaf Extract, Glyceryl Glucoside, Glycerin, Ethylhexylglycerin, Carthamus Tinctorius (Safflower) Seed Oil, Dipotassium Glycyrrhizate, Disodium EDTA, Olea Europaea (Olive) Fruit Oil, Pentaerythrityl Tetra-di-t-butyl Hydroxyhydrocinnamate, Simmondsia Chinensis (Jojoba) Seed Oil, Adenosine, Ocimum Basilicum (Basil) Flower\/Leaf\/Stem Extract, Glycine Soja (Soybean) Oil, Avena Sativa (Oat) Kernel Extract, Salvia Hispanica Seed Extract, Nelumbo Nucifera Flower Extract, Oryza Sativa (Rice) Extract, Artemisia Annua Extract, Saccharomyces Ferment, Bifida Ferment Lysate, Hibiscus Esculentus Fruit Extract, Hydrolyzed Hyaluronic Acid, Oenothera Biennis (Evening Primrose) Oil, Rosa Centifolia Flower Water, Chamomilla Recutita (Matricaria) Flower Extract, Hibiscus Sabdariffa Flower Extract, Lavandula Angustifolia (Lavender) Flower Extract, Melissa Officinalis Leaf Extract, Mentha Piperita (Peppermint) Leaf Extract, Mentha Rotundifolia Leaf Extract, Monarda Didyma Leaf Extract, Rosa Centifolia Flower Extract, Rosmarinus Officinalis (Rosemary) Leaf Extract, Salvia Officinalis (Sage) Leaf Extract, Glucose, Mannose, Acrylates\/C10-30 Alkyl Acrylate Crosspolymer, Arginine, Bixa Orellana Seed Oil, Hippophae Rhamnoides Fruit Oil, Citric Acid, Sodium Citrate, Potassium Sorbate, Sodium Palmitoyl Proline, Bellis Perennis (Daisy) Flower Extract, Freesia Refracta Extract, Houttuynia Cordata Extract, Leontopodium Alpinum Extract, Lilium Candidum Flower Extract, Morus Alba Bark Extract, Panax Ginseng Root Extract, Saussurea Involucrata Extract, Avena Sativa (Oat) Meal Extract, Brassica Oleracea Italica (Broccoli) Extract, Camellia Sinensis Leaf Extract, Daucus Carota Sativa (Carrot) Root Extract, Fragaria Vesca (Strawberry) Fruit Extract, Vigna Radiata Seed Extract, Zea Mays (Corn) Kernel Extract, Acetyl Hexapeptide-8, Copper Tripeptide-1, Palmitoyl Pentapeptide 4, Nymphaea Alba Flower Extract, Palmitoyl Hexapeptide-12, Water, Fragrance, Linalool, Hexyl Cinnamal, Limonene, Citronellol<\/p>","protected":false},"excerpt":{"rendered":"<p>d&#8217;Alba White Truffle Supreme Intensive Serum Antioksidantu izsmidzin\u0101mais serums ar balto trifeli acumirkl\u012b mitrina, baro un izl\u012bdzina \u0101du.<\/p>","protected":false},"featured_media":8743,"comment_status":"open","ping_status":"closed","template":"","meta":{"site-sidebar-layout":"default","site-content-layout":"","ast-site-content-layout":"default","site-content-style":"default","site-sidebar-style":"default","ast-global-header-display":"","ast-banner-title-visibility":"","ast-main-header-display":"","ast-hfb-above-header-display":"","ast-hfb-below-header-display":"","ast-hfb-mobile-header-display":"","site-post-title":"","ast-breadcrumbs-content":"","ast-featured-img":"","footer-sml-layout":"","theme-transparent-header-meta":"default","adv-header-id-meta":"","stick-header-meta":"","header-above-stick-meta":"","header-main-stick-meta":"","header-below-stick-meta":"","astra-migrate-meta-layouts":"set","ast-page-background-enabled":"default","ast-page-background-meta":{"desktop":{"background-color":"var(--ast-global-color-4)","background-image":"","background-repeat":"repeat","background-position":"center center","background-size":"auto","background-attachment":"scroll","background-type":"","background-media":"","overlay-type":"","overlay-color":"","overlay-opacity":"","overlay-gradient":""},"tablet":{"background-color":"","background-image":"","background-repeat":"repeat","background-position":"center center","background-size":"auto","background-attachment":"scroll","background-type":"","background-media":"","overlay-type":"","overlay-color":"","overlay-opacity":"","overlay-gradient":""},"mobile":{"background-color":"","background-image":"","background-repeat":"repeat","background-position":"center center","background-size":"auto","background-attachment":"scroll","background-type":"","background-media":"","overlay-type":"","overlay-color":"","overlay-opacity":"","overlay-gradient":""}},"ast-content-background-meta":{"desktop":{"background-color":"var(--ast-global-color-5)","background-image":"","background-repeat":"repeat","background-position":"center center","background-size":"auto","background-attachment":"scroll","background-type":"","background-media":"","overlay-type":"","overlay-color":"","overlay-opacity":"","overlay-gradient":""},"tablet":{"background-color":"var(--ast-global-color-5)","background-image":"","background-repeat":"repeat","background-position":"center center","background-size":"auto","background-attachment":"scroll","background-type":"","background-media":"","overlay-type":"","overlay-color":"","overlay-opacity":"","overlay-gradient":""},"mobile":{"background-color":"var(--ast-global-color-5)","background-image":"","background-repeat":"repeat","background-position":"center center","background-size":"auto","background-attachment":"scroll","background-type":"","background-media":"","overlay-type":"","overlay-color":"","overlay-opacity":"","overlay-gradient":""}}},"product_brand":[],"product_cat":[370,371,372,375,380,378,379,307,363,364],"product_tag":[],"berocket_brand":[572],"class_list":{"0":"post-8742","1":"product","2":"type-product","3":"status-publish","4":"has-post-thumbnail","6":"product_cat-adas-mirdzumam","7":"product_cat-anti-age","8":"product_cat-jutigai-adai-serumi","9":"product_cat-jutigai-adai-toneri","10":"product_cat-kombinetai-adai","11":"product_cat-sausai-adai-toneri","12":"product_cat-sausai-adai-anti-age","13":"product_cat-sejai","14":"product_cat-serumi","15":"product_cat-toneri","16":"berocket_brand-dalba","17":"desktop-align-left","18":"tablet-align-left","19":"mobile-align-left","21":"first","22":"outofstock","23":"taxable","24":"shipping-taxable","25":"purchasable","26":"product-type-variable","27":"add-to-wishlist-before_image"},"yoast_head":"<!-- This site is optimized with the Yoast SEO plugin v27.4 - https:\/\/yoast.com\/product\/yoast-seo-wordpress\/ -->\n<title>d&#039;Alba White Truffle Supreme Intensive Serum 100ml\/50ml - FACECORNER<\/title>\n<meta name=\"description\" content=\"d&#039;Alba White Truffle Supreme Intensive Serum Antioksidantu izsmidzin\u0101mais serums ar balto trifeli acumirkl\u012b mitrina, baro un izl\u012bdzina \u0101du.\" \/>\n<meta name=\"robots\" content=\"index, follow, max-snippet:-1, max-image-preview:large, max-video-preview:-1\" \/>\n<link rel=\"canonical\" href=\"https:\/\/www.facecorner.lv\/en\/shop\/dalba-white-truffle-supreme-intensive-serum-100ml\/\" \/>\n<meta property=\"og:locale\" content=\"en_US\" \/>\n<meta property=\"og:type\" content=\"article\" \/>\n<meta property=\"og:title\" content=\"d&#039;Alba White Truffle Supreme Intensive Serum 100ml\/50ml - FACECORNER\" \/>\n<meta property=\"og:description\" content=\"d&#039;Alba White Truffle Supreme Intensive Serum Antioksidantu izsmidzin\u0101mais serums ar balto trifeli acumirkl\u012b mitrina, baro un izl\u012bdzina \u0101du.\" \/>\n<meta property=\"og:url\" content=\"https:\/\/www.facecorner.lv\/en\/shop\/dalba-white-truffle-supreme-intensive-serum-100ml\/\" \/>\n<meta property=\"og:site_name\" content=\"FACECORNER\" \/>\n<meta property=\"article:publisher\" content=\"https:\/\/www.facebook.com\/profile.php?id=100063824551839\" \/>\n<meta property=\"article:modified_time\" content=\"2026-03-18T08:57:31+00:00\" \/>\n<meta property=\"og:image\" content=\"https:\/\/www.facecorner.lv\/wp-content\/uploads\/2023\/03\/D_Alba-Serum-White-Truffle-Supreme-Intensive100ml-.jpg\" \/>\n\t<meta property=\"og:image:width\" content=\"1000\" \/>\n\t<meta property=\"og:image:height\" content=\"1000\" \/>\n\t<meta property=\"og:image:type\" content=\"image\/jpeg\" \/>\n<meta name=\"twitter:card\" content=\"summary_large_image\" \/>\n<meta name=\"twitter:label1\" content=\"Availability\" \/>\n\t<meta name=\"twitter:data1\" content=\"Out of stock\" \/>\n<script type=\"application\/ld+json\" class=\"yoast-schema-graph\">{\"@context\":\"https:\\\/\\\/schema.org\",\"@graph\":[{\"@type\":\"WebPage\",\"@id\":\"https:\\\/\\\/www.facecorner.lv\\\/shop\\\/dalba-white-truffle-supreme-intensive-serum-100ml\\\/\",\"url\":\"https:\\\/\\\/www.facecorner.lv\\\/shop\\\/dalba-white-truffle-supreme-intensive-serum-100ml\\\/\",\"name\":\"d'Alba White Truffle Supreme Intensive Serum 100ml\\\/50ml - FACECORNER\",\"isPartOf\":{\"@id\":\"https:\\\/\\\/www.facecorner.lv\\\/#website\"},\"primaryImageOfPage\":{\"@id\":\"https:\\\/\\\/www.facecorner.lv\\\/shop\\\/dalba-white-truffle-supreme-intensive-serum-100ml\\\/#primaryimage\"},\"image\":{\"@id\":\"https:\\\/\\\/www.facecorner.lv\\\/shop\\\/dalba-white-truffle-supreme-intensive-serum-100ml\\\/#primaryimage\"},\"thumbnailUrl\":\"https:\\\/\\\/www.facecorner.lv\\\/wp-content\\\/uploads\\\/2023\\\/03\\\/D_Alba-Serum-White-Truffle-Supreme-Intensive100ml-.jpg\",\"datePublished\":\"2023-03-30T07:39:12+00:00\",\"dateModified\":\"2026-03-18T08:57:31+00:00\",\"description\":\"d'Alba White Truffle Supreme Intensive Serum Antioksidantu izsmidzin\u0101mais serums ar balto trifeli acumirkl\u012b mitrina, baro un izl\u012bdzina \u0101du.\",\"breadcrumb\":{\"@id\":\"https:\\\/\\\/www.facecorner.lv\\\/shop\\\/dalba-white-truffle-supreme-intensive-serum-100ml\\\/#breadcrumb\"},\"inLanguage\":\"en-US\",\"potentialAction\":[{\"@type\":\"ReadAction\",\"target\":[\"https:\\\/\\\/www.facecorner.lv\\\/shop\\\/dalba-white-truffle-supreme-intensive-serum-100ml\\\/\"]}]},{\"@type\":\"ImageObject\",\"inLanguage\":\"en-US\",\"@id\":\"https:\\\/\\\/www.facecorner.lv\\\/shop\\\/dalba-white-truffle-supreme-intensive-serum-100ml\\\/#primaryimage\",\"url\":\"https:\\\/\\\/www.facecorner.lv\\\/wp-content\\\/uploads\\\/2023\\\/03\\\/D_Alba-Serum-White-Truffle-Supreme-Intensive100ml-.jpg\",\"contentUrl\":\"https:\\\/\\\/www.facecorner.lv\\\/wp-content\\\/uploads\\\/2023\\\/03\\\/D_Alba-Serum-White-Truffle-Supreme-Intensive100ml-.jpg\",\"width\":1000,\"height\":1000,\"caption\":\"d'Alba White Truffle Supreme Intensive Serum\"},{\"@type\":\"BreadcrumbList\",\"@id\":\"https:\\\/\\\/www.facecorner.lv\\\/shop\\\/dalba-white-truffle-supreme-intensive-serum-100ml\\\/#breadcrumb\",\"itemListElement\":[{\"@type\":\"ListItem\",\"position\":1,\"name\":\"Home\",\"item\":\"https:\\\/\\\/www.facecorner.lv\\\/\"},{\"@type\":\"ListItem\",\"position\":2,\"name\":\"Veikals\",\"item\":\"https:\\\/\\\/www.facecorner.lv\\\/shop\\\/\"},{\"@type\":\"ListItem\",\"position\":3,\"name\":\"d&#8217;Alba White Truffle Supreme Intensive Serum 100ml\\\/50ml\"}]},{\"@type\":\"WebSite\",\"@id\":\"https:\\\/\\\/www.facecorner.lv\\\/#website\",\"url\":\"https:\\\/\\\/www.facecorner.lv\\\/\",\"name\":\"Facecorner\",\"description\":\"\",\"publisher\":{\"@id\":\"https:\\\/\\\/www.facecorner.lv\\\/#organization\"},\"potentialAction\":[{\"@type\":\"SearchAction\",\"target\":{\"@type\":\"EntryPoint\",\"urlTemplate\":\"https:\\\/\\\/www.facecorner.lv\\\/?s={search_term_string}\"},\"query-input\":{\"@type\":\"PropertyValueSpecification\",\"valueRequired\":true,\"valueName\":\"search_term_string\"}}],\"inLanguage\":\"en-US\"},{\"@type\":\"Organization\",\"@id\":\"https:\\\/\\\/www.facecorner.lv\\\/#organization\",\"name\":\"Facecorner\",\"url\":\"https:\\\/\\\/www.facecorner.lv\\\/\",\"logo\":{\"@type\":\"ImageObject\",\"inLanguage\":\"en-US\",\"@id\":\"https:\\\/\\\/www.facecorner.lv\\\/#\\\/schema\\\/logo\\\/image\\\/\",\"url\":\"https:\\\/\\\/www.facecorner.lv\\\/wp-content\\\/uploads\\\/2024\\\/04\\\/fc-logo.jpg\",\"contentUrl\":\"https:\\\/\\\/www.facecorner.lv\\\/wp-content\\\/uploads\\\/2024\\\/04\\\/fc-logo.jpg\",\"width\":174,\"height\":28,\"caption\":\"Facecorner\"},\"image\":{\"@id\":\"https:\\\/\\\/www.facecorner.lv\\\/#\\\/schema\\\/logo\\\/image\\\/\"},\"sameAs\":[\"https:\\\/\\\/www.facebook.com\\\/profile.php?id=100063824551839\",\"https:\\\/\\\/www.instagram.com\\\/facecorner_shop\\\/\"]}]}<\/script>\n<meta property=\"og:availability\" content=\"out of stock\" \/>\n<meta property=\"product:availability\" content=\"out of stock\" \/>\n<meta property=\"product:condition\" content=\"new\" \/>\n<!-- \/ Yoast SEO plugin. -->","yoast_head_json":{"title":"d'Alba White Truffle Supreme Intensive Serum 100ml\/50ml - FACECORNER","description":"d'Alba White Truffle Supreme Intensive Serum Antioksidantu izsmidzin\u0101mais serums ar balto trifeli acumirkl\u012b mitrina, baro un izl\u012bdzina \u0101du.","robots":{"index":"index","follow":"follow","max-snippet":"max-snippet:-1","max-image-preview":"max-image-preview:large","max-video-preview":"max-video-preview:-1"},"canonical":"https:\/\/www.facecorner.lv\/en\/shop\/dalba-white-truffle-supreme-intensive-serum-100ml\/","og_locale":"en_US","og_type":"article","og_title":"d'Alba White Truffle Supreme Intensive Serum 100ml\/50ml - FACECORNER","og_description":"d'Alba White Truffle Supreme Intensive Serum Antioksidantu izsmidzin\u0101mais serums ar balto trifeli acumirkl\u012b mitrina, baro un izl\u012bdzina \u0101du.","og_url":"https:\/\/www.facecorner.lv\/en\/shop\/dalba-white-truffle-supreme-intensive-serum-100ml\/","og_site_name":"FACECORNER","article_publisher":"https:\/\/www.facebook.com\/profile.php?id=100063824551839","article_modified_time":"2026-03-18T08:57:31+00:00","og_image":[{"width":1000,"height":1000,"url":"https:\/\/www.facecorner.lv\/wp-content\/uploads\/2023\/03\/D_Alba-Serum-White-Truffle-Supreme-Intensive100ml-.jpg","type":"image\/jpeg"}],"twitter_card":"summary_large_image","twitter_misc":{"Availability":"Out of stock"},"schema":{"@context":"https:\/\/schema.org","@graph":[{"@type":"WebPage","@id":"https:\/\/www.facecorner.lv\/shop\/dalba-white-truffle-supreme-intensive-serum-100ml\/","url":"https:\/\/www.facecorner.lv\/shop\/dalba-white-truffle-supreme-intensive-serum-100ml\/","name":"d'Alba White Truffle Supreme Intensive Serum 100ml\/50ml - FACECORNER","isPartOf":{"@id":"https:\/\/www.facecorner.lv\/#website"},"primaryImageOfPage":{"@id":"https:\/\/www.facecorner.lv\/shop\/dalba-white-truffle-supreme-intensive-serum-100ml\/#primaryimage"},"image":{"@id":"https:\/\/www.facecorner.lv\/shop\/dalba-white-truffle-supreme-intensive-serum-100ml\/#primaryimage"},"thumbnailUrl":"https:\/\/www.facecorner.lv\/wp-content\/uploads\/2023\/03\/D_Alba-Serum-White-Truffle-Supreme-Intensive100ml-.jpg","datePublished":"2023-03-30T07:39:12+00:00","dateModified":"2026-03-18T08:57:31+00:00","description":"d'Alba White Truffle Supreme Intensive Serum Antioksidantu izsmidzin\u0101mais serums ar balto trifeli acumirkl\u012b mitrina, baro un izl\u012bdzina \u0101du.","breadcrumb":{"@id":"https:\/\/www.facecorner.lv\/shop\/dalba-white-truffle-supreme-intensive-serum-100ml\/#breadcrumb"},"inLanguage":"en-US","potentialAction":[{"@type":"ReadAction","target":["https:\/\/www.facecorner.lv\/shop\/dalba-white-truffle-supreme-intensive-serum-100ml\/"]}]},{"@type":"ImageObject","inLanguage":"en-US","@id":"https:\/\/www.facecorner.lv\/shop\/dalba-white-truffle-supreme-intensive-serum-100ml\/#primaryimage","url":"https:\/\/www.facecorner.lv\/wp-content\/uploads\/2023\/03\/D_Alba-Serum-White-Truffle-Supreme-Intensive100ml-.jpg","contentUrl":"https:\/\/www.facecorner.lv\/wp-content\/uploads\/2023\/03\/D_Alba-Serum-White-Truffle-Supreme-Intensive100ml-.jpg","width":1000,"height":1000,"caption":"d'Alba White Truffle Supreme Intensive Serum"},{"@type":"BreadcrumbList","@id":"https:\/\/www.facecorner.lv\/shop\/dalba-white-truffle-supreme-intensive-serum-100ml\/#breadcrumb","itemListElement":[{"@type":"ListItem","position":1,"name":"Home","item":"https:\/\/www.facecorner.lv\/"},{"@type":"ListItem","position":2,"name":"Veikals","item":"https:\/\/www.facecorner.lv\/shop\/"},{"@type":"ListItem","position":3,"name":"d&#8217;Alba White Truffle Supreme Intensive Serum 100ml\/50ml"}]},{"@type":"WebSite","@id":"https:\/\/www.facecorner.lv\/#website","url":"https:\/\/www.facecorner.lv\/","name":"Facecorner","description":"","publisher":{"@id":"https:\/\/www.facecorner.lv\/#organization"},"potentialAction":[{"@type":"SearchAction","target":{"@type":"EntryPoint","urlTemplate":"https:\/\/www.facecorner.lv\/?s={search_term_string}"},"query-input":{"@type":"PropertyValueSpecification","valueRequired":true,"valueName":"search_term_string"}}],"inLanguage":"en-US"},{"@type":"Organization","@id":"https:\/\/www.facecorner.lv\/#organization","name":"Facecorner","url":"https:\/\/www.facecorner.lv\/","logo":{"@type":"ImageObject","inLanguage":"en-US","@id":"https:\/\/www.facecorner.lv\/#\/schema\/logo\/image\/","url":"https:\/\/www.facecorner.lv\/wp-content\/uploads\/2024\/04\/fc-logo.jpg","contentUrl":"https:\/\/www.facecorner.lv\/wp-content\/uploads\/2024\/04\/fc-logo.jpg","width":174,"height":28,"caption":"Facecorner"},"image":{"@id":"https:\/\/www.facecorner.lv\/#\/schema\/logo\/image\/"},"sameAs":["https:\/\/www.facebook.com\/profile.php?id=100063824551839","https:\/\/www.instagram.com\/facecorner_shop\/"]}]},"og_availability":"out of stock","product_availability":"out of stock","product_condition":"new"},"_links":{"self":[{"href":"https:\/\/www.facecorner.lv\/en\/wp-json\/wp\/v2\/product\/8742","targetHints":{"allow":["GET"]}}],"collection":[{"href":"https:\/\/www.facecorner.lv\/en\/wp-json\/wp\/v2\/product"}],"about":[{"href":"https:\/\/www.facecorner.lv\/en\/wp-json\/wp\/v2\/types\/product"}],"replies":[{"embeddable":true,"href":"https:\/\/www.facecorner.lv\/en\/wp-json\/wp\/v2\/comments?post=8742"}],"wp:featuredmedia":[{"embeddable":true,"href":"https:\/\/www.facecorner.lv\/en\/wp-json\/wp\/v2\/media\/8743"}],"wp:attachment":[{"href":"https:\/\/www.facecorner.lv\/en\/wp-json\/wp\/v2\/media?parent=8742"}],"wp:term":[{"taxonomy":"product_brand","embeddable":true,"href":"https:\/\/www.facecorner.lv\/en\/wp-json\/wp\/v2\/product_brand?post=8742"},{"taxonomy":"product_cat","embeddable":true,"href":"https:\/\/www.facecorner.lv\/en\/wp-json\/wp\/v2\/product_cat?post=8742"},{"taxonomy":"product_tag","embeddable":true,"href":"https:\/\/www.facecorner.lv\/en\/wp-json\/wp\/v2\/product_tag?post=8742"},{"taxonomy":"berocket_brand","embeddable":true,"href":"https:\/\/www.facecorner.lv\/en\/wp-json\/wp\/v2\/berocket_brand?post=8742"}],"curies":[{"name":"wp","href":"https:\/\/api.w.org\/{rel}","templated":true}]}}