{"id":8727,"date":"2023-03-29T20:20:24","date_gmt":"2023-03-29T18:20:24","guid":{"rendered":"https:\/\/facecorner.shop\/?post_type=product&#038;p=8727"},"modified":"2025-09-15T15:39:13","modified_gmt":"2025-09-15T12:39:13","slug":"medi-peel-red-lacto-collagen-eye-patch","status":"publish","type":"product","link":"https:\/\/www.facecorner.lv\/en\/shop\/medi-peel-red-lacto-collagen-eye-patch\/","title":{"rendered":"Medi-Peel Red Lacto Collagen Eye Patch"},"content":{"rendered":"<p>Kolag\u0113na acu pl\u0101ksteri ar lactobacilli Medi-Peel Red Lacto Collagen Eye Patch izl\u012bdzina, pievelk un pievelk zonu ap ac\u012bm, pal\u0113ninot pirm\u0101s ar vecumu saist\u012bt\u0101s izmai\u0146as. Instruments samazina tum\u0161o loku smagumu, pie\u0161\u0137ir dabisku mirdzumu. Viegli un elast\u012bgi, pl\u0101ksteri nenoslogo, neatst\u0101j lip\u012bgumu, lieliski piel\u012bp pie \u0101das. Tie satur zemas molekulmasas hidroliz\u0113tu kolag\u0113nu, kas ies\u016bcas dzi\u013ci epiderm\u0101, k\u0101 ar\u012b aminosk\u0101bju kompleksu, laktobacillus, 7 veidu hialuronsk\u0101bes un \u012bru s\u016bnu ekstraktu.<\/p>\n<p>Pl\u0101ksteri satur kolag\u0113na ekstraktu (93 000 ppm) un hidroliz\u0113tu kolag\u0113nu (0,93 ppm), akt\u012bvu, kas zem\u0101 molekul\u0101r\u0101 izm\u0113ra d\u0113\u013c ies\u016bcas dzi\u013ci epiderm\u0101, intens\u012bvi mitrina un nofiks\u0113 mitrumu, izl\u012bdzina grumbas un uzlabo \u0101das tekst\u016bru.<\/p>\n<p>Sast\u0101v\u0101 eso\u0161ais lactobacillus enz\u012bms (902,1 ppm) normaliz\u0113 mikrobiotu, nom\u0101c iekaisuma procesu un c\u012bn\u0101s ar priek\u0161laic\u012bgu noveco\u0161anos, izl\u012bdzina tonusu, uzlabo kolag\u0113na strukt\u016bru un palielina elast\u012bbu.<\/p>\n<p><strong>How to use:<\/strong> P\u0113c t\u012br\u012b\u0161anas un toniz\u0113\u0161anas izmantojiet l\u0101psti\u0146u, lai uzkl\u0101tu pl\u0101ksterus zem ac\u012bm vai jebkurai citai vietai, kurai nepiecie\u0161ama mitrin\u0101\u0161ana un pretnoveco\u0161an\u0101s kop\u0161ana, piem\u0113ram, nasolabi\u0101l\u0101s krok\u0101s un starp uzac\u012bm. No\u0146emiet p\u0113c 20-30 min\u016bt\u0113m, viegli nositiet ar pirkstu galiem, lai uzs\u016bktu atliku\u0161o esenci.<\/p>\n<p><strong>Ingredientes:<\/strong>Water, glycerin, collagen extract (93,000 ppm), niacinamide, carrageenan, butylene glycol, ethylhexanediol, carobgum, guar gum, pentylene glycol, kuju pine leaf extract, calcium chloride, allantoin, sucrose, cellulose gum, 1,2-Hexanediol, potassium chloride, propanediol, polyglyceryl-10 laurate, castor seed oil, lactobacillus ferment (902.1 ppm), star anise extract, titanium dioxide, calcium lactate, adenosine, hexylene glycol, arginine, ethylhexylglycerin, synthetic fluorophlogopite, disodium edta, hydroxyacetophenone, polymethylsilsesquioxane, pear extract, pinewood leaf\/stem extract, silica, polyglyceryl-10 oleate, apple extract, beach strawberry extract, caprylic\/capric triglycerides, shea butter, sodium hyaluronate, hydroxypropyltrimonium hyaluronate, hydrolyzed collagen (0.93 ppm), bladder rack extract, honey grass extract, glycine, glutamic acid, Giant pine leaf extract, elm root extract, evening primrose extract, arrowroot extract, sodium acetylated hyaluronate, hydrolyzed hyaluronic acid, aspartic acid, sodium hyaluronate crosspolymer, hyaluronic acid, lysine, histidine, threonine, serine, proline, alanine, valine, methionine, isoleucine, leucine, tyrosine, phenylalanine, cysteine, potassium hyaluronate<\/p>","protected":false},"excerpt":{"rendered":"<p>Kolag\u0113na acu pl\u0101ksteri ar lactobacilli Medi-Peel Red Lacto Collagen Eye Patch izl\u012bdzina, pievelk un pievelk zonu ap ac\u012bm, pal\u0113ninot pirm\u0101s ar vecumu saist\u012bt\u0101s izmai\u0146as. Instruments samazina tum\u0161o loku smagumu, pie\u0161\u0137ir dabisku mirdzumu. Viegli un elast\u012bgi, pl\u0101ksteri nenoslogo, neatst\u0101j lip\u012bgumu, lieliski piel\u012bp pie \u0101das. Tie satur zemas molekulmasas hidroliz\u0113tu kolag\u0113nu, kas ies\u016bcas dzi\u013ci epiderm\u0101, k\u0101 ar\u012b [&hellip;]<\/p>\n","protected":false},"featured_media":8728,"comment_status":"open","ping_status":"closed","template":"","meta":{"site-sidebar-layout":"default","site-content-layout":"","ast-site-content-layout":"","site-content-style":"default","site-sidebar-style":"default","ast-global-header-display":"","ast-banner-title-visibility":"","ast-main-header-display":"","ast-hfb-above-header-display":"","ast-hfb-below-header-display":"","ast-hfb-mobile-header-display":"","site-post-title":"","ast-breadcrumbs-content":"","ast-featured-img":"","footer-sml-layout":"","theme-transparent-header-meta":"","adv-header-id-meta":"","stick-header-meta":"","header-above-stick-meta":"","header-main-stick-meta":"","header-below-stick-meta":"","astra-migrate-meta-layouts":"default","ast-page-background-enabled":"default","ast-page-background-meta":{"desktop":{"background-color":"var(--ast-global-color-4)","background-image":"","background-repeat":"repeat","background-position":"center center","background-size":"auto","background-attachment":"scroll","background-type":"","background-media":"","overlay-type":"","overlay-color":"","overlay-opacity":"","overlay-gradient":""},"tablet":{"background-color":"","background-image":"","background-repeat":"repeat","background-position":"center center","background-size":"auto","background-attachment":"scroll","background-type":"","background-media":"","overlay-type":"","overlay-color":"","overlay-opacity":"","overlay-gradient":""},"mobile":{"background-color":"","background-image":"","background-repeat":"repeat","background-position":"center center","background-size":"auto","background-attachment":"scroll","background-type":"","background-media":"","overlay-type":"","overlay-color":"","overlay-opacity":"","overlay-gradient":""}},"ast-content-background-meta":{"desktop":{"background-color":"var(--ast-global-color-5)","background-image":"","background-repeat":"repeat","background-position":"center center","background-size":"auto","background-attachment":"scroll","background-type":"","background-media":"","overlay-type":"","overlay-color":"","overlay-opacity":"","overlay-gradient":""},"tablet":{"background-color":"var(--ast-global-color-5)","background-image":"","background-repeat":"repeat","background-position":"center center","background-size":"auto","background-attachment":"scroll","background-type":"","background-media":"","overlay-type":"","overlay-color":"","overlay-opacity":"","overlay-gradient":""},"mobile":{"background-color":"var(--ast-global-color-5)","background-image":"","background-repeat":"repeat","background-position":"center center","background-size":"auto","background-attachment":"scroll","background-type":"","background-media":"","overlay-type":"","overlay-color":"","overlay-opacity":"","overlay-gradient":""}}},"product_brand":[],"product_cat":[327],"product_tag":[],"berocket_brand":[583],"class_list":{"0":"post-8727","1":"product","2":"type-product","3":"status-publish","4":"has-post-thumbnail","6":"product_cat-patci","7":"berocket_brand-medi-peel","8":"desktop-align-left","9":"tablet-align-left","10":"mobile-align-left","12":"first","13":"outofstock","14":"taxable","15":"shipping-taxable","16":"purchasable","17":"product-type-simple","18":"add-to-wishlist-before_image"},"yoast_head":"<!-- This site is optimized with the Yoast SEO plugin v27.4 - https:\/\/yoast.com\/product\/yoast-seo-wordpress\/ -->\n<title>Medi-Peel Red Lacto Collagen Eye Patch - FACECORNER<\/title>\n<meta name=\"robots\" content=\"index, follow, max-snippet:-1, max-image-preview:large, max-video-preview:-1\" \/>\n<link rel=\"canonical\" href=\"https:\/\/www.facecorner.lv\/en\/shop\/medi-peel-red-lacto-collagen-eye-patch\/\" \/>\n<meta property=\"og:locale\" content=\"en_US\" \/>\n<meta property=\"og:type\" content=\"article\" \/>\n<meta property=\"og:title\" content=\"Medi-Peel Red Lacto Collagen Eye Patch - FACECORNER\" \/>\n<meta property=\"og:description\" content=\"Kolag\u0113na acu pl\u0101ksteri ar lactobacilli Medi-Peel Red Lacto Collagen Eye Patch izl\u012bdzina, pievelk un pievelk zonu ap ac\u012bm, pal\u0113ninot pirm\u0101s ar vecumu saist\u012bt\u0101s izmai\u0146as. Instruments samazina tum\u0161o loku smagumu, pie\u0161\u0137ir dabisku mirdzumu. Viegli un elast\u012bgi, pl\u0101ksteri nenoslogo, neatst\u0101j lip\u012bgumu, lieliski piel\u012bp pie \u0101das. Tie satur zemas molekulmasas hidroliz\u0113tu kolag\u0113nu, kas ies\u016bcas dzi\u013ci epiderm\u0101, k\u0101 ar\u012b [&hellip;]\" \/>\n<meta property=\"og:url\" content=\"https:\/\/www.facecorner.lv\/en\/shop\/medi-peel-red-lacto-collagen-eye-patch\/\" \/>\n<meta property=\"og:site_name\" content=\"FACECORNER\" \/>\n<meta property=\"article:publisher\" content=\"https:\/\/www.facebook.com\/profile.php?id=100063824551839\" \/>\n<meta property=\"article:modified_time\" content=\"2025-09-15T12:39:13+00:00\" \/>\n<meta property=\"og:image\" content=\"https:\/\/www.facecorner.lv\/wp-content\/uploads\/2023\/03\/MPL148-1000x1000-1.jpg\" \/>\n\t<meta property=\"og:image:width\" content=\"1000\" \/>\n\t<meta property=\"og:image:height\" content=\"1000\" \/>\n\t<meta property=\"og:image:type\" content=\"image\/jpeg\" \/>\n<meta name=\"twitter:card\" content=\"summary_large_image\" \/>\n<meta name=\"twitter:label1\" content=\"Price\" \/>\n\t<meta name=\"twitter:data1\" content=\"&euro;24.20\" \/>\n\t<meta name=\"twitter:label2\" content=\"Availability\" \/>\n\t<meta name=\"twitter:data2\" content=\"Out of stock\" \/>\n<script type=\"application\/ld+json\" class=\"yoast-schema-graph\">{\"@context\":\"https:\\\/\\\/schema.org\",\"@graph\":[{\"@type\":\"WebPage\",\"@id\":\"https:\\\/\\\/www.facecorner.lv\\\/shop\\\/medi-peel-red-lacto-collagen-eye-patch\\\/\",\"url\":\"https:\\\/\\\/www.facecorner.lv\\\/shop\\\/medi-peel-red-lacto-collagen-eye-patch\\\/\",\"name\":\"Medi-Peel Red Lacto Collagen Eye Patch - FACECORNER\",\"isPartOf\":{\"@id\":\"https:\\\/\\\/www.facecorner.lv\\\/#website\"},\"primaryImageOfPage\":{\"@id\":\"https:\\\/\\\/www.facecorner.lv\\\/shop\\\/medi-peel-red-lacto-collagen-eye-patch\\\/#primaryimage\"},\"image\":{\"@id\":\"https:\\\/\\\/www.facecorner.lv\\\/shop\\\/medi-peel-red-lacto-collagen-eye-patch\\\/#primaryimage\"},\"thumbnailUrl\":\"https:\\\/\\\/www.facecorner.lv\\\/wp-content\\\/uploads\\\/2023\\\/03\\\/MPL148-1000x1000-1.jpg\",\"datePublished\":\"2023-03-29T18:20:24+00:00\",\"dateModified\":\"2025-09-15T12:39:13+00:00\",\"breadcrumb\":{\"@id\":\"https:\\\/\\\/www.facecorner.lv\\\/shop\\\/medi-peel-red-lacto-collagen-eye-patch\\\/#breadcrumb\"},\"inLanguage\":\"en-US\",\"potentialAction\":[{\"@type\":\"ReadAction\",\"target\":[\"https:\\\/\\\/www.facecorner.lv\\\/shop\\\/medi-peel-red-lacto-collagen-eye-patch\\\/\"]}]},{\"@type\":\"ImageObject\",\"inLanguage\":\"en-US\",\"@id\":\"https:\\\/\\\/www.facecorner.lv\\\/shop\\\/medi-peel-red-lacto-collagen-eye-patch\\\/#primaryimage\",\"url\":\"https:\\\/\\\/www.facecorner.lv\\\/wp-content\\\/uploads\\\/2023\\\/03\\\/MPL148-1000x1000-1.jpg\",\"contentUrl\":\"https:\\\/\\\/www.facecorner.lv\\\/wp-content\\\/uploads\\\/2023\\\/03\\\/MPL148-1000x1000-1.jpg\",\"width\":1000,\"height\":1000},{\"@type\":\"BreadcrumbList\",\"@id\":\"https:\\\/\\\/www.facecorner.lv\\\/shop\\\/medi-peel-red-lacto-collagen-eye-patch\\\/#breadcrumb\",\"itemListElement\":[{\"@type\":\"ListItem\",\"position\":1,\"name\":\"Home\",\"item\":\"https:\\\/\\\/www.facecorner.lv\\\/\"},{\"@type\":\"ListItem\",\"position\":2,\"name\":\"Veikals\",\"item\":\"https:\\\/\\\/www.facecorner.lv\\\/shop\\\/\"},{\"@type\":\"ListItem\",\"position\":3,\"name\":\"Medi-Peel Red Lacto Collagen Eye Patch\"}]},{\"@type\":\"WebSite\",\"@id\":\"https:\\\/\\\/www.facecorner.lv\\\/#website\",\"url\":\"https:\\\/\\\/www.facecorner.lv\\\/\",\"name\":\"Facecorner\",\"description\":\"\",\"publisher\":{\"@id\":\"https:\\\/\\\/www.facecorner.lv\\\/#organization\"},\"potentialAction\":[{\"@type\":\"SearchAction\",\"target\":{\"@type\":\"EntryPoint\",\"urlTemplate\":\"https:\\\/\\\/www.facecorner.lv\\\/?s={search_term_string}\"},\"query-input\":{\"@type\":\"PropertyValueSpecification\",\"valueRequired\":true,\"valueName\":\"search_term_string\"}}],\"inLanguage\":\"en-US\"},{\"@type\":\"Organization\",\"@id\":\"https:\\\/\\\/www.facecorner.lv\\\/#organization\",\"name\":\"Facecorner\",\"url\":\"https:\\\/\\\/www.facecorner.lv\\\/\",\"logo\":{\"@type\":\"ImageObject\",\"inLanguage\":\"en-US\",\"@id\":\"https:\\\/\\\/www.facecorner.lv\\\/#\\\/schema\\\/logo\\\/image\\\/\",\"url\":\"https:\\\/\\\/www.facecorner.lv\\\/wp-content\\\/uploads\\\/2024\\\/04\\\/fc-logo.jpg\",\"contentUrl\":\"https:\\\/\\\/www.facecorner.lv\\\/wp-content\\\/uploads\\\/2024\\\/04\\\/fc-logo.jpg\",\"width\":174,\"height\":28,\"caption\":\"Facecorner\"},\"image\":{\"@id\":\"https:\\\/\\\/www.facecorner.lv\\\/#\\\/schema\\\/logo\\\/image\\\/\"},\"sameAs\":[\"https:\\\/\\\/www.facebook.com\\\/profile.php?id=100063824551839\",\"https:\\\/\\\/www.instagram.com\\\/facecorner_shop\\\/\"]}]}<\/script>\n<meta property=\"product:price:amount\" content=\"24.20\" \/>\n<meta property=\"product:price:currency\" content=\"EUR\" \/>\n<meta property=\"og:availability\" content=\"out of stock\" \/>\n<meta property=\"product:availability\" content=\"out of stock\" \/>\n<meta property=\"product:condition\" content=\"new\" \/>\n<!-- \/ Yoast SEO plugin. -->","yoast_head_json":{"title":"Medi-Peel Red Lacto Collagen Eye Patch - FACECORNER","robots":{"index":"index","follow":"follow","max-snippet":"max-snippet:-1","max-image-preview":"max-image-preview:large","max-video-preview":"max-video-preview:-1"},"canonical":"https:\/\/www.facecorner.lv\/en\/shop\/medi-peel-red-lacto-collagen-eye-patch\/","og_locale":"en_US","og_type":"article","og_title":"Medi-Peel Red Lacto Collagen Eye Patch - FACECORNER","og_description":"Kolag\u0113na acu pl\u0101ksteri ar lactobacilli Medi-Peel Red Lacto Collagen Eye Patch izl\u012bdzina, pievelk un pievelk zonu ap ac\u012bm, pal\u0113ninot pirm\u0101s ar vecumu saist\u012bt\u0101s izmai\u0146as. Instruments samazina tum\u0161o loku smagumu, pie\u0161\u0137ir dabisku mirdzumu. Viegli un elast\u012bgi, pl\u0101ksteri nenoslogo, neatst\u0101j lip\u012bgumu, lieliski piel\u012bp pie \u0101das. Tie satur zemas molekulmasas hidroliz\u0113tu kolag\u0113nu, kas ies\u016bcas dzi\u013ci epiderm\u0101, k\u0101 ar\u012b [&hellip;]","og_url":"https:\/\/www.facecorner.lv\/en\/shop\/medi-peel-red-lacto-collagen-eye-patch\/","og_site_name":"FACECORNER","article_publisher":"https:\/\/www.facebook.com\/profile.php?id=100063824551839","article_modified_time":"2025-09-15T12:39:13+00:00","og_image":[{"width":1000,"height":1000,"url":"https:\/\/www.facecorner.lv\/wp-content\/uploads\/2023\/03\/MPL148-1000x1000-1.jpg","type":"image\/jpeg"}],"twitter_card":"summary_large_image","twitter_misc":{"Price":"&euro;24.20","Availability":"Out of stock"},"schema":{"@context":"https:\/\/schema.org","@graph":[{"@type":"WebPage","@id":"https:\/\/www.facecorner.lv\/shop\/medi-peel-red-lacto-collagen-eye-patch\/","url":"https:\/\/www.facecorner.lv\/shop\/medi-peel-red-lacto-collagen-eye-patch\/","name":"Medi-Peel Red Lacto Collagen Eye Patch - FACECORNER","isPartOf":{"@id":"https:\/\/www.facecorner.lv\/#website"},"primaryImageOfPage":{"@id":"https:\/\/www.facecorner.lv\/shop\/medi-peel-red-lacto-collagen-eye-patch\/#primaryimage"},"image":{"@id":"https:\/\/www.facecorner.lv\/shop\/medi-peel-red-lacto-collagen-eye-patch\/#primaryimage"},"thumbnailUrl":"https:\/\/www.facecorner.lv\/wp-content\/uploads\/2023\/03\/MPL148-1000x1000-1.jpg","datePublished":"2023-03-29T18:20:24+00:00","dateModified":"2025-09-15T12:39:13+00:00","breadcrumb":{"@id":"https:\/\/www.facecorner.lv\/shop\/medi-peel-red-lacto-collagen-eye-patch\/#breadcrumb"},"inLanguage":"en-US","potentialAction":[{"@type":"ReadAction","target":["https:\/\/www.facecorner.lv\/shop\/medi-peel-red-lacto-collagen-eye-patch\/"]}]},{"@type":"ImageObject","inLanguage":"en-US","@id":"https:\/\/www.facecorner.lv\/shop\/medi-peel-red-lacto-collagen-eye-patch\/#primaryimage","url":"https:\/\/www.facecorner.lv\/wp-content\/uploads\/2023\/03\/MPL148-1000x1000-1.jpg","contentUrl":"https:\/\/www.facecorner.lv\/wp-content\/uploads\/2023\/03\/MPL148-1000x1000-1.jpg","width":1000,"height":1000},{"@type":"BreadcrumbList","@id":"https:\/\/www.facecorner.lv\/shop\/medi-peel-red-lacto-collagen-eye-patch\/#breadcrumb","itemListElement":[{"@type":"ListItem","position":1,"name":"Home","item":"https:\/\/www.facecorner.lv\/"},{"@type":"ListItem","position":2,"name":"Veikals","item":"https:\/\/www.facecorner.lv\/shop\/"},{"@type":"ListItem","position":3,"name":"Medi-Peel Red Lacto Collagen Eye Patch"}]},{"@type":"WebSite","@id":"https:\/\/www.facecorner.lv\/#website","url":"https:\/\/www.facecorner.lv\/","name":"Facecorner","description":"","publisher":{"@id":"https:\/\/www.facecorner.lv\/#organization"},"potentialAction":[{"@type":"SearchAction","target":{"@type":"EntryPoint","urlTemplate":"https:\/\/www.facecorner.lv\/?s={search_term_string}"},"query-input":{"@type":"PropertyValueSpecification","valueRequired":true,"valueName":"search_term_string"}}],"inLanguage":"en-US"},{"@type":"Organization","@id":"https:\/\/www.facecorner.lv\/#organization","name":"Facecorner","url":"https:\/\/www.facecorner.lv\/","logo":{"@type":"ImageObject","inLanguage":"en-US","@id":"https:\/\/www.facecorner.lv\/#\/schema\/logo\/image\/","url":"https:\/\/www.facecorner.lv\/wp-content\/uploads\/2024\/04\/fc-logo.jpg","contentUrl":"https:\/\/www.facecorner.lv\/wp-content\/uploads\/2024\/04\/fc-logo.jpg","width":174,"height":28,"caption":"Facecorner"},"image":{"@id":"https:\/\/www.facecorner.lv\/#\/schema\/logo\/image\/"},"sameAs":["https:\/\/www.facebook.com\/profile.php?id=100063824551839","https:\/\/www.instagram.com\/facecorner_shop\/"]}]},"product_price_amount":"24.20","product_price_currency":"EUR","og_availability":"out of stock","product_availability":"out of stock","product_condition":"new"},"_links":{"self":[{"href":"https:\/\/www.facecorner.lv\/en\/wp-json\/wp\/v2\/product\/8727","targetHints":{"allow":["GET"]}}],"collection":[{"href":"https:\/\/www.facecorner.lv\/en\/wp-json\/wp\/v2\/product"}],"about":[{"href":"https:\/\/www.facecorner.lv\/en\/wp-json\/wp\/v2\/types\/product"}],"replies":[{"embeddable":true,"href":"https:\/\/www.facecorner.lv\/en\/wp-json\/wp\/v2\/comments?post=8727"}],"wp:featuredmedia":[{"embeddable":true,"href":"https:\/\/www.facecorner.lv\/en\/wp-json\/wp\/v2\/media\/8728"}],"wp:attachment":[{"href":"https:\/\/www.facecorner.lv\/en\/wp-json\/wp\/v2\/media?parent=8727"}],"wp:term":[{"taxonomy":"product_brand","embeddable":true,"href":"https:\/\/www.facecorner.lv\/en\/wp-json\/wp\/v2\/product_brand?post=8727"},{"taxonomy":"product_cat","embeddable":true,"href":"https:\/\/www.facecorner.lv\/en\/wp-json\/wp\/v2\/product_cat?post=8727"},{"taxonomy":"product_tag","embeddable":true,"href":"https:\/\/www.facecorner.lv\/en\/wp-json\/wp\/v2\/product_tag?post=8727"},{"taxonomy":"berocket_brand","embeddable":true,"href":"https:\/\/www.facecorner.lv\/en\/wp-json\/wp\/v2\/berocket_brand?post=8727"}],"curies":[{"name":"wp","href":"https:\/\/api.w.org\/{rel}","templated":true}]}}