{"id":8714,"date":"2023-03-29T14:23:32","date_gmt":"2023-03-29T12:23:32","guid":{"rendered":"https:\/\/facecorner.shop\/?post_type=product&#038;p=8714"},"modified":"2025-08-16T11:38:42","modified_gmt":"2025-08-16T08:38:42","slug":"masil-5-probiotics-perfect-volume-shampoo-300ml","status":"publish","type":"product","link":"https:\/\/www.facecorner.lv\/en\/shop\/masil-5-probiotics-perfect-volume-shampoo-300ml\/","title":{"rendered":"Masil 5 Probiotics Perfect Volume Shampoo 300ml"},"content":{"rendered":"<p>\u0160amp\u016bns matu apjomam ar probiotik\u0101m Masil 5 Probiotics Perfect Volume Shampoo &#8220;atdz\u012bvina&#8221; matus, nov\u0113r\u0161 bl\u0101vumu un atjauno \u0161\u0137ipsn\u0101m vesel\u012bgu sp\u012bdumu, padarot cirtas z\u012bdainas un paklaus\u012bgas. Regul\u0113 tauku dziedzeru darbu, samazina \u0101das tauku saturu, maigi noloba atmiru\u0161\u0101s \u0101das \u0161\u016bnas. Satur laktobacillus, citronu balzama, lakricas un centellas ekstraktus.<\/p>\n<p>\u0160amp\u016bns pat\u012bkami atsvaidzina \u0101du, veido bag\u0101t\u012bgas putas un ir viegli nomazg\u0101jams ar \u016bdeni. Produkts nesatur silikonus un sulf\u0101tus. Piem\u012bt nedaudz sk\u0101bs pH 5,0-6,0<\/p>\n<p>Main active ingredients:<\/p>\n<ul>\n<li>Laktobacillu enz\u012bmi stiprina matus, saglab\u0101 aizsargsl\u0101ni, padara tos iztur\u012bg\u0101kus pret \u0101r\u0113jiem stimuliem, pie\u0161\u0137ir gludumu un iztur\u012bbu.<\/li>\n<li>Polyquaternium-10 ir polim\u0113rs, kas stiprina matu aizsargapvalku. No\u0146em elektriz\u0113\u0161anos, vienk\u0101r\u0161o \u0137emm\u0113\u0161anu un veido\u0161anu, pie\u0161\u0137ir apjomu.<\/li>\n<li>Centellas ekstrakts palielina matu tvirtumu un elast\u012bbu, pies\u0101tina \u0161\u016bnas ar mitrumu. Veido aizsargbarjeru, kas pasarg\u0101 no ultraviolet\u0101 starojuma un negat\u012bviem vides faktoriem.<\/li>\n<li>Hamamelis ekstraktam piem\u012bt antibakteri\u0101la un nomierino\u0161a iedarb\u012bba, regul\u0113 sebuma veido\u0161anos un samazina \u0101das taukain\u012bbu.<\/li>\n<li>Piparm\u0113tru ekstrakts pat\u012bkami atv\u0113sina un nomierina \u0101du. Mazina kairin\u0101jumu un nomierina iekaisumu, normaliz\u0113 tauku dziedzeru darb\u012bbu. Veicina \u0101das sadz\u012b\u0161anu un tai piem\u012bt antiseptiska iedarb\u012bba.<\/li>\n<li>Lakricas ekstrakts atbalsta dabisko \u0101das mikrofloru, uzlabo re\u0123ener\u0101cijas un atjauno\u0161anas procesus, atbalsta mikrocirkul\u0101ciju.<\/li>\n<\/ul>\n<p>Piem\u0113rots taukainai galvas \u0101dai.<\/p>\n<p><strong>How to use:<\/strong> Uzkl\u0101jiet \u0161amp\u016bnu mitros t\u012bros matos un galvas \u0101d\u0101, maigi iemas\u0113jiet 2-3 min\u016btes un r\u016bp\u012bgi noskalojiet ar siltu \u016bdeni.<\/p>\n<p><strong>Ingredientes:\u00a0<\/strong>Water, Sodium C14-16 Olefin Sulfonate Glycerin, Cocamidopropyl Betaine Sodium Chloride Cocamide MEA, Methyipropanediol Fragrance, Decyl Glucoside Guar Hydroxypropytrimonum Chlonide, Polyquaternum-10. Ctnic Acid, Ethylhexylgycerin, Caprylhydroxamic Acid, Disodium EDTA Phenaxyethand, Sophora Flavescens Root Extract, Angelica Gigas Root Extract, Polygonum Multiflorum Root Extract, Houttuynia Cordata Extract, Gycymhiza Uralensis (Licorice) Root Extract, Scutellaria Baicalensis Root Extract. Ziziphus Jujuba Fruit Extract. Centella Asiatica Extract, Morus Alba Bark Extract, Swertia Japonica Extract Plantago Asiatica Extract Opuntia Ficus-Indica Fruit Extract, Phellodendron Amurense Bark Extract, Paeonia Lactiflora Root Extract Portulaca Oleracea Extract Butylene Glycol, 1,2-Hexanediol, Lactobacillus Fement, Virgniana (Witch Hazel) Leaf Extract. Salvia Offianalis (Sage) Leaf Extract, Melissa Offianalis Leaf Extract, Mentha Pipenita (Peppermint) Extract, Lavandula Angustifolia (Lavender) Flower Extract, Houtuynia Cordata Extract, Eucalyptus Globulus Leaf Extact Sodium Acetate Isopropyl Alcohol, Sodium Hyaluronate, Cynanchum Atratum Extract<\/p>","protected":false},"excerpt":{"rendered":"<p>\u0160amp\u016bns matu apjomam ar probiotik\u0101m Masil 5 Probiotics Perfect Volume Shampoo &#8220;atdz\u012bvina&#8221; matus, nov\u0113r\u0161 bl\u0101vumu un atjauno \u0161\u0137ipsn\u0101m vesel\u012bgu sp\u012bdumu, padarot cirtas z\u012bdainas un paklaus\u012bgas. Regul\u0113 tauku dziedzeru darbu, samazina \u0101das tauku saturu, maigi noloba atmiru\u0161\u0101s \u0101das \u0161\u016bnas. Satur laktobacillus, citronu balzama, lakricas un centellas ekstraktus. \u0160amp\u016bns pat\u012bkami atsvaidzina \u0101du, veido bag\u0101t\u012bgas putas un ir [&hellip;]<\/p>\n","protected":false},"featured_media":8715,"comment_status":"open","ping_status":"closed","template":"","meta":{"site-sidebar-layout":"default","site-content-layout":"","ast-site-content-layout":"","site-content-style":"default","site-sidebar-style":"default","ast-global-header-display":"","ast-banner-title-visibility":"","ast-main-header-display":"","ast-hfb-above-header-display":"","ast-hfb-below-header-display":"","ast-hfb-mobile-header-display":"","site-post-title":"","ast-breadcrumbs-content":"","ast-featured-img":"","footer-sml-layout":"","theme-transparent-header-meta":"","adv-header-id-meta":"","stick-header-meta":"","header-above-stick-meta":"","header-main-stick-meta":"","header-below-stick-meta":"","astra-migrate-meta-layouts":"default","ast-page-background-enabled":"default","ast-page-background-meta":{"desktop":{"background-color":"var(--ast-global-color-4)","background-image":"","background-repeat":"repeat","background-position":"center center","background-size":"auto","background-attachment":"scroll","background-type":"","background-media":"","overlay-type":"","overlay-color":"","overlay-opacity":"","overlay-gradient":""},"tablet":{"background-color":"","background-image":"","background-repeat":"repeat","background-position":"center center","background-size":"auto","background-attachment":"scroll","background-type":"","background-media":"","overlay-type":"","overlay-color":"","overlay-opacity":"","overlay-gradient":""},"mobile":{"background-color":"","background-image":"","background-repeat":"repeat","background-position":"center center","background-size":"auto","background-attachment":"scroll","background-type":"","background-media":"","overlay-type":"","overlay-color":"","overlay-opacity":"","overlay-gradient":""}},"ast-content-background-meta":{"desktop":{"background-color":"var(--ast-global-color-5)","background-image":"","background-repeat":"repeat","background-position":"center center","background-size":"auto","background-attachment":"scroll","background-type":"","background-media":"","overlay-type":"","overlay-color":"","overlay-opacity":"","overlay-gradient":""},"tablet":{"background-color":"var(--ast-global-color-5)","background-image":"","background-repeat":"repeat","background-position":"center center","background-size":"auto","background-attachment":"scroll","background-type":"","background-media":"","overlay-type":"","overlay-color":"","overlay-opacity":"","overlay-gradient":""},"mobile":{"background-color":"var(--ast-global-color-5)","background-image":"","background-repeat":"repeat","background-position":"center center","background-size":"auto","background-attachment":"scroll","background-type":"","background-media":"","overlay-type":"","overlay-color":"","overlay-opacity":"","overlay-gradient":""}}},"product_brand":[],"product_cat":[330,357],"product_tag":[],"berocket_brand":[593],"class_list":{"0":"post-8714","1":"product","2":"type-product","3":"status-publish","4":"has-post-thumbnail","6":"product_cat-matiem","7":"product_cat-sampuni","8":"berocket_brand-masil","9":"desktop-align-left","10":"tablet-align-left","11":"mobile-align-left","13":"first","14":"outofstock","15":"taxable","16":"shipping-taxable","17":"purchasable","18":"product-type-simple","19":"add-to-wishlist-before_image"},"yoast_head":"<!-- This site is optimized with the Yoast SEO plugin v27.3 - https:\/\/yoast.com\/product\/yoast-seo-wordpress\/ -->\n<title>Masil 5 Probiotics Perfect Volume Shampoo 300ml - FACECORNER<\/title>\n<meta name=\"robots\" content=\"index, follow, max-snippet:-1, max-image-preview:large, max-video-preview:-1\" \/>\n<link rel=\"canonical\" href=\"https:\/\/www.facecorner.lv\/en\/shop\/masil-5-probiotics-perfect-volume-shampoo-300ml\/\" \/>\n<meta property=\"og:locale\" content=\"en_US\" \/>\n<meta property=\"og:type\" content=\"article\" \/>\n<meta property=\"og:title\" content=\"Masil 5 Probiotics Perfect Volume Shampoo 300ml - FACECORNER\" \/>\n<meta property=\"og:description\" content=\"\u0160amp\u016bns matu apjomam ar probiotik\u0101m Masil 5 Probiotics Perfect Volume Shampoo &#8220;atdz\u012bvina&#8221; matus, nov\u0113r\u0161 bl\u0101vumu un atjauno \u0161\u0137ipsn\u0101m vesel\u012bgu sp\u012bdumu, padarot cirtas z\u012bdainas un paklaus\u012bgas. Regul\u0113 tauku dziedzeru darbu, samazina \u0101das tauku saturu, maigi noloba atmiru\u0161\u0101s \u0101das \u0161\u016bnas. Satur laktobacillus, citronu balzama, lakricas un centellas ekstraktus. \u0160amp\u016bns pat\u012bkami atsvaidzina \u0101du, veido bag\u0101t\u012bgas putas un ir [&hellip;]\" \/>\n<meta property=\"og:url\" content=\"https:\/\/www.facecorner.lv\/en\/shop\/masil-5-probiotics-perfect-volume-shampoo-300ml\/\" \/>\n<meta property=\"og:site_name\" content=\"FACECORNER\" \/>\n<meta property=\"article:publisher\" content=\"https:\/\/www.facebook.com\/profile.php?id=100063824551839\" \/>\n<meta property=\"article:modified_time\" content=\"2025-08-16T08:38:42+00:00\" \/>\n<meta property=\"og:image\" content=\"https:\/\/www.facecorner.lv\/wp-content\/uploads\/2023\/03\/30663-1000x1000-1.jpg\" \/>\n\t<meta property=\"og:image:width\" content=\"1000\" \/>\n\t<meta property=\"og:image:height\" content=\"1000\" \/>\n\t<meta property=\"og:image:type\" content=\"image\/jpeg\" \/>\n<meta name=\"twitter:card\" content=\"summary_large_image\" \/>\n<meta name=\"twitter:label1\" content=\"Price\" \/>\n\t<meta name=\"twitter:data1\" content=\"&euro;22.00\" \/>\n\t<meta name=\"twitter:label2\" content=\"Availability\" \/>\n\t<meta name=\"twitter:data2\" content=\"Out of stock\" \/>\n<script type=\"application\/ld+json\" class=\"yoast-schema-graph\">{\"@context\":\"https:\\\/\\\/schema.org\",\"@graph\":[{\"@type\":\"WebPage\",\"@id\":\"https:\\\/\\\/www.facecorner.lv\\\/shop\\\/masil-5-probiotics-perfect-volume-shampoo-300ml\\\/\",\"url\":\"https:\\\/\\\/www.facecorner.lv\\\/shop\\\/masil-5-probiotics-perfect-volume-shampoo-300ml\\\/\",\"name\":\"Masil 5 Probiotics Perfect Volume Shampoo 300ml - FACECORNER\",\"isPartOf\":{\"@id\":\"https:\\\/\\\/www.facecorner.lv\\\/#website\"},\"primaryImageOfPage\":{\"@id\":\"https:\\\/\\\/www.facecorner.lv\\\/shop\\\/masil-5-probiotics-perfect-volume-shampoo-300ml\\\/#primaryimage\"},\"image\":{\"@id\":\"https:\\\/\\\/www.facecorner.lv\\\/shop\\\/masil-5-probiotics-perfect-volume-shampoo-300ml\\\/#primaryimage\"},\"thumbnailUrl\":\"https:\\\/\\\/www.facecorner.lv\\\/wp-content\\\/uploads\\\/2023\\\/03\\\/30663-1000x1000-1.jpg\",\"datePublished\":\"2023-03-29T12:23:32+00:00\",\"dateModified\":\"2025-08-16T08:38:42+00:00\",\"breadcrumb\":{\"@id\":\"https:\\\/\\\/www.facecorner.lv\\\/shop\\\/masil-5-probiotics-perfect-volume-shampoo-300ml\\\/#breadcrumb\"},\"inLanguage\":\"en-US\",\"potentialAction\":[{\"@type\":\"ReadAction\",\"target\":[\"https:\\\/\\\/www.facecorner.lv\\\/shop\\\/masil-5-probiotics-perfect-volume-shampoo-300ml\\\/\"]}]},{\"@type\":\"ImageObject\",\"inLanguage\":\"en-US\",\"@id\":\"https:\\\/\\\/www.facecorner.lv\\\/shop\\\/masil-5-probiotics-perfect-volume-shampoo-300ml\\\/#primaryimage\",\"url\":\"https:\\\/\\\/www.facecorner.lv\\\/wp-content\\\/uploads\\\/2023\\\/03\\\/30663-1000x1000-1.jpg\",\"contentUrl\":\"https:\\\/\\\/www.facecorner.lv\\\/wp-content\\\/uploads\\\/2023\\\/03\\\/30663-1000x1000-1.jpg\",\"width\":1000,\"height\":1000},{\"@type\":\"BreadcrumbList\",\"@id\":\"https:\\\/\\\/www.facecorner.lv\\\/shop\\\/masil-5-probiotics-perfect-volume-shampoo-300ml\\\/#breadcrumb\",\"itemListElement\":[{\"@type\":\"ListItem\",\"position\":1,\"name\":\"Home\",\"item\":\"https:\\\/\\\/www.facecorner.lv\\\/\"},{\"@type\":\"ListItem\",\"position\":2,\"name\":\"Veikals\",\"item\":\"https:\\\/\\\/www.facecorner.lv\\\/shop\\\/\"},{\"@type\":\"ListItem\",\"position\":3,\"name\":\"Masil 5 Probiotics Perfect Volume Shampoo 300ml\"}]},{\"@type\":\"WebSite\",\"@id\":\"https:\\\/\\\/www.facecorner.lv\\\/#website\",\"url\":\"https:\\\/\\\/www.facecorner.lv\\\/\",\"name\":\"Facecorner\",\"description\":\"\",\"publisher\":{\"@id\":\"https:\\\/\\\/www.facecorner.lv\\\/#organization\"},\"potentialAction\":[{\"@type\":\"SearchAction\",\"target\":{\"@type\":\"EntryPoint\",\"urlTemplate\":\"https:\\\/\\\/www.facecorner.lv\\\/?s={search_term_string}\"},\"query-input\":{\"@type\":\"PropertyValueSpecification\",\"valueRequired\":true,\"valueName\":\"search_term_string\"}}],\"inLanguage\":\"en-US\"},{\"@type\":\"Organization\",\"@id\":\"https:\\\/\\\/www.facecorner.lv\\\/#organization\",\"name\":\"Facecorner\",\"url\":\"https:\\\/\\\/www.facecorner.lv\\\/\",\"logo\":{\"@type\":\"ImageObject\",\"inLanguage\":\"en-US\",\"@id\":\"https:\\\/\\\/www.facecorner.lv\\\/#\\\/schema\\\/logo\\\/image\\\/\",\"url\":\"https:\\\/\\\/www.facecorner.lv\\\/wp-content\\\/uploads\\\/2024\\\/04\\\/fc-logo.jpg\",\"contentUrl\":\"https:\\\/\\\/www.facecorner.lv\\\/wp-content\\\/uploads\\\/2024\\\/04\\\/fc-logo.jpg\",\"width\":174,\"height\":28,\"caption\":\"Facecorner\"},\"image\":{\"@id\":\"https:\\\/\\\/www.facecorner.lv\\\/#\\\/schema\\\/logo\\\/image\\\/\"},\"sameAs\":[\"https:\\\/\\\/www.facebook.com\\\/profile.php?id=100063824551839\",\"https:\\\/\\\/www.instagram.com\\\/facecorner_shop\\\/\"]}]}<\/script>\n<meta property=\"product:price:amount\" content=\"22.00\" \/>\n<meta property=\"product:price:currency\" content=\"EUR\" \/>\n<meta property=\"og:availability\" content=\"out of stock\" \/>\n<meta property=\"product:availability\" content=\"out of stock\" \/>\n<meta property=\"product:condition\" content=\"new\" \/>\n<!-- \/ Yoast SEO plugin. -->","yoast_head_json":{"title":"Masil 5 Probiotics Perfect Volume Shampoo 300ml - FACECORNER","robots":{"index":"index","follow":"follow","max-snippet":"max-snippet:-1","max-image-preview":"max-image-preview:large","max-video-preview":"max-video-preview:-1"},"canonical":"https:\/\/www.facecorner.lv\/en\/shop\/masil-5-probiotics-perfect-volume-shampoo-300ml\/","og_locale":"en_US","og_type":"article","og_title":"Masil 5 Probiotics Perfect Volume Shampoo 300ml - FACECORNER","og_description":"\u0160amp\u016bns matu apjomam ar probiotik\u0101m Masil 5 Probiotics Perfect Volume Shampoo &#8220;atdz\u012bvina&#8221; matus, nov\u0113r\u0161 bl\u0101vumu un atjauno \u0161\u0137ipsn\u0101m vesel\u012bgu sp\u012bdumu, padarot cirtas z\u012bdainas un paklaus\u012bgas. Regul\u0113 tauku dziedzeru darbu, samazina \u0101das tauku saturu, maigi noloba atmiru\u0161\u0101s \u0101das \u0161\u016bnas. Satur laktobacillus, citronu balzama, lakricas un centellas ekstraktus. \u0160amp\u016bns pat\u012bkami atsvaidzina \u0101du, veido bag\u0101t\u012bgas putas un ir [&hellip;]","og_url":"https:\/\/www.facecorner.lv\/en\/shop\/masil-5-probiotics-perfect-volume-shampoo-300ml\/","og_site_name":"FACECORNER","article_publisher":"https:\/\/www.facebook.com\/profile.php?id=100063824551839","article_modified_time":"2025-08-16T08:38:42+00:00","og_image":[{"width":1000,"height":1000,"url":"https:\/\/www.facecorner.lv\/wp-content\/uploads\/2023\/03\/30663-1000x1000-1.jpg","type":"image\/jpeg"}],"twitter_card":"summary_large_image","twitter_misc":{"Price":"&euro;22.00","Availability":"Out of stock"},"schema":{"@context":"https:\/\/schema.org","@graph":[{"@type":"WebPage","@id":"https:\/\/www.facecorner.lv\/shop\/masil-5-probiotics-perfect-volume-shampoo-300ml\/","url":"https:\/\/www.facecorner.lv\/shop\/masil-5-probiotics-perfect-volume-shampoo-300ml\/","name":"Masil 5 Probiotics Perfect Volume Shampoo 300ml - FACECORNER","isPartOf":{"@id":"https:\/\/www.facecorner.lv\/#website"},"primaryImageOfPage":{"@id":"https:\/\/www.facecorner.lv\/shop\/masil-5-probiotics-perfect-volume-shampoo-300ml\/#primaryimage"},"image":{"@id":"https:\/\/www.facecorner.lv\/shop\/masil-5-probiotics-perfect-volume-shampoo-300ml\/#primaryimage"},"thumbnailUrl":"https:\/\/www.facecorner.lv\/wp-content\/uploads\/2023\/03\/30663-1000x1000-1.jpg","datePublished":"2023-03-29T12:23:32+00:00","dateModified":"2025-08-16T08:38:42+00:00","breadcrumb":{"@id":"https:\/\/www.facecorner.lv\/shop\/masil-5-probiotics-perfect-volume-shampoo-300ml\/#breadcrumb"},"inLanguage":"en-US","potentialAction":[{"@type":"ReadAction","target":["https:\/\/www.facecorner.lv\/shop\/masil-5-probiotics-perfect-volume-shampoo-300ml\/"]}]},{"@type":"ImageObject","inLanguage":"en-US","@id":"https:\/\/www.facecorner.lv\/shop\/masil-5-probiotics-perfect-volume-shampoo-300ml\/#primaryimage","url":"https:\/\/www.facecorner.lv\/wp-content\/uploads\/2023\/03\/30663-1000x1000-1.jpg","contentUrl":"https:\/\/www.facecorner.lv\/wp-content\/uploads\/2023\/03\/30663-1000x1000-1.jpg","width":1000,"height":1000},{"@type":"BreadcrumbList","@id":"https:\/\/www.facecorner.lv\/shop\/masil-5-probiotics-perfect-volume-shampoo-300ml\/#breadcrumb","itemListElement":[{"@type":"ListItem","position":1,"name":"Home","item":"https:\/\/www.facecorner.lv\/"},{"@type":"ListItem","position":2,"name":"Veikals","item":"https:\/\/www.facecorner.lv\/shop\/"},{"@type":"ListItem","position":3,"name":"Masil 5 Probiotics Perfect Volume Shampoo 300ml"}]},{"@type":"WebSite","@id":"https:\/\/www.facecorner.lv\/#website","url":"https:\/\/www.facecorner.lv\/","name":"Facecorner","description":"","publisher":{"@id":"https:\/\/www.facecorner.lv\/#organization"},"potentialAction":[{"@type":"SearchAction","target":{"@type":"EntryPoint","urlTemplate":"https:\/\/www.facecorner.lv\/?s={search_term_string}"},"query-input":{"@type":"PropertyValueSpecification","valueRequired":true,"valueName":"search_term_string"}}],"inLanguage":"en-US"},{"@type":"Organization","@id":"https:\/\/www.facecorner.lv\/#organization","name":"Facecorner","url":"https:\/\/www.facecorner.lv\/","logo":{"@type":"ImageObject","inLanguage":"en-US","@id":"https:\/\/www.facecorner.lv\/#\/schema\/logo\/image\/","url":"https:\/\/www.facecorner.lv\/wp-content\/uploads\/2024\/04\/fc-logo.jpg","contentUrl":"https:\/\/www.facecorner.lv\/wp-content\/uploads\/2024\/04\/fc-logo.jpg","width":174,"height":28,"caption":"Facecorner"},"image":{"@id":"https:\/\/www.facecorner.lv\/#\/schema\/logo\/image\/"},"sameAs":["https:\/\/www.facebook.com\/profile.php?id=100063824551839","https:\/\/www.instagram.com\/facecorner_shop\/"]}]},"product_price_amount":"22.00","product_price_currency":"EUR","og_availability":"out of stock","product_availability":"out of stock","product_condition":"new"},"_links":{"self":[{"href":"https:\/\/www.facecorner.lv\/en\/wp-json\/wp\/v2\/product\/8714","targetHints":{"allow":["GET"]}}],"collection":[{"href":"https:\/\/www.facecorner.lv\/en\/wp-json\/wp\/v2\/product"}],"about":[{"href":"https:\/\/www.facecorner.lv\/en\/wp-json\/wp\/v2\/types\/product"}],"replies":[{"embeddable":true,"href":"https:\/\/www.facecorner.lv\/en\/wp-json\/wp\/v2\/comments?post=8714"}],"wp:featuredmedia":[{"embeddable":true,"href":"https:\/\/www.facecorner.lv\/en\/wp-json\/wp\/v2\/media\/8715"}],"wp:attachment":[{"href":"https:\/\/www.facecorner.lv\/en\/wp-json\/wp\/v2\/media?parent=8714"}],"wp:term":[{"taxonomy":"product_brand","embeddable":true,"href":"https:\/\/www.facecorner.lv\/en\/wp-json\/wp\/v2\/product_brand?post=8714"},{"taxonomy":"product_cat","embeddable":true,"href":"https:\/\/www.facecorner.lv\/en\/wp-json\/wp\/v2\/product_cat?post=8714"},{"taxonomy":"product_tag","embeddable":true,"href":"https:\/\/www.facecorner.lv\/en\/wp-json\/wp\/v2\/product_tag?post=8714"},{"taxonomy":"berocket_brand","embeddable":true,"href":"https:\/\/www.facecorner.lv\/en\/wp-json\/wp\/v2\/berocket_brand?post=8714"}],"curies":[{"name":"wp","href":"https:\/\/api.w.org\/{rel}","templated":true}]}}