{"id":8689,"date":"2023-03-29T12:45:48","date_gmt":"2023-03-29T10:45:48","guid":{"rendered":"https:\/\/facecorner.shop\/?post_type=product&#038;p=8689"},"modified":"2024-09-17T15:51:58","modified_gmt":"2024-09-17T13:51:58","slug":"trimay-multiplex-h-12-hair-spray-ampoule-100ml","status":"publish","type":"product","link":"https:\/\/www.facecorner.lv\/en\/shop\/trimay-multiplex-h-12-hair-spray-ampoule-100ml\/","title":{"rendered":"Trimay Multiplex H-12 Hair Spray Ampoule 200ml"},"content":{"rendered":"<p>Trimay Multiplex H-12 matu lakas ampula atjauno boj\u0101tus matus, nosl\u0113dzot kutikulu ar C-C Bonding. 8 dab\u012bg\u0101s e\u013c\u013cas un 18 aminosk\u0101bes stiprina no iek\u0161puses, kondicion\u0113, \u200b\u200bpiem\u012bt antistatiska iedarb\u012bba, padara matus m\u012bkstus, gludus un vesel\u012bgus. Sprejam ir viegls pat\u012bkams arom\u0101ts. Nodro\u0161ina termisko aizsardz\u012bbu.<\/p>\n<p>KEY INGREDIENTS:<\/p>\n<ul>\n<li>E\u013c\u013cu komplekss (avokado, argana, kam\u0113lijas, makad\u0101mijas, mande\u013cu, me\u017eroz\u012b\u0161u, kokosriekstu) intens\u012bvi baro, pie\u0161\u0137ir spogu\u013csp\u012bdumu, nov\u0113r\u0161 matu galu \u0161\u0137el\u0161anos.<\/li>\n<li>Aminosk\u0101bes (argin\u012bns, lecit\u012bns, ser\u012bns, alan\u012bns) dzied\u0113 tekst\u016bru, stiprina starp\u0161\u016bnu saites un nov\u0113r\u0161 termisk\u0101s iedarb\u012bbas rad\u012btos boj\u0101jumus.<\/li>\n<li>Keram\u012bdi stiprina aizsargbarjeru, aizsarg\u0101 pret apk\u0101rt\u0113j\u0101s vides nelabv\u0113l\u012bgo ietekmi un nov\u0113r\u0161 trauslumu.<\/li>\n<li>Hidroliz\u0113ts kolag\u0113ns aizpilda boj\u0101t\u0101s matu vietas, atjauno un sabiez\u0113 to strukt\u016bru, izl\u012bdzina kerat\u012bna zv\u012b\u0146as.<\/li>\n<\/ul>\n<p>Piem\u0113rots sausiem un boj\u0101tiem matiem.<\/p>\n<p><strong>How to use:<\/strong> p\u0101rsl\u0113dziet smidzin\u0101t\u0101ja aizb\u012bdni, izsmidziniet aerosolu uz t\u012briem, nedaudz \u017e\u0101v\u0113tiem vai sausiem matiem no 15-20 centimetru att\u0101luma.<\/p>\n<p><strong>Ingredientes:\u00a0<\/strong>Cyclopentasiloxane, disiloxane, dimethicone, alcohol, phenyl trimethicone, persea gratissima (avocado) oil, argania spinosa kernel oil, camellia japonica seed oil, macadamia ternifolia seed oil, prunus amygdalus dulcis (sweet almond) oil, rosa canina fruit oil, moringa oleifera seed oil, glycerin, octyldodecanol, hydrogenated lecithin, ceramide np, 1,2-hexanediol, caprylyl glycol, butylene glycol, glycine, serine, glutamic acid, aspartic acid, leucine, alanine, lysine, arginine, tyrosine, phenylalanine, threonine, proline, valine, isoleucine, histidine, methionine, cysteine, sodium hyaluronate, hydrolyzed hyaluronic acid, hydroxypropyltrimonium hyaluronate, hydrolyzed sodium hyaluronate, hyaluronic acid, sodium hyaluronate crosspolymer, sodium acetylated hyaluronate, potassium hyaluronate, pentylene glycol, cocos nucifera (coconut) oil, silk powder, keratin amino acids, silkworm cocoon extract, milk protein extract, hydrolyzed wheat protein, hydrolyzed rice protein, hydrolyzed soy protein, hydrolyzed elastin, hydrolyzed keratin, hydrolyzed collagen, hydrolyzed silk, honey extract, spirulina platensis extract, spirulina maxima extract, vaccinium macrocarpon (cranberry) fruit extract, ribes nigrum (black currant) fruit extract, euterpe oleracea fruit extract, rubus fruticosus (blackberry) fruit extract, vaccinium myrtillus fruit extract, vaccinium angustifolium (blueberry) fruit extract, rubus idaeus (raspberry) fruit extract, water, fragrance, coumarin<\/p>","protected":false},"excerpt":{"rendered":"<p>Trimay Multiplex H-12 matu lakas ampula atjauno boj\u0101tus matus, nosl\u0113dzot kutikulu ar C-C Bonding. 8 dab\u012bg\u0101s e\u013c\u013cas un 18 aminosk\u0101bes stiprina no iek\u0161puses, kondicion\u0113, \u200b\u200bpiem\u012bt antistatiska iedarb\u012bba, padara matus m\u012bkstus, gludus un vesel\u012bgus. Sprejam ir viegls pat\u012bkams arom\u0101ts. Nodro\u0161ina termisko aizsardz\u012bbu. Papildu akt\u012bv\u0101s sast\u0101vda\u013cas: E\u013c\u013cu komplekss (avokado, argana, kam\u0113lijas, makad\u0101mijas, mande\u013cu, me\u017eroz\u012b\u0161u, kokosriekstu) intens\u012bvi baro, [&hellip;]<\/p>\n","protected":false},"featured_media":21045,"comment_status":"open","ping_status":"closed","template":"","meta":{"site-sidebar-layout":"default","site-content-layout":"","ast-site-content-layout":"","site-content-style":"default","site-sidebar-style":"default","ast-global-header-display":"","ast-banner-title-visibility":"","ast-main-header-display":"","ast-hfb-above-header-display":"","ast-hfb-below-header-display":"","ast-hfb-mobile-header-display":"","site-post-title":"","ast-breadcrumbs-content":"","ast-featured-img":"","footer-sml-layout":"","theme-transparent-header-meta":"","adv-header-id-meta":"","stick-header-meta":"","header-above-stick-meta":"","header-main-stick-meta":"","header-below-stick-meta":"","astra-migrate-meta-layouts":"default","ast-page-background-enabled":"default","ast-page-background-meta":{"desktop":{"background-color":"var(--ast-global-color-4)","background-image":"","background-repeat":"repeat","background-position":"center center","background-size":"auto","background-attachment":"scroll","background-type":"","background-media":"","overlay-type":"","overlay-color":"","overlay-opacity":"","overlay-gradient":""},"tablet":{"background-color":"","background-image":"","background-repeat":"repeat","background-position":"center center","background-size":"auto","background-attachment":"scroll","background-type":"","background-media":"","overlay-type":"","overlay-color":"","overlay-opacity":"","overlay-gradient":""},"mobile":{"background-color":"","background-image":"","background-repeat":"repeat","background-position":"center center","background-size":"auto","background-attachment":"scroll","background-type":"","background-media":"","overlay-type":"","overlay-color":"","overlay-opacity":"","overlay-gradient":""}},"ast-content-background-meta":{"desktop":{"background-color":"var(--ast-global-color-5)","background-image":"","background-repeat":"repeat","background-position":"center center","background-size":"auto","background-attachment":"scroll","background-type":"","background-media":"","overlay-type":"","overlay-color":"","overlay-opacity":"","overlay-gradient":""},"tablet":{"background-color":"var(--ast-global-color-5)","background-image":"","background-repeat":"repeat","background-position":"center center","background-size":"auto","background-attachment":"scroll","background-type":"","background-media":"","overlay-type":"","overlay-color":"","overlay-opacity":"","overlay-gradient":""},"mobile":{"background-color":"var(--ast-global-color-5)","background-image":"","background-repeat":"repeat","background-position":"center center","background-size":"auto","background-attachment":"scroll","background-type":"","background-media":"","overlay-type":"","overlay-color":"","overlay-opacity":"","overlay-gradient":""}}},"product_brand":[],"product_cat":[353,354,330],"product_tag":[],"berocket_brand":[],"class_list":{"0":"post-8689","1":"product","2":"type-product","3":"status-publish","4":"has-post-thumbnail","6":"product_cat-ellas-matiem","7":"product_cat-filleri-un-serumi","8":"product_cat-matiem","9":"desktop-align-left","10":"tablet-align-left","11":"mobile-align-left","13":"first","14":"outofstock","15":"taxable","16":"shipping-taxable","17":"purchasable","18":"product-type-simple","19":"add-to-wishlist-before_image"},"yoast_head":"<!-- This site is optimized with the Yoast SEO plugin v27.3 - https:\/\/yoast.com\/product\/yoast-seo-wordpress\/ -->\n<title>Trimay Multiplex H-12 Hair Spray Ampoule 200ml - FACECORNER<\/title>\n<meta name=\"robots\" content=\"index, follow, max-snippet:-1, max-image-preview:large, max-video-preview:-1\" \/>\n<link rel=\"canonical\" href=\"https:\/\/www.facecorner.lv\/en\/shop\/trimay-multiplex-h-12-hair-spray-ampoule-100ml\/\" \/>\n<meta property=\"og:locale\" content=\"en_US\" \/>\n<meta property=\"og:type\" content=\"article\" \/>\n<meta property=\"og:title\" content=\"Trimay Multiplex H-12 Hair Spray Ampoule 200ml - FACECORNER\" \/>\n<meta property=\"og:description\" content=\"Trimay Multiplex H-12 matu lakas ampula atjauno boj\u0101tus matus, nosl\u0113dzot kutikulu ar C-C Bonding. 8 dab\u012bg\u0101s e\u013c\u013cas un 18 aminosk\u0101bes stiprina no iek\u0161puses, kondicion\u0113, \u200b\u200bpiem\u012bt antistatiska iedarb\u012bba, padara matus m\u012bkstus, gludus un vesel\u012bgus. Sprejam ir viegls pat\u012bkams arom\u0101ts. Nodro\u0161ina termisko aizsardz\u012bbu. Papildu akt\u012bv\u0101s sast\u0101vda\u013cas: E\u013c\u013cu komplekss (avokado, argana, kam\u0113lijas, makad\u0101mijas, mande\u013cu, me\u017eroz\u012b\u0161u, kokosriekstu) intens\u012bvi baro, [&hellip;]\" \/>\n<meta property=\"og:url\" content=\"https:\/\/www.facecorner.lv\/en\/shop\/trimay-multiplex-h-12-hair-spray-ampoule-100ml\/\" \/>\n<meta property=\"og:site_name\" content=\"FACECORNER\" \/>\n<meta property=\"article:publisher\" content=\"https:\/\/www.facebook.com\/profile.php?id=100063824551839\" \/>\n<meta property=\"article:modified_time\" content=\"2024-09-17T13:51:58+00:00\" \/>\n<meta property=\"og:image\" content=\"https:\/\/www.facecorner.lv\/wp-content\/uploads\/2023\/03\/85b402b3b2d68bd993fed7b6bf139298.jpg\" \/>\n\t<meta property=\"og:image:width\" content=\"650\" \/>\n\t<meta property=\"og:image:height\" content=\"650\" \/>\n\t<meta property=\"og:image:type\" content=\"image\/jpeg\" \/>\n<meta name=\"twitter:card\" content=\"summary_large_image\" \/>\n<meta name=\"twitter:label1\" content=\"Price\" \/>\n\t<meta name=\"twitter:data1\" content=\"&euro;28.00\" \/>\n\t<meta name=\"twitter:label2\" content=\"Availability\" \/>\n\t<meta name=\"twitter:data2\" content=\"Out of stock\" \/>\n<script type=\"application\/ld+json\" class=\"yoast-schema-graph\">{\"@context\":\"https:\\\/\\\/schema.org\",\"@graph\":[{\"@type\":\"WebPage\",\"@id\":\"https:\\\/\\\/www.facecorner.lv\\\/shop\\\/trimay-multiplex-h-12-hair-spray-ampoule-100ml\\\/\",\"url\":\"https:\\\/\\\/www.facecorner.lv\\\/shop\\\/trimay-multiplex-h-12-hair-spray-ampoule-100ml\\\/\",\"name\":\"Trimay Multiplex H-12 Hair Spray Ampoule 200ml - FACECORNER\",\"isPartOf\":{\"@id\":\"https:\\\/\\\/www.facecorner.lv\\\/#website\"},\"primaryImageOfPage\":{\"@id\":\"https:\\\/\\\/www.facecorner.lv\\\/shop\\\/trimay-multiplex-h-12-hair-spray-ampoule-100ml\\\/#primaryimage\"},\"image\":{\"@id\":\"https:\\\/\\\/www.facecorner.lv\\\/shop\\\/trimay-multiplex-h-12-hair-spray-ampoule-100ml\\\/#primaryimage\"},\"thumbnailUrl\":\"https:\\\/\\\/www.facecorner.lv\\\/wp-content\\\/uploads\\\/2023\\\/03\\\/85b402b3b2d68bd993fed7b6bf139298.jpg\",\"datePublished\":\"2023-03-29T10:45:48+00:00\",\"dateModified\":\"2024-09-17T13:51:58+00:00\",\"breadcrumb\":{\"@id\":\"https:\\\/\\\/www.facecorner.lv\\\/shop\\\/trimay-multiplex-h-12-hair-spray-ampoule-100ml\\\/#breadcrumb\"},\"inLanguage\":\"en-US\",\"potentialAction\":[{\"@type\":\"ReadAction\",\"target\":[\"https:\\\/\\\/www.facecorner.lv\\\/shop\\\/trimay-multiplex-h-12-hair-spray-ampoule-100ml\\\/\"]}]},{\"@type\":\"ImageObject\",\"inLanguage\":\"en-US\",\"@id\":\"https:\\\/\\\/www.facecorner.lv\\\/shop\\\/trimay-multiplex-h-12-hair-spray-ampoule-100ml\\\/#primaryimage\",\"url\":\"https:\\\/\\\/www.facecorner.lv\\\/wp-content\\\/uploads\\\/2023\\\/03\\\/85b402b3b2d68bd993fed7b6bf139298.jpg\",\"contentUrl\":\"https:\\\/\\\/www.facecorner.lv\\\/wp-content\\\/uploads\\\/2023\\\/03\\\/85b402b3b2d68bd993fed7b6bf139298.jpg\",\"width\":650,\"height\":650},{\"@type\":\"BreadcrumbList\",\"@id\":\"https:\\\/\\\/www.facecorner.lv\\\/shop\\\/trimay-multiplex-h-12-hair-spray-ampoule-100ml\\\/#breadcrumb\",\"itemListElement\":[{\"@type\":\"ListItem\",\"position\":1,\"name\":\"Home\",\"item\":\"https:\\\/\\\/www.facecorner.lv\\\/\"},{\"@type\":\"ListItem\",\"position\":2,\"name\":\"Veikals\",\"item\":\"https:\\\/\\\/www.facecorner.lv\\\/shop\\\/\"},{\"@type\":\"ListItem\",\"position\":3,\"name\":\"Trimay Multiplex H-12 Hair Spray Ampoule 200ml\"}]},{\"@type\":\"WebSite\",\"@id\":\"https:\\\/\\\/www.facecorner.lv\\\/#website\",\"url\":\"https:\\\/\\\/www.facecorner.lv\\\/\",\"name\":\"Facecorner\",\"description\":\"\",\"publisher\":{\"@id\":\"https:\\\/\\\/www.facecorner.lv\\\/#organization\"},\"potentialAction\":[{\"@type\":\"SearchAction\",\"target\":{\"@type\":\"EntryPoint\",\"urlTemplate\":\"https:\\\/\\\/www.facecorner.lv\\\/?s={search_term_string}\"},\"query-input\":{\"@type\":\"PropertyValueSpecification\",\"valueRequired\":true,\"valueName\":\"search_term_string\"}}],\"inLanguage\":\"en-US\"},{\"@type\":\"Organization\",\"@id\":\"https:\\\/\\\/www.facecorner.lv\\\/#organization\",\"name\":\"Facecorner\",\"url\":\"https:\\\/\\\/www.facecorner.lv\\\/\",\"logo\":{\"@type\":\"ImageObject\",\"inLanguage\":\"en-US\",\"@id\":\"https:\\\/\\\/www.facecorner.lv\\\/#\\\/schema\\\/logo\\\/image\\\/\",\"url\":\"https:\\\/\\\/www.facecorner.lv\\\/wp-content\\\/uploads\\\/2024\\\/04\\\/fc-logo.jpg\",\"contentUrl\":\"https:\\\/\\\/www.facecorner.lv\\\/wp-content\\\/uploads\\\/2024\\\/04\\\/fc-logo.jpg\",\"width\":174,\"height\":28,\"caption\":\"Facecorner\"},\"image\":{\"@id\":\"https:\\\/\\\/www.facecorner.lv\\\/#\\\/schema\\\/logo\\\/image\\\/\"},\"sameAs\":[\"https:\\\/\\\/www.facebook.com\\\/profile.php?id=100063824551839\",\"https:\\\/\\\/www.instagram.com\\\/facecorner_shop\\\/\"]}]}<\/script>\n<meta property=\"product:price:amount\" content=\"28.00\" \/>\n<meta property=\"product:price:currency\" content=\"EUR\" \/>\n<meta property=\"og:availability\" content=\"out of stock\" \/>\n<meta property=\"product:availability\" content=\"out of stock\" \/>\n<meta property=\"product:condition\" content=\"new\" \/>\n<!-- \/ Yoast SEO plugin. -->","yoast_head_json":{"title":"Trimay Multiplex H-12 Hair Spray Ampoule 200ml - FACECORNER","robots":{"index":"index","follow":"follow","max-snippet":"max-snippet:-1","max-image-preview":"max-image-preview:large","max-video-preview":"max-video-preview:-1"},"canonical":"https:\/\/www.facecorner.lv\/en\/shop\/trimay-multiplex-h-12-hair-spray-ampoule-100ml\/","og_locale":"en_US","og_type":"article","og_title":"Trimay Multiplex H-12 Hair Spray Ampoule 200ml - FACECORNER","og_description":"Trimay Multiplex H-12 matu lakas ampula atjauno boj\u0101tus matus, nosl\u0113dzot kutikulu ar C-C Bonding. 8 dab\u012bg\u0101s e\u013c\u013cas un 18 aminosk\u0101bes stiprina no iek\u0161puses, kondicion\u0113, \u200b\u200bpiem\u012bt antistatiska iedarb\u012bba, padara matus m\u012bkstus, gludus un vesel\u012bgus. Sprejam ir viegls pat\u012bkams arom\u0101ts. Nodro\u0161ina termisko aizsardz\u012bbu. Papildu akt\u012bv\u0101s sast\u0101vda\u013cas: E\u013c\u013cu komplekss (avokado, argana, kam\u0113lijas, makad\u0101mijas, mande\u013cu, me\u017eroz\u012b\u0161u, kokosriekstu) intens\u012bvi baro, [&hellip;]","og_url":"https:\/\/www.facecorner.lv\/en\/shop\/trimay-multiplex-h-12-hair-spray-ampoule-100ml\/","og_site_name":"FACECORNER","article_publisher":"https:\/\/www.facebook.com\/profile.php?id=100063824551839","article_modified_time":"2024-09-17T13:51:58+00:00","og_image":[{"width":650,"height":650,"url":"https:\/\/www.facecorner.lv\/wp-content\/uploads\/2023\/03\/85b402b3b2d68bd993fed7b6bf139298.jpg","type":"image\/jpeg"}],"twitter_card":"summary_large_image","twitter_misc":{"Price":"&euro;28.00","Availability":"Out of stock"},"schema":{"@context":"https:\/\/schema.org","@graph":[{"@type":"WebPage","@id":"https:\/\/www.facecorner.lv\/shop\/trimay-multiplex-h-12-hair-spray-ampoule-100ml\/","url":"https:\/\/www.facecorner.lv\/shop\/trimay-multiplex-h-12-hair-spray-ampoule-100ml\/","name":"Trimay Multiplex H-12 Hair Spray Ampoule 200ml - FACECORNER","isPartOf":{"@id":"https:\/\/www.facecorner.lv\/#website"},"primaryImageOfPage":{"@id":"https:\/\/www.facecorner.lv\/shop\/trimay-multiplex-h-12-hair-spray-ampoule-100ml\/#primaryimage"},"image":{"@id":"https:\/\/www.facecorner.lv\/shop\/trimay-multiplex-h-12-hair-spray-ampoule-100ml\/#primaryimage"},"thumbnailUrl":"https:\/\/www.facecorner.lv\/wp-content\/uploads\/2023\/03\/85b402b3b2d68bd993fed7b6bf139298.jpg","datePublished":"2023-03-29T10:45:48+00:00","dateModified":"2024-09-17T13:51:58+00:00","breadcrumb":{"@id":"https:\/\/www.facecorner.lv\/shop\/trimay-multiplex-h-12-hair-spray-ampoule-100ml\/#breadcrumb"},"inLanguage":"en-US","potentialAction":[{"@type":"ReadAction","target":["https:\/\/www.facecorner.lv\/shop\/trimay-multiplex-h-12-hair-spray-ampoule-100ml\/"]}]},{"@type":"ImageObject","inLanguage":"en-US","@id":"https:\/\/www.facecorner.lv\/shop\/trimay-multiplex-h-12-hair-spray-ampoule-100ml\/#primaryimage","url":"https:\/\/www.facecorner.lv\/wp-content\/uploads\/2023\/03\/85b402b3b2d68bd993fed7b6bf139298.jpg","contentUrl":"https:\/\/www.facecorner.lv\/wp-content\/uploads\/2023\/03\/85b402b3b2d68bd993fed7b6bf139298.jpg","width":650,"height":650},{"@type":"BreadcrumbList","@id":"https:\/\/www.facecorner.lv\/shop\/trimay-multiplex-h-12-hair-spray-ampoule-100ml\/#breadcrumb","itemListElement":[{"@type":"ListItem","position":1,"name":"Home","item":"https:\/\/www.facecorner.lv\/"},{"@type":"ListItem","position":2,"name":"Veikals","item":"https:\/\/www.facecorner.lv\/shop\/"},{"@type":"ListItem","position":3,"name":"Trimay Multiplex H-12 Hair Spray Ampoule 200ml"}]},{"@type":"WebSite","@id":"https:\/\/www.facecorner.lv\/#website","url":"https:\/\/www.facecorner.lv\/","name":"Facecorner","description":"","publisher":{"@id":"https:\/\/www.facecorner.lv\/#organization"},"potentialAction":[{"@type":"SearchAction","target":{"@type":"EntryPoint","urlTemplate":"https:\/\/www.facecorner.lv\/?s={search_term_string}"},"query-input":{"@type":"PropertyValueSpecification","valueRequired":true,"valueName":"search_term_string"}}],"inLanguage":"en-US"},{"@type":"Organization","@id":"https:\/\/www.facecorner.lv\/#organization","name":"Facecorner","url":"https:\/\/www.facecorner.lv\/","logo":{"@type":"ImageObject","inLanguage":"en-US","@id":"https:\/\/www.facecorner.lv\/#\/schema\/logo\/image\/","url":"https:\/\/www.facecorner.lv\/wp-content\/uploads\/2024\/04\/fc-logo.jpg","contentUrl":"https:\/\/www.facecorner.lv\/wp-content\/uploads\/2024\/04\/fc-logo.jpg","width":174,"height":28,"caption":"Facecorner"},"image":{"@id":"https:\/\/www.facecorner.lv\/#\/schema\/logo\/image\/"},"sameAs":["https:\/\/www.facebook.com\/profile.php?id=100063824551839","https:\/\/www.instagram.com\/facecorner_shop\/"]}]},"product_price_amount":"28.00","product_price_currency":"EUR","og_availability":"out of stock","product_availability":"out of stock","product_condition":"new"},"_links":{"self":[{"href":"https:\/\/www.facecorner.lv\/en\/wp-json\/wp\/v2\/product\/8689","targetHints":{"allow":["GET"]}}],"collection":[{"href":"https:\/\/www.facecorner.lv\/en\/wp-json\/wp\/v2\/product"}],"about":[{"href":"https:\/\/www.facecorner.lv\/en\/wp-json\/wp\/v2\/types\/product"}],"replies":[{"embeddable":true,"href":"https:\/\/www.facecorner.lv\/en\/wp-json\/wp\/v2\/comments?post=8689"}],"wp:featuredmedia":[{"embeddable":true,"href":"https:\/\/www.facecorner.lv\/en\/wp-json\/wp\/v2\/media\/21045"}],"wp:attachment":[{"href":"https:\/\/www.facecorner.lv\/en\/wp-json\/wp\/v2\/media?parent=8689"}],"wp:term":[{"taxonomy":"product_brand","embeddable":true,"href":"https:\/\/www.facecorner.lv\/en\/wp-json\/wp\/v2\/product_brand?post=8689"},{"taxonomy":"product_cat","embeddable":true,"href":"https:\/\/www.facecorner.lv\/en\/wp-json\/wp\/v2\/product_cat?post=8689"},{"taxonomy":"product_tag","embeddable":true,"href":"https:\/\/www.facecorner.lv\/en\/wp-json\/wp\/v2\/product_tag?post=8689"},{"taxonomy":"berocket_brand","embeddable":true,"href":"https:\/\/www.facecorner.lv\/en\/wp-json\/wp\/v2\/berocket_brand?post=8689"}],"curies":[{"name":"wp","href":"https:\/\/api.w.org\/{rel}","templated":true}]}}