{"id":8686,"date":"2023-03-29T12:40:28","date_gmt":"2023-03-29T10:40:28","guid":{"rendered":"https:\/\/facecorner.shop\/?post_type=product&#038;p=8686"},"modified":"2026-03-30T15:49:29","modified_gmt":"2026-03-30T12:49:29","slug":"masil-10-premium-repair-hair-mask-300ml","status":"publish","type":"product","link":"https:\/\/www.facecorner.lv\/en\/shop\/masil-10-premium-repair-hair-mask-300ml\/","title":{"rendered":"Masil 10 Premium Repair Hair Mask 300ml"},"content":{"rendered":"<p>Atjaunojo\u0161a premium matu maska \u200b\u200bMasil 10 Premium Repair Hair Mask intens\u012bvi iedarbojas uz boj\u0101tiem matiem, nov\u0113r\u0161 sausumu un trauslumu, c\u012bn\u0101s ar matu galiem. Akt\u012bvi baro, izl\u012bdzina \u0161\u0137ipsnu strukt\u016bru, atjaunojot to sp\u012bdumu un z\u012bdainumu. Tam ir viskoza, viskoza tekst\u016bra.Dzi\u013ci baro, nov\u0113r\u0161 mitruma zudumu un bl\u0101vumu. Izl\u012bdzina \u0161\u0137ipsnu strukt\u016bru, padara t\u0101s sp\u012bd\u012bgas, gludas un z\u012bdainas. Aizpilda boj\u0101t\u0101s mata folikulu vietas, sabiez\u0113 un atvieglo \u0137emm\u0113\u0161anu, atjauno elast\u012bbu un iztur\u012bbu.<\/p>\n<p><strong>How to use:<\/strong>: Uzkl\u0101jiet nepiecie\u0161amo maskas daudzumu t\u012bros, mitros matos, vienm\u0113r\u012bgi sadaliet vis\u0101 garum\u0101. Atst\u0101jiet iedarboties 3-5 min\u016btes un noskalojiet ar siltu \u016bdeni.<\/p>\n<p><strong>Ingredientes:\u00a0<\/strong>Water, Cyclopentasiloxane, Propylene Glycol, Cetyl Alcohol, C13-15 Alkane, Dimethicone, Amodimethicone, Cetearyl Alcohol, Cyclohexasiloxane, PEG-45M, Phenoxyethanol, Myristyl Alcohol, Vitis Vinifera (Grape) Seed Oil, Fragrance, Calumanium Chloride, Glyceryl Stearate SE, Trideceth-12, Isopropyl Alcohol, C12-14 Sec Pareth-7, Stearamidopropyl Dimethylamine, Sophora Flavescens Root Extract, Angelica Gigas Root Extract, Polygonum Multiflorum (He Shou Wu) Root Extract, Houttuynia Cordata Extract, Glycyrrhiza Uralensis Root Extract, Sculeland Baicalensis Root Extract, Centella Asiatica Extract, Morus Alba Bark Extract, Swertia Japonica Extract, Plantago Asiatica Extract, Opuntia Ficus-Indica Fruit Extract, Phellodendron Amurense Bark Extract, Paeonia Lactiflora Root Extract, Portulaca Oleracea Extract, Steartrimonium Chloride, Disodium EDTA, Hydroxyethylcellulose, Polyquaternium-10, 1,2-Hexanediol, Behentrimonium Chloride, Glycerin, Camellia Japonica Seed, Oil, Argania Spinosa Kernel Oil, Butylene Glycol, Hydrogenated Lecithin, Rehmannia Glutinosa Root Extract, Cornus Officinalis Fruit Extract, Dioscorea Japonica Root Extract, Alisma Orientale Tuber Extract, Poria Cocos Sclerotium Extract, Paeonia Suffruticosa Root Extract, Sodium Acetate, Sodium Chloride, Cynanchum Atratum Extract, Hydrolyzed Barley Protein, Hydrolyzed Corn Protein, Hydrolyzed Potato Protein, Hydrolyzed Rice Protein, Hydrolyzed Rice Bran Protein, Hydrolyzed Soy Protein, Hydrolyzed Oat Protein, Hydrolyzed Pea Protein, Hydrolyzed Wheat Protein, Hydrolyzed Sweet Almond Protein, Ethylhexylglycerin, Ceramid NP, Arginine, Leucine, Tryptophan, Lysine, Isoleucine, Threonine, Methionine, Histidine, Asparagine, Alanine, Proteine, Glutamic Acid, Glutamine, Glycine, Valine, Phenylalanine, Aspartic Acid, Tyrosine, Serine, Cystine<\/p>","protected":false},"excerpt":{"rendered":"<p>Atjaunojo\u0161a premium matu maska \u200b\u200bMasil 10 Premium Repair Hair Mask intens\u012bvi iedarbojas uz boj\u0101tiem matiem, nov\u0113r\u0161 sausumu un trauslumu, c\u012bn\u0101s ar matu galiem. Akt\u012bvi baro, izl\u012bdzina \u0161\u0137ipsnu strukt\u016bru, atjaunojot to sp\u012bdumu un z\u012bdainumu. Tam ir viskoza, viskoza tekst\u016bra.Dzi\u013ci baro, nov\u0113r\u0161 mitruma zudumu un bl\u0101vumu. Izl\u012bdzina \u0161\u0137ipsnu strukt\u016bru, padara t\u0101s sp\u012bd\u012bgas, gludas un z\u012bdainas. Aizpilda boj\u0101t\u0101s [&hellip;]<\/p>\n","protected":false},"featured_media":8687,"comment_status":"open","ping_status":"closed","template":"","meta":{"site-sidebar-layout":"default","site-content-layout":"","ast-site-content-layout":"default","site-content-style":"default","site-sidebar-style":"default","ast-global-header-display":"","ast-banner-title-visibility":"","ast-main-header-display":"","ast-hfb-above-header-display":"","ast-hfb-below-header-display":"","ast-hfb-mobile-header-display":"","site-post-title":"","ast-breadcrumbs-content":"","ast-featured-img":"","footer-sml-layout":"","theme-transparent-header-meta":"default","adv-header-id-meta":"","stick-header-meta":"","header-above-stick-meta":"","header-main-stick-meta":"","header-below-stick-meta":"","astra-migrate-meta-layouts":"set","ast-page-background-enabled":"default","ast-page-background-meta":{"desktop":{"background-color":"var(--ast-global-color-4)","background-image":"","background-repeat":"repeat","background-position":"center center","background-size":"auto","background-attachment":"scroll","background-type":"","background-media":"","overlay-type":"","overlay-color":"","overlay-opacity":"","overlay-gradient":""},"tablet":{"background-color":"","background-image":"","background-repeat":"repeat","background-position":"center center","background-size":"auto","background-attachment":"scroll","background-type":"","background-media":"","overlay-type":"","overlay-color":"","overlay-opacity":"","overlay-gradient":""},"mobile":{"background-color":"","background-image":"","background-repeat":"repeat","background-position":"center center","background-size":"auto","background-attachment":"scroll","background-type":"","background-media":"","overlay-type":"","overlay-color":"","overlay-opacity":"","overlay-gradient":""}},"ast-content-background-meta":{"desktop":{"background-color":"var(--ast-global-color-5)","background-image":"","background-repeat":"repeat","background-position":"center center","background-size":"auto","background-attachment":"scroll","background-type":"","background-media":"","overlay-type":"","overlay-color":"","overlay-opacity":"","overlay-gradient":""},"tablet":{"background-color":"var(--ast-global-color-5)","background-image":"","background-repeat":"repeat","background-position":"center center","background-size":"auto","background-attachment":"scroll","background-type":"","background-media":"","overlay-type":"","overlay-color":"","overlay-opacity":"","overlay-gradient":""},"mobile":{"background-color":"var(--ast-global-color-5)","background-image":"","background-repeat":"repeat","background-position":"center center","background-size":"auto","background-attachment":"scroll","background-type":"","background-media":"","overlay-type":"","overlay-color":"","overlay-opacity":"","overlay-gradient":""}}},"product_brand":[],"product_cat":[330,351],"product_tag":[],"berocket_brand":[593],"class_list":{"0":"post-8686","1":"product","2":"type-product","3":"status-publish","4":"has-post-thumbnail","6":"product_cat-matiem","7":"product_cat-matu-maskas","8":"berocket_brand-masil","9":"desktop-align-left","10":"tablet-align-left","11":"mobile-align-left","13":"first","14":"instock","15":"taxable","16":"shipping-taxable","17":"purchasable","18":"product-type-simple","19":"add-to-wishlist-before_image"},"yoast_head":"<!-- This site is optimized with the Yoast SEO plugin v27.3 - https:\/\/yoast.com\/product\/yoast-seo-wordpress\/ -->\n<title>Masil 10 Premium Repair Hair Mask 300ml - FACECORNER<\/title>\n<meta name=\"robots\" content=\"index, follow, max-snippet:-1, max-image-preview:large, max-video-preview:-1\" \/>\n<link rel=\"canonical\" href=\"https:\/\/www.facecorner.lv\/en\/shop\/masil-10-premium-repair-hair-mask-300ml\/\" \/>\n<meta property=\"og:locale\" content=\"en_US\" \/>\n<meta property=\"og:type\" content=\"article\" \/>\n<meta property=\"og:title\" content=\"Masil 10 Premium Repair Hair Mask 300ml - FACECORNER\" \/>\n<meta property=\"og:description\" content=\"Atjaunojo\u0161a premium matu maska \u200b\u200bMasil 10 Premium Repair Hair Mask intens\u012bvi iedarbojas uz boj\u0101tiem matiem, nov\u0113r\u0161 sausumu un trauslumu, c\u012bn\u0101s ar matu galiem. Akt\u012bvi baro, izl\u012bdzina \u0161\u0137ipsnu strukt\u016bru, atjaunojot to sp\u012bdumu un z\u012bdainumu. Tam ir viskoza, viskoza tekst\u016bra.Dzi\u013ci baro, nov\u0113r\u0161 mitruma zudumu un bl\u0101vumu. Izl\u012bdzina \u0161\u0137ipsnu strukt\u016bru, padara t\u0101s sp\u012bd\u012bgas, gludas un z\u012bdainas. Aizpilda boj\u0101t\u0101s [&hellip;]\" \/>\n<meta property=\"og:url\" content=\"https:\/\/www.facecorner.lv\/en\/shop\/masil-10-premium-repair-hair-mask-300ml\/\" \/>\n<meta property=\"og:site_name\" content=\"FACECORNER\" \/>\n<meta property=\"article:publisher\" content=\"https:\/\/www.facebook.com\/profile.php?id=100063824551839\" \/>\n<meta property=\"article:modified_time\" content=\"2026-03-30T12:49:29+00:00\" \/>\n<meta property=\"og:image\" content=\"https:\/\/www.facecorner.lv\/wp-content\/uploads\/2023\/03\/masil10premiumrepairhairmask300ml-500x500-1.jpg\" \/>\n\t<meta property=\"og:image:width\" content=\"1000\" \/>\n\t<meta property=\"og:image:height\" content=\"1000\" \/>\n\t<meta property=\"og:image:type\" content=\"image\/jpeg\" \/>\n<meta name=\"twitter:card\" content=\"summary_large_image\" \/>\n<meta name=\"twitter:label1\" content=\"Price\" \/>\n\t<meta name=\"twitter:data1\" content=\"&euro;29.50\" \/>\n\t<meta name=\"twitter:label2\" content=\"Availability\" \/>\n\t<meta name=\"twitter:data2\" content=\"In stock\" \/>\n<script type=\"application\/ld+json\" class=\"yoast-schema-graph\">{\"@context\":\"https:\\\/\\\/schema.org\",\"@graph\":[{\"@type\":\"WebPage\",\"@id\":\"https:\\\/\\\/www.facecorner.lv\\\/shop\\\/masil-10-premium-repair-hair-mask-300ml\\\/\",\"url\":\"https:\\\/\\\/www.facecorner.lv\\\/shop\\\/masil-10-premium-repair-hair-mask-300ml\\\/\",\"name\":\"Masil 10 Premium Repair Hair Mask 300ml - FACECORNER\",\"isPartOf\":{\"@id\":\"https:\\\/\\\/www.facecorner.lv\\\/#website\"},\"primaryImageOfPage\":{\"@id\":\"https:\\\/\\\/www.facecorner.lv\\\/shop\\\/masil-10-premium-repair-hair-mask-300ml\\\/#primaryimage\"},\"image\":{\"@id\":\"https:\\\/\\\/www.facecorner.lv\\\/shop\\\/masil-10-premium-repair-hair-mask-300ml\\\/#primaryimage\"},\"thumbnailUrl\":\"https:\\\/\\\/www.facecorner.lv\\\/wp-content\\\/uploads\\\/2023\\\/03\\\/masil10premiumrepairhairmask300ml-500x500-1.jpg\",\"datePublished\":\"2023-03-29T10:40:28+00:00\",\"dateModified\":\"2026-03-30T12:49:29+00:00\",\"breadcrumb\":{\"@id\":\"https:\\\/\\\/www.facecorner.lv\\\/shop\\\/masil-10-premium-repair-hair-mask-300ml\\\/#breadcrumb\"},\"inLanguage\":\"en-US\",\"potentialAction\":[{\"@type\":\"ReadAction\",\"target\":[\"https:\\\/\\\/www.facecorner.lv\\\/shop\\\/masil-10-premium-repair-hair-mask-300ml\\\/\"]}]},{\"@type\":\"ImageObject\",\"inLanguage\":\"en-US\",\"@id\":\"https:\\\/\\\/www.facecorner.lv\\\/shop\\\/masil-10-premium-repair-hair-mask-300ml\\\/#primaryimage\",\"url\":\"https:\\\/\\\/www.facecorner.lv\\\/wp-content\\\/uploads\\\/2023\\\/03\\\/masil10premiumrepairhairmask300ml-500x500-1.jpg\",\"contentUrl\":\"https:\\\/\\\/www.facecorner.lv\\\/wp-content\\\/uploads\\\/2023\\\/03\\\/masil10premiumrepairhairmask300ml-500x500-1.jpg\",\"width\":1000,\"height\":1000},{\"@type\":\"BreadcrumbList\",\"@id\":\"https:\\\/\\\/www.facecorner.lv\\\/shop\\\/masil-10-premium-repair-hair-mask-300ml\\\/#breadcrumb\",\"itemListElement\":[{\"@type\":\"ListItem\",\"position\":1,\"name\":\"Home\",\"item\":\"https:\\\/\\\/www.facecorner.lv\\\/\"},{\"@type\":\"ListItem\",\"position\":2,\"name\":\"Veikals\",\"item\":\"https:\\\/\\\/www.facecorner.lv\\\/shop\\\/\"},{\"@type\":\"ListItem\",\"position\":3,\"name\":\"Masil 10 Premium Repair Hair Mask 300ml\"}]},{\"@type\":\"WebSite\",\"@id\":\"https:\\\/\\\/www.facecorner.lv\\\/#website\",\"url\":\"https:\\\/\\\/www.facecorner.lv\\\/\",\"name\":\"Facecorner\",\"description\":\"\",\"publisher\":{\"@id\":\"https:\\\/\\\/www.facecorner.lv\\\/#organization\"},\"potentialAction\":[{\"@type\":\"SearchAction\",\"target\":{\"@type\":\"EntryPoint\",\"urlTemplate\":\"https:\\\/\\\/www.facecorner.lv\\\/?s={search_term_string}\"},\"query-input\":{\"@type\":\"PropertyValueSpecification\",\"valueRequired\":true,\"valueName\":\"search_term_string\"}}],\"inLanguage\":\"en-US\"},{\"@type\":\"Organization\",\"@id\":\"https:\\\/\\\/www.facecorner.lv\\\/#organization\",\"name\":\"Facecorner\",\"url\":\"https:\\\/\\\/www.facecorner.lv\\\/\",\"logo\":{\"@type\":\"ImageObject\",\"inLanguage\":\"en-US\",\"@id\":\"https:\\\/\\\/www.facecorner.lv\\\/#\\\/schema\\\/logo\\\/image\\\/\",\"url\":\"https:\\\/\\\/www.facecorner.lv\\\/wp-content\\\/uploads\\\/2024\\\/04\\\/fc-logo.jpg\",\"contentUrl\":\"https:\\\/\\\/www.facecorner.lv\\\/wp-content\\\/uploads\\\/2024\\\/04\\\/fc-logo.jpg\",\"width\":174,\"height\":28,\"caption\":\"Facecorner\"},\"image\":{\"@id\":\"https:\\\/\\\/www.facecorner.lv\\\/#\\\/schema\\\/logo\\\/image\\\/\"},\"sameAs\":[\"https:\\\/\\\/www.facebook.com\\\/profile.php?id=100063824551839\",\"https:\\\/\\\/www.instagram.com\\\/facecorner_shop\\\/\"]}]}<\/script>\n<meta property=\"product:price:amount\" content=\"29.50\" \/>\n<meta property=\"product:price:currency\" content=\"EUR\" \/>\n<meta property=\"og:availability\" content=\"instock\" \/>\n<meta property=\"product:availability\" content=\"instock\" \/>\n<meta property=\"product:condition\" content=\"new\" \/>\n<!-- \/ Yoast SEO plugin. -->","yoast_head_json":{"title":"Masil 10 Premium Repair Hair Mask 300ml - FACECORNER","robots":{"index":"index","follow":"follow","max-snippet":"max-snippet:-1","max-image-preview":"max-image-preview:large","max-video-preview":"max-video-preview:-1"},"canonical":"https:\/\/www.facecorner.lv\/en\/shop\/masil-10-premium-repair-hair-mask-300ml\/","og_locale":"en_US","og_type":"article","og_title":"Masil 10 Premium Repair Hair Mask 300ml - FACECORNER","og_description":"Atjaunojo\u0161a premium matu maska \u200b\u200bMasil 10 Premium Repair Hair Mask intens\u012bvi iedarbojas uz boj\u0101tiem matiem, nov\u0113r\u0161 sausumu un trauslumu, c\u012bn\u0101s ar matu galiem. Akt\u012bvi baro, izl\u012bdzina \u0161\u0137ipsnu strukt\u016bru, atjaunojot to sp\u012bdumu un z\u012bdainumu. Tam ir viskoza, viskoza tekst\u016bra.Dzi\u013ci baro, nov\u0113r\u0161 mitruma zudumu un bl\u0101vumu. Izl\u012bdzina \u0161\u0137ipsnu strukt\u016bru, padara t\u0101s sp\u012bd\u012bgas, gludas un z\u012bdainas. Aizpilda boj\u0101t\u0101s [&hellip;]","og_url":"https:\/\/www.facecorner.lv\/en\/shop\/masil-10-premium-repair-hair-mask-300ml\/","og_site_name":"FACECORNER","article_publisher":"https:\/\/www.facebook.com\/profile.php?id=100063824551839","article_modified_time":"2026-03-30T12:49:29+00:00","og_image":[{"width":1000,"height":1000,"url":"https:\/\/www.facecorner.lv\/wp-content\/uploads\/2023\/03\/masil10premiumrepairhairmask300ml-500x500-1.jpg","type":"image\/jpeg"}],"twitter_card":"summary_large_image","twitter_misc":{"Price":"&euro;29.50","Availability":"In stock"},"schema":{"@context":"https:\/\/schema.org","@graph":[{"@type":"WebPage","@id":"https:\/\/www.facecorner.lv\/shop\/masil-10-premium-repair-hair-mask-300ml\/","url":"https:\/\/www.facecorner.lv\/shop\/masil-10-premium-repair-hair-mask-300ml\/","name":"Masil 10 Premium Repair Hair Mask 300ml - FACECORNER","isPartOf":{"@id":"https:\/\/www.facecorner.lv\/#website"},"primaryImageOfPage":{"@id":"https:\/\/www.facecorner.lv\/shop\/masil-10-premium-repair-hair-mask-300ml\/#primaryimage"},"image":{"@id":"https:\/\/www.facecorner.lv\/shop\/masil-10-premium-repair-hair-mask-300ml\/#primaryimage"},"thumbnailUrl":"https:\/\/www.facecorner.lv\/wp-content\/uploads\/2023\/03\/masil10premiumrepairhairmask300ml-500x500-1.jpg","datePublished":"2023-03-29T10:40:28+00:00","dateModified":"2026-03-30T12:49:29+00:00","breadcrumb":{"@id":"https:\/\/www.facecorner.lv\/shop\/masil-10-premium-repair-hair-mask-300ml\/#breadcrumb"},"inLanguage":"en-US","potentialAction":[{"@type":"ReadAction","target":["https:\/\/www.facecorner.lv\/shop\/masil-10-premium-repair-hair-mask-300ml\/"]}]},{"@type":"ImageObject","inLanguage":"en-US","@id":"https:\/\/www.facecorner.lv\/shop\/masil-10-premium-repair-hair-mask-300ml\/#primaryimage","url":"https:\/\/www.facecorner.lv\/wp-content\/uploads\/2023\/03\/masil10premiumrepairhairmask300ml-500x500-1.jpg","contentUrl":"https:\/\/www.facecorner.lv\/wp-content\/uploads\/2023\/03\/masil10premiumrepairhairmask300ml-500x500-1.jpg","width":1000,"height":1000},{"@type":"BreadcrumbList","@id":"https:\/\/www.facecorner.lv\/shop\/masil-10-premium-repair-hair-mask-300ml\/#breadcrumb","itemListElement":[{"@type":"ListItem","position":1,"name":"Home","item":"https:\/\/www.facecorner.lv\/"},{"@type":"ListItem","position":2,"name":"Veikals","item":"https:\/\/www.facecorner.lv\/shop\/"},{"@type":"ListItem","position":3,"name":"Masil 10 Premium Repair Hair Mask 300ml"}]},{"@type":"WebSite","@id":"https:\/\/www.facecorner.lv\/#website","url":"https:\/\/www.facecorner.lv\/","name":"Facecorner","description":"","publisher":{"@id":"https:\/\/www.facecorner.lv\/#organization"},"potentialAction":[{"@type":"SearchAction","target":{"@type":"EntryPoint","urlTemplate":"https:\/\/www.facecorner.lv\/?s={search_term_string}"},"query-input":{"@type":"PropertyValueSpecification","valueRequired":true,"valueName":"search_term_string"}}],"inLanguage":"en-US"},{"@type":"Organization","@id":"https:\/\/www.facecorner.lv\/#organization","name":"Facecorner","url":"https:\/\/www.facecorner.lv\/","logo":{"@type":"ImageObject","inLanguage":"en-US","@id":"https:\/\/www.facecorner.lv\/#\/schema\/logo\/image\/","url":"https:\/\/www.facecorner.lv\/wp-content\/uploads\/2024\/04\/fc-logo.jpg","contentUrl":"https:\/\/www.facecorner.lv\/wp-content\/uploads\/2024\/04\/fc-logo.jpg","width":174,"height":28,"caption":"Facecorner"},"image":{"@id":"https:\/\/www.facecorner.lv\/#\/schema\/logo\/image\/"},"sameAs":["https:\/\/www.facebook.com\/profile.php?id=100063824551839","https:\/\/www.instagram.com\/facecorner_shop\/"]}]},"product_price_amount":"29.50","product_price_currency":"EUR","og_availability":"instock","product_availability":"instock","product_condition":"new"},"_links":{"self":[{"href":"https:\/\/www.facecorner.lv\/en\/wp-json\/wp\/v2\/product\/8686","targetHints":{"allow":["GET"]}}],"collection":[{"href":"https:\/\/www.facecorner.lv\/en\/wp-json\/wp\/v2\/product"}],"about":[{"href":"https:\/\/www.facecorner.lv\/en\/wp-json\/wp\/v2\/types\/product"}],"replies":[{"embeddable":true,"href":"https:\/\/www.facecorner.lv\/en\/wp-json\/wp\/v2\/comments?post=8686"}],"wp:featuredmedia":[{"embeddable":true,"href":"https:\/\/www.facecorner.lv\/en\/wp-json\/wp\/v2\/media\/8687"}],"wp:attachment":[{"href":"https:\/\/www.facecorner.lv\/en\/wp-json\/wp\/v2\/media?parent=8686"}],"wp:term":[{"taxonomy":"product_brand","embeddable":true,"href":"https:\/\/www.facecorner.lv\/en\/wp-json\/wp\/v2\/product_brand?post=8686"},{"taxonomy":"product_cat","embeddable":true,"href":"https:\/\/www.facecorner.lv\/en\/wp-json\/wp\/v2\/product_cat?post=8686"},{"taxonomy":"product_tag","embeddable":true,"href":"https:\/\/www.facecorner.lv\/en\/wp-json\/wp\/v2\/product_tag?post=8686"},{"taxonomy":"berocket_brand","embeddable":true,"href":"https:\/\/www.facecorner.lv\/en\/wp-json\/wp\/v2\/berocket_brand?post=8686"}],"curies":[{"name":"wp","href":"https:\/\/api.w.org\/{rel}","templated":true}]}}