{"id":8651,"date":"2023-03-28T21:12:18","date_gmt":"2023-03-28T19:12:18","guid":{"rendered":"https:\/\/facecorner.shop\/?post_type=product&#038;p=8651"},"modified":"2025-04-19T15:09:37","modified_gmt":"2025-04-19T12:09:37","slug":"pyunkang-yul-moisture-serum-100ml","status":"publish","type":"product","link":"https:\/\/www.facecorner.lv\/en\/shop\/pyunkang-yul-moisture-serum-100ml\/","title":{"rendered":"Pyunkang Yul Moisture Serum 100ml"},"content":{"rendered":"<p>Pyunkang Yul Moisture Serum ir nomierino\u0161s serums, kas regul\u0113 sebuma veido\u0161anos, mitrina, nov\u0113r\u0161 mitruma zudumu un atjauno \u016bdens l\u012bdzsvaru. Instruments pie\u0161\u0137ir mirdzumu, nomierina aps\u0101rtumu un nov\u0113r\u0161 lob\u012b\u0161anos. Astragalus saknes ekstrakts \u013coti labv\u0113l\u012bgi iedarbojas uz \u0101du ar rosaceju, nostiprinot asinsvadu sieni\u0146as. Dabisk\u0101s e\u013c\u013cas, kas veido produktu, uztur optim\u0101lu hidrat\u0101cijas l\u012bmeni epiderm\u0101, k\u0101 ar\u012b normaliz\u0113 tauku dziedzeru darb\u012bbu.<\/p>\n<p>Baltajam serumam ir piena konsistence. \u0100tri ies\u016bcas un neatst\u0101j taukainu pl\u0113vi. Maigi un maigi iedarbojas, neizraisa aler\u0123iju, kairin\u0101jumus un ir piem\u0113rots pat visjut\u012bg\u0101kajai \u0101dai. Nav smar\u017eas un nesatur smar\u017evielas. Sast\u0101v\u0101 ir tikai 15 komponenti, kurus sertific\u0113jusi EWG &#8211; Environmental Working Group (Environmental Working Group).<\/p>\n<p>Main active ingredients:<\/p>\n<ul>\n<li>Astragalus saknes ekstrakts ir otrs popul\u0101r\u0101kais p\u0113c \u017ee\u0146\u0161e\u0146a tautas medic\u012bn\u0101 \u0100zijas valst\u012bs. Izmanto k\u0101 antioksidantu, im\u016bnstimul\u0113jo\u0161u sast\u0101vda\u013cu. Atvieglo iekaisumu, atsl\u0101bina asinsvadus, dzied\u0113 mikroboj\u0101jumus, samazina rosacejas smagumu.<\/li>\n<li><span style=\"color: var(--g5-color-text-main); font-family: var(--g5-body-font); font-size: var(--g5-body-font-size); font-style: var(--g5-body-font-style); letter-spacing: var(--g5-body-letter-spacing); text-transform: var(--g5-body-text-transform);\">Argin\u012bns ir aminosk\u0101be, kurai ir br\u016b\u010du dziedino\u0161s un dziedino\u0161s efekts, nov\u0113r\u0161 \u0101das nepiln\u012bbas, stiprina turgoru un uzlabo tonusu.<\/span><\/li>\n<li><span style=\"color: var(--g5-color-text-main); font-family: var(--g5-body-font); font-size: var(--g5-body-font-size); font-style: var(--g5-body-font-style); letter-spacing: var(--g5-body-letter-spacing); text-transform: var(--g5-body-text-transform);\">Ol\u012bve\u013c\u013cai piem\u012bt re\u0123ener\u0113jo\u0161a iedarb\u012bba, izl\u012bdzina grumbas, nov\u0113r\u0161 to veido\u0161anos.<\/span><\/li>\n<\/ul>\n<p>Piem\u0113rots jut\u012bgai, kombin\u0113tai un sausai \u0101dai.<\/p>\n<p><strong>How to use:<\/strong>: Uzkl\u0101jiet nepiecie\u0161amo seruma daudzumu uz tonik\u0101 samitrin\u0101tas \u0101das un ar viegl\u0101m gl\u0101sto\u0161\u0101m kust\u012bb\u0101m pal\u012bdziet tai ies\u016bkties<\/p>\n<p><strong>Ingredientes:<\/strong>Astragalus Membranaceus Root Extract, Butylene Glycol, Olea Europaea (Olive) Fruit Oil, Caprylic\/Capric Triglyceride, 1,2-Hexanediol, Stearic Acid, Polysorbate 60, Cetearyl Alcohol, Glyceryl Stearate, Sorbitan Sesquioleate, Glyceryl Caprylate, Hydroxyethylcellulose, Carbomer, Arginine, Dimethicone.<\/p>","protected":false},"excerpt":{"rendered":"<p>Pyunkang Yul Moisture Serum ir nomierino\u0161s serums, kas regul\u0113 sebuma veido\u0161anos, mitrina, nov\u0113r\u0161 mitruma zudumu un atjauno \u016bdens l\u012bdzsvaru. Instruments pie\u0161\u0137ir mirdzumu, nomierina aps\u0101rtumu un nov\u0113r\u0161 lob\u012b\u0161anos. Astragalus saknes ekstrakts \u013coti labv\u0113l\u012bgi iedarbojas uz \u0101du ar rosaceju, nostiprinot asinsvadu sieni\u0146as. Dabisk\u0101s e\u013c\u013cas, kas veido produktu, uztur optim\u0101lu hidrat\u0101cijas l\u012bmeni epiderm\u0101, k\u0101 ar\u012b normaliz\u0113 tauku dziedzeru [&hellip;]<\/p>\n","protected":false},"featured_media":8652,"comment_status":"open","ping_status":"closed","template":"","meta":{"site-sidebar-layout":"default","site-content-layout":"","ast-site-content-layout":"","site-content-style":"default","site-sidebar-style":"default","ast-global-header-display":"","ast-banner-title-visibility":"","ast-main-header-display":"","ast-hfb-above-header-display":"","ast-hfb-below-header-display":"","ast-hfb-mobile-header-display":"","site-post-title":"","ast-breadcrumbs-content":"","ast-featured-img":"","footer-sml-layout":"","theme-transparent-header-meta":"","adv-header-id-meta":"","stick-header-meta":"","header-above-stick-meta":"","header-main-stick-meta":"","header-below-stick-meta":"","astra-migrate-meta-layouts":"default","ast-page-background-enabled":"default","ast-page-background-meta":{"desktop":{"background-color":"var(--ast-global-color-4)","background-image":"","background-repeat":"repeat","background-position":"center center","background-size":"auto","background-attachment":"scroll","background-type":"","background-media":"","overlay-type":"","overlay-color":"","overlay-opacity":"","overlay-gradient":""},"tablet":{"background-color":"","background-image":"","background-repeat":"repeat","background-position":"center center","background-size":"auto","background-attachment":"scroll","background-type":"","background-media":"","overlay-type":"","overlay-color":"","overlay-opacity":"","overlay-gradient":""},"mobile":{"background-color":"","background-image":"","background-repeat":"repeat","background-position":"center center","background-size":"auto","background-attachment":"scroll","background-type":"","background-media":"","overlay-type":"","overlay-color":"","overlay-opacity":"","overlay-gradient":""}},"ast-content-background-meta":{"desktop":{"background-color":"var(--ast-global-color-5)","background-image":"","background-repeat":"repeat","background-position":"center center","background-size":"auto","background-attachment":"scroll","background-type":"","background-media":"","overlay-type":"","overlay-color":"","overlay-opacity":"","overlay-gradient":""},"tablet":{"background-color":"var(--ast-global-color-5)","background-image":"","background-repeat":"repeat","background-position":"center center","background-size":"auto","background-attachment":"scroll","background-type":"","background-media":"","overlay-type":"","overlay-color":"","overlay-opacity":"","overlay-gradient":""},"mobile":{"background-color":"var(--ast-global-color-5)","background-image":"","background-repeat":"repeat","background-position":"center center","background-size":"auto","background-attachment":"scroll","background-type":"","background-media":"","overlay-type":"","overlay-color":"","overlay-opacity":"","overlay-gradient":""}}},"product_brand":[],"product_cat":[370,371,372,380,381,379,363],"product_tag":[],"berocket_brand":[587],"class_list":{"0":"post-8651","1":"product","2":"type-product","3":"status-publish","4":"has-post-thumbnail","6":"product_cat-adas-mirdzumam","7":"product_cat-anti-age","8":"product_cat-jutigai-adai-serumi","9":"product_cat-kombinetai-adai","10":"product_cat-problematiskai-un-taukainai-adai","11":"product_cat-sausai-adai-anti-age","12":"product_cat-serumi","13":"berocket_brand-pyunkangyul","14":"desktop-align-left","15":"tablet-align-left","16":"mobile-align-left","18":"first","19":"outofstock","20":"taxable","21":"shipping-taxable","22":"purchasable","23":"product-type-simple","24":"add-to-wishlist-before_image"},"yoast_head":"<!-- This site is optimized with the Yoast SEO plugin v27.4 - https:\/\/yoast.com\/product\/yoast-seo-wordpress\/ -->\n<title>Pyunkang Yul Moisture Serum 100ml - FACECORNER<\/title>\n<meta name=\"robots\" content=\"index, follow, max-snippet:-1, max-image-preview:large, max-video-preview:-1\" \/>\n<link rel=\"canonical\" href=\"https:\/\/www.facecorner.lv\/en\/shop\/pyunkang-yul-moisture-serum-100ml\/\" \/>\n<meta property=\"og:locale\" content=\"en_US\" \/>\n<meta property=\"og:type\" content=\"article\" \/>\n<meta property=\"og:title\" content=\"Pyunkang Yul Moisture Serum 100ml - FACECORNER\" \/>\n<meta property=\"og:description\" content=\"Pyunkang Yul Moisture Serum ir nomierino\u0161s serums, kas regul\u0113 sebuma veido\u0161anos, mitrina, nov\u0113r\u0161 mitruma zudumu un atjauno \u016bdens l\u012bdzsvaru. Instruments pie\u0161\u0137ir mirdzumu, nomierina aps\u0101rtumu un nov\u0113r\u0161 lob\u012b\u0161anos. Astragalus saknes ekstrakts \u013coti labv\u0113l\u012bgi iedarbojas uz \u0101du ar rosaceju, nostiprinot asinsvadu sieni\u0146as. Dabisk\u0101s e\u013c\u013cas, kas veido produktu, uztur optim\u0101lu hidrat\u0101cijas l\u012bmeni epiderm\u0101, k\u0101 ar\u012b normaliz\u0113 tauku dziedzeru [&hellip;]\" \/>\n<meta property=\"og:url\" content=\"https:\/\/www.facecorner.lv\/en\/shop\/pyunkang-yul-moisture-serum-100ml\/\" \/>\n<meta property=\"og:site_name\" content=\"FACECORNER\" \/>\n<meta property=\"article:publisher\" content=\"https:\/\/www.facebook.com\/profile.php?id=100063824551839\" \/>\n<meta property=\"article:modified_time\" content=\"2025-04-19T12:09:37+00:00\" \/>\n<meta property=\"og:image\" content=\"https:\/\/www.facecorner.lv\/wp-content\/uploads\/2023\/03\/51LGu53aFnL.jpg\" \/>\n\t<meta property=\"og:image:width\" content=\"1000\" \/>\n\t<meta property=\"og:image:height\" content=\"1000\" \/>\n\t<meta property=\"og:image:type\" content=\"image\/jpeg\" \/>\n<meta name=\"twitter:card\" content=\"summary_large_image\" \/>\n<meta name=\"twitter:label1\" content=\"Price\" \/>\n\t<meta name=\"twitter:data1\" content=\"&euro;31.46\" \/>\n\t<meta name=\"twitter:label2\" content=\"Availability\" \/>\n\t<meta name=\"twitter:data2\" content=\"Out of stock\" \/>\n<script type=\"application\/ld+json\" class=\"yoast-schema-graph\">{\"@context\":\"https:\\\/\\\/schema.org\",\"@graph\":[{\"@type\":\"WebPage\",\"@id\":\"https:\\\/\\\/www.facecorner.lv\\\/shop\\\/pyunkang-yul-moisture-serum-100ml\\\/\",\"url\":\"https:\\\/\\\/www.facecorner.lv\\\/shop\\\/pyunkang-yul-moisture-serum-100ml\\\/\",\"name\":\"Pyunkang Yul Moisture Serum 100ml - FACECORNER\",\"isPartOf\":{\"@id\":\"https:\\\/\\\/www.facecorner.lv\\\/#website\"},\"primaryImageOfPage\":{\"@id\":\"https:\\\/\\\/www.facecorner.lv\\\/shop\\\/pyunkang-yul-moisture-serum-100ml\\\/#primaryimage\"},\"image\":{\"@id\":\"https:\\\/\\\/www.facecorner.lv\\\/shop\\\/pyunkang-yul-moisture-serum-100ml\\\/#primaryimage\"},\"thumbnailUrl\":\"https:\\\/\\\/www.facecorner.lv\\\/wp-content\\\/uploads\\\/2023\\\/03\\\/51LGu53aFnL.jpg\",\"datePublished\":\"2023-03-28T19:12:18+00:00\",\"dateModified\":\"2025-04-19T12:09:37+00:00\",\"breadcrumb\":{\"@id\":\"https:\\\/\\\/www.facecorner.lv\\\/shop\\\/pyunkang-yul-moisture-serum-100ml\\\/#breadcrumb\"},\"inLanguage\":\"en-US\",\"potentialAction\":[{\"@type\":\"ReadAction\",\"target\":[\"https:\\\/\\\/www.facecorner.lv\\\/shop\\\/pyunkang-yul-moisture-serum-100ml\\\/\"]}]},{\"@type\":\"ImageObject\",\"inLanguage\":\"en-US\",\"@id\":\"https:\\\/\\\/www.facecorner.lv\\\/shop\\\/pyunkang-yul-moisture-serum-100ml\\\/#primaryimage\",\"url\":\"https:\\\/\\\/www.facecorner.lv\\\/wp-content\\\/uploads\\\/2023\\\/03\\\/51LGu53aFnL.jpg\",\"contentUrl\":\"https:\\\/\\\/www.facecorner.lv\\\/wp-content\\\/uploads\\\/2023\\\/03\\\/51LGu53aFnL.jpg\",\"width\":1000,\"height\":1000},{\"@type\":\"BreadcrumbList\",\"@id\":\"https:\\\/\\\/www.facecorner.lv\\\/shop\\\/pyunkang-yul-moisture-serum-100ml\\\/#breadcrumb\",\"itemListElement\":[{\"@type\":\"ListItem\",\"position\":1,\"name\":\"Home\",\"item\":\"https:\\\/\\\/www.facecorner.lv\\\/\"},{\"@type\":\"ListItem\",\"position\":2,\"name\":\"Veikals\",\"item\":\"https:\\\/\\\/www.facecorner.lv\\\/shop\\\/\"},{\"@type\":\"ListItem\",\"position\":3,\"name\":\"Pyunkang Yul Moisture Serum 100ml\"}]},{\"@type\":\"WebSite\",\"@id\":\"https:\\\/\\\/www.facecorner.lv\\\/#website\",\"url\":\"https:\\\/\\\/www.facecorner.lv\\\/\",\"name\":\"Facecorner\",\"description\":\"\",\"publisher\":{\"@id\":\"https:\\\/\\\/www.facecorner.lv\\\/#organization\"},\"potentialAction\":[{\"@type\":\"SearchAction\",\"target\":{\"@type\":\"EntryPoint\",\"urlTemplate\":\"https:\\\/\\\/www.facecorner.lv\\\/?s={search_term_string}\"},\"query-input\":{\"@type\":\"PropertyValueSpecification\",\"valueRequired\":true,\"valueName\":\"search_term_string\"}}],\"inLanguage\":\"en-US\"},{\"@type\":\"Organization\",\"@id\":\"https:\\\/\\\/www.facecorner.lv\\\/#organization\",\"name\":\"Facecorner\",\"url\":\"https:\\\/\\\/www.facecorner.lv\\\/\",\"logo\":{\"@type\":\"ImageObject\",\"inLanguage\":\"en-US\",\"@id\":\"https:\\\/\\\/www.facecorner.lv\\\/#\\\/schema\\\/logo\\\/image\\\/\",\"url\":\"https:\\\/\\\/www.facecorner.lv\\\/wp-content\\\/uploads\\\/2024\\\/04\\\/fc-logo.jpg\",\"contentUrl\":\"https:\\\/\\\/www.facecorner.lv\\\/wp-content\\\/uploads\\\/2024\\\/04\\\/fc-logo.jpg\",\"width\":174,\"height\":28,\"caption\":\"Facecorner\"},\"image\":{\"@id\":\"https:\\\/\\\/www.facecorner.lv\\\/#\\\/schema\\\/logo\\\/image\\\/\"},\"sameAs\":[\"https:\\\/\\\/www.facebook.com\\\/profile.php?id=100063824551839\",\"https:\\\/\\\/www.instagram.com\\\/facecorner_shop\\\/\"]}]}<\/script>\n<meta property=\"product:price:amount\" content=\"31.46\" \/>\n<meta property=\"product:price:currency\" content=\"EUR\" \/>\n<meta property=\"og:availability\" content=\"out of stock\" \/>\n<meta property=\"product:availability\" content=\"out of stock\" \/>\n<meta property=\"product:condition\" content=\"new\" \/>\n<!-- \/ Yoast SEO plugin. -->","yoast_head_json":{"title":"Pyunkang Yul Moisture Serum 100ml - FACECORNER","robots":{"index":"index","follow":"follow","max-snippet":"max-snippet:-1","max-image-preview":"max-image-preview:large","max-video-preview":"max-video-preview:-1"},"canonical":"https:\/\/www.facecorner.lv\/en\/shop\/pyunkang-yul-moisture-serum-100ml\/","og_locale":"en_US","og_type":"article","og_title":"Pyunkang Yul Moisture Serum 100ml - FACECORNER","og_description":"Pyunkang Yul Moisture Serum ir nomierino\u0161s serums, kas regul\u0113 sebuma veido\u0161anos, mitrina, nov\u0113r\u0161 mitruma zudumu un atjauno \u016bdens l\u012bdzsvaru. Instruments pie\u0161\u0137ir mirdzumu, nomierina aps\u0101rtumu un nov\u0113r\u0161 lob\u012b\u0161anos. Astragalus saknes ekstrakts \u013coti labv\u0113l\u012bgi iedarbojas uz \u0101du ar rosaceju, nostiprinot asinsvadu sieni\u0146as. Dabisk\u0101s e\u013c\u013cas, kas veido produktu, uztur optim\u0101lu hidrat\u0101cijas l\u012bmeni epiderm\u0101, k\u0101 ar\u012b normaliz\u0113 tauku dziedzeru [&hellip;]","og_url":"https:\/\/www.facecorner.lv\/en\/shop\/pyunkang-yul-moisture-serum-100ml\/","og_site_name":"FACECORNER","article_publisher":"https:\/\/www.facebook.com\/profile.php?id=100063824551839","article_modified_time":"2025-04-19T12:09:37+00:00","og_image":[{"width":1000,"height":1000,"url":"https:\/\/www.facecorner.lv\/wp-content\/uploads\/2023\/03\/51LGu53aFnL.jpg","type":"image\/jpeg"}],"twitter_card":"summary_large_image","twitter_misc":{"Price":"&euro;31.46","Availability":"Out of stock"},"schema":{"@context":"https:\/\/schema.org","@graph":[{"@type":"WebPage","@id":"https:\/\/www.facecorner.lv\/shop\/pyunkang-yul-moisture-serum-100ml\/","url":"https:\/\/www.facecorner.lv\/shop\/pyunkang-yul-moisture-serum-100ml\/","name":"Pyunkang Yul Moisture Serum 100ml - FACECORNER","isPartOf":{"@id":"https:\/\/www.facecorner.lv\/#website"},"primaryImageOfPage":{"@id":"https:\/\/www.facecorner.lv\/shop\/pyunkang-yul-moisture-serum-100ml\/#primaryimage"},"image":{"@id":"https:\/\/www.facecorner.lv\/shop\/pyunkang-yul-moisture-serum-100ml\/#primaryimage"},"thumbnailUrl":"https:\/\/www.facecorner.lv\/wp-content\/uploads\/2023\/03\/51LGu53aFnL.jpg","datePublished":"2023-03-28T19:12:18+00:00","dateModified":"2025-04-19T12:09:37+00:00","breadcrumb":{"@id":"https:\/\/www.facecorner.lv\/shop\/pyunkang-yul-moisture-serum-100ml\/#breadcrumb"},"inLanguage":"en-US","potentialAction":[{"@type":"ReadAction","target":["https:\/\/www.facecorner.lv\/shop\/pyunkang-yul-moisture-serum-100ml\/"]}]},{"@type":"ImageObject","inLanguage":"en-US","@id":"https:\/\/www.facecorner.lv\/shop\/pyunkang-yul-moisture-serum-100ml\/#primaryimage","url":"https:\/\/www.facecorner.lv\/wp-content\/uploads\/2023\/03\/51LGu53aFnL.jpg","contentUrl":"https:\/\/www.facecorner.lv\/wp-content\/uploads\/2023\/03\/51LGu53aFnL.jpg","width":1000,"height":1000},{"@type":"BreadcrumbList","@id":"https:\/\/www.facecorner.lv\/shop\/pyunkang-yul-moisture-serum-100ml\/#breadcrumb","itemListElement":[{"@type":"ListItem","position":1,"name":"Home","item":"https:\/\/www.facecorner.lv\/"},{"@type":"ListItem","position":2,"name":"Veikals","item":"https:\/\/www.facecorner.lv\/shop\/"},{"@type":"ListItem","position":3,"name":"Pyunkang Yul Moisture Serum 100ml"}]},{"@type":"WebSite","@id":"https:\/\/www.facecorner.lv\/#website","url":"https:\/\/www.facecorner.lv\/","name":"Facecorner","description":"","publisher":{"@id":"https:\/\/www.facecorner.lv\/#organization"},"potentialAction":[{"@type":"SearchAction","target":{"@type":"EntryPoint","urlTemplate":"https:\/\/www.facecorner.lv\/?s={search_term_string}"},"query-input":{"@type":"PropertyValueSpecification","valueRequired":true,"valueName":"search_term_string"}}],"inLanguage":"en-US"},{"@type":"Organization","@id":"https:\/\/www.facecorner.lv\/#organization","name":"Facecorner","url":"https:\/\/www.facecorner.lv\/","logo":{"@type":"ImageObject","inLanguage":"en-US","@id":"https:\/\/www.facecorner.lv\/#\/schema\/logo\/image\/","url":"https:\/\/www.facecorner.lv\/wp-content\/uploads\/2024\/04\/fc-logo.jpg","contentUrl":"https:\/\/www.facecorner.lv\/wp-content\/uploads\/2024\/04\/fc-logo.jpg","width":174,"height":28,"caption":"Facecorner"},"image":{"@id":"https:\/\/www.facecorner.lv\/#\/schema\/logo\/image\/"},"sameAs":["https:\/\/www.facebook.com\/profile.php?id=100063824551839","https:\/\/www.instagram.com\/facecorner_shop\/"]}]},"product_price_amount":"31.46","product_price_currency":"EUR","og_availability":"out of stock","product_availability":"out of stock","product_condition":"new"},"_links":{"self":[{"href":"https:\/\/www.facecorner.lv\/en\/wp-json\/wp\/v2\/product\/8651","targetHints":{"allow":["GET"]}}],"collection":[{"href":"https:\/\/www.facecorner.lv\/en\/wp-json\/wp\/v2\/product"}],"about":[{"href":"https:\/\/www.facecorner.lv\/en\/wp-json\/wp\/v2\/types\/product"}],"replies":[{"embeddable":true,"href":"https:\/\/www.facecorner.lv\/en\/wp-json\/wp\/v2\/comments?post=8651"}],"wp:featuredmedia":[{"embeddable":true,"href":"https:\/\/www.facecorner.lv\/en\/wp-json\/wp\/v2\/media\/8652"}],"wp:attachment":[{"href":"https:\/\/www.facecorner.lv\/en\/wp-json\/wp\/v2\/media?parent=8651"}],"wp:term":[{"taxonomy":"product_brand","embeddable":true,"href":"https:\/\/www.facecorner.lv\/en\/wp-json\/wp\/v2\/product_brand?post=8651"},{"taxonomy":"product_cat","embeddable":true,"href":"https:\/\/www.facecorner.lv\/en\/wp-json\/wp\/v2\/product_cat?post=8651"},{"taxonomy":"product_tag","embeddable":true,"href":"https:\/\/www.facecorner.lv\/en\/wp-json\/wp\/v2\/product_tag?post=8651"},{"taxonomy":"berocket_brand","embeddable":true,"href":"https:\/\/www.facecorner.lv\/en\/wp-json\/wp\/v2\/berocket_brand?post=8651"}],"curies":[{"name":"wp","href":"https:\/\/api.w.org\/{rel}","templated":true}]}}