{"id":8644,"date":"2023-03-28T21:04:26","date_gmt":"2023-03-28T19:04:26","guid":{"rendered":"https:\/\/facecorner.shop\/?post_type=product&#038;p=8644"},"modified":"2026-03-10T14:53:42","modified_gmt":"2026-03-10T11:53:42","slug":"pyunkang-yul-acne-cream-50ml","status":"publish","type":"product","link":"https:\/\/www.facecorner.lv\/en\/shop\/pyunkang-yul-acne-cream-50ml\/","title":{"rendered":"Pyunkang Yul Acne Cream 50ml"},"content":{"rendered":"<p>Kr\u0113ms problem\u0101tiskai \u0101dai Pyunkang Yul Acne Cream dzi\u013ci dzied\u0113, nov\u0113r\u0161 iekaisumu un p\u016bt\u012b\u0161u par\u0101d\u012b\u0161anos, un tam piem\u012bt antibakteri\u0101la iedarb\u012bba. Tas mazina diskomfortu un niezi, pa\u0101trina dz\u012b\u0161anas procesu, nov\u0113r\u0161 aps\u0101rtumu un taukainu sp\u012bdumu.<\/p>\n<p>Kr\u0113ms regul\u0113 tauku dziedzeru darb\u012bbu, samazina \u0101das taukain\u012bbu un nov\u0113r\u0161 poru aizs\u0113r\u0113\u0161anu. Pies\u0101tina ar mitrumu, uztur optim\u0101lu \u016bdens-lip\u012bdu l\u012bdzsvaru, nov\u0113r\u0161 dehidrat\u0101ciju un dehidrat\u0101ciju. Instruments nostiprina aizsargbarjeru, nomierina kairin\u0101jumu, padara sejas toni vienm\u0113r\u012bg\u0101ku.<\/p>\n<p>Kr\u0113ms \u0101tri ies\u016bcas un pat\u012bkami atsvaidzina \u0101du, to nenoslogojot un neatst\u0101jot lip\u012bgu pl\u0113vi.<\/p>\n<p>Main active ingredients:<\/p>\n<ul>\n<li>Centella asiatica ekstrakts nomierina, nov\u0113r\u0161 aps\u0101rtumu, mazina piet\u016bkumu un stiprina asinsvadu sieni\u0146as, mazinot rosacejas paz\u012bmes, k\u0101 ar\u012b uzlabo tvirtumu un elast\u012bbu.<\/li>\n<li>Lakricas ekstraktam piem\u012bt re\u0123ener\u0113jo\u0161a iedarb\u012bba, mazina kairin\u0101juma un piet\u016bkuma paz\u012bmes, nomierina, stimul\u0113 kolag\u0113na sint\u0113zi. pal\u012bdz c\u012b\u0146\u0101 pret p\u0101rm\u0113r\u012bgu pigment\u0101ciju.<\/li>\n<li>Balt\u0101 v\u012btola mizas ekstrakts uzlabo \u0101das kr\u0101su, mazina kairin\u0101jumu, atjauno, samazina poras, regul\u0113 sebuma veido\u0161anos, efekt\u012bvi noloba, atjauno epidermas barjerfunkcijas.<\/li>\n<li>Vara tripept\u012bds rada savilk\u0161anas efektu, stiprina \u0101das imunit\u0101ti, pa\u0101trina dz\u012b\u0161anas un atvese\u013co\u0161an\u0101s procesus, izl\u012bdzina tonusu. Uzlabo starp\u0161\u016bnu vielmai\u0146u, veicina epidermas atjauno\u0161anos.<\/li>\n<li>Kumel\u012b\u0161u ekstraktam piem\u012bt \u0101rstnieciska re\u0123ener\u0113jo\u0161a iedarb\u012bba. Nomierina kairin\u0101jumu, mazina aps\u0101rtumu, nov\u0113r\u0161 iekaisumu.<\/li>\n<li>Rozmar\u012bna ekstrakts aktiviz\u0113 epidermas \u0161\u016bnu atjauno\u0161anos, toniz\u0113, uzlabo asinsriti, dezinfic\u0113 un \u0101rst\u0113 iekaisumus.<\/li>\n<li>Nasturcijas ekstraktam piem\u012bt antiseptiskas, antibakteri\u0101las un br\u016b\u010du dziedino\u0161as \u012bpa\u0161\u012bbas, nomierina sakairin\u0101tu \u0101du. Pa\u0101trina re\u0123ener\u0101cijas un atvese\u013co\u0161an\u0101s procesus.<\/li>\n<\/ul>\n<p>Piem\u0113rots taukainai un problem\u0101tiskai \u0101dai.<\/p>\n<p><strong>How to use:<\/strong> uzkl\u0101jiet kr\u0113mu k\u0101 p\u0113d\u0113jo \u0101das kop\u0161anas soli.<\/p>\n<p><strong>Ingredientes:\u00a0<\/strong>Water, Glycerin, Dipropylene Glycol, Methylpropanediol, Glyceryl Acrylate\/\u200bAcrylic Acid Copolymer, Pvm\/\u200bMa Copolymer, Niacinamide, Cetearyl Olivate, Sorbitan Olivate, Salix Alba (Willow) Bark Extract, Dimethyl Sulfone, Pyridoxine Hcl, Forsythia Suspensa Fruit Extract, Butylene Glycol, Centella Asiatica Extract, Polygonum Cuspidatum Root Extract, Scutellaria Baicalensis Root Extract, Camellia Sinensis Leaf Extract, Glycyrrhiza Uralensis (Licorice) Root Extract, Chamomilla Recutita (Matricaria) Flower Extract, Rosmarinus Officinalis (Rosemary) Leaf Extract, Carbomer, Hydroxyethyl Acrylate\/\u200bSodium Acryloyldimethyl Taurate Copolymer, Tromethamine, Copper Tripeptide-1, Hydroxyacetophenone, Myrtus Communis Extract, Tropaeolum Majus Extract, Ethylhexylglycerin, Disodium EDTA<\/p>","protected":false},"excerpt":{"rendered":"<p>Kr\u0113ms problem\u0101tiskai \u0101dai Pyunkang Yul Acne Cream dzi\u013ci dzied\u0113, nov\u0113r\u0161 iekaisumu un p\u016bt\u012b\u0161u par\u0101d\u012b\u0161anos, un tam piem\u012bt antibakteri\u0101la iedarb\u012bba. Tas mazina diskomfortu un niezi, pa\u0101trina dz\u012b\u0161anas procesu, nov\u0113r\u0161 aps\u0101rtumu un taukainu sp\u012bdumu. Kr\u0113ms regul\u0113 tauku dziedzeru darb\u012bbu, samazina \u0101das taukain\u012bbu un nov\u0113r\u0161 poru aizs\u0113r\u0113\u0161anu. Pies\u0101tina ar mitrumu, uztur optim\u0101lu \u016bdens-lip\u012bdu l\u012bdzsvaru, nov\u0113r\u0161 dehidrat\u0101ciju un dehidrat\u0101ciju. [&hellip;]<\/p>\n","protected":false},"featured_media":8645,"comment_status":"open","ping_status":"closed","template":"","meta":{"site-sidebar-layout":"default","site-content-layout":"","ast-site-content-layout":"","site-content-style":"default","site-sidebar-style":"default","ast-global-header-display":"","ast-banner-title-visibility":"","ast-main-header-display":"","ast-hfb-above-header-display":"","ast-hfb-below-header-display":"","ast-hfb-mobile-header-display":"","site-post-title":"","ast-breadcrumbs-content":"","ast-featured-img":"","footer-sml-layout":"","theme-transparent-header-meta":"","adv-header-id-meta":"","stick-header-meta":"","header-above-stick-meta":"","header-main-stick-meta":"","header-below-stick-meta":"","astra-migrate-meta-layouts":"default","ast-page-background-enabled":"default","ast-page-background-meta":{"desktop":{"background-color":"var(--ast-global-color-4)","background-image":"","background-repeat":"repeat","background-position":"center center","background-size":"auto","background-attachment":"scroll","background-type":"","background-media":"","overlay-type":"","overlay-color":"","overlay-opacity":"","overlay-gradient":""},"tablet":{"background-color":"","background-image":"","background-repeat":"repeat","background-position":"center center","background-size":"auto","background-attachment":"scroll","background-type":"","background-media":"","overlay-type":"","overlay-color":"","overlay-opacity":"","overlay-gradient":""},"mobile":{"background-color":"","background-image":"","background-repeat":"repeat","background-position":"center center","background-size":"auto","background-attachment":"scroll","background-type":"","background-media":"","overlay-type":"","overlay-color":"","overlay-opacity":"","overlay-gradient":""}},"ast-content-background-meta":{"desktop":{"background-color":"var(--ast-global-color-5)","background-image":"","background-repeat":"repeat","background-position":"center center","background-size":"auto","background-attachment":"scroll","background-type":"","background-media":"","overlay-type":"","overlay-color":"","overlay-opacity":"","overlay-gradient":""},"tablet":{"background-color":"var(--ast-global-color-5)","background-image":"","background-repeat":"repeat","background-position":"center center","background-size":"auto","background-attachment":"scroll","background-type":"","background-media":"","overlay-type":"","overlay-color":"","overlay-opacity":"","overlay-gradient":""},"mobile":{"background-color":"var(--ast-global-color-5)","background-image":"","background-repeat":"repeat","background-position":"center center","background-size":"auto","background-attachment":"scroll","background-type":"","background-media":"","overlay-type":"","overlay-color":"","overlay-opacity":"","overlay-gradient":""}}},"product_brand":[],"product_cat":[380,366,367,369,381,362],"product_tag":[],"berocket_brand":[587],"class_list":{"0":"post-8644","1":"product","2":"type-product","3":"status-publish","4":"has-post-thumbnail","6":"product_cat-kombinetai-adai","7":"product_cat-mitrinoss","8":"product_cat-nomierinoss","9":"product_cat-problematiskai-adai-sejas-krems","10":"product_cat-problematiskai-un-taukainai-adai","11":"product_cat-sejas-krems","12":"berocket_brand-pyunkangyul","13":"desktop-align-left","14":"tablet-align-left","15":"mobile-align-left","17":"first","18":"outofstock","19":"taxable","20":"shipping-taxable","21":"purchasable","22":"product-type-simple","23":"add-to-wishlist-before_image"},"yoast_head":"<!-- This site is optimized with the Yoast SEO plugin v27.4 - https:\/\/yoast.com\/product\/yoast-seo-wordpress\/ -->\n<title>Pyunkang Yul Acne Cream 50ml - FACECORNER<\/title>\n<meta name=\"robots\" content=\"index, follow, max-snippet:-1, max-image-preview:large, max-video-preview:-1\" \/>\n<link rel=\"canonical\" href=\"https:\/\/www.facecorner.lv\/en\/shop\/pyunkang-yul-acne-cream-50ml\/\" \/>\n<meta property=\"og:locale\" content=\"en_US\" \/>\n<meta property=\"og:type\" content=\"article\" \/>\n<meta property=\"og:title\" content=\"Pyunkang Yul Acne Cream 50ml - FACECORNER\" \/>\n<meta property=\"og:description\" content=\"Kr\u0113ms problem\u0101tiskai \u0101dai Pyunkang Yul Acne Cream dzi\u013ci dzied\u0113, nov\u0113r\u0161 iekaisumu un p\u016bt\u012b\u0161u par\u0101d\u012b\u0161anos, un tam piem\u012bt antibakteri\u0101la iedarb\u012bba. Tas mazina diskomfortu un niezi, pa\u0101trina dz\u012b\u0161anas procesu, nov\u0113r\u0161 aps\u0101rtumu un taukainu sp\u012bdumu. Kr\u0113ms regul\u0113 tauku dziedzeru darb\u012bbu, samazina \u0101das taukain\u012bbu un nov\u0113r\u0161 poru aizs\u0113r\u0113\u0161anu. Pies\u0101tina ar mitrumu, uztur optim\u0101lu \u016bdens-lip\u012bdu l\u012bdzsvaru, nov\u0113r\u0161 dehidrat\u0101ciju un dehidrat\u0101ciju. [&hellip;]\" \/>\n<meta property=\"og:url\" content=\"https:\/\/www.facecorner.lv\/en\/shop\/pyunkang-yul-acne-cream-50ml\/\" \/>\n<meta property=\"og:site_name\" content=\"FACECORNER\" \/>\n<meta property=\"article:publisher\" content=\"https:\/\/www.facebook.com\/profile.php?id=100063824551839\" \/>\n<meta property=\"article:modified_time\" content=\"2026-03-10T11:53:42+00:00\" \/>\n<meta property=\"og:image\" content=\"https:\/\/www.facecorner.lv\/wp-content\/uploads\/2023\/03\/6848-1000x1000-1.jpg\" \/>\n\t<meta property=\"og:image:width\" content=\"1000\" \/>\n\t<meta property=\"og:image:height\" content=\"1000\" \/>\n\t<meta property=\"og:image:type\" content=\"image\/jpeg\" \/>\n<meta name=\"twitter:card\" content=\"summary_large_image\" \/>\n<meta name=\"twitter:label1\" content=\"Price\" \/>\n\t<meta name=\"twitter:data1\" content=\"&euro;21.00\" \/>\n\t<meta name=\"twitter:label2\" content=\"Availability\" \/>\n\t<meta name=\"twitter:data2\" content=\"Out of stock\" \/>\n<script type=\"application\/ld+json\" class=\"yoast-schema-graph\">{\"@context\":\"https:\\\/\\\/schema.org\",\"@graph\":[{\"@type\":\"WebPage\",\"@id\":\"https:\\\/\\\/www.facecorner.lv\\\/shop\\\/pyunkang-yul-acne-cream-50ml\\\/\",\"url\":\"https:\\\/\\\/www.facecorner.lv\\\/shop\\\/pyunkang-yul-acne-cream-50ml\\\/\",\"name\":\"Pyunkang Yul Acne Cream 50ml - FACECORNER\",\"isPartOf\":{\"@id\":\"https:\\\/\\\/www.facecorner.lv\\\/#website\"},\"primaryImageOfPage\":{\"@id\":\"https:\\\/\\\/www.facecorner.lv\\\/shop\\\/pyunkang-yul-acne-cream-50ml\\\/#primaryimage\"},\"image\":{\"@id\":\"https:\\\/\\\/www.facecorner.lv\\\/shop\\\/pyunkang-yul-acne-cream-50ml\\\/#primaryimage\"},\"thumbnailUrl\":\"https:\\\/\\\/www.facecorner.lv\\\/wp-content\\\/uploads\\\/2023\\\/03\\\/6848-1000x1000-1.jpg\",\"datePublished\":\"2023-03-28T19:04:26+00:00\",\"dateModified\":\"2026-03-10T11:53:42+00:00\",\"breadcrumb\":{\"@id\":\"https:\\\/\\\/www.facecorner.lv\\\/shop\\\/pyunkang-yul-acne-cream-50ml\\\/#breadcrumb\"},\"inLanguage\":\"en-US\",\"potentialAction\":[{\"@type\":\"ReadAction\",\"target\":[\"https:\\\/\\\/www.facecorner.lv\\\/shop\\\/pyunkang-yul-acne-cream-50ml\\\/\"]}]},{\"@type\":\"ImageObject\",\"inLanguage\":\"en-US\",\"@id\":\"https:\\\/\\\/www.facecorner.lv\\\/shop\\\/pyunkang-yul-acne-cream-50ml\\\/#primaryimage\",\"url\":\"https:\\\/\\\/www.facecorner.lv\\\/wp-content\\\/uploads\\\/2023\\\/03\\\/6848-1000x1000-1.jpg\",\"contentUrl\":\"https:\\\/\\\/www.facecorner.lv\\\/wp-content\\\/uploads\\\/2023\\\/03\\\/6848-1000x1000-1.jpg\",\"width\":1000,\"height\":1000},{\"@type\":\"BreadcrumbList\",\"@id\":\"https:\\\/\\\/www.facecorner.lv\\\/shop\\\/pyunkang-yul-acne-cream-50ml\\\/#breadcrumb\",\"itemListElement\":[{\"@type\":\"ListItem\",\"position\":1,\"name\":\"Home\",\"item\":\"https:\\\/\\\/www.facecorner.lv\\\/\"},{\"@type\":\"ListItem\",\"position\":2,\"name\":\"Veikals\",\"item\":\"https:\\\/\\\/www.facecorner.lv\\\/shop\\\/\"},{\"@type\":\"ListItem\",\"position\":3,\"name\":\"Pyunkang Yul Acne Cream 50ml\"}]},{\"@type\":\"WebSite\",\"@id\":\"https:\\\/\\\/www.facecorner.lv\\\/#website\",\"url\":\"https:\\\/\\\/www.facecorner.lv\\\/\",\"name\":\"Facecorner\",\"description\":\"\",\"publisher\":{\"@id\":\"https:\\\/\\\/www.facecorner.lv\\\/#organization\"},\"potentialAction\":[{\"@type\":\"SearchAction\",\"target\":{\"@type\":\"EntryPoint\",\"urlTemplate\":\"https:\\\/\\\/www.facecorner.lv\\\/?s={search_term_string}\"},\"query-input\":{\"@type\":\"PropertyValueSpecification\",\"valueRequired\":true,\"valueName\":\"search_term_string\"}}],\"inLanguage\":\"en-US\"},{\"@type\":\"Organization\",\"@id\":\"https:\\\/\\\/www.facecorner.lv\\\/#organization\",\"name\":\"Facecorner\",\"url\":\"https:\\\/\\\/www.facecorner.lv\\\/\",\"logo\":{\"@type\":\"ImageObject\",\"inLanguage\":\"en-US\",\"@id\":\"https:\\\/\\\/www.facecorner.lv\\\/#\\\/schema\\\/logo\\\/image\\\/\",\"url\":\"https:\\\/\\\/www.facecorner.lv\\\/wp-content\\\/uploads\\\/2024\\\/04\\\/fc-logo.jpg\",\"contentUrl\":\"https:\\\/\\\/www.facecorner.lv\\\/wp-content\\\/uploads\\\/2024\\\/04\\\/fc-logo.jpg\",\"width\":174,\"height\":28,\"caption\":\"Facecorner\"},\"image\":{\"@id\":\"https:\\\/\\\/www.facecorner.lv\\\/#\\\/schema\\\/logo\\\/image\\\/\"},\"sameAs\":[\"https:\\\/\\\/www.facebook.com\\\/profile.php?id=100063824551839\",\"https:\\\/\\\/www.instagram.com\\\/facecorner_shop\\\/\"]}]}<\/script>\n<meta property=\"product:price:amount\" content=\"21.00\" \/>\n<meta property=\"product:price:currency\" content=\"EUR\" \/>\n<meta property=\"og:availability\" content=\"out of stock\" \/>\n<meta property=\"product:availability\" content=\"out of stock\" \/>\n<meta property=\"product:condition\" content=\"new\" \/>\n<!-- \/ Yoast SEO plugin. -->","yoast_head_json":{"title":"Pyunkang Yul Acne Cream 50ml - FACECORNER","robots":{"index":"index","follow":"follow","max-snippet":"max-snippet:-1","max-image-preview":"max-image-preview:large","max-video-preview":"max-video-preview:-1"},"canonical":"https:\/\/www.facecorner.lv\/en\/shop\/pyunkang-yul-acne-cream-50ml\/","og_locale":"en_US","og_type":"article","og_title":"Pyunkang Yul Acne Cream 50ml - FACECORNER","og_description":"Kr\u0113ms problem\u0101tiskai \u0101dai Pyunkang Yul Acne Cream dzi\u013ci dzied\u0113, nov\u0113r\u0161 iekaisumu un p\u016bt\u012b\u0161u par\u0101d\u012b\u0161anos, un tam piem\u012bt antibakteri\u0101la iedarb\u012bba. Tas mazina diskomfortu un niezi, pa\u0101trina dz\u012b\u0161anas procesu, nov\u0113r\u0161 aps\u0101rtumu un taukainu sp\u012bdumu. Kr\u0113ms regul\u0113 tauku dziedzeru darb\u012bbu, samazina \u0101das taukain\u012bbu un nov\u0113r\u0161 poru aizs\u0113r\u0113\u0161anu. Pies\u0101tina ar mitrumu, uztur optim\u0101lu \u016bdens-lip\u012bdu l\u012bdzsvaru, nov\u0113r\u0161 dehidrat\u0101ciju un dehidrat\u0101ciju. [&hellip;]","og_url":"https:\/\/www.facecorner.lv\/en\/shop\/pyunkang-yul-acne-cream-50ml\/","og_site_name":"FACECORNER","article_publisher":"https:\/\/www.facebook.com\/profile.php?id=100063824551839","article_modified_time":"2026-03-10T11:53:42+00:00","og_image":[{"width":1000,"height":1000,"url":"https:\/\/www.facecorner.lv\/wp-content\/uploads\/2023\/03\/6848-1000x1000-1.jpg","type":"image\/jpeg"}],"twitter_card":"summary_large_image","twitter_misc":{"Price":"&euro;21.00","Availability":"Out of stock"},"schema":{"@context":"https:\/\/schema.org","@graph":[{"@type":"WebPage","@id":"https:\/\/www.facecorner.lv\/shop\/pyunkang-yul-acne-cream-50ml\/","url":"https:\/\/www.facecorner.lv\/shop\/pyunkang-yul-acne-cream-50ml\/","name":"Pyunkang Yul Acne Cream 50ml - FACECORNER","isPartOf":{"@id":"https:\/\/www.facecorner.lv\/#website"},"primaryImageOfPage":{"@id":"https:\/\/www.facecorner.lv\/shop\/pyunkang-yul-acne-cream-50ml\/#primaryimage"},"image":{"@id":"https:\/\/www.facecorner.lv\/shop\/pyunkang-yul-acne-cream-50ml\/#primaryimage"},"thumbnailUrl":"https:\/\/www.facecorner.lv\/wp-content\/uploads\/2023\/03\/6848-1000x1000-1.jpg","datePublished":"2023-03-28T19:04:26+00:00","dateModified":"2026-03-10T11:53:42+00:00","breadcrumb":{"@id":"https:\/\/www.facecorner.lv\/shop\/pyunkang-yul-acne-cream-50ml\/#breadcrumb"},"inLanguage":"en-US","potentialAction":[{"@type":"ReadAction","target":["https:\/\/www.facecorner.lv\/shop\/pyunkang-yul-acne-cream-50ml\/"]}]},{"@type":"ImageObject","inLanguage":"en-US","@id":"https:\/\/www.facecorner.lv\/shop\/pyunkang-yul-acne-cream-50ml\/#primaryimage","url":"https:\/\/www.facecorner.lv\/wp-content\/uploads\/2023\/03\/6848-1000x1000-1.jpg","contentUrl":"https:\/\/www.facecorner.lv\/wp-content\/uploads\/2023\/03\/6848-1000x1000-1.jpg","width":1000,"height":1000},{"@type":"BreadcrumbList","@id":"https:\/\/www.facecorner.lv\/shop\/pyunkang-yul-acne-cream-50ml\/#breadcrumb","itemListElement":[{"@type":"ListItem","position":1,"name":"Home","item":"https:\/\/www.facecorner.lv\/"},{"@type":"ListItem","position":2,"name":"Veikals","item":"https:\/\/www.facecorner.lv\/shop\/"},{"@type":"ListItem","position":3,"name":"Pyunkang Yul Acne Cream 50ml"}]},{"@type":"WebSite","@id":"https:\/\/www.facecorner.lv\/#website","url":"https:\/\/www.facecorner.lv\/","name":"Facecorner","description":"","publisher":{"@id":"https:\/\/www.facecorner.lv\/#organization"},"potentialAction":[{"@type":"SearchAction","target":{"@type":"EntryPoint","urlTemplate":"https:\/\/www.facecorner.lv\/?s={search_term_string}"},"query-input":{"@type":"PropertyValueSpecification","valueRequired":true,"valueName":"search_term_string"}}],"inLanguage":"en-US"},{"@type":"Organization","@id":"https:\/\/www.facecorner.lv\/#organization","name":"Facecorner","url":"https:\/\/www.facecorner.lv\/","logo":{"@type":"ImageObject","inLanguage":"en-US","@id":"https:\/\/www.facecorner.lv\/#\/schema\/logo\/image\/","url":"https:\/\/www.facecorner.lv\/wp-content\/uploads\/2024\/04\/fc-logo.jpg","contentUrl":"https:\/\/www.facecorner.lv\/wp-content\/uploads\/2024\/04\/fc-logo.jpg","width":174,"height":28,"caption":"Facecorner"},"image":{"@id":"https:\/\/www.facecorner.lv\/#\/schema\/logo\/image\/"},"sameAs":["https:\/\/www.facebook.com\/profile.php?id=100063824551839","https:\/\/www.instagram.com\/facecorner_shop\/"]}]},"product_price_amount":"21.00","product_price_currency":"EUR","og_availability":"out of stock","product_availability":"out of stock","product_condition":"new"},"_links":{"self":[{"href":"https:\/\/www.facecorner.lv\/en\/wp-json\/wp\/v2\/product\/8644","targetHints":{"allow":["GET"]}}],"collection":[{"href":"https:\/\/www.facecorner.lv\/en\/wp-json\/wp\/v2\/product"}],"about":[{"href":"https:\/\/www.facecorner.lv\/en\/wp-json\/wp\/v2\/types\/product"}],"replies":[{"embeddable":true,"href":"https:\/\/www.facecorner.lv\/en\/wp-json\/wp\/v2\/comments?post=8644"}],"wp:featuredmedia":[{"embeddable":true,"href":"https:\/\/www.facecorner.lv\/en\/wp-json\/wp\/v2\/media\/8645"}],"wp:attachment":[{"href":"https:\/\/www.facecorner.lv\/en\/wp-json\/wp\/v2\/media?parent=8644"}],"wp:term":[{"taxonomy":"product_brand","embeddable":true,"href":"https:\/\/www.facecorner.lv\/en\/wp-json\/wp\/v2\/product_brand?post=8644"},{"taxonomy":"product_cat","embeddable":true,"href":"https:\/\/www.facecorner.lv\/en\/wp-json\/wp\/v2\/product_cat?post=8644"},{"taxonomy":"product_tag","embeddable":true,"href":"https:\/\/www.facecorner.lv\/en\/wp-json\/wp\/v2\/product_tag?post=8644"},{"taxonomy":"berocket_brand","embeddable":true,"href":"https:\/\/www.facecorner.lv\/en\/wp-json\/wp\/v2\/berocket_brand?post=8644"}],"curies":[{"name":"wp","href":"https:\/\/api.w.org\/{rel}","templated":true}]}}