{"id":8641,"date":"2023-03-28T20:58:53","date_gmt":"2023-03-28T18:58:53","guid":{"rendered":"https:\/\/facecorner.shop\/?post_type=product&#038;p=8641"},"modified":"2025-10-16T11:10:57","modified_gmt":"2025-10-16T08:10:57","slug":"pyunkang-yul-sleeping-mask-120ml","status":"publish","type":"product","link":"https:\/\/www.facecorner.lv\/en\/shop\/pyunkang-yul-sleeping-mask-120ml\/","title":{"rendered":"Pyunkang Yul Sleeping Mask 120ml"},"content":{"rendered":"<p>Pyunkang Yul miega maska \u200b\u200befekt\u012bvi darbojas visu nakti, pal\u012bdzot atjaunot optim\u0101lo mitruma l\u012bmeni epidermas \u0161\u016bn\u0101s, aizsarg\u0101jot pret dehidrat\u0101ciju un dehidrat\u0101ciju. Nostiprina hidrolip\u012bdu barjeru, uzlabo imunit\u0101ti un aizsarg\u0101 \u0101du no apk\u0101rt\u0113j\u0101s vides negat\u012bv\u0101s ietekmes.<\/p>\n<p>Produktam ir izteikta revitaliz\u0113jo\u0161a iedarb\u012bba, lieliski toniz\u0113, atsvaidzina sejas kr\u0101su un c\u012bn\u0101s ar bl\u0101vumu. Sabiezina audus un pal\u012bdz mazin\u0101t \u0101das jut\u012bgumu, aizsarg\u0101 pret agres\u012bviem vides faktoriem.<\/p>\n<p>Piem\u0113rots pat jut\u012bgai un atopiskai \u0101dai. Tam ir viegla \u017eelejveida konsistence, \u0101tri ies\u016bcas un uzreiz mitrina.<\/p>\n<p>Main active ingredients:<\/p>\n<ul>\n<li>Keram\u012bdi palielina aizsargfunkcijas, nov\u0113r\u0161 mitruma zudumu, regul\u0113 vair\u0101kas \u0161\u016bnu funkcijas un pal\u012bdz atjaunot audus.<\/li>\n<li>Hialuronsk\u0101be iek\u013c\u016bst dzi\u013cajos epidermas sl\u0101\u0146os, akt\u012bvi mitrina \u0161\u016bnas, pal\u012bdz saglab\u0101t mitrumu. Veido aizsargk\u0101rtu, kas ne\u013cauj tai iztvaikot.<\/li>\n<li>Glikonolaktonam piem\u012bt viegla att\u012bro\u0161a iedarb\u012bba, kas neizraisa kairin\u0101jumu pat jut\u012bgai \u0101dai. Izl\u012bdzina tonusu un mikroreljefu, piem\u012bt fotoaizsarg\u0101jo\u0161a iedarb\u012bba, piem\u012bt pretiekaisuma iedarb\u012bba.<\/li>\n<li>Pantenols stimul\u0113 \u0101das integrit\u0101tes atjauno\u0161anos, mazina aps\u0101rtumu un kairin\u0101jumu, un tam piem\u012bt br\u016b\u010du dziedino\u0161as \u012bpa\u0161\u012bbas.<\/li>\n<li>Balt\u0101 v\u012btola mizas ekstrakts uzlabo kr\u0101su, mazina kairin\u0101jumu, atjauno, samazina poras, regul\u0113 sebuma veido\u0161anos, efekt\u012bvi p\u012blings, pal\u012bdz atjaunot barjeras funkcijas.<\/li>\n<li>Moringa e\u013c\u013cai piem\u012bt antioksidanta iedarb\u012bba, aizsarg\u0101 pret agres\u012bviem vides faktoriem un br\u012bvajiem radik\u0101\u013ciem, k\u0101 ar\u012b nomierina.<\/li>\n<\/ul>\n<p>Piem\u0113rots sausai, norm\u0101lai un kombin\u0113tai \u0101dai.<\/p>\n<p><strong>How to use:<\/strong> Uzkl\u0101jiet nepiecie\u0161amo maskas daudzumu k\u0101 vakara kop\u0161anas p\u0113d\u0113jo soli 30 min\u016btes pirms gul\u0113tie\u0161anas.<\/p>\n<p><strong>Ingredientes:<\/strong>Purified water, butylene glycol, glycerin, cyclohexasiloxane, caprylylmethicone, polyglyceryl-3 methylglucose distearate, hydroxyacetophenone, trehalose, sodium polyacryloyl dimethyl taurate, carbo Mercury, Isododecane, Ammonium Acryloyl Dimethyl Taurate\/Vpicopolymer, Dicaprylyl Ether, Sodium Methyl Stearoyl Taurate, Panthenol, Fragrant Root Extract, Tromethamine, White Willow Bark Extract, Dipropylene Glycol, Ethylhexyl Glycerin, Polyglyceryl-10 Dilaurate, Dimethicone\/Vinyl Dimethicone Cross Polymer, Disodium EDTA, Dipotassium Glycyrrhizate, Gluconolactone, Drumstick Seed Oil, 1,2-Hexanediol, Polyglyceryl-10 Myristate, Pentylene Glycol, Ceramide Enp, Caprylyl Glycol, Phytosphingosine, Honeysuckle Flower Extract, Sodium Hyaluronate, Hydrogen Tied Lecithin, Caprylic\/Capric Triglyceride, Cetyl Ethyl Hexanoate, Ethylhexyl Palmitate<\/p>","protected":false},"excerpt":{"rendered":"<p>Pyunkang Yul miega maska \u200b\u200befekt\u012bvi darbojas visu nakti, pal\u012bdzot atjaunot optim\u0101lo mitruma l\u012bmeni epidermas \u0161\u016bn\u0101s, aizsarg\u0101jot pret dehidrat\u0101ciju un dehidrat\u0101ciju. Nostiprina hidrolip\u012bdu barjeru, uzlabo imunit\u0101ti un aizsarg\u0101 \u0101du no apk\u0101rt\u0113j\u0101s vides negat\u012bv\u0101s ietekmes. Produktam ir izteikta revitaliz\u0113jo\u0161a iedarb\u012bba, lieliski toniz\u0113, atsvaidzina sejas kr\u0101su un c\u012bn\u0101s ar bl\u0101vumu. Sabiezina audus un pal\u012bdz mazin\u0101t \u0101das jut\u012bgumu, aizsarg\u0101 [&hellip;]<\/p>\n","protected":false},"featured_media":8642,"comment_status":"open","ping_status":"closed","template":"","meta":{"site-sidebar-layout":"default","site-content-layout":"","ast-site-content-layout":"","site-content-style":"default","site-sidebar-style":"default","ast-global-header-display":"","ast-banner-title-visibility":"","ast-main-header-display":"","ast-hfb-above-header-display":"","ast-hfb-below-header-display":"","ast-hfb-mobile-header-display":"","site-post-title":"","ast-breadcrumbs-content":"","ast-featured-img":"","footer-sml-layout":"","theme-transparent-header-meta":"","adv-header-id-meta":"","stick-header-meta":"","header-above-stick-meta":"","header-main-stick-meta":"","header-below-stick-meta":"","astra-migrate-meta-layouts":"default","ast-page-background-enabled":"default","ast-page-background-meta":{"desktop":{"background-color":"var(--ast-global-color-4)","background-image":"","background-repeat":"repeat","background-position":"center center","background-size":"auto","background-attachment":"scroll","background-type":"","background-media":"","overlay-type":"","overlay-color":"","overlay-opacity":"","overlay-gradient":""},"tablet":{"background-color":"","background-image":"","background-repeat":"repeat","background-position":"center center","background-size":"auto","background-attachment":"scroll","background-type":"","background-media":"","overlay-type":"","overlay-color":"","overlay-opacity":"","overlay-gradient":""},"mobile":{"background-color":"","background-image":"","background-repeat":"repeat","background-position":"center center","background-size":"auto","background-attachment":"scroll","background-type":"","background-media":"","overlay-type":"","overlay-color":"","overlay-opacity":"","overlay-gradient":""}},"ast-content-background-meta":{"desktop":{"background-color":"var(--ast-global-color-5)","background-image":"","background-repeat":"repeat","background-position":"center center","background-size":"auto","background-attachment":"scroll","background-type":"","background-media":"","overlay-type":"","overlay-color":"","overlay-opacity":"","overlay-gradient":""},"tablet":{"background-color":"var(--ast-global-color-5)","background-image":"","background-repeat":"repeat","background-position":"center center","background-size":"auto","background-attachment":"scroll","background-type":"","background-media":"","overlay-type":"","overlay-color":"","overlay-opacity":"","overlay-gradient":""},"mobile":{"background-color":"var(--ast-global-color-5)","background-image":"","background-repeat":"repeat","background-position":"center center","background-size":"auto","background-attachment":"scroll","background-type":"","background-media":"","overlay-type":"","overlay-color":"","overlay-opacity":"","overlay-gradient":""}}},"product_brand":[],"product_cat":[380,315,326,322,381,379],"product_tag":[],"berocket_brand":[587],"class_list":{"0":"post-8641","1":"product","2":"type-product","3":"status-publish","4":"has-post-thumbnail","6":"product_cat-kombinetai-adai","7":"product_cat-maskas","8":"product_cat-mitrinosas","9":"product_cat-nakts","10":"product_cat-problematiskai-un-taukainai-adai","11":"product_cat-sausai-adai-anti-age","12":"berocket_brand-pyunkangyul","13":"desktop-align-left","14":"tablet-align-left","15":"mobile-align-left","17":"first","18":"instock","19":"virtual","20":"taxable","21":"purchasable","22":"product-type-simple","23":"add-to-wishlist-before_image"},"yoast_head":"<!-- This site is optimized with the Yoast SEO plugin v27.4 - https:\/\/yoast.com\/product\/yoast-seo-wordpress\/ -->\n<title>Pyunkang Yul Sleeping Mask 120ml - FACECORNER<\/title>\n<meta name=\"robots\" content=\"index, follow, max-snippet:-1, max-image-preview:large, max-video-preview:-1\" \/>\n<link rel=\"canonical\" href=\"https:\/\/www.facecorner.lv\/en\/shop\/pyunkang-yul-sleeping-mask-120ml\/\" \/>\n<meta property=\"og:locale\" content=\"en_US\" \/>\n<meta property=\"og:type\" content=\"article\" \/>\n<meta property=\"og:title\" content=\"Pyunkang Yul Sleeping Mask 120ml - FACECORNER\" \/>\n<meta property=\"og:description\" content=\"Pyunkang Yul miega maska \u200b\u200befekt\u012bvi darbojas visu nakti, pal\u012bdzot atjaunot optim\u0101lo mitruma l\u012bmeni epidermas \u0161\u016bn\u0101s, aizsarg\u0101jot pret dehidrat\u0101ciju un dehidrat\u0101ciju. Nostiprina hidrolip\u012bdu barjeru, uzlabo imunit\u0101ti un aizsarg\u0101 \u0101du no apk\u0101rt\u0113j\u0101s vides negat\u012bv\u0101s ietekmes. Produktam ir izteikta revitaliz\u0113jo\u0161a iedarb\u012bba, lieliski toniz\u0113, atsvaidzina sejas kr\u0101su un c\u012bn\u0101s ar bl\u0101vumu. Sabiezina audus un pal\u012bdz mazin\u0101t \u0101das jut\u012bgumu, aizsarg\u0101 [&hellip;]\" \/>\n<meta property=\"og:url\" content=\"https:\/\/www.facecorner.lv\/en\/shop\/pyunkang-yul-sleeping-mask-120ml\/\" \/>\n<meta property=\"og:site_name\" content=\"FACECORNER\" \/>\n<meta property=\"article:publisher\" content=\"https:\/\/www.facebook.com\/profile.php?id=100063824551839\" \/>\n<meta property=\"article:modified_time\" content=\"2025-10-16T08:10:57+00:00\" \/>\n<meta property=\"og:image\" content=\"https:\/\/www.facecorner.lv\/wp-content\/uploads\/2023\/03\/SleepmaskYul_1024x1024.jpg.webp\" \/>\n\t<meta property=\"og:image:width\" content=\"1000\" \/>\n\t<meta property=\"og:image:height\" content=\"1000\" \/>\n\t<meta property=\"og:image:type\" content=\"image\/webp\" \/>\n<meta name=\"twitter:card\" content=\"summary_large_image\" \/>\n<meta name=\"twitter:label1\" content=\"Price\" \/>\n\t<meta name=\"twitter:data1\" content=\"&euro;30.25\" \/>\n\t<meta name=\"twitter:label2\" content=\"Availability\" \/>\n\t<meta name=\"twitter:data2\" content=\"In stock\" \/>\n<script type=\"application\/ld+json\" class=\"yoast-schema-graph\">{\"@context\":\"https:\\\/\\\/schema.org\",\"@graph\":[{\"@type\":\"WebPage\",\"@id\":\"https:\\\/\\\/www.facecorner.lv\\\/shop\\\/pyunkang-yul-sleeping-mask-120ml\\\/\",\"url\":\"https:\\\/\\\/www.facecorner.lv\\\/shop\\\/pyunkang-yul-sleeping-mask-120ml\\\/\",\"name\":\"Pyunkang Yul Sleeping Mask 120ml - FACECORNER\",\"isPartOf\":{\"@id\":\"https:\\\/\\\/www.facecorner.lv\\\/#website\"},\"primaryImageOfPage\":{\"@id\":\"https:\\\/\\\/www.facecorner.lv\\\/shop\\\/pyunkang-yul-sleeping-mask-120ml\\\/#primaryimage\"},\"image\":{\"@id\":\"https:\\\/\\\/www.facecorner.lv\\\/shop\\\/pyunkang-yul-sleeping-mask-120ml\\\/#primaryimage\"},\"thumbnailUrl\":\"https:\\\/\\\/www.facecorner.lv\\\/wp-content\\\/uploads\\\/2023\\\/03\\\/SleepmaskYul_1024x1024.jpg.webp\",\"datePublished\":\"2023-03-28T18:58:53+00:00\",\"dateModified\":\"2025-10-16T08:10:57+00:00\",\"breadcrumb\":{\"@id\":\"https:\\\/\\\/www.facecorner.lv\\\/shop\\\/pyunkang-yul-sleeping-mask-120ml\\\/#breadcrumb\"},\"inLanguage\":\"en-US\",\"potentialAction\":[{\"@type\":\"ReadAction\",\"target\":[\"https:\\\/\\\/www.facecorner.lv\\\/shop\\\/pyunkang-yul-sleeping-mask-120ml\\\/\"]}]},{\"@type\":\"ImageObject\",\"inLanguage\":\"en-US\",\"@id\":\"https:\\\/\\\/www.facecorner.lv\\\/shop\\\/pyunkang-yul-sleeping-mask-120ml\\\/#primaryimage\",\"url\":\"https:\\\/\\\/www.facecorner.lv\\\/wp-content\\\/uploads\\\/2023\\\/03\\\/SleepmaskYul_1024x1024.jpg.webp\",\"contentUrl\":\"https:\\\/\\\/www.facecorner.lv\\\/wp-content\\\/uploads\\\/2023\\\/03\\\/SleepmaskYul_1024x1024.jpg.webp\",\"width\":1000,\"height\":1000},{\"@type\":\"BreadcrumbList\",\"@id\":\"https:\\\/\\\/www.facecorner.lv\\\/shop\\\/pyunkang-yul-sleeping-mask-120ml\\\/#breadcrumb\",\"itemListElement\":[{\"@type\":\"ListItem\",\"position\":1,\"name\":\"Home\",\"item\":\"https:\\\/\\\/www.facecorner.lv\\\/\"},{\"@type\":\"ListItem\",\"position\":2,\"name\":\"Veikals\",\"item\":\"https:\\\/\\\/www.facecorner.lv\\\/shop\\\/\"},{\"@type\":\"ListItem\",\"position\":3,\"name\":\"Pyunkang Yul Sleeping Mask 120ml\"}]},{\"@type\":\"WebSite\",\"@id\":\"https:\\\/\\\/www.facecorner.lv\\\/#website\",\"url\":\"https:\\\/\\\/www.facecorner.lv\\\/\",\"name\":\"Facecorner\",\"description\":\"\",\"publisher\":{\"@id\":\"https:\\\/\\\/www.facecorner.lv\\\/#organization\"},\"potentialAction\":[{\"@type\":\"SearchAction\",\"target\":{\"@type\":\"EntryPoint\",\"urlTemplate\":\"https:\\\/\\\/www.facecorner.lv\\\/?s={search_term_string}\"},\"query-input\":{\"@type\":\"PropertyValueSpecification\",\"valueRequired\":true,\"valueName\":\"search_term_string\"}}],\"inLanguage\":\"en-US\"},{\"@type\":\"Organization\",\"@id\":\"https:\\\/\\\/www.facecorner.lv\\\/#organization\",\"name\":\"Facecorner\",\"url\":\"https:\\\/\\\/www.facecorner.lv\\\/\",\"logo\":{\"@type\":\"ImageObject\",\"inLanguage\":\"en-US\",\"@id\":\"https:\\\/\\\/www.facecorner.lv\\\/#\\\/schema\\\/logo\\\/image\\\/\",\"url\":\"https:\\\/\\\/www.facecorner.lv\\\/wp-content\\\/uploads\\\/2024\\\/04\\\/fc-logo.jpg\",\"contentUrl\":\"https:\\\/\\\/www.facecorner.lv\\\/wp-content\\\/uploads\\\/2024\\\/04\\\/fc-logo.jpg\",\"width\":174,\"height\":28,\"caption\":\"Facecorner\"},\"image\":{\"@id\":\"https:\\\/\\\/www.facecorner.lv\\\/#\\\/schema\\\/logo\\\/image\\\/\"},\"sameAs\":[\"https:\\\/\\\/www.facebook.com\\\/profile.php?id=100063824551839\",\"https:\\\/\\\/www.instagram.com\\\/facecorner_shop\\\/\"]}]}<\/script>\n<meta property=\"product:price:amount\" content=\"30.25\" \/>\n<meta property=\"product:price:currency\" content=\"EUR\" \/>\n<meta property=\"og:availability\" content=\"instock\" \/>\n<meta property=\"product:availability\" content=\"instock\" \/>\n<meta property=\"product:condition\" content=\"new\" \/>\n<!-- \/ Yoast SEO plugin. -->","yoast_head_json":{"title":"Pyunkang Yul Sleeping Mask 120ml - FACECORNER","robots":{"index":"index","follow":"follow","max-snippet":"max-snippet:-1","max-image-preview":"max-image-preview:large","max-video-preview":"max-video-preview:-1"},"canonical":"https:\/\/www.facecorner.lv\/en\/shop\/pyunkang-yul-sleeping-mask-120ml\/","og_locale":"en_US","og_type":"article","og_title":"Pyunkang Yul Sleeping Mask 120ml - FACECORNER","og_description":"Pyunkang Yul miega maska \u200b\u200befekt\u012bvi darbojas visu nakti, pal\u012bdzot atjaunot optim\u0101lo mitruma l\u012bmeni epidermas \u0161\u016bn\u0101s, aizsarg\u0101jot pret dehidrat\u0101ciju un dehidrat\u0101ciju. Nostiprina hidrolip\u012bdu barjeru, uzlabo imunit\u0101ti un aizsarg\u0101 \u0101du no apk\u0101rt\u0113j\u0101s vides negat\u012bv\u0101s ietekmes. Produktam ir izteikta revitaliz\u0113jo\u0161a iedarb\u012bba, lieliski toniz\u0113, atsvaidzina sejas kr\u0101su un c\u012bn\u0101s ar bl\u0101vumu. Sabiezina audus un pal\u012bdz mazin\u0101t \u0101das jut\u012bgumu, aizsarg\u0101 [&hellip;]","og_url":"https:\/\/www.facecorner.lv\/en\/shop\/pyunkang-yul-sleeping-mask-120ml\/","og_site_name":"FACECORNER","article_publisher":"https:\/\/www.facebook.com\/profile.php?id=100063824551839","article_modified_time":"2025-10-16T08:10:57+00:00","og_image":[{"width":1000,"height":1000,"url":"https:\/\/www.facecorner.lv\/wp-content\/uploads\/2023\/03\/SleepmaskYul_1024x1024.jpg.webp","type":"image\/webp"}],"twitter_card":"summary_large_image","twitter_misc":{"Price":"&euro;30.25","Availability":"In stock"},"schema":{"@context":"https:\/\/schema.org","@graph":[{"@type":"WebPage","@id":"https:\/\/www.facecorner.lv\/shop\/pyunkang-yul-sleeping-mask-120ml\/","url":"https:\/\/www.facecorner.lv\/shop\/pyunkang-yul-sleeping-mask-120ml\/","name":"Pyunkang Yul Sleeping Mask 120ml - FACECORNER","isPartOf":{"@id":"https:\/\/www.facecorner.lv\/#website"},"primaryImageOfPage":{"@id":"https:\/\/www.facecorner.lv\/shop\/pyunkang-yul-sleeping-mask-120ml\/#primaryimage"},"image":{"@id":"https:\/\/www.facecorner.lv\/shop\/pyunkang-yul-sleeping-mask-120ml\/#primaryimage"},"thumbnailUrl":"https:\/\/www.facecorner.lv\/wp-content\/uploads\/2023\/03\/SleepmaskYul_1024x1024.jpg.webp","datePublished":"2023-03-28T18:58:53+00:00","dateModified":"2025-10-16T08:10:57+00:00","breadcrumb":{"@id":"https:\/\/www.facecorner.lv\/shop\/pyunkang-yul-sleeping-mask-120ml\/#breadcrumb"},"inLanguage":"en-US","potentialAction":[{"@type":"ReadAction","target":["https:\/\/www.facecorner.lv\/shop\/pyunkang-yul-sleeping-mask-120ml\/"]}]},{"@type":"ImageObject","inLanguage":"en-US","@id":"https:\/\/www.facecorner.lv\/shop\/pyunkang-yul-sleeping-mask-120ml\/#primaryimage","url":"https:\/\/www.facecorner.lv\/wp-content\/uploads\/2023\/03\/SleepmaskYul_1024x1024.jpg.webp","contentUrl":"https:\/\/www.facecorner.lv\/wp-content\/uploads\/2023\/03\/SleepmaskYul_1024x1024.jpg.webp","width":1000,"height":1000},{"@type":"BreadcrumbList","@id":"https:\/\/www.facecorner.lv\/shop\/pyunkang-yul-sleeping-mask-120ml\/#breadcrumb","itemListElement":[{"@type":"ListItem","position":1,"name":"Home","item":"https:\/\/www.facecorner.lv\/"},{"@type":"ListItem","position":2,"name":"Veikals","item":"https:\/\/www.facecorner.lv\/shop\/"},{"@type":"ListItem","position":3,"name":"Pyunkang Yul Sleeping Mask 120ml"}]},{"@type":"WebSite","@id":"https:\/\/www.facecorner.lv\/#website","url":"https:\/\/www.facecorner.lv\/","name":"Facecorner","description":"","publisher":{"@id":"https:\/\/www.facecorner.lv\/#organization"},"potentialAction":[{"@type":"SearchAction","target":{"@type":"EntryPoint","urlTemplate":"https:\/\/www.facecorner.lv\/?s={search_term_string}"},"query-input":{"@type":"PropertyValueSpecification","valueRequired":true,"valueName":"search_term_string"}}],"inLanguage":"en-US"},{"@type":"Organization","@id":"https:\/\/www.facecorner.lv\/#organization","name":"Facecorner","url":"https:\/\/www.facecorner.lv\/","logo":{"@type":"ImageObject","inLanguage":"en-US","@id":"https:\/\/www.facecorner.lv\/#\/schema\/logo\/image\/","url":"https:\/\/www.facecorner.lv\/wp-content\/uploads\/2024\/04\/fc-logo.jpg","contentUrl":"https:\/\/www.facecorner.lv\/wp-content\/uploads\/2024\/04\/fc-logo.jpg","width":174,"height":28,"caption":"Facecorner"},"image":{"@id":"https:\/\/www.facecorner.lv\/#\/schema\/logo\/image\/"},"sameAs":["https:\/\/www.facebook.com\/profile.php?id=100063824551839","https:\/\/www.instagram.com\/facecorner_shop\/"]}]},"product_price_amount":"30.25","product_price_currency":"EUR","og_availability":"instock","product_availability":"instock","product_condition":"new"},"_links":{"self":[{"href":"https:\/\/www.facecorner.lv\/en\/wp-json\/wp\/v2\/product\/8641","targetHints":{"allow":["GET"]}}],"collection":[{"href":"https:\/\/www.facecorner.lv\/en\/wp-json\/wp\/v2\/product"}],"about":[{"href":"https:\/\/www.facecorner.lv\/en\/wp-json\/wp\/v2\/types\/product"}],"replies":[{"embeddable":true,"href":"https:\/\/www.facecorner.lv\/en\/wp-json\/wp\/v2\/comments?post=8641"}],"wp:featuredmedia":[{"embeddable":true,"href":"https:\/\/www.facecorner.lv\/en\/wp-json\/wp\/v2\/media\/8642"}],"wp:attachment":[{"href":"https:\/\/www.facecorner.lv\/en\/wp-json\/wp\/v2\/media?parent=8641"}],"wp:term":[{"taxonomy":"product_brand","embeddable":true,"href":"https:\/\/www.facecorner.lv\/en\/wp-json\/wp\/v2\/product_brand?post=8641"},{"taxonomy":"product_cat","embeddable":true,"href":"https:\/\/www.facecorner.lv\/en\/wp-json\/wp\/v2\/product_cat?post=8641"},{"taxonomy":"product_tag","embeddable":true,"href":"https:\/\/www.facecorner.lv\/en\/wp-json\/wp\/v2\/product_tag?post=8641"},{"taxonomy":"berocket_brand","embeddable":true,"href":"https:\/\/www.facecorner.lv\/en\/wp-json\/wp\/v2\/berocket_brand?post=8641"}],"curies":[{"name":"wp","href":"https:\/\/api.w.org\/{rel}","templated":true}]}}