{"id":5966,"date":"2023-02-07T13:43:14","date_gmt":"2023-02-07T11:43:14","guid":{"rendered":"http:\/\/dev.ligums.lv\/facecorner\/?post_type=product&#038;p=5966"},"modified":"2025-09-20T12:56:50","modified_gmt":"2025-09-20T09:56:50","slug":"some-by-mi-aha-bha-pha-30-days-miracle-truecica-clear-pad-2","status":"publish","type":"product","link":"https:\/\/www.facecorner.lv\/en\/shop\/some-by-mi-aha-bha-pha-30-days-miracle-truecica-clear-pad-2\/","title":{"rendered":"SOME BY MI AHA BHA PHA 30 DAYS MIRACLE TRUECICA CLEAR PAD 70psc"},"content":{"rendered":"<p>Sk\u0101bes spilventi\u0146i problem\u0101tiskai \u0101dai Some By Mi AHA BHA PHA 30 Days Miracle Truecica Clear Pad<u>\u00a0<\/u>noloba atmiru\u0161\u0101s \u0101das \u0161\u016bnas, piem\u012bt antibakteri\u0101la un bakteric\u012bda iedarb\u012bba.<\/p>\n<p>Tie c\u012bn\u0101s ar p\u016bt\u012b\u0161u un p\u016bt\u012b\u0161u c\u0113lo\u0146iem, samazina iekaisuma zonu, mazina aps\u0101rtumu un ir efekt\u012bvas kompleks\u0101 c\u012b\u0146\u0101 pret p\u016bt\u012bt\u0113m. Sakar\u0101 ar raga sl\u0101\u0146a atsl\u0101\u0146o\u0161anos pa\u0101trina intracelul\u0101ros re\u0123ener\u0101cijas procesus, notiek \u0161\u016bnu atjauno\u0161an\u0101s, pa\u0101trin\u0101s asins mikrocirkul\u0101cija un paaugstin\u0101s imunit\u0101te, kas \u013cauj b\u016btiski uzlabot \u0101das kvalit\u0101ti.<\/p>\n<p>Produkts toniz\u0113, atjauno optim\u0101lo hidrolip\u012bdu l\u012bdzsvaru un b\u016btiski paaugstina \u0101das aizsargfunkcijas, samazina t\u0101s jut\u012bgumu pret kairino\u0161iem \u0101r\u0113j\u0101s vides faktoriem. Spilventi\u0146i regul\u0113 ar\u012b tauku dziedzeru darbu, likvid\u0113 lieko sebumu un lieliski mat\u0113 \u0101du. Maigi atvieglo p\u0113caknes p\u0113das un nev\u0113lamo pigment\u0101ciju, izl\u012bdzina \u0101das tekst\u016bru un uzlabo sejas kr\u0101su.<\/p>\n<p><b>Produkts satur 3 veidu sk\u0101bes:<\/b><\/p>\n<ul>\n<li>AHA sk\u0101bes \u2013 noloba epidermas raga sl\u0101ni, no\u0146em atmiru\u0161\u0101s \u0101das \u0161\u016bnas un citus net\u012brumus.<\/li>\n<li>BHA-sk\u0101be &#8211; \u0161\u0137\u012bdina komedonus, pal\u012bdz att\u012br\u012bt \u0101du no dzi\u013c\u0101kiem, zem\u0101das s\u0101r\u0146iem un liek\u0101 sebuma por\u0101s, normaliz\u0113 \u0101das \u016bdens-tauku l\u012bdzsvaru.<\/li>\n<li>PHA sk\u0101be &#8211; nov\u0113r\u0161 mitruma zudumu un maigi noloba, nomierina un nov\u0113r\u0161 \u0101das kairin\u0101jumus.<\/li>\n<\/ul>\n<p>Papildus 3 veidu sk\u0101b\u0113m tie satur patent\u0113tu Truecica kompleksu, kas ietver \u0101rstniec\u012bbas augus:<\/p>\n<p class=\"translation-block\">T\u0113jas koka ekstrakts \u2013 nomierina \u0101du un piem\u012bt antiseptiska iedarb\u012bba, kontrol\u0113 sebuma veido\u0161anos, atjauno \u016bdens-tauku l\u012bdzsvaru, pal\u012bdz c\u012b\u0146\u0101 pret iekaisumiem, pinn\u0113m un cit\u0101m \u0101das nepiln\u012bb\u0101m.<br>\r\nCentella asiatica komplekss \u2013 piem\u012bt pretiekaisuma un br\u016b\u010du dziedino\u0161a iedarb\u012bba, pal\u012bdz atjaunot \u0101das barjeras \u012bpa\u0161\u012bbas un saglab\u0101t mitrumu, samazina \u0101das jut\u012bgumu, mazina t\u016bsku, ir asinsvadus stiprino\u0161a iedarb\u012bba.<br>\r\nV\u0113rmeles ekstrakts \u2013 piem\u012bt bakteric\u012bda, antiseptiska, pretiekaisuma iedarb\u012bba. Normaliz\u0113 \u0101das hidrolip\u012bdu l\u012bdzsvaru, \u0101rst\u0113 pinnes.<\/p>\n<p><strong><u>Ieteicams problem\u0101tiskajai \u0101dai<\/u><\/strong><\/p>\n<p><u><b>How to use:<\/b><\/u>\u00a0Vispirms ir j\u0101not\u012bra \u0101da no kosm\u0113tikas un net\u012brumiem. Iz\u0146emiet vienu spilventi\u0146u no iepakojuma, noslaukiet \u0101du vispirms ar spilventi\u0146a reljefu pusi, p\u0113c tam ar gludo pusi. Produktam nav nepiecie\u0161ama skalo\u0161ana.<\/p>\n<p>S\u0101stavs:White willow bark can (85%) butyleneglycol, 1.2-hexanediol, glycerin. Sodium Hyaluronate Betaine Salicylate (05%) Wormwood Extract (100ppm) Centella Extract (4,985 ppm), Tea Tree Leaf Water (4,800 ppm), Cypress Leaf Extract, Bogum Cactus Extract, Barley Extract, Indian Mulberry Leaf Extract, Indian Merle Bead Tree Flower Extract Madecassic Acid 5000ppb) Asian Ticoside 5000ppb), Asian Tic Acid (5000 ppb), Madecassoside (10,000ppb) Allantoin, Panthenol Al, Fiji-60 Hydrogenated Caster Oil, Citric Acid (100 ppm), Lactonic Acid (100 ppm), Sodium Hydroxide Purified Water, Benzyl Glycol, Ethyl Hexyl Glycerin, Raspberry Ketone Peppermint Oil<\/p>","protected":false},"excerpt":{"rendered":"<p>Sk\u0101bes spilventi\u0146i problem\u0101tiskai \u0101dai Some By Mi AHA BHA PHA 30 Days Miracle Truecica Clear Pad\u00a0noloba atmiru\u0161\u0101s \u0101das \u0161\u016bnas, piem\u012bt antibakteri\u0101la un bakteric\u012bda iedarb\u012bba. Tie c\u012bn\u0101s ar p\u016bt\u012b\u0161u un p\u016bt\u012b\u0161u c\u0113lo\u0146iem, samazina iekaisuma zonu, mazina aps\u0101rtumu un ir efekt\u012bvas kompleks\u0101 c\u012b\u0146\u0101 pret p\u016bt\u012bt\u0113m. Sakar\u0101 ar raga sl\u0101\u0146a atsl\u0101\u0146o\u0161anos pa\u0101trina intracelul\u0101ros re\u0123ener\u0101cijas procesus, notiek \u0161\u016bnu atjauno\u0161an\u0101s, [&hellip;]<\/p>\n","protected":false},"featured_media":24199,"comment_status":"open","ping_status":"closed","template":"","meta":{"site-sidebar-layout":"default","site-content-layout":"","ast-site-content-layout":"default","site-content-style":"default","site-sidebar-style":"default","ast-global-header-display":"","ast-banner-title-visibility":"","ast-main-header-display":"","ast-hfb-above-header-display":"","ast-hfb-below-header-display":"","ast-hfb-mobile-header-display":"","site-post-title":"","ast-breadcrumbs-content":"","ast-featured-img":"","footer-sml-layout":"","theme-transparent-header-meta":"default","adv-header-id-meta":"","stick-header-meta":"","header-above-stick-meta":"","header-main-stick-meta":"","header-below-stick-meta":"","astra-migrate-meta-layouts":"set","ast-page-background-enabled":"default","ast-page-background-meta":{"desktop":{"background-color":"var(--ast-global-color-4)","background-image":"","background-repeat":"repeat","background-position":"center center","background-size":"auto","background-attachment":"scroll","background-type":"","background-media":"","overlay-type":"","overlay-color":"","overlay-opacity":"","overlay-gradient":""},"tablet":{"background-color":"","background-image":"","background-repeat":"repeat","background-position":"center center","background-size":"auto","background-attachment":"scroll","background-type":"","background-media":"","overlay-type":"","overlay-color":"","overlay-opacity":"","overlay-gradient":""},"mobile":{"background-color":"","background-image":"","background-repeat":"repeat","background-position":"center center","background-size":"auto","background-attachment":"scroll","background-type":"","background-media":"","overlay-type":"","overlay-color":"","overlay-opacity":"","overlay-gradient":""}},"ast-content-background-meta":{"desktop":{"background-color":"var(--ast-global-color-5)","background-image":"","background-repeat":"repeat","background-position":"center center","background-size":"auto","background-attachment":"scroll","background-type":"","background-media":"","overlay-type":"","overlay-color":"","overlay-opacity":"","overlay-gradient":""},"tablet":{"background-color":"var(--ast-global-color-5)","background-image":"","background-repeat":"repeat","background-position":"center center","background-size":"auto","background-attachment":"scroll","background-type":"","background-media":"","overlay-type":"","overlay-color":"","overlay-opacity":"","overlay-gradient":""},"mobile":{"background-color":"var(--ast-global-color-5)","background-image":"","background-repeat":"repeat","background-position":"center center","background-size":"auto","background-attachment":"scroll","background-type":"","background-media":"","overlay-type":"","overlay-color":"","overlay-opacity":"","overlay-gradient":""}}},"product_brand":[],"product_cat":[310,312,380,328,313,381,307,314],"product_tag":[],"berocket_brand":[581],"class_list":{"0":"post-5966","1":"product","2":"type-product","3":"status-publish","4":"has-post-thumbnail","6":"product_cat-attirisana","7":"product_cat-kombinetai-adai-attirisana","8":"product_cat-kombinetai-adai","9":"product_cat-pilingi-un-skrubji","10":"product_cat-problematiskai-adai-attirisana","11":"product_cat-problematiskai-un-taukainai-adai","12":"product_cat-sejai","13":"product_cat-taukainai-adai-attirisana","14":"berocket_brand-some-by-mi","15":"desktop-align-left","16":"tablet-align-left","17":"mobile-align-left","19":"first","20":"outofstock","21":"taxable","22":"shipping-taxable","23":"purchasable","24":"product-type-simple","25":"add-to-wishlist-before_image"},"yoast_head":"<!-- This site is optimized with the Yoast SEO plugin v27.3 - https:\/\/yoast.com\/product\/yoast-seo-wordpress\/ -->\n<title>SOME BY MI AHA BHA PHA 30 DAYS MIRACLE TRUECICA CLEAR PAD 70psc - FACECORNER<\/title>\n<meta name=\"robots\" content=\"index, follow, max-snippet:-1, max-image-preview:large, max-video-preview:-1\" \/>\n<link rel=\"canonical\" href=\"https:\/\/www.facecorner.lv\/en\/shop\/some-by-mi-aha-bha-pha-30-days-miracle-truecica-clear-pad-2\/\" \/>\n<meta property=\"og:locale\" content=\"en_US\" \/>\n<meta property=\"og:type\" content=\"article\" \/>\n<meta property=\"og:title\" content=\"SOME BY MI AHA BHA PHA 30 DAYS MIRACLE TRUECICA CLEAR PAD 70psc - FACECORNER\" \/>\n<meta property=\"og:description\" content=\"Sk\u0101bes spilventi\u0146i problem\u0101tiskai \u0101dai Some By Mi AHA BHA PHA 30 Days Miracle Truecica Clear Pad\u00a0noloba atmiru\u0161\u0101s \u0101das \u0161\u016bnas, piem\u012bt antibakteri\u0101la un bakteric\u012bda iedarb\u012bba. Tie c\u012bn\u0101s ar p\u016bt\u012b\u0161u un p\u016bt\u012b\u0161u c\u0113lo\u0146iem, samazina iekaisuma zonu, mazina aps\u0101rtumu un ir efekt\u012bvas kompleks\u0101 c\u012b\u0146\u0101 pret p\u016bt\u012bt\u0113m. Sakar\u0101 ar raga sl\u0101\u0146a atsl\u0101\u0146o\u0161anos pa\u0101trina intracelul\u0101ros re\u0123ener\u0101cijas procesus, notiek \u0161\u016bnu atjauno\u0161an\u0101s, [&hellip;]\" \/>\n<meta property=\"og:url\" content=\"https:\/\/www.facecorner.lv\/en\/shop\/some-by-mi-aha-bha-pha-30-days-miracle-truecica-clear-pad-2\/\" \/>\n<meta property=\"og:site_name\" content=\"FACECORNER\" \/>\n<meta property=\"article:publisher\" content=\"https:\/\/www.facebook.com\/profile.php?id=100063824551839\" \/>\n<meta property=\"article:modified_time\" content=\"2025-09-20T09:56:50+00:00\" \/>\n<meta property=\"og:image\" content=\"https:\/\/www.facecorner.lv\/wp-content\/uploads\/2023\/02\/Some_By_Mi_AHA_BHA_PHA_30_Days_Miracle_Truecica_Clear_Pad.webp\" \/>\n\t<meta property=\"og:image:width\" content=\"950\" \/>\n\t<meta property=\"og:image:height\" content=\"950\" \/>\n\t<meta property=\"og:image:type\" content=\"image\/webp\" \/>\n<meta name=\"twitter:card\" content=\"summary_large_image\" \/>\n<meta name=\"twitter:label1\" content=\"Price\" \/>\n\t<meta name=\"twitter:data1\" content=\"&euro;27.83\" \/>\n\t<meta name=\"twitter:label2\" content=\"Availability\" \/>\n\t<meta name=\"twitter:data2\" content=\"Out of stock\" \/>\n<script type=\"application\/ld+json\" class=\"yoast-schema-graph\">{\"@context\":\"https:\\\/\\\/schema.org\",\"@graph\":[{\"@type\":\"WebPage\",\"@id\":\"https:\\\/\\\/www.facecorner.lv\\\/shop\\\/some-by-mi-aha-bha-pha-30-days-miracle-truecica-clear-pad-2\\\/\",\"url\":\"https:\\\/\\\/www.facecorner.lv\\\/shop\\\/some-by-mi-aha-bha-pha-30-days-miracle-truecica-clear-pad-2\\\/\",\"name\":\"SOME BY MI AHA BHA PHA 30 DAYS MIRACLE TRUECICA CLEAR PAD 70psc - FACECORNER\",\"isPartOf\":{\"@id\":\"https:\\\/\\\/www.facecorner.lv\\\/#website\"},\"primaryImageOfPage\":{\"@id\":\"https:\\\/\\\/www.facecorner.lv\\\/shop\\\/some-by-mi-aha-bha-pha-30-days-miracle-truecica-clear-pad-2\\\/#primaryimage\"},\"image\":{\"@id\":\"https:\\\/\\\/www.facecorner.lv\\\/shop\\\/some-by-mi-aha-bha-pha-30-days-miracle-truecica-clear-pad-2\\\/#primaryimage\"},\"thumbnailUrl\":\"https:\\\/\\\/www.facecorner.lv\\\/wp-content\\\/uploads\\\/2023\\\/02\\\/Some_By_Mi_AHA_BHA_PHA_30_Days_Miracle_Truecica_Clear_Pad.webp\",\"datePublished\":\"2023-02-07T11:43:14+00:00\",\"dateModified\":\"2025-09-20T09:56:50+00:00\",\"breadcrumb\":{\"@id\":\"https:\\\/\\\/www.facecorner.lv\\\/shop\\\/some-by-mi-aha-bha-pha-30-days-miracle-truecica-clear-pad-2\\\/#breadcrumb\"},\"inLanguage\":\"en-US\",\"potentialAction\":[{\"@type\":\"ReadAction\",\"target\":[\"https:\\\/\\\/www.facecorner.lv\\\/shop\\\/some-by-mi-aha-bha-pha-30-days-miracle-truecica-clear-pad-2\\\/\"]}]},{\"@type\":\"ImageObject\",\"inLanguage\":\"en-US\",\"@id\":\"https:\\\/\\\/www.facecorner.lv\\\/shop\\\/some-by-mi-aha-bha-pha-30-days-miracle-truecica-clear-pad-2\\\/#primaryimage\",\"url\":\"https:\\\/\\\/www.facecorner.lv\\\/wp-content\\\/uploads\\\/2023\\\/02\\\/Some_By_Mi_AHA_BHA_PHA_30_Days_Miracle_Truecica_Clear_Pad.webp\",\"contentUrl\":\"https:\\\/\\\/www.facecorner.lv\\\/wp-content\\\/uploads\\\/2023\\\/02\\\/Some_By_Mi_AHA_BHA_PHA_30_Days_Miracle_Truecica_Clear_Pad.webp\",\"width\":950,\"height\":950,\"caption\":\"SOME BY MI AHA BHA PHA 30 DAYS MIRACLE TRUECICA CLEAR PAD 70psc\"},{\"@type\":\"BreadcrumbList\",\"@id\":\"https:\\\/\\\/www.facecorner.lv\\\/shop\\\/some-by-mi-aha-bha-pha-30-days-miracle-truecica-clear-pad-2\\\/#breadcrumb\",\"itemListElement\":[{\"@type\":\"ListItem\",\"position\":1,\"name\":\"Home\",\"item\":\"https:\\\/\\\/www.facecorner.lv\\\/\"},{\"@type\":\"ListItem\",\"position\":2,\"name\":\"Veikals\",\"item\":\"https:\\\/\\\/www.facecorner.lv\\\/shop\\\/\"},{\"@type\":\"ListItem\",\"position\":3,\"name\":\"SOME BY MI AHA BHA PHA 30 DAYS MIRACLE TRUECICA CLEAR PAD 70psc\"}]},{\"@type\":\"WebSite\",\"@id\":\"https:\\\/\\\/www.facecorner.lv\\\/#website\",\"url\":\"https:\\\/\\\/www.facecorner.lv\\\/\",\"name\":\"Facecorner\",\"description\":\"\",\"publisher\":{\"@id\":\"https:\\\/\\\/www.facecorner.lv\\\/#organization\"},\"potentialAction\":[{\"@type\":\"SearchAction\",\"target\":{\"@type\":\"EntryPoint\",\"urlTemplate\":\"https:\\\/\\\/www.facecorner.lv\\\/?s={search_term_string}\"},\"query-input\":{\"@type\":\"PropertyValueSpecification\",\"valueRequired\":true,\"valueName\":\"search_term_string\"}}],\"inLanguage\":\"en-US\"},{\"@type\":\"Organization\",\"@id\":\"https:\\\/\\\/www.facecorner.lv\\\/#organization\",\"name\":\"Facecorner\",\"url\":\"https:\\\/\\\/www.facecorner.lv\\\/\",\"logo\":{\"@type\":\"ImageObject\",\"inLanguage\":\"en-US\",\"@id\":\"https:\\\/\\\/www.facecorner.lv\\\/#\\\/schema\\\/logo\\\/image\\\/\",\"url\":\"https:\\\/\\\/www.facecorner.lv\\\/wp-content\\\/uploads\\\/2024\\\/04\\\/fc-logo.jpg\",\"contentUrl\":\"https:\\\/\\\/www.facecorner.lv\\\/wp-content\\\/uploads\\\/2024\\\/04\\\/fc-logo.jpg\",\"width\":174,\"height\":28,\"caption\":\"Facecorner\"},\"image\":{\"@id\":\"https:\\\/\\\/www.facecorner.lv\\\/#\\\/schema\\\/logo\\\/image\\\/\"},\"sameAs\":[\"https:\\\/\\\/www.facebook.com\\\/profile.php?id=100063824551839\",\"https:\\\/\\\/www.instagram.com\\\/facecorner_shop\\\/\"]}]}<\/script>\n<meta property=\"product:price:amount\" content=\"27.83\" \/>\n<meta property=\"product:price:currency\" content=\"EUR\" \/>\n<meta property=\"og:availability\" content=\"out of stock\" \/>\n<meta property=\"product:availability\" content=\"out of stock\" \/>\n<meta property=\"product:condition\" content=\"new\" \/>\n<!-- \/ Yoast SEO plugin. -->","yoast_head_json":{"title":"SOME BY MI AHA BHA PHA 30 DAYS MIRACLE TRUECICA CLEAR PAD 70psc - FACECORNER","robots":{"index":"index","follow":"follow","max-snippet":"max-snippet:-1","max-image-preview":"max-image-preview:large","max-video-preview":"max-video-preview:-1"},"canonical":"https:\/\/www.facecorner.lv\/en\/shop\/some-by-mi-aha-bha-pha-30-days-miracle-truecica-clear-pad-2\/","og_locale":"en_US","og_type":"article","og_title":"SOME BY MI AHA BHA PHA 30 DAYS MIRACLE TRUECICA CLEAR PAD 70psc - FACECORNER","og_description":"Sk\u0101bes spilventi\u0146i problem\u0101tiskai \u0101dai Some By Mi AHA BHA PHA 30 Days Miracle Truecica Clear Pad\u00a0noloba atmiru\u0161\u0101s \u0101das \u0161\u016bnas, piem\u012bt antibakteri\u0101la un bakteric\u012bda iedarb\u012bba. Tie c\u012bn\u0101s ar p\u016bt\u012b\u0161u un p\u016bt\u012b\u0161u c\u0113lo\u0146iem, samazina iekaisuma zonu, mazina aps\u0101rtumu un ir efekt\u012bvas kompleks\u0101 c\u012b\u0146\u0101 pret p\u016bt\u012bt\u0113m. Sakar\u0101 ar raga sl\u0101\u0146a atsl\u0101\u0146o\u0161anos pa\u0101trina intracelul\u0101ros re\u0123ener\u0101cijas procesus, notiek \u0161\u016bnu atjauno\u0161an\u0101s, [&hellip;]","og_url":"https:\/\/www.facecorner.lv\/en\/shop\/some-by-mi-aha-bha-pha-30-days-miracle-truecica-clear-pad-2\/","og_site_name":"FACECORNER","article_publisher":"https:\/\/www.facebook.com\/profile.php?id=100063824551839","article_modified_time":"2025-09-20T09:56:50+00:00","og_image":[{"width":950,"height":950,"url":"https:\/\/www.facecorner.lv\/wp-content\/uploads\/2023\/02\/Some_By_Mi_AHA_BHA_PHA_30_Days_Miracle_Truecica_Clear_Pad.webp","type":"image\/webp"}],"twitter_card":"summary_large_image","twitter_misc":{"Price":"&euro;27.83","Availability":"Out of stock"},"schema":{"@context":"https:\/\/schema.org","@graph":[{"@type":"WebPage","@id":"https:\/\/www.facecorner.lv\/shop\/some-by-mi-aha-bha-pha-30-days-miracle-truecica-clear-pad-2\/","url":"https:\/\/www.facecorner.lv\/shop\/some-by-mi-aha-bha-pha-30-days-miracle-truecica-clear-pad-2\/","name":"SOME BY MI AHA BHA PHA 30 DAYS MIRACLE TRUECICA CLEAR PAD 70psc - FACECORNER","isPartOf":{"@id":"https:\/\/www.facecorner.lv\/#website"},"primaryImageOfPage":{"@id":"https:\/\/www.facecorner.lv\/shop\/some-by-mi-aha-bha-pha-30-days-miracle-truecica-clear-pad-2\/#primaryimage"},"image":{"@id":"https:\/\/www.facecorner.lv\/shop\/some-by-mi-aha-bha-pha-30-days-miracle-truecica-clear-pad-2\/#primaryimage"},"thumbnailUrl":"https:\/\/www.facecorner.lv\/wp-content\/uploads\/2023\/02\/Some_By_Mi_AHA_BHA_PHA_30_Days_Miracle_Truecica_Clear_Pad.webp","datePublished":"2023-02-07T11:43:14+00:00","dateModified":"2025-09-20T09:56:50+00:00","breadcrumb":{"@id":"https:\/\/www.facecorner.lv\/shop\/some-by-mi-aha-bha-pha-30-days-miracle-truecica-clear-pad-2\/#breadcrumb"},"inLanguage":"en-US","potentialAction":[{"@type":"ReadAction","target":["https:\/\/www.facecorner.lv\/shop\/some-by-mi-aha-bha-pha-30-days-miracle-truecica-clear-pad-2\/"]}]},{"@type":"ImageObject","inLanguage":"en-US","@id":"https:\/\/www.facecorner.lv\/shop\/some-by-mi-aha-bha-pha-30-days-miracle-truecica-clear-pad-2\/#primaryimage","url":"https:\/\/www.facecorner.lv\/wp-content\/uploads\/2023\/02\/Some_By_Mi_AHA_BHA_PHA_30_Days_Miracle_Truecica_Clear_Pad.webp","contentUrl":"https:\/\/www.facecorner.lv\/wp-content\/uploads\/2023\/02\/Some_By_Mi_AHA_BHA_PHA_30_Days_Miracle_Truecica_Clear_Pad.webp","width":950,"height":950,"caption":"SOME BY MI AHA BHA PHA 30 DAYS MIRACLE TRUECICA CLEAR PAD 70psc"},{"@type":"BreadcrumbList","@id":"https:\/\/www.facecorner.lv\/shop\/some-by-mi-aha-bha-pha-30-days-miracle-truecica-clear-pad-2\/#breadcrumb","itemListElement":[{"@type":"ListItem","position":1,"name":"Home","item":"https:\/\/www.facecorner.lv\/"},{"@type":"ListItem","position":2,"name":"Veikals","item":"https:\/\/www.facecorner.lv\/shop\/"},{"@type":"ListItem","position":3,"name":"SOME BY MI AHA BHA PHA 30 DAYS MIRACLE TRUECICA CLEAR PAD 70psc"}]},{"@type":"WebSite","@id":"https:\/\/www.facecorner.lv\/#website","url":"https:\/\/www.facecorner.lv\/","name":"Facecorner","description":"","publisher":{"@id":"https:\/\/www.facecorner.lv\/#organization"},"potentialAction":[{"@type":"SearchAction","target":{"@type":"EntryPoint","urlTemplate":"https:\/\/www.facecorner.lv\/?s={search_term_string}"},"query-input":{"@type":"PropertyValueSpecification","valueRequired":true,"valueName":"search_term_string"}}],"inLanguage":"en-US"},{"@type":"Organization","@id":"https:\/\/www.facecorner.lv\/#organization","name":"Facecorner","url":"https:\/\/www.facecorner.lv\/","logo":{"@type":"ImageObject","inLanguage":"en-US","@id":"https:\/\/www.facecorner.lv\/#\/schema\/logo\/image\/","url":"https:\/\/www.facecorner.lv\/wp-content\/uploads\/2024\/04\/fc-logo.jpg","contentUrl":"https:\/\/www.facecorner.lv\/wp-content\/uploads\/2024\/04\/fc-logo.jpg","width":174,"height":28,"caption":"Facecorner"},"image":{"@id":"https:\/\/www.facecorner.lv\/#\/schema\/logo\/image\/"},"sameAs":["https:\/\/www.facebook.com\/profile.php?id=100063824551839","https:\/\/www.instagram.com\/facecorner_shop\/"]}]},"product_price_amount":"27.83","product_price_currency":"EUR","og_availability":"out of stock","product_availability":"out of stock","product_condition":"new"},"_links":{"self":[{"href":"https:\/\/www.facecorner.lv\/en\/wp-json\/wp\/v2\/product\/5966","targetHints":{"allow":["GET"]}}],"collection":[{"href":"https:\/\/www.facecorner.lv\/en\/wp-json\/wp\/v2\/product"}],"about":[{"href":"https:\/\/www.facecorner.lv\/en\/wp-json\/wp\/v2\/types\/product"}],"replies":[{"embeddable":true,"href":"https:\/\/www.facecorner.lv\/en\/wp-json\/wp\/v2\/comments?post=5966"}],"wp:featuredmedia":[{"embeddable":true,"href":"https:\/\/www.facecorner.lv\/en\/wp-json\/wp\/v2\/media\/24199"}],"wp:attachment":[{"href":"https:\/\/www.facecorner.lv\/en\/wp-json\/wp\/v2\/media?parent=5966"}],"wp:term":[{"taxonomy":"product_brand","embeddable":true,"href":"https:\/\/www.facecorner.lv\/en\/wp-json\/wp\/v2\/product_brand?post=5966"},{"taxonomy":"product_cat","embeddable":true,"href":"https:\/\/www.facecorner.lv\/en\/wp-json\/wp\/v2\/product_cat?post=5966"},{"taxonomy":"product_tag","embeddable":true,"href":"https:\/\/www.facecorner.lv\/en\/wp-json\/wp\/v2\/product_tag?post=5966"},{"taxonomy":"berocket_brand","embeddable":true,"href":"https:\/\/www.facecorner.lv\/en\/wp-json\/wp\/v2\/berocket_brand?post=5966"}],"curies":[{"name":"wp","href":"https:\/\/api.w.org\/{rel}","templated":true}]}}