{"id":5923,"date":"2023-02-07T13:43:03","date_gmt":"2023-02-07T11:43:03","guid":{"rendered":"http:\/\/dev.ligums.lv\/facecorner\/?post_type=product&#038;p=5923"},"modified":"2026-02-16T16:19:04","modified_gmt":"2026-02-16T13:19:04","slug":"hyaluron-dark-benone-peptide9-ampoule-eye-patch","status":"publish","type":"product","link":"https:\/\/www.facecorner.lv\/en\/shop\/hyaluron-dark-benone-peptide9-ampoule-eye-patch\/","title":{"rendered":"HYALURON DARK BENONE PEPTIDE9 AMPOULE EYE PATCH"},"content":{"rendered":"<p>Gai\u0161ojo\u0161ie pl\u0101ksteri ar pept\u012bdiem Medi-Peel Hyaluron Dark Benone Peptide 9 Ampoule Eye Patch ir paredz\u0113ti, lai akt\u012bvi c\u012bn\u012btos ar tum\u0161ajiem lokiem un piet\u016bkumu, maigi izgaismo un atsvaidzina. Tiem piem\u012bt balino\u0161s efekts un tie pal\u012bdz samazin\u0101t vecuma plankumu smagumu. Pept\u012bdu kompleksam piem\u012bt atjaunojo\u0161a iedarb\u012bba, tas pal\u012bdz izl\u012bdzin\u0101t grumbas un saglab\u0101t jaunekl\u012bgu \u0101du. Pl\u0101ksteri ir daudzfunkcion\u0101li, piem\u0113roti lieto\u0161anai ap ac\u012bm, zon\u0101 starp uzac\u012bm un nasolabi\u0101laj\u0101m krok\u0101m.<\/p>\n<p><strong>Sast\u0101vs:<\/strong> 60 gab (30 p\u0101ri).<\/p>\n<p>purified water, glycerin, carrageenan, butylene glycol, hydrolyzed collagen, sodium hyaluronate (110ppm), high-dried hyaluronic acid (1ppm), sodium isetylated hyaluronate (ippm), hydroxypropyl trimonium hyaluronate (10ppm), potassium hyaluronate (002pml, sodium hyaluronate cross polymer (0.1ppm), hyaluronic acid (0.25ppm), pearl extract, Polysulfate 80, tocopheryl iscetate, ubiquinone, acetyl lexa peptide -80001ppm), capripeptide -10,001ppm), oligopeptide -30000igpml, oligomap tide -3210,0005pm), palmitoyl pentamapide- 4000pm), palmitoyl trimapide -1000pml, querbitolyl tritriamide -70006gpm), glyceryl polymethacrylate, propylene glycol, arm Toil Oligo Reptide 00gpml, Palmitoyl Tripeptide -50.1ppm), Propane Diol, Pentallenglycol, Coconut and Fruit Extract, Savior Pine Sun Extract, Castor Seed Oil, Shea Butter, Betaine, Allantoin, Dimotium Glycerate, Carob Gum, Sucrose, Guar Gum, Sellowose Gum Potash Breath Chloride, Calcium Chloride, Calcium Lactate, Caprylic \/ Capric Triglyceride, Hu-Si Caprylate, Piza-80 Hydrogenated Castor oil, diamond powder (1ppm), titanum oxide, oles-0 triethoxy cicapralal silane, polysorbate 8 simethicone, methyl methacrylate crosspolymer, aluminium hydroxide side-fluorofluorite logo, Al Jinan, Disodium D. A, Clofenesin, Denucleated Acid Diol, 12-Hyesan Diol, On Hexal Glycerin, Perfume<\/p>","protected":false},"excerpt":{"rendered":"<p>Gai\u0161ojo\u0161ie pl\u0101ksteri ar pept\u012bdiem Medi-Peel Hyaluron Dark Benone Peptide 9 Ampoule Eye Patch ir paredz\u0113ti, lai akt\u012bvi c\u012bn\u012btos ar tum\u0161ajiem lokiem un piet\u016bkumu, maigi izgaismo un atsvaidzina. Tiem piem\u012bt balino\u0161s efekts un tie pal\u012bdz samazin\u0101t vecuma plankumu smagumu. Pept\u012bdu kompleksam piem\u012bt atjaunojo\u0161a iedarb\u012bba, tas pal\u012bdz izl\u012bdzin\u0101t grumbas un saglab\u0101t jaunekl\u012bgu \u0101du. Pl\u0101ksteri ir daudzfunkcion\u0101li, piem\u0113roti [&hellip;]<\/p>\n","protected":false},"featured_media":8731,"comment_status":"open","ping_status":"closed","template":"","meta":{"site-sidebar-layout":"default","site-content-layout":"","ast-site-content-layout":"","site-content-style":"default","site-sidebar-style":"default","ast-global-header-display":"","ast-banner-title-visibility":"","ast-main-header-display":"","ast-hfb-above-header-display":"","ast-hfb-below-header-display":"","ast-hfb-mobile-header-display":"","site-post-title":"","ast-breadcrumbs-content":"","ast-featured-img":"","footer-sml-layout":"","theme-transparent-header-meta":"","adv-header-id-meta":"","stick-header-meta":"","header-above-stick-meta":"","header-main-stick-meta":"","header-below-stick-meta":"","astra-migrate-meta-layouts":"default","ast-page-background-enabled":"default","ast-page-background-meta":{"desktop":{"background-color":"var(--ast-global-color-4)","background-image":"","background-repeat":"repeat","background-position":"center center","background-size":"auto","background-attachment":"scroll","background-type":"","background-media":"","overlay-type":"","overlay-color":"","overlay-opacity":"","overlay-gradient":""},"tablet":{"background-color":"","background-image":"","background-repeat":"repeat","background-position":"center center","background-size":"auto","background-attachment":"scroll","background-type":"","background-media":"","overlay-type":"","overlay-color":"","overlay-opacity":"","overlay-gradient":""},"mobile":{"background-color":"","background-image":"","background-repeat":"repeat","background-position":"center center","background-size":"auto","background-attachment":"scroll","background-type":"","background-media":"","overlay-type":"","overlay-color":"","overlay-opacity":"","overlay-gradient":""}},"ast-content-background-meta":{"desktop":{"background-color":"var(--ast-global-color-5)","background-image":"","background-repeat":"repeat","background-position":"center center","background-size":"auto","background-attachment":"scroll","background-type":"","background-media":"","overlay-type":"","overlay-color":"","overlay-opacity":"","overlay-gradient":""},"tablet":{"background-color":"var(--ast-global-color-5)","background-image":"","background-repeat":"repeat","background-position":"center center","background-size":"auto","background-attachment":"scroll","background-type":"","background-media":"","overlay-type":"","overlay-color":"","overlay-opacity":"","overlay-gradient":""},"mobile":{"background-color":"var(--ast-global-color-5)","background-image":"","background-repeat":"repeat","background-position":"center center","background-size":"auto","background-attachment":"scroll","background-type":"","background-media":"","overlay-type":"","overlay-color":"","overlay-opacity":"","overlay-gradient":""}}},"product_brand":[],"product_cat":[327,307],"product_tag":[],"berocket_brand":[583],"class_list":{"0":"post-5923","1":"product","2":"type-product","3":"status-publish","4":"has-post-thumbnail","6":"product_cat-patci","7":"product_cat-sejai","8":"berocket_brand-medi-peel","9":"desktop-align-left","10":"tablet-align-left","11":"mobile-align-left","13":"first","14":"instock","15":"taxable","16":"shipping-taxable","17":"purchasable","18":"product-type-simple","19":"add-to-wishlist-before_image"},"yoast_head":"<!-- This site is optimized with the Yoast SEO plugin v27.3 - https:\/\/yoast.com\/product\/yoast-seo-wordpress\/ -->\n<title>HYALURON DARK BENONE PEPTIDE9 AMPOULE EYE PATCH - FACECORNER<\/title>\n<meta name=\"robots\" content=\"index, follow, max-snippet:-1, max-image-preview:large, max-video-preview:-1\" \/>\n<link rel=\"canonical\" href=\"https:\/\/www.facecorner.lv\/en\/shop\/hyaluron-dark-benone-peptide9-ampoule-eye-patch\/\" \/>\n<meta property=\"og:locale\" content=\"en_US\" \/>\n<meta property=\"og:type\" content=\"article\" \/>\n<meta property=\"og:title\" content=\"HYALURON DARK BENONE PEPTIDE9 AMPOULE EYE PATCH - FACECORNER\" \/>\n<meta property=\"og:description\" content=\"Gai\u0161ojo\u0161ie pl\u0101ksteri ar pept\u012bdiem Medi-Peel Hyaluron Dark Benone Peptide 9 Ampoule Eye Patch ir paredz\u0113ti, lai akt\u012bvi c\u012bn\u012btos ar tum\u0161ajiem lokiem un piet\u016bkumu, maigi izgaismo un atsvaidzina. Tiem piem\u012bt balino\u0161s efekts un tie pal\u012bdz samazin\u0101t vecuma plankumu smagumu. Pept\u012bdu kompleksam piem\u012bt atjaunojo\u0161a iedarb\u012bba, tas pal\u012bdz izl\u012bdzin\u0101t grumbas un saglab\u0101t jaunekl\u012bgu \u0101du. Pl\u0101ksteri ir daudzfunkcion\u0101li, piem\u0113roti [&hellip;]\" \/>\n<meta property=\"og:url\" content=\"https:\/\/www.facecorner.lv\/en\/shop\/hyaluron-dark-benone-peptide9-ampoule-eye-patch\/\" \/>\n<meta property=\"og:site_name\" content=\"FACECORNER\" \/>\n<meta property=\"article:publisher\" content=\"https:\/\/www.facebook.com\/profile.php?id=100063824551839\" \/>\n<meta property=\"article:modified_time\" content=\"2026-02-16T13:19:04+00:00\" \/>\n<meta property=\"og:image\" content=\"https:\/\/www.facecorner.lv\/wp-content\/uploads\/2023\/02\/a401b312c3bd59d33a28884d135381f7.jpg\" \/>\n\t<meta property=\"og:image:width\" content=\"1000\" \/>\n\t<meta property=\"og:image:height\" content=\"1000\" \/>\n\t<meta property=\"og:image:type\" content=\"image\/jpeg\" \/>\n<meta name=\"twitter:card\" content=\"summary_large_image\" \/>\n<meta name=\"twitter:label1\" content=\"Price\" \/>\n\t<meta name=\"twitter:data1\" content=\"&euro;21.00\" \/>\n\t<meta name=\"twitter:label2\" content=\"Availability\" \/>\n\t<meta name=\"twitter:data2\" content=\"In stock\" \/>\n<script type=\"application\/ld+json\" class=\"yoast-schema-graph\">{\"@context\":\"https:\\\/\\\/schema.org\",\"@graph\":[{\"@type\":\"WebPage\",\"@id\":\"https:\\\/\\\/www.facecorner.lv\\\/shop\\\/hyaluron-dark-benone-peptide9-ampoule-eye-patch\\\/\",\"url\":\"https:\\\/\\\/www.facecorner.lv\\\/shop\\\/hyaluron-dark-benone-peptide9-ampoule-eye-patch\\\/\",\"name\":\"HYALURON DARK BENONE PEPTIDE9 AMPOULE EYE PATCH - FACECORNER\",\"isPartOf\":{\"@id\":\"https:\\\/\\\/www.facecorner.lv\\\/#website\"},\"primaryImageOfPage\":{\"@id\":\"https:\\\/\\\/www.facecorner.lv\\\/shop\\\/hyaluron-dark-benone-peptide9-ampoule-eye-patch\\\/#primaryimage\"},\"image\":{\"@id\":\"https:\\\/\\\/www.facecorner.lv\\\/shop\\\/hyaluron-dark-benone-peptide9-ampoule-eye-patch\\\/#primaryimage\"},\"thumbnailUrl\":\"https:\\\/\\\/www.facecorner.lv\\\/wp-content\\\/uploads\\\/2023\\\/02\\\/a401b312c3bd59d33a28884d135381f7.jpg\",\"datePublished\":\"2023-02-07T11:43:03+00:00\",\"dateModified\":\"2026-02-16T13:19:04+00:00\",\"breadcrumb\":{\"@id\":\"https:\\\/\\\/www.facecorner.lv\\\/shop\\\/hyaluron-dark-benone-peptide9-ampoule-eye-patch\\\/#breadcrumb\"},\"inLanguage\":\"en-US\",\"potentialAction\":[{\"@type\":\"ReadAction\",\"target\":[\"https:\\\/\\\/www.facecorner.lv\\\/shop\\\/hyaluron-dark-benone-peptide9-ampoule-eye-patch\\\/\"]}]},{\"@type\":\"ImageObject\",\"inLanguage\":\"en-US\",\"@id\":\"https:\\\/\\\/www.facecorner.lv\\\/shop\\\/hyaluron-dark-benone-peptide9-ampoule-eye-patch\\\/#primaryimage\",\"url\":\"https:\\\/\\\/www.facecorner.lv\\\/wp-content\\\/uploads\\\/2023\\\/02\\\/a401b312c3bd59d33a28884d135381f7.jpg\",\"contentUrl\":\"https:\\\/\\\/www.facecorner.lv\\\/wp-content\\\/uploads\\\/2023\\\/02\\\/a401b312c3bd59d33a28884d135381f7.jpg\",\"width\":1000,\"height\":1000},{\"@type\":\"BreadcrumbList\",\"@id\":\"https:\\\/\\\/www.facecorner.lv\\\/shop\\\/hyaluron-dark-benone-peptide9-ampoule-eye-patch\\\/#breadcrumb\",\"itemListElement\":[{\"@type\":\"ListItem\",\"position\":1,\"name\":\"Home\",\"item\":\"https:\\\/\\\/www.facecorner.lv\\\/\"},{\"@type\":\"ListItem\",\"position\":2,\"name\":\"Veikals\",\"item\":\"https:\\\/\\\/www.facecorner.lv\\\/shop\\\/\"},{\"@type\":\"ListItem\",\"position\":3,\"name\":\"HYALURON DARK BENONE PEPTIDE9 AMPOULE EYE PATCH\"}]},{\"@type\":\"WebSite\",\"@id\":\"https:\\\/\\\/www.facecorner.lv\\\/#website\",\"url\":\"https:\\\/\\\/www.facecorner.lv\\\/\",\"name\":\"Facecorner\",\"description\":\"\",\"publisher\":{\"@id\":\"https:\\\/\\\/www.facecorner.lv\\\/#organization\"},\"potentialAction\":[{\"@type\":\"SearchAction\",\"target\":{\"@type\":\"EntryPoint\",\"urlTemplate\":\"https:\\\/\\\/www.facecorner.lv\\\/?s={search_term_string}\"},\"query-input\":{\"@type\":\"PropertyValueSpecification\",\"valueRequired\":true,\"valueName\":\"search_term_string\"}}],\"inLanguage\":\"en-US\"},{\"@type\":\"Organization\",\"@id\":\"https:\\\/\\\/www.facecorner.lv\\\/#organization\",\"name\":\"Facecorner\",\"url\":\"https:\\\/\\\/www.facecorner.lv\\\/\",\"logo\":{\"@type\":\"ImageObject\",\"inLanguage\":\"en-US\",\"@id\":\"https:\\\/\\\/www.facecorner.lv\\\/#\\\/schema\\\/logo\\\/image\\\/\",\"url\":\"https:\\\/\\\/www.facecorner.lv\\\/wp-content\\\/uploads\\\/2024\\\/04\\\/fc-logo.jpg\",\"contentUrl\":\"https:\\\/\\\/www.facecorner.lv\\\/wp-content\\\/uploads\\\/2024\\\/04\\\/fc-logo.jpg\",\"width\":174,\"height\":28,\"caption\":\"Facecorner\"},\"image\":{\"@id\":\"https:\\\/\\\/www.facecorner.lv\\\/#\\\/schema\\\/logo\\\/image\\\/\"},\"sameAs\":[\"https:\\\/\\\/www.facebook.com\\\/profile.php?id=100063824551839\",\"https:\\\/\\\/www.instagram.com\\\/facecorner_shop\\\/\"]}]}<\/script>\n<meta property=\"product:price:amount\" content=\"21.00\" \/>\n<meta property=\"product:price:currency\" content=\"EUR\" \/>\n<meta property=\"og:availability\" content=\"instock\" \/>\n<meta property=\"product:availability\" content=\"instock\" \/>\n<meta property=\"product:condition\" content=\"new\" \/>\n<!-- \/ Yoast SEO plugin. -->","yoast_head_json":{"title":"HYALURON DARK BENONE PEPTIDE9 AMPOULE EYE PATCH - FACECORNER","robots":{"index":"index","follow":"follow","max-snippet":"max-snippet:-1","max-image-preview":"max-image-preview:large","max-video-preview":"max-video-preview:-1"},"canonical":"https:\/\/www.facecorner.lv\/en\/shop\/hyaluron-dark-benone-peptide9-ampoule-eye-patch\/","og_locale":"en_US","og_type":"article","og_title":"HYALURON DARK BENONE PEPTIDE9 AMPOULE EYE PATCH - FACECORNER","og_description":"Gai\u0161ojo\u0161ie pl\u0101ksteri ar pept\u012bdiem Medi-Peel Hyaluron Dark Benone Peptide 9 Ampoule Eye Patch ir paredz\u0113ti, lai akt\u012bvi c\u012bn\u012btos ar tum\u0161ajiem lokiem un piet\u016bkumu, maigi izgaismo un atsvaidzina. Tiem piem\u012bt balino\u0161s efekts un tie pal\u012bdz samazin\u0101t vecuma plankumu smagumu. Pept\u012bdu kompleksam piem\u012bt atjaunojo\u0161a iedarb\u012bba, tas pal\u012bdz izl\u012bdzin\u0101t grumbas un saglab\u0101t jaunekl\u012bgu \u0101du. Pl\u0101ksteri ir daudzfunkcion\u0101li, piem\u0113roti [&hellip;]","og_url":"https:\/\/www.facecorner.lv\/en\/shop\/hyaluron-dark-benone-peptide9-ampoule-eye-patch\/","og_site_name":"FACECORNER","article_publisher":"https:\/\/www.facebook.com\/profile.php?id=100063824551839","article_modified_time":"2026-02-16T13:19:04+00:00","og_image":[{"width":1000,"height":1000,"url":"https:\/\/www.facecorner.lv\/wp-content\/uploads\/2023\/02\/a401b312c3bd59d33a28884d135381f7.jpg","type":"image\/jpeg"}],"twitter_card":"summary_large_image","twitter_misc":{"Price":"&euro;21.00","Availability":"In stock"},"schema":{"@context":"https:\/\/schema.org","@graph":[{"@type":"WebPage","@id":"https:\/\/www.facecorner.lv\/shop\/hyaluron-dark-benone-peptide9-ampoule-eye-patch\/","url":"https:\/\/www.facecorner.lv\/shop\/hyaluron-dark-benone-peptide9-ampoule-eye-patch\/","name":"HYALURON DARK BENONE PEPTIDE9 AMPOULE EYE PATCH - FACECORNER","isPartOf":{"@id":"https:\/\/www.facecorner.lv\/#website"},"primaryImageOfPage":{"@id":"https:\/\/www.facecorner.lv\/shop\/hyaluron-dark-benone-peptide9-ampoule-eye-patch\/#primaryimage"},"image":{"@id":"https:\/\/www.facecorner.lv\/shop\/hyaluron-dark-benone-peptide9-ampoule-eye-patch\/#primaryimage"},"thumbnailUrl":"https:\/\/www.facecorner.lv\/wp-content\/uploads\/2023\/02\/a401b312c3bd59d33a28884d135381f7.jpg","datePublished":"2023-02-07T11:43:03+00:00","dateModified":"2026-02-16T13:19:04+00:00","breadcrumb":{"@id":"https:\/\/www.facecorner.lv\/shop\/hyaluron-dark-benone-peptide9-ampoule-eye-patch\/#breadcrumb"},"inLanguage":"en-US","potentialAction":[{"@type":"ReadAction","target":["https:\/\/www.facecorner.lv\/shop\/hyaluron-dark-benone-peptide9-ampoule-eye-patch\/"]}]},{"@type":"ImageObject","inLanguage":"en-US","@id":"https:\/\/www.facecorner.lv\/shop\/hyaluron-dark-benone-peptide9-ampoule-eye-patch\/#primaryimage","url":"https:\/\/www.facecorner.lv\/wp-content\/uploads\/2023\/02\/a401b312c3bd59d33a28884d135381f7.jpg","contentUrl":"https:\/\/www.facecorner.lv\/wp-content\/uploads\/2023\/02\/a401b312c3bd59d33a28884d135381f7.jpg","width":1000,"height":1000},{"@type":"BreadcrumbList","@id":"https:\/\/www.facecorner.lv\/shop\/hyaluron-dark-benone-peptide9-ampoule-eye-patch\/#breadcrumb","itemListElement":[{"@type":"ListItem","position":1,"name":"Home","item":"https:\/\/www.facecorner.lv\/"},{"@type":"ListItem","position":2,"name":"Veikals","item":"https:\/\/www.facecorner.lv\/shop\/"},{"@type":"ListItem","position":3,"name":"HYALURON DARK BENONE PEPTIDE9 AMPOULE EYE PATCH"}]},{"@type":"WebSite","@id":"https:\/\/www.facecorner.lv\/#website","url":"https:\/\/www.facecorner.lv\/","name":"Facecorner","description":"","publisher":{"@id":"https:\/\/www.facecorner.lv\/#organization"},"potentialAction":[{"@type":"SearchAction","target":{"@type":"EntryPoint","urlTemplate":"https:\/\/www.facecorner.lv\/?s={search_term_string}"},"query-input":{"@type":"PropertyValueSpecification","valueRequired":true,"valueName":"search_term_string"}}],"inLanguage":"en-US"},{"@type":"Organization","@id":"https:\/\/www.facecorner.lv\/#organization","name":"Facecorner","url":"https:\/\/www.facecorner.lv\/","logo":{"@type":"ImageObject","inLanguage":"en-US","@id":"https:\/\/www.facecorner.lv\/#\/schema\/logo\/image\/","url":"https:\/\/www.facecorner.lv\/wp-content\/uploads\/2024\/04\/fc-logo.jpg","contentUrl":"https:\/\/www.facecorner.lv\/wp-content\/uploads\/2024\/04\/fc-logo.jpg","width":174,"height":28,"caption":"Facecorner"},"image":{"@id":"https:\/\/www.facecorner.lv\/#\/schema\/logo\/image\/"},"sameAs":["https:\/\/www.facebook.com\/profile.php?id=100063824551839","https:\/\/www.instagram.com\/facecorner_shop\/"]}]},"product_price_amount":"21.00","product_price_currency":"EUR","og_availability":"instock","product_availability":"instock","product_condition":"new"},"_links":{"self":[{"href":"https:\/\/www.facecorner.lv\/en\/wp-json\/wp\/v2\/product\/5923","targetHints":{"allow":["GET"]}}],"collection":[{"href":"https:\/\/www.facecorner.lv\/en\/wp-json\/wp\/v2\/product"}],"about":[{"href":"https:\/\/www.facecorner.lv\/en\/wp-json\/wp\/v2\/types\/product"}],"replies":[{"embeddable":true,"href":"https:\/\/www.facecorner.lv\/en\/wp-json\/wp\/v2\/comments?post=5923"}],"wp:featuredmedia":[{"embeddable":true,"href":"https:\/\/www.facecorner.lv\/en\/wp-json\/wp\/v2\/media\/8731"}],"wp:attachment":[{"href":"https:\/\/www.facecorner.lv\/en\/wp-json\/wp\/v2\/media?parent=5923"}],"wp:term":[{"taxonomy":"product_brand","embeddable":true,"href":"https:\/\/www.facecorner.lv\/en\/wp-json\/wp\/v2\/product_brand?post=5923"},{"taxonomy":"product_cat","embeddable":true,"href":"https:\/\/www.facecorner.lv\/en\/wp-json\/wp\/v2\/product_cat?post=5923"},{"taxonomy":"product_tag","embeddable":true,"href":"https:\/\/www.facecorner.lv\/en\/wp-json\/wp\/v2\/product_tag?post=5923"},{"taxonomy":"berocket_brand","embeddable":true,"href":"https:\/\/www.facecorner.lv\/en\/wp-json\/wp\/v2\/berocket_brand?post=5923"}],"curies":[{"name":"wp","href":"https:\/\/api.w.org\/{rel}","templated":true}]}}