{"id":5616,"date":"2023-02-07T13:42:01","date_gmt":"2023-02-07T11:42:01","guid":{"rendered":"http:\/\/dev.ligums.lv\/facecorner\/?post_type=product&#038;p=5616"},"modified":"2026-02-03T14:46:13","modified_gmt":"2026-02-03T11:46:13","slug":"pyunkang-yul-low-ph-pore-deep-cleansing-foam","status":"publish","type":"product","link":"https:\/\/www.facecorner.lv\/en\/shop\/pyunkang-yul-low-ph-pore-deep-cleansing-foam\/","title":{"rendered":"PYUNKANG YUL LOW PH PORE DEEP CLEANSING FOAM 100ml"},"content":{"rendered":"<p>Att\u012bro\u0161\u0101s putas ar AHA sk\u0101b\u0113m Pyunkang Yul Low pH Pore Deep Cleansing Foam maigi noloba atmiru\u0161\u0101s \u0101das \u0161\u016bnas, izvada no por\u0101m net\u012brumus un nov\u0113r\u0161 taukaino sp\u012bdumu. Putas uztur optim\u0101lu \u016bdens-lip\u012bdu l\u012bdzsvaru, nov\u0113r\u0161 sasprindzin\u0101jumu un nesausina \u0101du.<\/p>\n<p>Putas dzi\u013ci att\u012bra, efekt\u012bvi no\u0146em visa veida net\u012brumus, notur\u012bga grima paliekas un lieko sebumu. Regul\u0113 tauku dziedzeru darb\u012bbu, nov\u0113r\u0161 poru aizs\u0113r\u0113\u0161anu, izgaismo tum\u0161os plankumus. Samazina poru redzam\u012bbu, izl\u012bdzina mikroreljefu, uzlabo \u0101das tekst\u016bru.<\/p>\n<p>Pyunkang Yul ir Korejas kosm\u0113tikas z\u012bmols, ko izveidojusi viena no lab\u0101kaj\u0101m austrumu medic\u012bnas kl\u012bnik\u0101m Korej\u0101. Z\u012bmols ra\u017eo tikai dab\u012bgu kosm\u0113tiku (bez smar\u017eviel\u0101m, spirta, parab\u0113niem un silikoniem), kas ir piem\u0113rota vispras\u012bg\u0101kajai, jut\u012bg\u0101kajai un problem\u0101tiskai \u0101dai.Saskaroties ar \u016bdeni, produkts veido vieglas putas, kas maigi stimul\u0113 un atsl\u0101bina \u0101du. Tas ir viegli nomazg\u0101jams ar \u016bdeni, neizraisot lob\u012b\u0161anos un neatst\u0101jot svaiguma un viegluma saj\u016btu.<\/p>\n<p>Piem\u0113rots kombin\u0113tai un taukainai \u0101dai.<\/p>\n<p><strong>How to use:<\/strong> uzkl\u0101jiet nelielu daudzumu uz mitr\u0101m plaukst\u0101m, saputojiet un maigi iemas\u0113jiet sej\u0101. R\u016bp\u012bgi noskalojiet ar siltu \u016bdeni.<\/p>\n<p><strong>Ingredientes: <\/strong>Water, Glycerin, Sodium Cocoyl Isethionate, Sodium Methyl Cocoyl Taurate, Coconut Acid, 1,2-Hexanediol, Sodium Chloride, Coco-Betaine, Potassium Cocoyl Glycinate, Sodium Isethionate, Polyquatermium-67, Santalum Album (Sandalwood) Oil, Prunus Amygdalus Amara (Bitter Almond) Kemel Oil, Pogostemon Cablin Oil Rosa Damascena Flower Water, Barosma Betulina Leaf Extract Disodium EDTA Ethyhexylglycerin, Sodium Acetate, Butylene Glycol Centella Asiatica Extract, Portulaca Oleracea Extract, Camellia Sinensis Leaf Extract, Hamamelis Virginiana (Witch Hazel) Extract, Sodium Hyaluronate, Beta-Glucan, Melaleuca Altemifolia (Tea Tree) Leaf Extract, Phaseolus Angularis Seed Extract, Pentylene Glycol Caprytyl Glycol, Diatomaceous Earth, Isopropyl Alcohol, Citric Acid<\/p>","protected":false},"excerpt":{"rendered":"<p>Att\u012bro\u0161\u0101s putas ar AHA sk\u0101b\u0113m Pyunkang Yul Low pH Pore Deep Cleansing Foam maigi noloba atmiru\u0161\u0101s \u0101das \u0161\u016bnas, izvada no por\u0101m net\u012brumus un nov\u0113r\u0161 taukaino sp\u012bdumu. Putas uztur optim\u0101lu \u016bdens-lip\u012bdu l\u012bdzsvaru, nov\u0113r\u0161 sasprindzin\u0101jumu un nesausina \u0101du. Putas dzi\u013ci att\u012bra, efekt\u012bvi no\u0146em visa veida net\u012brumus, notur\u012bga grima paliekas un lieko sebumu. Regul\u0113 tauku dziedzeru darb\u012bbu, nov\u0113r\u0161 [&hellip;]<\/p>\n","protected":false},"featured_media":8598,"comment_status":"open","ping_status":"closed","template":"","meta":{"site-sidebar-layout":"default","site-content-layout":"","ast-site-content-layout":"default","site-content-style":"default","site-sidebar-style":"default","ast-global-header-display":"","ast-banner-title-visibility":"","ast-main-header-display":"","ast-hfb-above-header-display":"","ast-hfb-below-header-display":"","ast-hfb-mobile-header-display":"","site-post-title":"","ast-breadcrumbs-content":"","ast-featured-img":"","footer-sml-layout":"","theme-transparent-header-meta":"default","adv-header-id-meta":"","stick-header-meta":"","header-above-stick-meta":"","header-main-stick-meta":"","header-below-stick-meta":"","astra-migrate-meta-layouts":"set","ast-page-background-enabled":"default","ast-page-background-meta":{"desktop":{"background-color":"var(--ast-global-color-4)","background-image":"","background-repeat":"repeat","background-position":"center center","background-size":"auto","background-attachment":"scroll","background-type":"","background-media":"","overlay-type":"","overlay-color":"","overlay-opacity":"","overlay-gradient":""},"tablet":{"background-color":"","background-image":"","background-repeat":"repeat","background-position":"center center","background-size":"auto","background-attachment":"scroll","background-type":"","background-media":"","overlay-type":"","overlay-color":"","overlay-opacity":"","overlay-gradient":""},"mobile":{"background-color":"","background-image":"","background-repeat":"repeat","background-position":"center center","background-size":"auto","background-attachment":"scroll","background-type":"","background-media":"","overlay-type":"","overlay-color":"","overlay-opacity":"","overlay-gradient":""}},"ast-content-background-meta":{"desktop":{"background-color":"var(--ast-global-color-5)","background-image":"","background-repeat":"repeat","background-position":"center center","background-size":"auto","background-attachment":"scroll","background-type":"","background-media":"","overlay-type":"","overlay-color":"","overlay-opacity":"","overlay-gradient":""},"tablet":{"background-color":"var(--ast-global-color-5)","background-image":"","background-repeat":"repeat","background-position":"center center","background-size":"auto","background-attachment":"scroll","background-type":"","background-media":"","overlay-type":"","overlay-color":"","overlay-opacity":"","overlay-gradient":""},"mobile":{"background-color":"var(--ast-global-color-5)","background-image":"","background-repeat":"repeat","background-position":"center center","background-size":"auto","background-attachment":"scroll","background-type":"","background-media":"","overlay-type":"","overlay-color":"","overlay-opacity":"","overlay-gradient":""}}},"product_brand":[],"product_cat":[310,312,380,313,381,379,307,314],"product_tag":[],"berocket_brand":[587],"class_list":{"0":"post-5616","1":"product","2":"type-product","3":"status-publish","4":"has-post-thumbnail","6":"product_cat-attirisana","7":"product_cat-kombinetai-adai-attirisana","8":"product_cat-kombinetai-adai","9":"product_cat-problematiskai-adai-attirisana","10":"product_cat-problematiskai-un-taukainai-adai","11":"product_cat-sausai-adai-anti-age","12":"product_cat-sejai","13":"product_cat-taukainai-adai-attirisana","14":"berocket_brand-pyunkangyul","15":"desktop-align-left","16":"tablet-align-left","17":"mobile-align-left","19":"first","20":"instock","21":"taxable","22":"shipping-taxable","23":"purchasable","24":"product-type-simple","25":"add-to-wishlist-before_image"},"yoast_head":"<!-- This site is optimized with the Yoast SEO plugin v27.4 - https:\/\/yoast.com\/product\/yoast-seo-wordpress\/ -->\n<title>PYUNKANG YUL LOW PH PORE DEEP CLEANSING FOAM 100ml - FACECORNER<\/title>\n<meta name=\"robots\" content=\"index, follow, max-snippet:-1, max-image-preview:large, max-video-preview:-1\" \/>\n<link rel=\"canonical\" href=\"https:\/\/www.facecorner.lv\/en\/shop\/pyunkang-yul-low-ph-pore-deep-cleansing-foam\/\" \/>\n<meta property=\"og:locale\" content=\"en_US\" \/>\n<meta property=\"og:type\" content=\"article\" \/>\n<meta property=\"og:title\" content=\"PYUNKANG YUL LOW PH PORE DEEP CLEANSING FOAM 100ml - FACECORNER\" \/>\n<meta property=\"og:description\" content=\"Att\u012bro\u0161\u0101s putas ar AHA sk\u0101b\u0113m Pyunkang Yul Low pH Pore Deep Cleansing Foam maigi noloba atmiru\u0161\u0101s \u0101das \u0161\u016bnas, izvada no por\u0101m net\u012brumus un nov\u0113r\u0161 taukaino sp\u012bdumu. Putas uztur optim\u0101lu \u016bdens-lip\u012bdu l\u012bdzsvaru, nov\u0113r\u0161 sasprindzin\u0101jumu un nesausina \u0101du. Putas dzi\u013ci att\u012bra, efekt\u012bvi no\u0146em visa veida net\u012brumus, notur\u012bga grima paliekas un lieko sebumu. Regul\u0113 tauku dziedzeru darb\u012bbu, nov\u0113r\u0161 [&hellip;]\" \/>\n<meta property=\"og:url\" content=\"https:\/\/www.facecorner.lv\/en\/shop\/pyunkang-yul-low-ph-pore-deep-cleansing-foam\/\" \/>\n<meta property=\"og:site_name\" content=\"FACECORNER\" \/>\n<meta property=\"article:publisher\" content=\"https:\/\/www.facebook.com\/profile.php?id=100063824551839\" \/>\n<meta property=\"article:modified_time\" content=\"2026-02-03T11:46:13+00:00\" \/>\n<meta property=\"og:image\" content=\"https:\/\/www.facecorner.lv\/wp-content\/uploads\/2023\/02\/PyunkangYul_Low-ph-pore-deep-cleansing-foam_1024x1024-1000x1000-1.jpg\" \/>\n\t<meta property=\"og:image:width\" content=\"1000\" \/>\n\t<meta property=\"og:image:height\" content=\"1000\" \/>\n\t<meta property=\"og:image:type\" content=\"image\/jpeg\" \/>\n<meta name=\"twitter:card\" content=\"summary_large_image\" \/>\n<meta name=\"twitter:label1\" content=\"Price\" \/>\n\t<meta name=\"twitter:data1\" content=\"&euro;19.36\" \/>\n\t<meta name=\"twitter:label2\" content=\"Availability\" \/>\n\t<meta name=\"twitter:data2\" content=\"In stock\" \/>\n<script type=\"application\/ld+json\" class=\"yoast-schema-graph\">{\"@context\":\"https:\\\/\\\/schema.org\",\"@graph\":[{\"@type\":\"WebPage\",\"@id\":\"https:\\\/\\\/www.facecorner.lv\\\/shop\\\/pyunkang-yul-low-ph-pore-deep-cleansing-foam\\\/\",\"url\":\"https:\\\/\\\/www.facecorner.lv\\\/shop\\\/pyunkang-yul-low-ph-pore-deep-cleansing-foam\\\/\",\"name\":\"PYUNKANG YUL LOW PH PORE DEEP CLEANSING FOAM 100ml - FACECORNER\",\"isPartOf\":{\"@id\":\"https:\\\/\\\/www.facecorner.lv\\\/#website\"},\"primaryImageOfPage\":{\"@id\":\"https:\\\/\\\/www.facecorner.lv\\\/shop\\\/pyunkang-yul-low-ph-pore-deep-cleansing-foam\\\/#primaryimage\"},\"image\":{\"@id\":\"https:\\\/\\\/www.facecorner.lv\\\/shop\\\/pyunkang-yul-low-ph-pore-deep-cleansing-foam\\\/#primaryimage\"},\"thumbnailUrl\":\"https:\\\/\\\/www.facecorner.lv\\\/wp-content\\\/uploads\\\/2023\\\/02\\\/PyunkangYul_Low-ph-pore-deep-cleansing-foam_1024x1024-1000x1000-1.jpg\",\"datePublished\":\"2023-02-07T11:42:01+00:00\",\"dateModified\":\"2026-02-03T11:46:13+00:00\",\"breadcrumb\":{\"@id\":\"https:\\\/\\\/www.facecorner.lv\\\/shop\\\/pyunkang-yul-low-ph-pore-deep-cleansing-foam\\\/#breadcrumb\"},\"inLanguage\":\"en-US\",\"potentialAction\":[{\"@type\":\"ReadAction\",\"target\":[\"https:\\\/\\\/www.facecorner.lv\\\/shop\\\/pyunkang-yul-low-ph-pore-deep-cleansing-foam\\\/\"]}]},{\"@type\":\"ImageObject\",\"inLanguage\":\"en-US\",\"@id\":\"https:\\\/\\\/www.facecorner.lv\\\/shop\\\/pyunkang-yul-low-ph-pore-deep-cleansing-foam\\\/#primaryimage\",\"url\":\"https:\\\/\\\/www.facecorner.lv\\\/wp-content\\\/uploads\\\/2023\\\/02\\\/PyunkangYul_Low-ph-pore-deep-cleansing-foam_1024x1024-1000x1000-1.jpg\",\"contentUrl\":\"https:\\\/\\\/www.facecorner.lv\\\/wp-content\\\/uploads\\\/2023\\\/02\\\/PyunkangYul_Low-ph-pore-deep-cleansing-foam_1024x1024-1000x1000-1.jpg\",\"width\":1000,\"height\":1000},{\"@type\":\"BreadcrumbList\",\"@id\":\"https:\\\/\\\/www.facecorner.lv\\\/shop\\\/pyunkang-yul-low-ph-pore-deep-cleansing-foam\\\/#breadcrumb\",\"itemListElement\":[{\"@type\":\"ListItem\",\"position\":1,\"name\":\"Home\",\"item\":\"https:\\\/\\\/www.facecorner.lv\\\/\"},{\"@type\":\"ListItem\",\"position\":2,\"name\":\"Veikals\",\"item\":\"https:\\\/\\\/www.facecorner.lv\\\/shop\\\/\"},{\"@type\":\"ListItem\",\"position\":3,\"name\":\"PYUNKANG YUL LOW PH PORE DEEP CLEANSING FOAM 100ml\"}]},{\"@type\":\"WebSite\",\"@id\":\"https:\\\/\\\/www.facecorner.lv\\\/#website\",\"url\":\"https:\\\/\\\/www.facecorner.lv\\\/\",\"name\":\"Facecorner\",\"description\":\"\",\"publisher\":{\"@id\":\"https:\\\/\\\/www.facecorner.lv\\\/#organization\"},\"potentialAction\":[{\"@type\":\"SearchAction\",\"target\":{\"@type\":\"EntryPoint\",\"urlTemplate\":\"https:\\\/\\\/www.facecorner.lv\\\/?s={search_term_string}\"},\"query-input\":{\"@type\":\"PropertyValueSpecification\",\"valueRequired\":true,\"valueName\":\"search_term_string\"}}],\"inLanguage\":\"en-US\"},{\"@type\":\"Organization\",\"@id\":\"https:\\\/\\\/www.facecorner.lv\\\/#organization\",\"name\":\"Facecorner\",\"url\":\"https:\\\/\\\/www.facecorner.lv\\\/\",\"logo\":{\"@type\":\"ImageObject\",\"inLanguage\":\"en-US\",\"@id\":\"https:\\\/\\\/www.facecorner.lv\\\/#\\\/schema\\\/logo\\\/image\\\/\",\"url\":\"https:\\\/\\\/www.facecorner.lv\\\/wp-content\\\/uploads\\\/2024\\\/04\\\/fc-logo.jpg\",\"contentUrl\":\"https:\\\/\\\/www.facecorner.lv\\\/wp-content\\\/uploads\\\/2024\\\/04\\\/fc-logo.jpg\",\"width\":174,\"height\":28,\"caption\":\"Facecorner\"},\"image\":{\"@id\":\"https:\\\/\\\/www.facecorner.lv\\\/#\\\/schema\\\/logo\\\/image\\\/\"},\"sameAs\":[\"https:\\\/\\\/www.facebook.com\\\/profile.php?id=100063824551839\",\"https:\\\/\\\/www.instagram.com\\\/facecorner_shop\\\/\"]}]}<\/script>\n<meta property=\"product:price:amount\" content=\"19.36\" \/>\n<meta property=\"product:price:currency\" content=\"EUR\" \/>\n<meta property=\"og:availability\" content=\"instock\" \/>\n<meta property=\"product:availability\" content=\"instock\" \/>\n<meta property=\"product:condition\" content=\"new\" \/>\n<!-- \/ Yoast SEO plugin. -->","yoast_head_json":{"title":"PYUNKANG YUL LOW PH PORE DEEP CLEANSING FOAM 100ml - FACECORNER","robots":{"index":"index","follow":"follow","max-snippet":"max-snippet:-1","max-image-preview":"max-image-preview:large","max-video-preview":"max-video-preview:-1"},"canonical":"https:\/\/www.facecorner.lv\/en\/shop\/pyunkang-yul-low-ph-pore-deep-cleansing-foam\/","og_locale":"en_US","og_type":"article","og_title":"PYUNKANG YUL LOW PH PORE DEEP CLEANSING FOAM 100ml - FACECORNER","og_description":"Att\u012bro\u0161\u0101s putas ar AHA sk\u0101b\u0113m Pyunkang Yul Low pH Pore Deep Cleansing Foam maigi noloba atmiru\u0161\u0101s \u0101das \u0161\u016bnas, izvada no por\u0101m net\u012brumus un nov\u0113r\u0161 taukaino sp\u012bdumu. Putas uztur optim\u0101lu \u016bdens-lip\u012bdu l\u012bdzsvaru, nov\u0113r\u0161 sasprindzin\u0101jumu un nesausina \u0101du. Putas dzi\u013ci att\u012bra, efekt\u012bvi no\u0146em visa veida net\u012brumus, notur\u012bga grima paliekas un lieko sebumu. Regul\u0113 tauku dziedzeru darb\u012bbu, nov\u0113r\u0161 [&hellip;]","og_url":"https:\/\/www.facecorner.lv\/en\/shop\/pyunkang-yul-low-ph-pore-deep-cleansing-foam\/","og_site_name":"FACECORNER","article_publisher":"https:\/\/www.facebook.com\/profile.php?id=100063824551839","article_modified_time":"2026-02-03T11:46:13+00:00","og_image":[{"width":1000,"height":1000,"url":"https:\/\/www.facecorner.lv\/wp-content\/uploads\/2023\/02\/PyunkangYul_Low-ph-pore-deep-cleansing-foam_1024x1024-1000x1000-1.jpg","type":"image\/jpeg"}],"twitter_card":"summary_large_image","twitter_misc":{"Price":"&euro;19.36","Availability":"In stock"},"schema":{"@context":"https:\/\/schema.org","@graph":[{"@type":"WebPage","@id":"https:\/\/www.facecorner.lv\/shop\/pyunkang-yul-low-ph-pore-deep-cleansing-foam\/","url":"https:\/\/www.facecorner.lv\/shop\/pyunkang-yul-low-ph-pore-deep-cleansing-foam\/","name":"PYUNKANG YUL LOW PH PORE DEEP CLEANSING FOAM 100ml - FACECORNER","isPartOf":{"@id":"https:\/\/www.facecorner.lv\/#website"},"primaryImageOfPage":{"@id":"https:\/\/www.facecorner.lv\/shop\/pyunkang-yul-low-ph-pore-deep-cleansing-foam\/#primaryimage"},"image":{"@id":"https:\/\/www.facecorner.lv\/shop\/pyunkang-yul-low-ph-pore-deep-cleansing-foam\/#primaryimage"},"thumbnailUrl":"https:\/\/www.facecorner.lv\/wp-content\/uploads\/2023\/02\/PyunkangYul_Low-ph-pore-deep-cleansing-foam_1024x1024-1000x1000-1.jpg","datePublished":"2023-02-07T11:42:01+00:00","dateModified":"2026-02-03T11:46:13+00:00","breadcrumb":{"@id":"https:\/\/www.facecorner.lv\/shop\/pyunkang-yul-low-ph-pore-deep-cleansing-foam\/#breadcrumb"},"inLanguage":"en-US","potentialAction":[{"@type":"ReadAction","target":["https:\/\/www.facecorner.lv\/shop\/pyunkang-yul-low-ph-pore-deep-cleansing-foam\/"]}]},{"@type":"ImageObject","inLanguage":"en-US","@id":"https:\/\/www.facecorner.lv\/shop\/pyunkang-yul-low-ph-pore-deep-cleansing-foam\/#primaryimage","url":"https:\/\/www.facecorner.lv\/wp-content\/uploads\/2023\/02\/PyunkangYul_Low-ph-pore-deep-cleansing-foam_1024x1024-1000x1000-1.jpg","contentUrl":"https:\/\/www.facecorner.lv\/wp-content\/uploads\/2023\/02\/PyunkangYul_Low-ph-pore-deep-cleansing-foam_1024x1024-1000x1000-1.jpg","width":1000,"height":1000},{"@type":"BreadcrumbList","@id":"https:\/\/www.facecorner.lv\/shop\/pyunkang-yul-low-ph-pore-deep-cleansing-foam\/#breadcrumb","itemListElement":[{"@type":"ListItem","position":1,"name":"Home","item":"https:\/\/www.facecorner.lv\/"},{"@type":"ListItem","position":2,"name":"Veikals","item":"https:\/\/www.facecorner.lv\/shop\/"},{"@type":"ListItem","position":3,"name":"PYUNKANG YUL LOW PH PORE DEEP CLEANSING FOAM 100ml"}]},{"@type":"WebSite","@id":"https:\/\/www.facecorner.lv\/#website","url":"https:\/\/www.facecorner.lv\/","name":"Facecorner","description":"","publisher":{"@id":"https:\/\/www.facecorner.lv\/#organization"},"potentialAction":[{"@type":"SearchAction","target":{"@type":"EntryPoint","urlTemplate":"https:\/\/www.facecorner.lv\/?s={search_term_string}"},"query-input":{"@type":"PropertyValueSpecification","valueRequired":true,"valueName":"search_term_string"}}],"inLanguage":"en-US"},{"@type":"Organization","@id":"https:\/\/www.facecorner.lv\/#organization","name":"Facecorner","url":"https:\/\/www.facecorner.lv\/","logo":{"@type":"ImageObject","inLanguage":"en-US","@id":"https:\/\/www.facecorner.lv\/#\/schema\/logo\/image\/","url":"https:\/\/www.facecorner.lv\/wp-content\/uploads\/2024\/04\/fc-logo.jpg","contentUrl":"https:\/\/www.facecorner.lv\/wp-content\/uploads\/2024\/04\/fc-logo.jpg","width":174,"height":28,"caption":"Facecorner"},"image":{"@id":"https:\/\/www.facecorner.lv\/#\/schema\/logo\/image\/"},"sameAs":["https:\/\/www.facebook.com\/profile.php?id=100063824551839","https:\/\/www.instagram.com\/facecorner_shop\/"]}]},"product_price_amount":"19.36","product_price_currency":"EUR","og_availability":"instock","product_availability":"instock","product_condition":"new"},"_links":{"self":[{"href":"https:\/\/www.facecorner.lv\/en\/wp-json\/wp\/v2\/product\/5616","targetHints":{"allow":["GET"]}}],"collection":[{"href":"https:\/\/www.facecorner.lv\/en\/wp-json\/wp\/v2\/product"}],"about":[{"href":"https:\/\/www.facecorner.lv\/en\/wp-json\/wp\/v2\/types\/product"}],"replies":[{"embeddable":true,"href":"https:\/\/www.facecorner.lv\/en\/wp-json\/wp\/v2\/comments?post=5616"}],"wp:featuredmedia":[{"embeddable":true,"href":"https:\/\/www.facecorner.lv\/en\/wp-json\/wp\/v2\/media\/8598"}],"wp:attachment":[{"href":"https:\/\/www.facecorner.lv\/en\/wp-json\/wp\/v2\/media?parent=5616"}],"wp:term":[{"taxonomy":"product_brand","embeddable":true,"href":"https:\/\/www.facecorner.lv\/en\/wp-json\/wp\/v2\/product_brand?post=5616"},{"taxonomy":"product_cat","embeddable":true,"href":"https:\/\/www.facecorner.lv\/en\/wp-json\/wp\/v2\/product_cat?post=5616"},{"taxonomy":"product_tag","embeddable":true,"href":"https:\/\/www.facecorner.lv\/en\/wp-json\/wp\/v2\/product_tag?post=5616"},{"taxonomy":"berocket_brand","embeddable":true,"href":"https:\/\/www.facecorner.lv\/en\/wp-json\/wp\/v2\/berocket_brand?post=5616"}],"curies":[{"name":"wp","href":"https:\/\/api.w.org\/{rel}","templated":true}]}}