{"id":27655,"date":"2026-05-13T15:16:00","date_gmt":"2026-05-13T12:16:00","guid":{"rendered":"https:\/\/www.facecorner.lv\/?post_type=product&#038;p=27655"},"modified":"2026-05-13T15:16:01","modified_gmt":"2026-05-13T12:16:01","slug":"dr-althea-retinol-flat-iron-eye-roller-pretnovecosanas-acu-serums-25ml","status":"publish","type":"product","link":"https:\/\/www.facecorner.lv\/en\/shop\/dr-althea-retinol-flat-iron-eye-roller-pretnovecosanas-acu-serums-25ml\/","title":{"rendered":"Dr. Althea Retinol Flat Iron Eye Roller pretnoveco\u0161an\u0101s acu serums 25ml"},"content":{"rendered":"<p>Dr. Althea Retinol Flat Iron Eye Roller ir korejie\u0161u pretnoveco\u0161an\u0101s acu serums ar inovat\u012bvu ieb\u016bv\u0113tu met\u0101la gua sha rull\u012b\u0161a aplikatoru, kas nodro\u0161ina prec\u012bzu un higi\u0113nisku seruma ievad\u012b\u0161anu jut\u012bgaj\u0101 acu zon\u0101 bez \u0101das stiep\u0161anas.<\/p>\n<p>Viegla, \u0101tri uzs\u016bco\u0161a formula neatst\u0101j lip\u012bgu p\u0113cefektu un ir piem\u0113rota pat jut\u012bgai \u0101dai.<\/p>\n<p class=\"text-text-100 mt-2 -mb-1 text-base font-bold\"><strong>Galven\u0101s akt\u012bv\u0101s sast\u0101vda\u013cas<\/strong><\/p>\n<ul>\n<li class=\"font-claude-response-body break-words whitespace-normal leading-[1.7]\"><strong>Retinols (1000 ppm)<\/strong> \u2014 kl\u012bniski pier\u0101d\u012bts pretnoveco\u0161an\u0101s akt\u012bvais elements, kas samazina grumbu dzi\u013cumu, uzlabo \u0101das fakt\u016bru un veicina \u0161\u016bnu atjauno\u0161anos. Nav ieteicams gr\u016btniec\u012bbas laik\u0101.<\/li>\n<li class=\"font-claude-response-body break-words whitespace-normal leading-[1.7]\"><strong style=\"font-size: 16px;\">Bakuchiol<\/strong><span style=\"font-size: 16px;\"> \u2014 augu izcelsmes retinolam l\u012bdz\u012bga viela no Babchi auga s\u0113kl\u0101m. Darbojas siner\u0123iski ar retinolu, pastiprinot pretnoveco\u0161an\u0101s efektu ar maz\u0101ku kairin\u0101juma risku.<\/span><\/li>\n<li class=\"font-claude-response-body break-words whitespace-normal leading-[1.7]\"><strong style=\"font-size: 16px;\">5% Cica Retisome\u2122 komplekss (Centella Asiatica + Madecassoside)<\/strong><span style=\"font-size: 16px;\"> \u2014 nomierina \u0101du, atbalsta \u0101das barjeru un samazina retinola iesp\u0113jamo kairin\u0101jumu.<\/span><\/li>\n<li class=\"font-claude-response-body break-words whitespace-normal leading-[1.7]\"><strong style=\"font-size: 16px;\">Hialuronsk\u0101be<\/strong><span style=\"font-size: 16px;\"> \u2014 nodro\u0161ina dzi\u013cu, ilgsto\u0161u mitrin\u0101\u0161anu, piepilda smalkas grumbas.<\/span><\/li>\n<li class=\"font-claude-response-body break-words whitespace-normal leading-[1.7]\"><strong style=\"font-size: 16px;\">Keram\u012bdi un holesterols<\/strong><span style=\"font-size: 16px;\"> \u2014 stiprina \u0101das aizsargbarjeru, uzlabo \u0101das elast\u012bbu.<\/span><\/li>\n<li class=\"font-claude-response-body break-words whitespace-normal leading-[1.7]\"><strong style=\"font-size: 16px;\">Panthenols (B5 vitam\u012bns)<\/strong><span style=\"font-size: 16px;\"> \u2014 mitrina un nomierina \u0101du.<\/span><\/li>\n<\/ul>\n<p class=\"text-text-100 mt-2 -mb-1 text-base font-bold\"><strong>Lieto\u0161anas veids<\/strong><\/p>\n<ol class=\"[li_&amp;]:mb-0 [li_&amp;]:mt-1 [li_&amp;]:gap-1 [&amp;:not(:last-child)_ul]:pb-1 [&amp;:not(:last-child)_ol]:pb-1 list-decimal flex flex-col gap-1 pl-8 mb-3\">\n<li class=\"font-claude-response-body whitespace-normal break-words pl-2\">Izt\u012briet seju un lietojiet toniku.<\/li>\n<li class=\"font-claude-response-body whitespace-normal break-words pl-2\">Viegli piespiediet t\u016bbi\u0146u, lai uz aplikatora par\u0101d\u012btos neliels daudzums seruma.<\/li>\n<li class=\"font-claude-response-body whitespace-normal break-words pl-2\">Uzman\u012bgi velciet rull\u012bti ap acu zonu \u2014 pa apli, no iek\u0161\u0113j\u0101 kakti\u0146a uz \u0101ru.<\/li>\n<li class=\"font-claude-response-body whitespace-normal break-words pl-2\">Turpiniet ar parastajiem \u0101das kop\u0161anas l\u012bdzek\u013ciem.<\/li>\n<li class=\"font-claude-response-body whitespace-normal break-words pl-2\">Ieteicams lietot vakar\u0101.<\/li>\n<\/ol>\n<h6 class=\"text-text-100 mt-2 -mb-1 text-base font-bold\">Piesardz\u012bbas noteikumi<\/h6>\n<ul class=\"[li_&amp;]:mb-0 [li_&amp;]:mt-1 [li_&amp;]:gap-1 [&amp;:not(:last-child)_ul]:pb-1 [&amp;:not(:last-child)_ol]:pb-1 list-disc flex flex-col gap-1 pl-8 mb-3\">\n<li class=\"font-claude-response-body whitespace-normal break-words pl-2\">Paredz\u0113ts tikai \u0101r\u0113jai lieto\u0161anai.<\/li>\n<li class=\"font-claude-response-body whitespace-normal break-words pl-2\">Izvair\u012bties no tie\u0161as saskares ar ac\u012bm. Ja produkts nok\u013c\u016bst ac\u012bs, nekav\u0113joties skalojiet ar \u016bdeni.<\/li>\n<li class=\"font-claude-response-body whitespace-normal break-words pl-2\"><strong>Neizmantot gr\u016btniec\u012bbas un z\u012bd\u012b\u0161anas laik\u0101<\/strong> \u2014 produkts satur retinolu.<\/li>\n<li class=\"font-claude-response-body whitespace-normal break-words pl-2\">Lieto\u0161anas laik\u0101 ieteicams izmantot SPF aizsargl\u012bdzekli, jo retinols palielina \u0101das jut\u012bbu pret saules stariem.<\/li>\n<li class=\"font-claude-response-body whitespace-normal break-words pl-2\">Pirms lieto\u0161anas ieteicams veikt tolerances testu uz nelielas \u0101das zonas.<\/li>\n<li class=\"font-claude-response-body whitespace-normal break-words pl-2\">Glab\u0101t b\u0113rniem nepieejam\u0101 viet\u0101.<\/li>\n<li class=\"font-claude-response-body whitespace-normal break-words pl-2\">Glab\u0101t v\u0113s\u0101, saus\u0101 viet\u0101, pasarg\u0101t no tie\u0161as saules gaismas.<\/li>\n<li class=\"font-claude-response-body whitespace-normal break-words pl-2\">P\u0101rtrauciet lieto\u0161anu kairin\u0101juma gad\u012bjum\u0101.<\/li>\n<\/ul>\n<p><strong>Atbild\u012bg\u0101 persona:<\/strong>\u00a0 AK Biocosmetics GmbH Postfach 14, 2103 Langenzersdorf, Austria. ct24@akbiocosmetics.com<\/p>\n<p><strong>Sast\u0101vs<\/strong>: Aqua (Water), Glycerin, Butylene Glycol, Caprylic\/Capric Triglyceride, Cetyl Ethylhexanoate, Hydrogenated Polydecene, 1,2-Hexanediol, Betaine, Propanediol, Ammonium Acryloyldimethyltaurate\/VP Copolymer, Hydroxyacetophenone, Acrylates\/C10-30 Alkyl Acrylate Crosspolymer, Pentaerythrityl Tetra-Di-T-Butyl Hydroxyhydrocinnamate, Hydrogenated Lecithin, Ethylhexylglycerin, Retinol, Tromethamine, Benzotriazolyl Dodecyl P-Cresol, Glyceryl Polymethacrylate, HDI\/Trimethylol Hexyllactone Crosspolymer, Xanthan Gum, Cholesterol, Panthenol, Disodium EDTA, Polyvinyl Alcohol, Methylpropanediol, Tocopherol, Ceramide NP, Centella Asiatica Leaf Water, Caprylyl Glycol, Phenylpropanol, Madecassoside, Hyaluronic Acid, Bakuchiol, Echinacea Purpurea Extract, Sodium DNA, Acetyl Tetrapeptide-5, Acetyl Hexapeptide-1, Acetyl Hexapeptide-8<\/p>\n","protected":false},"excerpt":{"rendered":"<p>Dr. Althea Retinol Flat Iron Eye Roller ir korejie\u0161u pretnoveco\u0161an\u0101s acu serums ar inovat\u012bvu ieb\u016bv\u0113tu met\u0101la gua sha rull\u012b\u0161a aplikatoru, kas nodro\u0161ina prec\u012bzu un higi\u0113nisku seruma ievad\u012b\u0161anu jut\u012bgaj\u0101 acu zon\u0101 bez \u0101das stiep\u0161anas.<\/p>","protected":false},"featured_media":27656,"comment_status":"open","ping_status":"closed","template":"","meta":{"site-sidebar-layout":"default","site-content-layout":"","ast-site-content-layout":"default","site-content-style":"default","site-sidebar-style":"default","ast-global-header-display":"","ast-banner-title-visibility":"","ast-main-header-display":"","ast-hfb-above-header-display":"","ast-hfb-below-header-display":"","ast-hfb-mobile-header-display":"","site-post-title":"","ast-breadcrumbs-content":"","ast-featured-img":"","footer-sml-layout":"","theme-transparent-header-meta":"default","adv-header-id-meta":"","stick-header-meta":"","header-above-stick-meta":"","header-main-stick-meta":"","header-below-stick-meta":"","astra-migrate-meta-layouts":"set","ast-page-background-enabled":"default","ast-page-background-meta":{"desktop":{"background-color":"var(--ast-global-color-4)","background-image":"","background-repeat":"repeat","background-position":"center center","background-size":"auto","background-attachment":"scroll","background-type":"","background-media":"","overlay-type":"","overlay-color":"","overlay-opacity":"","overlay-gradient":""},"tablet":{"background-color":"","background-image":"","background-repeat":"repeat","background-position":"center center","background-size":"auto","background-attachment":"scroll","background-type":"","background-media":"","overlay-type":"","overlay-color":"","overlay-opacity":"","overlay-gradient":""},"mobile":{"background-color":"","background-image":"","background-repeat":"repeat","background-position":"center center","background-size":"auto","background-attachment":"scroll","background-type":"","background-media":"","overlay-type":"","overlay-color":"","overlay-opacity":"","overlay-gradient":""}},"ast-content-background-meta":{"desktop":{"background-color":"var(--ast-global-color-5)","background-image":"","background-repeat":"repeat","background-position":"center center","background-size":"auto","background-attachment":"scroll","background-type":"","background-media":"","overlay-type":"","overlay-color":"","overlay-opacity":"","overlay-gradient":""},"tablet":{"background-color":"var(--ast-global-color-5)","background-image":"","background-repeat":"repeat","background-position":"center center","background-size":"auto","background-attachment":"scroll","background-type":"","background-media":"","overlay-type":"","overlay-color":"","overlay-opacity":"","overlay-gradient":""},"mobile":{"background-color":"var(--ast-global-color-5)","background-image":"","background-repeat":"repeat","background-position":"center center","background-size":"auto","background-attachment":"scroll","background-type":"","background-media":"","overlay-type":"","overlay-color":"","overlay-opacity":"","overlay-gradient":""}}},"product_brand":[],"product_cat":[308],"product_tag":[],"berocket_brand":[597],"class_list":{"0":"post-27655","1":"product","2":"type-product","3":"status-publish","4":"has-post-thumbnail","6":"product_cat-acu-krems","7":"berocket_brand-dr-althea","8":"desktop-align-left","9":"tablet-align-left","10":"mobile-align-left","12":"first","13":"instock","14":"taxable","15":"shipping-taxable","16":"purchasable","17":"product-type-simple","18":"add-to-wishlist-before_image"},"yoast_head":"<!-- This site is optimized with the Yoast SEO plugin v27.4 - https:\/\/yoast.com\/product\/yoast-seo-wordpress\/ -->\n<title>Dr. Althea Retinol Flat Iron Eye Roller pretnoveco\u0161an\u0101s acu serums 25ml - FACECORNER<\/title>\n<meta name=\"description\" content=\"Dr. Althea Retinol Flat Iron Eye Roller ir korejie\u0161u pretnoveco\u0161an\u0101s acu serums ar inovat\u012bvu ieb\u016bv\u0113tu met\u0101la gua sha rull\u012b\u0161a aplikatoru, kas nodro\u0161ina prec\u012bzu un higi\u0113nisku seruma ievad\u012b\u0161anu jut\u012bgaj\u0101 acu zon\u0101 bez \u0101das stiep\u0161anas.\" \/>\n<meta name=\"robots\" content=\"index, follow, max-snippet:-1, max-image-preview:large, max-video-preview:-1\" \/>\n<link rel=\"canonical\" href=\"https:\/\/www.facecorner.lv\/en\/shop\/dr-althea-retinol-flat-iron-eye-roller-pretnovecosanas-acu-serums-25ml\/\" \/>\n<meta property=\"og:locale\" content=\"en_US\" \/>\n<meta property=\"og:type\" content=\"article\" \/>\n<meta property=\"og:title\" content=\"Dr. Althea Retinol Flat Iron Eye Roller pretnoveco\u0161an\u0101s acu serums 25ml - FACECORNER\" \/>\n<meta property=\"og:description\" content=\"Dr. Althea Retinol Flat Iron Eye Roller ir korejie\u0161u pretnoveco\u0161an\u0101s acu serums ar inovat\u012bvu ieb\u016bv\u0113tu met\u0101la gua sha rull\u012b\u0161a aplikatoru, kas nodro\u0161ina prec\u012bzu un higi\u0113nisku seruma ievad\u012b\u0161anu jut\u012bgaj\u0101 acu zon\u0101 bez \u0101das stiep\u0161anas.\" \/>\n<meta property=\"og:url\" content=\"https:\/\/www.facecorner.lv\/en\/shop\/dr-althea-retinol-flat-iron-eye-roller-pretnovecosanas-acu-serums-25ml\/\" \/>\n<meta property=\"og:site_name\" content=\"FACECORNER\" \/>\n<meta property=\"article:publisher\" content=\"https:\/\/www.facebook.com\/profile.php?id=100063824551839\" \/>\n<meta property=\"article:modified_time\" content=\"2026-05-13T12:16:01+00:00\" \/>\n<meta property=\"og:image\" content=\"https:\/\/www.facecorner.lv\/wp-content\/uploads\/2026\/05\/dr-althea-retinol-flat-iron-eye-roller_8809447256658_DarBeauty.webp\" \/>\n\t<meta property=\"og:image:width\" content=\"1080\" \/>\n\t<meta property=\"og:image:height\" content=\"1080\" \/>\n\t<meta property=\"og:image:type\" content=\"image\/webp\" \/>\n<meta name=\"twitter:card\" content=\"summary_large_image\" \/>\n<meta name=\"twitter:label1\" content=\"Price\" \/>\n\t<meta name=\"twitter:data1\" content=\"&euro;18.95\" \/>\n\t<meta name=\"twitter:label2\" content=\"Availability\" \/>\n\t<meta name=\"twitter:data2\" content=\"In stock\" \/>\n<script type=\"application\/ld+json\" class=\"yoast-schema-graph\">{\"@context\":\"https:\\\/\\\/schema.org\",\"@graph\":[{\"@type\":\"WebPage\",\"@id\":\"https:\\\/\\\/www.facecorner.lv\\\/shop\\\/dr-althea-retinol-flat-iron-eye-roller-pretnovecosanas-acu-serums-25ml\\\/\",\"url\":\"https:\\\/\\\/www.facecorner.lv\\\/shop\\\/dr-althea-retinol-flat-iron-eye-roller-pretnovecosanas-acu-serums-25ml\\\/\",\"name\":\"Dr. Althea Retinol Flat Iron Eye Roller pretnoveco\u0161an\u0101s acu serums 25ml - FACECORNER\",\"isPartOf\":{\"@id\":\"https:\\\/\\\/www.facecorner.lv\\\/#website\"},\"primaryImageOfPage\":{\"@id\":\"https:\\\/\\\/www.facecorner.lv\\\/shop\\\/dr-althea-retinol-flat-iron-eye-roller-pretnovecosanas-acu-serums-25ml\\\/#primaryimage\"},\"image\":{\"@id\":\"https:\\\/\\\/www.facecorner.lv\\\/shop\\\/dr-althea-retinol-flat-iron-eye-roller-pretnovecosanas-acu-serums-25ml\\\/#primaryimage\"},\"thumbnailUrl\":\"https:\\\/\\\/www.facecorner.lv\\\/wp-content\\\/uploads\\\/2026\\\/05\\\/dr-althea-retinol-flat-iron-eye-roller_8809447256658_DarBeauty.webp\",\"datePublished\":\"2026-05-13T12:16:00+00:00\",\"dateModified\":\"2026-05-13T12:16:01+00:00\",\"description\":\"Dr. Althea Retinol Flat Iron Eye Roller ir korejie\u0161u pretnoveco\u0161an\u0101s acu serums ar inovat\u012bvu ieb\u016bv\u0113tu met\u0101la gua sha rull\u012b\u0161a aplikatoru, kas nodro\u0161ina prec\u012bzu un higi\u0113nisku seruma ievad\u012b\u0161anu jut\u012bgaj\u0101 acu zon\u0101 bez \u0101das stiep\u0161anas.\",\"breadcrumb\":{\"@id\":\"https:\\\/\\\/www.facecorner.lv\\\/shop\\\/dr-althea-retinol-flat-iron-eye-roller-pretnovecosanas-acu-serums-25ml\\\/#breadcrumb\"},\"inLanguage\":\"en-US\",\"potentialAction\":[{\"@type\":\"ReadAction\",\"target\":[\"https:\\\/\\\/www.facecorner.lv\\\/shop\\\/dr-althea-retinol-flat-iron-eye-roller-pretnovecosanas-acu-serums-25ml\\\/\"]}]},{\"@type\":\"ImageObject\",\"inLanguage\":\"en-US\",\"@id\":\"https:\\\/\\\/www.facecorner.lv\\\/shop\\\/dr-althea-retinol-flat-iron-eye-roller-pretnovecosanas-acu-serums-25ml\\\/#primaryimage\",\"url\":\"https:\\\/\\\/www.facecorner.lv\\\/wp-content\\\/uploads\\\/2026\\\/05\\\/dr-althea-retinol-flat-iron-eye-roller_8809447256658_DarBeauty.webp\",\"contentUrl\":\"https:\\\/\\\/www.facecorner.lv\\\/wp-content\\\/uploads\\\/2026\\\/05\\\/dr-althea-retinol-flat-iron-eye-roller_8809447256658_DarBeauty.webp\",\"width\":1080,\"height\":1080,\"caption\":\"Dr. Althea Retinol Flat Iron Eye Roller\"},{\"@type\":\"BreadcrumbList\",\"@id\":\"https:\\\/\\\/www.facecorner.lv\\\/shop\\\/dr-althea-retinol-flat-iron-eye-roller-pretnovecosanas-acu-serums-25ml\\\/#breadcrumb\",\"itemListElement\":[{\"@type\":\"ListItem\",\"position\":1,\"name\":\"Home\",\"item\":\"https:\\\/\\\/www.facecorner.lv\\\/\"},{\"@type\":\"ListItem\",\"position\":2,\"name\":\"Veikals\",\"item\":\"https:\\\/\\\/www.facecorner.lv\\\/shop\\\/\"},{\"@type\":\"ListItem\",\"position\":3,\"name\":\"Dr. Althea Retinol Flat Iron Eye Roller pretnoveco\u0161an\u0101s acu serums 25ml\"}]},{\"@type\":\"WebSite\",\"@id\":\"https:\\\/\\\/www.facecorner.lv\\\/#website\",\"url\":\"https:\\\/\\\/www.facecorner.lv\\\/\",\"name\":\"Facecorner\",\"description\":\"\",\"publisher\":{\"@id\":\"https:\\\/\\\/www.facecorner.lv\\\/#organization\"},\"potentialAction\":[{\"@type\":\"SearchAction\",\"target\":{\"@type\":\"EntryPoint\",\"urlTemplate\":\"https:\\\/\\\/www.facecorner.lv\\\/?s={search_term_string}\"},\"query-input\":{\"@type\":\"PropertyValueSpecification\",\"valueRequired\":true,\"valueName\":\"search_term_string\"}}],\"inLanguage\":\"en-US\"},{\"@type\":\"Organization\",\"@id\":\"https:\\\/\\\/www.facecorner.lv\\\/#organization\",\"name\":\"Facecorner\",\"url\":\"https:\\\/\\\/www.facecorner.lv\\\/\",\"logo\":{\"@type\":\"ImageObject\",\"inLanguage\":\"en-US\",\"@id\":\"https:\\\/\\\/www.facecorner.lv\\\/#\\\/schema\\\/logo\\\/image\\\/\",\"url\":\"https:\\\/\\\/www.facecorner.lv\\\/wp-content\\\/uploads\\\/2024\\\/04\\\/fc-logo.jpg\",\"contentUrl\":\"https:\\\/\\\/www.facecorner.lv\\\/wp-content\\\/uploads\\\/2024\\\/04\\\/fc-logo.jpg\",\"width\":174,\"height\":28,\"caption\":\"Facecorner\"},\"image\":{\"@id\":\"https:\\\/\\\/www.facecorner.lv\\\/#\\\/schema\\\/logo\\\/image\\\/\"},\"sameAs\":[\"https:\\\/\\\/www.facebook.com\\\/profile.php?id=100063824551839\",\"https:\\\/\\\/www.instagram.com\\\/facecorner_shop\\\/\"]}]}<\/script>\n<meta property=\"product:price:amount\" content=\"18.95\" \/>\n<meta property=\"product:price:currency\" content=\"EUR\" \/>\n<meta property=\"og:availability\" content=\"instock\" \/>\n<meta property=\"product:availability\" content=\"instock\" \/>\n<meta property=\"product:condition\" content=\"new\" \/>\n<!-- \/ Yoast SEO plugin. -->","yoast_head_json":{"title":"Dr. Althea Retinol Flat Iron Eye Roller pretnoveco\u0161an\u0101s acu serums 25ml - FACECORNER","description":"Dr. Althea Retinol Flat Iron Eye Roller ir korejie\u0161u pretnoveco\u0161an\u0101s acu serums ar inovat\u012bvu ieb\u016bv\u0113tu met\u0101la gua sha rull\u012b\u0161a aplikatoru, kas nodro\u0161ina prec\u012bzu un higi\u0113nisku seruma ievad\u012b\u0161anu jut\u012bgaj\u0101 acu zon\u0101 bez \u0101das stiep\u0161anas.","robots":{"index":"index","follow":"follow","max-snippet":"max-snippet:-1","max-image-preview":"max-image-preview:large","max-video-preview":"max-video-preview:-1"},"canonical":"https:\/\/www.facecorner.lv\/en\/shop\/dr-althea-retinol-flat-iron-eye-roller-pretnovecosanas-acu-serums-25ml\/","og_locale":"en_US","og_type":"article","og_title":"Dr. Althea Retinol Flat Iron Eye Roller pretnoveco\u0161an\u0101s acu serums 25ml - FACECORNER","og_description":"Dr. Althea Retinol Flat Iron Eye Roller ir korejie\u0161u pretnoveco\u0161an\u0101s acu serums ar inovat\u012bvu ieb\u016bv\u0113tu met\u0101la gua sha rull\u012b\u0161a aplikatoru, kas nodro\u0161ina prec\u012bzu un higi\u0113nisku seruma ievad\u012b\u0161anu jut\u012bgaj\u0101 acu zon\u0101 bez \u0101das stiep\u0161anas.","og_url":"https:\/\/www.facecorner.lv\/en\/shop\/dr-althea-retinol-flat-iron-eye-roller-pretnovecosanas-acu-serums-25ml\/","og_site_name":"FACECORNER","article_publisher":"https:\/\/www.facebook.com\/profile.php?id=100063824551839","article_modified_time":"2026-05-13T12:16:01+00:00","og_image":[{"width":1080,"height":1080,"url":"https:\/\/www.facecorner.lv\/wp-content\/uploads\/2026\/05\/dr-althea-retinol-flat-iron-eye-roller_8809447256658_DarBeauty.webp","type":"image\/webp"}],"twitter_card":"summary_large_image","twitter_misc":{"Price":"&euro;18.95","Availability":"In stock"},"schema":{"@context":"https:\/\/schema.org","@graph":[{"@type":"WebPage","@id":"https:\/\/www.facecorner.lv\/shop\/dr-althea-retinol-flat-iron-eye-roller-pretnovecosanas-acu-serums-25ml\/","url":"https:\/\/www.facecorner.lv\/shop\/dr-althea-retinol-flat-iron-eye-roller-pretnovecosanas-acu-serums-25ml\/","name":"Dr. Althea Retinol Flat Iron Eye Roller pretnoveco\u0161an\u0101s acu serums 25ml - FACECORNER","isPartOf":{"@id":"https:\/\/www.facecorner.lv\/#website"},"primaryImageOfPage":{"@id":"https:\/\/www.facecorner.lv\/shop\/dr-althea-retinol-flat-iron-eye-roller-pretnovecosanas-acu-serums-25ml\/#primaryimage"},"image":{"@id":"https:\/\/www.facecorner.lv\/shop\/dr-althea-retinol-flat-iron-eye-roller-pretnovecosanas-acu-serums-25ml\/#primaryimage"},"thumbnailUrl":"https:\/\/www.facecorner.lv\/wp-content\/uploads\/2026\/05\/dr-althea-retinol-flat-iron-eye-roller_8809447256658_DarBeauty.webp","datePublished":"2026-05-13T12:16:00+00:00","dateModified":"2026-05-13T12:16:01+00:00","description":"Dr. Althea Retinol Flat Iron Eye Roller ir korejie\u0161u pretnoveco\u0161an\u0101s acu serums ar inovat\u012bvu ieb\u016bv\u0113tu met\u0101la gua sha rull\u012b\u0161a aplikatoru, kas nodro\u0161ina prec\u012bzu un higi\u0113nisku seruma ievad\u012b\u0161anu jut\u012bgaj\u0101 acu zon\u0101 bez \u0101das stiep\u0161anas.","breadcrumb":{"@id":"https:\/\/www.facecorner.lv\/shop\/dr-althea-retinol-flat-iron-eye-roller-pretnovecosanas-acu-serums-25ml\/#breadcrumb"},"inLanguage":"en-US","potentialAction":[{"@type":"ReadAction","target":["https:\/\/www.facecorner.lv\/shop\/dr-althea-retinol-flat-iron-eye-roller-pretnovecosanas-acu-serums-25ml\/"]}]},{"@type":"ImageObject","inLanguage":"en-US","@id":"https:\/\/www.facecorner.lv\/shop\/dr-althea-retinol-flat-iron-eye-roller-pretnovecosanas-acu-serums-25ml\/#primaryimage","url":"https:\/\/www.facecorner.lv\/wp-content\/uploads\/2026\/05\/dr-althea-retinol-flat-iron-eye-roller_8809447256658_DarBeauty.webp","contentUrl":"https:\/\/www.facecorner.lv\/wp-content\/uploads\/2026\/05\/dr-althea-retinol-flat-iron-eye-roller_8809447256658_DarBeauty.webp","width":1080,"height":1080,"caption":"Dr. Althea Retinol Flat Iron Eye Roller"},{"@type":"BreadcrumbList","@id":"https:\/\/www.facecorner.lv\/shop\/dr-althea-retinol-flat-iron-eye-roller-pretnovecosanas-acu-serums-25ml\/#breadcrumb","itemListElement":[{"@type":"ListItem","position":1,"name":"Home","item":"https:\/\/www.facecorner.lv\/"},{"@type":"ListItem","position":2,"name":"Veikals","item":"https:\/\/www.facecorner.lv\/shop\/"},{"@type":"ListItem","position":3,"name":"Dr. Althea Retinol Flat Iron Eye Roller pretnoveco\u0161an\u0101s acu serums 25ml"}]},{"@type":"WebSite","@id":"https:\/\/www.facecorner.lv\/#website","url":"https:\/\/www.facecorner.lv\/","name":"Facecorner","description":"","publisher":{"@id":"https:\/\/www.facecorner.lv\/#organization"},"potentialAction":[{"@type":"SearchAction","target":{"@type":"EntryPoint","urlTemplate":"https:\/\/www.facecorner.lv\/?s={search_term_string}"},"query-input":{"@type":"PropertyValueSpecification","valueRequired":true,"valueName":"search_term_string"}}],"inLanguage":"en-US"},{"@type":"Organization","@id":"https:\/\/www.facecorner.lv\/#organization","name":"Facecorner","url":"https:\/\/www.facecorner.lv\/","logo":{"@type":"ImageObject","inLanguage":"en-US","@id":"https:\/\/www.facecorner.lv\/#\/schema\/logo\/image\/","url":"https:\/\/www.facecorner.lv\/wp-content\/uploads\/2024\/04\/fc-logo.jpg","contentUrl":"https:\/\/www.facecorner.lv\/wp-content\/uploads\/2024\/04\/fc-logo.jpg","width":174,"height":28,"caption":"Facecorner"},"image":{"@id":"https:\/\/www.facecorner.lv\/#\/schema\/logo\/image\/"},"sameAs":["https:\/\/www.facebook.com\/profile.php?id=100063824551839","https:\/\/www.instagram.com\/facecorner_shop\/"]}]},"product_price_amount":"18.95","product_price_currency":"EUR","og_availability":"instock","product_availability":"instock","product_condition":"new"},"_links":{"self":[{"href":"https:\/\/www.facecorner.lv\/en\/wp-json\/wp\/v2\/product\/27655","targetHints":{"allow":["GET"]}}],"collection":[{"href":"https:\/\/www.facecorner.lv\/en\/wp-json\/wp\/v2\/product"}],"about":[{"href":"https:\/\/www.facecorner.lv\/en\/wp-json\/wp\/v2\/types\/product"}],"replies":[{"embeddable":true,"href":"https:\/\/www.facecorner.lv\/en\/wp-json\/wp\/v2\/comments?post=27655"}],"wp:featuredmedia":[{"embeddable":true,"href":"https:\/\/www.facecorner.lv\/en\/wp-json\/wp\/v2\/media\/27656"}],"wp:attachment":[{"href":"https:\/\/www.facecorner.lv\/en\/wp-json\/wp\/v2\/media?parent=27655"}],"wp:term":[{"taxonomy":"product_brand","embeddable":true,"href":"https:\/\/www.facecorner.lv\/en\/wp-json\/wp\/v2\/product_brand?post=27655"},{"taxonomy":"product_cat","embeddable":true,"href":"https:\/\/www.facecorner.lv\/en\/wp-json\/wp\/v2\/product_cat?post=27655"},{"taxonomy":"product_tag","embeddable":true,"href":"https:\/\/www.facecorner.lv\/en\/wp-json\/wp\/v2\/product_tag?post=27655"},{"taxonomy":"berocket_brand","embeddable":true,"href":"https:\/\/www.facecorner.lv\/en\/wp-json\/wp\/v2\/berocket_brand?post=27655"}],"curies":[{"name":"wp","href":"https:\/\/api.w.org\/{rel}","templated":true}]}}