{"id":27650,"date":"2026-05-13T14:42:24","date_gmt":"2026-05-13T11:42:24","guid":{"rendered":"https:\/\/www.facecorner.lv\/?post_type=product&#038;p=27650"},"modified":"2026-05-14T11:38:30","modified_gmt":"2026-05-14T08:38:30","slug":"menokin-30-seconds-quick-bubble-mask-burbulu-mitrinosa-un-atjaunojosa-sejas-maska-95ml","status":"publish","type":"product","link":"https:\/\/www.facecorner.lv\/en\/shop\/menokin-30-seconds-quick-bubble-mask-burbulu-mitrinosa-un-atjaunojosa-sejas-maska-95ml\/","title":{"rendered":"Menokin 30 Seconds Quick Bubble Mask burbu\u013cu mitrino\u0161a un atjaunojo\u0161a sejas maska 95ml"},"content":{"rendered":"<p class=\"font-claude-response-body break-words whitespace-normal leading-[1.7]\">Menokin 30 Seconds Quick Bubble Mask REPAIR ir\u00a0 loksnes maskai alternat\u012bva burbul\u012b\u0161u form\u0101, kas darbojas 30 sekun\u017eu laik\u0101 bez noskalo\u0161anas.<\/p>\n<p class=\"font-claude-response-body break-words whitespace-normal leading-[1.7]\">Patent\u0113t\u0101 Micro Bubble Capsule\u2122 tehnolo\u0123ija nodro\u0161ina akt\u012bvo vielu dzi\u013cu iespie\u0161anos \u0101d\u0101 un acumirkl\u012bgu sp\u012bdumu jau p\u0113c pirm\u0101s lieto\u0161anas reizes.<\/p>\n<p class=\"font-claude-response-body break-words whitespace-normal leading-[1.7]\">Viena pudele ir ekvivalenta aptuveni <strong>70 loksnes mask\u0101m<\/strong>.<\/p>\n<h6 class=\"text-text-100 mt-2 -mb-1 text-base font-bold\">Galven\u0101s akt\u012bv\u0101s sast\u0101vda\u013cas:<\/h6>\n<ul>\n<li class=\"font-claude-response-body break-words whitespace-normal leading-[1.7]\"><strong>EGF Liposoma (SH-Oligopeptide-1)<\/strong> \u2014 epidermas aug\u0161anas faktors, kas pal\u012bdz veicin\u0101t \u0101das \u0161\u016bnu atjauno\u0161anos un boj\u0101jumu remont\u0113\u0161anu. Ievietots liposom\u0101s dzi\u013c\u0101kai iespie\u0161an\u0101s sp\u0113jai.<\/li>\n<li class=\"font-claude-response-body break-words whitespace-normal leading-[1.7]\"><strong style=\"font-size: 16px;\">Hialuronsk\u0101be (8 veidi)<\/strong><span style=\"font-size: 16px;\"> \u2014 intens\u012bva mitrin\u0101\u0161ana da\u017e\u0101dos \u0101das sl\u0101\u0146os, ilgsto\u0161a mitruma saglab\u0101\u0161ana.<\/span><\/li>\n<li class=\"font-claude-response-body break-words whitespace-normal leading-[1.7]\"><strong style=\"font-size: 16px;\">Niacinam\u012bds (B3 vitam\u012bns)<\/strong><span style=\"font-size: 16px;\"> \u2014 uzlabo \u0101das toni, samazina tum\u0161os plankumus, stiprina \u0101das barjeru.<\/span><\/li>\n<li class=\"font-claude-response-body break-words whitespace-normal leading-[1.7]\"><strong style=\"font-size: 16px;\">Centella Asiatica ekstrakts un Madecassoside<\/strong><span style=\"font-size: 16px;\"> \u2014 nomierina \u0101du, veicina br\u016b\u010du dz\u012b\u0161anu, antioksidanta iedarb\u012bba.<\/span><\/li>\n<li class=\"font-claude-response-body break-words whitespace-normal leading-[1.7]\"><strong style=\"font-size: 16px;\">Adenos\u012bns<\/strong><span style=\"font-size: 16px;\"> \u2014 samazina grumbu dzi\u013cumu, veicina kolag\u0113na ra\u017eo\u0161anu un audu remont\u0113\u0161anu.<\/span><\/li>\n<li class=\"font-claude-response-body break-words whitespace-normal leading-[1.7]\"><strong style=\"font-size: 16px;\">Myrothamnus Flabellifolia Callus ekstrakts<\/strong><span style=\"font-size: 16px;\"> \u2014 pal\u012bdz atjaunot \u0101das vitalit\u0101ti.<\/span><\/li>\n<\/ul>\n<h6 class=\"text-text-100 mt-2 -mb-1 text-base font-bold\">Lieto\u0161anas veids<\/h6>\n<ol class=\"[li_&amp;]:mb-0 [li_&amp;]:mt-1 [li_&amp;]:gap-1 [&amp;:not(:last-child)_ul]:pb-1 [&amp;:not(:last-child)_ol]:pb-1 list-decimal flex flex-col gap-1 pl-8 mb-3\">\n<li class=\"font-claude-response-body whitespace-normal break-words pl-2\">Izt\u012briet seju un lietojiet toniku.<\/li>\n<li class=\"font-claude-response-body whitespace-normal break-words pl-2\">Pirms katras lieto\u0161anas reizes labi sakratiet pudel\u012bti.<\/li>\n<li class=\"font-claude-response-body whitespace-normal break-words pl-2\">Uzkl\u0101jiet 2\u20133 porcijas uz sejas un viegli iemas\u0113jiet apm\u0113ram 30 sekundes, l\u012bdz burbul\u012b\u0161i piln\u012bb\u0101 uzs\u016bcas \u0101d\u0101.<\/li>\n<li class=\"font-claude-response-body whitespace-normal break-words pl-2\"><strong>Neskalojiet.<\/strong> Turpiniet ar parastajiem \u0101das kop\u0161anas l\u012bdzek\u013ciem.<\/li>\n<\/ol>\n<p class=\"font-claude-response-body break-words whitespace-normal leading-[1.7]\">Var lietot katru dienu \u2014 gan no r\u012bta, gan vakar\u0101.<\/p>\n<h6 class=\"text-text-100 mt-2 -mb-1 text-base font-bold\">Piesardz\u012bbas noteikumi<\/h6>\n<ul class=\"[li_&amp;]:mb-0 [li_&amp;]:mt-1 [li_&amp;]:gap-1 [&amp;:not(:last-child)_ul]:pb-1 [&amp;:not(:last-child)_ol]:pb-1 list-disc flex flex-col gap-1 pl-8 mb-3\">\n<li class=\"font-claude-response-body whitespace-normal break-words pl-2\">Paredz\u0113ts tikai \u0101r\u0113jai lieto\u0161anai.<\/li>\n<li class=\"font-claude-response-body whitespace-normal break-words pl-2\">Izvair\u012bties no saskares ar ac\u012bm. Ja produkts nok\u013c\u016bst ac\u012bs, nekav\u0113joties skalojiet ar \u016bdeni.<\/li>\n<li class=\"font-claude-response-body whitespace-normal break-words pl-2\">Pirms lieto\u0161anas ieteicams veikt tolerances testu uz nedaudzas \u0101das zonas.<\/li>\n<li class=\"font-claude-response-body whitespace-normal break-words pl-2\">Glab\u0101t b\u0113rniem nepieejam\u0101 viet\u0101.<\/li>\n<li class=\"font-claude-response-body whitespace-normal break-words pl-2\">Glab\u0101t v\u0113s\u0101, saus\u0101 viet\u0101, pasarg\u0101t no tie\u0161as saules gaismas.<\/li>\n<li class=\"font-claude-response-body whitespace-normal break-words pl-2\">P\u0101rtrauciet lieto\u0161anu, ja rodas \u0101das kairin\u0101jums.<\/li>\n<\/ul>\n<p><strong>EU atbild\u012bg\u0101 persona:<\/strong> YJN PL 8P 2 0.0.1. S22psla 86, 55080 Katy wrodawskle, dolnosla skie, Polska.\u00a0Jameskim@yjn.or.kr<\/p>\n<p class=\"text-text-100 mt-2 -mb-1 text-base font-bold\"><strong>Sast\u0101vs: <\/strong>Water, Butylene Glycol, Dipropylene Glycol, Propanediol, Glycereth-26, Glycerin, Niacinamide, Polyglyceryl-10 Laurate, Methylpropanediol, Sorbitol, 1,2-Hexanediol, Hydroxyacetophenone, Gossypium Herbaceum (Cotton) Fruit Water, Disodium EDTA, Ethylhexylglycerin, Hydrolyzed Gardenia Florida Extract, Hydrolyzed Malt Extract, Adenosine, Hydrolyzed Viola Tricolor Extract, Malt Extract, Zea Mays (Corn) Kernel Extract, Momordica Charantia Fruit Extract, Althaea Rosea Flower Extract, Hyaluronic Acid, Hydrolyzed Hyaluronic Acid, Hibiscus Syriacus Bark Extract, Sodium Hyaluronate, Fructan, Pentylene Glycol, Citric Acid, Glucose, Sodium Citrate, Myrothamnus Flabellifolia Callus Culture Extract, Caprylyl Glycol, Hydrogenated Lecithin, Sodium Phosphate, SH-Oligopeptide-1<\/p>\n","protected":false},"excerpt":{"rendered":"<p>Menokin 30 Seconds Quick Bubble Mask REPAIR ir\u00a0 loksnes maskai alternat\u012bva burbul\u012b\u0161u form\u0101, kas darbojas 30 sekun\u017eu laik\u0101 bez noskalo\u0161anas.<\/p>","protected":false},"featured_media":27651,"comment_status":"open","ping_status":"closed","template":"","meta":{"site-sidebar-layout":"default","site-content-layout":"","ast-site-content-layout":"default","site-content-style":"default","site-sidebar-style":"default","ast-global-header-display":"","ast-banner-title-visibility":"","ast-main-header-display":"","ast-hfb-above-header-display":"","ast-hfb-below-header-display":"","ast-hfb-mobile-header-display":"","site-post-title":"","ast-breadcrumbs-content":"","ast-featured-img":"","footer-sml-layout":"","theme-transparent-header-meta":"default","adv-header-id-meta":"","stick-header-meta":"","header-above-stick-meta":"","header-main-stick-meta":"","header-below-stick-meta":"","astra-migrate-meta-layouts":"set","ast-page-background-enabled":"default","ast-page-background-meta":{"desktop":{"background-color":"var(--ast-global-color-4)","background-image":"","background-repeat":"repeat","background-position":"center center","background-size":"auto","background-attachment":"scroll","background-type":"","background-media":"","overlay-type":"","overlay-color":"","overlay-opacity":"","overlay-gradient":""},"tablet":{"background-color":"","background-image":"","background-repeat":"repeat","background-position":"center center","background-size":"auto","background-attachment":"scroll","background-type":"","background-media":"","overlay-type":"","overlay-color":"","overlay-opacity":"","overlay-gradient":""},"mobile":{"background-color":"","background-image":"","background-repeat":"repeat","background-position":"center center","background-size":"auto","background-attachment":"scroll","background-type":"","background-media":"","overlay-type":"","overlay-color":"","overlay-opacity":"","overlay-gradient":""}},"ast-content-background-meta":{"desktop":{"background-color":"var(--ast-global-color-5)","background-image":"","background-repeat":"repeat","background-position":"center center","background-size":"auto","background-attachment":"scroll","background-type":"","background-media":"","overlay-type":"","overlay-color":"","overlay-opacity":"","overlay-gradient":""},"tablet":{"background-color":"var(--ast-global-color-5)","background-image":"","background-repeat":"repeat","background-position":"center center","background-size":"auto","background-attachment":"scroll","background-type":"","background-media":"","overlay-type":"","overlay-color":"","overlay-opacity":"","overlay-gradient":""},"mobile":{"background-color":"var(--ast-global-color-5)","background-image":"","background-repeat":"repeat","background-position":"center center","background-size":"auto","background-attachment":"scroll","background-type":"","background-media":"","overlay-type":"","overlay-color":"","overlay-opacity":"","overlay-gradient":""}}},"product_brand":[],"product_cat":[326],"product_tag":[],"berocket_brand":[684],"class_list":{"0":"post-27650","1":"product","2":"type-product","3":"status-publish","4":"has-post-thumbnail","6":"product_cat-mitrinosas","7":"berocket_brand-menokin","8":"desktop-align-left","9":"tablet-align-left","10":"mobile-align-left","12":"first","13":"instock","14":"taxable","15":"shipping-taxable","16":"purchasable","17":"product-type-simple","18":"add-to-wishlist-before_image"},"yoast_head":"<!-- This site is optimized with the Yoast SEO plugin v27.4 - https:\/\/yoast.com\/product\/yoast-seo-wordpress\/ -->\n<title>Menokin 30 Seconds Quick Bubble Mask burbu\u013cu mitrino\u0161a un atjaunojo\u0161a sejas maska 95ml - FACECORNER<\/title>\n<meta name=\"description\" content=\"Menokin 30 Seconds Quick Bubble Mask REPAIR ir\u00a0 loksnes maskai alternat\u012bva burbul\u012b\u0161u form\u0101, kas darbojas 30 sekun\u017eu laik\u0101 bez noskalo\u0161anas.\" \/>\n<meta name=\"robots\" content=\"index, follow, max-snippet:-1, max-image-preview:large, max-video-preview:-1\" \/>\n<link rel=\"canonical\" href=\"https:\/\/www.facecorner.lv\/en\/shop\/menokin-30-seconds-quick-bubble-mask-burbulu-mitrinosa-un-atjaunojosa-sejas-maska-95ml\/\" \/>\n<meta property=\"og:locale\" content=\"en_US\" \/>\n<meta property=\"og:type\" content=\"article\" \/>\n<meta property=\"og:title\" content=\"Menokin 30 Seconds Quick Bubble Mask burbu\u013cu mitrino\u0161a un atjaunojo\u0161a sejas maska 95ml - FACECORNER\" \/>\n<meta property=\"og:description\" content=\"Menokin 30 Seconds Quick Bubble Mask REPAIR ir\u00a0 loksnes maskai alternat\u012bva burbul\u012b\u0161u form\u0101, kas darbojas 30 sekun\u017eu laik\u0101 bez noskalo\u0161anas.\" \/>\n<meta property=\"og:url\" content=\"https:\/\/www.facecorner.lv\/en\/shop\/menokin-30-seconds-quick-bubble-mask-burbulu-mitrinosa-un-atjaunojosa-sejas-maska-95ml\/\" \/>\n<meta property=\"og:site_name\" content=\"FACECORNER\" \/>\n<meta property=\"article:publisher\" content=\"https:\/\/www.facebook.com\/profile.php?id=100063824551839\" \/>\n<meta property=\"article:modified_time\" content=\"2026-05-14T08:38:30+00:00\" \/>\n<meta property=\"og:image\" content=\"https:\/\/www.facecorner.lv\/wp-content\/uploads\/2026\/05\/61op43wCTJL.jpg\" \/>\n\t<meta property=\"og:image:width\" content=\"2560\" \/>\n\t<meta property=\"og:image:height\" content=\"2560\" \/>\n\t<meta property=\"og:image:type\" content=\"image\/jpeg\" \/>\n<meta name=\"twitter:card\" content=\"summary_large_image\" \/>\n<meta name=\"twitter:label1\" content=\"Price\" \/>\n\t<meta name=\"twitter:data1\" content=\"&euro;26.95\" \/>\n\t<meta name=\"twitter:label2\" content=\"Availability\" \/>\n\t<meta name=\"twitter:data2\" content=\"In stock\" \/>\n<script type=\"application\/ld+json\" class=\"yoast-schema-graph\">{\"@context\":\"https:\\\/\\\/schema.org\",\"@graph\":[{\"@type\":\"WebPage\",\"@id\":\"https:\\\/\\\/www.facecorner.lv\\\/shop\\\/menokin-30-seconds-quick-bubble-mask-burbulu-mitrinosa-un-atjaunojosa-sejas-maska-95ml\\\/\",\"url\":\"https:\\\/\\\/www.facecorner.lv\\\/shop\\\/menokin-30-seconds-quick-bubble-mask-burbulu-mitrinosa-un-atjaunojosa-sejas-maska-95ml\\\/\",\"name\":\"Menokin 30 Seconds Quick Bubble Mask burbu\u013cu mitrino\u0161a un atjaunojo\u0161a sejas maska 95ml - FACECORNER\",\"isPartOf\":{\"@id\":\"https:\\\/\\\/www.facecorner.lv\\\/#website\"},\"primaryImageOfPage\":{\"@id\":\"https:\\\/\\\/www.facecorner.lv\\\/shop\\\/menokin-30-seconds-quick-bubble-mask-burbulu-mitrinosa-un-atjaunojosa-sejas-maska-95ml\\\/#primaryimage\"},\"image\":{\"@id\":\"https:\\\/\\\/www.facecorner.lv\\\/shop\\\/menokin-30-seconds-quick-bubble-mask-burbulu-mitrinosa-un-atjaunojosa-sejas-maska-95ml\\\/#primaryimage\"},\"thumbnailUrl\":\"https:\\\/\\\/www.facecorner.lv\\\/wp-content\\\/uploads\\\/2026\\\/05\\\/61op43wCTJL.jpg\",\"datePublished\":\"2026-05-13T11:42:24+00:00\",\"dateModified\":\"2026-05-14T08:38:30+00:00\",\"description\":\"Menokin 30 Seconds Quick Bubble Mask REPAIR ir\u00a0 loksnes maskai alternat\u012bva burbul\u012b\u0161u form\u0101, kas darbojas 30 sekun\u017eu laik\u0101 bez noskalo\u0161anas.\",\"breadcrumb\":{\"@id\":\"https:\\\/\\\/www.facecorner.lv\\\/shop\\\/menokin-30-seconds-quick-bubble-mask-burbulu-mitrinosa-un-atjaunojosa-sejas-maska-95ml\\\/#breadcrumb\"},\"inLanguage\":\"en-US\",\"potentialAction\":[{\"@type\":\"ReadAction\",\"target\":[\"https:\\\/\\\/www.facecorner.lv\\\/shop\\\/menokin-30-seconds-quick-bubble-mask-burbulu-mitrinosa-un-atjaunojosa-sejas-maska-95ml\\\/\"]}]},{\"@type\":\"ImageObject\",\"inLanguage\":\"en-US\",\"@id\":\"https:\\\/\\\/www.facecorner.lv\\\/shop\\\/menokin-30-seconds-quick-bubble-mask-burbulu-mitrinosa-un-atjaunojosa-sejas-maska-95ml\\\/#primaryimage\",\"url\":\"https:\\\/\\\/www.facecorner.lv\\\/wp-content\\\/uploads\\\/2026\\\/05\\\/61op43wCTJL.jpg\",\"contentUrl\":\"https:\\\/\\\/www.facecorner.lv\\\/wp-content\\\/uploads\\\/2026\\\/05\\\/61op43wCTJL.jpg\",\"width\":2560,\"height\":2560,\"caption\":\"Menokin 30 Seconds Quick Bubble Mask\"},{\"@type\":\"BreadcrumbList\",\"@id\":\"https:\\\/\\\/www.facecorner.lv\\\/shop\\\/menokin-30-seconds-quick-bubble-mask-burbulu-mitrinosa-un-atjaunojosa-sejas-maska-95ml\\\/#breadcrumb\",\"itemListElement\":[{\"@type\":\"ListItem\",\"position\":1,\"name\":\"Home\",\"item\":\"https:\\\/\\\/www.facecorner.lv\\\/\"},{\"@type\":\"ListItem\",\"position\":2,\"name\":\"Veikals\",\"item\":\"https:\\\/\\\/www.facecorner.lv\\\/shop\\\/\"},{\"@type\":\"ListItem\",\"position\":3,\"name\":\"Menokin 30 Seconds Quick Bubble Mask burbu\u013cu mitrino\u0161a un atjaunojo\u0161a sejas maska 95ml\"}]},{\"@type\":\"WebSite\",\"@id\":\"https:\\\/\\\/www.facecorner.lv\\\/#website\",\"url\":\"https:\\\/\\\/www.facecorner.lv\\\/\",\"name\":\"Facecorner\",\"description\":\"\",\"publisher\":{\"@id\":\"https:\\\/\\\/www.facecorner.lv\\\/#organization\"},\"potentialAction\":[{\"@type\":\"SearchAction\",\"target\":{\"@type\":\"EntryPoint\",\"urlTemplate\":\"https:\\\/\\\/www.facecorner.lv\\\/?s={search_term_string}\"},\"query-input\":{\"@type\":\"PropertyValueSpecification\",\"valueRequired\":true,\"valueName\":\"search_term_string\"}}],\"inLanguage\":\"en-US\"},{\"@type\":\"Organization\",\"@id\":\"https:\\\/\\\/www.facecorner.lv\\\/#organization\",\"name\":\"Facecorner\",\"url\":\"https:\\\/\\\/www.facecorner.lv\\\/\",\"logo\":{\"@type\":\"ImageObject\",\"inLanguage\":\"en-US\",\"@id\":\"https:\\\/\\\/www.facecorner.lv\\\/#\\\/schema\\\/logo\\\/image\\\/\",\"url\":\"https:\\\/\\\/www.facecorner.lv\\\/wp-content\\\/uploads\\\/2024\\\/04\\\/fc-logo.jpg\",\"contentUrl\":\"https:\\\/\\\/www.facecorner.lv\\\/wp-content\\\/uploads\\\/2024\\\/04\\\/fc-logo.jpg\",\"width\":174,\"height\":28,\"caption\":\"Facecorner\"},\"image\":{\"@id\":\"https:\\\/\\\/www.facecorner.lv\\\/#\\\/schema\\\/logo\\\/image\\\/\"},\"sameAs\":[\"https:\\\/\\\/www.facebook.com\\\/profile.php?id=100063824551839\",\"https:\\\/\\\/www.instagram.com\\\/facecorner_shop\\\/\"]}]}<\/script>\n<meta property=\"product:price:amount\" content=\"26.95\" \/>\n<meta property=\"product:price:currency\" content=\"EUR\" \/>\n<meta property=\"og:availability\" content=\"instock\" \/>\n<meta property=\"product:availability\" content=\"instock\" \/>\n<meta property=\"product:condition\" content=\"new\" \/>\n<!-- \/ Yoast SEO plugin. -->","yoast_head_json":{"title":"Menokin 30 Seconds Quick Bubble Mask burbu\u013cu mitrino\u0161a un atjaunojo\u0161a sejas maska 95ml - FACECORNER","description":"Menokin 30 Seconds Quick Bubble Mask REPAIR ir\u00a0 loksnes maskai alternat\u012bva burbul\u012b\u0161u form\u0101, kas darbojas 30 sekun\u017eu laik\u0101 bez noskalo\u0161anas.","robots":{"index":"index","follow":"follow","max-snippet":"max-snippet:-1","max-image-preview":"max-image-preview:large","max-video-preview":"max-video-preview:-1"},"canonical":"https:\/\/www.facecorner.lv\/en\/shop\/menokin-30-seconds-quick-bubble-mask-burbulu-mitrinosa-un-atjaunojosa-sejas-maska-95ml\/","og_locale":"en_US","og_type":"article","og_title":"Menokin 30 Seconds Quick Bubble Mask burbu\u013cu mitrino\u0161a un atjaunojo\u0161a sejas maska 95ml - FACECORNER","og_description":"Menokin 30 Seconds Quick Bubble Mask REPAIR ir\u00a0 loksnes maskai alternat\u012bva burbul\u012b\u0161u form\u0101, kas darbojas 30 sekun\u017eu laik\u0101 bez noskalo\u0161anas.","og_url":"https:\/\/www.facecorner.lv\/en\/shop\/menokin-30-seconds-quick-bubble-mask-burbulu-mitrinosa-un-atjaunojosa-sejas-maska-95ml\/","og_site_name":"FACECORNER","article_publisher":"https:\/\/www.facebook.com\/profile.php?id=100063824551839","article_modified_time":"2026-05-14T08:38:30+00:00","og_image":[{"width":2560,"height":2560,"url":"https:\/\/www.facecorner.lv\/wp-content\/uploads\/2026\/05\/61op43wCTJL.jpg","type":"image\/jpeg"}],"twitter_card":"summary_large_image","twitter_misc":{"Price":"&euro;26.95","Availability":"In stock"},"schema":{"@context":"https:\/\/schema.org","@graph":[{"@type":"WebPage","@id":"https:\/\/www.facecorner.lv\/shop\/menokin-30-seconds-quick-bubble-mask-burbulu-mitrinosa-un-atjaunojosa-sejas-maska-95ml\/","url":"https:\/\/www.facecorner.lv\/shop\/menokin-30-seconds-quick-bubble-mask-burbulu-mitrinosa-un-atjaunojosa-sejas-maska-95ml\/","name":"Menokin 30 Seconds Quick Bubble Mask burbu\u013cu mitrino\u0161a un atjaunojo\u0161a sejas maska 95ml - FACECORNER","isPartOf":{"@id":"https:\/\/www.facecorner.lv\/#website"},"primaryImageOfPage":{"@id":"https:\/\/www.facecorner.lv\/shop\/menokin-30-seconds-quick-bubble-mask-burbulu-mitrinosa-un-atjaunojosa-sejas-maska-95ml\/#primaryimage"},"image":{"@id":"https:\/\/www.facecorner.lv\/shop\/menokin-30-seconds-quick-bubble-mask-burbulu-mitrinosa-un-atjaunojosa-sejas-maska-95ml\/#primaryimage"},"thumbnailUrl":"https:\/\/www.facecorner.lv\/wp-content\/uploads\/2026\/05\/61op43wCTJL.jpg","datePublished":"2026-05-13T11:42:24+00:00","dateModified":"2026-05-14T08:38:30+00:00","description":"Menokin 30 Seconds Quick Bubble Mask REPAIR ir\u00a0 loksnes maskai alternat\u012bva burbul\u012b\u0161u form\u0101, kas darbojas 30 sekun\u017eu laik\u0101 bez noskalo\u0161anas.","breadcrumb":{"@id":"https:\/\/www.facecorner.lv\/shop\/menokin-30-seconds-quick-bubble-mask-burbulu-mitrinosa-un-atjaunojosa-sejas-maska-95ml\/#breadcrumb"},"inLanguage":"en-US","potentialAction":[{"@type":"ReadAction","target":["https:\/\/www.facecorner.lv\/shop\/menokin-30-seconds-quick-bubble-mask-burbulu-mitrinosa-un-atjaunojosa-sejas-maska-95ml\/"]}]},{"@type":"ImageObject","inLanguage":"en-US","@id":"https:\/\/www.facecorner.lv\/shop\/menokin-30-seconds-quick-bubble-mask-burbulu-mitrinosa-un-atjaunojosa-sejas-maska-95ml\/#primaryimage","url":"https:\/\/www.facecorner.lv\/wp-content\/uploads\/2026\/05\/61op43wCTJL.jpg","contentUrl":"https:\/\/www.facecorner.lv\/wp-content\/uploads\/2026\/05\/61op43wCTJL.jpg","width":2560,"height":2560,"caption":"Menokin 30 Seconds Quick Bubble Mask"},{"@type":"BreadcrumbList","@id":"https:\/\/www.facecorner.lv\/shop\/menokin-30-seconds-quick-bubble-mask-burbulu-mitrinosa-un-atjaunojosa-sejas-maska-95ml\/#breadcrumb","itemListElement":[{"@type":"ListItem","position":1,"name":"Home","item":"https:\/\/www.facecorner.lv\/"},{"@type":"ListItem","position":2,"name":"Veikals","item":"https:\/\/www.facecorner.lv\/shop\/"},{"@type":"ListItem","position":3,"name":"Menokin 30 Seconds Quick Bubble Mask burbu\u013cu mitrino\u0161a un atjaunojo\u0161a sejas maska 95ml"}]},{"@type":"WebSite","@id":"https:\/\/www.facecorner.lv\/#website","url":"https:\/\/www.facecorner.lv\/","name":"Facecorner","description":"","publisher":{"@id":"https:\/\/www.facecorner.lv\/#organization"},"potentialAction":[{"@type":"SearchAction","target":{"@type":"EntryPoint","urlTemplate":"https:\/\/www.facecorner.lv\/?s={search_term_string}"},"query-input":{"@type":"PropertyValueSpecification","valueRequired":true,"valueName":"search_term_string"}}],"inLanguage":"en-US"},{"@type":"Organization","@id":"https:\/\/www.facecorner.lv\/#organization","name":"Facecorner","url":"https:\/\/www.facecorner.lv\/","logo":{"@type":"ImageObject","inLanguage":"en-US","@id":"https:\/\/www.facecorner.lv\/#\/schema\/logo\/image\/","url":"https:\/\/www.facecorner.lv\/wp-content\/uploads\/2024\/04\/fc-logo.jpg","contentUrl":"https:\/\/www.facecorner.lv\/wp-content\/uploads\/2024\/04\/fc-logo.jpg","width":174,"height":28,"caption":"Facecorner"},"image":{"@id":"https:\/\/www.facecorner.lv\/#\/schema\/logo\/image\/"},"sameAs":["https:\/\/www.facebook.com\/profile.php?id=100063824551839","https:\/\/www.instagram.com\/facecorner_shop\/"]}]},"product_price_amount":"26.95","product_price_currency":"EUR","og_availability":"instock","product_availability":"instock","product_condition":"new"},"_links":{"self":[{"href":"https:\/\/www.facecorner.lv\/en\/wp-json\/wp\/v2\/product\/27650","targetHints":{"allow":["GET"]}}],"collection":[{"href":"https:\/\/www.facecorner.lv\/en\/wp-json\/wp\/v2\/product"}],"about":[{"href":"https:\/\/www.facecorner.lv\/en\/wp-json\/wp\/v2\/types\/product"}],"replies":[{"embeddable":true,"href":"https:\/\/www.facecorner.lv\/en\/wp-json\/wp\/v2\/comments?post=27650"}],"wp:featuredmedia":[{"embeddable":true,"href":"https:\/\/www.facecorner.lv\/en\/wp-json\/wp\/v2\/media\/27651"}],"wp:attachment":[{"href":"https:\/\/www.facecorner.lv\/en\/wp-json\/wp\/v2\/media?parent=27650"}],"wp:term":[{"taxonomy":"product_brand","embeddable":true,"href":"https:\/\/www.facecorner.lv\/en\/wp-json\/wp\/v2\/product_brand?post=27650"},{"taxonomy":"product_cat","embeddable":true,"href":"https:\/\/www.facecorner.lv\/en\/wp-json\/wp\/v2\/product_cat?post=27650"},{"taxonomy":"product_tag","embeddable":true,"href":"https:\/\/www.facecorner.lv\/en\/wp-json\/wp\/v2\/product_tag?post=27650"},{"taxonomy":"berocket_brand","embeddable":true,"href":"https:\/\/www.facecorner.lv\/en\/wp-json\/wp\/v2\/berocket_brand?post=27650"}],"curies":[{"name":"wp","href":"https:\/\/api.w.org\/{rel}","templated":true}]}}