{"id":27603,"date":"2026-05-07T14:37:00","date_gmt":"2026-05-07T11:37:00","guid":{"rendered":"https:\/\/www.facecorner.lv\/?post_type=product&#038;p=27603"},"modified":"2026-05-07T14:44:26","modified_gmt":"2026-05-07T11:44:26","slug":"dr-nineteen-porexsome-vita-aha-dual-effect-cleanser-gels-putas-ar-aha-skabem-un-c-vitaminu-150ml","status":"publish","type":"product","link":"https:\/\/www.facecorner.lv\/en\/shop\/dr-nineteen-porexsome-vita-aha-dual-effect-cleanser-gels-putas-ar-aha-skabem-un-c-vitaminu-150ml\/","title":{"rendered":"Dr.nineteen PoreXsome Vita AHA Dual Effect Cleanser g\u0113ls-putas ar AHA sk\u0101b\u0113m un C vitam\u012bnu 150ml"},"content":{"rendered":"<p>Dr.nineteen PoreXsome Vita AHA Dual Effect Cleanser \u00a0g\u0113ls-putas ar AHA sk\u0101b\u0113m un C vitam\u012bnu, kas izstr\u0101d\u0101ts poru dzi\u013cai att\u012br\u012b\u0161anai, maigai \u0101das atjauno\u0161anai un t\u0101s tonusa uzlabo\u0161anai.<\/p>\n<p>L\u012bdzeklis apvieno sejas mazg\u0101\u0161anas un vieglas p\u012blinga funkcijas, pal\u012bdzot no\u0146emt lieko sebumu, net\u012brumus un atmiru\u0161\u0101s \u0161\u016bnas jau pirmaj\u0101 kop\u0161anas posm\u0101.<\/p>\n<p>\u0160\u012b formula ir paredz\u0113ta, lai izl\u012bdzin\u0101tu \u0101das tekst\u016bru, samazin\u0101tu poru redzam\u012bbu un pie\u0161\u0137irtu \u0101dai svaig\u0101ku un mirdzo\u0161\u0101ku izskatu. Piem\u0113rota ikdienas lieto\u0161anai norm\u0101lai un taukainai \u0101dai, k\u0101 ar\u012b bl\u0101vai un nevienm\u0113r\u012bgai \u0101das kr\u0101sai.<\/p>\n<p><strong>Priek\u0161roc\u012bbas:<\/strong><\/p>\n<ul>\n<li>Dzi\u013ci att\u012bra poras un no\u0146em net\u012brumus<\/li>\n<li>Maigi eksfoli\u0113, pateicoties AHA sk\u0101b\u0113m<\/li>\n<li>Pal\u012bdz izl\u012bdzin\u0101t \u0101das toni un mazin\u0101t bl\u0101vumu<\/li>\n<li>Samazina lieko sebuma veido\u0161anos<\/li>\n<li>Padara \u0101du glud\u0101ku un svaig\u0101ku<\/li>\n<li>Regul\u0101ri lietojot, pal\u012bdz saglab\u0101t poru t\u012br\u012bbu un sa\u0161aurin\u0101t t\u0101s<\/li>\n<\/ul>\n<p><strong>How to use:\nAfter cleansing and toning, place the mask sheet on your face and let it rest for 30 minutes.<\/strong> Uzkl\u0101jiet nelielu daudzumu uz sausas sejas \u0101das. Viegli samitriniet rokas un iemas\u0113jiet, p\u0113c tam pievienojiet \u016bdeni, l\u012bdz veidojas maiga putas. R\u016bp\u012bgi noskalojiet ar siltu \u016bdeni. Lietojiet 1\u20132 reizes dien\u0101 atkar\u012bb\u0101 no \u0101das jut\u012bguma.<\/p>\n<p><strong>Sast\u0101vs:\u00a0<\/strong>Water, Myristic Acid, Glycerin, Stearic Acid, Potassium Hydroxide, PEG-32, Palmitic Acid, Microcrystalline Cellulose, Lauric Acid, PEG-8, Potassium Cocoyl Glycinate, Cocamidopropyl Betaine, Glycol Distearate, Glycine Soja (Soybean) Seed Extract, Quillaja Saponaria Bark Extract, Cynanchum Atratum Extract, Althaea Rosea Flower Extract, Oxygen, Aloe Barbadensis Extract, Glyceryl Stearate, PEG-100 Stearate, Glycol Stearate, Coco-Glucoside, Acrylates\/C10-30 Alkyl Acrylate Crosspolymer, Sodium Chloride, Sodium Cocoyl Isethionate, Silica, Sodium Phytate, 1,2-Hexanediol, Butylene Glycol, Ascorbic Acid, Pentylene Glycol, Citric Acid, Octanediol, Glycolic Acid, Ethylhexylglycerin, Tannic Acid, Disodium EDTA<\/p>\n<p><strong>Atbild\u012bga persona: <\/strong><span style=\"font-size: 16px;\">CDRI GERMANY GmbH,Am Kronberger Hang 2, 65824 Schwalbach am Taunus,Germany,eu.cs@cdri.pro.<\/span><\/p>\n<p><strong>Precautions:<\/strong><\/p>\n<ul>\n<li>Tikai \u0101r\u0113jai lieto\u0161anai.<\/li>\n<li>Izvair\u012bties no saskares ar ac\u012bm. Ja produkts nok\u013c\u016bst ac\u012bs, r\u016bp\u012bgi izskalot ar \u016bdeni.<\/li>\n<li>Nelietot uz boj\u0101tas vai stipri kairin\u0101tas \u0101das.<\/li>\n<li>Ja par\u0101d\u0101s dedzin\u0101\u0161ana, aps\u0101rtums vai sausums, samaziniet lieto\u0161anas bie\u017eumu vai p\u0101rtrauciet lieto\u0161anu.<\/li>\n<li>Ja \u0101da ir jut\u012bga, vien\u0101 kop\u0161anas proced\u016br\u0101 nelietojiet kop\u0101 ar cit\u0101m sp\u0113c\u012bg\u0101m sk\u0101b\u0113m vai retino\u012bdiem.<\/li>\n<li>Regul\u0101ri lietojot sk\u0101bes, dienas laik\u0101 oblig\u0101ti lietojiet SPF.<\/li>\n<li>Glab\u0101jiet b\u0113rniem nepieejam\u0101 viet\u0101, t\u0101lu no tie\u0161as saules un augst\u0101m temperat\u016br\u0101m.<\/li>\n<\/ul>\n<div class=\"woocommerce-tabs wc-tabs-wrapper\">\n<div id=\"tab-description\" class=\"woocommerce-Tabs-panel woocommerce-Tabs-panel--description panel entry-content wc-tab\" role=\"tabpanel\" aria-labelledby=\"tab-title-description\">\n<p>&nbsp;<\/p>\n<\/div>\n<\/div>","protected":false},"excerpt":{"rendered":"<p>Dr.nineteen PoreXsome Vita AHA Dual Effect Cleanser \u00a0g\u0113ls-putas ar AHA sk\u0101b\u0113m un C vitam\u012bnu, kas izstr\u0101d\u0101ts poru dzi\u013cai att\u012br\u012b\u0161anai, maigai \u0101das atjauno\u0161anai un t\u0101s tonusa uzlabo\u0161anai.<\/p>","protected":false},"featured_media":27604,"comment_status":"open","ping_status":"closed","template":"","meta":{"site-sidebar-layout":"default","site-content-layout":"","ast-site-content-layout":"default","site-content-style":"default","site-sidebar-style":"default","ast-global-header-display":"","ast-banner-title-visibility":"","ast-main-header-display":"","ast-hfb-above-header-display":"","ast-hfb-below-header-display":"","ast-hfb-mobile-header-display":"","site-post-title":"","ast-breadcrumbs-content":"","ast-featured-img":"","footer-sml-layout":"","theme-transparent-header-meta":"default","adv-header-id-meta":"","stick-header-meta":"","header-above-stick-meta":"","header-main-stick-meta":"","header-below-stick-meta":"","astra-migrate-meta-layouts":"set","ast-page-background-enabled":"default","ast-page-background-meta":{"desktop":{"background-color":"var(--ast-global-color-4)","background-image":"","background-repeat":"repeat","background-position":"center center","background-size":"auto","background-attachment":"scroll","background-type":"","background-media":"","overlay-type":"","overlay-color":"","overlay-opacity":"","overlay-gradient":""},"tablet":{"background-color":"","background-image":"","background-repeat":"repeat","background-position":"center center","background-size":"auto","background-attachment":"scroll","background-type":"","background-media":"","overlay-type":"","overlay-color":"","overlay-opacity":"","overlay-gradient":""},"mobile":{"background-color":"","background-image":"","background-repeat":"repeat","background-position":"center center","background-size":"auto","background-attachment":"scroll","background-type":"","background-media":"","overlay-type":"","overlay-color":"","overlay-opacity":"","overlay-gradient":""}},"ast-content-background-meta":{"desktop":{"background-color":"var(--ast-global-color-5)","background-image":"","background-repeat":"repeat","background-position":"center center","background-size":"auto","background-attachment":"scroll","background-type":"","background-media":"","overlay-type":"","overlay-color":"","overlay-opacity":"","overlay-gradient":""},"tablet":{"background-color":"var(--ast-global-color-5)","background-image":"","background-repeat":"repeat","background-position":"center center","background-size":"auto","background-attachment":"scroll","background-type":"","background-media":"","overlay-type":"","overlay-color":"","overlay-opacity":"","overlay-gradient":""},"mobile":{"background-color":"var(--ast-global-color-5)","background-image":"","background-repeat":"repeat","background-position":"center center","background-size":"auto","background-attachment":"scroll","background-type":"","background-media":"","overlay-type":"","overlay-color":"","overlay-opacity":"","overlay-gradient":""}}},"product_brand":[],"product_cat":[310,311,312,652,313,317],"product_tag":[],"berocket_brand":[693],"class_list":{"0":"post-27603","1":"product","2":"type-product","3":"status-publish","4":"has-post-thumbnail","6":"product_cat-attirisana","7":"product_cat-jutigai-adai-attirisana","8":"product_cat-kombinetai-adai-attirisana","9":"product_cat-pdrn","10":"product_cat-problematiskai-adai-attirisana","11":"product_cat-sausai-adai-attirisana","12":"berocket_brand-dr-nineteen","13":"desktop-align-left","14":"tablet-align-left","15":"mobile-align-left","17":"first","18":"instock","19":"taxable","20":"shipping-taxable","21":"purchasable","22":"product-type-simple","23":"add-to-wishlist-before_image"},"yoast_head":"<!-- This site is optimized with the Yoast SEO plugin v27.4 - https:\/\/yoast.com\/product\/yoast-seo-wordpress\/ -->\n<title>Dr.nineteen PoreXsome Vita AHA Dual Effect Cleanser g\u0113ls-putas ar AHA sk\u0101b\u0113m un C vitam\u012bnu 150ml - FACECORNER<\/title>\n<meta name=\"description\" content=\"Dr.nineteen PoreXsome Vita AHA Dual Effect Cleanser \u00a0g\u0113ls-putas ar AHA sk\u0101b\u0113m un C vitam\u012bnu, kas izstr\u0101d\u0101ts poru dzi\u013cai att\u012br\u012b\u0161anai, maigai \u0101das atjauno\u0161anai un t\u0101s tonusa uzlabo\u0161anai.\" \/>\n<meta name=\"robots\" content=\"index, follow, max-snippet:-1, max-image-preview:large, max-video-preview:-1\" \/>\n<link rel=\"canonical\" href=\"https:\/\/www.facecorner.lv\/en\/shop\/dr-nineteen-porexsome-vita-aha-dual-effect-cleanser-gels-putas-ar-aha-skabem-un-c-vitaminu-150ml\/\" \/>\n<meta property=\"og:locale\" content=\"en_US\" \/>\n<meta property=\"og:type\" content=\"article\" \/>\n<meta property=\"og:title\" content=\"Dr.nineteen PoreXsome Vita AHA Dual Effect Cleanser g\u0113ls-putas ar AHA sk\u0101b\u0113m un C vitam\u012bnu 150ml - FACECORNER\" \/>\n<meta property=\"og:description\" content=\"Dr.nineteen PoreXsome Vita AHA Dual Effect Cleanser \u00a0g\u0113ls-putas ar AHA sk\u0101b\u0113m un C vitam\u012bnu, kas izstr\u0101d\u0101ts poru dzi\u013cai att\u012br\u012b\u0161anai, maigai \u0101das atjauno\u0161anai un t\u0101s tonusa uzlabo\u0161anai.\" \/>\n<meta property=\"og:url\" content=\"https:\/\/www.facecorner.lv\/en\/shop\/dr-nineteen-porexsome-vita-aha-dual-effect-cleanser-gels-putas-ar-aha-skabem-un-c-vitaminu-150ml\/\" \/>\n<meta property=\"og:site_name\" content=\"FACECORNER\" \/>\n<meta property=\"article:publisher\" content=\"https:\/\/www.facebook.com\/profile.php?id=100063824551839\" \/>\n<meta property=\"article:modified_time\" content=\"2026-05-07T11:44:26+00:00\" \/>\n<meta property=\"og:image\" content=\"https:\/\/www.facecorner.lv\/wp-content\/uploads\/2026\/05\/XXL_p0223636523.webp\" \/>\n\t<meta property=\"og:image:width\" content=\"640\" \/>\n\t<meta property=\"og:image:height\" content=\"640\" \/>\n\t<meta property=\"og:image:type\" content=\"image\/webp\" \/>\n<meta name=\"twitter:card\" content=\"summary_large_image\" \/>\n<meta name=\"twitter:label1\" content=\"Price\" \/>\n\t<meta name=\"twitter:data1\" content=\"&euro;19.95\" \/>\n\t<meta name=\"twitter:label2\" content=\"Availability\" \/>\n\t<meta name=\"twitter:data2\" content=\"In stock\" \/>\n<script type=\"application\/ld+json\" class=\"yoast-schema-graph\">{\"@context\":\"https:\\\/\\\/schema.org\",\"@graph\":[{\"@type\":\"WebPage\",\"@id\":\"https:\\\/\\\/www.facecorner.lv\\\/shop\\\/dr-nineteen-porexsome-vita-aha-dual-effect-cleanser-gels-putas-ar-aha-skabem-un-c-vitaminu-150ml\\\/\",\"url\":\"https:\\\/\\\/www.facecorner.lv\\\/shop\\\/dr-nineteen-porexsome-vita-aha-dual-effect-cleanser-gels-putas-ar-aha-skabem-un-c-vitaminu-150ml\\\/\",\"name\":\"Dr.nineteen PoreXsome Vita AHA Dual Effect Cleanser g\u0113ls-putas ar AHA sk\u0101b\u0113m un C vitam\u012bnu 150ml - FACECORNER\",\"isPartOf\":{\"@id\":\"https:\\\/\\\/www.facecorner.lv\\\/#website\"},\"primaryImageOfPage\":{\"@id\":\"https:\\\/\\\/www.facecorner.lv\\\/shop\\\/dr-nineteen-porexsome-vita-aha-dual-effect-cleanser-gels-putas-ar-aha-skabem-un-c-vitaminu-150ml\\\/#primaryimage\"},\"image\":{\"@id\":\"https:\\\/\\\/www.facecorner.lv\\\/shop\\\/dr-nineteen-porexsome-vita-aha-dual-effect-cleanser-gels-putas-ar-aha-skabem-un-c-vitaminu-150ml\\\/#primaryimage\"},\"thumbnailUrl\":\"https:\\\/\\\/www.facecorner.lv\\\/wp-content\\\/uploads\\\/2026\\\/05\\\/XXL_p0223636523.webp\",\"datePublished\":\"2026-05-07T11:37:00+00:00\",\"dateModified\":\"2026-05-07T11:44:26+00:00\",\"description\":\"Dr.nineteen PoreXsome Vita AHA Dual Effect Cleanser \u00a0g\u0113ls-putas ar AHA sk\u0101b\u0113m un C vitam\u012bnu, kas izstr\u0101d\u0101ts poru dzi\u013cai att\u012br\u012b\u0161anai, maigai \u0101das atjauno\u0161anai un t\u0101s tonusa uzlabo\u0161anai.\",\"breadcrumb\":{\"@id\":\"https:\\\/\\\/www.facecorner.lv\\\/shop\\\/dr-nineteen-porexsome-vita-aha-dual-effect-cleanser-gels-putas-ar-aha-skabem-un-c-vitaminu-150ml\\\/#breadcrumb\"},\"inLanguage\":\"en-US\",\"potentialAction\":[{\"@type\":\"ReadAction\",\"target\":[\"https:\\\/\\\/www.facecorner.lv\\\/shop\\\/dr-nineteen-porexsome-vita-aha-dual-effect-cleanser-gels-putas-ar-aha-skabem-un-c-vitaminu-150ml\\\/\"]}]},{\"@type\":\"ImageObject\",\"inLanguage\":\"en-US\",\"@id\":\"https:\\\/\\\/www.facecorner.lv\\\/shop\\\/dr-nineteen-porexsome-vita-aha-dual-effect-cleanser-gels-putas-ar-aha-skabem-un-c-vitaminu-150ml\\\/#primaryimage\",\"url\":\"https:\\\/\\\/www.facecorner.lv\\\/wp-content\\\/uploads\\\/2026\\\/05\\\/XXL_p0223636523.webp\",\"contentUrl\":\"https:\\\/\\\/www.facecorner.lv\\\/wp-content\\\/uploads\\\/2026\\\/05\\\/XXL_p0223636523.webp\",\"width\":640,\"height\":640,\"caption\":\"Dr.nineteen PoreXsome Vita AHA Dual Effect Cleanser\"},{\"@type\":\"BreadcrumbList\",\"@id\":\"https:\\\/\\\/www.facecorner.lv\\\/shop\\\/dr-nineteen-porexsome-vita-aha-dual-effect-cleanser-gels-putas-ar-aha-skabem-un-c-vitaminu-150ml\\\/#breadcrumb\",\"itemListElement\":[{\"@type\":\"ListItem\",\"position\":1,\"name\":\"Home\",\"item\":\"https:\\\/\\\/www.facecorner.lv\\\/\"},{\"@type\":\"ListItem\",\"position\":2,\"name\":\"Veikals\",\"item\":\"https:\\\/\\\/www.facecorner.lv\\\/shop\\\/\"},{\"@type\":\"ListItem\",\"position\":3,\"name\":\"Dr.nineteen PoreXsome Vita AHA Dual Effect Cleanser g\u0113ls-putas ar AHA sk\u0101b\u0113m un C vitam\u012bnu 150ml\"}]},{\"@type\":\"WebSite\",\"@id\":\"https:\\\/\\\/www.facecorner.lv\\\/#website\",\"url\":\"https:\\\/\\\/www.facecorner.lv\\\/\",\"name\":\"Facecorner\",\"description\":\"\",\"publisher\":{\"@id\":\"https:\\\/\\\/www.facecorner.lv\\\/#organization\"},\"potentialAction\":[{\"@type\":\"SearchAction\",\"target\":{\"@type\":\"EntryPoint\",\"urlTemplate\":\"https:\\\/\\\/www.facecorner.lv\\\/?s={search_term_string}\"},\"query-input\":{\"@type\":\"PropertyValueSpecification\",\"valueRequired\":true,\"valueName\":\"search_term_string\"}}],\"inLanguage\":\"en-US\"},{\"@type\":\"Organization\",\"@id\":\"https:\\\/\\\/www.facecorner.lv\\\/#organization\",\"name\":\"Facecorner\",\"url\":\"https:\\\/\\\/www.facecorner.lv\\\/\",\"logo\":{\"@type\":\"ImageObject\",\"inLanguage\":\"en-US\",\"@id\":\"https:\\\/\\\/www.facecorner.lv\\\/#\\\/schema\\\/logo\\\/image\\\/\",\"url\":\"https:\\\/\\\/www.facecorner.lv\\\/wp-content\\\/uploads\\\/2024\\\/04\\\/fc-logo.jpg\",\"contentUrl\":\"https:\\\/\\\/www.facecorner.lv\\\/wp-content\\\/uploads\\\/2024\\\/04\\\/fc-logo.jpg\",\"width\":174,\"height\":28,\"caption\":\"Facecorner\"},\"image\":{\"@id\":\"https:\\\/\\\/www.facecorner.lv\\\/#\\\/schema\\\/logo\\\/image\\\/\"},\"sameAs\":[\"https:\\\/\\\/www.facebook.com\\\/profile.php?id=100063824551839\",\"https:\\\/\\\/www.instagram.com\\\/facecorner_shop\\\/\"]}]}<\/script>\n<meta property=\"product:price:amount\" content=\"19.95\" \/>\n<meta property=\"product:price:currency\" content=\"EUR\" \/>\n<meta property=\"og:availability\" content=\"instock\" \/>\n<meta property=\"product:availability\" content=\"instock\" \/>\n<meta property=\"product:condition\" content=\"new\" \/>\n<!-- \/ Yoast SEO plugin. -->","yoast_head_json":{"title":"Dr.nineteen PoreXsome Vita AHA Dual Effect Cleanser g\u0113ls-putas ar AHA sk\u0101b\u0113m un C vitam\u012bnu 150ml - FACECORNER","description":"Dr.nineteen PoreXsome Vita AHA Dual Effect Cleanser \u00a0g\u0113ls-putas ar AHA sk\u0101b\u0113m un C vitam\u012bnu, kas izstr\u0101d\u0101ts poru dzi\u013cai att\u012br\u012b\u0161anai, maigai \u0101das atjauno\u0161anai un t\u0101s tonusa uzlabo\u0161anai.","robots":{"index":"index","follow":"follow","max-snippet":"max-snippet:-1","max-image-preview":"max-image-preview:large","max-video-preview":"max-video-preview:-1"},"canonical":"https:\/\/www.facecorner.lv\/en\/shop\/dr-nineteen-porexsome-vita-aha-dual-effect-cleanser-gels-putas-ar-aha-skabem-un-c-vitaminu-150ml\/","og_locale":"en_US","og_type":"article","og_title":"Dr.nineteen PoreXsome Vita AHA Dual Effect Cleanser g\u0113ls-putas ar AHA sk\u0101b\u0113m un C vitam\u012bnu 150ml - FACECORNER","og_description":"Dr.nineteen PoreXsome Vita AHA Dual Effect Cleanser \u00a0g\u0113ls-putas ar AHA sk\u0101b\u0113m un C vitam\u012bnu, kas izstr\u0101d\u0101ts poru dzi\u013cai att\u012br\u012b\u0161anai, maigai \u0101das atjauno\u0161anai un t\u0101s tonusa uzlabo\u0161anai.","og_url":"https:\/\/www.facecorner.lv\/en\/shop\/dr-nineteen-porexsome-vita-aha-dual-effect-cleanser-gels-putas-ar-aha-skabem-un-c-vitaminu-150ml\/","og_site_name":"FACECORNER","article_publisher":"https:\/\/www.facebook.com\/profile.php?id=100063824551839","article_modified_time":"2026-05-07T11:44:26+00:00","og_image":[{"width":640,"height":640,"url":"https:\/\/www.facecorner.lv\/wp-content\/uploads\/2026\/05\/XXL_p0223636523.webp","type":"image\/webp"}],"twitter_card":"summary_large_image","twitter_misc":{"Price":"&euro;19.95","Availability":"In stock"},"schema":{"@context":"https:\/\/schema.org","@graph":[{"@type":"WebPage","@id":"https:\/\/www.facecorner.lv\/shop\/dr-nineteen-porexsome-vita-aha-dual-effect-cleanser-gels-putas-ar-aha-skabem-un-c-vitaminu-150ml\/","url":"https:\/\/www.facecorner.lv\/shop\/dr-nineteen-porexsome-vita-aha-dual-effect-cleanser-gels-putas-ar-aha-skabem-un-c-vitaminu-150ml\/","name":"Dr.nineteen PoreXsome Vita AHA Dual Effect Cleanser g\u0113ls-putas ar AHA sk\u0101b\u0113m un C vitam\u012bnu 150ml - FACECORNER","isPartOf":{"@id":"https:\/\/www.facecorner.lv\/#website"},"primaryImageOfPage":{"@id":"https:\/\/www.facecorner.lv\/shop\/dr-nineteen-porexsome-vita-aha-dual-effect-cleanser-gels-putas-ar-aha-skabem-un-c-vitaminu-150ml\/#primaryimage"},"image":{"@id":"https:\/\/www.facecorner.lv\/shop\/dr-nineteen-porexsome-vita-aha-dual-effect-cleanser-gels-putas-ar-aha-skabem-un-c-vitaminu-150ml\/#primaryimage"},"thumbnailUrl":"https:\/\/www.facecorner.lv\/wp-content\/uploads\/2026\/05\/XXL_p0223636523.webp","datePublished":"2026-05-07T11:37:00+00:00","dateModified":"2026-05-07T11:44:26+00:00","description":"Dr.nineteen PoreXsome Vita AHA Dual Effect Cleanser \u00a0g\u0113ls-putas ar AHA sk\u0101b\u0113m un C vitam\u012bnu, kas izstr\u0101d\u0101ts poru dzi\u013cai att\u012br\u012b\u0161anai, maigai \u0101das atjauno\u0161anai un t\u0101s tonusa uzlabo\u0161anai.","breadcrumb":{"@id":"https:\/\/www.facecorner.lv\/shop\/dr-nineteen-porexsome-vita-aha-dual-effect-cleanser-gels-putas-ar-aha-skabem-un-c-vitaminu-150ml\/#breadcrumb"},"inLanguage":"en-US","potentialAction":[{"@type":"ReadAction","target":["https:\/\/www.facecorner.lv\/shop\/dr-nineteen-porexsome-vita-aha-dual-effect-cleanser-gels-putas-ar-aha-skabem-un-c-vitaminu-150ml\/"]}]},{"@type":"ImageObject","inLanguage":"en-US","@id":"https:\/\/www.facecorner.lv\/shop\/dr-nineteen-porexsome-vita-aha-dual-effect-cleanser-gels-putas-ar-aha-skabem-un-c-vitaminu-150ml\/#primaryimage","url":"https:\/\/www.facecorner.lv\/wp-content\/uploads\/2026\/05\/XXL_p0223636523.webp","contentUrl":"https:\/\/www.facecorner.lv\/wp-content\/uploads\/2026\/05\/XXL_p0223636523.webp","width":640,"height":640,"caption":"Dr.nineteen PoreXsome Vita AHA Dual Effect Cleanser"},{"@type":"BreadcrumbList","@id":"https:\/\/www.facecorner.lv\/shop\/dr-nineteen-porexsome-vita-aha-dual-effect-cleanser-gels-putas-ar-aha-skabem-un-c-vitaminu-150ml\/#breadcrumb","itemListElement":[{"@type":"ListItem","position":1,"name":"Home","item":"https:\/\/www.facecorner.lv\/"},{"@type":"ListItem","position":2,"name":"Veikals","item":"https:\/\/www.facecorner.lv\/shop\/"},{"@type":"ListItem","position":3,"name":"Dr.nineteen PoreXsome Vita AHA Dual Effect Cleanser g\u0113ls-putas ar AHA sk\u0101b\u0113m un C vitam\u012bnu 150ml"}]},{"@type":"WebSite","@id":"https:\/\/www.facecorner.lv\/#website","url":"https:\/\/www.facecorner.lv\/","name":"Facecorner","description":"","publisher":{"@id":"https:\/\/www.facecorner.lv\/#organization"},"potentialAction":[{"@type":"SearchAction","target":{"@type":"EntryPoint","urlTemplate":"https:\/\/www.facecorner.lv\/?s={search_term_string}"},"query-input":{"@type":"PropertyValueSpecification","valueRequired":true,"valueName":"search_term_string"}}],"inLanguage":"en-US"},{"@type":"Organization","@id":"https:\/\/www.facecorner.lv\/#organization","name":"Facecorner","url":"https:\/\/www.facecorner.lv\/","logo":{"@type":"ImageObject","inLanguage":"en-US","@id":"https:\/\/www.facecorner.lv\/#\/schema\/logo\/image\/","url":"https:\/\/www.facecorner.lv\/wp-content\/uploads\/2024\/04\/fc-logo.jpg","contentUrl":"https:\/\/www.facecorner.lv\/wp-content\/uploads\/2024\/04\/fc-logo.jpg","width":174,"height":28,"caption":"Facecorner"},"image":{"@id":"https:\/\/www.facecorner.lv\/#\/schema\/logo\/image\/"},"sameAs":["https:\/\/www.facebook.com\/profile.php?id=100063824551839","https:\/\/www.instagram.com\/facecorner_shop\/"]}]},"product_price_amount":"19.95","product_price_currency":"EUR","og_availability":"instock","product_availability":"instock","product_condition":"new"},"_links":{"self":[{"href":"https:\/\/www.facecorner.lv\/en\/wp-json\/wp\/v2\/product\/27603","targetHints":{"allow":["GET"]}}],"collection":[{"href":"https:\/\/www.facecorner.lv\/en\/wp-json\/wp\/v2\/product"}],"about":[{"href":"https:\/\/www.facecorner.lv\/en\/wp-json\/wp\/v2\/types\/product"}],"replies":[{"embeddable":true,"href":"https:\/\/www.facecorner.lv\/en\/wp-json\/wp\/v2\/comments?post=27603"}],"wp:featuredmedia":[{"embeddable":true,"href":"https:\/\/www.facecorner.lv\/en\/wp-json\/wp\/v2\/media\/27604"}],"wp:attachment":[{"href":"https:\/\/www.facecorner.lv\/en\/wp-json\/wp\/v2\/media?parent=27603"}],"wp:term":[{"taxonomy":"product_brand","embeddable":true,"href":"https:\/\/www.facecorner.lv\/en\/wp-json\/wp\/v2\/product_brand?post=27603"},{"taxonomy":"product_cat","embeddable":true,"href":"https:\/\/www.facecorner.lv\/en\/wp-json\/wp\/v2\/product_cat?post=27603"},{"taxonomy":"product_tag","embeddable":true,"href":"https:\/\/www.facecorner.lv\/en\/wp-json\/wp\/v2\/product_tag?post=27603"},{"taxonomy":"berocket_brand","embeddable":true,"href":"https:\/\/www.facecorner.lv\/en\/wp-json\/wp\/v2\/berocket_brand?post=27603"}],"curies":[{"name":"wp","href":"https:\/\/api.w.org\/{rel}","templated":true}]}}