{"id":27598,"date":"2026-05-07T14:26:17","date_gmt":"2026-05-07T11:26:17","guid":{"rendered":"https:\/\/www.facecorner.lv\/?post_type=product&#038;p=27598"},"modified":"2026-05-07T16:06:52","modified_gmt":"2026-05-07T13:06:52","slug":"dr-nineteen-pore-exsome-pdrn-exosome-ampoule-ampulu-serums-ar-pdrn-eksosomam-un-peptidu-kompleksu-2-x-15ml","status":"publish","type":"product","link":"https:\/\/www.facecorner.lv\/en\/shop\/dr-nineteen-pore-exsome-pdrn-exosome-ampoule-ampulu-serums-ar-pdrn-eksosomam-un-peptidu-kompleksu-2-x-15ml\/","title":{"rendered":"Dr.nineteen  Pore Exsome PDRN Exosome Ampoule ampulu serums ar PDRN, eksosom\u0101m un pept\u012bdu kompleksu  2 x 15ml"},"content":{"rendered":"<p>Dr.nineteen Pore Exsome PDRN Exosome Ampoule intens\u012bvs ampulu serums ar PDRN, eksosom\u0101m un pept\u012bdu kompleksu, kas paredz\u0113ts \u0101das atjauno\u0161anai, poru sa\u0161aurin\u0101\u0161anai un \u0101das elast\u012bbas uzlabo\u0161anai. Formul\u0101 ar augstu akt\u012bvo sast\u0101vda\u013cu koncentr\u0101ciju pal\u012bdz \u0101dai izskat\u012bties glud\u0101kai, bl\u012bv\u0101kai un mirdzo\u0161\u0101kai jau p\u0113c regul\u0101ras lieto\u0161anas.<\/p>\n<p>L\u012bdzeklis ir izstr\u0101d\u0101ts, lai uzlabotu \u0101das tekst\u016bru: samazina papla\u0161in\u0101to poru redzam\u012bbu, veicina \u0161\u016bnu atjauno\u0161anos un stiprina \u0101das barjeru, vienlaikus nodro\u0161inot dzi\u013cu mitrin\u0101\u0161anu.<\/p>\n<h6>Priek\u0161roc\u012bbas:<\/h6>\n<ul>\n<li>Pal\u012bdz vizu\u0101li samazin\u0101t poras<\/li>\n<li>Uzlabo \u0101das tekst\u016bru un gludumu<\/li>\n<li>Saglab\u0101 \u0101das stingr\u012bbu un elast\u012bbu<\/li>\n<li>Intens\u012bvi mitrina un m\u012bkstina<\/li>\n<li>Veicina vienm\u0113r\u012bg\u0101ku un mirdzo\u0161\u0101ku \u0101das toni<\/li>\n<li>Piem\u0113rots visiem \u0101das tipiem, ieskaitot jut\u012bgu \u0101du<\/li>\n<\/ul>\n<p><strong>How to use:\nAfter cleansing and toning, place the mask sheet on your face and let it rest for 30 minutes.<\/strong> P\u0113c sejas att\u012br\u012b\u0161anas un toniz\u0113\u0161anas uzkl\u0101jiet nelielu daudzumu ampulas satura uz sejas \u0101das. R\u016bp\u012bgi izl\u012bdziniet un viegli iemas\u0113jiet ar pirkstu galiem, l\u012bdz l\u012bdzeklis piln\u012bb\u0101 ies\u016bcies. Lietojiet no r\u012bta un\/vai vakar\u0101, p\u0113c tam uzkl\u0101jiet kr\u0113mu.<\/p>\n<p><strong>Sast\u0101vs: <\/strong>Water, Glycerin, Butylene Glycol, Niacinamide, PDRN (Sodium DNA \/ Hydrolyzed DNA), Exosome Complex, Peptides (Acetyl Hexapeptide-8, Palmitoyl Pentapeptide-4 \u0438 \u0434\u0440.), Panthenol, Adenosine, Sodium Hyaluronate, Plant Extract Complex, Ceramide NP, Allantoin, Ethylhexylglycerin, 1,2-Hexanediol, Carbomer, Disodium EDTA.<\/p>\n<p><strong>Atbild\u012bga persona:<\/strong>CDRI GERMANY GmbH Am Kronberger Hang 2, 65824 Schwalbach am Taunus,Germanyeu.cs@cdri.pro.<\/p>\n<p><strong>Precautions:<\/strong><\/p>\n<ul>\n<li>Tikai \u0101r\u0113jai lieto\u0161anai.<\/li>\n<li>Izvair\u012bties no saskares ar ac\u012bm un g\u013cot\u0101d\u0101m. Ja produkts non\u0101k ac\u012bs vai uz g\u013cot\u0101d\u0101m, skalojiet ar \u016bdeni.<\/li>\n<li>Nelietot uz boj\u0101tas, kairin\u0101tas vai iekaisu\u0161as \u0101das.<\/li>\n<li>Ja par\u0101d\u0101s aps\u0101rtums, dedzin\u0101\u0161ana vai nieze, p\u0101rtraukt lieto\u0161anu.<\/li>\n<li>Pirms pirm\u0101s lieto\u0161anas ieteicams veikt jut\u012bguma testu.<\/li>\n<li>Ja \u0101da ir jut\u012bga, vien\u0101 kop\u0161anas proced\u016br\u0101 nelietot kop\u0101 ar agres\u012bv\u0101m sk\u0101b\u0113m vai retino\u012bdiem.<\/li>\n<\/ul>\n<div class=\"woocommerce-tabs wc-tabs-wrapper\"><\/div>","protected":false},"excerpt":{"rendered":"<p>Dr.nineteen Pore Exsome PDRN Exosome Ampoule intens\u012bvs ampulu serums ar PDRN, eksosom\u0101m un pept\u012bdu kompleksu, kas paredz\u0113ts \u0101das atjauno\u0161anai, poru sa\u0161aurin\u0101\u0161anai un \u0101das elast\u012bbas uzlabo\u0161anai. Formul\u0101 ar augstu akt\u012bvo sast\u0101vda\u013cu koncentr\u0101ciju pal\u012bdz \u0101dai izskat\u012bties glud\u0101kai, bl\u012bv\u0101kai un mirdzo\u0161\u0101kai jau p\u0113c regul\u0101ras lieto\u0161anas. L\u012bdzeklis ir izstr\u0101d\u0101ts, lai uzlabotu \u0101das tekst\u016bru: samazina papla\u0161in\u0101to poru redzam\u012bbu, veicina \u0161\u016bnu [&hellip;]<\/p>\n","protected":false},"featured_media":27600,"comment_status":"open","ping_status":"closed","template":"","meta":{"site-sidebar-layout":"default","site-content-layout":"","ast-site-content-layout":"default","site-content-style":"default","site-sidebar-style":"default","ast-global-header-display":"","ast-banner-title-visibility":"","ast-main-header-display":"","ast-hfb-above-header-display":"","ast-hfb-below-header-display":"","ast-hfb-mobile-header-display":"","site-post-title":"","ast-breadcrumbs-content":"","ast-featured-img":"","footer-sml-layout":"","theme-transparent-header-meta":"default","adv-header-id-meta":"","stick-header-meta":"","header-above-stick-meta":"","header-main-stick-meta":"","header-below-stick-meta":"","astra-migrate-meta-layouts":"set","ast-page-background-enabled":"default","ast-page-background-meta":{"desktop":{"background-color":"var(--ast-global-color-4)","background-image":"","background-repeat":"repeat","background-position":"center center","background-size":"auto","background-attachment":"scroll","background-type":"","background-media":"","overlay-type":"","overlay-color":"","overlay-opacity":"","overlay-gradient":""},"tablet":{"background-color":"","background-image":"","background-repeat":"repeat","background-position":"center center","background-size":"auto","background-attachment":"scroll","background-type":"","background-media":"","overlay-type":"","overlay-color":"","overlay-opacity":"","overlay-gradient":""},"mobile":{"background-color":"","background-image":"","background-repeat":"repeat","background-position":"center center","background-size":"auto","background-attachment":"scroll","background-type":"","background-media":"","overlay-type":"","overlay-color":"","overlay-opacity":"","overlay-gradient":""}},"ast-content-background-meta":{"desktop":{"background-color":"var(--ast-global-color-5)","background-image":"","background-repeat":"repeat","background-position":"center center","background-size":"auto","background-attachment":"scroll","background-type":"","background-media":"","overlay-type":"","overlay-color":"","overlay-opacity":"","overlay-gradient":""},"tablet":{"background-color":"var(--ast-global-color-5)","background-image":"","background-repeat":"repeat","background-position":"center center","background-size":"auto","background-attachment":"scroll","background-type":"","background-media":"","overlay-type":"","overlay-color":"","overlay-opacity":"","overlay-gradient":""},"mobile":{"background-color":"var(--ast-global-color-5)","background-image":"","background-repeat":"repeat","background-position":"center center","background-size":"auto","background-attachment":"scroll","background-type":"","background-media":"","overlay-type":"","overlay-color":"","overlay-opacity":"","overlay-gradient":""}}},"product_brand":[],"product_cat":[370,371,652,373,363],"product_tag":[],"berocket_brand":[693],"class_list":{"0":"post-27598","1":"product","2":"type-product","3":"status-publish","4":"has-post-thumbnail","6":"product_cat-adas-mirdzumam","7":"product_cat-anti-age","8":"product_cat-pdrn","9":"product_cat-poras-sasaurinoss","10":"product_cat-serumi","11":"berocket_brand-dr-nineteen","12":"desktop-align-left","13":"tablet-align-left","14":"mobile-align-left","16":"first","17":"instock","18":"taxable","19":"shipping-taxable","20":"purchasable","21":"product-type-simple","22":"add-to-wishlist-before_image"},"yoast_head":"<!-- This site is optimized with the Yoast SEO plugin v27.4 - https:\/\/yoast.com\/product\/yoast-seo-wordpress\/ -->\n<title>Dr.nineteen Pore Exsome PDRN Exosome Ampoule ampulu serums ar PDRN, eksosom\u0101m un pept\u012bdu kompleksu 2 x 15ml - FACECORNER<\/title>\n<meta name=\"robots\" content=\"index, follow, max-snippet:-1, max-image-preview:large, max-video-preview:-1\" \/>\n<link rel=\"canonical\" href=\"https:\/\/www.facecorner.lv\/en\/shop\/dr-nineteen-pore-exsome-pdrn-exosome-ampoule-ampulu-serums-ar-pdrn-eksosomam-un-peptidu-kompleksu-2-x-15ml\/\" \/>\n<meta property=\"og:locale\" content=\"en_US\" \/>\n<meta property=\"og:type\" content=\"article\" \/>\n<meta property=\"og:title\" content=\"Dr.nineteen Pore Exsome PDRN Exosome Ampoule ampulu serums ar PDRN, eksosom\u0101m un pept\u012bdu kompleksu 2 x 15ml - FACECORNER\" \/>\n<meta property=\"og:description\" content=\"Dr.nineteen Pore Exsome PDRN Exosome Ampoule intens\u012bvs ampulu serums ar PDRN, eksosom\u0101m un pept\u012bdu kompleksu, kas paredz\u0113ts \u0101das atjauno\u0161anai, poru sa\u0161aurin\u0101\u0161anai un \u0101das elast\u012bbas uzlabo\u0161anai. Formul\u0101 ar augstu akt\u012bvo sast\u0101vda\u013cu koncentr\u0101ciju pal\u012bdz \u0101dai izskat\u012bties glud\u0101kai, bl\u012bv\u0101kai un mirdzo\u0161\u0101kai jau p\u0113c regul\u0101ras lieto\u0161anas. L\u012bdzeklis ir izstr\u0101d\u0101ts, lai uzlabotu \u0101das tekst\u016bru: samazina papla\u0161in\u0101to poru redzam\u012bbu, veicina \u0161\u016bnu [&hellip;]\" \/>\n<meta property=\"og:url\" content=\"https:\/\/www.facecorner.lv\/en\/shop\/dr-nineteen-pore-exsome-pdrn-exosome-ampoule-ampulu-serums-ar-pdrn-eksosomam-un-peptidu-kompleksu-2-x-15ml\/\" \/>\n<meta property=\"og:site_name\" content=\"FACECORNER\" \/>\n<meta property=\"article:publisher\" content=\"https:\/\/www.facebook.com\/profile.php?id=100063824551839\" \/>\n<meta property=\"article:modified_time\" content=\"2026-05-07T13:06:52+00:00\" \/>\n<meta property=\"og:image\" content=\"https:\/\/www.facecorner.lv\/wp-content\/uploads\/2026\/05\/drnineteen-redrn-15ml2-2569278.webp\" \/>\n\t<meta property=\"og:image:width\" content=\"640\" \/>\n\t<meta property=\"og:image:height\" content=\"640\" \/>\n\t<meta property=\"og:image:type\" content=\"image\/webp\" \/>\n<meta name=\"twitter:card\" content=\"summary_large_image\" \/>\n<meta name=\"twitter:label1\" content=\"Price\" \/>\n\t<meta name=\"twitter:data1\" content=\"&euro;21.95\" \/>\n\t<meta name=\"twitter:label2\" content=\"Availability\" \/>\n\t<meta name=\"twitter:data2\" content=\"In stock\" \/>\n<script type=\"application\/ld+json\" class=\"yoast-schema-graph\">{\"@context\":\"https:\\\/\\\/schema.org\",\"@graph\":[{\"@type\":\"WebPage\",\"@id\":\"https:\\\/\\\/www.facecorner.lv\\\/shop\\\/dr-nineteen-pore-exsome-pdrn-exosome-ampoule-ampulu-serums-ar-pdrn-eksosomam-un-peptidu-kompleksu-2-x-15ml\\\/\",\"url\":\"https:\\\/\\\/www.facecorner.lv\\\/shop\\\/dr-nineteen-pore-exsome-pdrn-exosome-ampoule-ampulu-serums-ar-pdrn-eksosomam-un-peptidu-kompleksu-2-x-15ml\\\/\",\"name\":\"Dr.nineteen Pore Exsome PDRN Exosome Ampoule ampulu serums ar PDRN, eksosom\u0101m un pept\u012bdu kompleksu 2 x 15ml - FACECORNER\",\"isPartOf\":{\"@id\":\"https:\\\/\\\/www.facecorner.lv\\\/#website\"},\"primaryImageOfPage\":{\"@id\":\"https:\\\/\\\/www.facecorner.lv\\\/shop\\\/dr-nineteen-pore-exsome-pdrn-exosome-ampoule-ampulu-serums-ar-pdrn-eksosomam-un-peptidu-kompleksu-2-x-15ml\\\/#primaryimage\"},\"image\":{\"@id\":\"https:\\\/\\\/www.facecorner.lv\\\/shop\\\/dr-nineteen-pore-exsome-pdrn-exosome-ampoule-ampulu-serums-ar-pdrn-eksosomam-un-peptidu-kompleksu-2-x-15ml\\\/#primaryimage\"},\"thumbnailUrl\":\"https:\\\/\\\/www.facecorner.lv\\\/wp-content\\\/uploads\\\/2026\\\/05\\\/drnineteen-redrn-15ml2-2569278.webp\",\"datePublished\":\"2026-05-07T11:26:17+00:00\",\"dateModified\":\"2026-05-07T13:06:52+00:00\",\"breadcrumb\":{\"@id\":\"https:\\\/\\\/www.facecorner.lv\\\/shop\\\/dr-nineteen-pore-exsome-pdrn-exosome-ampoule-ampulu-serums-ar-pdrn-eksosomam-un-peptidu-kompleksu-2-x-15ml\\\/#breadcrumb\"},\"inLanguage\":\"en-US\",\"potentialAction\":[{\"@type\":\"ReadAction\",\"target\":[\"https:\\\/\\\/www.facecorner.lv\\\/shop\\\/dr-nineteen-pore-exsome-pdrn-exosome-ampoule-ampulu-serums-ar-pdrn-eksosomam-un-peptidu-kompleksu-2-x-15ml\\\/\"]}]},{\"@type\":\"ImageObject\",\"inLanguage\":\"en-US\",\"@id\":\"https:\\\/\\\/www.facecorner.lv\\\/shop\\\/dr-nineteen-pore-exsome-pdrn-exosome-ampoule-ampulu-serums-ar-pdrn-eksosomam-un-peptidu-kompleksu-2-x-15ml\\\/#primaryimage\",\"url\":\"https:\\\/\\\/www.facecorner.lv\\\/wp-content\\\/uploads\\\/2026\\\/05\\\/drnineteen-redrn-15ml2-2569278.webp\",\"contentUrl\":\"https:\\\/\\\/www.facecorner.lv\\\/wp-content\\\/uploads\\\/2026\\\/05\\\/drnineteen-redrn-15ml2-2569278.webp\",\"width\":640,\"height\":640,\"caption\":\"Dr.nineteen Pore Exsome PDRN Exosome Ampoule\"},{\"@type\":\"BreadcrumbList\",\"@id\":\"https:\\\/\\\/www.facecorner.lv\\\/shop\\\/dr-nineteen-pore-exsome-pdrn-exosome-ampoule-ampulu-serums-ar-pdrn-eksosomam-un-peptidu-kompleksu-2-x-15ml\\\/#breadcrumb\",\"itemListElement\":[{\"@type\":\"ListItem\",\"position\":1,\"name\":\"Home\",\"item\":\"https:\\\/\\\/www.facecorner.lv\\\/\"},{\"@type\":\"ListItem\",\"position\":2,\"name\":\"Veikals\",\"item\":\"https:\\\/\\\/www.facecorner.lv\\\/shop\\\/\"},{\"@type\":\"ListItem\",\"position\":3,\"name\":\"Dr.nineteen Pore Exsome PDRN Exosome Ampoule ampulu serums ar PDRN, eksosom\u0101m un pept\u012bdu kompleksu 2 x 15ml\"}]},{\"@type\":\"WebSite\",\"@id\":\"https:\\\/\\\/www.facecorner.lv\\\/#website\",\"url\":\"https:\\\/\\\/www.facecorner.lv\\\/\",\"name\":\"Facecorner\",\"description\":\"\",\"publisher\":{\"@id\":\"https:\\\/\\\/www.facecorner.lv\\\/#organization\"},\"potentialAction\":[{\"@type\":\"SearchAction\",\"target\":{\"@type\":\"EntryPoint\",\"urlTemplate\":\"https:\\\/\\\/www.facecorner.lv\\\/?s={search_term_string}\"},\"query-input\":{\"@type\":\"PropertyValueSpecification\",\"valueRequired\":true,\"valueName\":\"search_term_string\"}}],\"inLanguage\":\"en-US\"},{\"@type\":\"Organization\",\"@id\":\"https:\\\/\\\/www.facecorner.lv\\\/#organization\",\"name\":\"Facecorner\",\"url\":\"https:\\\/\\\/www.facecorner.lv\\\/\",\"logo\":{\"@type\":\"ImageObject\",\"inLanguage\":\"en-US\",\"@id\":\"https:\\\/\\\/www.facecorner.lv\\\/#\\\/schema\\\/logo\\\/image\\\/\",\"url\":\"https:\\\/\\\/www.facecorner.lv\\\/wp-content\\\/uploads\\\/2024\\\/04\\\/fc-logo.jpg\",\"contentUrl\":\"https:\\\/\\\/www.facecorner.lv\\\/wp-content\\\/uploads\\\/2024\\\/04\\\/fc-logo.jpg\",\"width\":174,\"height\":28,\"caption\":\"Facecorner\"},\"image\":{\"@id\":\"https:\\\/\\\/www.facecorner.lv\\\/#\\\/schema\\\/logo\\\/image\\\/\"},\"sameAs\":[\"https:\\\/\\\/www.facebook.com\\\/profile.php?id=100063824551839\",\"https:\\\/\\\/www.instagram.com\\\/facecorner_shop\\\/\"]}]}<\/script>\n<meta property=\"product:price:amount\" content=\"21.95\" \/>\n<meta property=\"product:price:currency\" content=\"EUR\" \/>\n<meta property=\"og:availability\" content=\"instock\" \/>\n<meta property=\"product:availability\" content=\"instock\" \/>\n<meta property=\"product:condition\" content=\"new\" \/>\n<!-- \/ Yoast SEO plugin. -->","yoast_head_json":{"title":"Dr.nineteen Pore Exsome PDRN Exosome Ampoule ampulu serums ar PDRN, eksosom\u0101m un pept\u012bdu kompleksu 2 x 15ml - FACECORNER","robots":{"index":"index","follow":"follow","max-snippet":"max-snippet:-1","max-image-preview":"max-image-preview:large","max-video-preview":"max-video-preview:-1"},"canonical":"https:\/\/www.facecorner.lv\/en\/shop\/dr-nineteen-pore-exsome-pdrn-exosome-ampoule-ampulu-serums-ar-pdrn-eksosomam-un-peptidu-kompleksu-2-x-15ml\/","og_locale":"en_US","og_type":"article","og_title":"Dr.nineteen Pore Exsome PDRN Exosome Ampoule ampulu serums ar PDRN, eksosom\u0101m un pept\u012bdu kompleksu 2 x 15ml - FACECORNER","og_description":"Dr.nineteen Pore Exsome PDRN Exosome Ampoule intens\u012bvs ampulu serums ar PDRN, eksosom\u0101m un pept\u012bdu kompleksu, kas paredz\u0113ts \u0101das atjauno\u0161anai, poru sa\u0161aurin\u0101\u0161anai un \u0101das elast\u012bbas uzlabo\u0161anai. Formul\u0101 ar augstu akt\u012bvo sast\u0101vda\u013cu koncentr\u0101ciju pal\u012bdz \u0101dai izskat\u012bties glud\u0101kai, bl\u012bv\u0101kai un mirdzo\u0161\u0101kai jau p\u0113c regul\u0101ras lieto\u0161anas. L\u012bdzeklis ir izstr\u0101d\u0101ts, lai uzlabotu \u0101das tekst\u016bru: samazina papla\u0161in\u0101to poru redzam\u012bbu, veicina \u0161\u016bnu [&hellip;]","og_url":"https:\/\/www.facecorner.lv\/en\/shop\/dr-nineteen-pore-exsome-pdrn-exosome-ampoule-ampulu-serums-ar-pdrn-eksosomam-un-peptidu-kompleksu-2-x-15ml\/","og_site_name":"FACECORNER","article_publisher":"https:\/\/www.facebook.com\/profile.php?id=100063824551839","article_modified_time":"2026-05-07T13:06:52+00:00","og_image":[{"width":640,"height":640,"url":"https:\/\/www.facecorner.lv\/wp-content\/uploads\/2026\/05\/drnineteen-redrn-15ml2-2569278.webp","type":"image\/webp"}],"twitter_card":"summary_large_image","twitter_misc":{"Price":"&euro;21.95","Availability":"In stock"},"schema":{"@context":"https:\/\/schema.org","@graph":[{"@type":"WebPage","@id":"https:\/\/www.facecorner.lv\/shop\/dr-nineteen-pore-exsome-pdrn-exosome-ampoule-ampulu-serums-ar-pdrn-eksosomam-un-peptidu-kompleksu-2-x-15ml\/","url":"https:\/\/www.facecorner.lv\/shop\/dr-nineteen-pore-exsome-pdrn-exosome-ampoule-ampulu-serums-ar-pdrn-eksosomam-un-peptidu-kompleksu-2-x-15ml\/","name":"Dr.nineteen Pore Exsome PDRN Exosome Ampoule ampulu serums ar PDRN, eksosom\u0101m un pept\u012bdu kompleksu 2 x 15ml - FACECORNER","isPartOf":{"@id":"https:\/\/www.facecorner.lv\/#website"},"primaryImageOfPage":{"@id":"https:\/\/www.facecorner.lv\/shop\/dr-nineteen-pore-exsome-pdrn-exosome-ampoule-ampulu-serums-ar-pdrn-eksosomam-un-peptidu-kompleksu-2-x-15ml\/#primaryimage"},"image":{"@id":"https:\/\/www.facecorner.lv\/shop\/dr-nineteen-pore-exsome-pdrn-exosome-ampoule-ampulu-serums-ar-pdrn-eksosomam-un-peptidu-kompleksu-2-x-15ml\/#primaryimage"},"thumbnailUrl":"https:\/\/www.facecorner.lv\/wp-content\/uploads\/2026\/05\/drnineteen-redrn-15ml2-2569278.webp","datePublished":"2026-05-07T11:26:17+00:00","dateModified":"2026-05-07T13:06:52+00:00","breadcrumb":{"@id":"https:\/\/www.facecorner.lv\/shop\/dr-nineteen-pore-exsome-pdrn-exosome-ampoule-ampulu-serums-ar-pdrn-eksosomam-un-peptidu-kompleksu-2-x-15ml\/#breadcrumb"},"inLanguage":"en-US","potentialAction":[{"@type":"ReadAction","target":["https:\/\/www.facecorner.lv\/shop\/dr-nineteen-pore-exsome-pdrn-exosome-ampoule-ampulu-serums-ar-pdrn-eksosomam-un-peptidu-kompleksu-2-x-15ml\/"]}]},{"@type":"ImageObject","inLanguage":"en-US","@id":"https:\/\/www.facecorner.lv\/shop\/dr-nineteen-pore-exsome-pdrn-exosome-ampoule-ampulu-serums-ar-pdrn-eksosomam-un-peptidu-kompleksu-2-x-15ml\/#primaryimage","url":"https:\/\/www.facecorner.lv\/wp-content\/uploads\/2026\/05\/drnineteen-redrn-15ml2-2569278.webp","contentUrl":"https:\/\/www.facecorner.lv\/wp-content\/uploads\/2026\/05\/drnineteen-redrn-15ml2-2569278.webp","width":640,"height":640,"caption":"Dr.nineteen Pore Exsome PDRN Exosome Ampoule"},{"@type":"BreadcrumbList","@id":"https:\/\/www.facecorner.lv\/shop\/dr-nineteen-pore-exsome-pdrn-exosome-ampoule-ampulu-serums-ar-pdrn-eksosomam-un-peptidu-kompleksu-2-x-15ml\/#breadcrumb","itemListElement":[{"@type":"ListItem","position":1,"name":"Home","item":"https:\/\/www.facecorner.lv\/"},{"@type":"ListItem","position":2,"name":"Veikals","item":"https:\/\/www.facecorner.lv\/shop\/"},{"@type":"ListItem","position":3,"name":"Dr.nineteen Pore Exsome PDRN Exosome Ampoule ampulu serums ar PDRN, eksosom\u0101m un pept\u012bdu kompleksu 2 x 15ml"}]},{"@type":"WebSite","@id":"https:\/\/www.facecorner.lv\/#website","url":"https:\/\/www.facecorner.lv\/","name":"Facecorner","description":"","publisher":{"@id":"https:\/\/www.facecorner.lv\/#organization"},"potentialAction":[{"@type":"SearchAction","target":{"@type":"EntryPoint","urlTemplate":"https:\/\/www.facecorner.lv\/?s={search_term_string}"},"query-input":{"@type":"PropertyValueSpecification","valueRequired":true,"valueName":"search_term_string"}}],"inLanguage":"en-US"},{"@type":"Organization","@id":"https:\/\/www.facecorner.lv\/#organization","name":"Facecorner","url":"https:\/\/www.facecorner.lv\/","logo":{"@type":"ImageObject","inLanguage":"en-US","@id":"https:\/\/www.facecorner.lv\/#\/schema\/logo\/image\/","url":"https:\/\/www.facecorner.lv\/wp-content\/uploads\/2024\/04\/fc-logo.jpg","contentUrl":"https:\/\/www.facecorner.lv\/wp-content\/uploads\/2024\/04\/fc-logo.jpg","width":174,"height":28,"caption":"Facecorner"},"image":{"@id":"https:\/\/www.facecorner.lv\/#\/schema\/logo\/image\/"},"sameAs":["https:\/\/www.facebook.com\/profile.php?id=100063824551839","https:\/\/www.instagram.com\/facecorner_shop\/"]}]},"product_price_amount":"21.95","product_price_currency":"EUR","og_availability":"instock","product_availability":"instock","product_condition":"new"},"_links":{"self":[{"href":"https:\/\/www.facecorner.lv\/en\/wp-json\/wp\/v2\/product\/27598","targetHints":{"allow":["GET"]}}],"collection":[{"href":"https:\/\/www.facecorner.lv\/en\/wp-json\/wp\/v2\/product"}],"about":[{"href":"https:\/\/www.facecorner.lv\/en\/wp-json\/wp\/v2\/types\/product"}],"replies":[{"embeddable":true,"href":"https:\/\/www.facecorner.lv\/en\/wp-json\/wp\/v2\/comments?post=27598"}],"wp:featuredmedia":[{"embeddable":true,"href":"https:\/\/www.facecorner.lv\/en\/wp-json\/wp\/v2\/media\/27600"}],"wp:attachment":[{"href":"https:\/\/www.facecorner.lv\/en\/wp-json\/wp\/v2\/media?parent=27598"}],"wp:term":[{"taxonomy":"product_brand","embeddable":true,"href":"https:\/\/www.facecorner.lv\/en\/wp-json\/wp\/v2\/product_brand?post=27598"},{"taxonomy":"product_cat","embeddable":true,"href":"https:\/\/www.facecorner.lv\/en\/wp-json\/wp\/v2\/product_cat?post=27598"},{"taxonomy":"product_tag","embeddable":true,"href":"https:\/\/www.facecorner.lv\/en\/wp-json\/wp\/v2\/product_tag?post=27598"},{"taxonomy":"berocket_brand","embeddable":true,"href":"https:\/\/www.facecorner.lv\/en\/wp-json\/wp\/v2\/berocket_brand?post=27598"}],"curies":[{"name":"wp","href":"https:\/\/api.w.org\/{rel}","templated":true}]}}