{"id":27595,"date":"2026-05-07T13:56:47","date_gmt":"2026-05-07T10:56:47","guid":{"rendered":"https:\/\/www.facecorner.lv\/?post_type=product&#038;p=27595"},"modified":"2026-05-07T13:56:47","modified_gmt":"2026-05-07T10:56:47","slug":"dr-nineteen-pore-exosome-v-peptox-gela-toniks-esence-ar-eksosomam-150ml","status":"publish","type":"product","link":"https:\/\/www.facecorner.lv\/en\/shop\/dr-nineteen-pore-exosome-v-peptox-gela-toniks-esence-ar-eksosomam-150ml\/","title":{"rendered":"Dr. Nineteen Pore Exosome V.Peptox g\u0113la toniks -esence ar eksosom\u0101m 150ml"},"content":{"rendered":"<p>Dr. Nineteen \u2013 Pore Exosome V.Peptox g\u0113la toniks -esence ar eksosom\u0101m, pept\u012bdu kompleksu un mitrino\u0161\u0101m sast\u0101vda\u013c\u0101m, kas izstr\u0101d\u0101ts, lai atjaunotu \u0101du, uzlabotu t\u0101s tekst\u016bru un palielin\u0101tu elast\u012bbu. Viegla \u017eelejveida tekst\u016bra \u0101tri ies\u016bcas, dzi\u013ci mitrina un pal\u012bdz padar\u012bt \u0101du glud\u0101ku, \u00abpiepild\u012bt\u0101ku\u00bb un mirdzo\u0161\u0101ku.<\/p>\n<p>L\u012bdzeklis ir paredz\u0113ts \u0101das barjeras atbalstam, bl\u0101vuma mazin\u0101\u0161anai un \u0101das visp\u0101r\u0113j\u0101 st\u0101vok\u013ca uzlabo\u0161anai, pateicoties mitrino\u0161o faktoru, aminosk\u0101bju un sign\u0101lpept\u012bdu kombin\u0101cijai.<\/p>\n<h6>Priek\u0161roc\u012bbas:<\/h6>\n<ul>\n<li>Intens\u012bvi mitrina un m\u012bkstina \u0101du<\/li>\n<li>Atbalsta \u0101das barjeras atjauno\u0161anos un stiprin\u0101\u0161anu<\/li>\n<li>Pal\u012bdz uzlabot \u0101das tekst\u016bru un toni<\/li>\n<li>Padara \u0101du glud\u0101ku un elast\u012bg\u0101ku<\/li>\n<li>Satur pept\u012bdus un eksosomu l\u012bdz\u012bgus komponentus pretnoveco\u0161an\u0101s kop\u0161anai<\/li>\n<li>Piem\u0113rots visiem \u0101das tipiem, ieskaitot dehidr\u0113tu un jut\u012bgu \u0101du<\/li>\n<\/ul>\n<p><strong>How to use:\nAfter cleansing and toning, place the mask sheet on your face and let it rest for 30 minutes.<\/strong> Uzkl\u0101jiet nelielu daudzumu tonika uz att\u012br\u012btas sejas \u0101das ar rok\u0101m vai ar vates disku. Viegli iemas\u0113jiet, l\u012bdz l\u012bdzeklis piln\u012bb\u0101 ies\u016bcies. Lietojiet no r\u012bta un vakar\u0101 k\u0101 pirmo kop\u0161anas posmu p\u0113c sejas mazg\u0101\u0161anas.<\/p>\n<p><strong>Sast\u0101vs:<\/strong> Water, Butylene Glycol, Glycerin, Niacinamide, Propanediol, 1,2-Hexanediol, Pentylene Glycol, Methyl Gluceth-20, Panthenol, Chondrus Crispus Extract, Adenosine, Sodium Hyaluronate, Hydrolyzed Hyaluronic Acid, Hydrolyzed Sodium Hyaluronate, Sodium Acetylated Hyaluronate, Sodium Hyaluronate Crosspolymer, Ceramide NP, Hydrogenated Lecithin, Ectoin, Copper Tripeptide-1, Acetyl Hexapeptide-8, Palmitoyl Pentapeptide-4, Palmitoyl Tripeptide-1, Palmitoyl Tripeptide-5, Glycine Soja (Soybean) Extract, Aloe Barbadensis Extract, Rosmarinus Officinalis Extract, Ethylhexylglycerin, Disodium EDTA, Xanthan Gum, Carbomer, Tromethamine.<\/p>\n<p><strong>Precautions:<\/strong><\/p>\n<ul>\n<li>Tikai \u0101r\u0113jai lieto\u0161anai.<\/li>\n<li>Izvair\u012bties no saskares ar ac\u012bm. Ja produkts nok\u013c\u016bst ac\u012bs, r\u016bp\u012bgi izskalot ar \u016bdeni.<\/li>\n<li>Nelietot uz boj\u0101tas vai iekaisu\u0161as \u0101das.<\/li>\n<li>Ja par\u0101d\u0101s aps\u0101rtums, nieze vai kairin\u0101jums, p\u0101rtraukt lieto\u0161anu.<\/li>\n<li>Pirms pirm\u0101s lieto\u0161anas ieteicams veikt jut\u012bguma testu.<\/li>\n<li>Glab\u0101t b\u0113rniem nepieejam\u0101 viet\u0101.<\/li>\n<li>Sarg\u0101t no tie\u0161as saules gaismas un augst\u0101m temperat\u016br\u0101m.<\/li>\n<\/ul>\n<p><strong>Atbild\u012bga persona:<\/strong><\/p>\n<p>CDRI GERMANY GmbH<\/p>\n<p>Am Kronberger Hang 2, 65824 Schwalbach am Taunus,Germany<\/p>\n<p>eu.cs@cdri.pro.<\/p>","protected":false},"excerpt":{"rendered":"<p>Dr. Nineteen \u2013 Pore Exosome V.Peptox g\u0113la toniks -esence ar eksosom\u0101m, pept\u012bdu kompleksu un mitrino\u0161\u0101m sast\u0101vda\u013c\u0101m, kas izstr\u0101d\u0101ts, lai atjaunotu \u0101du, uzlabotu t\u0101s tekst\u016bru un palielin\u0101tu elast\u012bbu. Viegla \u017eelejveida tekst\u016bra \u0101tri ies\u016bcas, dzi\u013ci mitrina un pal\u012bdz padar\u012bt \u0101du glud\u0101ku, \u00abpiepild\u012bt\u0101ku\u00bb un mirdzo\u0161\u0101ku.<\/p>","protected":false},"featured_media":27596,"comment_status":"open","ping_status":"closed","template":"","meta":{"site-sidebar-layout":"default","site-content-layout":"","ast-site-content-layout":"default","site-content-style":"default","site-sidebar-style":"default","ast-global-header-display":"","ast-banner-title-visibility":"","ast-main-header-display":"","ast-hfb-above-header-display":"","ast-hfb-below-header-display":"","ast-hfb-mobile-header-display":"","site-post-title":"","ast-breadcrumbs-content":"","ast-featured-img":"","footer-sml-layout":"","theme-transparent-header-meta":"default","adv-header-id-meta":"","stick-header-meta":"","header-above-stick-meta":"","header-main-stick-meta":"","header-below-stick-meta":"","astra-migrate-meta-layouts":"set","ast-page-background-enabled":"default","ast-page-background-meta":{"desktop":{"background-color":"var(--ast-global-color-4)","background-image":"","background-repeat":"repeat","background-position":"center center","background-size":"auto","background-attachment":"scroll","background-type":"","background-media":"","overlay-type":"","overlay-color":"","overlay-opacity":"","overlay-gradient":""},"tablet":{"background-color":"","background-image":"","background-repeat":"repeat","background-position":"center center","background-size":"auto","background-attachment":"scroll","background-type":"","background-media":"","overlay-type":"","overlay-color":"","overlay-opacity":"","overlay-gradient":""},"mobile":{"background-color":"","background-image":"","background-repeat":"repeat","background-position":"center center","background-size":"auto","background-attachment":"scroll","background-type":"","background-media":"","overlay-type":"","overlay-color":"","overlay-opacity":"","overlay-gradient":""}},"ast-content-background-meta":{"desktop":{"background-color":"var(--ast-global-color-5)","background-image":"","background-repeat":"repeat","background-position":"center center","background-size":"auto","background-attachment":"scroll","background-type":"","background-media":"","overlay-type":"","overlay-color":"","overlay-opacity":"","overlay-gradient":""},"tablet":{"background-color":"var(--ast-global-color-5)","background-image":"","background-repeat":"repeat","background-position":"center center","background-size":"auto","background-attachment":"scroll","background-type":"","background-media":"","overlay-type":"","overlay-color":"","overlay-opacity":"","overlay-gradient":""},"mobile":{"background-color":"var(--ast-global-color-5)","background-image":"","background-repeat":"repeat","background-position":"center center","background-size":"auto","background-attachment":"scroll","background-type":"","background-media":"","overlay-type":"","overlay-color":"","overlay-opacity":"","overlay-gradient":""}}},"product_brand":[],"product_cat":[375,652,377,378,364],"product_tag":[],"berocket_brand":[693],"class_list":{"0":"post-27595","1":"product","2":"type-product","3":"status-publish","4":"has-post-thumbnail","6":"product_cat-jutigai-adai-toneri","7":"product_cat-pdrn","8":"product_cat-problematiskai-adai-toneri","9":"product_cat-sausai-adai-toneri","10":"product_cat-toneri","11":"berocket_brand-dr-nineteen","12":"desktop-align-left","13":"tablet-align-left","14":"mobile-align-left","16":"first","17":"instock","18":"taxable","19":"shipping-taxable","20":"purchasable","21":"product-type-simple","22":"add-to-wishlist-before_image"},"yoast_head":"<!-- This site is optimized with the Yoast SEO plugin v27.4 - https:\/\/yoast.com\/product\/yoast-seo-wordpress\/ -->\n<title>Dr. Nineteen Pore Exosome V.Peptox g\u0113la toniks -esence ar eksosom\u0101m 150ml - FACECORNER<\/title>\n<meta name=\"description\" content=\"Dr. Nineteen \u2013 Pore Exosome V.Peptox g\u0113la toniks -esence ar eksosom\u0101m, pept\u012bdu kompleksu un mitrino\u0161\u0101m sast\u0101vda\u013c\u0101m, kas izstr\u0101d\u0101ts, lai atjaunotu \u0101du, uzlabotu t\u0101s tekst\u016bru un palielin\u0101tu elast\u012bbu. Viegla \u017eelejveida tekst\u016bra \u0101tri ies\u016bcas, dzi\u013ci mitrina un pal\u012bdz padar\u012bt \u0101du glud\u0101ku, \u00abpiepild\u012bt\u0101ku\u00bb un mirdzo\u0161\u0101ku.\" \/>\n<meta name=\"robots\" content=\"index, follow, max-snippet:-1, max-image-preview:large, max-video-preview:-1\" \/>\n<link rel=\"canonical\" href=\"https:\/\/www.facecorner.lv\/en\/shop\/dr-nineteen-pore-exosome-v-peptox-gela-toniks-esence-ar-eksosomam-150ml\/\" \/>\n<meta property=\"og:locale\" content=\"en_US\" \/>\n<meta property=\"og:type\" content=\"article\" \/>\n<meta property=\"og:title\" content=\"Dr. Nineteen Pore Exosome V.Peptox g\u0113la toniks -esence ar eksosom\u0101m 150ml - FACECORNER\" \/>\n<meta property=\"og:description\" content=\"Dr. Nineteen \u2013 Pore Exosome V.Peptox g\u0113la toniks -esence ar eksosom\u0101m, pept\u012bdu kompleksu un mitrino\u0161\u0101m sast\u0101vda\u013c\u0101m, kas izstr\u0101d\u0101ts, lai atjaunotu \u0101du, uzlabotu t\u0101s tekst\u016bru un palielin\u0101tu elast\u012bbu. Viegla \u017eelejveida tekst\u016bra \u0101tri ies\u016bcas, dzi\u013ci mitrina un pal\u012bdz padar\u012bt \u0101du glud\u0101ku, \u00abpiepild\u012bt\u0101ku\u00bb un mirdzo\u0161\u0101ku.\" \/>\n<meta property=\"og:url\" content=\"https:\/\/www.facecorner.lv\/en\/shop\/dr-nineteen-pore-exosome-v-peptox-gela-toniks-esence-ar-eksosomam-150ml\/\" \/>\n<meta property=\"og:site_name\" content=\"FACECORNER\" \/>\n<meta property=\"article:publisher\" content=\"https:\/\/www.facebook.com\/profile.php?id=100063824551839\" \/>\n<meta property=\"og:image\" content=\"https:\/\/www.facecorner.lv\/wp-content\/uploads\/2026\/05\/PoreXsome_V.Peptox_Jelly_Toner_2.webp\" \/>\n\t<meta property=\"og:image:width\" content=\"900\" \/>\n\t<meta property=\"og:image:height\" content=\"900\" \/>\n\t<meta property=\"og:image:type\" content=\"image\/webp\" \/>\n<meta name=\"twitter:card\" content=\"summary_large_image\" \/>\n<meta name=\"twitter:label1\" content=\"Price\" \/>\n\t<meta name=\"twitter:data1\" content=\"&euro;24.95\" \/>\n\t<meta name=\"twitter:label2\" content=\"Availability\" \/>\n\t<meta name=\"twitter:data2\" content=\"In stock\" \/>\n<script type=\"application\/ld+json\" class=\"yoast-schema-graph\">{\"@context\":\"https:\\\/\\\/schema.org\",\"@graph\":[{\"@type\":\"WebPage\",\"@id\":\"https:\\\/\\\/www.facecorner.lv\\\/shop\\\/dr-nineteen-pore-exosome-v-peptox-gela-toniks-esence-ar-eksosomam-150ml\\\/\",\"url\":\"https:\\\/\\\/www.facecorner.lv\\\/shop\\\/dr-nineteen-pore-exosome-v-peptox-gela-toniks-esence-ar-eksosomam-150ml\\\/\",\"name\":\"Dr. Nineteen Pore Exosome V.Peptox g\u0113la toniks -esence ar eksosom\u0101m 150ml - FACECORNER\",\"isPartOf\":{\"@id\":\"https:\\\/\\\/www.facecorner.lv\\\/#website\"},\"primaryImageOfPage\":{\"@id\":\"https:\\\/\\\/www.facecorner.lv\\\/shop\\\/dr-nineteen-pore-exosome-v-peptox-gela-toniks-esence-ar-eksosomam-150ml\\\/#primaryimage\"},\"image\":{\"@id\":\"https:\\\/\\\/www.facecorner.lv\\\/shop\\\/dr-nineteen-pore-exosome-v-peptox-gela-toniks-esence-ar-eksosomam-150ml\\\/#primaryimage\"},\"thumbnailUrl\":\"https:\\\/\\\/www.facecorner.lv\\\/wp-content\\\/uploads\\\/2026\\\/05\\\/PoreXsome_V.Peptox_Jelly_Toner_2.webp\",\"datePublished\":\"2026-05-07T10:56:47+00:00\",\"description\":\"Dr. Nineteen \u2013 Pore Exosome V.Peptox g\u0113la toniks -esence ar eksosom\u0101m, pept\u012bdu kompleksu un mitrino\u0161\u0101m sast\u0101vda\u013c\u0101m, kas izstr\u0101d\u0101ts, lai atjaunotu \u0101du, uzlabotu t\u0101s tekst\u016bru un palielin\u0101tu elast\u012bbu. Viegla \u017eelejveida tekst\u016bra \u0101tri ies\u016bcas, dzi\u013ci mitrina un pal\u012bdz padar\u012bt \u0101du glud\u0101ku, \u00abpiepild\u012bt\u0101ku\u00bb un mirdzo\u0161\u0101ku.\",\"breadcrumb\":{\"@id\":\"https:\\\/\\\/www.facecorner.lv\\\/shop\\\/dr-nineteen-pore-exosome-v-peptox-gela-toniks-esence-ar-eksosomam-150ml\\\/#breadcrumb\"},\"inLanguage\":\"en-US\",\"potentialAction\":[{\"@type\":\"ReadAction\",\"target\":[\"https:\\\/\\\/www.facecorner.lv\\\/shop\\\/dr-nineteen-pore-exosome-v-peptox-gela-toniks-esence-ar-eksosomam-150ml\\\/\"]}]},{\"@type\":\"ImageObject\",\"inLanguage\":\"en-US\",\"@id\":\"https:\\\/\\\/www.facecorner.lv\\\/shop\\\/dr-nineteen-pore-exosome-v-peptox-gela-toniks-esence-ar-eksosomam-150ml\\\/#primaryimage\",\"url\":\"https:\\\/\\\/www.facecorner.lv\\\/wp-content\\\/uploads\\\/2026\\\/05\\\/PoreXsome_V.Peptox_Jelly_Toner_2.webp\",\"contentUrl\":\"https:\\\/\\\/www.facecorner.lv\\\/wp-content\\\/uploads\\\/2026\\\/05\\\/PoreXsome_V.Peptox_Jelly_Toner_2.webp\",\"width\":900,\"height\":900,\"caption\":\"Dr. Nineteen Pore Exosome V.Peptox\"},{\"@type\":\"BreadcrumbList\",\"@id\":\"https:\\\/\\\/www.facecorner.lv\\\/shop\\\/dr-nineteen-pore-exosome-v-peptox-gela-toniks-esence-ar-eksosomam-150ml\\\/#breadcrumb\",\"itemListElement\":[{\"@type\":\"ListItem\",\"position\":1,\"name\":\"Home\",\"item\":\"https:\\\/\\\/www.facecorner.lv\\\/\"},{\"@type\":\"ListItem\",\"position\":2,\"name\":\"Veikals\",\"item\":\"https:\\\/\\\/www.facecorner.lv\\\/shop\\\/\"},{\"@type\":\"ListItem\",\"position\":3,\"name\":\"Dr. Nineteen Pore Exosome V.Peptox g\u0113la toniks -esence ar eksosom\u0101m 150ml\"}]},{\"@type\":\"WebSite\",\"@id\":\"https:\\\/\\\/www.facecorner.lv\\\/#website\",\"url\":\"https:\\\/\\\/www.facecorner.lv\\\/\",\"name\":\"Facecorner\",\"description\":\"\",\"publisher\":{\"@id\":\"https:\\\/\\\/www.facecorner.lv\\\/#organization\"},\"potentialAction\":[{\"@type\":\"SearchAction\",\"target\":{\"@type\":\"EntryPoint\",\"urlTemplate\":\"https:\\\/\\\/www.facecorner.lv\\\/?s={search_term_string}\"},\"query-input\":{\"@type\":\"PropertyValueSpecification\",\"valueRequired\":true,\"valueName\":\"search_term_string\"}}],\"inLanguage\":\"en-US\"},{\"@type\":\"Organization\",\"@id\":\"https:\\\/\\\/www.facecorner.lv\\\/#organization\",\"name\":\"Facecorner\",\"url\":\"https:\\\/\\\/www.facecorner.lv\\\/\",\"logo\":{\"@type\":\"ImageObject\",\"inLanguage\":\"en-US\",\"@id\":\"https:\\\/\\\/www.facecorner.lv\\\/#\\\/schema\\\/logo\\\/image\\\/\",\"url\":\"https:\\\/\\\/www.facecorner.lv\\\/wp-content\\\/uploads\\\/2024\\\/04\\\/fc-logo.jpg\",\"contentUrl\":\"https:\\\/\\\/www.facecorner.lv\\\/wp-content\\\/uploads\\\/2024\\\/04\\\/fc-logo.jpg\",\"width\":174,\"height\":28,\"caption\":\"Facecorner\"},\"image\":{\"@id\":\"https:\\\/\\\/www.facecorner.lv\\\/#\\\/schema\\\/logo\\\/image\\\/\"},\"sameAs\":[\"https:\\\/\\\/www.facebook.com\\\/profile.php?id=100063824551839\",\"https:\\\/\\\/www.instagram.com\\\/facecorner_shop\\\/\"]}]}<\/script>\n<meta property=\"product:price:amount\" content=\"24.95\" \/>\n<meta property=\"product:price:currency\" content=\"EUR\" \/>\n<meta property=\"og:availability\" content=\"instock\" \/>\n<meta property=\"product:availability\" content=\"instock\" \/>\n<meta property=\"product:condition\" content=\"new\" \/>\n<!-- \/ Yoast SEO plugin. -->","yoast_head_json":{"title":"Dr. Nineteen Pore Exosome V.Peptox g\u0113la toniks -esence ar eksosom\u0101m 150ml - FACECORNER","description":"Dr. Nineteen \u2013 Pore Exosome V.Peptox g\u0113la toniks -esence ar eksosom\u0101m, pept\u012bdu kompleksu un mitrino\u0161\u0101m sast\u0101vda\u013c\u0101m, kas izstr\u0101d\u0101ts, lai atjaunotu \u0101du, uzlabotu t\u0101s tekst\u016bru un palielin\u0101tu elast\u012bbu. Viegla \u017eelejveida tekst\u016bra \u0101tri ies\u016bcas, dzi\u013ci mitrina un pal\u012bdz padar\u012bt \u0101du glud\u0101ku, \u00abpiepild\u012bt\u0101ku\u00bb un mirdzo\u0161\u0101ku.","robots":{"index":"index","follow":"follow","max-snippet":"max-snippet:-1","max-image-preview":"max-image-preview:large","max-video-preview":"max-video-preview:-1"},"canonical":"https:\/\/www.facecorner.lv\/en\/shop\/dr-nineteen-pore-exosome-v-peptox-gela-toniks-esence-ar-eksosomam-150ml\/","og_locale":"en_US","og_type":"article","og_title":"Dr. Nineteen Pore Exosome V.Peptox g\u0113la toniks -esence ar eksosom\u0101m 150ml - FACECORNER","og_description":"Dr. Nineteen \u2013 Pore Exosome V.Peptox g\u0113la toniks -esence ar eksosom\u0101m, pept\u012bdu kompleksu un mitrino\u0161\u0101m sast\u0101vda\u013c\u0101m, kas izstr\u0101d\u0101ts, lai atjaunotu \u0101du, uzlabotu t\u0101s tekst\u016bru un palielin\u0101tu elast\u012bbu. Viegla \u017eelejveida tekst\u016bra \u0101tri ies\u016bcas, dzi\u013ci mitrina un pal\u012bdz padar\u012bt \u0101du glud\u0101ku, \u00abpiepild\u012bt\u0101ku\u00bb un mirdzo\u0161\u0101ku.","og_url":"https:\/\/www.facecorner.lv\/en\/shop\/dr-nineteen-pore-exosome-v-peptox-gela-toniks-esence-ar-eksosomam-150ml\/","og_site_name":"FACECORNER","article_publisher":"https:\/\/www.facebook.com\/profile.php?id=100063824551839","og_image":[{"width":900,"height":900,"url":"https:\/\/www.facecorner.lv\/wp-content\/uploads\/2026\/05\/PoreXsome_V.Peptox_Jelly_Toner_2.webp","type":"image\/webp"}],"twitter_card":"summary_large_image","twitter_misc":{"Price":"&euro;24.95","Availability":"In stock"},"schema":{"@context":"https:\/\/schema.org","@graph":[{"@type":"WebPage","@id":"https:\/\/www.facecorner.lv\/shop\/dr-nineteen-pore-exosome-v-peptox-gela-toniks-esence-ar-eksosomam-150ml\/","url":"https:\/\/www.facecorner.lv\/shop\/dr-nineteen-pore-exosome-v-peptox-gela-toniks-esence-ar-eksosomam-150ml\/","name":"Dr. Nineteen Pore Exosome V.Peptox g\u0113la toniks -esence ar eksosom\u0101m 150ml - FACECORNER","isPartOf":{"@id":"https:\/\/www.facecorner.lv\/#website"},"primaryImageOfPage":{"@id":"https:\/\/www.facecorner.lv\/shop\/dr-nineteen-pore-exosome-v-peptox-gela-toniks-esence-ar-eksosomam-150ml\/#primaryimage"},"image":{"@id":"https:\/\/www.facecorner.lv\/shop\/dr-nineteen-pore-exosome-v-peptox-gela-toniks-esence-ar-eksosomam-150ml\/#primaryimage"},"thumbnailUrl":"https:\/\/www.facecorner.lv\/wp-content\/uploads\/2026\/05\/PoreXsome_V.Peptox_Jelly_Toner_2.webp","datePublished":"2026-05-07T10:56:47+00:00","description":"Dr. Nineteen \u2013 Pore Exosome V.Peptox g\u0113la toniks -esence ar eksosom\u0101m, pept\u012bdu kompleksu un mitrino\u0161\u0101m sast\u0101vda\u013c\u0101m, kas izstr\u0101d\u0101ts, lai atjaunotu \u0101du, uzlabotu t\u0101s tekst\u016bru un palielin\u0101tu elast\u012bbu. Viegla \u017eelejveida tekst\u016bra \u0101tri ies\u016bcas, dzi\u013ci mitrina un pal\u012bdz padar\u012bt \u0101du glud\u0101ku, \u00abpiepild\u012bt\u0101ku\u00bb un mirdzo\u0161\u0101ku.","breadcrumb":{"@id":"https:\/\/www.facecorner.lv\/shop\/dr-nineteen-pore-exosome-v-peptox-gela-toniks-esence-ar-eksosomam-150ml\/#breadcrumb"},"inLanguage":"en-US","potentialAction":[{"@type":"ReadAction","target":["https:\/\/www.facecorner.lv\/shop\/dr-nineteen-pore-exosome-v-peptox-gela-toniks-esence-ar-eksosomam-150ml\/"]}]},{"@type":"ImageObject","inLanguage":"en-US","@id":"https:\/\/www.facecorner.lv\/shop\/dr-nineteen-pore-exosome-v-peptox-gela-toniks-esence-ar-eksosomam-150ml\/#primaryimage","url":"https:\/\/www.facecorner.lv\/wp-content\/uploads\/2026\/05\/PoreXsome_V.Peptox_Jelly_Toner_2.webp","contentUrl":"https:\/\/www.facecorner.lv\/wp-content\/uploads\/2026\/05\/PoreXsome_V.Peptox_Jelly_Toner_2.webp","width":900,"height":900,"caption":"Dr. Nineteen Pore Exosome V.Peptox"},{"@type":"BreadcrumbList","@id":"https:\/\/www.facecorner.lv\/shop\/dr-nineteen-pore-exosome-v-peptox-gela-toniks-esence-ar-eksosomam-150ml\/#breadcrumb","itemListElement":[{"@type":"ListItem","position":1,"name":"Home","item":"https:\/\/www.facecorner.lv\/"},{"@type":"ListItem","position":2,"name":"Veikals","item":"https:\/\/www.facecorner.lv\/shop\/"},{"@type":"ListItem","position":3,"name":"Dr. Nineteen Pore Exosome V.Peptox g\u0113la toniks -esence ar eksosom\u0101m 150ml"}]},{"@type":"WebSite","@id":"https:\/\/www.facecorner.lv\/#website","url":"https:\/\/www.facecorner.lv\/","name":"Facecorner","description":"","publisher":{"@id":"https:\/\/www.facecorner.lv\/#organization"},"potentialAction":[{"@type":"SearchAction","target":{"@type":"EntryPoint","urlTemplate":"https:\/\/www.facecorner.lv\/?s={search_term_string}"},"query-input":{"@type":"PropertyValueSpecification","valueRequired":true,"valueName":"search_term_string"}}],"inLanguage":"en-US"},{"@type":"Organization","@id":"https:\/\/www.facecorner.lv\/#organization","name":"Facecorner","url":"https:\/\/www.facecorner.lv\/","logo":{"@type":"ImageObject","inLanguage":"en-US","@id":"https:\/\/www.facecorner.lv\/#\/schema\/logo\/image\/","url":"https:\/\/www.facecorner.lv\/wp-content\/uploads\/2024\/04\/fc-logo.jpg","contentUrl":"https:\/\/www.facecorner.lv\/wp-content\/uploads\/2024\/04\/fc-logo.jpg","width":174,"height":28,"caption":"Facecorner"},"image":{"@id":"https:\/\/www.facecorner.lv\/#\/schema\/logo\/image\/"},"sameAs":["https:\/\/www.facebook.com\/profile.php?id=100063824551839","https:\/\/www.instagram.com\/facecorner_shop\/"]}]},"product_price_amount":"24.95","product_price_currency":"EUR","og_availability":"instock","product_availability":"instock","product_condition":"new"},"_links":{"self":[{"href":"https:\/\/www.facecorner.lv\/en\/wp-json\/wp\/v2\/product\/27595","targetHints":{"allow":["GET"]}}],"collection":[{"href":"https:\/\/www.facecorner.lv\/en\/wp-json\/wp\/v2\/product"}],"about":[{"href":"https:\/\/www.facecorner.lv\/en\/wp-json\/wp\/v2\/types\/product"}],"replies":[{"embeddable":true,"href":"https:\/\/www.facecorner.lv\/en\/wp-json\/wp\/v2\/comments?post=27595"}],"wp:featuredmedia":[{"embeddable":true,"href":"https:\/\/www.facecorner.lv\/en\/wp-json\/wp\/v2\/media\/27596"}],"wp:attachment":[{"href":"https:\/\/www.facecorner.lv\/en\/wp-json\/wp\/v2\/media?parent=27595"}],"wp:term":[{"taxonomy":"product_brand","embeddable":true,"href":"https:\/\/www.facecorner.lv\/en\/wp-json\/wp\/v2\/product_brand?post=27595"},{"taxonomy":"product_cat","embeddable":true,"href":"https:\/\/www.facecorner.lv\/en\/wp-json\/wp\/v2\/product_cat?post=27595"},{"taxonomy":"product_tag","embeddable":true,"href":"https:\/\/www.facecorner.lv\/en\/wp-json\/wp\/v2\/product_tag?post=27595"},{"taxonomy":"berocket_brand","embeddable":true,"href":"https:\/\/www.facecorner.lv\/en\/wp-json\/wp\/v2\/berocket_brand?post=27595"}],"curies":[{"name":"wp","href":"https:\/\/api.w.org\/{rel}","templated":true}]}}