{"id":27530,"date":"2026-04-21T15:42:28","date_gmt":"2026-04-21T12:42:28","guid":{"rendered":"https:\/\/www.facecorner.lv\/?post_type=product&#038;p=27530"},"modified":"2026-04-21T15:42:29","modified_gmt":"2026-04-21T12:42:29","slug":"mediheal-derma-modeling-pack-alginata-maska","status":"publish","type":"product","link":"https:\/\/www.facecorner.lv\/en\/shop\/mediheal-derma-modeling-pack-alginata-maska\/","title":{"rendered":"Mediheal Derma Modeling Pack algin\u0101ta maska"},"content":{"rendered":"<p>Mediheal model\u0113jo\u0161\u0101 maska\u00a0 t\u0101 ir pilnv\u0113rt\u012bga SPA proced\u016bra m\u0101j\u0101s. \u0160is l\u012bdzeklis ir algin\u0101ta maska, kas p\u0113c sajauk\u0161anas ar \u016bdeni p\u0101rv\u0113r\u0161as bl\u012bv\u0101 gumijas tekst\u016br\u0101, cie\u0161i piek\u013caujoties \u0101dai un veicinot akt\u012bvo sast\u0101vda\u013cu ies\u016bk\u0161anos.<\/p>\n<p>Maska nodro\u0161ina intens\u012bvu kop\u0161anu: dzi\u013ci mitrina, uzlabo \u0101das toni, palielina t\u0101s elast\u012bbu un pal\u012bdz \u0101tri atg\u016bt svaigu, koptu izskatu. Jau p\u0113c pirm\u0101s lieto\u0161anas reizes \u0101da k\u013c\u016bst glud\u0101ka, mirdzo\u0161\u0101ka un barota.<\/p>\n<p>Piem\u0113rota regul\u0101rai kop\u0161anai m\u0101j\u0101s un pal\u012bdz sasniegt salona proced\u016bras efektu.<\/p>\n<p>Veidi un iedarb\u012bba:<\/p>\n<ul>\n<li><strong>Vitamin Brightening<\/strong> \u2014 izgaismo un pie\u0161\u0137ir \u0101dai mirdzumu<\/li>\n<li><strong>Collagen Firming<\/strong> \u2014 uzlabo \u0101das stingr\u012bbu un elast\u012bbu<\/li>\n<li><strong>Hyaluronate Moisture<\/strong> \u2014 intens\u012bvi mitrina un nov\u0113r\u0161 sausumu<\/li>\n<li><strong>Teatree Calming<\/strong> \u2014 nomierina un regul\u0113 \u0101das taukain\u012bbu<\/li>\n<li><strong>Madecassoside<\/strong> \u2014 mazina kairin\u0101jumu un atjauno \u0101du<\/li>\n<\/ul>\n<p><strong>Priek\u0161roc\u012bbas:<\/strong><\/p>\n<ul>\n<li>Salona algin\u0101ta maskas efekts m\u0101j\u0101s<\/li>\n<li>Dzi\u013ci mitrina un baro \u0101du<\/li>\n<li>Uzlabo \u0101das tekst\u016bru un toni<\/li>\n<li>Cie\u0161i piegu\u013c, nodro\u0161inot maksim\u0101lu efektu<\/li>\n<li>\u0100tri redzami rezult\u0101ti jau p\u0113c pirm\u0101s lieto\u0161anas reizes<\/li>\n<\/ul>\n<p><strong>How to use:\nAfter cleansing and toning, place the mask sheet on your face and let it rest for 30 minutes.<\/strong><\/p>\n<ol>\n<li>Uzkl\u0101jiet ampulu (iek\u013cauta komplekt\u0101) uz att\u012br\u012btas \u0101das<\/li>\n<li>Sajauciet pulveri ar \u016bdeni (aptuveni 50 ml)<\/li>\n<li>\u0100tri uzkl\u0101jiet masku uz sejas<\/li>\n<li>Atst\u0101jiet uz 15\u201320 min\u016bt\u0113m, l\u012bdz maska saciet\u0113<\/li>\n<li>No\u0146emiet masku un iemas\u0113jiet atliku\u0161o esenci<\/li>\n<\/ol>\n<p class=\"translation-block\">Sast\u0101vs:<\/p>\n<p data-start=\"272\" data-end=\"458\"><strong data-start=\"272\" data-end=\"293\">Ampoule:<\/strong><br data-start=\"293\" data-end=\"296\" \/>Water, Dipropylene Glycol, Glycerin, Niacinamide, Panthenol, Sodium Hyaluronate, Glutathione, Ascorbic Acid, Alpha-Arbutin, Citrus Extracts, Allantoin, Adenosine.<\/p>\n<p data-start=\"460\" data-end=\"620\"><strong data-start=\"460\" data-end=\"490\">Modeling Powder :<\/strong><br data-start=\"490\" data-end=\"493\" \/>Diatomaceous Earth, Algin, Calcium Sulfate, Kaolin, Glucose, Niacinamide, Panthenol, Sodium Hyaluronate, Plant Extract Complex.<\/p>\n<p><strong>Piesardzibas pas\u0101kumi lieto\u0161an\u0101<\/strong>:<\/p>\n<ul>\n<li>\u00a0Tikai \u0101r\u012bgai lieto\u0161anai.<\/li>\n<li>Izvair\u012bties no saskares ar ac\u012bm.<\/li>\n<li>Saskares gad\u012bjum\u0101 izskalot ar \u016bdeni.<\/li>\n<li>Ja rodas kairin\u0101jums vai aler\u0123iska reakcija, p\u0101rtraukt lieto\u0161anu.<\/li>\n<li>Uzglab\u0101t b\u0113rniem nepieejam\u0101 viet\u0101.<\/li>\n<\/ul>\n<p><strong class=\"Yjhzub\" data-sfc-root=\"c\" data-sfc-cb=\"\" data-processed=\"true\">Atbild\u012bga persona:<\/strong><\/p>\n<p>Obelis s.a. (located at Bd G\u00e9n\u00e9ral Wahis 53, B-1030 Brussels, Belgium).<\/p>\n<p>hello@obelis.net<\/p>","protected":false},"excerpt":{"rendered":"<p>Mediheal model\u0113jo\u0161\u0101 maska\u00a0 t\u0101 ir pilnv\u0113rt\u012bga SPA proced\u016bra m\u0101j\u0101s. \u0160is l\u012bdzeklis ir algin\u0101ta maska, kas p\u0113c sajauk\u0161anas ar \u016bdeni p\u0101rv\u0113r\u0161as bl\u012bv\u0101 gumijas tekst\u016br\u0101, cie\u0161i piek\u013caujoties \u0101dai un veicinot akt\u012bvo sast\u0101vda\u013cu ies\u016bk\u0161anos.<\/p>","protected":false},"featured_media":27536,"comment_status":"open","ping_status":"closed","template":"","meta":{"site-sidebar-layout":"default","site-content-layout":"","ast-site-content-layout":"default","site-content-style":"default","site-sidebar-style":"default","ast-global-header-display":"","ast-banner-title-visibility":"","ast-main-header-display":"","ast-hfb-above-header-display":"","ast-hfb-below-header-display":"","ast-hfb-mobile-header-display":"","site-post-title":"","ast-breadcrumbs-content":"","ast-featured-img":"","footer-sml-layout":"","theme-transparent-header-meta":"default","adv-header-id-meta":"","stick-header-meta":"","header-above-stick-meta":"","header-main-stick-meta":"","header-below-stick-meta":"","astra-migrate-meta-layouts":"set","ast-page-background-enabled":"default","ast-page-background-meta":{"desktop":{"background-color":"var(--ast-global-color-4)","background-image":"","background-repeat":"repeat","background-position":"center center","background-size":"auto","background-attachment":"scroll","background-type":"","background-media":"","overlay-type":"","overlay-color":"","overlay-opacity":"","overlay-gradient":""},"tablet":{"background-color":"","background-image":"","background-repeat":"repeat","background-position":"center center","background-size":"auto","background-attachment":"scroll","background-type":"","background-media":"","overlay-type":"","overlay-color":"","overlay-opacity":"","overlay-gradient":""},"mobile":{"background-color":"","background-image":"","background-repeat":"repeat","background-position":"center center","background-size":"auto","background-attachment":"scroll","background-type":"","background-media":"","overlay-type":"","overlay-color":"","overlay-opacity":"","overlay-gradient":""}},"ast-content-background-meta":{"desktop":{"background-color":"var(--ast-global-color-5)","background-image":"","background-repeat":"repeat","background-position":"center center","background-size":"auto","background-attachment":"scroll","background-type":"","background-media":"","overlay-type":"","overlay-color":"","overlay-opacity":"","overlay-gradient":""},"tablet":{"background-color":"var(--ast-global-color-5)","background-image":"","background-repeat":"repeat","background-position":"center center","background-size":"auto","background-attachment":"scroll","background-type":"","background-media":"","overlay-type":"","overlay-color":"","overlay-opacity":"","overlay-gradient":""},"mobile":{"background-color":"var(--ast-global-color-5)","background-image":"","background-repeat":"repeat","background-position":"center center","background-size":"auto","background-attachment":"scroll","background-type":"","background-media":"","overlay-type":"","overlay-color":"","overlay-opacity":"","overlay-gradient":""}}},"product_brand":[],"product_cat":[323,315],"product_tag":[],"berocket_brand":[681],"class_list":{"0":"post-27530","1":"product","2":"type-product","3":"status-publish","4":"has-post-thumbnail","6":"product_cat-alginatu","7":"product_cat-maskas","8":"berocket_brand-mediheal","9":"desktop-align-left","10":"tablet-align-left","11":"mobile-align-left","13":"first","14":"instock","15":"taxable","16":"shipping-taxable","17":"purchasable","18":"product-type-variable","19":"add-to-wishlist-before_image"},"yoast_head":"<!-- This site is optimized with the Yoast SEO plugin v27.4 - https:\/\/yoast.com\/product\/yoast-seo-wordpress\/ -->\n<title>Mediheal Derma Modeling Pack algin\u0101ta maska - FACECORNER<\/title>\n<meta name=\"description\" content=\"Mediheal model\u0113jo\u0161\u0101 maska\u00a0 t\u0101 ir pilnv\u0113rt\u012bga SPA proced\u016bra m\u0101j\u0101s. \u0160is l\u012bdzeklis ir algin\u0101ta maska, kas p\u0113c sajauk\u0161anas ar \u016bdeni p\u0101rv\u0113r\u0161as bl\u012bv\u0101 gumijas tekst\u016br\u0101, cie\u0161i piek\u013caujoties \u0101dai un veicinot akt\u012bvo sast\u0101vda\u013cu ies\u016bk\u0161anos.\" \/>\n<meta name=\"robots\" content=\"index, follow, max-snippet:-1, max-image-preview:large, max-video-preview:-1\" \/>\n<link rel=\"canonical\" href=\"https:\/\/www.facecorner.lv\/en\/shop\/mediheal-derma-modeling-pack-alginata-maska\/\" \/>\n<meta property=\"og:locale\" content=\"en_US\" \/>\n<meta property=\"og:type\" content=\"article\" \/>\n<meta property=\"og:title\" content=\"Mediheal Derma Modeling Pack algin\u0101ta maska - FACECORNER\" \/>\n<meta property=\"og:description\" content=\"Mediheal model\u0113jo\u0161\u0101 maska\u00a0 t\u0101 ir pilnv\u0113rt\u012bga SPA proced\u016bra m\u0101j\u0101s. \u0160is l\u012bdzeklis ir algin\u0101ta maska, kas p\u0113c sajauk\u0161anas ar \u016bdeni p\u0101rv\u0113r\u0161as bl\u012bv\u0101 gumijas tekst\u016br\u0101, cie\u0161i piek\u013caujoties \u0101dai un veicinot akt\u012bvo sast\u0101vda\u013cu ies\u016bk\u0161anos.\" \/>\n<meta property=\"og:url\" content=\"https:\/\/www.facecorner.lv\/en\/shop\/mediheal-derma-modeling-pack-alginata-maska\/\" \/>\n<meta property=\"og:site_name\" content=\"FACECORNER\" \/>\n<meta property=\"article:publisher\" content=\"https:\/\/www.facebook.com\/profile.php?id=100063824551839\" \/>\n<meta property=\"article:modified_time\" content=\"2026-04-21T12:42:29+00:00\" \/>\n<meta property=\"og:image\" content=\"https:\/\/www.facecorner.lv\/wp-content\/uploads\/2026\/04\/s-l1200.jpg\" \/>\n\t<meta property=\"og:image:width\" content=\"800\" \/>\n\t<meta property=\"og:image:height\" content=\"800\" \/>\n\t<meta property=\"og:image:type\" content=\"image\/jpeg\" \/>\n<meta name=\"twitter:card\" content=\"summary_large_image\" \/>\n<meta name=\"twitter:label1\" content=\"Availability\" \/>\n\t<meta name=\"twitter:data1\" content=\"In stock\" \/>\n<script type=\"application\/ld+json\" class=\"yoast-schema-graph\">{\"@context\":\"https:\\\/\\\/schema.org\",\"@graph\":[{\"@type\":\"WebPage\",\"@id\":\"https:\\\/\\\/www.facecorner.lv\\\/shop\\\/mediheal-derma-modeling-pack-alginata-maska\\\/\",\"url\":\"https:\\\/\\\/www.facecorner.lv\\\/shop\\\/mediheal-derma-modeling-pack-alginata-maska\\\/\",\"name\":\"Mediheal Derma Modeling Pack algin\u0101ta maska - FACECORNER\",\"isPartOf\":{\"@id\":\"https:\\\/\\\/www.facecorner.lv\\\/#website\"},\"primaryImageOfPage\":{\"@id\":\"https:\\\/\\\/www.facecorner.lv\\\/shop\\\/mediheal-derma-modeling-pack-alginata-maska\\\/#primaryimage\"},\"image\":{\"@id\":\"https:\\\/\\\/www.facecorner.lv\\\/shop\\\/mediheal-derma-modeling-pack-alginata-maska\\\/#primaryimage\"},\"thumbnailUrl\":\"https:\\\/\\\/www.facecorner.lv\\\/wp-content\\\/uploads\\\/2026\\\/04\\\/s-l1200.jpg\",\"datePublished\":\"2026-04-21T12:42:28+00:00\",\"dateModified\":\"2026-04-21T12:42:29+00:00\",\"description\":\"Mediheal model\u0113jo\u0161\u0101 maska\u00a0 t\u0101 ir pilnv\u0113rt\u012bga SPA proced\u016bra m\u0101j\u0101s. \u0160is l\u012bdzeklis ir algin\u0101ta maska, kas p\u0113c sajauk\u0161anas ar \u016bdeni p\u0101rv\u0113r\u0161as bl\u012bv\u0101 gumijas tekst\u016br\u0101, cie\u0161i piek\u013caujoties \u0101dai un veicinot akt\u012bvo sast\u0101vda\u013cu ies\u016bk\u0161anos.\",\"breadcrumb\":{\"@id\":\"https:\\\/\\\/www.facecorner.lv\\\/shop\\\/mediheal-derma-modeling-pack-alginata-maska\\\/#breadcrumb\"},\"inLanguage\":\"en-US\",\"potentialAction\":[{\"@type\":\"ReadAction\",\"target\":[\"https:\\\/\\\/www.facecorner.lv\\\/shop\\\/mediheal-derma-modeling-pack-alginata-maska\\\/\"]}]},{\"@type\":\"ImageObject\",\"inLanguage\":\"en-US\",\"@id\":\"https:\\\/\\\/www.facecorner.lv\\\/shop\\\/mediheal-derma-modeling-pack-alginata-maska\\\/#primaryimage\",\"url\":\"https:\\\/\\\/www.facecorner.lv\\\/wp-content\\\/uploads\\\/2026\\\/04\\\/s-l1200.jpg\",\"contentUrl\":\"https:\\\/\\\/www.facecorner.lv\\\/wp-content\\\/uploads\\\/2026\\\/04\\\/s-l1200.jpg\",\"width\":800,\"height\":800,\"caption\":\"Mediheal Derma Modeling Pack\"},{\"@type\":\"BreadcrumbList\",\"@id\":\"https:\\\/\\\/www.facecorner.lv\\\/shop\\\/mediheal-derma-modeling-pack-alginata-maska\\\/#breadcrumb\",\"itemListElement\":[{\"@type\":\"ListItem\",\"position\":1,\"name\":\"Home\",\"item\":\"https:\\\/\\\/www.facecorner.lv\\\/\"},{\"@type\":\"ListItem\",\"position\":2,\"name\":\"Veikals\",\"item\":\"https:\\\/\\\/www.facecorner.lv\\\/shop\\\/\"},{\"@type\":\"ListItem\",\"position\":3,\"name\":\"Mediheal Derma Modeling Pack algin\u0101ta maska\"}]},{\"@type\":\"WebSite\",\"@id\":\"https:\\\/\\\/www.facecorner.lv\\\/#website\",\"url\":\"https:\\\/\\\/www.facecorner.lv\\\/\",\"name\":\"Facecorner\",\"description\":\"\",\"publisher\":{\"@id\":\"https:\\\/\\\/www.facecorner.lv\\\/#organization\"},\"potentialAction\":[{\"@type\":\"SearchAction\",\"target\":{\"@type\":\"EntryPoint\",\"urlTemplate\":\"https:\\\/\\\/www.facecorner.lv\\\/?s={search_term_string}\"},\"query-input\":{\"@type\":\"PropertyValueSpecification\",\"valueRequired\":true,\"valueName\":\"search_term_string\"}}],\"inLanguage\":\"en-US\"},{\"@type\":\"Organization\",\"@id\":\"https:\\\/\\\/www.facecorner.lv\\\/#organization\",\"name\":\"Facecorner\",\"url\":\"https:\\\/\\\/www.facecorner.lv\\\/\",\"logo\":{\"@type\":\"ImageObject\",\"inLanguage\":\"en-US\",\"@id\":\"https:\\\/\\\/www.facecorner.lv\\\/#\\\/schema\\\/logo\\\/image\\\/\",\"url\":\"https:\\\/\\\/www.facecorner.lv\\\/wp-content\\\/uploads\\\/2024\\\/04\\\/fc-logo.jpg\",\"contentUrl\":\"https:\\\/\\\/www.facecorner.lv\\\/wp-content\\\/uploads\\\/2024\\\/04\\\/fc-logo.jpg\",\"width\":174,\"height\":28,\"caption\":\"Facecorner\"},\"image\":{\"@id\":\"https:\\\/\\\/www.facecorner.lv\\\/#\\\/schema\\\/logo\\\/image\\\/\"},\"sameAs\":[\"https:\\\/\\\/www.facebook.com\\\/profile.php?id=100063824551839\",\"https:\\\/\\\/www.instagram.com\\\/facecorner_shop\\\/\"]}]}<\/script>\n<meta property=\"og:availability\" content=\"instock\" \/>\n<meta property=\"product:availability\" content=\"instock\" \/>\n<meta property=\"product:condition\" content=\"new\" \/>\n<!-- \/ Yoast SEO plugin. -->","yoast_head_json":{"title":"Mediheal Derma Modeling Pack algin\u0101ta maska - FACECORNER","description":"Mediheal model\u0113jo\u0161\u0101 maska\u00a0 t\u0101 ir pilnv\u0113rt\u012bga SPA proced\u016bra m\u0101j\u0101s. \u0160is l\u012bdzeklis ir algin\u0101ta maska, kas p\u0113c sajauk\u0161anas ar \u016bdeni p\u0101rv\u0113r\u0161as bl\u012bv\u0101 gumijas tekst\u016br\u0101, cie\u0161i piek\u013caujoties \u0101dai un veicinot akt\u012bvo sast\u0101vda\u013cu ies\u016bk\u0161anos.","robots":{"index":"index","follow":"follow","max-snippet":"max-snippet:-1","max-image-preview":"max-image-preview:large","max-video-preview":"max-video-preview:-1"},"canonical":"https:\/\/www.facecorner.lv\/en\/shop\/mediheal-derma-modeling-pack-alginata-maska\/","og_locale":"en_US","og_type":"article","og_title":"Mediheal Derma Modeling Pack algin\u0101ta maska - FACECORNER","og_description":"Mediheal model\u0113jo\u0161\u0101 maska\u00a0 t\u0101 ir pilnv\u0113rt\u012bga SPA proced\u016bra m\u0101j\u0101s. \u0160is l\u012bdzeklis ir algin\u0101ta maska, kas p\u0113c sajauk\u0161anas ar \u016bdeni p\u0101rv\u0113r\u0161as bl\u012bv\u0101 gumijas tekst\u016br\u0101, cie\u0161i piek\u013caujoties \u0101dai un veicinot akt\u012bvo sast\u0101vda\u013cu ies\u016bk\u0161anos.","og_url":"https:\/\/www.facecorner.lv\/en\/shop\/mediheal-derma-modeling-pack-alginata-maska\/","og_site_name":"FACECORNER","article_publisher":"https:\/\/www.facebook.com\/profile.php?id=100063824551839","article_modified_time":"2026-04-21T12:42:29+00:00","og_image":[{"width":800,"height":800,"url":"https:\/\/www.facecorner.lv\/wp-content\/uploads\/2026\/04\/s-l1200.jpg","type":"image\/jpeg"}],"twitter_card":"summary_large_image","twitter_misc":{"Availability":"In stock"},"schema":{"@context":"https:\/\/schema.org","@graph":[{"@type":"WebPage","@id":"https:\/\/www.facecorner.lv\/shop\/mediheal-derma-modeling-pack-alginata-maska\/","url":"https:\/\/www.facecorner.lv\/shop\/mediheal-derma-modeling-pack-alginata-maska\/","name":"Mediheal Derma Modeling Pack algin\u0101ta maska - FACECORNER","isPartOf":{"@id":"https:\/\/www.facecorner.lv\/#website"},"primaryImageOfPage":{"@id":"https:\/\/www.facecorner.lv\/shop\/mediheal-derma-modeling-pack-alginata-maska\/#primaryimage"},"image":{"@id":"https:\/\/www.facecorner.lv\/shop\/mediheal-derma-modeling-pack-alginata-maska\/#primaryimage"},"thumbnailUrl":"https:\/\/www.facecorner.lv\/wp-content\/uploads\/2026\/04\/s-l1200.jpg","datePublished":"2026-04-21T12:42:28+00:00","dateModified":"2026-04-21T12:42:29+00:00","description":"Mediheal model\u0113jo\u0161\u0101 maska\u00a0 t\u0101 ir pilnv\u0113rt\u012bga SPA proced\u016bra m\u0101j\u0101s. \u0160is l\u012bdzeklis ir algin\u0101ta maska, kas p\u0113c sajauk\u0161anas ar \u016bdeni p\u0101rv\u0113r\u0161as bl\u012bv\u0101 gumijas tekst\u016br\u0101, cie\u0161i piek\u013caujoties \u0101dai un veicinot akt\u012bvo sast\u0101vda\u013cu ies\u016bk\u0161anos.","breadcrumb":{"@id":"https:\/\/www.facecorner.lv\/shop\/mediheal-derma-modeling-pack-alginata-maska\/#breadcrumb"},"inLanguage":"en-US","potentialAction":[{"@type":"ReadAction","target":["https:\/\/www.facecorner.lv\/shop\/mediheal-derma-modeling-pack-alginata-maska\/"]}]},{"@type":"ImageObject","inLanguage":"en-US","@id":"https:\/\/www.facecorner.lv\/shop\/mediheal-derma-modeling-pack-alginata-maska\/#primaryimage","url":"https:\/\/www.facecorner.lv\/wp-content\/uploads\/2026\/04\/s-l1200.jpg","contentUrl":"https:\/\/www.facecorner.lv\/wp-content\/uploads\/2026\/04\/s-l1200.jpg","width":800,"height":800,"caption":"Mediheal Derma Modeling Pack"},{"@type":"BreadcrumbList","@id":"https:\/\/www.facecorner.lv\/shop\/mediheal-derma-modeling-pack-alginata-maska\/#breadcrumb","itemListElement":[{"@type":"ListItem","position":1,"name":"Home","item":"https:\/\/www.facecorner.lv\/"},{"@type":"ListItem","position":2,"name":"Veikals","item":"https:\/\/www.facecorner.lv\/shop\/"},{"@type":"ListItem","position":3,"name":"Mediheal Derma Modeling Pack algin\u0101ta maska"}]},{"@type":"WebSite","@id":"https:\/\/www.facecorner.lv\/#website","url":"https:\/\/www.facecorner.lv\/","name":"Facecorner","description":"","publisher":{"@id":"https:\/\/www.facecorner.lv\/#organization"},"potentialAction":[{"@type":"SearchAction","target":{"@type":"EntryPoint","urlTemplate":"https:\/\/www.facecorner.lv\/?s={search_term_string}"},"query-input":{"@type":"PropertyValueSpecification","valueRequired":true,"valueName":"search_term_string"}}],"inLanguage":"en-US"},{"@type":"Organization","@id":"https:\/\/www.facecorner.lv\/#organization","name":"Facecorner","url":"https:\/\/www.facecorner.lv\/","logo":{"@type":"ImageObject","inLanguage":"en-US","@id":"https:\/\/www.facecorner.lv\/#\/schema\/logo\/image\/","url":"https:\/\/www.facecorner.lv\/wp-content\/uploads\/2024\/04\/fc-logo.jpg","contentUrl":"https:\/\/www.facecorner.lv\/wp-content\/uploads\/2024\/04\/fc-logo.jpg","width":174,"height":28,"caption":"Facecorner"},"image":{"@id":"https:\/\/www.facecorner.lv\/#\/schema\/logo\/image\/"},"sameAs":["https:\/\/www.facebook.com\/profile.php?id=100063824551839","https:\/\/www.instagram.com\/facecorner_shop\/"]}]},"og_availability":"instock","product_availability":"instock","product_condition":"new"},"_links":{"self":[{"href":"https:\/\/www.facecorner.lv\/en\/wp-json\/wp\/v2\/product\/27530","targetHints":{"allow":["GET"]}}],"collection":[{"href":"https:\/\/www.facecorner.lv\/en\/wp-json\/wp\/v2\/product"}],"about":[{"href":"https:\/\/www.facecorner.lv\/en\/wp-json\/wp\/v2\/types\/product"}],"replies":[{"embeddable":true,"href":"https:\/\/www.facecorner.lv\/en\/wp-json\/wp\/v2\/comments?post=27530"}],"wp:featuredmedia":[{"embeddable":true,"href":"https:\/\/www.facecorner.lv\/en\/wp-json\/wp\/v2\/media\/27536"}],"wp:attachment":[{"href":"https:\/\/www.facecorner.lv\/en\/wp-json\/wp\/v2\/media?parent=27530"}],"wp:term":[{"taxonomy":"product_brand","embeddable":true,"href":"https:\/\/www.facecorner.lv\/en\/wp-json\/wp\/v2\/product_brand?post=27530"},{"taxonomy":"product_cat","embeddable":true,"href":"https:\/\/www.facecorner.lv\/en\/wp-json\/wp\/v2\/product_cat?post=27530"},{"taxonomy":"product_tag","embeddable":true,"href":"https:\/\/www.facecorner.lv\/en\/wp-json\/wp\/v2\/product_tag?post=27530"},{"taxonomy":"berocket_brand","embeddable":true,"href":"https:\/\/www.facecorner.lv\/en\/wp-json\/wp\/v2\/berocket_brand?post=27530"}],"curies":[{"name":"wp","href":"https:\/\/api.w.org\/{rel}","templated":true}]}}