{"id":27437,"date":"2026-04-09T14:12:08","date_gmt":"2026-04-09T11:12:08","guid":{"rendered":"https:\/\/www.facecorner.lv\/?post_type=product&#038;p=27437"},"modified":"2026-04-09T18:12:03","modified_gmt":"2026-04-09T15:12:03","slug":"vt-pdrn-hydrogel-eye-patch-hidrogela-plaksteri-acu-zonas-60-gab","status":"publish","type":"product","link":"https:\/\/www.facecorner.lv\/en\/shop\/vt-pdrn-hydrogel-eye-patch-hidrogela-plaksteri-acu-zonas-60-gab\/","title":{"rendered":"VT PDRN Hydrogel Eye Patch hidro\u0123ela pl\u0101ksteri acu zonas 60 gab"},"content":{"rendered":"<p>VT PDRN Hydrogel Eye Patch hidro\u0123ela pl\u0101ksteri acu zonas \u0101das kop\u0161anai, kas paredz\u0113ti intens\u012bvai mitrin\u0101\u0161anai, atjauno\u0161anai un \u0101das izskata uzlabo\u0161anai. Bl\u012bv\u0101 hidro\u0123ela pamatne nodro\u0161ina \u0113rtu piel\u0101go\u0161anos un veicina akt\u012bvo sast\u0101vda\u013cu efekt\u012bvu uzs\u016bk\u0161anos.<\/p>\n<p>Pl\u0101ksteri pal\u012bdz mazin\u0101t noguruma paz\u012bmes, atsvaidzina skatienu, samazina tum\u0161o loku un piet\u016bkumu izteikt\u012bbu, k\u0101 ar\u012b padara \u0101du glud\u0101ku, elast\u012bg\u0101ku un mirdzo\u0161\u0101ku.<\/p>\n<h6>Galven\u0101s priek\u0161roc\u012bbas:<\/h6>\n<ul>\n<li>intens\u012bvi mitrina un baro \u0101du<\/li>\n<li>pal\u012bdz mazin\u0101t tum\u0161os lokus zem ac\u012bm<\/li>\n<li>pal\u012bdz samazin\u0101t piet\u016bkumu zem ac\u012bm<\/li>\n<li>uzlabo \u0101das toni un tekst\u016bru<\/li>\n<li>palielina \u0101das stingr\u012bbu un elast\u012bbu<\/li>\n<li>darbojas nomierino\u0161i<\/li>\n<\/ul>\n<p><strong>Bubble Pop Cleanser products fine, soft foam to cleanse away dead skin, sebum and makeup residue from your face, while hyaluronic acid moisturizes your skin.<\/strong><\/p>\n<ul>\n<li>Phyto PDRN\u00ae Panax: re\u0123ener\u0101cija, c\u012b\u0146a pret noveco\u0161an\u0101s izrais\u012btaj\u0101m izmai\u0146\u0101m.<\/li>\n<li>Laktobakt\u0113riju fermenti: Mikrobiomas un elast\u012bbas uztur\u0113\u0161ana.<\/li>\n<li>Skval\u0101ns: Intens\u012bva baro\u0161ana, aizsardz\u012bba pret dehidrat\u0101ciju.<\/li>\n<li>Pantenols (B5): M\u012bkstino\u0161a, atjaunojo\u0161a, nomierino\u0161a iedarb\u012bba.<\/li>\n<li>Kolag\u0113ns: Palielina \u0101das stingr\u012bbu un elast\u012bbu<\/li>\n<\/ul>\n<p><strong>How to use:<\/strong>: P\u0113c \u0101das att\u012br\u012b\u0161anas uzlieciet pl\u0101ksterus zem ac\u012bm, atst\u0101jiet uz 15\u201320 min\u016bt\u0113m, p\u0113c tam no\u0146emiet un ar viegliem piesk\u0101rieniem iemas\u0113jiet atliku\u0161o esenci, l\u012bdz t\u0101 piln\u012bb\u0101 ies\u016bcas.<\/p>\n<p><strong>Sast\u0101vs:<\/strong> Water, Glycerin, Propanediol, Methylpropanediol, Niacinamide, PDRN (Polydeoxyribonucleotide), Hydrolyzed Collagen, Sodium Hyaluronate, Butylene Glycol, Carbomer, Allantoin, Panthenol, Adenosine, Trehalose, Betaine, 1,2-Hexanediol, Ethylhexylglycerin, Arginine, Xanthan Gum, Disodium EDTA, Fragrance.<\/p>\n<p>&nbsp;<\/p>","protected":false},"excerpt":{"rendered":"<p>VT PDRN Hydrogel Eye Patch hidro\u0123ela pl\u0101ksteri acu zonas \u0101das kop\u0161anai, kas paredz\u0113ti intens\u012bvai mitrin\u0101\u0161anai, atjauno\u0161anai un \u0101das izskata uzlabo\u0161anai.<\/p>","protected":false},"featured_media":27438,"comment_status":"open","ping_status":"closed","template":"","meta":{"site-sidebar-layout":"default","site-content-layout":"","ast-site-content-layout":"default","site-content-style":"default","site-sidebar-style":"default","ast-global-header-display":"","ast-banner-title-visibility":"","ast-main-header-display":"","ast-hfb-above-header-display":"","ast-hfb-below-header-display":"","ast-hfb-mobile-header-display":"","site-post-title":"","ast-breadcrumbs-content":"","ast-featured-img":"","footer-sml-layout":"","theme-transparent-header-meta":"default","adv-header-id-meta":"","stick-header-meta":"","header-above-stick-meta":"","header-main-stick-meta":"","header-below-stick-meta":"","astra-migrate-meta-layouts":"set","ast-page-background-enabled":"default","ast-page-background-meta":{"desktop":{"background-color":"var(--ast-global-color-4)","background-image":"","background-repeat":"repeat","background-position":"center center","background-size":"auto","background-attachment":"scroll","background-type":"","background-media":"","overlay-type":"","overlay-color":"","overlay-opacity":"","overlay-gradient":""},"tablet":{"background-color":"","background-image":"","background-repeat":"repeat","background-position":"center center","background-size":"auto","background-attachment":"scroll","background-type":"","background-media":"","overlay-type":"","overlay-color":"","overlay-opacity":"","overlay-gradient":""},"mobile":{"background-color":"","background-image":"","background-repeat":"repeat","background-position":"center center","background-size":"auto","background-attachment":"scroll","background-type":"","background-media":"","overlay-type":"","overlay-color":"","overlay-opacity":"","overlay-gradient":""}},"ast-content-background-meta":{"desktop":{"background-color":"var(--ast-global-color-5)","background-image":"","background-repeat":"repeat","background-position":"center center","background-size":"auto","background-attachment":"scroll","background-type":"","background-media":"","overlay-type":"","overlay-color":"","overlay-opacity":"","overlay-gradient":""},"tablet":{"background-color":"var(--ast-global-color-5)","background-image":"","background-repeat":"repeat","background-position":"center center","background-size":"auto","background-attachment":"scroll","background-type":"","background-media":"","overlay-type":"","overlay-color":"","overlay-opacity":"","overlay-gradient":""},"mobile":{"background-color":"var(--ast-global-color-5)","background-image":"","background-repeat":"repeat","background-position":"center center","background-size":"auto","background-attachment":"scroll","background-type":"","background-media":"","overlay-type":"","overlay-color":"","overlay-opacity":"","overlay-gradient":""}}},"product_brand":[],"product_cat":[327,652],"product_tag":[],"berocket_brand":[582],"class_list":{"0":"post-27437","1":"product","2":"type-product","3":"status-publish","4":"has-post-thumbnail","6":"product_cat-patci","7":"product_cat-pdrn","8":"berocket_brand-vt","9":"desktop-align-left","10":"tablet-align-left","11":"mobile-align-left","13":"first","14":"instock","15":"taxable","16":"shipping-taxable","17":"purchasable","18":"product-type-simple","19":"add-to-wishlist-before_image"},"yoast_head":"<!-- This site is optimized with the Yoast SEO plugin v27.3 - https:\/\/yoast.com\/product\/yoast-seo-wordpress\/ -->\n<title>VT PDRN Hydrogel Eye Patch hidro\u0123ela pl\u0101ksteri acu zonas 60 gab - FACECORNER<\/title>\n<meta name=\"description\" content=\"VT PDRN Hydrogel Eye Patch hidro\u0123ela pl\u0101ksteri acu zonas \u0101das kop\u0161anai, kas paredz\u0113ti intens\u012bvai mitrin\u0101\u0161anai, atjauno\u0161anai un \u0101das izskata uzlabo\u0161anai.\" \/>\n<meta name=\"robots\" content=\"index, follow, max-snippet:-1, max-image-preview:large, max-video-preview:-1\" \/>\n<link rel=\"canonical\" href=\"https:\/\/www.facecorner.lv\/en\/shop\/vt-pdrn-hydrogel-eye-patch-hidrogela-plaksteri-acu-zonas-60-gab\/\" \/>\n<meta property=\"og:locale\" content=\"en_US\" \/>\n<meta property=\"og:type\" content=\"article\" \/>\n<meta property=\"og:title\" content=\"VT PDRN Hydrogel Eye Patch hidro\u0123ela pl\u0101ksteri acu zonas 60 gab - FACECORNER\" \/>\n<meta property=\"og:description\" content=\"VT PDRN Hydrogel Eye Patch hidro\u0123ela pl\u0101ksteri acu zonas \u0101das kop\u0161anai, kas paredz\u0113ti intens\u012bvai mitrin\u0101\u0161anai, atjauno\u0161anai un \u0101das izskata uzlabo\u0161anai.\" \/>\n<meta property=\"og:url\" content=\"https:\/\/www.facecorner.lv\/en\/shop\/vt-pdrn-hydrogel-eye-patch-hidrogela-plaksteri-acu-zonas-60-gab\/\" \/>\n<meta property=\"og:site_name\" content=\"FACECORNER\" \/>\n<meta property=\"article:publisher\" content=\"https:\/\/www.facebook.com\/profile.php?id=100063824551839\" \/>\n<meta property=\"article:modified_time\" content=\"2026-04-09T15:12:03+00:00\" \/>\n<meta property=\"og:image\" content=\"https:\/\/www.facecorner.lv\/wp-content\/uploads\/2026\/04\/VT_PDRN_Hydrogel_Eye_Patch_72g.webp\" \/>\n\t<meta property=\"og:image:width\" content=\"746\" \/>\n\t<meta property=\"og:image:height\" content=\"746\" \/>\n\t<meta property=\"og:image:type\" content=\"image\/webp\" \/>\n<meta name=\"twitter:card\" content=\"summary_large_image\" \/>\n<meta name=\"twitter:label1\" content=\"Price\" \/>\n\t<meta name=\"twitter:data1\" content=\"&euro;29.95\" \/>\n\t<meta name=\"twitter:label2\" content=\"Availability\" \/>\n\t<meta name=\"twitter:data2\" content=\"In stock\" \/>\n<script type=\"application\/ld+json\" class=\"yoast-schema-graph\">{\"@context\":\"https:\\\/\\\/schema.org\",\"@graph\":[{\"@type\":\"WebPage\",\"@id\":\"https:\\\/\\\/www.facecorner.lv\\\/shop\\\/vt-pdrn-hydrogel-eye-patch-hidrogela-plaksteri-acu-zonas-60-gab\\\/\",\"url\":\"https:\\\/\\\/www.facecorner.lv\\\/shop\\\/vt-pdrn-hydrogel-eye-patch-hidrogela-plaksteri-acu-zonas-60-gab\\\/\",\"name\":\"VT PDRN Hydrogel Eye Patch hidro\u0123ela pl\u0101ksteri acu zonas 60 gab - FACECORNER\",\"isPartOf\":{\"@id\":\"https:\\\/\\\/www.facecorner.lv\\\/#website\"},\"primaryImageOfPage\":{\"@id\":\"https:\\\/\\\/www.facecorner.lv\\\/shop\\\/vt-pdrn-hydrogel-eye-patch-hidrogela-plaksteri-acu-zonas-60-gab\\\/#primaryimage\"},\"image\":{\"@id\":\"https:\\\/\\\/www.facecorner.lv\\\/shop\\\/vt-pdrn-hydrogel-eye-patch-hidrogela-plaksteri-acu-zonas-60-gab\\\/#primaryimage\"},\"thumbnailUrl\":\"https:\\\/\\\/www.facecorner.lv\\\/wp-content\\\/uploads\\\/2026\\\/04\\\/VT_PDRN_Hydrogel_Eye_Patch_72g.webp\",\"datePublished\":\"2026-04-09T11:12:08+00:00\",\"dateModified\":\"2026-04-09T15:12:03+00:00\",\"description\":\"VT PDRN Hydrogel Eye Patch hidro\u0123ela pl\u0101ksteri acu zonas \u0101das kop\u0161anai, kas paredz\u0113ti intens\u012bvai mitrin\u0101\u0161anai, atjauno\u0161anai un \u0101das izskata uzlabo\u0161anai.\",\"breadcrumb\":{\"@id\":\"https:\\\/\\\/www.facecorner.lv\\\/shop\\\/vt-pdrn-hydrogel-eye-patch-hidrogela-plaksteri-acu-zonas-60-gab\\\/#breadcrumb\"},\"inLanguage\":\"en-US\",\"potentialAction\":[{\"@type\":\"ReadAction\",\"target\":[\"https:\\\/\\\/www.facecorner.lv\\\/shop\\\/vt-pdrn-hydrogel-eye-patch-hidrogela-plaksteri-acu-zonas-60-gab\\\/\"]}]},{\"@type\":\"ImageObject\",\"inLanguage\":\"en-US\",\"@id\":\"https:\\\/\\\/www.facecorner.lv\\\/shop\\\/vt-pdrn-hydrogel-eye-patch-hidrogela-plaksteri-acu-zonas-60-gab\\\/#primaryimage\",\"url\":\"https:\\\/\\\/www.facecorner.lv\\\/wp-content\\\/uploads\\\/2026\\\/04\\\/VT_PDRN_Hydrogel_Eye_Patch_72g.webp\",\"contentUrl\":\"https:\\\/\\\/www.facecorner.lv\\\/wp-content\\\/uploads\\\/2026\\\/04\\\/VT_PDRN_Hydrogel_Eye_Patch_72g.webp\",\"width\":746,\"height\":746,\"caption\":\"VT PDRN Hydrogel Eye Patch\"},{\"@type\":\"BreadcrumbList\",\"@id\":\"https:\\\/\\\/www.facecorner.lv\\\/shop\\\/vt-pdrn-hydrogel-eye-patch-hidrogela-plaksteri-acu-zonas-60-gab\\\/#breadcrumb\",\"itemListElement\":[{\"@type\":\"ListItem\",\"position\":1,\"name\":\"Home\",\"item\":\"https:\\\/\\\/www.facecorner.lv\\\/\"},{\"@type\":\"ListItem\",\"position\":2,\"name\":\"Veikals\",\"item\":\"https:\\\/\\\/www.facecorner.lv\\\/shop\\\/\"},{\"@type\":\"ListItem\",\"position\":3,\"name\":\"VT PDRN Hydrogel Eye Patch hidro\u0123ela pl\u0101ksteri acu zonas 60 gab\"}]},{\"@type\":\"WebSite\",\"@id\":\"https:\\\/\\\/www.facecorner.lv\\\/#website\",\"url\":\"https:\\\/\\\/www.facecorner.lv\\\/\",\"name\":\"Facecorner\",\"description\":\"\",\"publisher\":{\"@id\":\"https:\\\/\\\/www.facecorner.lv\\\/#organization\"},\"potentialAction\":[{\"@type\":\"SearchAction\",\"target\":{\"@type\":\"EntryPoint\",\"urlTemplate\":\"https:\\\/\\\/www.facecorner.lv\\\/?s={search_term_string}\"},\"query-input\":{\"@type\":\"PropertyValueSpecification\",\"valueRequired\":true,\"valueName\":\"search_term_string\"}}],\"inLanguage\":\"en-US\"},{\"@type\":\"Organization\",\"@id\":\"https:\\\/\\\/www.facecorner.lv\\\/#organization\",\"name\":\"Facecorner\",\"url\":\"https:\\\/\\\/www.facecorner.lv\\\/\",\"logo\":{\"@type\":\"ImageObject\",\"inLanguage\":\"en-US\",\"@id\":\"https:\\\/\\\/www.facecorner.lv\\\/#\\\/schema\\\/logo\\\/image\\\/\",\"url\":\"https:\\\/\\\/www.facecorner.lv\\\/wp-content\\\/uploads\\\/2024\\\/04\\\/fc-logo.jpg\",\"contentUrl\":\"https:\\\/\\\/www.facecorner.lv\\\/wp-content\\\/uploads\\\/2024\\\/04\\\/fc-logo.jpg\",\"width\":174,\"height\":28,\"caption\":\"Facecorner\"},\"image\":{\"@id\":\"https:\\\/\\\/www.facecorner.lv\\\/#\\\/schema\\\/logo\\\/image\\\/\"},\"sameAs\":[\"https:\\\/\\\/www.facebook.com\\\/profile.php?id=100063824551839\",\"https:\\\/\\\/www.instagram.com\\\/facecorner_shop\\\/\"]}]}<\/script>\n<meta property=\"product:price:amount\" content=\"29.95\" \/>\n<meta property=\"product:price:currency\" content=\"EUR\" \/>\n<meta property=\"og:availability\" content=\"instock\" \/>\n<meta property=\"product:availability\" content=\"instock\" \/>\n<meta property=\"product:condition\" content=\"new\" \/>\n<!-- \/ Yoast SEO plugin. -->","yoast_head_json":{"title":"VT PDRN Hydrogel Eye Patch hidro\u0123ela pl\u0101ksteri acu zonas 60 gab - FACECORNER","description":"VT PDRN Hydrogel Eye Patch hidro\u0123ela pl\u0101ksteri acu zonas \u0101das kop\u0161anai, kas paredz\u0113ti intens\u012bvai mitrin\u0101\u0161anai, atjauno\u0161anai un \u0101das izskata uzlabo\u0161anai.","robots":{"index":"index","follow":"follow","max-snippet":"max-snippet:-1","max-image-preview":"max-image-preview:large","max-video-preview":"max-video-preview:-1"},"canonical":"https:\/\/www.facecorner.lv\/en\/shop\/vt-pdrn-hydrogel-eye-patch-hidrogela-plaksteri-acu-zonas-60-gab\/","og_locale":"en_US","og_type":"article","og_title":"VT PDRN Hydrogel Eye Patch hidro\u0123ela pl\u0101ksteri acu zonas 60 gab - FACECORNER","og_description":"VT PDRN Hydrogel Eye Patch hidro\u0123ela pl\u0101ksteri acu zonas \u0101das kop\u0161anai, kas paredz\u0113ti intens\u012bvai mitrin\u0101\u0161anai, atjauno\u0161anai un \u0101das izskata uzlabo\u0161anai.","og_url":"https:\/\/www.facecorner.lv\/en\/shop\/vt-pdrn-hydrogel-eye-patch-hidrogela-plaksteri-acu-zonas-60-gab\/","og_site_name":"FACECORNER","article_publisher":"https:\/\/www.facebook.com\/profile.php?id=100063824551839","article_modified_time":"2026-04-09T15:12:03+00:00","og_image":[{"width":746,"height":746,"url":"https:\/\/www.facecorner.lv\/wp-content\/uploads\/2026\/04\/VT_PDRN_Hydrogel_Eye_Patch_72g.webp","type":"image\/webp"}],"twitter_card":"summary_large_image","twitter_misc":{"Price":"&euro;29.95","Availability":"In stock"},"schema":{"@context":"https:\/\/schema.org","@graph":[{"@type":"WebPage","@id":"https:\/\/www.facecorner.lv\/shop\/vt-pdrn-hydrogel-eye-patch-hidrogela-plaksteri-acu-zonas-60-gab\/","url":"https:\/\/www.facecorner.lv\/shop\/vt-pdrn-hydrogel-eye-patch-hidrogela-plaksteri-acu-zonas-60-gab\/","name":"VT PDRN Hydrogel Eye Patch hidro\u0123ela pl\u0101ksteri acu zonas 60 gab - FACECORNER","isPartOf":{"@id":"https:\/\/www.facecorner.lv\/#website"},"primaryImageOfPage":{"@id":"https:\/\/www.facecorner.lv\/shop\/vt-pdrn-hydrogel-eye-patch-hidrogela-plaksteri-acu-zonas-60-gab\/#primaryimage"},"image":{"@id":"https:\/\/www.facecorner.lv\/shop\/vt-pdrn-hydrogel-eye-patch-hidrogela-plaksteri-acu-zonas-60-gab\/#primaryimage"},"thumbnailUrl":"https:\/\/www.facecorner.lv\/wp-content\/uploads\/2026\/04\/VT_PDRN_Hydrogel_Eye_Patch_72g.webp","datePublished":"2026-04-09T11:12:08+00:00","dateModified":"2026-04-09T15:12:03+00:00","description":"VT PDRN Hydrogel Eye Patch hidro\u0123ela pl\u0101ksteri acu zonas \u0101das kop\u0161anai, kas paredz\u0113ti intens\u012bvai mitrin\u0101\u0161anai, atjauno\u0161anai un \u0101das izskata uzlabo\u0161anai.","breadcrumb":{"@id":"https:\/\/www.facecorner.lv\/shop\/vt-pdrn-hydrogel-eye-patch-hidrogela-plaksteri-acu-zonas-60-gab\/#breadcrumb"},"inLanguage":"en-US","potentialAction":[{"@type":"ReadAction","target":["https:\/\/www.facecorner.lv\/shop\/vt-pdrn-hydrogel-eye-patch-hidrogela-plaksteri-acu-zonas-60-gab\/"]}]},{"@type":"ImageObject","inLanguage":"en-US","@id":"https:\/\/www.facecorner.lv\/shop\/vt-pdrn-hydrogel-eye-patch-hidrogela-plaksteri-acu-zonas-60-gab\/#primaryimage","url":"https:\/\/www.facecorner.lv\/wp-content\/uploads\/2026\/04\/VT_PDRN_Hydrogel_Eye_Patch_72g.webp","contentUrl":"https:\/\/www.facecorner.lv\/wp-content\/uploads\/2026\/04\/VT_PDRN_Hydrogel_Eye_Patch_72g.webp","width":746,"height":746,"caption":"VT PDRN Hydrogel Eye Patch"},{"@type":"BreadcrumbList","@id":"https:\/\/www.facecorner.lv\/shop\/vt-pdrn-hydrogel-eye-patch-hidrogela-plaksteri-acu-zonas-60-gab\/#breadcrumb","itemListElement":[{"@type":"ListItem","position":1,"name":"Home","item":"https:\/\/www.facecorner.lv\/"},{"@type":"ListItem","position":2,"name":"Veikals","item":"https:\/\/www.facecorner.lv\/shop\/"},{"@type":"ListItem","position":3,"name":"VT PDRN Hydrogel Eye Patch hidro\u0123ela pl\u0101ksteri acu zonas 60 gab"}]},{"@type":"WebSite","@id":"https:\/\/www.facecorner.lv\/#website","url":"https:\/\/www.facecorner.lv\/","name":"Facecorner","description":"","publisher":{"@id":"https:\/\/www.facecorner.lv\/#organization"},"potentialAction":[{"@type":"SearchAction","target":{"@type":"EntryPoint","urlTemplate":"https:\/\/www.facecorner.lv\/?s={search_term_string}"},"query-input":{"@type":"PropertyValueSpecification","valueRequired":true,"valueName":"search_term_string"}}],"inLanguage":"en-US"},{"@type":"Organization","@id":"https:\/\/www.facecorner.lv\/#organization","name":"Facecorner","url":"https:\/\/www.facecorner.lv\/","logo":{"@type":"ImageObject","inLanguage":"en-US","@id":"https:\/\/www.facecorner.lv\/#\/schema\/logo\/image\/","url":"https:\/\/www.facecorner.lv\/wp-content\/uploads\/2024\/04\/fc-logo.jpg","contentUrl":"https:\/\/www.facecorner.lv\/wp-content\/uploads\/2024\/04\/fc-logo.jpg","width":174,"height":28,"caption":"Facecorner"},"image":{"@id":"https:\/\/www.facecorner.lv\/#\/schema\/logo\/image\/"},"sameAs":["https:\/\/www.facebook.com\/profile.php?id=100063824551839","https:\/\/www.instagram.com\/facecorner_shop\/"]}]},"product_price_amount":"29.95","product_price_currency":"EUR","og_availability":"instock","product_availability":"instock","product_condition":"new"},"_links":{"self":[{"href":"https:\/\/www.facecorner.lv\/en\/wp-json\/wp\/v2\/product\/27437","targetHints":{"allow":["GET"]}}],"collection":[{"href":"https:\/\/www.facecorner.lv\/en\/wp-json\/wp\/v2\/product"}],"about":[{"href":"https:\/\/www.facecorner.lv\/en\/wp-json\/wp\/v2\/types\/product"}],"replies":[{"embeddable":true,"href":"https:\/\/www.facecorner.lv\/en\/wp-json\/wp\/v2\/comments?post=27437"}],"wp:featuredmedia":[{"embeddable":true,"href":"https:\/\/www.facecorner.lv\/en\/wp-json\/wp\/v2\/media\/27438"}],"wp:attachment":[{"href":"https:\/\/www.facecorner.lv\/en\/wp-json\/wp\/v2\/media?parent=27437"}],"wp:term":[{"taxonomy":"product_brand","embeddable":true,"href":"https:\/\/www.facecorner.lv\/en\/wp-json\/wp\/v2\/product_brand?post=27437"},{"taxonomy":"product_cat","embeddable":true,"href":"https:\/\/www.facecorner.lv\/en\/wp-json\/wp\/v2\/product_cat?post=27437"},{"taxonomy":"product_tag","embeddable":true,"href":"https:\/\/www.facecorner.lv\/en\/wp-json\/wp\/v2\/product_tag?post=27437"},{"taxonomy":"berocket_brand","embeddable":true,"href":"https:\/\/www.facecorner.lv\/en\/wp-json\/wp\/v2\/berocket_brand?post=27437"}],"curies":[{"name":"wp","href":"https:\/\/api.w.org\/{rel}","templated":true}]}}