{"id":27411,"date":"2026-04-07T15:56:36","date_gmt":"2026-04-07T12:56:36","guid":{"rendered":"https:\/\/www.facecorner.lv\/?post_type=product&#038;p=27411"},"modified":"2026-04-07T15:58:00","modified_gmt":"2026-04-07T12:58:00","slug":"centellian24-madeca-enzyme-cleansing-powder-enzimu-puderis-delikatai-adas-attirisanai-un-atjaunosanai-60g","status":"publish","type":"product","link":"https:\/\/www.facecorner.lv\/en\/shop\/centellian24-madeca-enzyme-cleansing-powder-enzimu-puderis-delikatai-adas-attirisanai-un-atjaunosanai-60g\/","title":{"rendered":"Centellian24 Madeca Enzyme Cleansing Powder enz\u012bmu p\u016bderis delik\u0101tai \u0101das att\u012br\u012b\u0161anai un atjauno\u0161anai 60g"},"content":{"rendered":"<p>Centellian24 Madeca Enzyme Cleansing Powder ir inovat\u012bvs sejas mazg\u0101\u0161anas l\u012bdzeklis pulvera form\u0101, kas saskarei ar \u016bdeni p\u0101rv\u0113r\u0161as maig\u0101 att\u012bro\u0161\u0101 put\u0101. Ide\u0101li piem\u0113rots ikdienas lieto\u0161anai un maigai jebkura tipa \u0101das kop\u0161anai, ieskaitot jut\u012bgu \u0101du.<\/p>\n<h6>Galven\u0101s priek\u0161roc\u012bbas:<\/h6>\n<ul>\n<li>Maigs att\u012br\u012b\u0161anas l\u012bdzeklis bez kairin\u0101juma \u2014 efekt\u012bvi no\u0146em net\u012brumus un lieko sebumu<\/li>\n<li>Enz\u012bmu p\u012blings \u2014 maigi atjauno \u0101du, uzlabojot t\u0101s tekst\u016bru<\/li>\n<li>Tona izl\u012bdzin\u0101\u0161ana \u2014 pal\u012bdz padar\u012bt \u0101du glud\u0101ku un mirdzo\u0161\u0101ku<\/li>\n<li>Nomierino\u0161a iedarb\u012bba \u2014 samazina jut\u012bgumu un aps\u0101rtum<\/li>\n<li>Piem\u0113rots ikdienas lieto\u0161anai \u2014 nesaboj\u0101 \u0101das aizsargbarjeru<\/li>\n<\/ul>\n<p><strong>Bubble Pop Cleanser products fine, soft foam to cleanse away dead skin, sebum and makeup residue from your face, while hyaluronic acid moisturizes your skin.<\/strong><\/p>\n<ul>\n<li>Papaina un fermenti \u2014 maigi no\u0146em atmiru\u0161\u0101s \u0161\u016bnas<\/li>\n<li>\u0100zijas centella (Madeca complex) \u2014 nomierina un atjauno \u0101du<\/li>\n<li>Augu ekstrakti \u2014 uztur \u0101das t\u012br\u012bbu un vesel\u012bbu<\/li>\n<li>Hialuronsk\u0101be \u2014 nodro\u0161ina mitrin\u0101\u0161anu<\/li>\n<li>Alanto\u012bns un glicer\u012bns \u2014 m\u012bkstina un nov\u0113r\u0161 sausumu<\/li>\n<\/ul>\n<p>\u0100da k\u013c\u016bst glud\u0101ka, t\u012br\u0101ka un svaig\u0101ka, uzlabojas t\u0101s tekst\u016bra un tonis, samazin\u0101s bl\u0101vums un saj\u016bta, ka poras ir \u201eaizs\u0113r\u0113ju\u0161as\u201d.<\/p>\n<p><strong>How to use:<\/strong><\/p>\n<ol>\n<li>Ielieciet nelielu daudzumu pulvera plaukst\u0101.<\/li>\n<li>Pievienojiet nedaudz \u016bdens un uzputiniet, l\u012bdz izveidojas maiga putas.<\/li>\n<li>Uzkl\u0101jiet putas uz mitras sejas \u0101das.<\/li>\n<li>Viegli mas\u0113jiet ar ap\u013cveida kust\u012bb\u0101m, izvairoties no zonas ap ac\u012bm.<\/li>\n<li>R\u016bp\u012bgi noskalojiet ar siltu \u016bdeni.<\/li>\n<\/ol>\n<p>Lietot 1 reizi dien\u0101 (vai 2\u20133 reizes ned\u0113\u013c\u0101, ja \u0101da ir jut\u012bga).Var lietot k\u0101 otro att\u012br\u012b\u0161anas posmu p\u0113c hidrof\u012bl\u0101s e\u013c\u013cas.Piem\u0113rots ikdienas kop\u0161anai, neizs\u016bc \u0101das mitrumu<\/p>\n<p><strong>Sast\u0101vs<\/strong>:\u00a0 Zea Mays (Corn) Starch, Sodium Cocoyl Isethionate, Sodium Lauroyl Glutamate, Sodium Lauroyl Aspartate, Glucose, Mentha Arvensis Powder, Allantoin, Water (Aqua), Papain, Lactobionic Acid, Butylene Glycol, Rosmarinus Officinalis (Rosemary) Leaf Extract, Saponaria Officinalis Leaf\/Root Extract, Salix Alba (Willow) Bark Extract, Lipase, Asiaticoside, Madecassic Acid, Asiatic Acid, Centella Asiatica Extract, 1,2-Hexanediol, Glycerin, Hydroxyacetophenone, Protease, Ethylhexylglycerin, Hydrolyzed Hyaluronic Acid.<\/p>","protected":false},"excerpt":{"rendered":"<p>Centellian24 Madeca Enzyme Cleansing Powder ir inovat\u012bvs sejas mazg\u0101\u0161anas l\u012bdzeklis pulvera form\u0101, kas saskarei ar \u016bdeni p\u0101rv\u0113r\u0161as maig\u0101 att\u012bro\u0161\u0101 put\u0101. Ide\u0101li piem\u0113rots ikdienas lieto\u0161anai un maigai jebkura tipa \u0101das kop\u0161anai, ieskaitot jut\u012bgu \u0101du.<\/p>","protected":false},"featured_media":27414,"comment_status":"open","ping_status":"closed","template":"","meta":{"site-sidebar-layout":"default","site-content-layout":"","ast-site-content-layout":"default","site-content-style":"default","site-sidebar-style":"default","ast-global-header-display":"","ast-banner-title-visibility":"","ast-main-header-display":"","ast-hfb-above-header-display":"","ast-hfb-below-header-display":"","ast-hfb-mobile-header-display":"","site-post-title":"","ast-breadcrumbs-content":"","ast-featured-img":"","footer-sml-layout":"","theme-transparent-header-meta":"default","adv-header-id-meta":"","stick-header-meta":"","header-above-stick-meta":"","header-main-stick-meta":"","header-below-stick-meta":"","astra-migrate-meta-layouts":"set","ast-page-background-enabled":"default","ast-page-background-meta":{"desktop":{"background-color":"var(--ast-global-color-4)","background-image":"","background-repeat":"repeat","background-position":"center center","background-size":"auto","background-attachment":"scroll","background-type":"","background-media":"","overlay-type":"","overlay-color":"","overlay-opacity":"","overlay-gradient":""},"tablet":{"background-color":"","background-image":"","background-repeat":"repeat","background-position":"center center","background-size":"auto","background-attachment":"scroll","background-type":"","background-media":"","overlay-type":"","overlay-color":"","overlay-opacity":"","overlay-gradient":""},"mobile":{"background-color":"","background-image":"","background-repeat":"repeat","background-position":"center center","background-size":"auto","background-attachment":"scroll","background-type":"","background-media":"","overlay-type":"","overlay-color":"","overlay-opacity":"","overlay-gradient":""}},"ast-content-background-meta":{"desktop":{"background-color":"var(--ast-global-color-5)","background-image":"","background-repeat":"repeat","background-position":"center center","background-size":"auto","background-attachment":"scroll","background-type":"","background-media":"","overlay-type":"","overlay-color":"","overlay-opacity":"","overlay-gradient":""},"tablet":{"background-color":"var(--ast-global-color-5)","background-image":"","background-repeat":"repeat","background-position":"center center","background-size":"auto","background-attachment":"scroll","background-type":"","background-media":"","overlay-type":"","overlay-color":"","overlay-opacity":"","overlay-gradient":""},"mobile":{"background-color":"var(--ast-global-color-5)","background-image":"","background-repeat":"repeat","background-position":"center center","background-size":"auto","background-attachment":"scroll","background-type":"","background-media":"","overlay-type":"","overlay-color":"","overlay-opacity":"","overlay-gradient":""}}},"product_brand":[],"product_cat":[640],"product_tag":[],"berocket_brand":[682],"class_list":{"0":"post-27411","1":"product","2":"type-product","3":"status-publish","4":"has-post-thumbnail","6":"product_cat-enzima-puderis","7":"berocket_brand-centellian24","8":"desktop-align-left","9":"tablet-align-left","10":"mobile-align-left","12":"first","13":"instock","14":"taxable","15":"shipping-taxable","16":"product-type-simple","17":"add-to-wishlist-before_image"},"yoast_head":"<!-- This site is optimized with the Yoast SEO plugin v27.3 - https:\/\/yoast.com\/product\/yoast-seo-wordpress\/ -->\n<title>Centellian24 Madeca Enzyme Cleansing Powder enz\u012bmu p\u016bderis delik\u0101tai \u0101das att\u012br\u012b\u0161anai un atjauno\u0161anai 60g - FACECORNER<\/title>\n<meta name=\"description\" content=\"Centellian24 Madeca Enzyme Cleansing Powder ir inovat\u012bvs sejas mazg\u0101\u0161anas l\u012bdzeklis pulvera form\u0101, kas saskarei ar \u016bdeni p\u0101rv\u0113r\u0161as maig\u0101 att\u012bro\u0161\u0101 put\u0101. Ide\u0101li piem\u0113rots ikdienas lieto\u0161anai un maigai jebkura tipa \u0101das kop\u0161anai, ieskaitot jut\u012bgu \u0101du.\" \/>\n<meta name=\"robots\" content=\"index, follow, max-snippet:-1, max-image-preview:large, max-video-preview:-1\" \/>\n<link rel=\"canonical\" href=\"https:\/\/www.facecorner.lv\/en\/shop\/centellian24-madeca-enzyme-cleansing-powder-enzimu-puderis-delikatai-adas-attirisanai-un-atjaunosanai-60g\/\" \/>\n<meta property=\"og:locale\" content=\"en_US\" \/>\n<meta property=\"og:type\" content=\"article\" \/>\n<meta property=\"og:title\" content=\"Centellian24 Madeca Enzyme Cleansing Powder enz\u012bmu p\u016bderis delik\u0101tai \u0101das att\u012br\u012b\u0161anai un atjauno\u0161anai 60g - FACECORNER\" \/>\n<meta property=\"og:description\" content=\"Centellian24 Madeca Enzyme Cleansing Powder ir inovat\u012bvs sejas mazg\u0101\u0161anas l\u012bdzeklis pulvera form\u0101, kas saskarei ar \u016bdeni p\u0101rv\u0113r\u0161as maig\u0101 att\u012bro\u0161\u0101 put\u0101. Ide\u0101li piem\u0113rots ikdienas lieto\u0161anai un maigai jebkura tipa \u0101das kop\u0161anai, ieskaitot jut\u012bgu \u0101du.\" \/>\n<meta property=\"og:url\" content=\"https:\/\/www.facecorner.lv\/en\/shop\/centellian24-madeca-enzyme-cleansing-powder-enzimu-puderis-delikatai-adas-attirisanai-un-atjaunosanai-60g\/\" \/>\n<meta property=\"og:site_name\" content=\"FACECORNER\" \/>\n<meta property=\"article:publisher\" content=\"https:\/\/www.facebook.com\/profile.php?id=100063824551839\" \/>\n<meta property=\"article:modified_time\" content=\"2026-04-07T12:58:00+00:00\" \/>\n<meta property=\"og:image\" content=\"https:\/\/www.facecorner.lv\/wp-content\/uploads\/2026\/04\/41NjGj-cOoL.jpg\" \/>\n\t<meta property=\"og:image:width\" content=\"912\" \/>\n\t<meta property=\"og:image:height\" content=\"912\" \/>\n\t<meta property=\"og:image:type\" content=\"image\/jpeg\" \/>\n<meta name=\"twitter:card\" content=\"summary_large_image\" \/>\n<meta name=\"twitter:label1\" content=\"Price\" \/>\n\t<meta name=\"twitter:data1\" content=\"\" \/>\n\t<meta name=\"twitter:label2\" content=\"Availability\" \/>\n\t<meta name=\"twitter:data2\" content=\"In stock\" \/>\n<script type=\"application\/ld+json\" class=\"yoast-schema-graph\">{\"@context\":\"https:\\\/\\\/schema.org\",\"@graph\":[{\"@type\":\"WebPage\",\"@id\":\"https:\\\/\\\/www.facecorner.lv\\\/shop\\\/centellian24-madeca-enzyme-cleansing-powder-enzimu-puderis-delikatai-adas-attirisanai-un-atjaunosanai-60g\\\/\",\"url\":\"https:\\\/\\\/www.facecorner.lv\\\/shop\\\/centellian24-madeca-enzyme-cleansing-powder-enzimu-puderis-delikatai-adas-attirisanai-un-atjaunosanai-60g\\\/\",\"name\":\"Centellian24 Madeca Enzyme Cleansing Powder enz\u012bmu p\u016bderis delik\u0101tai \u0101das att\u012br\u012b\u0161anai un atjauno\u0161anai 60g - FACECORNER\",\"isPartOf\":{\"@id\":\"https:\\\/\\\/www.facecorner.lv\\\/#website\"},\"primaryImageOfPage\":{\"@id\":\"https:\\\/\\\/www.facecorner.lv\\\/shop\\\/centellian24-madeca-enzyme-cleansing-powder-enzimu-puderis-delikatai-adas-attirisanai-un-atjaunosanai-60g\\\/#primaryimage\"},\"image\":{\"@id\":\"https:\\\/\\\/www.facecorner.lv\\\/shop\\\/centellian24-madeca-enzyme-cleansing-powder-enzimu-puderis-delikatai-adas-attirisanai-un-atjaunosanai-60g\\\/#primaryimage\"},\"thumbnailUrl\":\"https:\\\/\\\/www.facecorner.lv\\\/wp-content\\\/uploads\\\/2026\\\/04\\\/41NjGj-cOoL.jpg\",\"datePublished\":\"2026-04-07T12:56:36+00:00\",\"dateModified\":\"2026-04-07T12:58:00+00:00\",\"description\":\"Centellian24 Madeca Enzyme Cleansing Powder ir inovat\u012bvs sejas mazg\u0101\u0161anas l\u012bdzeklis pulvera form\u0101, kas saskarei ar \u016bdeni p\u0101rv\u0113r\u0161as maig\u0101 att\u012bro\u0161\u0101 put\u0101. Ide\u0101li piem\u0113rots ikdienas lieto\u0161anai un maigai jebkura tipa \u0101das kop\u0161anai, ieskaitot jut\u012bgu \u0101du.\",\"breadcrumb\":{\"@id\":\"https:\\\/\\\/www.facecorner.lv\\\/shop\\\/centellian24-madeca-enzyme-cleansing-powder-enzimu-puderis-delikatai-adas-attirisanai-un-atjaunosanai-60g\\\/#breadcrumb\"},\"inLanguage\":\"en-US\",\"potentialAction\":[{\"@type\":\"ReadAction\",\"target\":[\"https:\\\/\\\/www.facecorner.lv\\\/shop\\\/centellian24-madeca-enzyme-cleansing-powder-enzimu-puderis-delikatai-adas-attirisanai-un-atjaunosanai-60g\\\/\"]}]},{\"@type\":\"ImageObject\",\"inLanguage\":\"en-US\",\"@id\":\"https:\\\/\\\/www.facecorner.lv\\\/shop\\\/centellian24-madeca-enzyme-cleansing-powder-enzimu-puderis-delikatai-adas-attirisanai-un-atjaunosanai-60g\\\/#primaryimage\",\"url\":\"https:\\\/\\\/www.facecorner.lv\\\/wp-content\\\/uploads\\\/2026\\\/04\\\/41NjGj-cOoL.jpg\",\"contentUrl\":\"https:\\\/\\\/www.facecorner.lv\\\/wp-content\\\/uploads\\\/2026\\\/04\\\/41NjGj-cOoL.jpg\",\"width\":912,\"height\":912},{\"@type\":\"BreadcrumbList\",\"@id\":\"https:\\\/\\\/www.facecorner.lv\\\/shop\\\/centellian24-madeca-enzyme-cleansing-powder-enzimu-puderis-delikatai-adas-attirisanai-un-atjaunosanai-60g\\\/#breadcrumb\",\"itemListElement\":[{\"@type\":\"ListItem\",\"position\":1,\"name\":\"Home\",\"item\":\"https:\\\/\\\/www.facecorner.lv\\\/\"},{\"@type\":\"ListItem\",\"position\":2,\"name\":\"Veikals\",\"item\":\"https:\\\/\\\/www.facecorner.lv\\\/shop\\\/\"},{\"@type\":\"ListItem\",\"position\":3,\"name\":\"Centellian24 Madeca Enzyme Cleansing Powder enz\u012bmu p\u016bderis delik\u0101tai \u0101das att\u012br\u012b\u0161anai un atjauno\u0161anai 60g\"}]},{\"@type\":\"WebSite\",\"@id\":\"https:\\\/\\\/www.facecorner.lv\\\/#website\",\"url\":\"https:\\\/\\\/www.facecorner.lv\\\/\",\"name\":\"Facecorner\",\"description\":\"\",\"publisher\":{\"@id\":\"https:\\\/\\\/www.facecorner.lv\\\/#organization\"},\"potentialAction\":[{\"@type\":\"SearchAction\",\"target\":{\"@type\":\"EntryPoint\",\"urlTemplate\":\"https:\\\/\\\/www.facecorner.lv\\\/?s={search_term_string}\"},\"query-input\":{\"@type\":\"PropertyValueSpecification\",\"valueRequired\":true,\"valueName\":\"search_term_string\"}}],\"inLanguage\":\"en-US\"},{\"@type\":\"Organization\",\"@id\":\"https:\\\/\\\/www.facecorner.lv\\\/#organization\",\"name\":\"Facecorner\",\"url\":\"https:\\\/\\\/www.facecorner.lv\\\/\",\"logo\":{\"@type\":\"ImageObject\",\"inLanguage\":\"en-US\",\"@id\":\"https:\\\/\\\/www.facecorner.lv\\\/#\\\/schema\\\/logo\\\/image\\\/\",\"url\":\"https:\\\/\\\/www.facecorner.lv\\\/wp-content\\\/uploads\\\/2024\\\/04\\\/fc-logo.jpg\",\"contentUrl\":\"https:\\\/\\\/www.facecorner.lv\\\/wp-content\\\/uploads\\\/2024\\\/04\\\/fc-logo.jpg\",\"width\":174,\"height\":28,\"caption\":\"Facecorner\"},\"image\":{\"@id\":\"https:\\\/\\\/www.facecorner.lv\\\/#\\\/schema\\\/logo\\\/image\\\/\"},\"sameAs\":[\"https:\\\/\\\/www.facebook.com\\\/profile.php?id=100063824551839\",\"https:\\\/\\\/www.instagram.com\\\/facecorner_shop\\\/\"]}]}<\/script>\n<meta property=\"product:price:currency\" content=\"EUR\" \/>\n<meta property=\"og:availability\" content=\"instock\" \/>\n<meta property=\"product:availability\" content=\"instock\" \/>\n<meta property=\"product:retailer_item_id\" content=\"20.95\" \/>\n<meta property=\"product:condition\" content=\"new\" \/>\n<!-- \/ Yoast SEO plugin. -->","yoast_head_json":{"title":"Centellian24 Madeca Enzyme Cleansing Powder enz\u012bmu p\u016bderis delik\u0101tai \u0101das att\u012br\u012b\u0161anai un atjauno\u0161anai 60g - FACECORNER","description":"Centellian24 Madeca Enzyme Cleansing Powder ir inovat\u012bvs sejas mazg\u0101\u0161anas l\u012bdzeklis pulvera form\u0101, kas saskarei ar \u016bdeni p\u0101rv\u0113r\u0161as maig\u0101 att\u012bro\u0161\u0101 put\u0101. Ide\u0101li piem\u0113rots ikdienas lieto\u0161anai un maigai jebkura tipa \u0101das kop\u0161anai, ieskaitot jut\u012bgu \u0101du.","robots":{"index":"index","follow":"follow","max-snippet":"max-snippet:-1","max-image-preview":"max-image-preview:large","max-video-preview":"max-video-preview:-1"},"canonical":"https:\/\/www.facecorner.lv\/en\/shop\/centellian24-madeca-enzyme-cleansing-powder-enzimu-puderis-delikatai-adas-attirisanai-un-atjaunosanai-60g\/","og_locale":"en_US","og_type":"article","og_title":"Centellian24 Madeca Enzyme Cleansing Powder enz\u012bmu p\u016bderis delik\u0101tai \u0101das att\u012br\u012b\u0161anai un atjauno\u0161anai 60g - FACECORNER","og_description":"Centellian24 Madeca Enzyme Cleansing Powder ir inovat\u012bvs sejas mazg\u0101\u0161anas l\u012bdzeklis pulvera form\u0101, kas saskarei ar \u016bdeni p\u0101rv\u0113r\u0161as maig\u0101 att\u012bro\u0161\u0101 put\u0101. Ide\u0101li piem\u0113rots ikdienas lieto\u0161anai un maigai jebkura tipa \u0101das kop\u0161anai, ieskaitot jut\u012bgu \u0101du.","og_url":"https:\/\/www.facecorner.lv\/en\/shop\/centellian24-madeca-enzyme-cleansing-powder-enzimu-puderis-delikatai-adas-attirisanai-un-atjaunosanai-60g\/","og_site_name":"FACECORNER","article_publisher":"https:\/\/www.facebook.com\/profile.php?id=100063824551839","article_modified_time":"2026-04-07T12:58:00+00:00","og_image":[{"width":912,"height":912,"url":"https:\/\/www.facecorner.lv\/wp-content\/uploads\/2026\/04\/41NjGj-cOoL.jpg","type":"image\/jpeg"}],"twitter_card":"summary_large_image","twitter_misc":{"Price":"","Availability":"In stock"},"schema":{"@context":"https:\/\/schema.org","@graph":[{"@type":"WebPage","@id":"https:\/\/www.facecorner.lv\/shop\/centellian24-madeca-enzyme-cleansing-powder-enzimu-puderis-delikatai-adas-attirisanai-un-atjaunosanai-60g\/","url":"https:\/\/www.facecorner.lv\/shop\/centellian24-madeca-enzyme-cleansing-powder-enzimu-puderis-delikatai-adas-attirisanai-un-atjaunosanai-60g\/","name":"Centellian24 Madeca Enzyme Cleansing Powder enz\u012bmu p\u016bderis delik\u0101tai \u0101das att\u012br\u012b\u0161anai un atjauno\u0161anai 60g - FACECORNER","isPartOf":{"@id":"https:\/\/www.facecorner.lv\/#website"},"primaryImageOfPage":{"@id":"https:\/\/www.facecorner.lv\/shop\/centellian24-madeca-enzyme-cleansing-powder-enzimu-puderis-delikatai-adas-attirisanai-un-atjaunosanai-60g\/#primaryimage"},"image":{"@id":"https:\/\/www.facecorner.lv\/shop\/centellian24-madeca-enzyme-cleansing-powder-enzimu-puderis-delikatai-adas-attirisanai-un-atjaunosanai-60g\/#primaryimage"},"thumbnailUrl":"https:\/\/www.facecorner.lv\/wp-content\/uploads\/2026\/04\/41NjGj-cOoL.jpg","datePublished":"2026-04-07T12:56:36+00:00","dateModified":"2026-04-07T12:58:00+00:00","description":"Centellian24 Madeca Enzyme Cleansing Powder ir inovat\u012bvs sejas mazg\u0101\u0161anas l\u012bdzeklis pulvera form\u0101, kas saskarei ar \u016bdeni p\u0101rv\u0113r\u0161as maig\u0101 att\u012bro\u0161\u0101 put\u0101. Ide\u0101li piem\u0113rots ikdienas lieto\u0161anai un maigai jebkura tipa \u0101das kop\u0161anai, ieskaitot jut\u012bgu \u0101du.","breadcrumb":{"@id":"https:\/\/www.facecorner.lv\/shop\/centellian24-madeca-enzyme-cleansing-powder-enzimu-puderis-delikatai-adas-attirisanai-un-atjaunosanai-60g\/#breadcrumb"},"inLanguage":"en-US","potentialAction":[{"@type":"ReadAction","target":["https:\/\/www.facecorner.lv\/shop\/centellian24-madeca-enzyme-cleansing-powder-enzimu-puderis-delikatai-adas-attirisanai-un-atjaunosanai-60g\/"]}]},{"@type":"ImageObject","inLanguage":"en-US","@id":"https:\/\/www.facecorner.lv\/shop\/centellian24-madeca-enzyme-cleansing-powder-enzimu-puderis-delikatai-adas-attirisanai-un-atjaunosanai-60g\/#primaryimage","url":"https:\/\/www.facecorner.lv\/wp-content\/uploads\/2026\/04\/41NjGj-cOoL.jpg","contentUrl":"https:\/\/www.facecorner.lv\/wp-content\/uploads\/2026\/04\/41NjGj-cOoL.jpg","width":912,"height":912},{"@type":"BreadcrumbList","@id":"https:\/\/www.facecorner.lv\/shop\/centellian24-madeca-enzyme-cleansing-powder-enzimu-puderis-delikatai-adas-attirisanai-un-atjaunosanai-60g\/#breadcrumb","itemListElement":[{"@type":"ListItem","position":1,"name":"Home","item":"https:\/\/www.facecorner.lv\/"},{"@type":"ListItem","position":2,"name":"Veikals","item":"https:\/\/www.facecorner.lv\/shop\/"},{"@type":"ListItem","position":3,"name":"Centellian24 Madeca Enzyme Cleansing Powder enz\u012bmu p\u016bderis delik\u0101tai \u0101das att\u012br\u012b\u0161anai un atjauno\u0161anai 60g"}]},{"@type":"WebSite","@id":"https:\/\/www.facecorner.lv\/#website","url":"https:\/\/www.facecorner.lv\/","name":"Facecorner","description":"","publisher":{"@id":"https:\/\/www.facecorner.lv\/#organization"},"potentialAction":[{"@type":"SearchAction","target":{"@type":"EntryPoint","urlTemplate":"https:\/\/www.facecorner.lv\/?s={search_term_string}"},"query-input":{"@type":"PropertyValueSpecification","valueRequired":true,"valueName":"search_term_string"}}],"inLanguage":"en-US"},{"@type":"Organization","@id":"https:\/\/www.facecorner.lv\/#organization","name":"Facecorner","url":"https:\/\/www.facecorner.lv\/","logo":{"@type":"ImageObject","inLanguage":"en-US","@id":"https:\/\/www.facecorner.lv\/#\/schema\/logo\/image\/","url":"https:\/\/www.facecorner.lv\/wp-content\/uploads\/2024\/04\/fc-logo.jpg","contentUrl":"https:\/\/www.facecorner.lv\/wp-content\/uploads\/2024\/04\/fc-logo.jpg","width":174,"height":28,"caption":"Facecorner"},"image":{"@id":"https:\/\/www.facecorner.lv\/#\/schema\/logo\/image\/"},"sameAs":["https:\/\/www.facebook.com\/profile.php?id=100063824551839","https:\/\/www.instagram.com\/facecorner_shop\/"]}]},"product_price_currency":"EUR","og_availability":"instock","product_availability":"instock","product_retailer_item_id":"20.95","product_condition":"new"},"_links":{"self":[{"href":"https:\/\/www.facecorner.lv\/en\/wp-json\/wp\/v2\/product\/27411","targetHints":{"allow":["GET"]}}],"collection":[{"href":"https:\/\/www.facecorner.lv\/en\/wp-json\/wp\/v2\/product"}],"about":[{"href":"https:\/\/www.facecorner.lv\/en\/wp-json\/wp\/v2\/types\/product"}],"replies":[{"embeddable":true,"href":"https:\/\/www.facecorner.lv\/en\/wp-json\/wp\/v2\/comments?post=27411"}],"wp:featuredmedia":[{"embeddable":true,"href":"https:\/\/www.facecorner.lv\/en\/wp-json\/wp\/v2\/media\/27414"}],"wp:attachment":[{"href":"https:\/\/www.facecorner.lv\/en\/wp-json\/wp\/v2\/media?parent=27411"}],"wp:term":[{"taxonomy":"product_brand","embeddable":true,"href":"https:\/\/www.facecorner.lv\/en\/wp-json\/wp\/v2\/product_brand?post=27411"},{"taxonomy":"product_cat","embeddable":true,"href":"https:\/\/www.facecorner.lv\/en\/wp-json\/wp\/v2\/product_cat?post=27411"},{"taxonomy":"product_tag","embeddable":true,"href":"https:\/\/www.facecorner.lv\/en\/wp-json\/wp\/v2\/product_tag?post=27411"},{"taxonomy":"berocket_brand","embeddable":true,"href":"https:\/\/www.facecorner.lv\/en\/wp-json\/wp\/v2\/berocket_brand?post=27411"}],"curies":[{"name":"wp","href":"https:\/\/api.w.org\/{rel}","templated":true}]}}