{"id":27405,"date":"2026-04-07T15:25:13","date_gmt":"2026-04-07T12:25:13","guid":{"rendered":"https:\/\/www.facecorner.lv\/?post_type=product&#038;p=27405"},"modified":"2026-04-07T15:25:13","modified_gmt":"2026-04-07T12:25:13","slug":"centellian24-madeca-cream-time-reverse-zero-viegls-pretnovecosanas-krems-ar-centellu-80ml","status":"publish","type":"product","link":"https:\/\/www.facecorner.lv\/en\/shop\/centellian24-madeca-cream-time-reverse-zero-viegls-pretnovecosanas-krems-ar-centellu-80ml\/","title":{"rendered":"Centellian24 Madeca Cream Time Reverse Zero viegls pretnoveco\u0161an\u0101s kr\u0113ms ar centellu 80ml"},"content":{"rendered":"<p>Iepaz\u012bstieties ar jaun\u0101s paaudzes inovat\u012bvo kop\u0161anas l\u012bdzekli \u2014 Centellian24 Madeca Cream Time Reverse Zero, vieglu kr\u0113mu ar \u201eslow-aging\u201c efektu, kas izstr\u0101d\u0101ts, lai atjaunotu, mitrin\u0101tu un saglab\u0101tu \u0101das jaun\u012bbu.<\/p>\n<p>Formula apvieno dermatolo\u0123isk\u0101s tehnolo\u0123ijas un \u0100zijas centellas sp\u0113ku, pal\u012bdzot \u0101dai izskat\u012bties glud\u0101kai, elast\u012bg\u0101kai un svaig\u0101kai bez smaguma saj\u016btas.<\/p>\n<h6>Galven\u0101s priek\u0161roc\u012bbas:<\/h6>\n<ul>\n<li>Viegla liftinga efekta \u2014 uztur \u0101das stingr\u012bbu un elast\u012bbu<\/li>\n<li>Intens\u012bva mitrin\u0101\u0161ana \u2014 saglab\u0101 mitrumu un nov\u0113r\u0161 sausumu<\/li>\n<li>Tona izl\u012bdzin\u0101\u0161ana \u2014 padara \u0101du mirdzo\u0161\u0101ku un glud\u0101ku<\/li>\n<li>Nomierino\u0161a iedarb\u012bba \u2014 samazina jut\u012bgumu un kairin\u0101jumu<\/li>\n<li>Slow-aging kop\u0161ana \u2014 pal\u0113nina noveco\u0161an\u0101s paz\u012bmju par\u0101d\u012b\u0161anos<\/li>\n<\/ul>\n<p><strong>Bubble Pop Cleanser products fine, soft foam to cleanse away dead skin, sebum and makeup residue from your face, while hyaluronic acid moisturizes your skin.<\/strong><\/p>\n<ul>\n<li>TECA (centella asiatica) \u2014 atjauno \u0101du un stiprina t\u0101s aizsargbarjeru<\/li>\n<li>Niacinam\u012bds \u2014 izgaismo un izl\u012bdzina \u0101das toni<\/li>\n<li>Pantenols un alanto\u012bns \u2014 nomierina un mazina kairin\u0101jumu<\/li>\n<li>Madekassos\u012bds, azij\u0101tisk\u0101 sk\u0101be \u2014 pa\u0101trina \u0101das re\u0123ener\u0101ciju<\/li>\n<li>Mitrino\u0161ais komplekss \u2014 uztur optim\u0101lu mitruma l\u012bmeni<\/li>\n<\/ul>\n<p><strong>Viegla g\u0113la-kr\u0113ma tekst\u016bra \u0101tri ies\u016bcas, neatst\u0101jot lip\u012bguma saj\u016btu vai taukainu sp\u012bdumu.<\/strong><br \/>\nIde\u0101li piem\u0113rots siltajam klimatam, vasarai un tiem, kam nepat\u012bk biezi kr\u0113mi.<\/p>\n<p><strong>How to use:<\/strong> Uzkl\u0101jiet nelielu daudzumu kr\u0113ma Centellian24 Madeca Cream Time Reverse Zero uz att\u012br\u012btas sejas \u0101das k\u0101 p\u0113d\u0113jo kop\u0161anas posmu.Vienm\u0113r\u012bgi izl\u012bdziniet uz \u0101das ar maig\u0101m mas\u0113jo\u0161\u0101m kust\u012bb\u0101m, l\u012bdz kr\u0113ms piln\u012bb\u0101 ies\u016bcies.<\/p>\n<p><strong>Sast\u0101vs:<\/strong> Water, Dipropylene Glycol, 2,3-Butanediol, Hydrogenated Poly(C6-14 Olefin), Caprylic\/Capric Triglyceride, Niacinamide, Isodecyl Neopentanoate, Glyceryl Stearate, Polyglyceryl-6 Distearate, Cetearyl Alcohol, Vinyldimethicone, Dicaprylyl Ether, Candelilla\/Jojoba\/Rice Bran Polyglyceryl-3 Esters, 1,2-Hexanediol, Sodium Polyacryloyldimethyl Taurate, Panthenol, Polyglyceryl-10 Laurate, Glycerin, Sodium Stearoyl Glutamate, Hydroxyacetophenone, Madecassic Acid, Asiaticoside, Asiatic Acid, Allantoin, Ethylhexylglycerin, Citrus Aurantium Dulcis Oil, Butylene Glycol, Xanthan Gum, Disodium EDTA, Adenosine, Citrus Nobilis Peel Oil, Hydrogenated Lecithin, Lavandula Angustifolia Oil, Cyclodextrin, Candida Bombicola\/Glucose\/Methyl Rapeseedate Ferment, Centella Asiatica Extract, Ficus Carica Fruit Extract, Jojoba Esters, Citrus Aurantium Bergamia Fruit Oil, Sodium Laurate, Olea Europaea Fruit Oil, Litsea Cubeba Fruit Oil, Ethoxydiglycol, Xylitylglucoside, Malt Extract, Rosmarinus Officinalis Leaf Oil, Citrus Aurantium Dulcis Peel Oil, Helianthus Annuus Seed Wax, Anhydroxylitol, Lauric Acid, Ceramide NP, Xylitol, Centella Asiatica Leaf Extract, Caffeine, Arginine, Citrus Grandis Peel Oil, Copaifera Officinalis Resin, Juniperus Virginiana Oil, Cedrus Atlantica Bark Oil, Octyldodecanol, Macadamia Ternifolia Seed Oil, Tocopherol, Pelargonium Graveolens Flower Oil, Glycolipids, Polyglycerin-3, C12-13 Alketh-9, Sodium Hyaluronate, Cyanocobalamin, Madecassoside, Sucrose Distearate, Hydrolyzed Hyaluronic Acid, Glycine Soja Oil, Jasminum Officinale Oil, Palmitic Acid, Maltodextrin, Lepidium Meyenii Root Extract, Propanediol, Ascorbyl Palmitate, Stearic Acid, Myrtus Communis Oil, Artemisia Absinthium Extract, Rose Flower Oil, Centella Asiatica Oil, Vanilla Planifolia Fruit Extract, Retinol, Ferula Galbaniflua Resin Oil, Phytosterols, Resveratrol, Cimicifuga Racemosa Root Extract, Silybum Marianum Extract, Taurine, Hydrolyzed Centella Asiatica Extract, Phytosphingosine, Collagen Amino Acids, Salix Alba Bark Extract, Origanum Vulgare Leaf Extract, Chamaecyparis Obtusa Leaf Extract, Laminaria Japonica Extract, Aloe Barbadensis Leaf Extract, Dioscorea Japonica Root Extract, Ulmus Davidiana Root Extract, Viola Mandshurica Flower Extract, Myristic Acid, Arachidic Acid, Cinnamomum Cassia Bark Extract, Portulaca Oleracea Extract, Scutellaria Baicalensis Root Extract, Lactobacillus\/Soybean Ferment Extract, Sodium DNA, Limonene, Linalool, Citral<\/p>","protected":false},"excerpt":{"rendered":"<p>Iepaz\u012bstieties ar jaun\u0101s paaudzes inovat\u012bvo kop\u0161anas l\u012bdzekli \u2014 Centellian24 Madeca Cream Time Reverse Zero, vieglu kr\u0113mu ar \u201eslow-aging\u201c efektu, kas izstr\u0101d\u0101ts, lai atjaunotu, mitrin\u0101tu un saglab\u0101tu \u0101das jaun\u012bbu.<\/p>","protected":false},"featured_media":27406,"comment_status":"open","ping_status":"closed","template":"","meta":{"site-sidebar-layout":"default","site-content-layout":"","ast-site-content-layout":"default","site-content-style":"default","site-sidebar-style":"default","ast-global-header-display":"","ast-banner-title-visibility":"","ast-main-header-display":"","ast-hfb-above-header-display":"","ast-hfb-below-header-display":"","ast-hfb-mobile-header-display":"","site-post-title":"","ast-breadcrumbs-content":"","ast-featured-img":"","footer-sml-layout":"","theme-transparent-header-meta":"default","adv-header-id-meta":"","stick-header-meta":"","header-above-stick-meta":"","header-main-stick-meta":"","header-below-stick-meta":"","astra-migrate-meta-layouts":"set","ast-page-background-enabled":"default","ast-page-background-meta":{"desktop":{"background-color":"var(--ast-global-color-4)","background-image":"","background-repeat":"repeat","background-position":"center center","background-size":"auto","background-attachment":"scroll","background-type":"","background-media":"","overlay-type":"","overlay-color":"","overlay-opacity":"","overlay-gradient":""},"tablet":{"background-color":"","background-image":"","background-repeat":"repeat","background-position":"center center","background-size":"auto","background-attachment":"scroll","background-type":"","background-media":"","overlay-type":"","overlay-color":"","overlay-opacity":"","overlay-gradient":""},"mobile":{"background-color":"","background-image":"","background-repeat":"repeat","background-position":"center center","background-size":"auto","background-attachment":"scroll","background-type":"","background-media":"","overlay-type":"","overlay-color":"","overlay-opacity":"","overlay-gradient":""}},"ast-content-background-meta":{"desktop":{"background-color":"var(--ast-global-color-5)","background-image":"","background-repeat":"repeat","background-position":"center center","background-size":"auto","background-attachment":"scroll","background-type":"","background-media":"","overlay-type":"","overlay-color":"","overlay-opacity":"","overlay-gradient":""},"tablet":{"background-color":"var(--ast-global-color-5)","background-image":"","background-repeat":"repeat","background-position":"center center","background-size":"auto","background-attachment":"scroll","background-type":"","background-media":"","overlay-type":"","overlay-color":"","overlay-opacity":"","overlay-gradient":""},"mobile":{"background-color":"var(--ast-global-color-5)","background-image":"","background-repeat":"repeat","background-position":"center center","background-size":"auto","background-attachment":"scroll","background-type":"","background-media":"","overlay-type":"","overlay-color":"","overlay-opacity":"","overlay-gradient":""}}},"product_brand":[],"product_cat":[366,368,362],"product_tag":[],"berocket_brand":[682],"class_list":{"0":"post-27405","1":"product","2":"type-product","3":"status-publish","4":"has-post-thumbnail","6":"product_cat-mitrinoss","7":"product_cat-pret-grumbam","8":"product_cat-sejas-krems","9":"berocket_brand-centellian24","10":"desktop-align-left","11":"tablet-align-left","12":"mobile-align-left","14":"first","15":"instock","16":"taxable","17":"shipping-taxable","18":"purchasable","19":"product-type-simple","20":"add-to-wishlist-before_image"},"yoast_head":"<!-- This site is optimized with the Yoast SEO plugin v27.3 - https:\/\/yoast.com\/product\/yoast-seo-wordpress\/ -->\n<title>Centellian24 Madeca Cream Time Reverse Zero viegls pretnoveco\u0161an\u0101s kr\u0113ms ar centellu 80ml - FACECORNER<\/title>\n<meta name=\"description\" content=\"Iepaz\u012bstieties ar jaun\u0101s paaudzes inovat\u012bvo kop\u0161anas l\u012bdzekli \u2014 Centellian24 Madeca Cream Time Reverse Zero, vieglu kr\u0113mu ar \u201eslow-aging\u201c efektu, kas izstr\u0101d\u0101ts, lai atjaunotu, mitrin\u0101tu un saglab\u0101tu \u0101das jaun\u012bbu.\" \/>\n<meta name=\"robots\" content=\"index, follow, max-snippet:-1, max-image-preview:large, max-video-preview:-1\" \/>\n<link rel=\"canonical\" href=\"https:\/\/www.facecorner.lv\/en\/shop\/centellian24-madeca-cream-time-reverse-zero-viegls-pretnovecosanas-krems-ar-centellu-80ml\/\" \/>\n<meta property=\"og:locale\" content=\"en_US\" \/>\n<meta property=\"og:type\" content=\"article\" \/>\n<meta property=\"og:title\" content=\"Centellian24 Madeca Cream Time Reverse Zero viegls pretnoveco\u0161an\u0101s kr\u0113ms ar centellu 80ml - FACECORNER\" \/>\n<meta property=\"og:description\" content=\"Iepaz\u012bstieties ar jaun\u0101s paaudzes inovat\u012bvo kop\u0161anas l\u012bdzekli \u2014 Centellian24 Madeca Cream Time Reverse Zero, vieglu kr\u0113mu ar \u201eslow-aging\u201c efektu, kas izstr\u0101d\u0101ts, lai atjaunotu, mitrin\u0101tu un saglab\u0101tu \u0101das jaun\u012bbu.\" \/>\n<meta property=\"og:url\" content=\"https:\/\/www.facecorner.lv\/en\/shop\/centellian24-madeca-cream-time-reverse-zero-viegls-pretnovecosanas-krems-ar-centellu-80ml\/\" \/>\n<meta property=\"og:site_name\" content=\"FACECORNER\" \/>\n<meta property=\"article:publisher\" content=\"https:\/\/www.facebook.com\/profile.php?id=100063824551839\" \/>\n<meta property=\"og:image\" content=\"https:\/\/www.facecorner.lv\/wp-content\/uploads\/2026\/04\/Centellian24MadecaCreamTimeReverseZero80ml_1.webp\" \/>\n\t<meta property=\"og:image:width\" content=\"1200\" \/>\n\t<meta property=\"og:image:height\" content=\"1200\" \/>\n\t<meta property=\"og:image:type\" content=\"image\/webp\" \/>\n<meta name=\"twitter:card\" content=\"summary_large_image\" \/>\n<meta name=\"twitter:label1\" content=\"Price\" \/>\n\t<meta name=\"twitter:data1\" content=\"&euro;19.95\" \/>\n\t<meta name=\"twitter:label2\" content=\"Availability\" \/>\n\t<meta name=\"twitter:data2\" content=\"In stock\" \/>\n<script type=\"application\/ld+json\" class=\"yoast-schema-graph\">{\"@context\":\"https:\\\/\\\/schema.org\",\"@graph\":[{\"@type\":\"WebPage\",\"@id\":\"https:\\\/\\\/www.facecorner.lv\\\/shop\\\/centellian24-madeca-cream-time-reverse-zero-viegls-pretnovecosanas-krems-ar-centellu-80ml\\\/\",\"url\":\"https:\\\/\\\/www.facecorner.lv\\\/shop\\\/centellian24-madeca-cream-time-reverse-zero-viegls-pretnovecosanas-krems-ar-centellu-80ml\\\/\",\"name\":\"Centellian24 Madeca Cream Time Reverse Zero viegls pretnoveco\u0161an\u0101s kr\u0113ms ar centellu 80ml - FACECORNER\",\"isPartOf\":{\"@id\":\"https:\\\/\\\/www.facecorner.lv\\\/#website\"},\"primaryImageOfPage\":{\"@id\":\"https:\\\/\\\/www.facecorner.lv\\\/shop\\\/centellian24-madeca-cream-time-reverse-zero-viegls-pretnovecosanas-krems-ar-centellu-80ml\\\/#primaryimage\"},\"image\":{\"@id\":\"https:\\\/\\\/www.facecorner.lv\\\/shop\\\/centellian24-madeca-cream-time-reverse-zero-viegls-pretnovecosanas-krems-ar-centellu-80ml\\\/#primaryimage\"},\"thumbnailUrl\":\"https:\\\/\\\/www.facecorner.lv\\\/wp-content\\\/uploads\\\/2026\\\/04\\\/Centellian24MadecaCreamTimeReverseZero80ml_1.webp\",\"datePublished\":\"2026-04-07T12:25:13+00:00\",\"description\":\"Iepaz\u012bstieties ar jaun\u0101s paaudzes inovat\u012bvo kop\u0161anas l\u012bdzekli \u2014 Centellian24 Madeca Cream Time Reverse Zero, vieglu kr\u0113mu ar \u201eslow-aging\u201c efektu, kas izstr\u0101d\u0101ts, lai atjaunotu, mitrin\u0101tu un saglab\u0101tu \u0101das jaun\u012bbu.\",\"breadcrumb\":{\"@id\":\"https:\\\/\\\/www.facecorner.lv\\\/shop\\\/centellian24-madeca-cream-time-reverse-zero-viegls-pretnovecosanas-krems-ar-centellu-80ml\\\/#breadcrumb\"},\"inLanguage\":\"en-US\",\"potentialAction\":[{\"@type\":\"ReadAction\",\"target\":[\"https:\\\/\\\/www.facecorner.lv\\\/shop\\\/centellian24-madeca-cream-time-reverse-zero-viegls-pretnovecosanas-krems-ar-centellu-80ml\\\/\"]}]},{\"@type\":\"ImageObject\",\"inLanguage\":\"en-US\",\"@id\":\"https:\\\/\\\/www.facecorner.lv\\\/shop\\\/centellian24-madeca-cream-time-reverse-zero-viegls-pretnovecosanas-krems-ar-centellu-80ml\\\/#primaryimage\",\"url\":\"https:\\\/\\\/www.facecorner.lv\\\/wp-content\\\/uploads\\\/2026\\\/04\\\/Centellian24MadecaCreamTimeReverseZero80ml_1.webp\",\"contentUrl\":\"https:\\\/\\\/www.facecorner.lv\\\/wp-content\\\/uploads\\\/2026\\\/04\\\/Centellian24MadecaCreamTimeReverseZero80ml_1.webp\",\"width\":1200,\"height\":1200,\"caption\":\"Centellian24 Madeca Cream Time Reverse Zero\"},{\"@type\":\"BreadcrumbList\",\"@id\":\"https:\\\/\\\/www.facecorner.lv\\\/shop\\\/centellian24-madeca-cream-time-reverse-zero-viegls-pretnovecosanas-krems-ar-centellu-80ml\\\/#breadcrumb\",\"itemListElement\":[{\"@type\":\"ListItem\",\"position\":1,\"name\":\"Home\",\"item\":\"https:\\\/\\\/www.facecorner.lv\\\/\"},{\"@type\":\"ListItem\",\"position\":2,\"name\":\"Veikals\",\"item\":\"https:\\\/\\\/www.facecorner.lv\\\/shop\\\/\"},{\"@type\":\"ListItem\",\"position\":3,\"name\":\"Centellian24 Madeca Cream Time Reverse Zero viegls pretnoveco\u0161an\u0101s kr\u0113ms ar centellu 80ml\"}]},{\"@type\":\"WebSite\",\"@id\":\"https:\\\/\\\/www.facecorner.lv\\\/#website\",\"url\":\"https:\\\/\\\/www.facecorner.lv\\\/\",\"name\":\"Facecorner\",\"description\":\"\",\"publisher\":{\"@id\":\"https:\\\/\\\/www.facecorner.lv\\\/#organization\"},\"potentialAction\":[{\"@type\":\"SearchAction\",\"target\":{\"@type\":\"EntryPoint\",\"urlTemplate\":\"https:\\\/\\\/www.facecorner.lv\\\/?s={search_term_string}\"},\"query-input\":{\"@type\":\"PropertyValueSpecification\",\"valueRequired\":true,\"valueName\":\"search_term_string\"}}],\"inLanguage\":\"en-US\"},{\"@type\":\"Organization\",\"@id\":\"https:\\\/\\\/www.facecorner.lv\\\/#organization\",\"name\":\"Facecorner\",\"url\":\"https:\\\/\\\/www.facecorner.lv\\\/\",\"logo\":{\"@type\":\"ImageObject\",\"inLanguage\":\"en-US\",\"@id\":\"https:\\\/\\\/www.facecorner.lv\\\/#\\\/schema\\\/logo\\\/image\\\/\",\"url\":\"https:\\\/\\\/www.facecorner.lv\\\/wp-content\\\/uploads\\\/2024\\\/04\\\/fc-logo.jpg\",\"contentUrl\":\"https:\\\/\\\/www.facecorner.lv\\\/wp-content\\\/uploads\\\/2024\\\/04\\\/fc-logo.jpg\",\"width\":174,\"height\":28,\"caption\":\"Facecorner\"},\"image\":{\"@id\":\"https:\\\/\\\/www.facecorner.lv\\\/#\\\/schema\\\/logo\\\/image\\\/\"},\"sameAs\":[\"https:\\\/\\\/www.facebook.com\\\/profile.php?id=100063824551839\",\"https:\\\/\\\/www.instagram.com\\\/facecorner_shop\\\/\"]}]}<\/script>\n<meta property=\"product:price:amount\" content=\"19.95\" \/>\n<meta property=\"product:price:currency\" content=\"EUR\" \/>\n<meta property=\"og:availability\" content=\"instock\" \/>\n<meta property=\"product:availability\" content=\"instock\" \/>\n<meta property=\"product:condition\" content=\"new\" \/>\n<!-- \/ Yoast SEO plugin. -->","yoast_head_json":{"title":"Centellian24 Madeca Cream Time Reverse Zero viegls pretnoveco\u0161an\u0101s kr\u0113ms ar centellu 80ml - FACECORNER","description":"Iepaz\u012bstieties ar jaun\u0101s paaudzes inovat\u012bvo kop\u0161anas l\u012bdzekli \u2014 Centellian24 Madeca Cream Time Reverse Zero, vieglu kr\u0113mu ar \u201eslow-aging\u201c efektu, kas izstr\u0101d\u0101ts, lai atjaunotu, mitrin\u0101tu un saglab\u0101tu \u0101das jaun\u012bbu.","robots":{"index":"index","follow":"follow","max-snippet":"max-snippet:-1","max-image-preview":"max-image-preview:large","max-video-preview":"max-video-preview:-1"},"canonical":"https:\/\/www.facecorner.lv\/en\/shop\/centellian24-madeca-cream-time-reverse-zero-viegls-pretnovecosanas-krems-ar-centellu-80ml\/","og_locale":"en_US","og_type":"article","og_title":"Centellian24 Madeca Cream Time Reverse Zero viegls pretnoveco\u0161an\u0101s kr\u0113ms ar centellu 80ml - FACECORNER","og_description":"Iepaz\u012bstieties ar jaun\u0101s paaudzes inovat\u012bvo kop\u0161anas l\u012bdzekli \u2014 Centellian24 Madeca Cream Time Reverse Zero, vieglu kr\u0113mu ar \u201eslow-aging\u201c efektu, kas izstr\u0101d\u0101ts, lai atjaunotu, mitrin\u0101tu un saglab\u0101tu \u0101das jaun\u012bbu.","og_url":"https:\/\/www.facecorner.lv\/en\/shop\/centellian24-madeca-cream-time-reverse-zero-viegls-pretnovecosanas-krems-ar-centellu-80ml\/","og_site_name":"FACECORNER","article_publisher":"https:\/\/www.facebook.com\/profile.php?id=100063824551839","og_image":[{"width":1200,"height":1200,"url":"https:\/\/www.facecorner.lv\/wp-content\/uploads\/2026\/04\/Centellian24MadecaCreamTimeReverseZero80ml_1.webp","type":"image\/webp"}],"twitter_card":"summary_large_image","twitter_misc":{"Price":"&euro;19.95","Availability":"In stock"},"schema":{"@context":"https:\/\/schema.org","@graph":[{"@type":"WebPage","@id":"https:\/\/www.facecorner.lv\/shop\/centellian24-madeca-cream-time-reverse-zero-viegls-pretnovecosanas-krems-ar-centellu-80ml\/","url":"https:\/\/www.facecorner.lv\/shop\/centellian24-madeca-cream-time-reverse-zero-viegls-pretnovecosanas-krems-ar-centellu-80ml\/","name":"Centellian24 Madeca Cream Time Reverse Zero viegls pretnoveco\u0161an\u0101s kr\u0113ms ar centellu 80ml - FACECORNER","isPartOf":{"@id":"https:\/\/www.facecorner.lv\/#website"},"primaryImageOfPage":{"@id":"https:\/\/www.facecorner.lv\/shop\/centellian24-madeca-cream-time-reverse-zero-viegls-pretnovecosanas-krems-ar-centellu-80ml\/#primaryimage"},"image":{"@id":"https:\/\/www.facecorner.lv\/shop\/centellian24-madeca-cream-time-reverse-zero-viegls-pretnovecosanas-krems-ar-centellu-80ml\/#primaryimage"},"thumbnailUrl":"https:\/\/www.facecorner.lv\/wp-content\/uploads\/2026\/04\/Centellian24MadecaCreamTimeReverseZero80ml_1.webp","datePublished":"2026-04-07T12:25:13+00:00","description":"Iepaz\u012bstieties ar jaun\u0101s paaudzes inovat\u012bvo kop\u0161anas l\u012bdzekli \u2014 Centellian24 Madeca Cream Time Reverse Zero, vieglu kr\u0113mu ar \u201eslow-aging\u201c efektu, kas izstr\u0101d\u0101ts, lai atjaunotu, mitrin\u0101tu un saglab\u0101tu \u0101das jaun\u012bbu.","breadcrumb":{"@id":"https:\/\/www.facecorner.lv\/shop\/centellian24-madeca-cream-time-reverse-zero-viegls-pretnovecosanas-krems-ar-centellu-80ml\/#breadcrumb"},"inLanguage":"en-US","potentialAction":[{"@type":"ReadAction","target":["https:\/\/www.facecorner.lv\/shop\/centellian24-madeca-cream-time-reverse-zero-viegls-pretnovecosanas-krems-ar-centellu-80ml\/"]}]},{"@type":"ImageObject","inLanguage":"en-US","@id":"https:\/\/www.facecorner.lv\/shop\/centellian24-madeca-cream-time-reverse-zero-viegls-pretnovecosanas-krems-ar-centellu-80ml\/#primaryimage","url":"https:\/\/www.facecorner.lv\/wp-content\/uploads\/2026\/04\/Centellian24MadecaCreamTimeReverseZero80ml_1.webp","contentUrl":"https:\/\/www.facecorner.lv\/wp-content\/uploads\/2026\/04\/Centellian24MadecaCreamTimeReverseZero80ml_1.webp","width":1200,"height":1200,"caption":"Centellian24 Madeca Cream Time Reverse Zero"},{"@type":"BreadcrumbList","@id":"https:\/\/www.facecorner.lv\/shop\/centellian24-madeca-cream-time-reverse-zero-viegls-pretnovecosanas-krems-ar-centellu-80ml\/#breadcrumb","itemListElement":[{"@type":"ListItem","position":1,"name":"Home","item":"https:\/\/www.facecorner.lv\/"},{"@type":"ListItem","position":2,"name":"Veikals","item":"https:\/\/www.facecorner.lv\/shop\/"},{"@type":"ListItem","position":3,"name":"Centellian24 Madeca Cream Time Reverse Zero viegls pretnoveco\u0161an\u0101s kr\u0113ms ar centellu 80ml"}]},{"@type":"WebSite","@id":"https:\/\/www.facecorner.lv\/#website","url":"https:\/\/www.facecorner.lv\/","name":"Facecorner","description":"","publisher":{"@id":"https:\/\/www.facecorner.lv\/#organization"},"potentialAction":[{"@type":"SearchAction","target":{"@type":"EntryPoint","urlTemplate":"https:\/\/www.facecorner.lv\/?s={search_term_string}"},"query-input":{"@type":"PropertyValueSpecification","valueRequired":true,"valueName":"search_term_string"}}],"inLanguage":"en-US"},{"@type":"Organization","@id":"https:\/\/www.facecorner.lv\/#organization","name":"Facecorner","url":"https:\/\/www.facecorner.lv\/","logo":{"@type":"ImageObject","inLanguage":"en-US","@id":"https:\/\/www.facecorner.lv\/#\/schema\/logo\/image\/","url":"https:\/\/www.facecorner.lv\/wp-content\/uploads\/2024\/04\/fc-logo.jpg","contentUrl":"https:\/\/www.facecorner.lv\/wp-content\/uploads\/2024\/04\/fc-logo.jpg","width":174,"height":28,"caption":"Facecorner"},"image":{"@id":"https:\/\/www.facecorner.lv\/#\/schema\/logo\/image\/"},"sameAs":["https:\/\/www.facebook.com\/profile.php?id=100063824551839","https:\/\/www.instagram.com\/facecorner_shop\/"]}]},"product_price_amount":"19.95","product_price_currency":"EUR","og_availability":"instock","product_availability":"instock","product_condition":"new"},"_links":{"self":[{"href":"https:\/\/www.facecorner.lv\/en\/wp-json\/wp\/v2\/product\/27405","targetHints":{"allow":["GET"]}}],"collection":[{"href":"https:\/\/www.facecorner.lv\/en\/wp-json\/wp\/v2\/product"}],"about":[{"href":"https:\/\/www.facecorner.lv\/en\/wp-json\/wp\/v2\/types\/product"}],"replies":[{"embeddable":true,"href":"https:\/\/www.facecorner.lv\/en\/wp-json\/wp\/v2\/comments?post=27405"}],"wp:featuredmedia":[{"embeddable":true,"href":"https:\/\/www.facecorner.lv\/en\/wp-json\/wp\/v2\/media\/27406"}],"wp:attachment":[{"href":"https:\/\/www.facecorner.lv\/en\/wp-json\/wp\/v2\/media?parent=27405"}],"wp:term":[{"taxonomy":"product_brand","embeddable":true,"href":"https:\/\/www.facecorner.lv\/en\/wp-json\/wp\/v2\/product_brand?post=27405"},{"taxonomy":"product_cat","embeddable":true,"href":"https:\/\/www.facecorner.lv\/en\/wp-json\/wp\/v2\/product_cat?post=27405"},{"taxonomy":"product_tag","embeddable":true,"href":"https:\/\/www.facecorner.lv\/en\/wp-json\/wp\/v2\/product_tag?post=27405"},{"taxonomy":"berocket_brand","embeddable":true,"href":"https:\/\/www.facecorner.lv\/en\/wp-json\/wp\/v2\/berocket_brand?post=27405"}],"curies":[{"name":"wp","href":"https:\/\/api.w.org\/{rel}","templated":true}]}}