{"id":27402,"date":"2026-04-07T15:09:21","date_gmt":"2026-04-07T12:09:21","guid":{"rendered":"https:\/\/www.facecorner.lv\/?post_type=product&#038;p=27402"},"modified":"2026-04-07T15:11:59","modified_gmt":"2026-04-07T12:11:59","slug":"centellian24-n360-lifting-eye-cream-liftinga-krems-adas-ap-acim-ar-atjaunojosu-efektu","status":"publish","type":"product","link":"https:\/\/www.facecorner.lv\/en\/shop\/centellian24-n360-lifting-eye-cream-liftinga-krems-adas-ap-acim-ar-atjaunojosu-efektu\/","title":{"rendered":"Centellian24 N360 Lifting Eye Cream liftinga kr\u0113ms \u0101das ap ac\u012bm ar atjaunojo\u0161u efektu 30ml"},"content":{"rendered":"<p>Atkl\u0101jiet profesion\u0101lu kop\u0161anu maigajai \u0101dai ap ac\u012bm ar Centellian24 N360 Lifting Eye Cream \u2014 inovat\u012bvu kr\u0113mu, kas izstr\u0101d\u0101ts, pamatojoties uz jaun\u0101kajiem sasniegumiem dermatolo\u0123ij\u0101.<\/p>\n<p>\u0160is pretnoveco\u0161an\u0101s kr\u0113ms intens\u012bvi baro, izl\u012bdzina grumbi\u0146as un atjauno \u0101das elast\u012bbu, pal\u012bdzot ac\u012bm izskat\u012bties svaig\u0101m un atp\u016btu\u0161\u0101m.<\/p>\n<h6>Galven\u0101s priek\u0161roc\u012bbas:<\/h6>\n<ul>\n<li>Liftinga efekts \u2014 iev\u0113rojami nostiepina \u0101du ap ac\u012bm<\/li>\n<li>Rievu izl\u012bdzin\u0101\u0161ana \u2014 samazina mimikas un vecuma rievu dzi\u013cumu<\/li>\n<li>Dzi\u013ci mitrina \u2014 nov\u0113r\u0161 sausumu un aizkav\u0113 \u0101das dehidrat\u0101ciju<\/li>\n<li>Tum\u0161o loku izgaismo\u0161ana \u2014 padara skatienu mirdzo\u0161\u0101ku<\/li>\n<li>\u0100das nostiprin\u0101\u0161ana \u2014 uzlabo elast\u012bbu un tonusu<\/li>\n<\/ul>\n<p><strong>\u00a0Bubble Pop Cleanser products fine, soft foam to cleanse away dead skin, sebum and makeup residue from your face, while hyaluronic acid moisturizes your skin.<\/strong><\/p>\n<ul>\n<li>Kr\u0113ma formula ir bag\u0101tin\u0101ta ar inovat\u012bvo TECA kompleksu (\u0100zijas centellas ekstrakts), kas veicina \u0101das atjauno\u0161anos, stimul\u0113 kolag\u0113na veido\u0161anos un pastiprina epidermas aizsargfunkcijas.<\/li>\n<\/ul>\n<p>Viegla, maiga tekst\u016bra \u0101tri ies\u016bcas, neatst\u0101jot lip\u012bguma saj\u016btu. Piem\u0113rots ikdienas lieto\u0161anai no r\u012bta un vakar\u0101.<\/p>\n<p><strong>How to use:<\/strong>: Uzkl\u0101jiet nelielu kr\u0113ma daudzumu uz att\u012br\u012btas \u0101das ap ac\u012bm, viegli iekl\u0101jot ar piesk\u0101rieniem.<\/p>\n<p><strong>Sast\u0101vs:<\/strong> Water, Glycerin, Hydrogenated Polyisobutene, Octyldodecanol, Isohexadecane, Triethylhexanoin, Methyl Trimethicone, Sorbitan Stearate, 1,2-Hexanediol, Niacinamide, Phenyl Trimethicone, Dimethicone\/Vinyl Dimethicone Crosspolymer, Cetearyl Alcohol, Betaine, Caprylic\/Capric\/Succinic Triglyceride, Palmitic Acid, Stearic Acid, Sucrose Cocoate, Dipropylene Glycol, Tromethamine, Eclipta Prostrata Leaf Extract, Laminaria Japonica Extract, Behenyl Alcohol, Polyglyceryl-10 Myristate, Hydroxyacetophenone, Butylene Glycol, Hydrogenated Lecithin, Fragrance, Ethylhexylglycerin, Glyceryl Stearate SE, Adenosine, Fructooligosaccharides, Disodium EDTA, Melia Azadirachta Flower Extract, Beta-Glucan, Cholesterol, Melia Azadirachta Leaf Extract, Carbomer, Curcuma Longa (Turmeric) Root Extract, Ocimum Sanctum Leaf Extract, Ammonium Acryloyldimethyltaurate\/VP Copolymer, Sorbitan Sesquioleate, Phytosteryl\/Isostearyl\/Cetyl\/Stearyl\/Behenyl Dimer Dilinoleate, Sodium Stearoyl Glutamate, Myristic Acid, Ficus Carica (Fig) Fruit Extract, Centella Asiatica Extract, Ceramide NP, Hydrolyzed Hyaluronic Acid, Methylpropanediol, Corallina Officinalis Extract, Cyanocobalamin, Hydrolyzed Wheat Protein, Ascorbic Acid Polypeptide, Arginine, Hydrolyzed Rice Protein, Hydrolyzed Corn Protein, Hydrolyzed Soy Protein, Lecithin, Alcohol, Glycine Soja (Soybean) Phytoplacenta Extract, Polyquaternium-51, Avena Sativa (Oat) Kernel Extract, Cynara Scolymus (Artichoke) Leaf Extract, Pteris Multifida Extract, Phenoxyethanol, Polysorbate 20, Leucojum Aestivum Bulb Extract, PEG-40 Hydrogenated Castor Oil, Tocopherol, Hydrolyzed Lupine Protein, PPG-26-Buteth-26, Caprylyl Glycol, Glycine Soja (Soybean) Protein, Sodium Benzoate, Superoxide Dismutase, Oligopeptide-34, Sodium Ascorbyl Phosphate, Polyglyceryl-10 Laurate, Sodium Dextran Sulfate, Potassium Sorbate, Acetyl Tetrapeptide-11, Acetyl Hexapeptide-8, Tripeptide-1, Copper Tripeptide-1, Tripeptide-29, Folic Acid, Hexapeptide-9, Palmitoyl Pentapeptide-4, Palmitoyl Tetrapeptide-7, Palmitoyl Tripeptide-1, Nonapeptide-1, SH-Oligopeptide-1, Acetyl Octapeptide-3, Decapeptide-4, Acetyl Decapeptide-3, Oligopeptide-24, Nonapeptide-7, Nicotinoyl Tripeptide-35, Palmitoyl Tripeptide-29, Hexapeptide-12, Hexapeptide-2, Acetyl Tetrapeptide-2, Tripeptide-2, Dipeptide-1, Pentapeptide-3, Tripeptide-3, Alanine\/Histidine\/Lysine Polypeptide Copper HCl, Dipeptide-2, Dipeptide-4, Oligopeptide-6, Acetyl Tetrapeptide-3, Acetyl Tripeptide-1, Acetyl Tetrapeptide-5, Dipeptide Diaminobutyroyl Benzylamide Diacetate, Palmitoyl Tripeptide-5, Palmitoyl Dipeptide-7, Palmitoyl Hexapeptide-12, SH-Polypeptide-1, SH-Polypeptide-11, SH-Oligopeptide-2, SH-Polypeptide-9.<\/p>\n<p>&nbsp;<\/p>","protected":false},"excerpt":{"rendered":"<p>Atkl\u0101jiet profesion\u0101lu kop\u0161anu maigajai \u0101dai ap ac\u012bm ar Centellian24 N360 Lifting Eye Cream \u2014 inovat\u012bvu kr\u0113mu, kas izstr\u0101d\u0101ts, pamatojoties uz jaun\u0101kajiem sasniegumiem dermatolo\u0123ij\u0101.<\/p>","protected":false},"featured_media":27403,"comment_status":"open","ping_status":"closed","template":"","meta":{"site-sidebar-layout":"default","site-content-layout":"","ast-site-content-layout":"default","site-content-style":"default","site-sidebar-style":"default","ast-global-header-display":"","ast-banner-title-visibility":"","ast-main-header-display":"","ast-hfb-above-header-display":"","ast-hfb-below-header-display":"","ast-hfb-mobile-header-display":"","site-post-title":"","ast-breadcrumbs-content":"","ast-featured-img":"","footer-sml-layout":"","theme-transparent-header-meta":"default","adv-header-id-meta":"","stick-header-meta":"","header-above-stick-meta":"","header-main-stick-meta":"","header-below-stick-meta":"","astra-migrate-meta-layouts":"set","ast-page-background-enabled":"default","ast-page-background-meta":{"desktop":{"background-color":"var(--ast-global-color-4)","background-image":"","background-repeat":"repeat","background-position":"center center","background-size":"auto","background-attachment":"scroll","background-type":"","background-media":"","overlay-type":"","overlay-color":"","overlay-opacity":"","overlay-gradient":""},"tablet":{"background-color":"","background-image":"","background-repeat":"repeat","background-position":"center center","background-size":"auto","background-attachment":"scroll","background-type":"","background-media":"","overlay-type":"","overlay-color":"","overlay-opacity":"","overlay-gradient":""},"mobile":{"background-color":"","background-image":"","background-repeat":"repeat","background-position":"center center","background-size":"auto","background-attachment":"scroll","background-type":"","background-media":"","overlay-type":"","overlay-color":"","overlay-opacity":"","overlay-gradient":""}},"ast-content-background-meta":{"desktop":{"background-color":"var(--ast-global-color-5)","background-image":"","background-repeat":"repeat","background-position":"center center","background-size":"auto","background-attachment":"scroll","background-type":"","background-media":"","overlay-type":"","overlay-color":"","overlay-opacity":"","overlay-gradient":""},"tablet":{"background-color":"var(--ast-global-color-5)","background-image":"","background-repeat":"repeat","background-position":"center center","background-size":"auto","background-attachment":"scroll","background-type":"","background-media":"","overlay-type":"","overlay-color":"","overlay-opacity":"","overlay-gradient":""},"mobile":{"background-color":"var(--ast-global-color-5)","background-image":"","background-repeat":"repeat","background-position":"center center","background-size":"auto","background-attachment":"scroll","background-type":"","background-media":"","overlay-type":"","overlay-color":"","overlay-opacity":"","overlay-gradient":""}}},"product_brand":[],"product_cat":[308],"product_tag":[],"berocket_brand":[682],"class_list":{"0":"post-27402","1":"product","2":"type-product","3":"status-publish","4":"has-post-thumbnail","6":"product_cat-acu-krems","7":"berocket_brand-centellian24","8":"desktop-align-left","9":"tablet-align-left","10":"mobile-align-left","12":"first","13":"instock","14":"taxable","15":"shipping-taxable","16":"purchasable","17":"product-type-simple","18":"add-to-wishlist-before_image"},"yoast_head":"<!-- This site is optimized with the Yoast SEO plugin v27.3 - https:\/\/yoast.com\/product\/yoast-seo-wordpress\/ -->\n<title>Centellian24 N360 Lifting Eye Cream liftinga kr\u0113ms \u0101das ap ac\u012bm ar atjaunojo\u0161u efektu 30ml - FACECORNER<\/title>\n<meta name=\"description\" content=\"Atkl\u0101jiet profesion\u0101lu kop\u0161anu maigajai \u0101dai ap ac\u012bm ar Centellian24 N360 Lifting Eye Cream \u2014 inovat\u012bvu kr\u0113mu, kas izstr\u0101d\u0101ts, pamatojoties uz jaun\u0101kajiem sasniegumiem dermatolo\u0123ij\u0101.\" \/>\n<meta name=\"robots\" content=\"index, follow, max-snippet:-1, max-image-preview:large, max-video-preview:-1\" \/>\n<link rel=\"canonical\" href=\"https:\/\/www.facecorner.lv\/en\/shop\/centellian24-n360-lifting-eye-cream-liftinga-krems-adas-ap-acim-ar-atjaunojosu-efektu\/\" \/>\n<meta property=\"og:locale\" content=\"en_US\" \/>\n<meta property=\"og:type\" content=\"article\" \/>\n<meta property=\"og:title\" content=\"Centellian24 N360 Lifting Eye Cream liftinga kr\u0113ms \u0101das ap ac\u012bm ar atjaunojo\u0161u efektu 30ml - FACECORNER\" \/>\n<meta property=\"og:description\" content=\"Atkl\u0101jiet profesion\u0101lu kop\u0161anu maigajai \u0101dai ap ac\u012bm ar Centellian24 N360 Lifting Eye Cream \u2014 inovat\u012bvu kr\u0113mu, kas izstr\u0101d\u0101ts, pamatojoties uz jaun\u0101kajiem sasniegumiem dermatolo\u0123ij\u0101.\" \/>\n<meta property=\"og:url\" content=\"https:\/\/www.facecorner.lv\/en\/shop\/centellian24-n360-lifting-eye-cream-liftinga-krems-adas-ap-acim-ar-atjaunojosu-efektu\/\" \/>\n<meta property=\"og:site_name\" content=\"FACECORNER\" \/>\n<meta property=\"article:publisher\" content=\"https:\/\/www.facebook.com\/profile.php?id=100063824551839\" \/>\n<meta property=\"article:modified_time\" content=\"2026-04-07T12:11:59+00:00\" \/>\n<meta property=\"og:image\" content=\"https:\/\/www.facecorner.lv\/wp-content\/uploads\/2026\/04\/centellian24-360-shot-pdrn-lifting-eye-cream-30ml-01.webp\" \/>\n\t<meta property=\"og:image:width\" content=\"800\" \/>\n\t<meta property=\"og:image:height\" content=\"800\" \/>\n\t<meta property=\"og:image:type\" content=\"image\/webp\" \/>\n<meta name=\"twitter:card\" content=\"summary_large_image\" \/>\n<meta name=\"twitter:label1\" content=\"Price\" \/>\n\t<meta name=\"twitter:data1\" content=\"&euro;14.95\" \/>\n\t<meta name=\"twitter:label2\" content=\"Availability\" \/>\n\t<meta name=\"twitter:data2\" content=\"In stock\" \/>\n<script type=\"application\/ld+json\" class=\"yoast-schema-graph\">{\"@context\":\"https:\\\/\\\/schema.org\",\"@graph\":[{\"@type\":\"WebPage\",\"@id\":\"https:\\\/\\\/www.facecorner.lv\\\/shop\\\/centellian24-n360-lifting-eye-cream-liftinga-krems-adas-ap-acim-ar-atjaunojosu-efektu\\\/\",\"url\":\"https:\\\/\\\/www.facecorner.lv\\\/shop\\\/centellian24-n360-lifting-eye-cream-liftinga-krems-adas-ap-acim-ar-atjaunojosu-efektu\\\/\",\"name\":\"Centellian24 N360 Lifting Eye Cream liftinga kr\u0113ms \u0101das ap ac\u012bm ar atjaunojo\u0161u efektu 30ml - FACECORNER\",\"isPartOf\":{\"@id\":\"https:\\\/\\\/www.facecorner.lv\\\/#website\"},\"primaryImageOfPage\":{\"@id\":\"https:\\\/\\\/www.facecorner.lv\\\/shop\\\/centellian24-n360-lifting-eye-cream-liftinga-krems-adas-ap-acim-ar-atjaunojosu-efektu\\\/#primaryimage\"},\"image\":{\"@id\":\"https:\\\/\\\/www.facecorner.lv\\\/shop\\\/centellian24-n360-lifting-eye-cream-liftinga-krems-adas-ap-acim-ar-atjaunojosu-efektu\\\/#primaryimage\"},\"thumbnailUrl\":\"https:\\\/\\\/www.facecorner.lv\\\/wp-content\\\/uploads\\\/2026\\\/04\\\/centellian24-360-shot-pdrn-lifting-eye-cream-30ml-01.webp\",\"datePublished\":\"2026-04-07T12:09:21+00:00\",\"dateModified\":\"2026-04-07T12:11:59+00:00\",\"description\":\"Atkl\u0101jiet profesion\u0101lu kop\u0161anu maigajai \u0101dai ap ac\u012bm ar Centellian24 N360 Lifting Eye Cream \u2014 inovat\u012bvu kr\u0113mu, kas izstr\u0101d\u0101ts, pamatojoties uz jaun\u0101kajiem sasniegumiem dermatolo\u0123ij\u0101.\",\"breadcrumb\":{\"@id\":\"https:\\\/\\\/www.facecorner.lv\\\/shop\\\/centellian24-n360-lifting-eye-cream-liftinga-krems-adas-ap-acim-ar-atjaunojosu-efektu\\\/#breadcrumb\"},\"inLanguage\":\"en-US\",\"potentialAction\":[{\"@type\":\"ReadAction\",\"target\":[\"https:\\\/\\\/www.facecorner.lv\\\/shop\\\/centellian24-n360-lifting-eye-cream-liftinga-krems-adas-ap-acim-ar-atjaunojosu-efektu\\\/\"]}]},{\"@type\":\"ImageObject\",\"inLanguage\":\"en-US\",\"@id\":\"https:\\\/\\\/www.facecorner.lv\\\/shop\\\/centellian24-n360-lifting-eye-cream-liftinga-krems-adas-ap-acim-ar-atjaunojosu-efektu\\\/#primaryimage\",\"url\":\"https:\\\/\\\/www.facecorner.lv\\\/wp-content\\\/uploads\\\/2026\\\/04\\\/centellian24-360-shot-pdrn-lifting-eye-cream-30ml-01.webp\",\"contentUrl\":\"https:\\\/\\\/www.facecorner.lv\\\/wp-content\\\/uploads\\\/2026\\\/04\\\/centellian24-360-shot-pdrn-lifting-eye-cream-30ml-01.webp\",\"width\":800,\"height\":800,\"caption\":\"Centellian24 N360 Lifting Eye Cream\"},{\"@type\":\"BreadcrumbList\",\"@id\":\"https:\\\/\\\/www.facecorner.lv\\\/shop\\\/centellian24-n360-lifting-eye-cream-liftinga-krems-adas-ap-acim-ar-atjaunojosu-efektu\\\/#breadcrumb\",\"itemListElement\":[{\"@type\":\"ListItem\",\"position\":1,\"name\":\"Home\",\"item\":\"https:\\\/\\\/www.facecorner.lv\\\/\"},{\"@type\":\"ListItem\",\"position\":2,\"name\":\"Veikals\",\"item\":\"https:\\\/\\\/www.facecorner.lv\\\/shop\\\/\"},{\"@type\":\"ListItem\",\"position\":3,\"name\":\"Centellian24 N360 Lifting Eye Cream liftinga kr\u0113ms \u0101das ap ac\u012bm ar atjaunojo\u0161u efektu 30ml\"}]},{\"@type\":\"WebSite\",\"@id\":\"https:\\\/\\\/www.facecorner.lv\\\/#website\",\"url\":\"https:\\\/\\\/www.facecorner.lv\\\/\",\"name\":\"Facecorner\",\"description\":\"\",\"publisher\":{\"@id\":\"https:\\\/\\\/www.facecorner.lv\\\/#organization\"},\"potentialAction\":[{\"@type\":\"SearchAction\",\"target\":{\"@type\":\"EntryPoint\",\"urlTemplate\":\"https:\\\/\\\/www.facecorner.lv\\\/?s={search_term_string}\"},\"query-input\":{\"@type\":\"PropertyValueSpecification\",\"valueRequired\":true,\"valueName\":\"search_term_string\"}}],\"inLanguage\":\"en-US\"},{\"@type\":\"Organization\",\"@id\":\"https:\\\/\\\/www.facecorner.lv\\\/#organization\",\"name\":\"Facecorner\",\"url\":\"https:\\\/\\\/www.facecorner.lv\\\/\",\"logo\":{\"@type\":\"ImageObject\",\"inLanguage\":\"en-US\",\"@id\":\"https:\\\/\\\/www.facecorner.lv\\\/#\\\/schema\\\/logo\\\/image\\\/\",\"url\":\"https:\\\/\\\/www.facecorner.lv\\\/wp-content\\\/uploads\\\/2024\\\/04\\\/fc-logo.jpg\",\"contentUrl\":\"https:\\\/\\\/www.facecorner.lv\\\/wp-content\\\/uploads\\\/2024\\\/04\\\/fc-logo.jpg\",\"width\":174,\"height\":28,\"caption\":\"Facecorner\"},\"image\":{\"@id\":\"https:\\\/\\\/www.facecorner.lv\\\/#\\\/schema\\\/logo\\\/image\\\/\"},\"sameAs\":[\"https:\\\/\\\/www.facebook.com\\\/profile.php?id=100063824551839\",\"https:\\\/\\\/www.instagram.com\\\/facecorner_shop\\\/\"]}]}<\/script>\n<meta property=\"product:price:amount\" content=\"14.95\" \/>\n<meta property=\"product:price:currency\" content=\"EUR\" \/>\n<meta property=\"og:availability\" content=\"instock\" \/>\n<meta property=\"product:availability\" content=\"instock\" \/>\n<meta property=\"product:condition\" content=\"new\" \/>\n<!-- \/ Yoast SEO plugin. -->","yoast_head_json":{"title":"Centellian24 N360 Lifting Eye Cream liftinga kr\u0113ms \u0101das ap ac\u012bm ar atjaunojo\u0161u efektu 30ml - FACECORNER","description":"Atkl\u0101jiet profesion\u0101lu kop\u0161anu maigajai \u0101dai ap ac\u012bm ar Centellian24 N360 Lifting Eye Cream \u2014 inovat\u012bvu kr\u0113mu, kas izstr\u0101d\u0101ts, pamatojoties uz jaun\u0101kajiem sasniegumiem dermatolo\u0123ij\u0101.","robots":{"index":"index","follow":"follow","max-snippet":"max-snippet:-1","max-image-preview":"max-image-preview:large","max-video-preview":"max-video-preview:-1"},"canonical":"https:\/\/www.facecorner.lv\/en\/shop\/centellian24-n360-lifting-eye-cream-liftinga-krems-adas-ap-acim-ar-atjaunojosu-efektu\/","og_locale":"en_US","og_type":"article","og_title":"Centellian24 N360 Lifting Eye Cream liftinga kr\u0113ms \u0101das ap ac\u012bm ar atjaunojo\u0161u efektu 30ml - FACECORNER","og_description":"Atkl\u0101jiet profesion\u0101lu kop\u0161anu maigajai \u0101dai ap ac\u012bm ar Centellian24 N360 Lifting Eye Cream \u2014 inovat\u012bvu kr\u0113mu, kas izstr\u0101d\u0101ts, pamatojoties uz jaun\u0101kajiem sasniegumiem dermatolo\u0123ij\u0101.","og_url":"https:\/\/www.facecorner.lv\/en\/shop\/centellian24-n360-lifting-eye-cream-liftinga-krems-adas-ap-acim-ar-atjaunojosu-efektu\/","og_site_name":"FACECORNER","article_publisher":"https:\/\/www.facebook.com\/profile.php?id=100063824551839","article_modified_time":"2026-04-07T12:11:59+00:00","og_image":[{"width":800,"height":800,"url":"https:\/\/www.facecorner.lv\/wp-content\/uploads\/2026\/04\/centellian24-360-shot-pdrn-lifting-eye-cream-30ml-01.webp","type":"image\/webp"}],"twitter_card":"summary_large_image","twitter_misc":{"Price":"&euro;14.95","Availability":"In stock"},"schema":{"@context":"https:\/\/schema.org","@graph":[{"@type":"WebPage","@id":"https:\/\/www.facecorner.lv\/shop\/centellian24-n360-lifting-eye-cream-liftinga-krems-adas-ap-acim-ar-atjaunojosu-efektu\/","url":"https:\/\/www.facecorner.lv\/shop\/centellian24-n360-lifting-eye-cream-liftinga-krems-adas-ap-acim-ar-atjaunojosu-efektu\/","name":"Centellian24 N360 Lifting Eye Cream liftinga kr\u0113ms \u0101das ap ac\u012bm ar atjaunojo\u0161u efektu 30ml - FACECORNER","isPartOf":{"@id":"https:\/\/www.facecorner.lv\/#website"},"primaryImageOfPage":{"@id":"https:\/\/www.facecorner.lv\/shop\/centellian24-n360-lifting-eye-cream-liftinga-krems-adas-ap-acim-ar-atjaunojosu-efektu\/#primaryimage"},"image":{"@id":"https:\/\/www.facecorner.lv\/shop\/centellian24-n360-lifting-eye-cream-liftinga-krems-adas-ap-acim-ar-atjaunojosu-efektu\/#primaryimage"},"thumbnailUrl":"https:\/\/www.facecorner.lv\/wp-content\/uploads\/2026\/04\/centellian24-360-shot-pdrn-lifting-eye-cream-30ml-01.webp","datePublished":"2026-04-07T12:09:21+00:00","dateModified":"2026-04-07T12:11:59+00:00","description":"Atkl\u0101jiet profesion\u0101lu kop\u0161anu maigajai \u0101dai ap ac\u012bm ar Centellian24 N360 Lifting Eye Cream \u2014 inovat\u012bvu kr\u0113mu, kas izstr\u0101d\u0101ts, pamatojoties uz jaun\u0101kajiem sasniegumiem dermatolo\u0123ij\u0101.","breadcrumb":{"@id":"https:\/\/www.facecorner.lv\/shop\/centellian24-n360-lifting-eye-cream-liftinga-krems-adas-ap-acim-ar-atjaunojosu-efektu\/#breadcrumb"},"inLanguage":"en-US","potentialAction":[{"@type":"ReadAction","target":["https:\/\/www.facecorner.lv\/shop\/centellian24-n360-lifting-eye-cream-liftinga-krems-adas-ap-acim-ar-atjaunojosu-efektu\/"]}]},{"@type":"ImageObject","inLanguage":"en-US","@id":"https:\/\/www.facecorner.lv\/shop\/centellian24-n360-lifting-eye-cream-liftinga-krems-adas-ap-acim-ar-atjaunojosu-efektu\/#primaryimage","url":"https:\/\/www.facecorner.lv\/wp-content\/uploads\/2026\/04\/centellian24-360-shot-pdrn-lifting-eye-cream-30ml-01.webp","contentUrl":"https:\/\/www.facecorner.lv\/wp-content\/uploads\/2026\/04\/centellian24-360-shot-pdrn-lifting-eye-cream-30ml-01.webp","width":800,"height":800,"caption":"Centellian24 N360 Lifting Eye Cream"},{"@type":"BreadcrumbList","@id":"https:\/\/www.facecorner.lv\/shop\/centellian24-n360-lifting-eye-cream-liftinga-krems-adas-ap-acim-ar-atjaunojosu-efektu\/#breadcrumb","itemListElement":[{"@type":"ListItem","position":1,"name":"Home","item":"https:\/\/www.facecorner.lv\/"},{"@type":"ListItem","position":2,"name":"Veikals","item":"https:\/\/www.facecorner.lv\/shop\/"},{"@type":"ListItem","position":3,"name":"Centellian24 N360 Lifting Eye Cream liftinga kr\u0113ms \u0101das ap ac\u012bm ar atjaunojo\u0161u efektu 30ml"}]},{"@type":"WebSite","@id":"https:\/\/www.facecorner.lv\/#website","url":"https:\/\/www.facecorner.lv\/","name":"Facecorner","description":"","publisher":{"@id":"https:\/\/www.facecorner.lv\/#organization"},"potentialAction":[{"@type":"SearchAction","target":{"@type":"EntryPoint","urlTemplate":"https:\/\/www.facecorner.lv\/?s={search_term_string}"},"query-input":{"@type":"PropertyValueSpecification","valueRequired":true,"valueName":"search_term_string"}}],"inLanguage":"en-US"},{"@type":"Organization","@id":"https:\/\/www.facecorner.lv\/#organization","name":"Facecorner","url":"https:\/\/www.facecorner.lv\/","logo":{"@type":"ImageObject","inLanguage":"en-US","@id":"https:\/\/www.facecorner.lv\/#\/schema\/logo\/image\/","url":"https:\/\/www.facecorner.lv\/wp-content\/uploads\/2024\/04\/fc-logo.jpg","contentUrl":"https:\/\/www.facecorner.lv\/wp-content\/uploads\/2024\/04\/fc-logo.jpg","width":174,"height":28,"caption":"Facecorner"},"image":{"@id":"https:\/\/www.facecorner.lv\/#\/schema\/logo\/image\/"},"sameAs":["https:\/\/www.facebook.com\/profile.php?id=100063824551839","https:\/\/www.instagram.com\/facecorner_shop\/"]}]},"product_price_amount":"14.95","product_price_currency":"EUR","og_availability":"instock","product_availability":"instock","product_condition":"new"},"_links":{"self":[{"href":"https:\/\/www.facecorner.lv\/en\/wp-json\/wp\/v2\/product\/27402","targetHints":{"allow":["GET"]}}],"collection":[{"href":"https:\/\/www.facecorner.lv\/en\/wp-json\/wp\/v2\/product"}],"about":[{"href":"https:\/\/www.facecorner.lv\/en\/wp-json\/wp\/v2\/types\/product"}],"replies":[{"embeddable":true,"href":"https:\/\/www.facecorner.lv\/en\/wp-json\/wp\/v2\/comments?post=27402"}],"wp:featuredmedia":[{"embeddable":true,"href":"https:\/\/www.facecorner.lv\/en\/wp-json\/wp\/v2\/media\/27403"}],"wp:attachment":[{"href":"https:\/\/www.facecorner.lv\/en\/wp-json\/wp\/v2\/media?parent=27402"}],"wp:term":[{"taxonomy":"product_brand","embeddable":true,"href":"https:\/\/www.facecorner.lv\/en\/wp-json\/wp\/v2\/product_brand?post=27402"},{"taxonomy":"product_cat","embeddable":true,"href":"https:\/\/www.facecorner.lv\/en\/wp-json\/wp\/v2\/product_cat?post=27402"},{"taxonomy":"product_tag","embeddable":true,"href":"https:\/\/www.facecorner.lv\/en\/wp-json\/wp\/v2\/product_tag?post=27402"},{"taxonomy":"berocket_brand","embeddable":true,"href":"https:\/\/www.facecorner.lv\/en\/wp-json\/wp\/v2\/berocket_brand?post=27402"}],"curies":[{"name":"wp","href":"https:\/\/api.w.org\/{rel}","templated":true}]}}