{"id":27289,"date":"2026-03-24T15:06:36","date_gmt":"2026-03-24T12:06:36","guid":{"rendered":"https:\/\/www.facecorner.lv\/?post_type=product&#038;p=27289"},"modified":"2026-03-24T15:06:36","modified_gmt":"2026-03-24T12:06:36","slug":"arencia-pore-melt-phyto-pdrn-cleansing-balm-hidrofila-ella-110ml","status":"publish","type":"product","link":"https:\/\/www.facecorner.lv\/en\/shop\/arencia-pore-melt-phyto-pdrn-cleansing-balm-hidrofila-ella-110ml\/","title":{"rendered":"Arencia Pore Melt Phyto PDRN Cleansing Balm hidrofil\u0101 e\u013c\u013ca 110ml"},"content":{"rendered":"<p>Arencia Pore Melt Phyto PDRN Cleansing Balm ir maigs, bet efekt\u012bvs pirm\u0101 posma att\u012bro\u0161s l\u012bdzeklis, kas rad\u012bts \u012bpa\u0161i, lai saudz\u012bgi no\u0146emtu kosm\u0113tiku, net\u012brumus un lieko sebumu, netrauc\u0113jot \u0101das dabisko l\u012bdzsvaru.<\/p>\n<p>T\u0101 balzama tekst\u016bra saskarei ar \u0101du izk\u016bst, p\u0101rv\u0113r\u0161oties e\u013c\u013c\u0101, un p\u0113c tam \u2014 pienveida, viegl\u0101 emulsij\u0101, pievienojot \u016bdeni, kas nodro\u0161ina dzi\u013cu un pat\u012bkamu att\u012br\u012b\u0161anu bez saspringuma saj\u016btas.<\/p>\n<h6>Galven\u0101s priek\u0161roc\u012bbas:<\/h6>\n<ul>\n<li>Padzi\u013cin\u0101ta grima un SPF no\u0146em\u0161ana \u2014 tiek gal\u0101 pat ar \u016bdensiztur\u012bgiem l\u012bdzek\u013ciem;<\/li>\n<li>Sast\u0101v\u0101 eso\u0161ais Phyto PDRN pal\u012bdz mitrin\u0101t un stiprin\u0101t \u0101du att\u012br\u012b\u0161anas laik\u0101, uzturot t\u0101s dabisko barjeru;<\/li>\n<li>\u00a0Ceram\u012bdi un hialuronsk\u0101be \u2014 saglab\u0101 mitrumu un nov\u0113r\u0161 sausumu p\u0113c sejas mazg\u0101\u0161anas;<\/li>\n<li>\u00a0Piem\u0113rots ikdienas lieto\u0161anai gan no r\u012bta, gan vakar\u0101 k\u0101 pirmais posms divk\u0101r\u0161aj\u0101 att\u012br\u012b\u0161an\u0101.<\/li>\n<\/ul>\n<p>Balzams maigi iz\u0161\u0137\u012bdina net\u012brumus un grimu, vienlaikus atst\u0101jot \u0101du maigu, mitrin\u0101tu un sagatavotu n\u0101kamajam kop\u0161anas posmam.<\/p>\n<p><strong>How to use:<\/strong> Uzkl\u0101jiet nelielu daudzumu uz sausas \u0101das, maigi iemas\u0113jiet, l\u012bdz grims iz\u0161\u0137\u012bst, pievienojiet nedaudz siltu \u016bdeni, lai izveidotu emulsiju, un r\u016bp\u012bgi noskalojiet.<\/p>\n<p><strong>Sast\u0101vs:<\/strong> Sorbeth\u201130 Tetraoleate, Cetyl Ethylhexanoate, Isopropyl Palmitate, Propylene Glycol Dicaprylate\/Dicaprate, Triethylhexanoin, Synthetic Wax, Isohexadecane, Ethylhexyl Palmitate, Ethylhexyl Pelargonate, Zea Mays (Corn) Germ Oil, Silica Dimethyl Silylate, Butyrospermum Parkii (Shea) Butter, Water (Aqua), Sorbitan Sesquioleate, Diisopropyl Sebacate, 1,2\u2011Hexanediol, Caprylic\/Capric Triglyceride, Carthamus Tinctorius (Safflower) Flower Extract, Dextrin, Gardenia Florida Fruit Extract, Dimethyl Isosorbide, Artemisia Princeps Leaf Water, Camellia Sinensis Leaf Water, Butylene Glycol, Camellia Sinensis Leaf Extract, Sodium DNA (PDRN), Ethylhexylglycerin, Pentaerythrityl Tetra\u2011Di\u2011t\u2011Butyl Hydroxyhydrocinnamate, Benzotriazolyl Dodecyl p\u2011Cresol, Malt Extract, Centella Asiatica Extract, Disodium EDTA, Houttuynia Cordata Extract, Protease, Ceramide NP, Panthenol, Glycerin, Beta\u2011Glucan, Sodium Hyaluronate, Hydrolyzed Hyaluronic Acid, Sodium Acetylated Hyaluronate, Mannitol, Papain, Bromelain.<\/p>","protected":false},"excerpt":{"rendered":"<p>Arencia Pore Melt Phyto PDRN Cleansing Balm ir maigs, bet efekt\u012bvs pirm\u0101 posma att\u012bro\u0161s l\u012bdzeklis, kas rad\u012bts \u012bpa\u0161i, lai saudz\u012bgi no\u0146emtu kosm\u0113tiku, net\u012brumus un lieko sebumu, netrauc\u0113jot \u0101das dabisko l\u012bdzsvaru.<\/p>","protected":false},"featured_media":27291,"comment_status":"open","ping_status":"closed","template":"","meta":{"site-sidebar-layout":"default","site-content-layout":"","ast-site-content-layout":"default","site-content-style":"default","site-sidebar-style":"default","ast-global-header-display":"","ast-banner-title-visibility":"","ast-main-header-display":"","ast-hfb-above-header-display":"","ast-hfb-below-header-display":"","ast-hfb-mobile-header-display":"","site-post-title":"","ast-breadcrumbs-content":"","ast-featured-img":"","footer-sml-layout":"","theme-transparent-header-meta":"default","adv-header-id-meta":"","stick-header-meta":"","header-above-stick-meta":"","header-main-stick-meta":"","header-below-stick-meta":"","astra-migrate-meta-layouts":"set","ast-page-background-enabled":"default","ast-page-background-meta":{"desktop":{"background-color":"var(--ast-global-color-4)","background-image":"","background-repeat":"repeat","background-position":"center center","background-size":"auto","background-attachment":"scroll","background-type":"","background-media":"","overlay-type":"","overlay-color":"","overlay-opacity":"","overlay-gradient":""},"tablet":{"background-color":"","background-image":"","background-repeat":"repeat","background-position":"center center","background-size":"auto","background-attachment":"scroll","background-type":"","background-media":"","overlay-type":"","overlay-color":"","overlay-opacity":"","overlay-gradient":""},"mobile":{"background-color":"","background-image":"","background-repeat":"repeat","background-position":"center center","background-size":"auto","background-attachment":"scroll","background-type":"","background-media":"","overlay-type":"","overlay-color":"","overlay-opacity":"","overlay-gradient":""}},"ast-content-background-meta":{"desktop":{"background-color":"var(--ast-global-color-5)","background-image":"","background-repeat":"repeat","background-position":"center center","background-size":"auto","background-attachment":"scroll","background-type":"","background-media":"","overlay-type":"","overlay-color":"","overlay-opacity":"","overlay-gradient":""},"tablet":{"background-color":"var(--ast-global-color-5)","background-image":"","background-repeat":"repeat","background-position":"center center","background-size":"auto","background-attachment":"scroll","background-type":"","background-media":"","overlay-type":"","overlay-color":"","overlay-opacity":"","overlay-gradient":""},"mobile":{"background-color":"var(--ast-global-color-5)","background-image":"","background-repeat":"repeat","background-position":"center center","background-size":"auto","background-attachment":"scroll","background-type":"","background-media":"","overlay-type":"","overlay-color":"","overlay-opacity":"","overlay-gradient":""}}},"product_brand":[],"product_cat":[321,652],"product_tag":[],"berocket_brand":[635],"class_list":{"0":"post-27289","1":"product","2":"type-product","3":"status-publish","4":"has-post-thumbnail","6":"product_cat-hidrofila-ella","7":"product_cat-pdrn","8":"berocket_brand-arencia","9":"desktop-align-left","10":"tablet-align-left","11":"mobile-align-left","13":"first","14":"instock","15":"taxable","16":"shipping-taxable","17":"purchasable","18":"product-type-simple","19":"add-to-wishlist-before_image"},"yoast_head":"<!-- This site is optimized with the Yoast SEO plugin v27.4 - https:\/\/yoast.com\/product\/yoast-seo-wordpress\/ -->\n<title>Arencia Pore Melt Phyto PDRN Cleansing Balm hidrofil\u0101 e\u013c\u013ca 110ml - FACECORNER<\/title>\n<meta name=\"description\" content=\"Arencia Pore Melt Phyto PDRN Cleansing Balm ir maigs, bet efekt\u012bvs pirm\u0101 posma att\u012bro\u0161s l\u012bdzeklis, kas rad\u012bts \u012bpa\u0161i, lai saudz\u012bgi no\u0146emtu kosm\u0113tiku, net\u012brumus un lieko sebumu, netrauc\u0113jot \u0101das dabisko l\u012bdzsvaru.\" \/>\n<meta name=\"robots\" content=\"index, follow, max-snippet:-1, max-image-preview:large, max-video-preview:-1\" \/>\n<link rel=\"canonical\" href=\"https:\/\/www.facecorner.lv\/en\/shop\/arencia-pore-melt-phyto-pdrn-cleansing-balm-hidrofila-ella-110ml\/\" \/>\n<meta property=\"og:locale\" content=\"en_US\" \/>\n<meta property=\"og:type\" content=\"article\" \/>\n<meta property=\"og:title\" content=\"Arencia Pore Melt Phyto PDRN Cleansing Balm hidrofil\u0101 e\u013c\u013ca 110ml - FACECORNER\" \/>\n<meta property=\"og:description\" content=\"Arencia Pore Melt Phyto PDRN Cleansing Balm ir maigs, bet efekt\u012bvs pirm\u0101 posma att\u012bro\u0161s l\u012bdzeklis, kas rad\u012bts \u012bpa\u0161i, lai saudz\u012bgi no\u0146emtu kosm\u0113tiku, net\u012brumus un lieko sebumu, netrauc\u0113jot \u0101das dabisko l\u012bdzsvaru.\" \/>\n<meta property=\"og:url\" content=\"https:\/\/www.facecorner.lv\/en\/shop\/arencia-pore-melt-phyto-pdrn-cleansing-balm-hidrofila-ella-110ml\/\" \/>\n<meta property=\"og:site_name\" content=\"FACECORNER\" \/>\n<meta property=\"article:publisher\" content=\"https:\/\/www.facebook.com\/profile.php?id=100063824551839\" \/>\n<meta property=\"og:image\" content=\"https:\/\/www.facecorner.lv\/wp-content\/uploads\/2026\/03\/XXL_p0224013240.webp\" \/>\n\t<meta property=\"og:image:width\" content=\"640\" \/>\n\t<meta property=\"og:image:height\" content=\"640\" \/>\n\t<meta property=\"og:image:type\" content=\"image\/webp\" \/>\n<meta name=\"twitter:card\" content=\"summary_large_image\" \/>\n<meta name=\"twitter:label1\" content=\"Price\" \/>\n\t<meta name=\"twitter:data1\" content=\"&euro;21.25\" \/>\n\t<meta name=\"twitter:label2\" content=\"Availability\" \/>\n\t<meta name=\"twitter:data2\" content=\"In stock\" \/>\n<script type=\"application\/ld+json\" class=\"yoast-schema-graph\">{\"@context\":\"https:\\\/\\\/schema.org\",\"@graph\":[{\"@type\":\"WebPage\",\"@id\":\"https:\\\/\\\/www.facecorner.lv\\\/shop\\\/arencia-pore-melt-phyto-pdrn-cleansing-balm-hidrofila-ella-110ml\\\/\",\"url\":\"https:\\\/\\\/www.facecorner.lv\\\/shop\\\/arencia-pore-melt-phyto-pdrn-cleansing-balm-hidrofila-ella-110ml\\\/\",\"name\":\"Arencia Pore Melt Phyto PDRN Cleansing Balm hidrofil\u0101 e\u013c\u013ca 110ml - FACECORNER\",\"isPartOf\":{\"@id\":\"https:\\\/\\\/www.facecorner.lv\\\/#website\"},\"primaryImageOfPage\":{\"@id\":\"https:\\\/\\\/www.facecorner.lv\\\/shop\\\/arencia-pore-melt-phyto-pdrn-cleansing-balm-hidrofila-ella-110ml\\\/#primaryimage\"},\"image\":{\"@id\":\"https:\\\/\\\/www.facecorner.lv\\\/shop\\\/arencia-pore-melt-phyto-pdrn-cleansing-balm-hidrofila-ella-110ml\\\/#primaryimage\"},\"thumbnailUrl\":\"https:\\\/\\\/www.facecorner.lv\\\/wp-content\\\/uploads\\\/2026\\\/03\\\/XXL_p0224013240.webp\",\"datePublished\":\"2026-03-24T12:06:36+00:00\",\"description\":\"Arencia Pore Melt Phyto PDRN Cleansing Balm ir maigs, bet efekt\u012bvs pirm\u0101 posma att\u012bro\u0161s l\u012bdzeklis, kas rad\u012bts \u012bpa\u0161i, lai saudz\u012bgi no\u0146emtu kosm\u0113tiku, net\u012brumus un lieko sebumu, netrauc\u0113jot \u0101das dabisko l\u012bdzsvaru.\",\"breadcrumb\":{\"@id\":\"https:\\\/\\\/www.facecorner.lv\\\/shop\\\/arencia-pore-melt-phyto-pdrn-cleansing-balm-hidrofila-ella-110ml\\\/#breadcrumb\"},\"inLanguage\":\"en-US\",\"potentialAction\":[{\"@type\":\"ReadAction\",\"target\":[\"https:\\\/\\\/www.facecorner.lv\\\/shop\\\/arencia-pore-melt-phyto-pdrn-cleansing-balm-hidrofila-ella-110ml\\\/\"]}]},{\"@type\":\"ImageObject\",\"inLanguage\":\"en-US\",\"@id\":\"https:\\\/\\\/www.facecorner.lv\\\/shop\\\/arencia-pore-melt-phyto-pdrn-cleansing-balm-hidrofila-ella-110ml\\\/#primaryimage\",\"url\":\"https:\\\/\\\/www.facecorner.lv\\\/wp-content\\\/uploads\\\/2026\\\/03\\\/XXL_p0224013240.webp\",\"contentUrl\":\"https:\\\/\\\/www.facecorner.lv\\\/wp-content\\\/uploads\\\/2026\\\/03\\\/XXL_p0224013240.webp\",\"width\":640,\"height\":640,\"caption\":\"Arencia Pore Melt Phyto PDRN Cleansing Balm\"},{\"@type\":\"BreadcrumbList\",\"@id\":\"https:\\\/\\\/www.facecorner.lv\\\/shop\\\/arencia-pore-melt-phyto-pdrn-cleansing-balm-hidrofila-ella-110ml\\\/#breadcrumb\",\"itemListElement\":[{\"@type\":\"ListItem\",\"position\":1,\"name\":\"Home\",\"item\":\"https:\\\/\\\/www.facecorner.lv\\\/\"},{\"@type\":\"ListItem\",\"position\":2,\"name\":\"Veikals\",\"item\":\"https:\\\/\\\/www.facecorner.lv\\\/shop\\\/\"},{\"@type\":\"ListItem\",\"position\":3,\"name\":\"Arencia Pore Melt Phyto PDRN Cleansing Balm hidrofil\u0101 e\u013c\u013ca 110ml\"}]},{\"@type\":\"WebSite\",\"@id\":\"https:\\\/\\\/www.facecorner.lv\\\/#website\",\"url\":\"https:\\\/\\\/www.facecorner.lv\\\/\",\"name\":\"Facecorner\",\"description\":\"\",\"publisher\":{\"@id\":\"https:\\\/\\\/www.facecorner.lv\\\/#organization\"},\"potentialAction\":[{\"@type\":\"SearchAction\",\"target\":{\"@type\":\"EntryPoint\",\"urlTemplate\":\"https:\\\/\\\/www.facecorner.lv\\\/?s={search_term_string}\"},\"query-input\":{\"@type\":\"PropertyValueSpecification\",\"valueRequired\":true,\"valueName\":\"search_term_string\"}}],\"inLanguage\":\"en-US\"},{\"@type\":\"Organization\",\"@id\":\"https:\\\/\\\/www.facecorner.lv\\\/#organization\",\"name\":\"Facecorner\",\"url\":\"https:\\\/\\\/www.facecorner.lv\\\/\",\"logo\":{\"@type\":\"ImageObject\",\"inLanguage\":\"en-US\",\"@id\":\"https:\\\/\\\/www.facecorner.lv\\\/#\\\/schema\\\/logo\\\/image\\\/\",\"url\":\"https:\\\/\\\/www.facecorner.lv\\\/wp-content\\\/uploads\\\/2024\\\/04\\\/fc-logo.jpg\",\"contentUrl\":\"https:\\\/\\\/www.facecorner.lv\\\/wp-content\\\/uploads\\\/2024\\\/04\\\/fc-logo.jpg\",\"width\":174,\"height\":28,\"caption\":\"Facecorner\"},\"image\":{\"@id\":\"https:\\\/\\\/www.facecorner.lv\\\/#\\\/schema\\\/logo\\\/image\\\/\"},\"sameAs\":[\"https:\\\/\\\/www.facebook.com\\\/profile.php?id=100063824551839\",\"https:\\\/\\\/www.instagram.com\\\/facecorner_shop\\\/\"]}]}<\/script>\n<meta property=\"product:price:amount\" content=\"21.25\" \/>\n<meta property=\"product:price:currency\" content=\"EUR\" \/>\n<meta property=\"og:availability\" content=\"instock\" \/>\n<meta property=\"product:availability\" content=\"instock\" \/>\n<meta property=\"product:condition\" content=\"new\" \/>\n<!-- \/ Yoast SEO plugin. -->","yoast_head_json":{"title":"Arencia Pore Melt Phyto PDRN Cleansing Balm hidrofil\u0101 e\u013c\u013ca 110ml - FACECORNER","description":"Arencia Pore Melt Phyto PDRN Cleansing Balm ir maigs, bet efekt\u012bvs pirm\u0101 posma att\u012bro\u0161s l\u012bdzeklis, kas rad\u012bts \u012bpa\u0161i, lai saudz\u012bgi no\u0146emtu kosm\u0113tiku, net\u012brumus un lieko sebumu, netrauc\u0113jot \u0101das dabisko l\u012bdzsvaru.","robots":{"index":"index","follow":"follow","max-snippet":"max-snippet:-1","max-image-preview":"max-image-preview:large","max-video-preview":"max-video-preview:-1"},"canonical":"https:\/\/www.facecorner.lv\/en\/shop\/arencia-pore-melt-phyto-pdrn-cleansing-balm-hidrofila-ella-110ml\/","og_locale":"en_US","og_type":"article","og_title":"Arencia Pore Melt Phyto PDRN Cleansing Balm hidrofil\u0101 e\u013c\u013ca 110ml - FACECORNER","og_description":"Arencia Pore Melt Phyto PDRN Cleansing Balm ir maigs, bet efekt\u012bvs pirm\u0101 posma att\u012bro\u0161s l\u012bdzeklis, kas rad\u012bts \u012bpa\u0161i, lai saudz\u012bgi no\u0146emtu kosm\u0113tiku, net\u012brumus un lieko sebumu, netrauc\u0113jot \u0101das dabisko l\u012bdzsvaru.","og_url":"https:\/\/www.facecorner.lv\/en\/shop\/arencia-pore-melt-phyto-pdrn-cleansing-balm-hidrofila-ella-110ml\/","og_site_name":"FACECORNER","article_publisher":"https:\/\/www.facebook.com\/profile.php?id=100063824551839","og_image":[{"width":640,"height":640,"url":"https:\/\/www.facecorner.lv\/wp-content\/uploads\/2026\/03\/XXL_p0224013240.webp","type":"image\/webp"}],"twitter_card":"summary_large_image","twitter_misc":{"Price":"&euro;21.25","Availability":"In stock"},"schema":{"@context":"https:\/\/schema.org","@graph":[{"@type":"WebPage","@id":"https:\/\/www.facecorner.lv\/shop\/arencia-pore-melt-phyto-pdrn-cleansing-balm-hidrofila-ella-110ml\/","url":"https:\/\/www.facecorner.lv\/shop\/arencia-pore-melt-phyto-pdrn-cleansing-balm-hidrofila-ella-110ml\/","name":"Arencia Pore Melt Phyto PDRN Cleansing Balm hidrofil\u0101 e\u013c\u013ca 110ml - FACECORNER","isPartOf":{"@id":"https:\/\/www.facecorner.lv\/#website"},"primaryImageOfPage":{"@id":"https:\/\/www.facecorner.lv\/shop\/arencia-pore-melt-phyto-pdrn-cleansing-balm-hidrofila-ella-110ml\/#primaryimage"},"image":{"@id":"https:\/\/www.facecorner.lv\/shop\/arencia-pore-melt-phyto-pdrn-cleansing-balm-hidrofila-ella-110ml\/#primaryimage"},"thumbnailUrl":"https:\/\/www.facecorner.lv\/wp-content\/uploads\/2026\/03\/XXL_p0224013240.webp","datePublished":"2026-03-24T12:06:36+00:00","description":"Arencia Pore Melt Phyto PDRN Cleansing Balm ir maigs, bet efekt\u012bvs pirm\u0101 posma att\u012bro\u0161s l\u012bdzeklis, kas rad\u012bts \u012bpa\u0161i, lai saudz\u012bgi no\u0146emtu kosm\u0113tiku, net\u012brumus un lieko sebumu, netrauc\u0113jot \u0101das dabisko l\u012bdzsvaru.","breadcrumb":{"@id":"https:\/\/www.facecorner.lv\/shop\/arencia-pore-melt-phyto-pdrn-cleansing-balm-hidrofila-ella-110ml\/#breadcrumb"},"inLanguage":"en-US","potentialAction":[{"@type":"ReadAction","target":["https:\/\/www.facecorner.lv\/shop\/arencia-pore-melt-phyto-pdrn-cleansing-balm-hidrofila-ella-110ml\/"]}]},{"@type":"ImageObject","inLanguage":"en-US","@id":"https:\/\/www.facecorner.lv\/shop\/arencia-pore-melt-phyto-pdrn-cleansing-balm-hidrofila-ella-110ml\/#primaryimage","url":"https:\/\/www.facecorner.lv\/wp-content\/uploads\/2026\/03\/XXL_p0224013240.webp","contentUrl":"https:\/\/www.facecorner.lv\/wp-content\/uploads\/2026\/03\/XXL_p0224013240.webp","width":640,"height":640,"caption":"Arencia Pore Melt Phyto PDRN Cleansing Balm"},{"@type":"BreadcrumbList","@id":"https:\/\/www.facecorner.lv\/shop\/arencia-pore-melt-phyto-pdrn-cleansing-balm-hidrofila-ella-110ml\/#breadcrumb","itemListElement":[{"@type":"ListItem","position":1,"name":"Home","item":"https:\/\/www.facecorner.lv\/"},{"@type":"ListItem","position":2,"name":"Veikals","item":"https:\/\/www.facecorner.lv\/shop\/"},{"@type":"ListItem","position":3,"name":"Arencia Pore Melt Phyto PDRN Cleansing Balm hidrofil\u0101 e\u013c\u013ca 110ml"}]},{"@type":"WebSite","@id":"https:\/\/www.facecorner.lv\/#website","url":"https:\/\/www.facecorner.lv\/","name":"Facecorner","description":"","publisher":{"@id":"https:\/\/www.facecorner.lv\/#organization"},"potentialAction":[{"@type":"SearchAction","target":{"@type":"EntryPoint","urlTemplate":"https:\/\/www.facecorner.lv\/?s={search_term_string}"},"query-input":{"@type":"PropertyValueSpecification","valueRequired":true,"valueName":"search_term_string"}}],"inLanguage":"en-US"},{"@type":"Organization","@id":"https:\/\/www.facecorner.lv\/#organization","name":"Facecorner","url":"https:\/\/www.facecorner.lv\/","logo":{"@type":"ImageObject","inLanguage":"en-US","@id":"https:\/\/www.facecorner.lv\/#\/schema\/logo\/image\/","url":"https:\/\/www.facecorner.lv\/wp-content\/uploads\/2024\/04\/fc-logo.jpg","contentUrl":"https:\/\/www.facecorner.lv\/wp-content\/uploads\/2024\/04\/fc-logo.jpg","width":174,"height":28,"caption":"Facecorner"},"image":{"@id":"https:\/\/www.facecorner.lv\/#\/schema\/logo\/image\/"},"sameAs":["https:\/\/www.facebook.com\/profile.php?id=100063824551839","https:\/\/www.instagram.com\/facecorner_shop\/"]}]},"product_price_amount":"21.25","product_price_currency":"EUR","og_availability":"instock","product_availability":"instock","product_condition":"new"},"_links":{"self":[{"href":"https:\/\/www.facecorner.lv\/en\/wp-json\/wp\/v2\/product\/27289","targetHints":{"allow":["GET"]}}],"collection":[{"href":"https:\/\/www.facecorner.lv\/en\/wp-json\/wp\/v2\/product"}],"about":[{"href":"https:\/\/www.facecorner.lv\/en\/wp-json\/wp\/v2\/types\/product"}],"replies":[{"embeddable":true,"href":"https:\/\/www.facecorner.lv\/en\/wp-json\/wp\/v2\/comments?post=27289"}],"wp:featuredmedia":[{"embeddable":true,"href":"https:\/\/www.facecorner.lv\/en\/wp-json\/wp\/v2\/media\/27291"}],"wp:attachment":[{"href":"https:\/\/www.facecorner.lv\/en\/wp-json\/wp\/v2\/media?parent=27289"}],"wp:term":[{"taxonomy":"product_brand","embeddable":true,"href":"https:\/\/www.facecorner.lv\/en\/wp-json\/wp\/v2\/product_brand?post=27289"},{"taxonomy":"product_cat","embeddable":true,"href":"https:\/\/www.facecorner.lv\/en\/wp-json\/wp\/v2\/product_cat?post=27289"},{"taxonomy":"product_tag","embeddable":true,"href":"https:\/\/www.facecorner.lv\/en\/wp-json\/wp\/v2\/product_tag?post=27289"},{"taxonomy":"berocket_brand","embeddable":true,"href":"https:\/\/www.facecorner.lv\/en\/wp-json\/wp\/v2\/berocket_brand?post=27289"}],"curies":[{"name":"wp","href":"https:\/\/api.w.org\/{rel}","templated":true}]}}