{"id":27268,"date":"2026-03-20T17:04:30","date_gmt":"2026-03-20T14:04:30","guid":{"rendered":"https:\/\/www.facecorner.lv\/?post_type=product&#038;p=27268"},"modified":"2026-03-26T15:27:15","modified_gmt":"2026-03-26T12:27:15","slug":"vt-bakuchiol-reedle-shot-cream-krems-ar-bakucolu-un-mikrospikulam-30ml","status":"publish","type":"product","link":"https:\/\/www.facecorner.lv\/en\/shop\/vt-bakuchiol-reedle-shot-cream-krems-ar-bakucolu-un-mikrospikulam-30ml\/","title":{"rendered":"VT Bakuchiol Reedle Shot Cream kr\u0113ms ar baku\u010dolu un mikrospikul\u0101m 30ml"},"content":{"rendered":"<p>VT Bakuchiol Reedle Shot Cream inovat\u012bvs kr\u0113ms ar baku\u010dolu un mikrospikul\u0101m Reedle Shot, kas paredz\u0113ts intens\u012bvai \u0101das atjauno\u0161anai, tekst\u016bras uzlabo\u0161anai un c\u012b\u0146ai pret noveco\u0161an\u0101s paz\u012bm\u0113m.<\/p>\n<p>Formul\u0101 apvienota maiga retinola alternat\u012bva \u2014 baku\u010dols \u2014 ar mikrospikulu tehnolo\u0123iju (Reedle Shot), kas pal\u012bdz akt\u012bvaj\u0101m sast\u0101vda\u013c\u0101m iek\u013c\u016bt dzi\u013c\u0101k \u0101d\u0101, pastiprinot to efektivit\u0101ti. Kr\u0113ms stimul\u0113 \u0161\u016bnu atjauno\u0161anos, izl\u012bdzina \u0101das toni un padara \u0101du glud\u0101ku un elast\u012bg\u0101ku.<\/p>\n<p>Pateicoties \u0100zijas centellas un pept\u012bdu kompleksam, l\u012bdzeklis nomierina \u0101du, stiprina aizsargbarjeru un samazina grumbu redzam\u012bbu. Viegla, bet barojo\u0161a tekst\u016bra \u0101tri ies\u016bcas, neatst\u0101jot lip\u012bguma saj\u016btu, un ir piem\u0113rota ikdienas kop\u0161anai.<\/p>\n<ul>\n<li>Izl\u012bdzina grumbi\u0146as un uzlabo \u0101das elast\u012bbu<\/li>\n<li>Uzlabo sejas \u0101das tekst\u016bru un toni<\/li>\n<li>Maigs pretnoveco\u0161an\u0101s efekts bez kairin\u0101juma (retinola alternat\u012bva)<\/li>\n<li>Uzlabo akt\u012bvo sast\u0101vda\u013cu uzs\u016bk\u0161anos (Reedle Shot)<\/li>\n<li>Nomierina un atjauno \u0101du<\/li>\n<\/ul>\n<h6>Bubble Pop Cleanser products fine, soft foam to cleanse away dead skin, sebum and makeup residue from your face, while hyaluronic acid moisturizes your skin.<\/h6>\n<ul>\n<li>Bakuchiol \u2014 stimul\u0113 \u0101das atjauno\u0161anos un c\u012bn\u0101s pret noveco\u0161an\u0101s paz\u012bm\u0113m<\/li>\n<li>Reedle Shot (mikrospikulas) \u2014 pastiprina kop\u0161anas efektivit\u0101ti<\/li>\n<li>\u0100zijas centella (CICA komplekss) \u2014 nomierina un atjauno<\/li>\n<li>Pept\u012bdi \u2014 uzlabo \u0101das stingr\u012bbu un elast\u012bbu<\/li>\n<li>Niacinam\u012bds \u2014 izl\u012bdzina \u0101das toni un pie\u0161\u0137ir mirdzumu<\/li>\n<li>Hialuronsk\u0101be \u2014 dzi\u013ci mitrina<\/li>\n<\/ul>\n<p><strong>How to use:\nAfter cleansing and toning, place the mask sheet on your face and let it rest for 30 minutes.<\/strong> Uzkl\u0101jiet nelielu kr\u0113ma daudzumu uz att\u012br\u012btas sejas \u0101das k\u0101 p\u0113d\u0113jo kop\u0161anas posmu.Lietojiet vakar\u0101 (ieteicams), nepiecie\u0161am\u012bbas gad\u012bjum\u0101 \u2014 ar\u012b no r\u012bta.<\/p>\n<p><strong>Sast\u0101vs<\/strong>: Water (Aqua), Butylene Glycol, Caprylic\/Capric Triglyceride, Glycerin, Polyglyceryl-3 Methylglucose Distearate, Niacinamide, Cetearyl Alcohol, Limnanthes Alba (Meadowfoam) Seed Oil, Butyrospermum Parkii (Shea) Butter, Schisandra Chinensis Flower Extract, Cetearyl Olivate, 1,2-Hexanediol, Hydroxyacetophenone, Sodium Polyacryloyldimethyl Taurate, Schisandra Chinensis Fruit Extract, Sorbitan Olivate, Hydrogenated Polydecene, Glyceryl Stearate, Glyceryl Linoleate, Dimethicone, Glyceryl Linolenate, Bakuchiol Salicylate (1000 ppm), Dimethicone\/Vinyl Dimethicone Crosspolymer, Adenosine, Solanum Fruit Extract, Trideceth-10, Disodium EDTA, Xanthan Gum, Tocopherol, Jasminum Officinale (Jasmine) Extract, Salix Alba (Willow) Bark Extract, Morinda Citrifolia Leaf Extract, Curcuma Longa (Turmeric) Root Extract, Coral Extract, Ocimum Sanctum Leaf Extract, Caffeine, Centella Asiatica Extract, Silica, Sodium Hyaluronate, Vaccinium Angustifolium (Blueberry) Fruit Extract, Polyglyceryl-10 Laurate, Ethylhexylglycerin, Madecassoside, Madecassic Acid, Asiaticoside, Asiatic Acid, Propolis Extract, Palmitoyl Tripeptide-1, Palmitoyl Pentapeptide-4, Hexapeptide-9, Acetyl Hexapeptide-8, Tripeptide-1, Copper Tripeptide-1.<\/p>","protected":false},"excerpt":{"rendered":"<p>VT Bakuchiol Reedle Shot Cream inovat\u012bvs kr\u0113ms ar baku\u010dolu un mikrospikul\u0101m Reedle Shot, kas paredz\u0113ts intens\u012bvai \u0101das atjauno\u0161anai, tekst\u016bras uzlabo\u0161anai un c\u012b\u0146ai pret noveco\u0161an\u0101s paz\u012bm\u0113m.<\/p>","protected":false},"featured_media":27269,"comment_status":"open","ping_status":"closed","template":"","meta":{"site-sidebar-layout":"default","site-content-layout":"","ast-site-content-layout":"default","site-content-style":"default","site-sidebar-style":"default","ast-global-header-display":"","ast-banner-title-visibility":"","ast-main-header-display":"","ast-hfb-above-header-display":"","ast-hfb-below-header-display":"","ast-hfb-mobile-header-display":"","site-post-title":"","ast-breadcrumbs-content":"","ast-featured-img":"","footer-sml-layout":"","theme-transparent-header-meta":"default","adv-header-id-meta":"","stick-header-meta":"","header-above-stick-meta":"","header-main-stick-meta":"","header-below-stick-meta":"","astra-migrate-meta-layouts":"set","ast-page-background-enabled":"default","ast-page-background-meta":{"desktop":{"background-color":"var(--ast-global-color-4)","background-image":"","background-repeat":"repeat","background-position":"center center","background-size":"auto","background-attachment":"scroll","background-type":"","background-media":"","overlay-type":"","overlay-color":"","overlay-opacity":"","overlay-gradient":""},"tablet":{"background-color":"","background-image":"","background-repeat":"repeat","background-position":"center center","background-size":"auto","background-attachment":"scroll","background-type":"","background-media":"","overlay-type":"","overlay-color":"","overlay-opacity":"","overlay-gradient":""},"mobile":{"background-color":"","background-image":"","background-repeat":"repeat","background-position":"center center","background-size":"auto","background-attachment":"scroll","background-type":"","background-media":"","overlay-type":"","overlay-color":"","overlay-opacity":"","overlay-gradient":""}},"ast-content-background-meta":{"desktop":{"background-color":"var(--ast-global-color-5)","background-image":"","background-repeat":"repeat","background-position":"center center","background-size":"auto","background-attachment":"scroll","background-type":"","background-media":"","overlay-type":"","overlay-color":"","overlay-opacity":"","overlay-gradient":""},"tablet":{"background-color":"var(--ast-global-color-5)","background-image":"","background-repeat":"repeat","background-position":"center center","background-size":"auto","background-attachment":"scroll","background-type":"","background-media":"","overlay-type":"","overlay-color":"","overlay-opacity":"","overlay-gradient":""},"mobile":{"background-color":"var(--ast-global-color-5)","background-image":"","background-repeat":"repeat","background-position":"center center","background-size":"auto","background-attachment":"scroll","background-type":"","background-media":"","overlay-type":"","overlay-color":"","overlay-opacity":"","overlay-gradient":""}}},"product_brand":[],"product_cat":[368,362],"product_tag":[],"berocket_brand":[582],"class_list":{"0":"post-27268","1":"product","2":"type-product","3":"status-publish","4":"has-post-thumbnail","6":"product_cat-pret-grumbam","7":"product_cat-sejas-krems","8":"berocket_brand-vt","9":"desktop-align-left","10":"tablet-align-left","11":"mobile-align-left","13":"first","14":"instock","15":"taxable","16":"shipping-taxable","17":"purchasable","18":"product-type-simple","19":"add-to-wishlist-before_image"},"yoast_head":"<!-- This site is optimized with the Yoast SEO plugin v27.4 - https:\/\/yoast.com\/product\/yoast-seo-wordpress\/ -->\n<title>VT Bakuchiol Reedle Shot Cream kr\u0113ms ar baku\u010dolu un mikrospikul\u0101m 30ml - FACECORNER<\/title>\n<meta name=\"description\" content=\"VT Bakuchiol Reedle Shot Cream inovat\u012bvs kr\u0113ms ar baku\u010dolu un mikrospikul\u0101m Reedle Shot, kas paredz\u0113ts intens\u012bvai \u0101das atjauno\u0161anai, tekst\u016bras uzlabo\u0161anai un c\u012b\u0146ai pret noveco\u0161an\u0101s paz\u012bm\u0113m.\" \/>\n<meta name=\"robots\" content=\"index, follow, max-snippet:-1, max-image-preview:large, max-video-preview:-1\" \/>\n<link rel=\"canonical\" href=\"https:\/\/www.facecorner.lv\/en\/shop\/vt-bakuchiol-reedle-shot-cream-krems-ar-bakucolu-un-mikrospikulam-30ml\/\" \/>\n<meta property=\"og:locale\" content=\"en_US\" \/>\n<meta property=\"og:type\" content=\"article\" \/>\n<meta property=\"og:title\" content=\"VT Bakuchiol Reedle Shot Cream kr\u0113ms ar baku\u010dolu un mikrospikul\u0101m 30ml - FACECORNER\" \/>\n<meta property=\"og:description\" content=\"VT Bakuchiol Reedle Shot Cream inovat\u012bvs kr\u0113ms ar baku\u010dolu un mikrospikul\u0101m Reedle Shot, kas paredz\u0113ts intens\u012bvai \u0101das atjauno\u0161anai, tekst\u016bras uzlabo\u0161anai un c\u012b\u0146ai pret noveco\u0161an\u0101s paz\u012bm\u0113m.\" \/>\n<meta property=\"og:url\" content=\"https:\/\/www.facecorner.lv\/en\/shop\/vt-bakuchiol-reedle-shot-cream-krems-ar-bakucolu-un-mikrospikulam-30ml\/\" \/>\n<meta property=\"og:site_name\" content=\"FACECORNER\" \/>\n<meta property=\"article:publisher\" content=\"https:\/\/www.facebook.com\/profile.php?id=100063824551839\" \/>\n<meta property=\"article:modified_time\" content=\"2026-03-26T12:27:15+00:00\" \/>\n<meta property=\"og:image\" content=\"https:\/\/www.facecorner.lv\/wp-content\/uploads\/2026\/03\/ddc283f36ac90d46fb05c070eb9d2b8b51c5d7bf_1024_1024.jpeg\" \/>\n\t<meta property=\"og:image:width\" content=\"1024\" \/>\n\t<meta property=\"og:image:height\" content=\"1024\" \/>\n\t<meta property=\"og:image:type\" content=\"image\/jpeg\" \/>\n<meta name=\"twitter:card\" content=\"summary_large_image\" \/>\n<meta name=\"twitter:label1\" content=\"Price\" \/>\n\t<meta name=\"twitter:data1\" content=\"&euro;21.95\" \/>\n\t<meta name=\"twitter:label2\" content=\"Availability\" \/>\n\t<meta name=\"twitter:data2\" content=\"In stock\" \/>\n<script type=\"application\/ld+json\" class=\"yoast-schema-graph\">{\"@context\":\"https:\\\/\\\/schema.org\",\"@graph\":[{\"@type\":\"WebPage\",\"@id\":\"https:\\\/\\\/www.facecorner.lv\\\/shop\\\/vt-bakuchiol-reedle-shot-cream-krems-ar-bakucolu-un-mikrospikulam-30ml\\\/\",\"url\":\"https:\\\/\\\/www.facecorner.lv\\\/shop\\\/vt-bakuchiol-reedle-shot-cream-krems-ar-bakucolu-un-mikrospikulam-30ml\\\/\",\"name\":\"VT Bakuchiol Reedle Shot Cream kr\u0113ms ar baku\u010dolu un mikrospikul\u0101m 30ml - FACECORNER\",\"isPartOf\":{\"@id\":\"https:\\\/\\\/www.facecorner.lv\\\/#website\"},\"primaryImageOfPage\":{\"@id\":\"https:\\\/\\\/www.facecorner.lv\\\/shop\\\/vt-bakuchiol-reedle-shot-cream-krems-ar-bakucolu-un-mikrospikulam-30ml\\\/#primaryimage\"},\"image\":{\"@id\":\"https:\\\/\\\/www.facecorner.lv\\\/shop\\\/vt-bakuchiol-reedle-shot-cream-krems-ar-bakucolu-un-mikrospikulam-30ml\\\/#primaryimage\"},\"thumbnailUrl\":\"https:\\\/\\\/www.facecorner.lv\\\/wp-content\\\/uploads\\\/2026\\\/03\\\/ddc283f36ac90d46fb05c070eb9d2b8b51c5d7bf_1024_1024.jpeg\",\"datePublished\":\"2026-03-20T14:04:30+00:00\",\"dateModified\":\"2026-03-26T12:27:15+00:00\",\"description\":\"VT Bakuchiol Reedle Shot Cream inovat\u012bvs kr\u0113ms ar baku\u010dolu un mikrospikul\u0101m Reedle Shot, kas paredz\u0113ts intens\u012bvai \u0101das atjauno\u0161anai, tekst\u016bras uzlabo\u0161anai un c\u012b\u0146ai pret noveco\u0161an\u0101s paz\u012bm\u0113m.\",\"breadcrumb\":{\"@id\":\"https:\\\/\\\/www.facecorner.lv\\\/shop\\\/vt-bakuchiol-reedle-shot-cream-krems-ar-bakucolu-un-mikrospikulam-30ml\\\/#breadcrumb\"},\"inLanguage\":\"en-US\",\"potentialAction\":[{\"@type\":\"ReadAction\",\"target\":[\"https:\\\/\\\/www.facecorner.lv\\\/shop\\\/vt-bakuchiol-reedle-shot-cream-krems-ar-bakucolu-un-mikrospikulam-30ml\\\/\"]}]},{\"@type\":\"ImageObject\",\"inLanguage\":\"en-US\",\"@id\":\"https:\\\/\\\/www.facecorner.lv\\\/shop\\\/vt-bakuchiol-reedle-shot-cream-krems-ar-bakucolu-un-mikrospikulam-30ml\\\/#primaryimage\",\"url\":\"https:\\\/\\\/www.facecorner.lv\\\/wp-content\\\/uploads\\\/2026\\\/03\\\/ddc283f36ac90d46fb05c070eb9d2b8b51c5d7bf_1024_1024.jpeg\",\"contentUrl\":\"https:\\\/\\\/www.facecorner.lv\\\/wp-content\\\/uploads\\\/2026\\\/03\\\/ddc283f36ac90d46fb05c070eb9d2b8b51c5d7bf_1024_1024.jpeg\",\"width\":1024,\"height\":1024,\"caption\":\"VT Bakuchiol Reedle Shot Cream\"},{\"@type\":\"BreadcrumbList\",\"@id\":\"https:\\\/\\\/www.facecorner.lv\\\/shop\\\/vt-bakuchiol-reedle-shot-cream-krems-ar-bakucolu-un-mikrospikulam-30ml\\\/#breadcrumb\",\"itemListElement\":[{\"@type\":\"ListItem\",\"position\":1,\"name\":\"Home\",\"item\":\"https:\\\/\\\/www.facecorner.lv\\\/\"},{\"@type\":\"ListItem\",\"position\":2,\"name\":\"Veikals\",\"item\":\"https:\\\/\\\/www.facecorner.lv\\\/shop\\\/\"},{\"@type\":\"ListItem\",\"position\":3,\"name\":\"VT Bakuchiol Reedle Shot Cream kr\u0113ms ar baku\u010dolu un mikrospikul\u0101m 30ml\"}]},{\"@type\":\"WebSite\",\"@id\":\"https:\\\/\\\/www.facecorner.lv\\\/#website\",\"url\":\"https:\\\/\\\/www.facecorner.lv\\\/\",\"name\":\"Facecorner\",\"description\":\"\",\"publisher\":{\"@id\":\"https:\\\/\\\/www.facecorner.lv\\\/#organization\"},\"potentialAction\":[{\"@type\":\"SearchAction\",\"target\":{\"@type\":\"EntryPoint\",\"urlTemplate\":\"https:\\\/\\\/www.facecorner.lv\\\/?s={search_term_string}\"},\"query-input\":{\"@type\":\"PropertyValueSpecification\",\"valueRequired\":true,\"valueName\":\"search_term_string\"}}],\"inLanguage\":\"en-US\"},{\"@type\":\"Organization\",\"@id\":\"https:\\\/\\\/www.facecorner.lv\\\/#organization\",\"name\":\"Facecorner\",\"url\":\"https:\\\/\\\/www.facecorner.lv\\\/\",\"logo\":{\"@type\":\"ImageObject\",\"inLanguage\":\"en-US\",\"@id\":\"https:\\\/\\\/www.facecorner.lv\\\/#\\\/schema\\\/logo\\\/image\\\/\",\"url\":\"https:\\\/\\\/www.facecorner.lv\\\/wp-content\\\/uploads\\\/2024\\\/04\\\/fc-logo.jpg\",\"contentUrl\":\"https:\\\/\\\/www.facecorner.lv\\\/wp-content\\\/uploads\\\/2024\\\/04\\\/fc-logo.jpg\",\"width\":174,\"height\":28,\"caption\":\"Facecorner\"},\"image\":{\"@id\":\"https:\\\/\\\/www.facecorner.lv\\\/#\\\/schema\\\/logo\\\/image\\\/\"},\"sameAs\":[\"https:\\\/\\\/www.facebook.com\\\/profile.php?id=100063824551839\",\"https:\\\/\\\/www.instagram.com\\\/facecorner_shop\\\/\"]}]}<\/script>\n<meta property=\"product:price:amount\" content=\"21.95\" \/>\n<meta property=\"product:price:currency\" content=\"EUR\" \/>\n<meta property=\"og:availability\" content=\"instock\" \/>\n<meta property=\"product:availability\" content=\"instock\" \/>\n<meta property=\"product:condition\" content=\"new\" \/>\n<!-- \/ Yoast SEO plugin. -->","yoast_head_json":{"title":"VT Bakuchiol Reedle Shot Cream kr\u0113ms ar baku\u010dolu un mikrospikul\u0101m 30ml - FACECORNER","description":"VT Bakuchiol Reedle Shot Cream inovat\u012bvs kr\u0113ms ar baku\u010dolu un mikrospikul\u0101m Reedle Shot, kas paredz\u0113ts intens\u012bvai \u0101das atjauno\u0161anai, tekst\u016bras uzlabo\u0161anai un c\u012b\u0146ai pret noveco\u0161an\u0101s paz\u012bm\u0113m.","robots":{"index":"index","follow":"follow","max-snippet":"max-snippet:-1","max-image-preview":"max-image-preview:large","max-video-preview":"max-video-preview:-1"},"canonical":"https:\/\/www.facecorner.lv\/en\/shop\/vt-bakuchiol-reedle-shot-cream-krems-ar-bakucolu-un-mikrospikulam-30ml\/","og_locale":"en_US","og_type":"article","og_title":"VT Bakuchiol Reedle Shot Cream kr\u0113ms ar baku\u010dolu un mikrospikul\u0101m 30ml - FACECORNER","og_description":"VT Bakuchiol Reedle Shot Cream inovat\u012bvs kr\u0113ms ar baku\u010dolu un mikrospikul\u0101m Reedle Shot, kas paredz\u0113ts intens\u012bvai \u0101das atjauno\u0161anai, tekst\u016bras uzlabo\u0161anai un c\u012b\u0146ai pret noveco\u0161an\u0101s paz\u012bm\u0113m.","og_url":"https:\/\/www.facecorner.lv\/en\/shop\/vt-bakuchiol-reedle-shot-cream-krems-ar-bakucolu-un-mikrospikulam-30ml\/","og_site_name":"FACECORNER","article_publisher":"https:\/\/www.facebook.com\/profile.php?id=100063824551839","article_modified_time":"2026-03-26T12:27:15+00:00","og_image":[{"width":1024,"height":1024,"url":"https:\/\/www.facecorner.lv\/wp-content\/uploads\/2026\/03\/ddc283f36ac90d46fb05c070eb9d2b8b51c5d7bf_1024_1024.jpeg","type":"image\/jpeg"}],"twitter_card":"summary_large_image","twitter_misc":{"Price":"&euro;21.95","Availability":"In stock"},"schema":{"@context":"https:\/\/schema.org","@graph":[{"@type":"WebPage","@id":"https:\/\/www.facecorner.lv\/shop\/vt-bakuchiol-reedle-shot-cream-krems-ar-bakucolu-un-mikrospikulam-30ml\/","url":"https:\/\/www.facecorner.lv\/shop\/vt-bakuchiol-reedle-shot-cream-krems-ar-bakucolu-un-mikrospikulam-30ml\/","name":"VT Bakuchiol Reedle Shot Cream kr\u0113ms ar baku\u010dolu un mikrospikul\u0101m 30ml - FACECORNER","isPartOf":{"@id":"https:\/\/www.facecorner.lv\/#website"},"primaryImageOfPage":{"@id":"https:\/\/www.facecorner.lv\/shop\/vt-bakuchiol-reedle-shot-cream-krems-ar-bakucolu-un-mikrospikulam-30ml\/#primaryimage"},"image":{"@id":"https:\/\/www.facecorner.lv\/shop\/vt-bakuchiol-reedle-shot-cream-krems-ar-bakucolu-un-mikrospikulam-30ml\/#primaryimage"},"thumbnailUrl":"https:\/\/www.facecorner.lv\/wp-content\/uploads\/2026\/03\/ddc283f36ac90d46fb05c070eb9d2b8b51c5d7bf_1024_1024.jpeg","datePublished":"2026-03-20T14:04:30+00:00","dateModified":"2026-03-26T12:27:15+00:00","description":"VT Bakuchiol Reedle Shot Cream inovat\u012bvs kr\u0113ms ar baku\u010dolu un mikrospikul\u0101m Reedle Shot, kas paredz\u0113ts intens\u012bvai \u0101das atjauno\u0161anai, tekst\u016bras uzlabo\u0161anai un c\u012b\u0146ai pret noveco\u0161an\u0101s paz\u012bm\u0113m.","breadcrumb":{"@id":"https:\/\/www.facecorner.lv\/shop\/vt-bakuchiol-reedle-shot-cream-krems-ar-bakucolu-un-mikrospikulam-30ml\/#breadcrumb"},"inLanguage":"en-US","potentialAction":[{"@type":"ReadAction","target":["https:\/\/www.facecorner.lv\/shop\/vt-bakuchiol-reedle-shot-cream-krems-ar-bakucolu-un-mikrospikulam-30ml\/"]}]},{"@type":"ImageObject","inLanguage":"en-US","@id":"https:\/\/www.facecorner.lv\/shop\/vt-bakuchiol-reedle-shot-cream-krems-ar-bakucolu-un-mikrospikulam-30ml\/#primaryimage","url":"https:\/\/www.facecorner.lv\/wp-content\/uploads\/2026\/03\/ddc283f36ac90d46fb05c070eb9d2b8b51c5d7bf_1024_1024.jpeg","contentUrl":"https:\/\/www.facecorner.lv\/wp-content\/uploads\/2026\/03\/ddc283f36ac90d46fb05c070eb9d2b8b51c5d7bf_1024_1024.jpeg","width":1024,"height":1024,"caption":"VT Bakuchiol Reedle Shot Cream"},{"@type":"BreadcrumbList","@id":"https:\/\/www.facecorner.lv\/shop\/vt-bakuchiol-reedle-shot-cream-krems-ar-bakucolu-un-mikrospikulam-30ml\/#breadcrumb","itemListElement":[{"@type":"ListItem","position":1,"name":"Home","item":"https:\/\/www.facecorner.lv\/"},{"@type":"ListItem","position":2,"name":"Veikals","item":"https:\/\/www.facecorner.lv\/shop\/"},{"@type":"ListItem","position":3,"name":"VT Bakuchiol Reedle Shot Cream kr\u0113ms ar baku\u010dolu un mikrospikul\u0101m 30ml"}]},{"@type":"WebSite","@id":"https:\/\/www.facecorner.lv\/#website","url":"https:\/\/www.facecorner.lv\/","name":"Facecorner","description":"","publisher":{"@id":"https:\/\/www.facecorner.lv\/#organization"},"potentialAction":[{"@type":"SearchAction","target":{"@type":"EntryPoint","urlTemplate":"https:\/\/www.facecorner.lv\/?s={search_term_string}"},"query-input":{"@type":"PropertyValueSpecification","valueRequired":true,"valueName":"search_term_string"}}],"inLanguage":"en-US"},{"@type":"Organization","@id":"https:\/\/www.facecorner.lv\/#organization","name":"Facecorner","url":"https:\/\/www.facecorner.lv\/","logo":{"@type":"ImageObject","inLanguage":"en-US","@id":"https:\/\/www.facecorner.lv\/#\/schema\/logo\/image\/","url":"https:\/\/www.facecorner.lv\/wp-content\/uploads\/2024\/04\/fc-logo.jpg","contentUrl":"https:\/\/www.facecorner.lv\/wp-content\/uploads\/2024\/04\/fc-logo.jpg","width":174,"height":28,"caption":"Facecorner"},"image":{"@id":"https:\/\/www.facecorner.lv\/#\/schema\/logo\/image\/"},"sameAs":["https:\/\/www.facebook.com\/profile.php?id=100063824551839","https:\/\/www.instagram.com\/facecorner_shop\/"]}]},"product_price_amount":"21.95","product_price_currency":"EUR","og_availability":"instock","product_availability":"instock","product_condition":"new"},"_links":{"self":[{"href":"https:\/\/www.facecorner.lv\/en\/wp-json\/wp\/v2\/product\/27268","targetHints":{"allow":["GET"]}}],"collection":[{"href":"https:\/\/www.facecorner.lv\/en\/wp-json\/wp\/v2\/product"}],"about":[{"href":"https:\/\/www.facecorner.lv\/en\/wp-json\/wp\/v2\/types\/product"}],"replies":[{"embeddable":true,"href":"https:\/\/www.facecorner.lv\/en\/wp-json\/wp\/v2\/comments?post=27268"}],"wp:featuredmedia":[{"embeddable":true,"href":"https:\/\/www.facecorner.lv\/en\/wp-json\/wp\/v2\/media\/27269"}],"wp:attachment":[{"href":"https:\/\/www.facecorner.lv\/en\/wp-json\/wp\/v2\/media?parent=27268"}],"wp:term":[{"taxonomy":"product_brand","embeddable":true,"href":"https:\/\/www.facecorner.lv\/en\/wp-json\/wp\/v2\/product_brand?post=27268"},{"taxonomy":"product_cat","embeddable":true,"href":"https:\/\/www.facecorner.lv\/en\/wp-json\/wp\/v2\/product_cat?post=27268"},{"taxonomy":"product_tag","embeddable":true,"href":"https:\/\/www.facecorner.lv\/en\/wp-json\/wp\/v2\/product_tag?post=27268"},{"taxonomy":"berocket_brand","embeddable":true,"href":"https:\/\/www.facecorner.lv\/en\/wp-json\/wp\/v2\/berocket_brand?post=27268"}],"curies":[{"name":"wp","href":"https:\/\/api.w.org\/{rel}","templated":true}]}}