{"id":27264,"date":"2026-03-20T16:27:23","date_gmt":"2026-03-20T13:27:23","guid":{"rendered":"https:\/\/www.facecorner.lv\/?post_type=product&#038;p=27264"},"modified":"2026-04-30T09:01:16","modified_gmt":"2026-04-30T06:01:16","slug":"medipeel-phyto-ex-pdrn-melting-glow-lip-sleeping-mask-11g","status":"publish","type":"product","link":"https:\/\/www.facecorner.lv\/en\/shop\/medipeel-phyto-ex-pdrn-melting-glow-lip-sleeping-mask-11g\/","title":{"rendered":"MEDIPEEL Phyto EX PDRN Melting Glow Lip Sleeping Mask nakts maska l\u016bp\u0101m  11g"},"content":{"rendered":"<p><span class=\"hover:entity-accent entity-underline inline cursor-pointer align-baseline\"><span class=\"whitespace-normal\">MEDIPEEL<\/span><\/span> Phyto EX PDRN Melting Glow Lip Sleeping Mask nakts maska l\u016bp\u0101m ar \u201ek\u016bsto\u0161\u0101 mirdzuma\u201c efektu, kas jau p\u0113c pirm\u0101s lieto\u0161anas reizes intens\u012bvi atjauno, baro un vizu\u0101li palielina l\u016bpu apjomu.<\/p>\n<p>Formula ar inovat\u012bvo PDRN (polinukleot\u012bdu) kompleksu un augu izcelsmes eksosom\u0101m akt\u012bvi mitrina, uzlabo l\u016bpu \u0101das tekst\u016bru un atgrie\u017e t\u0101m dabisko mirdzumu. Pateicoties bag\u0101t\u012bgajam sast\u0101vam ar pept\u012bdiem un hialuronsk\u0101bi, maska izl\u012bdzina s\u012bk\u0101s grumbi\u0146as un padara l\u016bpas m\u012bkst\u0101kas un piln\u012bg\u0101kas.<\/p>\n<p>Maig\u0101 balzama tekst\u016bra burtiski \u00abk\u016bst\u00bb uz l\u016bp\u0101m, radot pat\u012bkamu p\u0101rkl\u0101jumu bez lip\u012bguma un nodro\u0161inot dzi\u013cu atjauno\u0161anos visas nakts garum\u0101.<\/p>\n<h6>Galven\u0101s priek\u0161roc\u012bbas:<\/h6>\n<ul>\n<li>Dzi\u013ci mitrina un baro sausas l\u016bpas<\/li>\n<li>Nodro\u0161ina gludumu un vizu\u0101li palielina apjomu<\/li>\n<li>Izl\u012bdzina s\u012bk\u0101s grumbi\u0146as<\/li>\n<li>Maiga eksfoliacija ar fermentu (prote\u0101zes) pal\u012bdz\u012bbu<\/li>\n<li>Vesel\u012bgs mirdzums un kopts izskats<\/li>\n<\/ul>\n<p><strong>How to use:\nAfter cleansing and toning, place the mask sheet on your face and let it rest for 30 minutes.<\/strong> Pirms gul\u0113tie\u0161anas uzkl\u0101jiet uz l\u016bp\u0101m biezu maskas sl\u0101ni. No r\u012bta no\u0146emiet atlikumus vai izl\u012bdziniet tos k\u0101 barojo\u0161u balzamu.<\/p>\n<p><strong>Sast\u0101vs:<\/strong>Hydrogenated Polyisobutene, Dicaprylyl Carbonate, Hydrogenated Polydecene, Ethylene\/Propylene\/Styrene Copolymer, Macadamia Integrifolia Seed Oil, Caprylic\/Capric Triglyceride, Butylene\/Ethylene\/Styrene Copolymer, Ethylhexylglycerin, Lithospermum Erythrorhizon Root Extract, Butylene Glycol, Caprylyl Glycol, Pentylene Glycol, Hydroxyacetophenone, Pentaerythrityl Tetra-Di-T-Butyl Hydroxyhydrocinnamate, Vanillyl Butyl Ether, Tocopherol, Aqua (Water), Glycerin, Oryza Sativa (Rice) Bran Oil, 1,2-Hexanediol, Ceramide NP, Hydrogenated Lecithin, Polyglyceryl-10 Stearate, Phytosphingosine, Sodium Hyaluronate, Prunus Salicina Fruit Extract, Panthenol, Rubus Idaeus (Raspberry) Fruit Extract, Punica Granatum Fruit Extract, Sodium Ascorbyl Phosphate, Fragaria Vesca (Strawberry) Fruit Extract, Prunus Persica (Peach) Fruit Extract, Protease, Niacinamide, Potassium Hyaluronate, Hydroxypropyltrimonium Hyaluronate, Hydrolyzed Sodium Hyaluronate, Hydrolyzed Hyaluronic Acid, Hyaluronic Acid, Sodium Hyaluronate Crosspolymer, Biotin, Sodium Acetylated Hyaluronate, Pyridoxine, Acetyl Hexapeptide-8, Carnosine, Glutathione, Acetyl Tetrapeptide-3, Acetyl Tetrapeptide-5, Copper Tripeptide-1, Malus Domestica Fruit Cell Culture Extract, Cyanocobalamin, Palmitoyl Tetrapeptide-7, Palmitoyl Tripeptide-1, Palmitoyl Tripeptide-5, Palmitoyl Pentapeptide-4, Riboflavin, Beta-Carotene, Nelumbo Nucifera Leaf Extract, Thiamine HCl, Sodium DNA, Fragrance (Parfum)<\/p>\n<p>&nbsp;<\/p>","protected":false},"excerpt":{"rendered":"<p><span class=\"hover:entity-accent entity-underline inline cursor-pointer align-baseline\"><span class=\"whitespace-normal\">MEDIPEEL<\/span><\/span> Phyto EX PDRN Melting Glow Lip Sleeping Mask nakts maska l\u016bp\u0101m ar \u201ek\u016bsto\u0161\u0101 mirdzuma\u201c efektu, kas jau p\u0113c pirm\u0101s lieto\u0161anas reizes intens\u012bvi atjauno, baro un vizu\u0101li palielina l\u016bpu apjomu.<\/p>","protected":false},"featured_media":27265,"comment_status":"open","ping_status":"closed","template":"","meta":{"site-sidebar-layout":"default","site-content-layout":"","ast-site-content-layout":"default","site-content-style":"default","site-sidebar-style":"default","ast-global-header-display":"","ast-banner-title-visibility":"","ast-main-header-display":"","ast-hfb-above-header-display":"","ast-hfb-below-header-display":"","ast-hfb-mobile-header-display":"","site-post-title":"","ast-breadcrumbs-content":"","ast-featured-img":"","footer-sml-layout":"","theme-transparent-header-meta":"default","adv-header-id-meta":"","stick-header-meta":"","header-above-stick-meta":"","header-main-stick-meta":"","header-below-stick-meta":"","astra-migrate-meta-layouts":"set","ast-page-background-enabled":"default","ast-page-background-meta":{"desktop":{"background-color":"var(--ast-global-color-4)","background-image":"","background-repeat":"repeat","background-position":"center center","background-size":"auto","background-attachment":"scroll","background-type":"","background-media":"","overlay-type":"","overlay-color":"","overlay-opacity":"","overlay-gradient":""},"tablet":{"background-color":"","background-image":"","background-repeat":"repeat","background-position":"center center","background-size":"auto","background-attachment":"scroll","background-type":"","background-media":"","overlay-type":"","overlay-color":"","overlay-opacity":"","overlay-gradient":""},"mobile":{"background-color":"","background-image":"","background-repeat":"repeat","background-position":"center center","background-size":"auto","background-attachment":"scroll","background-type":"","background-media":"","overlay-type":"","overlay-color":"","overlay-opacity":"","overlay-gradient":""}},"ast-content-background-meta":{"desktop":{"background-color":"var(--ast-global-color-5)","background-image":"","background-repeat":"repeat","background-position":"center center","background-size":"auto","background-attachment":"scroll","background-type":"","background-media":"","overlay-type":"","overlay-color":"","overlay-opacity":"","overlay-gradient":""},"tablet":{"background-color":"var(--ast-global-color-5)","background-image":"","background-repeat":"repeat","background-position":"center center","background-size":"auto","background-attachment":"scroll","background-type":"","background-media":"","overlay-type":"","overlay-color":"","overlay-opacity":"","overlay-gradient":""},"mobile":{"background-color":"var(--ast-global-color-5)","background-image":"","background-repeat":"repeat","background-position":"center center","background-size":"auto","background-attachment":"scroll","background-type":"","background-media":"","overlay-type":"","overlay-color":"","overlay-opacity":"","overlay-gradient":""}}},"product_brand":[],"product_cat":[320,652],"product_tag":[],"berocket_brand":[583],"class_list":{"0":"post-27264","1":"product","2":"type-product","3":"status-publish","4":"has-post-thumbnail","6":"product_cat-lupu-kopsana","7":"product_cat-pdrn","8":"berocket_brand-medi-peel","9":"desktop-align-left","10":"tablet-align-left","11":"mobile-align-left","13":"first","14":"outofstock","15":"taxable","16":"shipping-taxable","17":"purchasable","18":"product-type-simple","19":"add-to-wishlist-before_image"},"yoast_head":"<!-- This site is optimized with the Yoast SEO plugin v27.4 - https:\/\/yoast.com\/product\/yoast-seo-wordpress\/ -->\n<title>MEDIPEEL Phyto EX PDRN Melting Glow Lip Sleeping Mask nakts maska l\u016bp\u0101m 11g - FACECORNER<\/title>\n<meta name=\"description\" content=\"MEDIPEEL Phyto EX PDRN Melting Glow Lip Sleeping Mask nakts maska l\u016bp\u0101m ar \u201ek\u016bsto\u0161\u0101 mirdzuma\u201c efektu, kas jau p\u0113c pirm\u0101s lieto\u0161anas reizes intens\u012bvi atjauno, baro un vizu\u0101li palielina l\u016bpu apjomu.\" \/>\n<meta name=\"robots\" content=\"index, follow, max-snippet:-1, max-image-preview:large, max-video-preview:-1\" \/>\n<link rel=\"canonical\" href=\"https:\/\/www.facecorner.lv\/en\/shop\/medipeel-phyto-ex-pdrn-melting-glow-lip-sleeping-mask-11g\/\" \/>\n<meta property=\"og:locale\" content=\"en_US\" \/>\n<meta property=\"og:type\" content=\"article\" \/>\n<meta property=\"og:title\" content=\"MEDIPEEL Phyto EX PDRN Melting Glow Lip Sleeping Mask nakts maska l\u016bp\u0101m 11g - FACECORNER\" \/>\n<meta property=\"og:description\" content=\"MEDIPEEL Phyto EX PDRN Melting Glow Lip Sleeping Mask nakts maska l\u016bp\u0101m ar \u201ek\u016bsto\u0161\u0101 mirdzuma\u201c efektu, kas jau p\u0113c pirm\u0101s lieto\u0161anas reizes intens\u012bvi atjauno, baro un vizu\u0101li palielina l\u016bpu apjomu.\" \/>\n<meta property=\"og:url\" content=\"https:\/\/www.facecorner.lv\/en\/shop\/medipeel-phyto-ex-pdrn-melting-glow-lip-sleeping-mask-11g\/\" \/>\n<meta property=\"og:site_name\" content=\"FACECORNER\" \/>\n<meta property=\"article:publisher\" content=\"https:\/\/www.facebook.com\/profile.php?id=100063824551839\" \/>\n<meta property=\"article:modified_time\" content=\"2026-04-30T06:01:16+00:00\" \/>\n<meta property=\"og:image\" content=\"https:\/\/www.facecorner.lv\/wp-content\/uploads\/2026\/03\/EXPDRN___1_1200x1200.webp\" \/>\n\t<meta property=\"og:image:width\" content=\"1200\" \/>\n\t<meta property=\"og:image:height\" content=\"1200\" \/>\n\t<meta property=\"og:image:type\" content=\"image\/webp\" \/>\n<meta name=\"twitter:card\" content=\"summary_large_image\" \/>\n<meta name=\"twitter:label1\" content=\"Price\" \/>\n\t<meta name=\"twitter:data1\" content=\"&euro;12.95\" \/>\n\t<meta name=\"twitter:label2\" content=\"Availability\" \/>\n\t<meta name=\"twitter:data2\" content=\"Out of stock\" \/>\n<script type=\"application\/ld+json\" class=\"yoast-schema-graph\">{\"@context\":\"https:\\\/\\\/schema.org\",\"@graph\":[{\"@type\":\"WebPage\",\"@id\":\"https:\\\/\\\/www.facecorner.lv\\\/shop\\\/medipeel-phyto-ex-pdrn-melting-glow-lip-sleeping-mask-11g\\\/\",\"url\":\"https:\\\/\\\/www.facecorner.lv\\\/shop\\\/medipeel-phyto-ex-pdrn-melting-glow-lip-sleeping-mask-11g\\\/\",\"name\":\"MEDIPEEL Phyto EX PDRN Melting Glow Lip Sleeping Mask nakts maska l\u016bp\u0101m 11g - FACECORNER\",\"isPartOf\":{\"@id\":\"https:\\\/\\\/www.facecorner.lv\\\/#website\"},\"primaryImageOfPage\":{\"@id\":\"https:\\\/\\\/www.facecorner.lv\\\/shop\\\/medipeel-phyto-ex-pdrn-melting-glow-lip-sleeping-mask-11g\\\/#primaryimage\"},\"image\":{\"@id\":\"https:\\\/\\\/www.facecorner.lv\\\/shop\\\/medipeel-phyto-ex-pdrn-melting-glow-lip-sleeping-mask-11g\\\/#primaryimage\"},\"thumbnailUrl\":\"https:\\\/\\\/www.facecorner.lv\\\/wp-content\\\/uploads\\\/2026\\\/03\\\/EXPDRN___1_1200x1200.webp\",\"datePublished\":\"2026-03-20T13:27:23+00:00\",\"dateModified\":\"2026-04-30T06:01:16+00:00\",\"description\":\"MEDIPEEL Phyto EX PDRN Melting Glow Lip Sleeping Mask nakts maska l\u016bp\u0101m ar \u201ek\u016bsto\u0161\u0101 mirdzuma\u201c efektu, kas jau p\u0113c pirm\u0101s lieto\u0161anas reizes intens\u012bvi atjauno, baro un vizu\u0101li palielina l\u016bpu apjomu.\",\"breadcrumb\":{\"@id\":\"https:\\\/\\\/www.facecorner.lv\\\/shop\\\/medipeel-phyto-ex-pdrn-melting-glow-lip-sleeping-mask-11g\\\/#breadcrumb\"},\"inLanguage\":\"en-US\",\"potentialAction\":[{\"@type\":\"ReadAction\",\"target\":[\"https:\\\/\\\/www.facecorner.lv\\\/shop\\\/medipeel-phyto-ex-pdrn-melting-glow-lip-sleeping-mask-11g\\\/\"]}]},{\"@type\":\"ImageObject\",\"inLanguage\":\"en-US\",\"@id\":\"https:\\\/\\\/www.facecorner.lv\\\/shop\\\/medipeel-phyto-ex-pdrn-melting-glow-lip-sleeping-mask-11g\\\/#primaryimage\",\"url\":\"https:\\\/\\\/www.facecorner.lv\\\/wp-content\\\/uploads\\\/2026\\\/03\\\/EXPDRN___1_1200x1200.webp\",\"contentUrl\":\"https:\\\/\\\/www.facecorner.lv\\\/wp-content\\\/uploads\\\/2026\\\/03\\\/EXPDRN___1_1200x1200.webp\",\"width\":1200,\"height\":1200,\"caption\":\"MEDIPEEL Phyto EX PDRN Melting Glow Lip Sleeping Mask\"},{\"@type\":\"BreadcrumbList\",\"@id\":\"https:\\\/\\\/www.facecorner.lv\\\/shop\\\/medipeel-phyto-ex-pdrn-melting-glow-lip-sleeping-mask-11g\\\/#breadcrumb\",\"itemListElement\":[{\"@type\":\"ListItem\",\"position\":1,\"name\":\"Home\",\"item\":\"https:\\\/\\\/www.facecorner.lv\\\/\"},{\"@type\":\"ListItem\",\"position\":2,\"name\":\"Veikals\",\"item\":\"https:\\\/\\\/www.facecorner.lv\\\/shop\\\/\"},{\"@type\":\"ListItem\",\"position\":3,\"name\":\"MEDIPEEL Phyto EX PDRN Melting Glow Lip Sleeping Mask nakts maska l\u016bp\u0101m 11g\"}]},{\"@type\":\"WebSite\",\"@id\":\"https:\\\/\\\/www.facecorner.lv\\\/#website\",\"url\":\"https:\\\/\\\/www.facecorner.lv\\\/\",\"name\":\"Facecorner\",\"description\":\"\",\"publisher\":{\"@id\":\"https:\\\/\\\/www.facecorner.lv\\\/#organization\"},\"potentialAction\":[{\"@type\":\"SearchAction\",\"target\":{\"@type\":\"EntryPoint\",\"urlTemplate\":\"https:\\\/\\\/www.facecorner.lv\\\/?s={search_term_string}\"},\"query-input\":{\"@type\":\"PropertyValueSpecification\",\"valueRequired\":true,\"valueName\":\"search_term_string\"}}],\"inLanguage\":\"en-US\"},{\"@type\":\"Organization\",\"@id\":\"https:\\\/\\\/www.facecorner.lv\\\/#organization\",\"name\":\"Facecorner\",\"url\":\"https:\\\/\\\/www.facecorner.lv\\\/\",\"logo\":{\"@type\":\"ImageObject\",\"inLanguage\":\"en-US\",\"@id\":\"https:\\\/\\\/www.facecorner.lv\\\/#\\\/schema\\\/logo\\\/image\\\/\",\"url\":\"https:\\\/\\\/www.facecorner.lv\\\/wp-content\\\/uploads\\\/2024\\\/04\\\/fc-logo.jpg\",\"contentUrl\":\"https:\\\/\\\/www.facecorner.lv\\\/wp-content\\\/uploads\\\/2024\\\/04\\\/fc-logo.jpg\",\"width\":174,\"height\":28,\"caption\":\"Facecorner\"},\"image\":{\"@id\":\"https:\\\/\\\/www.facecorner.lv\\\/#\\\/schema\\\/logo\\\/image\\\/\"},\"sameAs\":[\"https:\\\/\\\/www.facebook.com\\\/profile.php?id=100063824551839\",\"https:\\\/\\\/www.instagram.com\\\/facecorner_shop\\\/\"]}]}<\/script>\n<meta property=\"product:price:amount\" content=\"12.95\" \/>\n<meta property=\"product:price:currency\" content=\"EUR\" \/>\n<meta property=\"og:availability\" content=\"out of stock\" \/>\n<meta property=\"product:availability\" content=\"out of stock\" \/>\n<meta property=\"product:condition\" content=\"new\" \/>\n<!-- \/ Yoast SEO plugin. -->","yoast_head_json":{"title":"MEDIPEEL Phyto EX PDRN Melting Glow Lip Sleeping Mask nakts maska l\u016bp\u0101m 11g - FACECORNER","description":"MEDIPEEL Phyto EX PDRN Melting Glow Lip Sleeping Mask nakts maska l\u016bp\u0101m ar \u201ek\u016bsto\u0161\u0101 mirdzuma\u201c efektu, kas jau p\u0113c pirm\u0101s lieto\u0161anas reizes intens\u012bvi atjauno, baro un vizu\u0101li palielina l\u016bpu apjomu.","robots":{"index":"index","follow":"follow","max-snippet":"max-snippet:-1","max-image-preview":"max-image-preview:large","max-video-preview":"max-video-preview:-1"},"canonical":"https:\/\/www.facecorner.lv\/en\/shop\/medipeel-phyto-ex-pdrn-melting-glow-lip-sleeping-mask-11g\/","og_locale":"en_US","og_type":"article","og_title":"MEDIPEEL Phyto EX PDRN Melting Glow Lip Sleeping Mask nakts maska l\u016bp\u0101m 11g - FACECORNER","og_description":"MEDIPEEL Phyto EX PDRN Melting Glow Lip Sleeping Mask nakts maska l\u016bp\u0101m ar \u201ek\u016bsto\u0161\u0101 mirdzuma\u201c efektu, kas jau p\u0113c pirm\u0101s lieto\u0161anas reizes intens\u012bvi atjauno, baro un vizu\u0101li palielina l\u016bpu apjomu.","og_url":"https:\/\/www.facecorner.lv\/en\/shop\/medipeel-phyto-ex-pdrn-melting-glow-lip-sleeping-mask-11g\/","og_site_name":"FACECORNER","article_publisher":"https:\/\/www.facebook.com\/profile.php?id=100063824551839","article_modified_time":"2026-04-30T06:01:16+00:00","og_image":[{"width":1200,"height":1200,"url":"https:\/\/www.facecorner.lv\/wp-content\/uploads\/2026\/03\/EXPDRN___1_1200x1200.webp","type":"image\/webp"}],"twitter_card":"summary_large_image","twitter_misc":{"Price":"&euro;12.95","Availability":"Out of stock"},"schema":{"@context":"https:\/\/schema.org","@graph":[{"@type":"WebPage","@id":"https:\/\/www.facecorner.lv\/shop\/medipeel-phyto-ex-pdrn-melting-glow-lip-sleeping-mask-11g\/","url":"https:\/\/www.facecorner.lv\/shop\/medipeel-phyto-ex-pdrn-melting-glow-lip-sleeping-mask-11g\/","name":"MEDIPEEL Phyto EX PDRN Melting Glow Lip Sleeping Mask nakts maska l\u016bp\u0101m 11g - FACECORNER","isPartOf":{"@id":"https:\/\/www.facecorner.lv\/#website"},"primaryImageOfPage":{"@id":"https:\/\/www.facecorner.lv\/shop\/medipeel-phyto-ex-pdrn-melting-glow-lip-sleeping-mask-11g\/#primaryimage"},"image":{"@id":"https:\/\/www.facecorner.lv\/shop\/medipeel-phyto-ex-pdrn-melting-glow-lip-sleeping-mask-11g\/#primaryimage"},"thumbnailUrl":"https:\/\/www.facecorner.lv\/wp-content\/uploads\/2026\/03\/EXPDRN___1_1200x1200.webp","datePublished":"2026-03-20T13:27:23+00:00","dateModified":"2026-04-30T06:01:16+00:00","description":"MEDIPEEL Phyto EX PDRN Melting Glow Lip Sleeping Mask nakts maska l\u016bp\u0101m ar \u201ek\u016bsto\u0161\u0101 mirdzuma\u201c efektu, kas jau p\u0113c pirm\u0101s lieto\u0161anas reizes intens\u012bvi atjauno, baro un vizu\u0101li palielina l\u016bpu apjomu.","breadcrumb":{"@id":"https:\/\/www.facecorner.lv\/shop\/medipeel-phyto-ex-pdrn-melting-glow-lip-sleeping-mask-11g\/#breadcrumb"},"inLanguage":"en-US","potentialAction":[{"@type":"ReadAction","target":["https:\/\/www.facecorner.lv\/shop\/medipeel-phyto-ex-pdrn-melting-glow-lip-sleeping-mask-11g\/"]}]},{"@type":"ImageObject","inLanguage":"en-US","@id":"https:\/\/www.facecorner.lv\/shop\/medipeel-phyto-ex-pdrn-melting-glow-lip-sleeping-mask-11g\/#primaryimage","url":"https:\/\/www.facecorner.lv\/wp-content\/uploads\/2026\/03\/EXPDRN___1_1200x1200.webp","contentUrl":"https:\/\/www.facecorner.lv\/wp-content\/uploads\/2026\/03\/EXPDRN___1_1200x1200.webp","width":1200,"height":1200,"caption":"MEDIPEEL Phyto EX PDRN Melting Glow Lip Sleeping Mask"},{"@type":"BreadcrumbList","@id":"https:\/\/www.facecorner.lv\/shop\/medipeel-phyto-ex-pdrn-melting-glow-lip-sleeping-mask-11g\/#breadcrumb","itemListElement":[{"@type":"ListItem","position":1,"name":"Home","item":"https:\/\/www.facecorner.lv\/"},{"@type":"ListItem","position":2,"name":"Veikals","item":"https:\/\/www.facecorner.lv\/shop\/"},{"@type":"ListItem","position":3,"name":"MEDIPEEL Phyto EX PDRN Melting Glow Lip Sleeping Mask nakts maska l\u016bp\u0101m 11g"}]},{"@type":"WebSite","@id":"https:\/\/www.facecorner.lv\/#website","url":"https:\/\/www.facecorner.lv\/","name":"Facecorner","description":"","publisher":{"@id":"https:\/\/www.facecorner.lv\/#organization"},"potentialAction":[{"@type":"SearchAction","target":{"@type":"EntryPoint","urlTemplate":"https:\/\/www.facecorner.lv\/?s={search_term_string}"},"query-input":{"@type":"PropertyValueSpecification","valueRequired":true,"valueName":"search_term_string"}}],"inLanguage":"en-US"},{"@type":"Organization","@id":"https:\/\/www.facecorner.lv\/#organization","name":"Facecorner","url":"https:\/\/www.facecorner.lv\/","logo":{"@type":"ImageObject","inLanguage":"en-US","@id":"https:\/\/www.facecorner.lv\/#\/schema\/logo\/image\/","url":"https:\/\/www.facecorner.lv\/wp-content\/uploads\/2024\/04\/fc-logo.jpg","contentUrl":"https:\/\/www.facecorner.lv\/wp-content\/uploads\/2024\/04\/fc-logo.jpg","width":174,"height":28,"caption":"Facecorner"},"image":{"@id":"https:\/\/www.facecorner.lv\/#\/schema\/logo\/image\/"},"sameAs":["https:\/\/www.facebook.com\/profile.php?id=100063824551839","https:\/\/www.instagram.com\/facecorner_shop\/"]}]},"product_price_amount":"12.95","product_price_currency":"EUR","og_availability":"out of stock","product_availability":"out of stock","product_condition":"new"},"_links":{"self":[{"href":"https:\/\/www.facecorner.lv\/en\/wp-json\/wp\/v2\/product\/27264","targetHints":{"allow":["GET"]}}],"collection":[{"href":"https:\/\/www.facecorner.lv\/en\/wp-json\/wp\/v2\/product"}],"about":[{"href":"https:\/\/www.facecorner.lv\/en\/wp-json\/wp\/v2\/types\/product"}],"replies":[{"embeddable":true,"href":"https:\/\/www.facecorner.lv\/en\/wp-json\/wp\/v2\/comments?post=27264"}],"wp:featuredmedia":[{"embeddable":true,"href":"https:\/\/www.facecorner.lv\/en\/wp-json\/wp\/v2\/media\/27265"}],"wp:attachment":[{"href":"https:\/\/www.facecorner.lv\/en\/wp-json\/wp\/v2\/media?parent=27264"}],"wp:term":[{"taxonomy":"product_brand","embeddable":true,"href":"https:\/\/www.facecorner.lv\/en\/wp-json\/wp\/v2\/product_brand?post=27264"},{"taxonomy":"product_cat","embeddable":true,"href":"https:\/\/www.facecorner.lv\/en\/wp-json\/wp\/v2\/product_cat?post=27264"},{"taxonomy":"product_tag","embeddable":true,"href":"https:\/\/www.facecorner.lv\/en\/wp-json\/wp\/v2\/product_tag?post=27264"},{"taxonomy":"berocket_brand","embeddable":true,"href":"https:\/\/www.facecorner.lv\/en\/wp-json\/wp\/v2\/berocket_brand?post=27264"}],"curies":[{"name":"wp","href":"https:\/\/api.w.org\/{rel}","templated":true}]}}