{"id":27245,"date":"2026-03-18T17:39:25","date_gmt":"2026-03-18T14:39:25","guid":{"rendered":"https:\/\/www.facecorner.lv\/?post_type=product&#038;p=27245"},"modified":"2026-04-11T11:36:43","modified_gmt":"2026-04-11T08:36:43","slug":"arencia-retinal-boosting-eye-mask-patci-ar-retinolu-un-peptidu-kompleksu-60ea","status":"publish","type":"product","link":"https:\/\/www.facecorner.lv\/en\/shop\/arencia-retinal-boosting-eye-mask-patci-ar-retinolu-un-peptidu-kompleksu-60ea\/","title":{"rendered":"Arencia Retinal Boosting Eye Mask pat\u010di  ar retinolu un pept\u012bdu kompleksu 60ea"},"content":{"rendered":"<p>Arencia Retinal Boosting Eye Mask ir hidro\u0123el\u0101 iem\u0113rc\u0113ti pl\u0101ksteri, kas bag\u0101t\u012bgi pies\u0101tin\u0101ti ar akt\u012bvaj\u0101m sast\u0101vda\u013c\u0101m, tostarp retinolu, pept\u012bdiem, hialuronsk\u0101bi un keram\u012bdiem.<\/p>\n<p>Tie maigi atjauno un nostiprina pl\u0101no \u0101du ap ac\u012bm, samazina piet\u016bkumu un tum\u0161os lokus, nodro\u0161inot \u201emirdzo\u0161u acu\u201c efektu jau p\u0113c pirm\u0101s lieto\u0161anas reizes.<\/p>\n<h6>Galven\u0101s priek\u0161roc\u012bbas:<\/h6>\n<ul>\n<li>Izl\u012bdzina s\u012bk\u0101s grumbi\u0146as un \u201ep\u012bles k\u0101ji\u0146as\u201d<\/li>\n<li>Uzlabo \u0101das ap ac\u012bm stingr\u012bbu un elast\u012bbu<\/li>\n<li>Samazina piet\u016bkumu un tum\u0161os lokus<\/li>\n<li>Intens\u012bvi mitrina un baro<\/li>\n<li>Veicina \u0101das re\u0123ener\u0101ciju un stiprin\u0101\u0161anu, pateicoties retin\u0101lajam un pept\u012bdiem<\/li>\n<\/ul>\n<p><strong>Main active ingredients:<\/strong><\/p>\n<ul>\n<li>Retinal \u2014 stimul\u0113 \u0161\u016bnu atjauno\u0161anos, izl\u012bdzina grumbi\u0146as<\/li>\n<li>Pept\u012bdi (Tripeptide\u20111, Palmitoyl Tripeptide\u20111, Acetyl Tetrapeptide\u20115 u. c.) \u2014 uzlabo \u0101das elast\u012bbu un nostiprina to<\/li>\n<li>N\u0101trija hialuron\u0101ts \u2014 dzi\u013ci mitrina un saglab\u0101 mitrumu<\/li>\n<li>Ceramide NP \u2014 atjauno \u0101das barjeru<\/li>\n<li>Niacinam\u012bds \u2014 izgaismo un izl\u012bdzina \u0101das toni<\/li>\n<li>Kofe\u012bns \u2014 samazina piet\u016bkumu un tum\u0161os lokus<\/li>\n<\/ul>\n<p><strong>How to use:\nAfter cleansing and toning, place the mask sheet on your face and let it rest for 30 minutes. <\/strong>Not\u012briet \u0101du ap ac\u012bm.Uzlieciet acu pl\u0101ksterus un atst\u0101jiet tos uz 15\u201320 min\u016bt\u0113m.No\u0146emiet pl\u0101ksterus un maigi iemas\u0113jiet seruma atlikumus \u0101d\u0101.<\/p>\n<p><strong>Sast\u0101vs<\/strong>: Water, Glycerin, Dipropylene Glycol, Niacinamide, Ceratonia Siliqua (Carob) Gum, Methylpropanediol, Chondrus Crispus Powder, Betaine, Chondrus Crispus, Panthenol, Cellulose Gum, Hydroxyacetophenone, Sodium Polyacrylate, Caprylyl Glycol, Potassium Chloride, Polyglyceryl\u201110 Laurate, Allantoin, Sodium Phytate, Ethylhexylglycerin, Sucrose, Adenosine, Pantolactone, Dipotassium Glycyrrhizate, Ectoin, Caffeine, Dextrin, Gardenia Florida Fruit Extract, Theobroma Cacao (Cocoa) Extract, Retinal, Ceramide\u202fNP, Butylene Glycol, 1,2\u2011Hexanediol, Oryza Sativa (Rice) Extract, Sodium DNA, Sodium Hyaluronate, Tripeptide\u20111, Hydrolyzed Rice Protein, Acetyl Tetrapeptide\u20112, Acetyl Tetrapeptide\u20115, Copper Tripeptide\u20111, Palmitoyl Tripeptide\u20111, Palmitoyl Pentapeptide\u20114, Hexapeptide\u201111, Hexapeptide\u20119, Glycine, Glutamic Acid, Arginine, Collagen Extract, Palmitoyl Tripeptide\u20115.<\/p>","protected":false},"excerpt":{"rendered":"<p>Arencia Retinal Boosting Eye Mask ir hidro\u0123el\u0101 iem\u0113rc\u0113ti pl\u0101ksteri, kas bag\u0101t\u012bgi pies\u0101tin\u0101ti ar akt\u012bvaj\u0101m sast\u0101vda\u013c\u0101m, tostarp retinolu, pept\u012bdiem, hialuronsk\u0101bi un keram\u012bdiem. Tie maigi atjauno un nostiprina pl\u0101no \u0101du ap ac\u012bm, samazina piet\u016bkumu un tum\u0161os lokus, nodro\u0161inot \u201emirdzo\u0161u acu\u201c efektu jau p\u0113c pirm\u0101s lieto\u0161anas reizes. Galven\u0101s priek\u0161roc\u012bbas: Izl\u012bdzina s\u012bk\u0101s grumbi\u0146as un \u201ep\u012bles k\u0101ji\u0146as\u201d Uzlabo \u0101das ap [&hellip;]<\/p>\n","protected":false},"featured_media":27246,"comment_status":"open","ping_status":"closed","template":"","meta":{"site-sidebar-layout":"default","site-content-layout":"","ast-site-content-layout":"default","site-content-style":"default","site-sidebar-style":"default","ast-global-header-display":"","ast-banner-title-visibility":"","ast-main-header-display":"","ast-hfb-above-header-display":"","ast-hfb-below-header-display":"","ast-hfb-mobile-header-display":"","site-post-title":"","ast-breadcrumbs-content":"","ast-featured-img":"","footer-sml-layout":"","theme-transparent-header-meta":"default","adv-header-id-meta":"","stick-header-meta":"","header-above-stick-meta":"","header-main-stick-meta":"","header-below-stick-meta":"","astra-migrate-meta-layouts":"set","ast-page-background-enabled":"default","ast-page-background-meta":{"desktop":{"background-color":"var(--ast-global-color-4)","background-image":"","background-repeat":"repeat","background-position":"center center","background-size":"auto","background-attachment":"scroll","background-type":"","background-media":"","overlay-type":"","overlay-color":"","overlay-opacity":"","overlay-gradient":""},"tablet":{"background-color":"","background-image":"","background-repeat":"repeat","background-position":"center center","background-size":"auto","background-attachment":"scroll","background-type":"","background-media":"","overlay-type":"","overlay-color":"","overlay-opacity":"","overlay-gradient":""},"mobile":{"background-color":"","background-image":"","background-repeat":"repeat","background-position":"center center","background-size":"auto","background-attachment":"scroll","background-type":"","background-media":"","overlay-type":"","overlay-color":"","overlay-opacity":"","overlay-gradient":""}},"ast-content-background-meta":{"desktop":{"background-color":"var(--ast-global-color-5)","background-image":"","background-repeat":"repeat","background-position":"center center","background-size":"auto","background-attachment":"scroll","background-type":"","background-media":"","overlay-type":"","overlay-color":"","overlay-opacity":"","overlay-gradient":""},"tablet":{"background-color":"var(--ast-global-color-5)","background-image":"","background-repeat":"repeat","background-position":"center center","background-size":"auto","background-attachment":"scroll","background-type":"","background-media":"","overlay-type":"","overlay-color":"","overlay-opacity":"","overlay-gradient":""},"mobile":{"background-color":"var(--ast-global-color-5)","background-image":"","background-repeat":"repeat","background-position":"center center","background-size":"auto","background-attachment":"scroll","background-type":"","background-media":"","overlay-type":"","overlay-color":"","overlay-opacity":"","overlay-gradient":""}}},"product_brand":[],"product_cat":[327],"product_tag":[],"berocket_brand":[635],"class_list":{"0":"post-27245","1":"product","2":"type-product","3":"status-publish","4":"has-post-thumbnail","6":"product_cat-patci","7":"berocket_brand-arencia","8":"desktop-align-left","9":"tablet-align-left","10":"mobile-align-left","12":"first","13":"outofstock","14":"taxable","15":"shipping-taxable","16":"purchasable","17":"product-type-simple","18":"add-to-wishlist-before_image"},"yoast_head":"<!-- This site is optimized with the Yoast SEO plugin v27.4 - https:\/\/yoast.com\/product\/yoast-seo-wordpress\/ -->\n<title>Arencia Retinal Boosting Eye Mask pat\u010di ar retinolu un pept\u012bdu kompleksu 60ea - FACECORNER<\/title>\n<meta name=\"robots\" content=\"index, follow, max-snippet:-1, max-image-preview:large, max-video-preview:-1\" \/>\n<link rel=\"canonical\" href=\"https:\/\/www.facecorner.lv\/en\/shop\/arencia-retinal-boosting-eye-mask-patci-ar-retinolu-un-peptidu-kompleksu-60ea\/\" \/>\n<meta property=\"og:locale\" content=\"en_US\" \/>\n<meta property=\"og:type\" content=\"article\" \/>\n<meta property=\"og:title\" content=\"Arencia Retinal Boosting Eye Mask pat\u010di ar retinolu un pept\u012bdu kompleksu 60ea - FACECORNER\" \/>\n<meta property=\"og:description\" content=\"Arencia Retinal Boosting Eye Mask ir hidro\u0123el\u0101 iem\u0113rc\u0113ti pl\u0101ksteri, kas bag\u0101t\u012bgi pies\u0101tin\u0101ti ar akt\u012bvaj\u0101m sast\u0101vda\u013c\u0101m, tostarp retinolu, pept\u012bdiem, hialuronsk\u0101bi un keram\u012bdiem. Tie maigi atjauno un nostiprina pl\u0101no \u0101du ap ac\u012bm, samazina piet\u016bkumu un tum\u0161os lokus, nodro\u0161inot \u201emirdzo\u0161u acu\u201c efektu jau p\u0113c pirm\u0101s lieto\u0161anas reizes. Galven\u0101s priek\u0161roc\u012bbas: Izl\u012bdzina s\u012bk\u0101s grumbi\u0146as un \u201ep\u012bles k\u0101ji\u0146as\u201d Uzlabo \u0101das ap [&hellip;]\" \/>\n<meta property=\"og:url\" content=\"https:\/\/www.facecorner.lv\/en\/shop\/arencia-retinal-boosting-eye-mask-patci-ar-retinolu-un-peptidu-kompleksu-60ea\/\" \/>\n<meta property=\"og:site_name\" content=\"FACECORNER\" \/>\n<meta property=\"article:publisher\" content=\"https:\/\/www.facebook.com\/profile.php?id=100063824551839\" \/>\n<meta property=\"article:modified_time\" content=\"2026-04-11T08:36:43+00:00\" \/>\n<meta property=\"og:image\" content=\"https:\/\/www.facecorner.lv\/wp-content\/uploads\/2026\/03\/Produkter-skinstar_1080x1080px_-2025-12-08T163706.567.webp\" \/>\n\t<meta property=\"og:image:width\" content=\"1080\" \/>\n\t<meta property=\"og:image:height\" content=\"1080\" \/>\n\t<meta property=\"og:image:type\" content=\"image\/webp\" \/>\n<meta name=\"twitter:card\" content=\"summary_large_image\" \/>\n<meta name=\"twitter:label1\" content=\"Price\" \/>\n\t<meta name=\"twitter:data1\" content=\"&euro;19.95\" \/>\n\t<meta name=\"twitter:label2\" content=\"Availability\" \/>\n\t<meta name=\"twitter:data2\" content=\"Out of stock\" \/>\n<script type=\"application\/ld+json\" class=\"yoast-schema-graph\">{\"@context\":\"https:\\\/\\\/schema.org\",\"@graph\":[{\"@type\":\"WebPage\",\"@id\":\"https:\\\/\\\/www.facecorner.lv\\\/shop\\\/arencia-retinal-boosting-eye-mask-patci-ar-retinolu-un-peptidu-kompleksu-60ea\\\/\",\"url\":\"https:\\\/\\\/www.facecorner.lv\\\/shop\\\/arencia-retinal-boosting-eye-mask-patci-ar-retinolu-un-peptidu-kompleksu-60ea\\\/\",\"name\":\"Arencia Retinal Boosting Eye Mask pat\u010di ar retinolu un pept\u012bdu kompleksu 60ea - FACECORNER\",\"isPartOf\":{\"@id\":\"https:\\\/\\\/www.facecorner.lv\\\/#website\"},\"primaryImageOfPage\":{\"@id\":\"https:\\\/\\\/www.facecorner.lv\\\/shop\\\/arencia-retinal-boosting-eye-mask-patci-ar-retinolu-un-peptidu-kompleksu-60ea\\\/#primaryimage\"},\"image\":{\"@id\":\"https:\\\/\\\/www.facecorner.lv\\\/shop\\\/arencia-retinal-boosting-eye-mask-patci-ar-retinolu-un-peptidu-kompleksu-60ea\\\/#primaryimage\"},\"thumbnailUrl\":\"https:\\\/\\\/www.facecorner.lv\\\/wp-content\\\/uploads\\\/2026\\\/03\\\/Produkter-skinstar_1080x1080px_-2025-12-08T163706.567.webp\",\"datePublished\":\"2026-03-18T14:39:25+00:00\",\"dateModified\":\"2026-04-11T08:36:43+00:00\",\"breadcrumb\":{\"@id\":\"https:\\\/\\\/www.facecorner.lv\\\/shop\\\/arencia-retinal-boosting-eye-mask-patci-ar-retinolu-un-peptidu-kompleksu-60ea\\\/#breadcrumb\"},\"inLanguage\":\"en-US\",\"potentialAction\":[{\"@type\":\"ReadAction\",\"target\":[\"https:\\\/\\\/www.facecorner.lv\\\/shop\\\/arencia-retinal-boosting-eye-mask-patci-ar-retinolu-un-peptidu-kompleksu-60ea\\\/\"]}]},{\"@type\":\"ImageObject\",\"inLanguage\":\"en-US\",\"@id\":\"https:\\\/\\\/www.facecorner.lv\\\/shop\\\/arencia-retinal-boosting-eye-mask-patci-ar-retinolu-un-peptidu-kompleksu-60ea\\\/#primaryimage\",\"url\":\"https:\\\/\\\/www.facecorner.lv\\\/wp-content\\\/uploads\\\/2026\\\/03\\\/Produkter-skinstar_1080x1080px_-2025-12-08T163706.567.webp\",\"contentUrl\":\"https:\\\/\\\/www.facecorner.lv\\\/wp-content\\\/uploads\\\/2026\\\/03\\\/Produkter-skinstar_1080x1080px_-2025-12-08T163706.567.webp\",\"width\":1080,\"height\":1080,\"caption\":\"Arencia Retinal Boosting Eye Mask\"},{\"@type\":\"BreadcrumbList\",\"@id\":\"https:\\\/\\\/www.facecorner.lv\\\/shop\\\/arencia-retinal-boosting-eye-mask-patci-ar-retinolu-un-peptidu-kompleksu-60ea\\\/#breadcrumb\",\"itemListElement\":[{\"@type\":\"ListItem\",\"position\":1,\"name\":\"Home\",\"item\":\"https:\\\/\\\/www.facecorner.lv\\\/\"},{\"@type\":\"ListItem\",\"position\":2,\"name\":\"Veikals\",\"item\":\"https:\\\/\\\/www.facecorner.lv\\\/shop\\\/\"},{\"@type\":\"ListItem\",\"position\":3,\"name\":\"Arencia Retinal Boosting Eye Mask pat\u010di ar retinolu un pept\u012bdu kompleksu 60ea\"}]},{\"@type\":\"WebSite\",\"@id\":\"https:\\\/\\\/www.facecorner.lv\\\/#website\",\"url\":\"https:\\\/\\\/www.facecorner.lv\\\/\",\"name\":\"Facecorner\",\"description\":\"\",\"publisher\":{\"@id\":\"https:\\\/\\\/www.facecorner.lv\\\/#organization\"},\"potentialAction\":[{\"@type\":\"SearchAction\",\"target\":{\"@type\":\"EntryPoint\",\"urlTemplate\":\"https:\\\/\\\/www.facecorner.lv\\\/?s={search_term_string}\"},\"query-input\":{\"@type\":\"PropertyValueSpecification\",\"valueRequired\":true,\"valueName\":\"search_term_string\"}}],\"inLanguage\":\"en-US\"},{\"@type\":\"Organization\",\"@id\":\"https:\\\/\\\/www.facecorner.lv\\\/#organization\",\"name\":\"Facecorner\",\"url\":\"https:\\\/\\\/www.facecorner.lv\\\/\",\"logo\":{\"@type\":\"ImageObject\",\"inLanguage\":\"en-US\",\"@id\":\"https:\\\/\\\/www.facecorner.lv\\\/#\\\/schema\\\/logo\\\/image\\\/\",\"url\":\"https:\\\/\\\/www.facecorner.lv\\\/wp-content\\\/uploads\\\/2024\\\/04\\\/fc-logo.jpg\",\"contentUrl\":\"https:\\\/\\\/www.facecorner.lv\\\/wp-content\\\/uploads\\\/2024\\\/04\\\/fc-logo.jpg\",\"width\":174,\"height\":28,\"caption\":\"Facecorner\"},\"image\":{\"@id\":\"https:\\\/\\\/www.facecorner.lv\\\/#\\\/schema\\\/logo\\\/image\\\/\"},\"sameAs\":[\"https:\\\/\\\/www.facebook.com\\\/profile.php?id=100063824551839\",\"https:\\\/\\\/www.instagram.com\\\/facecorner_shop\\\/\"]}]}<\/script>\n<meta property=\"product:price:amount\" content=\"19.95\" \/>\n<meta property=\"product:price:currency\" content=\"EUR\" \/>\n<meta property=\"og:availability\" content=\"out of stock\" \/>\n<meta property=\"product:availability\" content=\"out of stock\" \/>\n<meta property=\"product:condition\" content=\"new\" \/>\n<!-- \/ Yoast SEO plugin. -->","yoast_head_json":{"title":"Arencia Retinal Boosting Eye Mask pat\u010di ar retinolu un pept\u012bdu kompleksu 60ea - FACECORNER","robots":{"index":"index","follow":"follow","max-snippet":"max-snippet:-1","max-image-preview":"max-image-preview:large","max-video-preview":"max-video-preview:-1"},"canonical":"https:\/\/www.facecorner.lv\/en\/shop\/arencia-retinal-boosting-eye-mask-patci-ar-retinolu-un-peptidu-kompleksu-60ea\/","og_locale":"en_US","og_type":"article","og_title":"Arencia Retinal Boosting Eye Mask pat\u010di ar retinolu un pept\u012bdu kompleksu 60ea - FACECORNER","og_description":"Arencia Retinal Boosting Eye Mask ir hidro\u0123el\u0101 iem\u0113rc\u0113ti pl\u0101ksteri, kas bag\u0101t\u012bgi pies\u0101tin\u0101ti ar akt\u012bvaj\u0101m sast\u0101vda\u013c\u0101m, tostarp retinolu, pept\u012bdiem, hialuronsk\u0101bi un keram\u012bdiem. Tie maigi atjauno un nostiprina pl\u0101no \u0101du ap ac\u012bm, samazina piet\u016bkumu un tum\u0161os lokus, nodro\u0161inot \u201emirdzo\u0161u acu\u201c efektu jau p\u0113c pirm\u0101s lieto\u0161anas reizes. Galven\u0101s priek\u0161roc\u012bbas: Izl\u012bdzina s\u012bk\u0101s grumbi\u0146as un \u201ep\u012bles k\u0101ji\u0146as\u201d Uzlabo \u0101das ap [&hellip;]","og_url":"https:\/\/www.facecorner.lv\/en\/shop\/arencia-retinal-boosting-eye-mask-patci-ar-retinolu-un-peptidu-kompleksu-60ea\/","og_site_name":"FACECORNER","article_publisher":"https:\/\/www.facebook.com\/profile.php?id=100063824551839","article_modified_time":"2026-04-11T08:36:43+00:00","og_image":[{"width":1080,"height":1080,"url":"https:\/\/www.facecorner.lv\/wp-content\/uploads\/2026\/03\/Produkter-skinstar_1080x1080px_-2025-12-08T163706.567.webp","type":"image\/webp"}],"twitter_card":"summary_large_image","twitter_misc":{"Price":"&euro;19.95","Availability":"Out of stock"},"schema":{"@context":"https:\/\/schema.org","@graph":[{"@type":"WebPage","@id":"https:\/\/www.facecorner.lv\/shop\/arencia-retinal-boosting-eye-mask-patci-ar-retinolu-un-peptidu-kompleksu-60ea\/","url":"https:\/\/www.facecorner.lv\/shop\/arencia-retinal-boosting-eye-mask-patci-ar-retinolu-un-peptidu-kompleksu-60ea\/","name":"Arencia Retinal Boosting Eye Mask pat\u010di ar retinolu un pept\u012bdu kompleksu 60ea - FACECORNER","isPartOf":{"@id":"https:\/\/www.facecorner.lv\/#website"},"primaryImageOfPage":{"@id":"https:\/\/www.facecorner.lv\/shop\/arencia-retinal-boosting-eye-mask-patci-ar-retinolu-un-peptidu-kompleksu-60ea\/#primaryimage"},"image":{"@id":"https:\/\/www.facecorner.lv\/shop\/arencia-retinal-boosting-eye-mask-patci-ar-retinolu-un-peptidu-kompleksu-60ea\/#primaryimage"},"thumbnailUrl":"https:\/\/www.facecorner.lv\/wp-content\/uploads\/2026\/03\/Produkter-skinstar_1080x1080px_-2025-12-08T163706.567.webp","datePublished":"2026-03-18T14:39:25+00:00","dateModified":"2026-04-11T08:36:43+00:00","breadcrumb":{"@id":"https:\/\/www.facecorner.lv\/shop\/arencia-retinal-boosting-eye-mask-patci-ar-retinolu-un-peptidu-kompleksu-60ea\/#breadcrumb"},"inLanguage":"en-US","potentialAction":[{"@type":"ReadAction","target":["https:\/\/www.facecorner.lv\/shop\/arencia-retinal-boosting-eye-mask-patci-ar-retinolu-un-peptidu-kompleksu-60ea\/"]}]},{"@type":"ImageObject","inLanguage":"en-US","@id":"https:\/\/www.facecorner.lv\/shop\/arencia-retinal-boosting-eye-mask-patci-ar-retinolu-un-peptidu-kompleksu-60ea\/#primaryimage","url":"https:\/\/www.facecorner.lv\/wp-content\/uploads\/2026\/03\/Produkter-skinstar_1080x1080px_-2025-12-08T163706.567.webp","contentUrl":"https:\/\/www.facecorner.lv\/wp-content\/uploads\/2026\/03\/Produkter-skinstar_1080x1080px_-2025-12-08T163706.567.webp","width":1080,"height":1080,"caption":"Arencia Retinal Boosting Eye Mask"},{"@type":"BreadcrumbList","@id":"https:\/\/www.facecorner.lv\/shop\/arencia-retinal-boosting-eye-mask-patci-ar-retinolu-un-peptidu-kompleksu-60ea\/#breadcrumb","itemListElement":[{"@type":"ListItem","position":1,"name":"Home","item":"https:\/\/www.facecorner.lv\/"},{"@type":"ListItem","position":2,"name":"Veikals","item":"https:\/\/www.facecorner.lv\/shop\/"},{"@type":"ListItem","position":3,"name":"Arencia Retinal Boosting Eye Mask pat\u010di ar retinolu un pept\u012bdu kompleksu 60ea"}]},{"@type":"WebSite","@id":"https:\/\/www.facecorner.lv\/#website","url":"https:\/\/www.facecorner.lv\/","name":"Facecorner","description":"","publisher":{"@id":"https:\/\/www.facecorner.lv\/#organization"},"potentialAction":[{"@type":"SearchAction","target":{"@type":"EntryPoint","urlTemplate":"https:\/\/www.facecorner.lv\/?s={search_term_string}"},"query-input":{"@type":"PropertyValueSpecification","valueRequired":true,"valueName":"search_term_string"}}],"inLanguage":"en-US"},{"@type":"Organization","@id":"https:\/\/www.facecorner.lv\/#organization","name":"Facecorner","url":"https:\/\/www.facecorner.lv\/","logo":{"@type":"ImageObject","inLanguage":"en-US","@id":"https:\/\/www.facecorner.lv\/#\/schema\/logo\/image\/","url":"https:\/\/www.facecorner.lv\/wp-content\/uploads\/2024\/04\/fc-logo.jpg","contentUrl":"https:\/\/www.facecorner.lv\/wp-content\/uploads\/2024\/04\/fc-logo.jpg","width":174,"height":28,"caption":"Facecorner"},"image":{"@id":"https:\/\/www.facecorner.lv\/#\/schema\/logo\/image\/"},"sameAs":["https:\/\/www.facebook.com\/profile.php?id=100063824551839","https:\/\/www.instagram.com\/facecorner_shop\/"]}]},"product_price_amount":"19.95","product_price_currency":"EUR","og_availability":"out of stock","product_availability":"out of stock","product_condition":"new"},"_links":{"self":[{"href":"https:\/\/www.facecorner.lv\/en\/wp-json\/wp\/v2\/product\/27245","targetHints":{"allow":["GET"]}}],"collection":[{"href":"https:\/\/www.facecorner.lv\/en\/wp-json\/wp\/v2\/product"}],"about":[{"href":"https:\/\/www.facecorner.lv\/en\/wp-json\/wp\/v2\/types\/product"}],"replies":[{"embeddable":true,"href":"https:\/\/www.facecorner.lv\/en\/wp-json\/wp\/v2\/comments?post=27245"}],"wp:featuredmedia":[{"embeddable":true,"href":"https:\/\/www.facecorner.lv\/en\/wp-json\/wp\/v2\/media\/27246"}],"wp:attachment":[{"href":"https:\/\/www.facecorner.lv\/en\/wp-json\/wp\/v2\/media?parent=27245"}],"wp:term":[{"taxonomy":"product_brand","embeddable":true,"href":"https:\/\/www.facecorner.lv\/en\/wp-json\/wp\/v2\/product_brand?post=27245"},{"taxonomy":"product_cat","embeddable":true,"href":"https:\/\/www.facecorner.lv\/en\/wp-json\/wp\/v2\/product_cat?post=27245"},{"taxonomy":"product_tag","embeddable":true,"href":"https:\/\/www.facecorner.lv\/en\/wp-json\/wp\/v2\/product_tag?post=27245"},{"taxonomy":"berocket_brand","embeddable":true,"href":"https:\/\/www.facecorner.lv\/en\/wp-json\/wp\/v2\/berocket_brand?post=27245"}],"curies":[{"name":"wp","href":"https:\/\/api.w.org\/{rel}","templated":true}]}}