{"id":27242,"date":"2026-03-18T17:20:42","date_gmt":"2026-03-18T14:20:42","guid":{"rendered":"https:\/\/www.facecorner.lv\/?post_type=product&#038;p=27242"},"modified":"2026-04-16T23:50:37","modified_gmt":"2026-04-16T20:50:37","slug":"medipeel-retinal-nmn-bounce-shot-eye-cream-intensivs-acu-krems-ar-retinolu-un-nmn-15ml","status":"publish","type":"product","link":"https:\/\/www.facecorner.lv\/en\/shop\/medipeel-retinal-nmn-bounce-shot-eye-cream-intensivs-acu-krems-ar-retinolu-un-nmn-15ml\/","title":{"rendered":"MEDIPEEL Retinal NMN Bounce Shot Eye Cream intens\u012bvs acu kr\u0113ms ar retinolu un NMN 15ml"},"content":{"rendered":"<p>MEDIPEEL Retinal NMN Bounce Shot Eye Cream intens\u012bvs acu kr\u0113ms ar retinolu un NMN, kas izl\u012bdzina grumbi\u0146as un pie\u0161\u0137ir mirdzumu \u0101dai ap ac\u012bm.<\/p>\n<p>MEDIPEEL Retinal NMN Bounce Shot Eye Cream ir inovat\u012bvs kop\u0161anas l\u012bdzeklis, kas apvieno retinolu (A vitam\u012bna forma) un NMN (nikotinam\u012bda mononukleot\u012bdu), lai stimul\u0113tu \u0101das re\u0123ener\u0101ciju, uzlabotu elast\u012bbu un mazin\u0101tu noveco\u0161an\u0101s paz\u012bmes. Kr\u0113ma viegl\u0101 tekst\u016bra \u0101tri ies\u016bcas, nodro\u0161inot baro\u0161anu un mitrin\u0101\u0161anu bez lip\u012bguma.<\/p>\n<h6>Galven\u0101s priek\u0161roc\u012bbas:<\/h6>\n<ul>\n<li>Izl\u012bdzina s\u012bk\u0101s grumbi\u0146as un \u201ep\u012bles k\u0101ji\u0146as\u201d<\/li>\n<li>Nostiprina un uzlabo \u0101das elast\u012bbu ap ac\u012bm<\/li>\n<li>Samazina piet\u016bkumu un tum\u0161os lokus<\/li>\n<li>Dzi\u013ci mitrina un baro pl\u0101no \u0101du<\/li>\n<li>Veicina \u0101das re\u0123ener\u0101ciju ar NMN un retinola pal\u012bdz\u012bbu<\/li>\n<\/ul>\n<p><strong>Main active ingredients:<\/strong><\/p>\n<ul>\n<li>Retinal \u2014 maigi stimul\u0113 \u0161\u016bnu atjauno\u0161anos un kolag\u0113na sint\u0113zi<\/li>\n<li>NMN (nikotinam\u012bda mononukleot\u012bds) \u2014 aktiviz\u0113 \u0161\u016bnu atjauno\u0161an\u0101s procesus un uzlabo elast\u012bbu<\/li>\n<li>Pept\u012bdi \u2014 izl\u012bdzina grumbi\u0146as un nostiprina \u0101du<\/li>\n<li>Hialuronsk\u0101be un augu ekstrakti \u2014 intens\u012bvi mitrina un nomierina \u0101du<\/li>\n<\/ul>\n<p><strong>How to use:\nAfter cleansing and toning, place the mask sheet on your face and let it rest for 30 minutes. \u00a0<\/strong>Uzkl\u0101jiet nelielu kr\u0113ma daudzumu uz \u0101das ap ac\u012bm, maigi iemas\u0113jot, l\u012bdz tas piln\u012bb\u0101 ies\u016bcies. Lietojiet no r\u012bta un vakar\u0101 p\u0113c seruma uzkl\u0101\u0161anas.<\/p>\n<p><strong>Sast\u0101vs:<\/strong> Water, Butylene Glycol, Glycerin, Caprylic\/Capric Triglyceride, Niacinamide, Pentylene Glycol, Diisostearyl Malate, Phenyl Trimethicone, Squalane, Butyrospermum Parkii (Shea) Butter, Macadamia Ternifolia Seed Oil, Cetearyl Alcohol, Polyglyceryl\u20113 Methylglucose Distearate, Ethylhexyl Palmitate, Hydrogenated Lecithin, 4\u2011T\u2011Butylcyclohexanol, Panthenol, Glyceryl Stearate, Hydroxyacetophenone, Ammonium Acryloyldimethyltaurate\/VP Copolymer, Cetearyl Olivate, Hydroxyethyl Acrylate\/Sodium Acryloyldimethyl Taurate Copolymer, Acrylates\/C10\u201130 Alkyl Acrylate Crosspolymer, 1,2\u2011Hexanediol, Sorbitan Olivate, Tromethamine, Cholesterol, Retinal, Tocopheryl Acetate, Polyglyceryl\u201110 Laurate, Fragrance (Parfum), Diethylhexyl Syringylidenemalonate, Brassica Campestris (Rapeseed) Sterols, Silica, Ethylhexylglycerin, Hippophae Rhamnoides Oil, Adenosine, Tocopherol, Aluminum\/Magnesium Hydroxide Stearate, Potassium Cetyl Phosphate, Sodium Dilauramidoglutamide Lysine, Nicotinamide Mononucleotide, Allantoin, Nicotinamide Adenine Dinucleotide (NAD), Sodium Phytate, Trihydroxystearin, Benzyl Salicylate, PPG\u201113\u2011Decyltetradeceth\u201124, Linalool, Dipotassium Glycyrrhizate, Erythritol, Sodium Hyaluronate, Cynanchum Atratum Extract, Dimethyl Isosorbide, Disodium EDTA, Hydrolyzed Collagen, Isopropyl Lauroyl Sarcosinate, Retinyl Retinoate, Althaea Rosea Flower Extract, Hydroxypinacolone Retinoate, Retinyl Acetate, Glucomannan, Benzotriazolyl Dodecyl p\u2011Cresol, Bakuchiol, Lecithin, Silybin, Honokiol<\/p>","protected":false},"excerpt":{"rendered":"<p>MEDIPEEL Retinal NMN Bounce Shot Eye Cream intens\u012bvs acu kr\u0113ms ar retinolu un NMN, kas izl\u012bdzina grumbi\u0146as un pie\u0161\u0137ir mirdzumu \u0101dai ap ac\u012bm.<\/p>","protected":false},"featured_media":27243,"comment_status":"open","ping_status":"closed","template":"","meta":{"site-sidebar-layout":"default","site-content-layout":"","ast-site-content-layout":"default","site-content-style":"default","site-sidebar-style":"default","ast-global-header-display":"","ast-banner-title-visibility":"","ast-main-header-display":"","ast-hfb-above-header-display":"","ast-hfb-below-header-display":"","ast-hfb-mobile-header-display":"","site-post-title":"","ast-breadcrumbs-content":"","ast-featured-img":"","footer-sml-layout":"","theme-transparent-header-meta":"default","adv-header-id-meta":"","stick-header-meta":"","header-above-stick-meta":"","header-main-stick-meta":"","header-below-stick-meta":"","astra-migrate-meta-layouts":"set","ast-page-background-enabled":"default","ast-page-background-meta":{"desktop":{"background-color":"var(--ast-global-color-4)","background-image":"","background-repeat":"repeat","background-position":"center center","background-size":"auto","background-attachment":"scroll","background-type":"","background-media":"","overlay-type":"","overlay-color":"","overlay-opacity":"","overlay-gradient":""},"tablet":{"background-color":"","background-image":"","background-repeat":"repeat","background-position":"center center","background-size":"auto","background-attachment":"scroll","background-type":"","background-media":"","overlay-type":"","overlay-color":"","overlay-opacity":"","overlay-gradient":""},"mobile":{"background-color":"","background-image":"","background-repeat":"repeat","background-position":"center center","background-size":"auto","background-attachment":"scroll","background-type":"","background-media":"","overlay-type":"","overlay-color":"","overlay-opacity":"","overlay-gradient":""}},"ast-content-background-meta":{"desktop":{"background-color":"var(--ast-global-color-5)","background-image":"","background-repeat":"repeat","background-position":"center center","background-size":"auto","background-attachment":"scroll","background-type":"","background-media":"","overlay-type":"","overlay-color":"","overlay-opacity":"","overlay-gradient":""},"tablet":{"background-color":"var(--ast-global-color-5)","background-image":"","background-repeat":"repeat","background-position":"center center","background-size":"auto","background-attachment":"scroll","background-type":"","background-media":"","overlay-type":"","overlay-color":"","overlay-opacity":"","overlay-gradient":""},"mobile":{"background-color":"var(--ast-global-color-5)","background-image":"","background-repeat":"repeat","background-position":"center center","background-size":"auto","background-attachment":"scroll","background-type":"","background-media":"","overlay-type":"","overlay-color":"","overlay-opacity":"","overlay-gradient":""}}},"product_brand":[],"product_cat":[308],"product_tag":[],"berocket_brand":[583],"class_list":{"0":"post-27242","1":"product","2":"type-product","3":"status-publish","4":"has-post-thumbnail","6":"product_cat-acu-krems","7":"berocket_brand-medi-peel","8":"desktop-align-left","9":"tablet-align-left","10":"mobile-align-left","12":"first","13":"instock","14":"taxable","15":"shipping-taxable","16":"purchasable","17":"product-type-simple","18":"add-to-wishlist-before_image"},"yoast_head":"<!-- This site is optimized with the Yoast SEO plugin v27.4 - https:\/\/yoast.com\/product\/yoast-seo-wordpress\/ -->\n<title>MEDIPEEL Retinal NMN Bounce Shot Eye Cream intens\u012bvs acu kr\u0113ms ar retinolu un NMN 15ml - FACECORNER<\/title>\n<meta name=\"description\" content=\"MEDIPEEL Retinal NMN Bounce Shot Eye Cream intens\u012bvs acu kr\u0113ms ar retinolu un NMN, kas izl\u012bdzina grumbi\u0146as un pie\u0161\u0137ir mirdzumu \u0101dai ap ac\u012bm.\" \/>\n<meta name=\"robots\" content=\"index, follow, max-snippet:-1, max-image-preview:large, max-video-preview:-1\" \/>\n<link rel=\"canonical\" href=\"https:\/\/www.facecorner.lv\/en\/shop\/medipeel-retinal-nmn-bounce-shot-eye-cream-intensivs-acu-krems-ar-retinolu-un-nmn-15ml\/\" \/>\n<meta property=\"og:locale\" content=\"en_US\" \/>\n<meta property=\"og:type\" content=\"article\" \/>\n<meta property=\"og:title\" content=\"MEDIPEEL Retinal NMN Bounce Shot Eye Cream intens\u012bvs acu kr\u0113ms ar retinolu un NMN 15ml - FACECORNER\" \/>\n<meta property=\"og:description\" content=\"MEDIPEEL Retinal NMN Bounce Shot Eye Cream intens\u012bvs acu kr\u0113ms ar retinolu un NMN, kas izl\u012bdzina grumbi\u0146as un pie\u0161\u0137ir mirdzumu \u0101dai ap ac\u012bm.\" \/>\n<meta property=\"og:url\" content=\"https:\/\/www.facecorner.lv\/en\/shop\/medipeel-retinal-nmn-bounce-shot-eye-cream-intensivs-acu-krems-ar-retinolu-un-nmn-15ml\/\" \/>\n<meta property=\"og:site_name\" content=\"FACECORNER\" \/>\n<meta property=\"article:publisher\" content=\"https:\/\/www.facebook.com\/profile.php?id=100063824551839\" \/>\n<meta property=\"article:modified_time\" content=\"2026-04-16T20:50:37+00:00\" \/>\n<meta property=\"og:image\" content=\"https:\/\/www.facecorner.lv\/wp-content\/uploads\/2026\/03\/NMN___1_grande.webp\" \/>\n\t<meta property=\"og:image:width\" content=\"600\" \/>\n\t<meta property=\"og:image:height\" content=\"600\" \/>\n\t<meta property=\"og:image:type\" content=\"image\/webp\" \/>\n<meta name=\"twitter:card\" content=\"summary_large_image\" \/>\n<meta name=\"twitter:label1\" content=\"Price\" \/>\n\t<meta name=\"twitter:data1\" content=\"&euro;29.95\" \/>\n\t<meta name=\"twitter:label2\" content=\"Availability\" \/>\n\t<meta name=\"twitter:data2\" content=\"In stock\" \/>\n<script type=\"application\/ld+json\" class=\"yoast-schema-graph\">{\"@context\":\"https:\\\/\\\/schema.org\",\"@graph\":[{\"@type\":\"WebPage\",\"@id\":\"https:\\\/\\\/www.facecorner.lv\\\/shop\\\/medipeel-retinal-nmn-bounce-shot-eye-cream-intensivs-acu-krems-ar-retinolu-un-nmn-15ml\\\/\",\"url\":\"https:\\\/\\\/www.facecorner.lv\\\/shop\\\/medipeel-retinal-nmn-bounce-shot-eye-cream-intensivs-acu-krems-ar-retinolu-un-nmn-15ml\\\/\",\"name\":\"MEDIPEEL Retinal NMN Bounce Shot Eye Cream intens\u012bvs acu kr\u0113ms ar retinolu un NMN 15ml - FACECORNER\",\"isPartOf\":{\"@id\":\"https:\\\/\\\/www.facecorner.lv\\\/#website\"},\"primaryImageOfPage\":{\"@id\":\"https:\\\/\\\/www.facecorner.lv\\\/shop\\\/medipeel-retinal-nmn-bounce-shot-eye-cream-intensivs-acu-krems-ar-retinolu-un-nmn-15ml\\\/#primaryimage\"},\"image\":{\"@id\":\"https:\\\/\\\/www.facecorner.lv\\\/shop\\\/medipeel-retinal-nmn-bounce-shot-eye-cream-intensivs-acu-krems-ar-retinolu-un-nmn-15ml\\\/#primaryimage\"},\"thumbnailUrl\":\"https:\\\/\\\/www.facecorner.lv\\\/wp-content\\\/uploads\\\/2026\\\/03\\\/NMN___1_grande.webp\",\"datePublished\":\"2026-03-18T14:20:42+00:00\",\"dateModified\":\"2026-04-16T20:50:37+00:00\",\"description\":\"MEDIPEEL Retinal NMN Bounce Shot Eye Cream intens\u012bvs acu kr\u0113ms ar retinolu un NMN, kas izl\u012bdzina grumbi\u0146as un pie\u0161\u0137ir mirdzumu \u0101dai ap ac\u012bm.\",\"breadcrumb\":{\"@id\":\"https:\\\/\\\/www.facecorner.lv\\\/shop\\\/medipeel-retinal-nmn-bounce-shot-eye-cream-intensivs-acu-krems-ar-retinolu-un-nmn-15ml\\\/#breadcrumb\"},\"inLanguage\":\"en-US\",\"potentialAction\":[{\"@type\":\"ReadAction\",\"target\":[\"https:\\\/\\\/www.facecorner.lv\\\/shop\\\/medipeel-retinal-nmn-bounce-shot-eye-cream-intensivs-acu-krems-ar-retinolu-un-nmn-15ml\\\/\"]}]},{\"@type\":\"ImageObject\",\"inLanguage\":\"en-US\",\"@id\":\"https:\\\/\\\/www.facecorner.lv\\\/shop\\\/medipeel-retinal-nmn-bounce-shot-eye-cream-intensivs-acu-krems-ar-retinolu-un-nmn-15ml\\\/#primaryimage\",\"url\":\"https:\\\/\\\/www.facecorner.lv\\\/wp-content\\\/uploads\\\/2026\\\/03\\\/NMN___1_grande.webp\",\"contentUrl\":\"https:\\\/\\\/www.facecorner.lv\\\/wp-content\\\/uploads\\\/2026\\\/03\\\/NMN___1_grande.webp\",\"width\":600,\"height\":600,\"caption\":\"MEDIPEEL Retinal NMN Bounce Shot Eye Cream\"},{\"@type\":\"BreadcrumbList\",\"@id\":\"https:\\\/\\\/www.facecorner.lv\\\/shop\\\/medipeel-retinal-nmn-bounce-shot-eye-cream-intensivs-acu-krems-ar-retinolu-un-nmn-15ml\\\/#breadcrumb\",\"itemListElement\":[{\"@type\":\"ListItem\",\"position\":1,\"name\":\"Home\",\"item\":\"https:\\\/\\\/www.facecorner.lv\\\/\"},{\"@type\":\"ListItem\",\"position\":2,\"name\":\"Veikals\",\"item\":\"https:\\\/\\\/www.facecorner.lv\\\/shop\\\/\"},{\"@type\":\"ListItem\",\"position\":3,\"name\":\"MEDIPEEL Retinal NMN Bounce Shot Eye Cream intens\u012bvs acu kr\u0113ms ar retinolu un NMN 15ml\"}]},{\"@type\":\"WebSite\",\"@id\":\"https:\\\/\\\/www.facecorner.lv\\\/#website\",\"url\":\"https:\\\/\\\/www.facecorner.lv\\\/\",\"name\":\"Facecorner\",\"description\":\"\",\"publisher\":{\"@id\":\"https:\\\/\\\/www.facecorner.lv\\\/#organization\"},\"potentialAction\":[{\"@type\":\"SearchAction\",\"target\":{\"@type\":\"EntryPoint\",\"urlTemplate\":\"https:\\\/\\\/www.facecorner.lv\\\/?s={search_term_string}\"},\"query-input\":{\"@type\":\"PropertyValueSpecification\",\"valueRequired\":true,\"valueName\":\"search_term_string\"}}],\"inLanguage\":\"en-US\"},{\"@type\":\"Organization\",\"@id\":\"https:\\\/\\\/www.facecorner.lv\\\/#organization\",\"name\":\"Facecorner\",\"url\":\"https:\\\/\\\/www.facecorner.lv\\\/\",\"logo\":{\"@type\":\"ImageObject\",\"inLanguage\":\"en-US\",\"@id\":\"https:\\\/\\\/www.facecorner.lv\\\/#\\\/schema\\\/logo\\\/image\\\/\",\"url\":\"https:\\\/\\\/www.facecorner.lv\\\/wp-content\\\/uploads\\\/2024\\\/04\\\/fc-logo.jpg\",\"contentUrl\":\"https:\\\/\\\/www.facecorner.lv\\\/wp-content\\\/uploads\\\/2024\\\/04\\\/fc-logo.jpg\",\"width\":174,\"height\":28,\"caption\":\"Facecorner\"},\"image\":{\"@id\":\"https:\\\/\\\/www.facecorner.lv\\\/#\\\/schema\\\/logo\\\/image\\\/\"},\"sameAs\":[\"https:\\\/\\\/www.facebook.com\\\/profile.php?id=100063824551839\",\"https:\\\/\\\/www.instagram.com\\\/facecorner_shop\\\/\"]}]}<\/script>\n<meta property=\"product:price:amount\" content=\"29.95\" \/>\n<meta property=\"product:price:currency\" content=\"EUR\" \/>\n<meta property=\"og:availability\" content=\"instock\" \/>\n<meta property=\"product:availability\" content=\"instock\" \/>\n<meta property=\"product:condition\" content=\"new\" \/>\n<!-- \/ Yoast SEO plugin. -->","yoast_head_json":{"title":"MEDIPEEL Retinal NMN Bounce Shot Eye Cream intens\u012bvs acu kr\u0113ms ar retinolu un NMN 15ml - FACECORNER","description":"MEDIPEEL Retinal NMN Bounce Shot Eye Cream intens\u012bvs acu kr\u0113ms ar retinolu un NMN, kas izl\u012bdzina grumbi\u0146as un pie\u0161\u0137ir mirdzumu \u0101dai ap ac\u012bm.","robots":{"index":"index","follow":"follow","max-snippet":"max-snippet:-1","max-image-preview":"max-image-preview:large","max-video-preview":"max-video-preview:-1"},"canonical":"https:\/\/www.facecorner.lv\/en\/shop\/medipeel-retinal-nmn-bounce-shot-eye-cream-intensivs-acu-krems-ar-retinolu-un-nmn-15ml\/","og_locale":"en_US","og_type":"article","og_title":"MEDIPEEL Retinal NMN Bounce Shot Eye Cream intens\u012bvs acu kr\u0113ms ar retinolu un NMN 15ml - FACECORNER","og_description":"MEDIPEEL Retinal NMN Bounce Shot Eye Cream intens\u012bvs acu kr\u0113ms ar retinolu un NMN, kas izl\u012bdzina grumbi\u0146as un pie\u0161\u0137ir mirdzumu \u0101dai ap ac\u012bm.","og_url":"https:\/\/www.facecorner.lv\/en\/shop\/medipeel-retinal-nmn-bounce-shot-eye-cream-intensivs-acu-krems-ar-retinolu-un-nmn-15ml\/","og_site_name":"FACECORNER","article_publisher":"https:\/\/www.facebook.com\/profile.php?id=100063824551839","article_modified_time":"2026-04-16T20:50:37+00:00","og_image":[{"width":600,"height":600,"url":"https:\/\/www.facecorner.lv\/wp-content\/uploads\/2026\/03\/NMN___1_grande.webp","type":"image\/webp"}],"twitter_card":"summary_large_image","twitter_misc":{"Price":"&euro;29.95","Availability":"In stock"},"schema":{"@context":"https:\/\/schema.org","@graph":[{"@type":"WebPage","@id":"https:\/\/www.facecorner.lv\/shop\/medipeel-retinal-nmn-bounce-shot-eye-cream-intensivs-acu-krems-ar-retinolu-un-nmn-15ml\/","url":"https:\/\/www.facecorner.lv\/shop\/medipeel-retinal-nmn-bounce-shot-eye-cream-intensivs-acu-krems-ar-retinolu-un-nmn-15ml\/","name":"MEDIPEEL Retinal NMN Bounce Shot Eye Cream intens\u012bvs acu kr\u0113ms ar retinolu un NMN 15ml - FACECORNER","isPartOf":{"@id":"https:\/\/www.facecorner.lv\/#website"},"primaryImageOfPage":{"@id":"https:\/\/www.facecorner.lv\/shop\/medipeel-retinal-nmn-bounce-shot-eye-cream-intensivs-acu-krems-ar-retinolu-un-nmn-15ml\/#primaryimage"},"image":{"@id":"https:\/\/www.facecorner.lv\/shop\/medipeel-retinal-nmn-bounce-shot-eye-cream-intensivs-acu-krems-ar-retinolu-un-nmn-15ml\/#primaryimage"},"thumbnailUrl":"https:\/\/www.facecorner.lv\/wp-content\/uploads\/2026\/03\/NMN___1_grande.webp","datePublished":"2026-03-18T14:20:42+00:00","dateModified":"2026-04-16T20:50:37+00:00","description":"MEDIPEEL Retinal NMN Bounce Shot Eye Cream intens\u012bvs acu kr\u0113ms ar retinolu un NMN, kas izl\u012bdzina grumbi\u0146as un pie\u0161\u0137ir mirdzumu \u0101dai ap ac\u012bm.","breadcrumb":{"@id":"https:\/\/www.facecorner.lv\/shop\/medipeel-retinal-nmn-bounce-shot-eye-cream-intensivs-acu-krems-ar-retinolu-un-nmn-15ml\/#breadcrumb"},"inLanguage":"en-US","potentialAction":[{"@type":"ReadAction","target":["https:\/\/www.facecorner.lv\/shop\/medipeel-retinal-nmn-bounce-shot-eye-cream-intensivs-acu-krems-ar-retinolu-un-nmn-15ml\/"]}]},{"@type":"ImageObject","inLanguage":"en-US","@id":"https:\/\/www.facecorner.lv\/shop\/medipeel-retinal-nmn-bounce-shot-eye-cream-intensivs-acu-krems-ar-retinolu-un-nmn-15ml\/#primaryimage","url":"https:\/\/www.facecorner.lv\/wp-content\/uploads\/2026\/03\/NMN___1_grande.webp","contentUrl":"https:\/\/www.facecorner.lv\/wp-content\/uploads\/2026\/03\/NMN___1_grande.webp","width":600,"height":600,"caption":"MEDIPEEL Retinal NMN Bounce Shot Eye Cream"},{"@type":"BreadcrumbList","@id":"https:\/\/www.facecorner.lv\/shop\/medipeel-retinal-nmn-bounce-shot-eye-cream-intensivs-acu-krems-ar-retinolu-un-nmn-15ml\/#breadcrumb","itemListElement":[{"@type":"ListItem","position":1,"name":"Home","item":"https:\/\/www.facecorner.lv\/"},{"@type":"ListItem","position":2,"name":"Veikals","item":"https:\/\/www.facecorner.lv\/shop\/"},{"@type":"ListItem","position":3,"name":"MEDIPEEL Retinal NMN Bounce Shot Eye Cream intens\u012bvs acu kr\u0113ms ar retinolu un NMN 15ml"}]},{"@type":"WebSite","@id":"https:\/\/www.facecorner.lv\/#website","url":"https:\/\/www.facecorner.lv\/","name":"Facecorner","description":"","publisher":{"@id":"https:\/\/www.facecorner.lv\/#organization"},"potentialAction":[{"@type":"SearchAction","target":{"@type":"EntryPoint","urlTemplate":"https:\/\/www.facecorner.lv\/?s={search_term_string}"},"query-input":{"@type":"PropertyValueSpecification","valueRequired":true,"valueName":"search_term_string"}}],"inLanguage":"en-US"},{"@type":"Organization","@id":"https:\/\/www.facecorner.lv\/#organization","name":"Facecorner","url":"https:\/\/www.facecorner.lv\/","logo":{"@type":"ImageObject","inLanguage":"en-US","@id":"https:\/\/www.facecorner.lv\/#\/schema\/logo\/image\/","url":"https:\/\/www.facecorner.lv\/wp-content\/uploads\/2024\/04\/fc-logo.jpg","contentUrl":"https:\/\/www.facecorner.lv\/wp-content\/uploads\/2024\/04\/fc-logo.jpg","width":174,"height":28,"caption":"Facecorner"},"image":{"@id":"https:\/\/www.facecorner.lv\/#\/schema\/logo\/image\/"},"sameAs":["https:\/\/www.facebook.com\/profile.php?id=100063824551839","https:\/\/www.instagram.com\/facecorner_shop\/"]}]},"product_price_amount":"29.95","product_price_currency":"EUR","og_availability":"instock","product_availability":"instock","product_condition":"new"},"_links":{"self":[{"href":"https:\/\/www.facecorner.lv\/en\/wp-json\/wp\/v2\/product\/27242","targetHints":{"allow":["GET"]}}],"collection":[{"href":"https:\/\/www.facecorner.lv\/en\/wp-json\/wp\/v2\/product"}],"about":[{"href":"https:\/\/www.facecorner.lv\/en\/wp-json\/wp\/v2\/types\/product"}],"replies":[{"embeddable":true,"href":"https:\/\/www.facecorner.lv\/en\/wp-json\/wp\/v2\/comments?post=27242"}],"wp:featuredmedia":[{"embeddable":true,"href":"https:\/\/www.facecorner.lv\/en\/wp-json\/wp\/v2\/media\/27243"}],"wp:attachment":[{"href":"https:\/\/www.facecorner.lv\/en\/wp-json\/wp\/v2\/media?parent=27242"}],"wp:term":[{"taxonomy":"product_brand","embeddable":true,"href":"https:\/\/www.facecorner.lv\/en\/wp-json\/wp\/v2\/product_brand?post=27242"},{"taxonomy":"product_cat","embeddable":true,"href":"https:\/\/www.facecorner.lv\/en\/wp-json\/wp\/v2\/product_cat?post=27242"},{"taxonomy":"product_tag","embeddable":true,"href":"https:\/\/www.facecorner.lv\/en\/wp-json\/wp\/v2\/product_tag?post=27242"},{"taxonomy":"berocket_brand","embeddable":true,"href":"https:\/\/www.facecorner.lv\/en\/wp-json\/wp\/v2\/berocket_brand?post=27242"}],"curies":[{"name":"wp","href":"https:\/\/api.w.org\/{rel}","templated":true}]}}