{"id":27152,"date":"2026-03-09T16:12:11","date_gmt":"2026-03-09T13:12:11","guid":{"rendered":"https:\/\/www.facecorner.lv\/?post_type=product&#038;p=27152"},"modified":"2026-04-16T16:13:42","modified_gmt":"2026-04-16T13:13:42","slug":"medi-peel-phyto-exsome-pdrn-lift-shot-mist-stiprinoss-un-liftinga-mist-120ml","status":"publish","type":"product","link":"https:\/\/www.facecorner.lv\/en\/shop\/medi-peel-phyto-exsome-pdrn-lift-shot-mist-stiprinoss-un-liftinga-mist-120ml\/","title":{"rendered":"Medi-Peel Phyto Exsome PDRN Lift Shot Mist stiprino\u0161s un liftinga mist 120ml"},"content":{"rendered":"<p data-section-id=\"5eg9cu\" data-start=\"125\" data-end=\"170\">Medi-Peel Phyto Exsome PDRN Lift Shot Mist stiprino\u0161s un liftinga miglas l\u012bdzeklis sejai ar PDRN \u2014 viegls, atsvaidzino\u0161s aerosols, kas vienlaikus mitrina, toniz\u0113 un pal\u012bdz \u0101dai atjaunoties.<\/p>\n<p data-section-id=\"5eg9cu\" data-start=\"125\" data-end=\"170\">Izstr\u0101d\u0101ts, pamatojoties uz PDRN (polinukleot\u012bdu) tehnolo\u0123iju un augu ekstraktiem, nodro\u0161inot profesion\u0101lu kop\u0161anu tie\u0161i m\u0101j\u0101s.<\/p>\n<p>L\u012bdzeklis ir piem\u0113rots visiem \u0101das tipiem un ide\u0101li piem\u0113rots, lai palielin\u0101tu elast\u012bbu, atjaunotu \u0101du p\u0113c stresa un saglab\u0101tu sejas mirdzumu visas dienas garum\u0101.<\/p>\n<h6>Priek\u0161roc\u012bbas:<\/h6>\n<ul>\n<li>T\u016bl\u012bt\u0113ja mitrin\u0101\u0161ana bez lip\u012bguma<\/li>\n<li>Liftinga efekts un elast\u012bba pateicoties PDRN<\/li>\n<li>\u0100das aizsardz\u012bba un atjauno\u0161ana ar augu ekstraktiem<\/li>\n<li>\u0100das atsvaidzin\u0101\u0161ana visas dienas garum\u0101, ide\u0101li piem\u0113rots lieto\u0161anai virs grima<\/li>\n<li>Viegla, maiga smar\u017ea komfortablai lieto\u0161anai<\/li>\n<\/ul>\n<h6>Bubble Pop Cleanser products fine, soft foam to cleanse away dead skin, sebum and makeup residue from your face, while hyaluronic acid moisturizes your skin.<\/h6>\n<ul>\n<li>PDRN (polideoksiribonukleot\u012bds) \u2014 stimul\u0113 \u0101das atjauno\u0161anos un \u0161\u016bnu re\u0123ener\u0101ciju<\/li>\n<li>Augu izcelsmes eksosomas \u2014 pastiprina akt\u012bvo vielu ies\u016bk\u0161anos<\/li>\n<li>Augu ekstrakti (Phyto Extracts) \u2014 mitrina, nodro\u0161ina antioksidantu aizsardz\u012bbu un nomierino\u0161u efektu<\/li>\n<li>Hialuronsk\u0101be \u2014 dzi\u013ci mitrina<\/li>\n<\/ul>\n<p><strong>How to use:<\/strong><\/p>\n<ol>\n<li>Pirms lieto\u0161anas labi sakrat\u012bt.<\/li>\n<li>Turiet flakonu 20\u201330 cm att\u0101lum\u0101 no sejas.<\/li>\n<li>Izsmidziniet vienm\u0113r\u012bgi uz t\u012bras \u0101das vai virs grima.<\/li>\n<li>Vajadz\u012bbas gad\u012bjum\u0101 lietojiet vair\u0101kas reizes dien\u0101, lai mitrin\u0101tu un atsvaidzin\u0101tu \u0101du.<\/li>\n<\/ol>\n<p><strong>Sast\u0101vs:<\/strong> Purified Water, Triethylhexanoin, Helianthus Annuus (Sunflower) Seed Oil, Glycerin, Niacinamide, 1,2\u2011Hexanediol, Ethylhexylglycerin, Triazole\u20114 Phosphate, Hydrogenated Decantin, Butylene Glycol, Adenosine, Hyaluronic Acid, Lotus Flower Water (98\u202fppm), Maltodextrin, Hydrolyzed Vegetable Protein, Caprylyl Glycol, Pentylene Glycol, Cyanocobalamin, Tocopherol, Sodium Hyaluronate, Polyglyceryl\u201110 Laurate, Seaweed Extract, Honey Extract, Hydrolyzed Hyaluronic Acid, Hydroxypropyltrimonium Hyaluronate, Hydrolyzed Sodium Hyaluronate, Potassium Hyaluronate, Apple Mint Leaf Extract, Green Tea Extract, Thyme Leaf Extract, Hyaluronate Crosspolymer Sodium, Retinol, Riboflavin, Biotin, Bioflavonoids, Acetylated Sodium Hyaluronate, Thiamine HCL, Polyacid, Pyridoxine, Hydrolyzed Collagen, Menadione, Copper\u2011Tripeptide\u20111, Tripeptide\u20111, Palmitoyl Pentapeptide\u20114, Palmitoyl Tripeptide\u20111, Hexapeptide\u20119, Hexapeptide\u201111, Apple Cell Culture Extract (0.001\u202fppm), Lotus Leaf Extract (0.0001\u202fppm), Sodium DNA (0.00001\u202fppm), Fragrance.<\/p>","protected":false},"excerpt":{"rendered":"<p>Medi-Peel Phyto Exsome PDRN Lift Shot Mist stiprino\u0161s un liftinga miglas l\u012bdzeklis sejai ar PDRN \u2014 viegls, atsvaidzino\u0161s aerosols, kas vienlaikus mitrina, toniz\u0113 un pal\u012bdz \u0101dai atjaunoties.<\/p>","protected":false},"featured_media":27153,"comment_status":"open","ping_status":"closed","template":"","meta":{"site-sidebar-layout":"default","site-content-layout":"","ast-site-content-layout":"default","site-content-style":"default","site-sidebar-style":"default","ast-global-header-display":"","ast-banner-title-visibility":"","ast-main-header-display":"","ast-hfb-above-header-display":"","ast-hfb-below-header-display":"","ast-hfb-mobile-header-display":"","site-post-title":"","ast-breadcrumbs-content":"","ast-featured-img":"","footer-sml-layout":"","theme-transparent-header-meta":"default","adv-header-id-meta":"","stick-header-meta":"","header-above-stick-meta":"","header-main-stick-meta":"","header-below-stick-meta":"","astra-migrate-meta-layouts":"set","ast-page-background-enabled":"default","ast-page-background-meta":{"desktop":{"background-color":"var(--ast-global-color-4)","background-image":"","background-repeat":"repeat","background-position":"center center","background-size":"auto","background-attachment":"scroll","background-type":"","background-media":"","overlay-type":"","overlay-color":"","overlay-opacity":"","overlay-gradient":""},"tablet":{"background-color":"","background-image":"","background-repeat":"repeat","background-position":"center center","background-size":"auto","background-attachment":"scroll","background-type":"","background-media":"","overlay-type":"","overlay-color":"","overlay-opacity":"","overlay-gradient":""},"mobile":{"background-color":"","background-image":"","background-repeat":"repeat","background-position":"center center","background-size":"auto","background-attachment":"scroll","background-type":"","background-media":"","overlay-type":"","overlay-color":"","overlay-opacity":"","overlay-gradient":""}},"ast-content-background-meta":{"desktop":{"background-color":"var(--ast-global-color-5)","background-image":"","background-repeat":"repeat","background-position":"center center","background-size":"auto","background-attachment":"scroll","background-type":"","background-media":"","overlay-type":"","overlay-color":"","overlay-opacity":"","overlay-gradient":""},"tablet":{"background-color":"var(--ast-global-color-5)","background-image":"","background-repeat":"repeat","background-position":"center center","background-size":"auto","background-attachment":"scroll","background-type":"","background-media":"","overlay-type":"","overlay-color":"","overlay-opacity":"","overlay-gradient":""},"mobile":{"background-color":"var(--ast-global-color-5)","background-image":"","background-repeat":"repeat","background-position":"center center","background-size":"auto","background-attachment":"scroll","background-type":"","background-media":"","overlay-type":"","overlay-color":"","overlay-opacity":"","overlay-gradient":""}}},"product_brand":[],"product_cat":[652,378,364],"product_tag":[],"berocket_brand":[583],"class_list":{"0":"post-27152","1":"product","2":"type-product","3":"status-publish","4":"has-post-thumbnail","6":"product_cat-pdrn","7":"product_cat-sausai-adai-toneri","8":"product_cat-toneri","9":"berocket_brand-medi-peel","10":"desktop-align-left","11":"tablet-align-left","12":"mobile-align-left","14":"first","15":"outofstock","16":"taxable","17":"shipping-taxable","18":"purchasable","19":"product-type-simple","20":"add-to-wishlist-before_image"},"yoast_head":"<!-- This site is optimized with the Yoast SEO plugin v27.4 - https:\/\/yoast.com\/product\/yoast-seo-wordpress\/ -->\n<title>Medi-Peel Phyto Exsome PDRN Lift Shot Mist stiprino\u0161s un liftinga mist 120ml - FACECORNER<\/title>\n<meta name=\"description\" content=\"Medi-Peel Phyto Exsome PDRN Lift Shot Mist stiprino\u0161s un liftinga miglas l\u012bdzeklis sejai ar PDRN \u2014 viegls, atsvaidzino\u0161s aerosols, kas vienlaikus mitrina, toniz\u0113 un pal\u012bdz \u0101dai atjaunoties.\" \/>\n<meta name=\"robots\" content=\"index, follow, max-snippet:-1, max-image-preview:large, max-video-preview:-1\" \/>\n<link rel=\"canonical\" href=\"https:\/\/www.facecorner.lv\/en\/shop\/medi-peel-phyto-exsome-pdrn-lift-shot-mist-stiprinoss-un-liftinga-mist-120ml\/\" \/>\n<meta property=\"og:locale\" content=\"en_US\" \/>\n<meta property=\"og:type\" content=\"article\" \/>\n<meta property=\"og:title\" content=\"Medi-Peel Phyto Exsome PDRN Lift Shot Mist stiprino\u0161s un liftinga mist 120ml - FACECORNER\" \/>\n<meta property=\"og:description\" content=\"Medi-Peel Phyto Exsome PDRN Lift Shot Mist stiprino\u0161s un liftinga miglas l\u012bdzeklis sejai ar PDRN \u2014 viegls, atsvaidzino\u0161s aerosols, kas vienlaikus mitrina, toniz\u0113 un pal\u012bdz \u0101dai atjaunoties.\" \/>\n<meta property=\"og:url\" content=\"https:\/\/www.facecorner.lv\/en\/shop\/medi-peel-phyto-exsome-pdrn-lift-shot-mist-stiprinoss-un-liftinga-mist-120ml\/\" \/>\n<meta property=\"og:site_name\" content=\"FACECORNER\" \/>\n<meta property=\"article:publisher\" content=\"https:\/\/www.facebook.com\/profile.php?id=100063824551839\" \/>\n<meta property=\"article:modified_time\" content=\"2026-04-16T13:13:42+00:00\" \/>\n<meta property=\"og:image\" content=\"https:\/\/www.facecorner.lv\/wp-content\/uploads\/2026\/03\/phyto-exosome-pdrn-lifting-shot-mist-photo-1.webp\" \/>\n\t<meta property=\"og:image:width\" content=\"1000\" \/>\n\t<meta property=\"og:image:height\" content=\"1000\" \/>\n\t<meta property=\"og:image:type\" content=\"image\/webp\" \/>\n<meta name=\"twitter:card\" content=\"summary_large_image\" \/>\n<meta name=\"twitter:label1\" content=\"Price\" \/>\n\t<meta name=\"twitter:data1\" content=\"&euro;23.95\" \/>\n\t<meta name=\"twitter:label2\" content=\"Availability\" \/>\n\t<meta name=\"twitter:data2\" content=\"Out of stock\" \/>\n<script type=\"application\/ld+json\" class=\"yoast-schema-graph\">{\"@context\":\"https:\\\/\\\/schema.org\",\"@graph\":[{\"@type\":\"WebPage\",\"@id\":\"https:\\\/\\\/www.facecorner.lv\\\/shop\\\/medi-peel-phyto-exsome-pdrn-lift-shot-mist-stiprinoss-un-liftinga-mist-120ml\\\/\",\"url\":\"https:\\\/\\\/www.facecorner.lv\\\/shop\\\/medi-peel-phyto-exsome-pdrn-lift-shot-mist-stiprinoss-un-liftinga-mist-120ml\\\/\",\"name\":\"Medi-Peel Phyto Exsome PDRN Lift Shot Mist stiprino\u0161s un liftinga mist 120ml - FACECORNER\",\"isPartOf\":{\"@id\":\"https:\\\/\\\/www.facecorner.lv\\\/#website\"},\"primaryImageOfPage\":{\"@id\":\"https:\\\/\\\/www.facecorner.lv\\\/shop\\\/medi-peel-phyto-exsome-pdrn-lift-shot-mist-stiprinoss-un-liftinga-mist-120ml\\\/#primaryimage\"},\"image\":{\"@id\":\"https:\\\/\\\/www.facecorner.lv\\\/shop\\\/medi-peel-phyto-exsome-pdrn-lift-shot-mist-stiprinoss-un-liftinga-mist-120ml\\\/#primaryimage\"},\"thumbnailUrl\":\"https:\\\/\\\/www.facecorner.lv\\\/wp-content\\\/uploads\\\/2026\\\/03\\\/phyto-exosome-pdrn-lifting-shot-mist-photo-1.webp\",\"datePublished\":\"2026-03-09T13:12:11+00:00\",\"dateModified\":\"2026-04-16T13:13:42+00:00\",\"description\":\"Medi-Peel Phyto Exsome PDRN Lift Shot Mist stiprino\u0161s un liftinga miglas l\u012bdzeklis sejai ar PDRN \u2014 viegls, atsvaidzino\u0161s aerosols, kas vienlaikus mitrina, toniz\u0113 un pal\u012bdz \u0101dai atjaunoties.\",\"breadcrumb\":{\"@id\":\"https:\\\/\\\/www.facecorner.lv\\\/shop\\\/medi-peel-phyto-exsome-pdrn-lift-shot-mist-stiprinoss-un-liftinga-mist-120ml\\\/#breadcrumb\"},\"inLanguage\":\"en-US\",\"potentialAction\":[{\"@type\":\"ReadAction\",\"target\":[\"https:\\\/\\\/www.facecorner.lv\\\/shop\\\/medi-peel-phyto-exsome-pdrn-lift-shot-mist-stiprinoss-un-liftinga-mist-120ml\\\/\"]}]},{\"@type\":\"ImageObject\",\"inLanguage\":\"en-US\",\"@id\":\"https:\\\/\\\/www.facecorner.lv\\\/shop\\\/medi-peel-phyto-exsome-pdrn-lift-shot-mist-stiprinoss-un-liftinga-mist-120ml\\\/#primaryimage\",\"url\":\"https:\\\/\\\/www.facecorner.lv\\\/wp-content\\\/uploads\\\/2026\\\/03\\\/phyto-exosome-pdrn-lifting-shot-mist-photo-1.webp\",\"contentUrl\":\"https:\\\/\\\/www.facecorner.lv\\\/wp-content\\\/uploads\\\/2026\\\/03\\\/phyto-exosome-pdrn-lifting-shot-mist-photo-1.webp\",\"width\":1000,\"height\":1000,\"caption\":\"Medi-Peel Phyto Exsome PDRN Lift Shot Mist\"},{\"@type\":\"BreadcrumbList\",\"@id\":\"https:\\\/\\\/www.facecorner.lv\\\/shop\\\/medi-peel-phyto-exsome-pdrn-lift-shot-mist-stiprinoss-un-liftinga-mist-120ml\\\/#breadcrumb\",\"itemListElement\":[{\"@type\":\"ListItem\",\"position\":1,\"name\":\"Home\",\"item\":\"https:\\\/\\\/www.facecorner.lv\\\/\"},{\"@type\":\"ListItem\",\"position\":2,\"name\":\"Veikals\",\"item\":\"https:\\\/\\\/www.facecorner.lv\\\/shop\\\/\"},{\"@type\":\"ListItem\",\"position\":3,\"name\":\"Medi-Peel Phyto Exsome PDRN Lift Shot Mist stiprino\u0161s un liftinga mist 120ml\"}]},{\"@type\":\"WebSite\",\"@id\":\"https:\\\/\\\/www.facecorner.lv\\\/#website\",\"url\":\"https:\\\/\\\/www.facecorner.lv\\\/\",\"name\":\"Facecorner\",\"description\":\"\",\"publisher\":{\"@id\":\"https:\\\/\\\/www.facecorner.lv\\\/#organization\"},\"potentialAction\":[{\"@type\":\"SearchAction\",\"target\":{\"@type\":\"EntryPoint\",\"urlTemplate\":\"https:\\\/\\\/www.facecorner.lv\\\/?s={search_term_string}\"},\"query-input\":{\"@type\":\"PropertyValueSpecification\",\"valueRequired\":true,\"valueName\":\"search_term_string\"}}],\"inLanguage\":\"en-US\"},{\"@type\":\"Organization\",\"@id\":\"https:\\\/\\\/www.facecorner.lv\\\/#organization\",\"name\":\"Facecorner\",\"url\":\"https:\\\/\\\/www.facecorner.lv\\\/\",\"logo\":{\"@type\":\"ImageObject\",\"inLanguage\":\"en-US\",\"@id\":\"https:\\\/\\\/www.facecorner.lv\\\/#\\\/schema\\\/logo\\\/image\\\/\",\"url\":\"https:\\\/\\\/www.facecorner.lv\\\/wp-content\\\/uploads\\\/2024\\\/04\\\/fc-logo.jpg\",\"contentUrl\":\"https:\\\/\\\/www.facecorner.lv\\\/wp-content\\\/uploads\\\/2024\\\/04\\\/fc-logo.jpg\",\"width\":174,\"height\":28,\"caption\":\"Facecorner\"},\"image\":{\"@id\":\"https:\\\/\\\/www.facecorner.lv\\\/#\\\/schema\\\/logo\\\/image\\\/\"},\"sameAs\":[\"https:\\\/\\\/www.facebook.com\\\/profile.php?id=100063824551839\",\"https:\\\/\\\/www.instagram.com\\\/facecorner_shop\\\/\"]}]}<\/script>\n<meta property=\"product:price:amount\" content=\"23.95\" \/>\n<meta property=\"product:price:currency\" content=\"EUR\" \/>\n<meta property=\"og:availability\" content=\"out of stock\" \/>\n<meta property=\"product:availability\" content=\"out of stock\" \/>\n<meta property=\"product:condition\" content=\"new\" \/>\n<!-- \/ Yoast SEO plugin. -->","yoast_head_json":{"title":"Medi-Peel Phyto Exsome PDRN Lift Shot Mist stiprino\u0161s un liftinga mist 120ml - FACECORNER","description":"Medi-Peel Phyto Exsome PDRN Lift Shot Mist stiprino\u0161s un liftinga miglas l\u012bdzeklis sejai ar PDRN \u2014 viegls, atsvaidzino\u0161s aerosols, kas vienlaikus mitrina, toniz\u0113 un pal\u012bdz \u0101dai atjaunoties.","robots":{"index":"index","follow":"follow","max-snippet":"max-snippet:-1","max-image-preview":"max-image-preview:large","max-video-preview":"max-video-preview:-1"},"canonical":"https:\/\/www.facecorner.lv\/en\/shop\/medi-peel-phyto-exsome-pdrn-lift-shot-mist-stiprinoss-un-liftinga-mist-120ml\/","og_locale":"en_US","og_type":"article","og_title":"Medi-Peel Phyto Exsome PDRN Lift Shot Mist stiprino\u0161s un liftinga mist 120ml - FACECORNER","og_description":"Medi-Peel Phyto Exsome PDRN Lift Shot Mist stiprino\u0161s un liftinga miglas l\u012bdzeklis sejai ar PDRN \u2014 viegls, atsvaidzino\u0161s aerosols, kas vienlaikus mitrina, toniz\u0113 un pal\u012bdz \u0101dai atjaunoties.","og_url":"https:\/\/www.facecorner.lv\/en\/shop\/medi-peel-phyto-exsome-pdrn-lift-shot-mist-stiprinoss-un-liftinga-mist-120ml\/","og_site_name":"FACECORNER","article_publisher":"https:\/\/www.facebook.com\/profile.php?id=100063824551839","article_modified_time":"2026-04-16T13:13:42+00:00","og_image":[{"width":1000,"height":1000,"url":"https:\/\/www.facecorner.lv\/wp-content\/uploads\/2026\/03\/phyto-exosome-pdrn-lifting-shot-mist-photo-1.webp","type":"image\/webp"}],"twitter_card":"summary_large_image","twitter_misc":{"Price":"&euro;23.95","Availability":"Out of stock"},"schema":{"@context":"https:\/\/schema.org","@graph":[{"@type":"WebPage","@id":"https:\/\/www.facecorner.lv\/shop\/medi-peel-phyto-exsome-pdrn-lift-shot-mist-stiprinoss-un-liftinga-mist-120ml\/","url":"https:\/\/www.facecorner.lv\/shop\/medi-peel-phyto-exsome-pdrn-lift-shot-mist-stiprinoss-un-liftinga-mist-120ml\/","name":"Medi-Peel Phyto Exsome PDRN Lift Shot Mist stiprino\u0161s un liftinga mist 120ml - FACECORNER","isPartOf":{"@id":"https:\/\/www.facecorner.lv\/#website"},"primaryImageOfPage":{"@id":"https:\/\/www.facecorner.lv\/shop\/medi-peel-phyto-exsome-pdrn-lift-shot-mist-stiprinoss-un-liftinga-mist-120ml\/#primaryimage"},"image":{"@id":"https:\/\/www.facecorner.lv\/shop\/medi-peel-phyto-exsome-pdrn-lift-shot-mist-stiprinoss-un-liftinga-mist-120ml\/#primaryimage"},"thumbnailUrl":"https:\/\/www.facecorner.lv\/wp-content\/uploads\/2026\/03\/phyto-exosome-pdrn-lifting-shot-mist-photo-1.webp","datePublished":"2026-03-09T13:12:11+00:00","dateModified":"2026-04-16T13:13:42+00:00","description":"Medi-Peel Phyto Exsome PDRN Lift Shot Mist stiprino\u0161s un liftinga miglas l\u012bdzeklis sejai ar PDRN \u2014 viegls, atsvaidzino\u0161s aerosols, kas vienlaikus mitrina, toniz\u0113 un pal\u012bdz \u0101dai atjaunoties.","breadcrumb":{"@id":"https:\/\/www.facecorner.lv\/shop\/medi-peel-phyto-exsome-pdrn-lift-shot-mist-stiprinoss-un-liftinga-mist-120ml\/#breadcrumb"},"inLanguage":"en-US","potentialAction":[{"@type":"ReadAction","target":["https:\/\/www.facecorner.lv\/shop\/medi-peel-phyto-exsome-pdrn-lift-shot-mist-stiprinoss-un-liftinga-mist-120ml\/"]}]},{"@type":"ImageObject","inLanguage":"en-US","@id":"https:\/\/www.facecorner.lv\/shop\/medi-peel-phyto-exsome-pdrn-lift-shot-mist-stiprinoss-un-liftinga-mist-120ml\/#primaryimage","url":"https:\/\/www.facecorner.lv\/wp-content\/uploads\/2026\/03\/phyto-exosome-pdrn-lifting-shot-mist-photo-1.webp","contentUrl":"https:\/\/www.facecorner.lv\/wp-content\/uploads\/2026\/03\/phyto-exosome-pdrn-lifting-shot-mist-photo-1.webp","width":1000,"height":1000,"caption":"Medi-Peel Phyto Exsome PDRN Lift Shot Mist"},{"@type":"BreadcrumbList","@id":"https:\/\/www.facecorner.lv\/shop\/medi-peel-phyto-exsome-pdrn-lift-shot-mist-stiprinoss-un-liftinga-mist-120ml\/#breadcrumb","itemListElement":[{"@type":"ListItem","position":1,"name":"Home","item":"https:\/\/www.facecorner.lv\/"},{"@type":"ListItem","position":2,"name":"Veikals","item":"https:\/\/www.facecorner.lv\/shop\/"},{"@type":"ListItem","position":3,"name":"Medi-Peel Phyto Exsome PDRN Lift Shot Mist stiprino\u0161s un liftinga mist 120ml"}]},{"@type":"WebSite","@id":"https:\/\/www.facecorner.lv\/#website","url":"https:\/\/www.facecorner.lv\/","name":"Facecorner","description":"","publisher":{"@id":"https:\/\/www.facecorner.lv\/#organization"},"potentialAction":[{"@type":"SearchAction","target":{"@type":"EntryPoint","urlTemplate":"https:\/\/www.facecorner.lv\/?s={search_term_string}"},"query-input":{"@type":"PropertyValueSpecification","valueRequired":true,"valueName":"search_term_string"}}],"inLanguage":"en-US"},{"@type":"Organization","@id":"https:\/\/www.facecorner.lv\/#organization","name":"Facecorner","url":"https:\/\/www.facecorner.lv\/","logo":{"@type":"ImageObject","inLanguage":"en-US","@id":"https:\/\/www.facecorner.lv\/#\/schema\/logo\/image\/","url":"https:\/\/www.facecorner.lv\/wp-content\/uploads\/2024\/04\/fc-logo.jpg","contentUrl":"https:\/\/www.facecorner.lv\/wp-content\/uploads\/2024\/04\/fc-logo.jpg","width":174,"height":28,"caption":"Facecorner"},"image":{"@id":"https:\/\/www.facecorner.lv\/#\/schema\/logo\/image\/"},"sameAs":["https:\/\/www.facebook.com\/profile.php?id=100063824551839","https:\/\/www.instagram.com\/facecorner_shop\/"]}]},"product_price_amount":"23.95","product_price_currency":"EUR","og_availability":"out of stock","product_availability":"out of stock","product_condition":"new"},"_links":{"self":[{"href":"https:\/\/www.facecorner.lv\/en\/wp-json\/wp\/v2\/product\/27152","targetHints":{"allow":["GET"]}}],"collection":[{"href":"https:\/\/www.facecorner.lv\/en\/wp-json\/wp\/v2\/product"}],"about":[{"href":"https:\/\/www.facecorner.lv\/en\/wp-json\/wp\/v2\/types\/product"}],"replies":[{"embeddable":true,"href":"https:\/\/www.facecorner.lv\/en\/wp-json\/wp\/v2\/comments?post=27152"}],"wp:featuredmedia":[{"embeddable":true,"href":"https:\/\/www.facecorner.lv\/en\/wp-json\/wp\/v2\/media\/27153"}],"wp:attachment":[{"href":"https:\/\/www.facecorner.lv\/en\/wp-json\/wp\/v2\/media?parent=27152"}],"wp:term":[{"taxonomy":"product_brand","embeddable":true,"href":"https:\/\/www.facecorner.lv\/en\/wp-json\/wp\/v2\/product_brand?post=27152"},{"taxonomy":"product_cat","embeddable":true,"href":"https:\/\/www.facecorner.lv\/en\/wp-json\/wp\/v2\/product_cat?post=27152"},{"taxonomy":"product_tag","embeddable":true,"href":"https:\/\/www.facecorner.lv\/en\/wp-json\/wp\/v2\/product_tag?post=27152"},{"taxonomy":"berocket_brand","embeddable":true,"href":"https:\/\/www.facecorner.lv\/en\/wp-json\/wp\/v2\/berocket_brand?post=27152"}],"curies":[{"name":"wp","href":"https:\/\/api.w.org\/{rel}","templated":true}]}}