{"id":27119,"date":"2026-03-06T15:16:24","date_gmt":"2026-03-06T12:16:24","guid":{"rendered":"https:\/\/www.facecorner.lv\/?post_type=product&#038;p=27119"},"modified":"2026-04-17T16:05:29","modified_gmt":"2026-04-17T13:05:29","slug":"dr-melaxin-dubai-peptide-clay-mask-peptidu-attirosa-maska-ar-malu-100g","status":"publish","type":"product","link":"https:\/\/www.facecorner.lv\/en\/shop\/dr-melaxin-dubai-peptide-clay-mask-peptidu-attirosa-maska-ar-malu-100g\/","title":{"rendered":"Dr. Melaxin Dubai Peptide Clay Mask pept\u012bdu att\u012bro\u0161a maska ar m\u0101lu 100g"},"content":{"rendered":"<p>Dr. Melaxin Dubai Peptide Clay Mask ir intens\u012bva att\u012bro\u0161a maska ar m\u0101lu un pept\u012bdu kompleksu, kas izstr\u0101d\u0101ta kombin\u0113tas un taukainas \u0101das kop\u0161anai.<\/p>\n<p>L\u012bdzeklis efekt\u012bvi att\u012bra poras no net\u012brumiem un liek\u0101 sebuma, pal\u012bdz samazin\u0101t to redzam\u012bbu un uzlabo \u0101das kop\u0113jo toni. Pept\u012bdi veicina elast\u012bbas palielin\u0101\u0161anos un atbalsta pretnoveco\u0161an\u0101s kop\u0161anu, bet m\u0101ls nodro\u0161ina mat\u0113jo\u0161u un detoksik\u0101cijas efektu.<\/p>\n<p>P\u0113c lieto\u0161anas \u0101da k\u013c\u016bst t\u012br\u0101ka, glud\u0101ka un mat\u0113ta, bez sausuma saj\u016btas.<\/p>\n<h6>Priek\u0161roc\u012bbas:<\/h6>\n<ul>\n<li>dzi\u013ca poru att\u012br\u012b\u0161ana<\/li>\n<li>tauku sp\u012bduma kontrole<\/li>\n<li>poru sa\u0161aurin\u0101\u0161ana<\/li>\n<li>\u0101das elast\u012bbas uztur\u0113\u0161ana (pept\u012bdi)<\/li>\n<li>tekst\u016bras un tonusa uzlabo\u0161ana<\/li>\n<li>mat\u0113jo\u0161s efekts<\/li>\n<\/ul>\n<p><strong>How to use:<\/strong>: P\u0113c sejas nomazg\u0101\u0161anas uzkl\u0101jiet uz \u0101das atbilsto\u0161u daudzumu l\u012bdzek\u013ca, izvairoties no acu un mutes zonas. Viegli iemas\u0113jiet ar ap\u013cveida kust\u012bb\u0101m 1 min\u016bti. Kad kapsulas ir ies\u016bku\u0161\u0101s un kr\u0101sa k\u013cuvusi tum\u0161\u0101ka, r\u016bp\u012bgi noskalojiet ar remdenu \u016bdeni.<\/p>\n<p><strong>Sast\u0101vs:<\/strong> Water, Glycerin, Kaolin, Propanediol, 1,2-Hexanediol, Glyceryl Stearate, Bentonite, Cetyl Ethylhexanoate, Caprylic\/Capric Triglyceride, Cetearyl Alcohol, Butylene Glycol, Charcoal Powder, Mannitol, Microcrystalline Cellulose, Zea Mays (Corn) Starch, Sodium Polyacrylate, Polyacrylate Crosspolymer-6, Ethylhexylglycerin, Parfum (Fragrance), Hydroxypropyl Starch Phosphate, Hydrogenated Lecithin, Disodium EDTA, t-Butyl Alcohol, Castanea Crenata (Chestnut) Shell Extract, Diospyros Kaki Leaf Extract, Lavandula Angustifolia (Lavender) Flower Extract, Vitis Vinifera (Grape) Fruit Extract, Polygonum Cuspidatum Root Extract, Carthamus Tinctorius (Safflower) Flower Extract, Coffea Arabica (Coffee) Seed Extract, Dextrin, Saccharide Isomerate, Camellia Sinensis (Green Tea) Leaf Extract, Zanthoxylum Piperitum Fruit Extract, Theobroma Cacao (Cocoa) Extract, Pistacia Vera Seed Extract, Papain, Protease, Bromelain, Lipase, Sodium Citrate, Citric Acid, sh-Oligopeptide-1, sh-Polypeptide-1, sh-Oligopeptide-2, sh-Polypeptide-22, Titanium Dioxide (CI 77891), Chromium Oxide Greens (CI 77288), Iron Oxides (CI 77492, CI 77499)<\/p>\n<p><strong>Kontaktinform\u0101cija:<\/strong><\/p>\n<p>Brand501 EU B.V, Sarphati Plaza,Rhijnspoorplein 10-3 Amsterdam 1018TX Netherlands,brand501.eu@brand501.com<\/p>\n<p><strong>BR\u012aDIN\u0100JUMI!<\/strong><\/p>\n<ul>\n<li>Tikai \u0101r\u012bgai lieto\u0161anai.<\/li>\n<li>Izvair\u012bties no saskares ar ac\u012bm.<\/li>\n<li>Saskares gad\u012bjum\u0101 izskalot ar \u016bdeni.<\/li>\n<li>Ja rodas kairin\u0101jums vai aler\u0123iska reakcija, p\u0101rtraukt lieto\u0161anu.<\/li>\n<li>Nelietot uz boj\u0101tas vai kairin\u0101tas \u0101das.<\/li>\n<li>Uzglab\u0101t b\u0113rniem nepieejam\u0101 viet\u0101<\/li>\n<\/ul>","protected":false},"excerpt":{"rendered":"<p>Pept\u012bdu m\u0101la maska dzi\u013cai \u0101das att\u012br\u012b\u0161anai, poru sa\u0161aurin\u0101\u0161anai un tekst\u016bras uzlabo\u0161anai. Pal\u012bdz kontrol\u0113t sebuma izdal\u012b\u0161anos, padara \u0101du glud\u0101ku, elast\u012bg\u0101ku un svaig\u0101ku.<\/p>","protected":false},"featured_media":27120,"comment_status":"open","ping_status":"closed","template":"","meta":{"site-sidebar-layout":"default","site-content-layout":"","ast-site-content-layout":"default","site-content-style":"default","site-sidebar-style":"default","ast-global-header-display":"","ast-banner-title-visibility":"","ast-main-header-display":"","ast-hfb-above-header-display":"","ast-hfb-below-header-display":"","ast-hfb-mobile-header-display":"","site-post-title":"","ast-breadcrumbs-content":"","ast-featured-img":"","footer-sml-layout":"","theme-transparent-header-meta":"default","adv-header-id-meta":"","stick-header-meta":"","header-above-stick-meta":"","header-main-stick-meta":"","header-below-stick-meta":"","astra-migrate-meta-layouts":"set","ast-page-background-enabled":"default","ast-page-background-meta":{"desktop":{"background-color":"var(--ast-global-color-4)","background-image":"","background-repeat":"repeat","background-position":"center center","background-size":"auto","background-attachment":"scroll","background-type":"","background-media":"","overlay-type":"","overlay-color":"","overlay-opacity":"","overlay-gradient":""},"tablet":{"background-color":"","background-image":"","background-repeat":"repeat","background-position":"center center","background-size":"auto","background-attachment":"scroll","background-type":"","background-media":"","overlay-type":"","overlay-color":"","overlay-opacity":"","overlay-gradient":""},"mobile":{"background-color":"","background-image":"","background-repeat":"repeat","background-position":"center center","background-size":"auto","background-attachment":"scroll","background-type":"","background-media":"","overlay-type":"","overlay-color":"","overlay-opacity":"","overlay-gradient":""}},"ast-content-background-meta":{"desktop":{"background-color":"var(--ast-global-color-5)","background-image":"","background-repeat":"repeat","background-position":"center center","background-size":"auto","background-attachment":"scroll","background-type":"","background-media":"","overlay-type":"","overlay-color":"","overlay-opacity":"","overlay-gradient":""},"tablet":{"background-color":"var(--ast-global-color-5)","background-image":"","background-repeat":"repeat","background-position":"center center","background-size":"auto","background-attachment":"scroll","background-type":"","background-media":"","overlay-type":"","overlay-color":"","overlay-opacity":"","overlay-gradient":""},"mobile":{"background-color":"var(--ast-global-color-5)","background-image":"","background-repeat":"repeat","background-position":"center center","background-size":"auto","background-attachment":"scroll","background-type":"","background-media":"","overlay-type":"","overlay-color":"","overlay-opacity":"","overlay-gradient":""}}},"product_brand":[],"product_cat":[316,315],"product_tag":[],"berocket_brand":[653],"class_list":{"0":"post-27119","1":"product","2":"type-product","3":"status-publish","4":"has-post-thumbnail","6":"product_cat-attirosas","7":"product_cat-maskas","8":"berocket_brand-dr-melaxin","9":"desktop-align-left","10":"tablet-align-left","11":"mobile-align-left","13":"first","14":"instock","15":"taxable","16":"shipping-taxable","17":"purchasable","18":"product-type-simple","19":"add-to-wishlist-before_image"},"yoast_head":"<!-- This site is optimized with the Yoast SEO plugin v27.4 - https:\/\/yoast.com\/product\/yoast-seo-wordpress\/ -->\n<title>Dr. Melaxin Dubai Peptide Clay Mask pept\u012bdu att\u012bro\u0161a maska ar m\u0101lu 100g - FACECORNER<\/title>\n<meta name=\"description\" content=\"Pept\u012bdu m\u0101la maska dzi\u013cai \u0101das att\u012br\u012b\u0161anai, poru sa\u0161aurin\u0101\u0161anai un tekst\u016bras uzlabo\u0161anai. Pal\u012bdz kontrol\u0113t sebuma izdal\u012b\u0161anos, padara \u0101du glud\u0101ku, elast\u012bg\u0101ku un svaig\u0101ku.\" \/>\n<meta name=\"robots\" content=\"index, follow, max-snippet:-1, max-image-preview:large, max-video-preview:-1\" \/>\n<link rel=\"canonical\" href=\"https:\/\/www.facecorner.lv\/en\/shop\/dr-melaxin-dubai-peptide-clay-mask-peptidu-attirosa-maska-ar-malu-100g\/\" \/>\n<meta property=\"og:locale\" content=\"en_US\" \/>\n<meta property=\"og:type\" content=\"article\" \/>\n<meta property=\"og:title\" content=\"Dr. Melaxin Dubai Peptide Clay Mask pept\u012bdu att\u012bro\u0161a maska ar m\u0101lu 100g - FACECORNER\" \/>\n<meta property=\"og:description\" content=\"Pept\u012bdu m\u0101la maska dzi\u013cai \u0101das att\u012br\u012b\u0161anai, poru sa\u0161aurin\u0101\u0161anai un tekst\u016bras uzlabo\u0161anai. Pal\u012bdz kontrol\u0113t sebuma izdal\u012b\u0161anos, padara \u0101du glud\u0101ku, elast\u012bg\u0101ku un svaig\u0101ku.\" \/>\n<meta property=\"og:url\" content=\"https:\/\/www.facecorner.lv\/en\/shop\/dr-melaxin-dubai-peptide-clay-mask-peptidu-attirosa-maska-ar-malu-100g\/\" \/>\n<meta property=\"og:site_name\" content=\"FACECORNER\" \/>\n<meta property=\"article:publisher\" content=\"https:\/\/www.facebook.com\/profile.php?id=100063824551839\" \/>\n<meta property=\"article:modified_time\" content=\"2026-04-17T13:05:29+00:00\" \/>\n<meta property=\"og:image\" content=\"https:\/\/www.facecorner.lv\/wp-content\/uploads\/2026\/03\/Dr.Melaxin_DubaiPeptideClayMask_Packshot.webp\" \/>\n\t<meta property=\"og:image:width\" content=\"800\" \/>\n\t<meta property=\"og:image:height\" content=\"800\" \/>\n\t<meta property=\"og:image:type\" content=\"image\/webp\" \/>\n<meta name=\"twitter:card\" content=\"summary_large_image\" \/>\n<meta name=\"twitter:label1\" content=\"Price\" \/>\n\t<meta name=\"twitter:data1\" content=\"&euro;29.95\" \/>\n\t<meta name=\"twitter:label2\" content=\"Availability\" \/>\n\t<meta name=\"twitter:data2\" content=\"In stock\" \/>\n<script type=\"application\/ld+json\" class=\"yoast-schema-graph\">{\"@context\":\"https:\\\/\\\/schema.org\",\"@graph\":[{\"@type\":\"WebPage\",\"@id\":\"https:\\\/\\\/www.facecorner.lv\\\/shop\\\/dr-melaxin-dubai-peptide-clay-mask-peptidu-attirosa-maska-ar-malu-100g\\\/\",\"url\":\"https:\\\/\\\/www.facecorner.lv\\\/shop\\\/dr-melaxin-dubai-peptide-clay-mask-peptidu-attirosa-maska-ar-malu-100g\\\/\",\"name\":\"Dr. Melaxin Dubai Peptide Clay Mask pept\u012bdu att\u012bro\u0161a maska ar m\u0101lu 100g - FACECORNER\",\"isPartOf\":{\"@id\":\"https:\\\/\\\/www.facecorner.lv\\\/#website\"},\"primaryImageOfPage\":{\"@id\":\"https:\\\/\\\/www.facecorner.lv\\\/shop\\\/dr-melaxin-dubai-peptide-clay-mask-peptidu-attirosa-maska-ar-malu-100g\\\/#primaryimage\"},\"image\":{\"@id\":\"https:\\\/\\\/www.facecorner.lv\\\/shop\\\/dr-melaxin-dubai-peptide-clay-mask-peptidu-attirosa-maska-ar-malu-100g\\\/#primaryimage\"},\"thumbnailUrl\":\"https:\\\/\\\/www.facecorner.lv\\\/wp-content\\\/uploads\\\/2026\\\/03\\\/Dr.Melaxin_DubaiPeptideClayMask_Packshot.webp\",\"datePublished\":\"2026-03-06T12:16:24+00:00\",\"dateModified\":\"2026-04-17T13:05:29+00:00\",\"description\":\"Pept\u012bdu m\u0101la maska dzi\u013cai \u0101das att\u012br\u012b\u0161anai, poru sa\u0161aurin\u0101\u0161anai un tekst\u016bras uzlabo\u0161anai. Pal\u012bdz kontrol\u0113t sebuma izdal\u012b\u0161anos, padara \u0101du glud\u0101ku, elast\u012bg\u0101ku un svaig\u0101ku.\",\"breadcrumb\":{\"@id\":\"https:\\\/\\\/www.facecorner.lv\\\/shop\\\/dr-melaxin-dubai-peptide-clay-mask-peptidu-attirosa-maska-ar-malu-100g\\\/#breadcrumb\"},\"inLanguage\":\"en-US\",\"potentialAction\":[{\"@type\":\"ReadAction\",\"target\":[\"https:\\\/\\\/www.facecorner.lv\\\/shop\\\/dr-melaxin-dubai-peptide-clay-mask-peptidu-attirosa-maska-ar-malu-100g\\\/\"]}]},{\"@type\":\"ImageObject\",\"inLanguage\":\"en-US\",\"@id\":\"https:\\\/\\\/www.facecorner.lv\\\/shop\\\/dr-melaxin-dubai-peptide-clay-mask-peptidu-attirosa-maska-ar-malu-100g\\\/#primaryimage\",\"url\":\"https:\\\/\\\/www.facecorner.lv\\\/wp-content\\\/uploads\\\/2026\\\/03\\\/Dr.Melaxin_DubaiPeptideClayMask_Packshot.webp\",\"contentUrl\":\"https:\\\/\\\/www.facecorner.lv\\\/wp-content\\\/uploads\\\/2026\\\/03\\\/Dr.Melaxin_DubaiPeptideClayMask_Packshot.webp\",\"width\":800,\"height\":800,\"caption\":\"Dr. Melaxin Dubai Peptide Clay Mask\"},{\"@type\":\"BreadcrumbList\",\"@id\":\"https:\\\/\\\/www.facecorner.lv\\\/shop\\\/dr-melaxin-dubai-peptide-clay-mask-peptidu-attirosa-maska-ar-malu-100g\\\/#breadcrumb\",\"itemListElement\":[{\"@type\":\"ListItem\",\"position\":1,\"name\":\"Home\",\"item\":\"https:\\\/\\\/www.facecorner.lv\\\/\"},{\"@type\":\"ListItem\",\"position\":2,\"name\":\"Veikals\",\"item\":\"https:\\\/\\\/www.facecorner.lv\\\/shop\\\/\"},{\"@type\":\"ListItem\",\"position\":3,\"name\":\"Dr. Melaxin Dubai Peptide Clay Mask pept\u012bdu att\u012bro\u0161a maska ar m\u0101lu 100g\"}]},{\"@type\":\"WebSite\",\"@id\":\"https:\\\/\\\/www.facecorner.lv\\\/#website\",\"url\":\"https:\\\/\\\/www.facecorner.lv\\\/\",\"name\":\"Facecorner\",\"description\":\"\",\"publisher\":{\"@id\":\"https:\\\/\\\/www.facecorner.lv\\\/#organization\"},\"potentialAction\":[{\"@type\":\"SearchAction\",\"target\":{\"@type\":\"EntryPoint\",\"urlTemplate\":\"https:\\\/\\\/www.facecorner.lv\\\/?s={search_term_string}\"},\"query-input\":{\"@type\":\"PropertyValueSpecification\",\"valueRequired\":true,\"valueName\":\"search_term_string\"}}],\"inLanguage\":\"en-US\"},{\"@type\":\"Organization\",\"@id\":\"https:\\\/\\\/www.facecorner.lv\\\/#organization\",\"name\":\"Facecorner\",\"url\":\"https:\\\/\\\/www.facecorner.lv\\\/\",\"logo\":{\"@type\":\"ImageObject\",\"inLanguage\":\"en-US\",\"@id\":\"https:\\\/\\\/www.facecorner.lv\\\/#\\\/schema\\\/logo\\\/image\\\/\",\"url\":\"https:\\\/\\\/www.facecorner.lv\\\/wp-content\\\/uploads\\\/2024\\\/04\\\/fc-logo.jpg\",\"contentUrl\":\"https:\\\/\\\/www.facecorner.lv\\\/wp-content\\\/uploads\\\/2024\\\/04\\\/fc-logo.jpg\",\"width\":174,\"height\":28,\"caption\":\"Facecorner\"},\"image\":{\"@id\":\"https:\\\/\\\/www.facecorner.lv\\\/#\\\/schema\\\/logo\\\/image\\\/\"},\"sameAs\":[\"https:\\\/\\\/www.facebook.com\\\/profile.php?id=100063824551839\",\"https:\\\/\\\/www.instagram.com\\\/facecorner_shop\\\/\"]}]}<\/script>\n<meta property=\"product:price:amount\" content=\"29.95\" \/>\n<meta property=\"product:price:currency\" content=\"EUR\" \/>\n<meta property=\"og:availability\" content=\"instock\" \/>\n<meta property=\"product:availability\" content=\"instock\" \/>\n<meta property=\"product:condition\" content=\"new\" \/>\n<!-- \/ Yoast SEO plugin. -->","yoast_head_json":{"title":"Dr. Melaxin Dubai Peptide Clay Mask pept\u012bdu att\u012bro\u0161a maska ar m\u0101lu 100g - FACECORNER","description":"Pept\u012bdu m\u0101la maska dzi\u013cai \u0101das att\u012br\u012b\u0161anai, poru sa\u0161aurin\u0101\u0161anai un tekst\u016bras uzlabo\u0161anai. Pal\u012bdz kontrol\u0113t sebuma izdal\u012b\u0161anos, padara \u0101du glud\u0101ku, elast\u012bg\u0101ku un svaig\u0101ku.","robots":{"index":"index","follow":"follow","max-snippet":"max-snippet:-1","max-image-preview":"max-image-preview:large","max-video-preview":"max-video-preview:-1"},"canonical":"https:\/\/www.facecorner.lv\/en\/shop\/dr-melaxin-dubai-peptide-clay-mask-peptidu-attirosa-maska-ar-malu-100g\/","og_locale":"en_US","og_type":"article","og_title":"Dr. Melaxin Dubai Peptide Clay Mask pept\u012bdu att\u012bro\u0161a maska ar m\u0101lu 100g - FACECORNER","og_description":"Pept\u012bdu m\u0101la maska dzi\u013cai \u0101das att\u012br\u012b\u0161anai, poru sa\u0161aurin\u0101\u0161anai un tekst\u016bras uzlabo\u0161anai. Pal\u012bdz kontrol\u0113t sebuma izdal\u012b\u0161anos, padara \u0101du glud\u0101ku, elast\u012bg\u0101ku un svaig\u0101ku.","og_url":"https:\/\/www.facecorner.lv\/en\/shop\/dr-melaxin-dubai-peptide-clay-mask-peptidu-attirosa-maska-ar-malu-100g\/","og_site_name":"FACECORNER","article_publisher":"https:\/\/www.facebook.com\/profile.php?id=100063824551839","article_modified_time":"2026-04-17T13:05:29+00:00","og_image":[{"width":800,"height":800,"url":"https:\/\/www.facecorner.lv\/wp-content\/uploads\/2026\/03\/Dr.Melaxin_DubaiPeptideClayMask_Packshot.webp","type":"image\/webp"}],"twitter_card":"summary_large_image","twitter_misc":{"Price":"&euro;29.95","Availability":"In stock"},"schema":{"@context":"https:\/\/schema.org","@graph":[{"@type":"WebPage","@id":"https:\/\/www.facecorner.lv\/shop\/dr-melaxin-dubai-peptide-clay-mask-peptidu-attirosa-maska-ar-malu-100g\/","url":"https:\/\/www.facecorner.lv\/shop\/dr-melaxin-dubai-peptide-clay-mask-peptidu-attirosa-maska-ar-malu-100g\/","name":"Dr. Melaxin Dubai Peptide Clay Mask pept\u012bdu att\u012bro\u0161a maska ar m\u0101lu 100g - FACECORNER","isPartOf":{"@id":"https:\/\/www.facecorner.lv\/#website"},"primaryImageOfPage":{"@id":"https:\/\/www.facecorner.lv\/shop\/dr-melaxin-dubai-peptide-clay-mask-peptidu-attirosa-maska-ar-malu-100g\/#primaryimage"},"image":{"@id":"https:\/\/www.facecorner.lv\/shop\/dr-melaxin-dubai-peptide-clay-mask-peptidu-attirosa-maska-ar-malu-100g\/#primaryimage"},"thumbnailUrl":"https:\/\/www.facecorner.lv\/wp-content\/uploads\/2026\/03\/Dr.Melaxin_DubaiPeptideClayMask_Packshot.webp","datePublished":"2026-03-06T12:16:24+00:00","dateModified":"2026-04-17T13:05:29+00:00","description":"Pept\u012bdu m\u0101la maska dzi\u013cai \u0101das att\u012br\u012b\u0161anai, poru sa\u0161aurin\u0101\u0161anai un tekst\u016bras uzlabo\u0161anai. Pal\u012bdz kontrol\u0113t sebuma izdal\u012b\u0161anos, padara \u0101du glud\u0101ku, elast\u012bg\u0101ku un svaig\u0101ku.","breadcrumb":{"@id":"https:\/\/www.facecorner.lv\/shop\/dr-melaxin-dubai-peptide-clay-mask-peptidu-attirosa-maska-ar-malu-100g\/#breadcrumb"},"inLanguage":"en-US","potentialAction":[{"@type":"ReadAction","target":["https:\/\/www.facecorner.lv\/shop\/dr-melaxin-dubai-peptide-clay-mask-peptidu-attirosa-maska-ar-malu-100g\/"]}]},{"@type":"ImageObject","inLanguage":"en-US","@id":"https:\/\/www.facecorner.lv\/shop\/dr-melaxin-dubai-peptide-clay-mask-peptidu-attirosa-maska-ar-malu-100g\/#primaryimage","url":"https:\/\/www.facecorner.lv\/wp-content\/uploads\/2026\/03\/Dr.Melaxin_DubaiPeptideClayMask_Packshot.webp","contentUrl":"https:\/\/www.facecorner.lv\/wp-content\/uploads\/2026\/03\/Dr.Melaxin_DubaiPeptideClayMask_Packshot.webp","width":800,"height":800,"caption":"Dr. Melaxin Dubai Peptide Clay Mask"},{"@type":"BreadcrumbList","@id":"https:\/\/www.facecorner.lv\/shop\/dr-melaxin-dubai-peptide-clay-mask-peptidu-attirosa-maska-ar-malu-100g\/#breadcrumb","itemListElement":[{"@type":"ListItem","position":1,"name":"Home","item":"https:\/\/www.facecorner.lv\/"},{"@type":"ListItem","position":2,"name":"Veikals","item":"https:\/\/www.facecorner.lv\/shop\/"},{"@type":"ListItem","position":3,"name":"Dr. Melaxin Dubai Peptide Clay Mask pept\u012bdu att\u012bro\u0161a maska ar m\u0101lu 100g"}]},{"@type":"WebSite","@id":"https:\/\/www.facecorner.lv\/#website","url":"https:\/\/www.facecorner.lv\/","name":"Facecorner","description":"","publisher":{"@id":"https:\/\/www.facecorner.lv\/#organization"},"potentialAction":[{"@type":"SearchAction","target":{"@type":"EntryPoint","urlTemplate":"https:\/\/www.facecorner.lv\/?s={search_term_string}"},"query-input":{"@type":"PropertyValueSpecification","valueRequired":true,"valueName":"search_term_string"}}],"inLanguage":"en-US"},{"@type":"Organization","@id":"https:\/\/www.facecorner.lv\/#organization","name":"Facecorner","url":"https:\/\/www.facecorner.lv\/","logo":{"@type":"ImageObject","inLanguage":"en-US","@id":"https:\/\/www.facecorner.lv\/#\/schema\/logo\/image\/","url":"https:\/\/www.facecorner.lv\/wp-content\/uploads\/2024\/04\/fc-logo.jpg","contentUrl":"https:\/\/www.facecorner.lv\/wp-content\/uploads\/2024\/04\/fc-logo.jpg","width":174,"height":28,"caption":"Facecorner"},"image":{"@id":"https:\/\/www.facecorner.lv\/#\/schema\/logo\/image\/"},"sameAs":["https:\/\/www.facebook.com\/profile.php?id=100063824551839","https:\/\/www.instagram.com\/facecorner_shop\/"]}]},"product_price_amount":"29.95","product_price_currency":"EUR","og_availability":"instock","product_availability":"instock","product_condition":"new"},"_links":{"self":[{"href":"https:\/\/www.facecorner.lv\/en\/wp-json\/wp\/v2\/product\/27119","targetHints":{"allow":["GET"]}}],"collection":[{"href":"https:\/\/www.facecorner.lv\/en\/wp-json\/wp\/v2\/product"}],"about":[{"href":"https:\/\/www.facecorner.lv\/en\/wp-json\/wp\/v2\/types\/product"}],"replies":[{"embeddable":true,"href":"https:\/\/www.facecorner.lv\/en\/wp-json\/wp\/v2\/comments?post=27119"}],"wp:featuredmedia":[{"embeddable":true,"href":"https:\/\/www.facecorner.lv\/en\/wp-json\/wp\/v2\/media\/27120"}],"wp:attachment":[{"href":"https:\/\/www.facecorner.lv\/en\/wp-json\/wp\/v2\/media?parent=27119"}],"wp:term":[{"taxonomy":"product_brand","embeddable":true,"href":"https:\/\/www.facecorner.lv\/en\/wp-json\/wp\/v2\/product_brand?post=27119"},{"taxonomy":"product_cat","embeddable":true,"href":"https:\/\/www.facecorner.lv\/en\/wp-json\/wp\/v2\/product_cat?post=27119"},{"taxonomy":"product_tag","embeddable":true,"href":"https:\/\/www.facecorner.lv\/en\/wp-json\/wp\/v2\/product_tag?post=27119"},{"taxonomy":"berocket_brand","embeddable":true,"href":"https:\/\/www.facecorner.lv\/en\/wp-json\/wp\/v2\/berocket_brand?post=27119"}],"curies":[{"name":"wp","href":"https:\/\/api.w.org\/{rel}","templated":true}]}}