{"id":27102,"date":"2026-03-06T13:47:40","date_gmt":"2026-03-06T10:47:40","guid":{"rendered":"https:\/\/www.facecorner.lv\/?post_type=product&#038;p=27102"},"modified":"2026-03-06T13:47:40","modified_gmt":"2026-03-06T10:47:40","slug":"dr-melaxin-hypoallergenic-melting-cleanser-attiross-putas-balzams-150ml","status":"publish","type":"product","link":"https:\/\/www.facecorner.lv\/en\/shop\/dr-melaxin-hypoallergenic-melting-cleanser-attiross-putas-balzams-150ml\/","title":{"rendered":"Dr. Melaxin Hypoallergenic Melting Cleanser att\u012bro\u0161s put\u0101s balzams 150ml"},"content":{"rendered":"<p>Dr. Melaxin Hypoallergenic Melting Cleanser ir maigs att\u012bro\u0161s l\u012bdzeklis, kas efekt\u012bvi no\u0146em grimu, saules aizsargl\u012bdzek\u013cus, sebumu un net\u012brumus, neizjaucot \u0101das dabisko aizsargbarjeru.<\/p>\n<p>T\u0101 unik\u0101l\u0101 \u201ck\u016bsto\u0161\u0101\u201d tekst\u016bra saskaroties ar \u0101du p\u0101rv\u0113r\u0161as maig\u0101 e\u013c\u013c\u0101, kas iz\u0161\u0137\u012bdina net\u012brumus un viegli noskalojas, atst\u0101jot \u0101du t\u012bru, maigu un mitrin\u0101tu.<\/p>\n<p><strong>L\u012bdzeklis ir izstr\u0101d\u0101ts \u012bpa\u0161i jut\u012bgai un uz kairin\u0101jumu tend\u0113tai \u0101dai. Hipoaler\u0123iska formula samazina reakcijas risku, pal\u012bdz uztur\u0113t mitruma l\u012bdzsvaru un nov\u0113r\u0161 saspringuma saj\u016btu p\u0113c sejas mazg\u0101\u0161anas.<\/strong><\/p>\n<h6>Priek\u0161roc\u012bbas:<\/h6>\n<ul>\n<li>maigi un efekt\u012bvi no\u0146em grimu un net\u012brumus<\/li>\n<li>k\u016bsto\u0161\u0101 tekst\u016bra p\u0101rv\u0113r\u0161as att\u012bro\u0161\u0101 e\u013c\u013c\u0101<\/li>\n<li>piem\u0113rots jut\u012bgai \u0101dai<\/li>\n<li>neiz\u017e\u0101v\u0113 un neizjauc \u0101das aizsargbarjeru<\/li>\n<li>padara \u0101du gludu, svaigu un mitrin\u0101tu<\/li>\n<\/ul>\n<p><strong>How to use:<\/strong> Uzkl\u0101jiet nelielu daudzumu l\u012bdzek\u013ca uz sausas sejas \u0101das un maigi iemas\u0113jiet, l\u012bdz grims un net\u012brumi iz\u0161\u0137\u012bst. Pievienojiet nedaudz \u016bdens, lai emulg\u0113tu l\u012bdzekli, p\u0113c tam r\u016bp\u012bgi noskalojiet ar siltu \u016bdeni.<\/p>\n<p><strong>Sast\u0101vs:<\/strong> Ethylhexyl Palmitate, Sorbeth-30 Tetraoleate, PEG-20 Glyceryl Triisostearate, Caprylic\/Capric Triglyceride, Synthetic Wax, Butylene Glycol, Water (Aqua), 1,2-Hexanediol, Tocopherol, Allantoin, Centella Asiatica Extract, Madecassoside, Asiaticoside, Asiatic Acid, Madecassic Acid, Chamomilla Recutita (Matricaria) Flower Extract, Camellia Sinensis Leaf Extract, Rosmarinus Officinalis (Rosemary) Leaf Extract.<\/p>\n<p data-start=\"510\" data-end=\"652\">","protected":false},"excerpt":{"rendered":"<p>Dr. Melaxin Hypoallergenic Melting Cleanser ir maigs att\u012bro\u0161s l\u012bdzeklis, kas efekt\u012bvi no\u0146em grimu, saules aizsargl\u012bdzek\u013cus, sebumu un net\u012brumus, neizjaucot \u0101das dabisko aizsargbarjeru.<\/p>","protected":false},"featured_media":27103,"comment_status":"open","ping_status":"closed","template":"","meta":{"site-sidebar-layout":"default","site-content-layout":"","ast-site-content-layout":"default","site-content-style":"default","site-sidebar-style":"default","ast-global-header-display":"","ast-banner-title-visibility":"","ast-main-header-display":"","ast-hfb-above-header-display":"","ast-hfb-below-header-display":"","ast-hfb-mobile-header-display":"","site-post-title":"","ast-breadcrumbs-content":"","ast-featured-img":"","footer-sml-layout":"","theme-transparent-header-meta":"default","adv-header-id-meta":"","stick-header-meta":"","header-above-stick-meta":"","header-main-stick-meta":"","header-below-stick-meta":"","astra-migrate-meta-layouts":"set","ast-page-background-enabled":"default","ast-page-background-meta":{"desktop":{"background-color":"var(--ast-global-color-4)","background-image":"","background-repeat":"repeat","background-position":"center center","background-size":"auto","background-attachment":"scroll","background-type":"","background-media":"","overlay-type":"","overlay-color":"","overlay-opacity":"","overlay-gradient":""},"tablet":{"background-color":"","background-image":"","background-repeat":"repeat","background-position":"center center","background-size":"auto","background-attachment":"scroll","background-type":"","background-media":"","overlay-type":"","overlay-color":"","overlay-opacity":"","overlay-gradient":""},"mobile":{"background-color":"","background-image":"","background-repeat":"repeat","background-position":"center center","background-size":"auto","background-attachment":"scroll","background-type":"","background-media":"","overlay-type":"","overlay-color":"","overlay-opacity":"","overlay-gradient":""}},"ast-content-background-meta":{"desktop":{"background-color":"var(--ast-global-color-5)","background-image":"","background-repeat":"repeat","background-position":"center center","background-size":"auto","background-attachment":"scroll","background-type":"","background-media":"","overlay-type":"","overlay-color":"","overlay-opacity":"","overlay-gradient":""},"tablet":{"background-color":"var(--ast-global-color-5)","background-image":"","background-repeat":"repeat","background-position":"center center","background-size":"auto","background-attachment":"scroll","background-type":"","background-media":"","overlay-type":"","overlay-color":"","overlay-opacity":"","overlay-gradient":""},"mobile":{"background-color":"var(--ast-global-color-5)","background-image":"","background-repeat":"repeat","background-position":"center center","background-size":"auto","background-attachment":"scroll","background-type":"","background-media":"","overlay-type":"","overlay-color":"","overlay-opacity":"","overlay-gradient":""}}},"product_brand":[],"product_cat":[321],"product_tag":[],"berocket_brand":[653],"class_list":{"0":"post-27102","1":"product","2":"type-product","3":"status-publish","4":"has-post-thumbnail","6":"product_cat-hidrofila-ella","7":"berocket_brand-dr-melaxin","8":"desktop-align-left","9":"tablet-align-left","10":"mobile-align-left","12":"first","13":"instock","14":"taxable","15":"shipping-taxable","16":"purchasable","17":"product-type-simple","18":"add-to-wishlist-before_image"},"yoast_head":"<!-- This site is optimized with the Yoast SEO plugin v27.4 - https:\/\/yoast.com\/product\/yoast-seo-wordpress\/ -->\n<title>Dr. Melaxin Hypoallergenic Melting Cleanser att\u012bro\u0161s put\u0101s balzams 150ml - FACECORNER<\/title>\n<meta name=\"description\" content=\"Dr. Melaxin Hypoallergenic Melting Cleanser ir maigs att\u012bro\u0161s l\u012bdzeklis, kas efekt\u012bvi no\u0146em grimu, saules aizsargl\u012bdzek\u013cus, sebumu un net\u012brumus, neizjaucot \u0101das dabisko aizsargbarjeru.\" \/>\n<meta name=\"robots\" content=\"index, follow, max-snippet:-1, max-image-preview:large, max-video-preview:-1\" \/>\n<link rel=\"canonical\" href=\"https:\/\/www.facecorner.lv\/en\/shop\/dr-melaxin-hypoallergenic-melting-cleanser-attiross-putas-balzams-150ml\/\" \/>\n<meta property=\"og:locale\" content=\"en_US\" \/>\n<meta property=\"og:type\" content=\"article\" \/>\n<meta property=\"og:title\" content=\"Dr. Melaxin Hypoallergenic Melting Cleanser att\u012bro\u0161s put\u0101s balzams 150ml - FACECORNER\" \/>\n<meta property=\"og:description\" content=\"Dr. Melaxin Hypoallergenic Melting Cleanser ir maigs att\u012bro\u0161s l\u012bdzeklis, kas efekt\u012bvi no\u0146em grimu, saules aizsargl\u012bdzek\u013cus, sebumu un net\u012brumus, neizjaucot \u0101das dabisko aizsargbarjeru.\" \/>\n<meta property=\"og:url\" content=\"https:\/\/www.facecorner.lv\/en\/shop\/dr-melaxin-hypoallergenic-melting-cleanser-attiross-putas-balzams-150ml\/\" \/>\n<meta property=\"og:site_name\" content=\"FACECORNER\" \/>\n<meta property=\"article:publisher\" content=\"https:\/\/www.facebook.com\/profile.php?id=100063824551839\" \/>\n<meta property=\"og:image\" content=\"https:\/\/www.facecorner.lv\/wp-content\/uploads\/2026\/03\/4994094_17440069613708_big.webp\" \/>\n\t<meta property=\"og:image:width\" content=\"500\" \/>\n\t<meta property=\"og:image:height\" content=\"500\" \/>\n\t<meta property=\"og:image:type\" content=\"image\/webp\" \/>\n<meta name=\"twitter:card\" content=\"summary_large_image\" \/>\n<meta name=\"twitter:label1\" content=\"Price\" \/>\n\t<meta name=\"twitter:data1\" content=\"&euro;21.95\" \/>\n\t<meta name=\"twitter:label2\" content=\"Availability\" \/>\n\t<meta name=\"twitter:data2\" content=\"In stock\" \/>\n<script type=\"application\/ld+json\" class=\"yoast-schema-graph\">{\"@context\":\"https:\\\/\\\/schema.org\",\"@graph\":[{\"@type\":\"WebPage\",\"@id\":\"https:\\\/\\\/www.facecorner.lv\\\/shop\\\/dr-melaxin-hypoallergenic-melting-cleanser-attiross-putas-balzams-150ml\\\/\",\"url\":\"https:\\\/\\\/www.facecorner.lv\\\/shop\\\/dr-melaxin-hypoallergenic-melting-cleanser-attiross-putas-balzams-150ml\\\/\",\"name\":\"Dr. Melaxin Hypoallergenic Melting Cleanser att\u012bro\u0161s put\u0101s balzams 150ml - FACECORNER\",\"isPartOf\":{\"@id\":\"https:\\\/\\\/www.facecorner.lv\\\/#website\"},\"primaryImageOfPage\":{\"@id\":\"https:\\\/\\\/www.facecorner.lv\\\/shop\\\/dr-melaxin-hypoallergenic-melting-cleanser-attiross-putas-balzams-150ml\\\/#primaryimage\"},\"image\":{\"@id\":\"https:\\\/\\\/www.facecorner.lv\\\/shop\\\/dr-melaxin-hypoallergenic-melting-cleanser-attiross-putas-balzams-150ml\\\/#primaryimage\"},\"thumbnailUrl\":\"https:\\\/\\\/www.facecorner.lv\\\/wp-content\\\/uploads\\\/2026\\\/03\\\/4994094_17440069613708_big.webp\",\"datePublished\":\"2026-03-06T10:47:40+00:00\",\"description\":\"Dr. Melaxin Hypoallergenic Melting Cleanser ir maigs att\u012bro\u0161s l\u012bdzeklis, kas efekt\u012bvi no\u0146em grimu, saules aizsargl\u012bdzek\u013cus, sebumu un net\u012brumus, neizjaucot \u0101das dabisko aizsargbarjeru.\",\"breadcrumb\":{\"@id\":\"https:\\\/\\\/www.facecorner.lv\\\/shop\\\/dr-melaxin-hypoallergenic-melting-cleanser-attiross-putas-balzams-150ml\\\/#breadcrumb\"},\"inLanguage\":\"en-US\",\"potentialAction\":[{\"@type\":\"ReadAction\",\"target\":[\"https:\\\/\\\/www.facecorner.lv\\\/shop\\\/dr-melaxin-hypoallergenic-melting-cleanser-attiross-putas-balzams-150ml\\\/\"]}]},{\"@type\":\"ImageObject\",\"inLanguage\":\"en-US\",\"@id\":\"https:\\\/\\\/www.facecorner.lv\\\/shop\\\/dr-melaxin-hypoallergenic-melting-cleanser-attiross-putas-balzams-150ml\\\/#primaryimage\",\"url\":\"https:\\\/\\\/www.facecorner.lv\\\/wp-content\\\/uploads\\\/2026\\\/03\\\/4994094_17440069613708_big.webp\",\"contentUrl\":\"https:\\\/\\\/www.facecorner.lv\\\/wp-content\\\/uploads\\\/2026\\\/03\\\/4994094_17440069613708_big.webp\",\"width\":500,\"height\":500,\"caption\":\"Dr. Melaxin Hypoallergenic Melting Cleanser\"},{\"@type\":\"BreadcrumbList\",\"@id\":\"https:\\\/\\\/www.facecorner.lv\\\/shop\\\/dr-melaxin-hypoallergenic-melting-cleanser-attiross-putas-balzams-150ml\\\/#breadcrumb\",\"itemListElement\":[{\"@type\":\"ListItem\",\"position\":1,\"name\":\"Home\",\"item\":\"https:\\\/\\\/www.facecorner.lv\\\/\"},{\"@type\":\"ListItem\",\"position\":2,\"name\":\"Veikals\",\"item\":\"https:\\\/\\\/www.facecorner.lv\\\/shop\\\/\"},{\"@type\":\"ListItem\",\"position\":3,\"name\":\"Dr. Melaxin Hypoallergenic Melting Cleanser att\u012bro\u0161s put\u0101s balzams 150ml\"}]},{\"@type\":\"WebSite\",\"@id\":\"https:\\\/\\\/www.facecorner.lv\\\/#website\",\"url\":\"https:\\\/\\\/www.facecorner.lv\\\/\",\"name\":\"Facecorner\",\"description\":\"\",\"publisher\":{\"@id\":\"https:\\\/\\\/www.facecorner.lv\\\/#organization\"},\"potentialAction\":[{\"@type\":\"SearchAction\",\"target\":{\"@type\":\"EntryPoint\",\"urlTemplate\":\"https:\\\/\\\/www.facecorner.lv\\\/?s={search_term_string}\"},\"query-input\":{\"@type\":\"PropertyValueSpecification\",\"valueRequired\":true,\"valueName\":\"search_term_string\"}}],\"inLanguage\":\"en-US\"},{\"@type\":\"Organization\",\"@id\":\"https:\\\/\\\/www.facecorner.lv\\\/#organization\",\"name\":\"Facecorner\",\"url\":\"https:\\\/\\\/www.facecorner.lv\\\/\",\"logo\":{\"@type\":\"ImageObject\",\"inLanguage\":\"en-US\",\"@id\":\"https:\\\/\\\/www.facecorner.lv\\\/#\\\/schema\\\/logo\\\/image\\\/\",\"url\":\"https:\\\/\\\/www.facecorner.lv\\\/wp-content\\\/uploads\\\/2024\\\/04\\\/fc-logo.jpg\",\"contentUrl\":\"https:\\\/\\\/www.facecorner.lv\\\/wp-content\\\/uploads\\\/2024\\\/04\\\/fc-logo.jpg\",\"width\":174,\"height\":28,\"caption\":\"Facecorner\"},\"image\":{\"@id\":\"https:\\\/\\\/www.facecorner.lv\\\/#\\\/schema\\\/logo\\\/image\\\/\"},\"sameAs\":[\"https:\\\/\\\/www.facebook.com\\\/profile.php?id=100063824551839\",\"https:\\\/\\\/www.instagram.com\\\/facecorner_shop\\\/\"]}]}<\/script>\n<meta property=\"product:price:amount\" content=\"21.95\" \/>\n<meta property=\"product:price:currency\" content=\"EUR\" \/>\n<meta property=\"og:availability\" content=\"instock\" \/>\n<meta property=\"product:availability\" content=\"instock\" \/>\n<meta property=\"product:condition\" content=\"new\" \/>\n<!-- \/ Yoast SEO plugin. -->","yoast_head_json":{"title":"Dr. Melaxin Hypoallergenic Melting Cleanser att\u012bro\u0161s put\u0101s balzams 150ml - FACECORNER","description":"Dr. Melaxin Hypoallergenic Melting Cleanser ir maigs att\u012bro\u0161s l\u012bdzeklis, kas efekt\u012bvi no\u0146em grimu, saules aizsargl\u012bdzek\u013cus, sebumu un net\u012brumus, neizjaucot \u0101das dabisko aizsargbarjeru.","robots":{"index":"index","follow":"follow","max-snippet":"max-snippet:-1","max-image-preview":"max-image-preview:large","max-video-preview":"max-video-preview:-1"},"canonical":"https:\/\/www.facecorner.lv\/en\/shop\/dr-melaxin-hypoallergenic-melting-cleanser-attiross-putas-balzams-150ml\/","og_locale":"en_US","og_type":"article","og_title":"Dr. Melaxin Hypoallergenic Melting Cleanser att\u012bro\u0161s put\u0101s balzams 150ml - FACECORNER","og_description":"Dr. Melaxin Hypoallergenic Melting Cleanser ir maigs att\u012bro\u0161s l\u012bdzeklis, kas efekt\u012bvi no\u0146em grimu, saules aizsargl\u012bdzek\u013cus, sebumu un net\u012brumus, neizjaucot \u0101das dabisko aizsargbarjeru.","og_url":"https:\/\/www.facecorner.lv\/en\/shop\/dr-melaxin-hypoallergenic-melting-cleanser-attiross-putas-balzams-150ml\/","og_site_name":"FACECORNER","article_publisher":"https:\/\/www.facebook.com\/profile.php?id=100063824551839","og_image":[{"width":500,"height":500,"url":"https:\/\/www.facecorner.lv\/wp-content\/uploads\/2026\/03\/4994094_17440069613708_big.webp","type":"image\/webp"}],"twitter_card":"summary_large_image","twitter_misc":{"Price":"&euro;21.95","Availability":"In stock"},"schema":{"@context":"https:\/\/schema.org","@graph":[{"@type":"WebPage","@id":"https:\/\/www.facecorner.lv\/shop\/dr-melaxin-hypoallergenic-melting-cleanser-attiross-putas-balzams-150ml\/","url":"https:\/\/www.facecorner.lv\/shop\/dr-melaxin-hypoallergenic-melting-cleanser-attiross-putas-balzams-150ml\/","name":"Dr. Melaxin Hypoallergenic Melting Cleanser att\u012bro\u0161s put\u0101s balzams 150ml - FACECORNER","isPartOf":{"@id":"https:\/\/www.facecorner.lv\/#website"},"primaryImageOfPage":{"@id":"https:\/\/www.facecorner.lv\/shop\/dr-melaxin-hypoallergenic-melting-cleanser-attiross-putas-balzams-150ml\/#primaryimage"},"image":{"@id":"https:\/\/www.facecorner.lv\/shop\/dr-melaxin-hypoallergenic-melting-cleanser-attiross-putas-balzams-150ml\/#primaryimage"},"thumbnailUrl":"https:\/\/www.facecorner.lv\/wp-content\/uploads\/2026\/03\/4994094_17440069613708_big.webp","datePublished":"2026-03-06T10:47:40+00:00","description":"Dr. Melaxin Hypoallergenic Melting Cleanser ir maigs att\u012bro\u0161s l\u012bdzeklis, kas efekt\u012bvi no\u0146em grimu, saules aizsargl\u012bdzek\u013cus, sebumu un net\u012brumus, neizjaucot \u0101das dabisko aizsargbarjeru.","breadcrumb":{"@id":"https:\/\/www.facecorner.lv\/shop\/dr-melaxin-hypoallergenic-melting-cleanser-attiross-putas-balzams-150ml\/#breadcrumb"},"inLanguage":"en-US","potentialAction":[{"@type":"ReadAction","target":["https:\/\/www.facecorner.lv\/shop\/dr-melaxin-hypoallergenic-melting-cleanser-attiross-putas-balzams-150ml\/"]}]},{"@type":"ImageObject","inLanguage":"en-US","@id":"https:\/\/www.facecorner.lv\/shop\/dr-melaxin-hypoallergenic-melting-cleanser-attiross-putas-balzams-150ml\/#primaryimage","url":"https:\/\/www.facecorner.lv\/wp-content\/uploads\/2026\/03\/4994094_17440069613708_big.webp","contentUrl":"https:\/\/www.facecorner.lv\/wp-content\/uploads\/2026\/03\/4994094_17440069613708_big.webp","width":500,"height":500,"caption":"Dr. Melaxin Hypoallergenic Melting Cleanser"},{"@type":"BreadcrumbList","@id":"https:\/\/www.facecorner.lv\/shop\/dr-melaxin-hypoallergenic-melting-cleanser-attiross-putas-balzams-150ml\/#breadcrumb","itemListElement":[{"@type":"ListItem","position":1,"name":"Home","item":"https:\/\/www.facecorner.lv\/"},{"@type":"ListItem","position":2,"name":"Veikals","item":"https:\/\/www.facecorner.lv\/shop\/"},{"@type":"ListItem","position":3,"name":"Dr. Melaxin Hypoallergenic Melting Cleanser att\u012bro\u0161s put\u0101s balzams 150ml"}]},{"@type":"WebSite","@id":"https:\/\/www.facecorner.lv\/#website","url":"https:\/\/www.facecorner.lv\/","name":"Facecorner","description":"","publisher":{"@id":"https:\/\/www.facecorner.lv\/#organization"},"potentialAction":[{"@type":"SearchAction","target":{"@type":"EntryPoint","urlTemplate":"https:\/\/www.facecorner.lv\/?s={search_term_string}"},"query-input":{"@type":"PropertyValueSpecification","valueRequired":true,"valueName":"search_term_string"}}],"inLanguage":"en-US"},{"@type":"Organization","@id":"https:\/\/www.facecorner.lv\/#organization","name":"Facecorner","url":"https:\/\/www.facecorner.lv\/","logo":{"@type":"ImageObject","inLanguage":"en-US","@id":"https:\/\/www.facecorner.lv\/#\/schema\/logo\/image\/","url":"https:\/\/www.facecorner.lv\/wp-content\/uploads\/2024\/04\/fc-logo.jpg","contentUrl":"https:\/\/www.facecorner.lv\/wp-content\/uploads\/2024\/04\/fc-logo.jpg","width":174,"height":28,"caption":"Facecorner"},"image":{"@id":"https:\/\/www.facecorner.lv\/#\/schema\/logo\/image\/"},"sameAs":["https:\/\/www.facebook.com\/profile.php?id=100063824551839","https:\/\/www.instagram.com\/facecorner_shop\/"]}]},"product_price_amount":"21.95","product_price_currency":"EUR","og_availability":"instock","product_availability":"instock","product_condition":"new"},"_links":{"self":[{"href":"https:\/\/www.facecorner.lv\/en\/wp-json\/wp\/v2\/product\/27102","targetHints":{"allow":["GET"]}}],"collection":[{"href":"https:\/\/www.facecorner.lv\/en\/wp-json\/wp\/v2\/product"}],"about":[{"href":"https:\/\/www.facecorner.lv\/en\/wp-json\/wp\/v2\/types\/product"}],"replies":[{"embeddable":true,"href":"https:\/\/www.facecorner.lv\/en\/wp-json\/wp\/v2\/comments?post=27102"}],"wp:featuredmedia":[{"embeddable":true,"href":"https:\/\/www.facecorner.lv\/en\/wp-json\/wp\/v2\/media\/27103"}],"wp:attachment":[{"href":"https:\/\/www.facecorner.lv\/en\/wp-json\/wp\/v2\/media?parent=27102"}],"wp:term":[{"taxonomy":"product_brand","embeddable":true,"href":"https:\/\/www.facecorner.lv\/en\/wp-json\/wp\/v2\/product_brand?post=27102"},{"taxonomy":"product_cat","embeddable":true,"href":"https:\/\/www.facecorner.lv\/en\/wp-json\/wp\/v2\/product_cat?post=27102"},{"taxonomy":"product_tag","embeddable":true,"href":"https:\/\/www.facecorner.lv\/en\/wp-json\/wp\/v2\/product_tag?post=27102"},{"taxonomy":"berocket_brand","embeddable":true,"href":"https:\/\/www.facecorner.lv\/en\/wp-json\/wp\/v2\/berocket_brand?post=27102"}],"curies":[{"name":"wp","href":"https:\/\/api.w.org\/{rel}","templated":true}]}}