{"id":27079,"date":"2026-03-05T15:39:01","date_gmt":"2026-03-05T12:39:01","guid":{"rendered":"https:\/\/www.facecorner.lv\/?post_type=product&#038;p=27079"},"modified":"2026-03-05T15:40:32","modified_gmt":"2026-03-05T12:40:32","slug":"dalba-vita-toning-galvanic-wrinkle-eye-cream-pretnovecosanas-krems-adas-ap-acim-ar-liftinga-efektu-15ml","status":"publish","type":"product","link":"https:\/\/www.facecorner.lv\/en\/shop\/dalba-vita-toning-galvanic-wrinkle-eye-cream-pretnovecosanas-krems-adas-ap-acim-ar-liftinga-efektu-15ml\/","title":{"rendered":"d\u2019Alba Vita Toning Galvanic Wrinkle Eye Cream pretnoveco\u0161an\u0101s kr\u0113ms \u0101das ap ac\u012bm ar  liftinga efektu 15ml"},"content":{"rendered":"<p>d\u2019Alba Vita Toning Galvanic Wrinkle Eye Cream inovat\u012bvs kr\u0113ms delik\u0101tajai zonai ap ac\u012bm, kas izstr\u0101d\u0101ts, lai samazin\u0101tu grumbu veido\u0161anos, palielin\u0101tu \u0101das elast\u012bbu un uzlabotu t\u0101s toni.<\/p>\n<p>Formula ar balto trife\u013cu ekstraktu, niac\u012bnam\u012bdu un adenoz\u012bnu pal\u012bdz nostiprin\u0101t \u0101du, padarot to glud\u0101ku un mirdzo\u0161\u0101ku.<\/p>\n<p>L\u012bdzeklis intens\u012bvi mitrina, uztur \u0101das elast\u012bbu un pal\u012bdz samazin\u0101t noguruma paz\u012bmes. Viegla tekst\u016bra \u0101tri ies\u016bcas, neatst\u0101jot lip\u012bgumu, un ir piem\u0113rota ikdienas kop\u0161anai.<\/p>\n<h6>Galven\u0101s priek\u0161roc\u012bbas:<\/h6>\n<ul>\n<li>pal\u012bdz samazin\u0101t grumbu un smalko l\u012bniju veido\u0161anos<\/li>\n<li>uzlabo \u0101das elast\u012bbu un stingr\u012bbu<\/li>\n<li>uzlabo \u0101das toni un pie\u0161\u0137ir tai dabisku mirdzumu<\/li>\n<li>dzi\u013ci mitrina un baro \u0101du<\/li>\n<li>pal\u012bdz samazin\u0101t noguruma paz\u012bmes<\/li>\n<\/ul>\n<p><strong>Lieto\u0161anas veids<\/strong>: Uzkl\u0101jiet nelielu daudzumu kr\u0113ma uz att\u012br\u012btas \u0101das ap ac\u012bm ar viegliem piesk\u0101rieniem, l\u012bdz tas piln\u012bb\u0101 ies\u016bcies. Lietojiet no r\u012bta un vakar\u0101.<\/p>\n<p><strong>Sast\u0101vs:<\/strong> Water (Aqua), Glycerin, Butylene Glycol, Niacinamide, Tocopheryl Acetate\u00a0Panthenol, Adenosine, Sodium Hyaluronate, Allantoin, Tuber Magnatum Extract , Carbomer, Tromethamine, 1,2-Hexanediol, Ethylhexylglycerin, Fragrance.<\/p>\n<p data-start=\"548\" data-end=\"811\">","protected":false},"excerpt":{"rendered":"<p>d\u2019Alba Vita Toning Galvanic Wrinkle Eye Cream inovat\u012bvs kr\u0113ms delik\u0101tajai zonai ap ac\u012bm, kas izstr\u0101d\u0101ts, lai samazin\u0101tu grumbu veido\u0161anos, palielin\u0101tu \u0101das elast\u012bbu un uzlabotu t\u0101s toni.<\/p>","protected":false},"featured_media":27080,"comment_status":"open","ping_status":"closed","template":"","meta":{"site-sidebar-layout":"default","site-content-layout":"","ast-site-content-layout":"default","site-content-style":"default","site-sidebar-style":"default","ast-global-header-display":"","ast-banner-title-visibility":"","ast-main-header-display":"","ast-hfb-above-header-display":"","ast-hfb-below-header-display":"","ast-hfb-mobile-header-display":"","site-post-title":"","ast-breadcrumbs-content":"","ast-featured-img":"","footer-sml-layout":"","theme-transparent-header-meta":"default","adv-header-id-meta":"","stick-header-meta":"","header-above-stick-meta":"","header-main-stick-meta":"","header-below-stick-meta":"","astra-migrate-meta-layouts":"set","ast-page-background-enabled":"default","ast-page-background-meta":{"desktop":{"background-color":"var(--ast-global-color-4)","background-image":"","background-repeat":"repeat","background-position":"center center","background-size":"auto","background-attachment":"scroll","background-type":"","background-media":"","overlay-type":"","overlay-color":"","overlay-opacity":"","overlay-gradient":""},"tablet":{"background-color":"","background-image":"","background-repeat":"repeat","background-position":"center center","background-size":"auto","background-attachment":"scroll","background-type":"","background-media":"","overlay-type":"","overlay-color":"","overlay-opacity":"","overlay-gradient":""},"mobile":{"background-color":"","background-image":"","background-repeat":"repeat","background-position":"center center","background-size":"auto","background-attachment":"scroll","background-type":"","background-media":"","overlay-type":"","overlay-color":"","overlay-opacity":"","overlay-gradient":""}},"ast-content-background-meta":{"desktop":{"background-color":"var(--ast-global-color-5)","background-image":"","background-repeat":"repeat","background-position":"center center","background-size":"auto","background-attachment":"scroll","background-type":"","background-media":"","overlay-type":"","overlay-color":"","overlay-opacity":"","overlay-gradient":""},"tablet":{"background-color":"var(--ast-global-color-5)","background-image":"","background-repeat":"repeat","background-position":"center center","background-size":"auto","background-attachment":"scroll","background-type":"","background-media":"","overlay-type":"","overlay-color":"","overlay-opacity":"","overlay-gradient":""},"mobile":{"background-color":"var(--ast-global-color-5)","background-image":"","background-repeat":"repeat","background-position":"center center","background-size":"auto","background-attachment":"scroll","background-type":"","background-media":"","overlay-type":"","overlay-color":"","overlay-opacity":"","overlay-gradient":""}}},"product_brand":[],"product_cat":[308],"product_tag":[],"berocket_brand":[572],"class_list":{"0":"post-27079","1":"product","2":"type-product","3":"status-publish","4":"has-post-thumbnail","6":"product_cat-acu-krems","7":"berocket_brand-dalba","8":"desktop-align-left","9":"tablet-align-left","10":"mobile-align-left","12":"first","13":"instock","14":"taxable","15":"shipping-taxable","16":"purchasable","17":"product-type-simple","18":"add-to-wishlist-before_image"},"yoast_head":"<!-- This site is optimized with the Yoast SEO plugin v27.4 - https:\/\/yoast.com\/product\/yoast-seo-wordpress\/ -->\n<title>d\u2019Alba Vita Toning Galvanic Wrinkle Eye Cream pretnoveco\u0161an\u0101s kr\u0113ms \u0101das ap ac\u012bm ar liftinga efektu 15ml - FACECORNER<\/title>\n<meta name=\"description\" content=\"d\u2019Alba Vita Toning Galvanic Wrinkle Eye Cream inovat\u012bvs kr\u0113ms delik\u0101tajai zonai ap ac\u012bm, kas izstr\u0101d\u0101ts, lai samazin\u0101tu grumbu veido\u0161anos, palielin\u0101tu \u0101das elast\u012bbu un uzlabotu t\u0101s toni.\" \/>\n<meta name=\"robots\" content=\"index, follow, max-snippet:-1, max-image-preview:large, max-video-preview:-1\" \/>\n<link rel=\"canonical\" href=\"https:\/\/www.facecorner.lv\/en\/shop\/dalba-vita-toning-galvanic-wrinkle-eye-cream-pretnovecosanas-krems-adas-ap-acim-ar-liftinga-efektu-15ml\/\" \/>\n<meta property=\"og:locale\" content=\"en_US\" \/>\n<meta property=\"og:type\" content=\"article\" \/>\n<meta property=\"og:title\" content=\"d\u2019Alba Vita Toning Galvanic Wrinkle Eye Cream pretnoveco\u0161an\u0101s kr\u0113ms \u0101das ap ac\u012bm ar liftinga efektu 15ml - FACECORNER\" \/>\n<meta property=\"og:description\" content=\"d\u2019Alba Vita Toning Galvanic Wrinkle Eye Cream inovat\u012bvs kr\u0113ms delik\u0101tajai zonai ap ac\u012bm, kas izstr\u0101d\u0101ts, lai samazin\u0101tu grumbu veido\u0161anos, palielin\u0101tu \u0101das elast\u012bbu un uzlabotu t\u0101s toni.\" \/>\n<meta property=\"og:url\" content=\"https:\/\/www.facecorner.lv\/en\/shop\/dalba-vita-toning-galvanic-wrinkle-eye-cream-pretnovecosanas-krems-adas-ap-acim-ar-liftinga-efektu-15ml\/\" \/>\n<meta property=\"og:site_name\" content=\"FACECORNER\" \/>\n<meta property=\"article:publisher\" content=\"https:\/\/www.facebook.com\/profile.php?id=100063824551839\" \/>\n<meta property=\"article:modified_time\" content=\"2026-03-05T12:40:32+00:00\" \/>\n<meta property=\"og:image\" content=\"https:\/\/www.facecorner.lv\/wp-content\/uploads\/2026\/03\/EX_48f8016a-68ac-4d23-b496-0f5d06778915.webp\" \/>\n\t<meta property=\"og:image:width\" content=\"845\" \/>\n\t<meta property=\"og:image:height\" content=\"845\" \/>\n\t<meta property=\"og:image:type\" content=\"image\/webp\" \/>\n<meta name=\"twitter:card\" content=\"summary_large_image\" \/>\n<meta name=\"twitter:label1\" content=\"Price\" \/>\n\t<meta name=\"twitter:data1\" content=\"&euro;49.95\" \/>\n\t<meta name=\"twitter:label2\" content=\"Availability\" \/>\n\t<meta name=\"twitter:data2\" content=\"In stock\" \/>\n<script type=\"application\/ld+json\" class=\"yoast-schema-graph\">{\"@context\":\"https:\\\/\\\/schema.org\",\"@graph\":[{\"@type\":\"WebPage\",\"@id\":\"https:\\\/\\\/www.facecorner.lv\\\/shop\\\/dalba-vita-toning-galvanic-wrinkle-eye-cream-pretnovecosanas-krems-adas-ap-acim-ar-liftinga-efektu-15ml\\\/\",\"url\":\"https:\\\/\\\/www.facecorner.lv\\\/shop\\\/dalba-vita-toning-galvanic-wrinkle-eye-cream-pretnovecosanas-krems-adas-ap-acim-ar-liftinga-efektu-15ml\\\/\",\"name\":\"d\u2019Alba Vita Toning Galvanic Wrinkle Eye Cream pretnoveco\u0161an\u0101s kr\u0113ms \u0101das ap ac\u012bm ar liftinga efektu 15ml - FACECORNER\",\"isPartOf\":{\"@id\":\"https:\\\/\\\/www.facecorner.lv\\\/#website\"},\"primaryImageOfPage\":{\"@id\":\"https:\\\/\\\/www.facecorner.lv\\\/shop\\\/dalba-vita-toning-galvanic-wrinkle-eye-cream-pretnovecosanas-krems-adas-ap-acim-ar-liftinga-efektu-15ml\\\/#primaryimage\"},\"image\":{\"@id\":\"https:\\\/\\\/www.facecorner.lv\\\/shop\\\/dalba-vita-toning-galvanic-wrinkle-eye-cream-pretnovecosanas-krems-adas-ap-acim-ar-liftinga-efektu-15ml\\\/#primaryimage\"},\"thumbnailUrl\":\"https:\\\/\\\/www.facecorner.lv\\\/wp-content\\\/uploads\\\/2026\\\/03\\\/EX_48f8016a-68ac-4d23-b496-0f5d06778915.webp\",\"datePublished\":\"2026-03-05T12:39:01+00:00\",\"dateModified\":\"2026-03-05T12:40:32+00:00\",\"description\":\"d\u2019Alba Vita Toning Galvanic Wrinkle Eye Cream inovat\u012bvs kr\u0113ms delik\u0101tajai zonai ap ac\u012bm, kas izstr\u0101d\u0101ts, lai samazin\u0101tu grumbu veido\u0161anos, palielin\u0101tu \u0101das elast\u012bbu un uzlabotu t\u0101s toni.\",\"breadcrumb\":{\"@id\":\"https:\\\/\\\/www.facecorner.lv\\\/shop\\\/dalba-vita-toning-galvanic-wrinkle-eye-cream-pretnovecosanas-krems-adas-ap-acim-ar-liftinga-efektu-15ml\\\/#breadcrumb\"},\"inLanguage\":\"en-US\",\"potentialAction\":[{\"@type\":\"ReadAction\",\"target\":[\"https:\\\/\\\/www.facecorner.lv\\\/shop\\\/dalba-vita-toning-galvanic-wrinkle-eye-cream-pretnovecosanas-krems-adas-ap-acim-ar-liftinga-efektu-15ml\\\/\"]}]},{\"@type\":\"ImageObject\",\"inLanguage\":\"en-US\",\"@id\":\"https:\\\/\\\/www.facecorner.lv\\\/shop\\\/dalba-vita-toning-galvanic-wrinkle-eye-cream-pretnovecosanas-krems-adas-ap-acim-ar-liftinga-efektu-15ml\\\/#primaryimage\",\"url\":\"https:\\\/\\\/www.facecorner.lv\\\/wp-content\\\/uploads\\\/2026\\\/03\\\/EX_48f8016a-68ac-4d23-b496-0f5d06778915.webp\",\"contentUrl\":\"https:\\\/\\\/www.facecorner.lv\\\/wp-content\\\/uploads\\\/2026\\\/03\\\/EX_48f8016a-68ac-4d23-b496-0f5d06778915.webp\",\"width\":845,\"height\":845,\"caption\":\"d\u2019Alba Vita Toning Galvanic Wrinkle Eye Cream\"},{\"@type\":\"BreadcrumbList\",\"@id\":\"https:\\\/\\\/www.facecorner.lv\\\/shop\\\/dalba-vita-toning-galvanic-wrinkle-eye-cream-pretnovecosanas-krems-adas-ap-acim-ar-liftinga-efektu-15ml\\\/#breadcrumb\",\"itemListElement\":[{\"@type\":\"ListItem\",\"position\":1,\"name\":\"Home\",\"item\":\"https:\\\/\\\/www.facecorner.lv\\\/\"},{\"@type\":\"ListItem\",\"position\":2,\"name\":\"Veikals\",\"item\":\"https:\\\/\\\/www.facecorner.lv\\\/shop\\\/\"},{\"@type\":\"ListItem\",\"position\":3,\"name\":\"d\u2019Alba Vita Toning Galvanic Wrinkle Eye Cream pretnoveco\u0161an\u0101s kr\u0113ms \u0101das ap ac\u012bm ar liftinga efektu 15ml\"}]},{\"@type\":\"WebSite\",\"@id\":\"https:\\\/\\\/www.facecorner.lv\\\/#website\",\"url\":\"https:\\\/\\\/www.facecorner.lv\\\/\",\"name\":\"Facecorner\",\"description\":\"\",\"publisher\":{\"@id\":\"https:\\\/\\\/www.facecorner.lv\\\/#organization\"},\"potentialAction\":[{\"@type\":\"SearchAction\",\"target\":{\"@type\":\"EntryPoint\",\"urlTemplate\":\"https:\\\/\\\/www.facecorner.lv\\\/?s={search_term_string}\"},\"query-input\":{\"@type\":\"PropertyValueSpecification\",\"valueRequired\":true,\"valueName\":\"search_term_string\"}}],\"inLanguage\":\"en-US\"},{\"@type\":\"Organization\",\"@id\":\"https:\\\/\\\/www.facecorner.lv\\\/#organization\",\"name\":\"Facecorner\",\"url\":\"https:\\\/\\\/www.facecorner.lv\\\/\",\"logo\":{\"@type\":\"ImageObject\",\"inLanguage\":\"en-US\",\"@id\":\"https:\\\/\\\/www.facecorner.lv\\\/#\\\/schema\\\/logo\\\/image\\\/\",\"url\":\"https:\\\/\\\/www.facecorner.lv\\\/wp-content\\\/uploads\\\/2024\\\/04\\\/fc-logo.jpg\",\"contentUrl\":\"https:\\\/\\\/www.facecorner.lv\\\/wp-content\\\/uploads\\\/2024\\\/04\\\/fc-logo.jpg\",\"width\":174,\"height\":28,\"caption\":\"Facecorner\"},\"image\":{\"@id\":\"https:\\\/\\\/www.facecorner.lv\\\/#\\\/schema\\\/logo\\\/image\\\/\"},\"sameAs\":[\"https:\\\/\\\/www.facebook.com\\\/profile.php?id=100063824551839\",\"https:\\\/\\\/www.instagram.com\\\/facecorner_shop\\\/\"]}]}<\/script>\n<meta property=\"product:price:amount\" content=\"49.95\" \/>\n<meta property=\"product:price:currency\" content=\"EUR\" \/>\n<meta property=\"og:availability\" content=\"instock\" \/>\n<meta property=\"product:availability\" content=\"instock\" \/>\n<meta property=\"product:condition\" content=\"new\" \/>\n<!-- \/ Yoast SEO plugin. -->","yoast_head_json":{"title":"d\u2019Alba Vita Toning Galvanic Wrinkle Eye Cream pretnoveco\u0161an\u0101s kr\u0113ms \u0101das ap ac\u012bm ar liftinga efektu 15ml - FACECORNER","description":"d\u2019Alba Vita Toning Galvanic Wrinkle Eye Cream inovat\u012bvs kr\u0113ms delik\u0101tajai zonai ap ac\u012bm, kas izstr\u0101d\u0101ts, lai samazin\u0101tu grumbu veido\u0161anos, palielin\u0101tu \u0101das elast\u012bbu un uzlabotu t\u0101s toni.","robots":{"index":"index","follow":"follow","max-snippet":"max-snippet:-1","max-image-preview":"max-image-preview:large","max-video-preview":"max-video-preview:-1"},"canonical":"https:\/\/www.facecorner.lv\/en\/shop\/dalba-vita-toning-galvanic-wrinkle-eye-cream-pretnovecosanas-krems-adas-ap-acim-ar-liftinga-efektu-15ml\/","og_locale":"en_US","og_type":"article","og_title":"d\u2019Alba Vita Toning Galvanic Wrinkle Eye Cream pretnoveco\u0161an\u0101s kr\u0113ms \u0101das ap ac\u012bm ar liftinga efektu 15ml - FACECORNER","og_description":"d\u2019Alba Vita Toning Galvanic Wrinkle Eye Cream inovat\u012bvs kr\u0113ms delik\u0101tajai zonai ap ac\u012bm, kas izstr\u0101d\u0101ts, lai samazin\u0101tu grumbu veido\u0161anos, palielin\u0101tu \u0101das elast\u012bbu un uzlabotu t\u0101s toni.","og_url":"https:\/\/www.facecorner.lv\/en\/shop\/dalba-vita-toning-galvanic-wrinkle-eye-cream-pretnovecosanas-krems-adas-ap-acim-ar-liftinga-efektu-15ml\/","og_site_name":"FACECORNER","article_publisher":"https:\/\/www.facebook.com\/profile.php?id=100063824551839","article_modified_time":"2026-03-05T12:40:32+00:00","og_image":[{"width":845,"height":845,"url":"https:\/\/www.facecorner.lv\/wp-content\/uploads\/2026\/03\/EX_48f8016a-68ac-4d23-b496-0f5d06778915.webp","type":"image\/webp"}],"twitter_card":"summary_large_image","twitter_misc":{"Price":"&euro;49.95","Availability":"In stock"},"schema":{"@context":"https:\/\/schema.org","@graph":[{"@type":"WebPage","@id":"https:\/\/www.facecorner.lv\/shop\/dalba-vita-toning-galvanic-wrinkle-eye-cream-pretnovecosanas-krems-adas-ap-acim-ar-liftinga-efektu-15ml\/","url":"https:\/\/www.facecorner.lv\/shop\/dalba-vita-toning-galvanic-wrinkle-eye-cream-pretnovecosanas-krems-adas-ap-acim-ar-liftinga-efektu-15ml\/","name":"d\u2019Alba Vita Toning Galvanic Wrinkle Eye Cream pretnoveco\u0161an\u0101s kr\u0113ms \u0101das ap ac\u012bm ar liftinga efektu 15ml - FACECORNER","isPartOf":{"@id":"https:\/\/www.facecorner.lv\/#website"},"primaryImageOfPage":{"@id":"https:\/\/www.facecorner.lv\/shop\/dalba-vita-toning-galvanic-wrinkle-eye-cream-pretnovecosanas-krems-adas-ap-acim-ar-liftinga-efektu-15ml\/#primaryimage"},"image":{"@id":"https:\/\/www.facecorner.lv\/shop\/dalba-vita-toning-galvanic-wrinkle-eye-cream-pretnovecosanas-krems-adas-ap-acim-ar-liftinga-efektu-15ml\/#primaryimage"},"thumbnailUrl":"https:\/\/www.facecorner.lv\/wp-content\/uploads\/2026\/03\/EX_48f8016a-68ac-4d23-b496-0f5d06778915.webp","datePublished":"2026-03-05T12:39:01+00:00","dateModified":"2026-03-05T12:40:32+00:00","description":"d\u2019Alba Vita Toning Galvanic Wrinkle Eye Cream inovat\u012bvs kr\u0113ms delik\u0101tajai zonai ap ac\u012bm, kas izstr\u0101d\u0101ts, lai samazin\u0101tu grumbu veido\u0161anos, palielin\u0101tu \u0101das elast\u012bbu un uzlabotu t\u0101s toni.","breadcrumb":{"@id":"https:\/\/www.facecorner.lv\/shop\/dalba-vita-toning-galvanic-wrinkle-eye-cream-pretnovecosanas-krems-adas-ap-acim-ar-liftinga-efektu-15ml\/#breadcrumb"},"inLanguage":"en-US","potentialAction":[{"@type":"ReadAction","target":["https:\/\/www.facecorner.lv\/shop\/dalba-vita-toning-galvanic-wrinkle-eye-cream-pretnovecosanas-krems-adas-ap-acim-ar-liftinga-efektu-15ml\/"]}]},{"@type":"ImageObject","inLanguage":"en-US","@id":"https:\/\/www.facecorner.lv\/shop\/dalba-vita-toning-galvanic-wrinkle-eye-cream-pretnovecosanas-krems-adas-ap-acim-ar-liftinga-efektu-15ml\/#primaryimage","url":"https:\/\/www.facecorner.lv\/wp-content\/uploads\/2026\/03\/EX_48f8016a-68ac-4d23-b496-0f5d06778915.webp","contentUrl":"https:\/\/www.facecorner.lv\/wp-content\/uploads\/2026\/03\/EX_48f8016a-68ac-4d23-b496-0f5d06778915.webp","width":845,"height":845,"caption":"d\u2019Alba Vita Toning Galvanic Wrinkle Eye Cream"},{"@type":"BreadcrumbList","@id":"https:\/\/www.facecorner.lv\/shop\/dalba-vita-toning-galvanic-wrinkle-eye-cream-pretnovecosanas-krems-adas-ap-acim-ar-liftinga-efektu-15ml\/#breadcrumb","itemListElement":[{"@type":"ListItem","position":1,"name":"Home","item":"https:\/\/www.facecorner.lv\/"},{"@type":"ListItem","position":2,"name":"Veikals","item":"https:\/\/www.facecorner.lv\/shop\/"},{"@type":"ListItem","position":3,"name":"d\u2019Alba Vita Toning Galvanic Wrinkle Eye Cream pretnoveco\u0161an\u0101s kr\u0113ms \u0101das ap ac\u012bm ar liftinga efektu 15ml"}]},{"@type":"WebSite","@id":"https:\/\/www.facecorner.lv\/#website","url":"https:\/\/www.facecorner.lv\/","name":"Facecorner","description":"","publisher":{"@id":"https:\/\/www.facecorner.lv\/#organization"},"potentialAction":[{"@type":"SearchAction","target":{"@type":"EntryPoint","urlTemplate":"https:\/\/www.facecorner.lv\/?s={search_term_string}"},"query-input":{"@type":"PropertyValueSpecification","valueRequired":true,"valueName":"search_term_string"}}],"inLanguage":"en-US"},{"@type":"Organization","@id":"https:\/\/www.facecorner.lv\/#organization","name":"Facecorner","url":"https:\/\/www.facecorner.lv\/","logo":{"@type":"ImageObject","inLanguage":"en-US","@id":"https:\/\/www.facecorner.lv\/#\/schema\/logo\/image\/","url":"https:\/\/www.facecorner.lv\/wp-content\/uploads\/2024\/04\/fc-logo.jpg","contentUrl":"https:\/\/www.facecorner.lv\/wp-content\/uploads\/2024\/04\/fc-logo.jpg","width":174,"height":28,"caption":"Facecorner"},"image":{"@id":"https:\/\/www.facecorner.lv\/#\/schema\/logo\/image\/"},"sameAs":["https:\/\/www.facebook.com\/profile.php?id=100063824551839","https:\/\/www.instagram.com\/facecorner_shop\/"]}]},"product_price_amount":"49.95","product_price_currency":"EUR","og_availability":"instock","product_availability":"instock","product_condition":"new"},"_links":{"self":[{"href":"https:\/\/www.facecorner.lv\/en\/wp-json\/wp\/v2\/product\/27079","targetHints":{"allow":["GET"]}}],"collection":[{"href":"https:\/\/www.facecorner.lv\/en\/wp-json\/wp\/v2\/product"}],"about":[{"href":"https:\/\/www.facecorner.lv\/en\/wp-json\/wp\/v2\/types\/product"}],"replies":[{"embeddable":true,"href":"https:\/\/www.facecorner.lv\/en\/wp-json\/wp\/v2\/comments?post=27079"}],"wp:featuredmedia":[{"embeddable":true,"href":"https:\/\/www.facecorner.lv\/en\/wp-json\/wp\/v2\/media\/27080"}],"wp:attachment":[{"href":"https:\/\/www.facecorner.lv\/en\/wp-json\/wp\/v2\/media?parent=27079"}],"wp:term":[{"taxonomy":"product_brand","embeddable":true,"href":"https:\/\/www.facecorner.lv\/en\/wp-json\/wp\/v2\/product_brand?post=27079"},{"taxonomy":"product_cat","embeddable":true,"href":"https:\/\/www.facecorner.lv\/en\/wp-json\/wp\/v2\/product_cat?post=27079"},{"taxonomy":"product_tag","embeddable":true,"href":"https:\/\/www.facecorner.lv\/en\/wp-json\/wp\/v2\/product_tag?post=27079"},{"taxonomy":"berocket_brand","embeddable":true,"href":"https:\/\/www.facecorner.lv\/en\/wp-json\/wp\/v2\/berocket_brand?post=27079"}],"curies":[{"name":"wp","href":"https:\/\/api.w.org\/{rel}","templated":true}]}}