{"id":27070,"date":"2026-03-05T15:12:38","date_gmt":"2026-03-05T12:12:38","guid":{"rendered":"https:\/\/www.facecorner.lv\/?post_type=product&#038;p=27070"},"modified":"2026-03-05T15:12:39","modified_gmt":"2026-03-05T12:12:39","slug":"centellian24-madeca-pore-green-mask-attirosa-maska-poram-ar-centella-asiatica","status":"publish","type":"product","link":"https:\/\/www.facecorner.lv\/en\/shop\/centellian24-madeca-pore-green-mask-attirosa-maska-poram-ar-centella-asiatica\/","title":{"rendered":"Centellian24 Madeca Pore Green Mask att\u012bro\u0161a maska por\u0101m ar Centella asiatica"},"content":{"rendered":"<p>Centellian24 Madeca Pore Green Mask ir efekt\u012bva att\u012bro\u0161a maska ar dab\u012bgiem ekstraktiem un \u0100zijas centellu.<\/p>\n<p>T\u0101 maigi no\u0146em net\u012brumus un lieko sebumu, pal\u012bdz att\u012br\u012bt poras un uzlabot \u0101das st\u0101vokli, neiz\u017e\u016bdinot to.<\/p>\n<h6>Galven\u0101s priek\u0161roc\u012bbas:<\/h6>\n<ul>\n<li>Dzi\u013ci att\u012bra un samazina redzam\u0101s poras.<\/li>\n<li>Regul\u0113 sebuma izdal\u012b\u0161anos.<\/li>\n<li>Atjauno un izl\u012bdzina \u0101das tekst\u016bru.<\/li>\n<li>No\u0146em smaguma saj\u016btu un taukainu sp\u012bdumu.<\/li>\n<li>Piem\u0113rots kombin\u0113tai un taukainai \u0101dai.<\/li>\n<\/ul>\n<h6>Main active ingredients:<\/h6>\n<ul>\n<li>Centella Asiatica Extract \u2014 nomierina un stiprina \u0101du.<\/li>\n<li>Kaolin (kaol\u012bns) \u2014 maigi att\u012bra poras un izvada net\u012brumus.<\/li>\n<li>Green Tea Leaf Extract \u2014 antioksidantu aizsardz\u012bba un sebuma l\u012bdzsvars.<\/li>\n<li>Witch Hazel Extract (hamamelis) \u2014 toniz\u0113 \u0101du un samazina poras<\/li>\n<li>Bentonite \u2014 dzi\u013ci absorb\u0113 sebuma p\u0101rpalikumus<\/li>\n<\/ul>\n<p><strong>How to use: <\/strong>Uzkl\u0101jiet masku pl\u0101n\u0101 sl\u0101n\u012b uz att\u012br\u012btas sejas \u0101das, izvairoties no acu un l\u016bpu zonas.Atst\u0101jiet uz 10\u201315 min\u016bt\u0113m.Nedaudz samitriniet pirkstus un maigi mas\u0113jiet seju.Noskalojiet ar siltu \u016bdeni un, ja nepiecie\u0161ams, pabeidziet kop\u0161anu ar toniku vai kr\u0113mu.<\/p>\n<p><strong>Sast\u0101vs:<\/strong> Water, Kaolin, Glycerin, Dipropylene Glycol, Bentonite, Butylene Glycol, Centella Asiatica Leaf Extract, Camellia Sinensis Leaf Extract, Hamamelis Virginiana (Witch Hazel) Water, 1,2-Hexanediol, Caprylyl Glycol, Aloe Barbadensis Leaf Extract, Portulaca Oleracea Extract, Sodium Hyaluronate, Tocopherol, Allantoin, Carbomer, Tromethamine, Ethylhexylglycerin, Betaine, Panthenol, Citrus Junos Fruit Extract, Rosmarinus Officinalis (Rosemary) Leaf Extract, Lavandula Angustifolia (Lavender) Flower Extract, Citrus Aurantium Dulcis (Orange) Peel Oil, Limonene, Linalool, Citric Acid, Disodium EDTA.<\/p>","protected":false},"excerpt":{"rendered":"<p>Dzi\u013ci att\u012bro\u0161a detoksik\u0101cijas maska poru sa\u0161aurin\u0101\u0161anai, sebuma kontrolei un vienm\u0113r\u012bgai \u0101das tekst\u016brai.<\/p>","protected":false},"featured_media":27071,"comment_status":"open","ping_status":"closed","template":"","meta":{"site-sidebar-layout":"default","site-content-layout":"","ast-site-content-layout":"default","site-content-style":"default","site-sidebar-style":"default","ast-global-header-display":"","ast-banner-title-visibility":"","ast-main-header-display":"","ast-hfb-above-header-display":"","ast-hfb-below-header-display":"","ast-hfb-mobile-header-display":"","site-post-title":"","ast-breadcrumbs-content":"","ast-featured-img":"","footer-sml-layout":"","theme-transparent-header-meta":"default","adv-header-id-meta":"","stick-header-meta":"","header-above-stick-meta":"","header-main-stick-meta":"","header-below-stick-meta":"","astra-migrate-meta-layouts":"set","ast-page-background-enabled":"default","ast-page-background-meta":{"desktop":{"background-color":"var(--ast-global-color-4)","background-image":"","background-repeat":"repeat","background-position":"center center","background-size":"auto","background-attachment":"scroll","background-type":"","background-media":"","overlay-type":"","overlay-color":"","overlay-opacity":"","overlay-gradient":""},"tablet":{"background-color":"","background-image":"","background-repeat":"repeat","background-position":"center center","background-size":"auto","background-attachment":"scroll","background-type":"","background-media":"","overlay-type":"","overlay-color":"","overlay-opacity":"","overlay-gradient":""},"mobile":{"background-color":"","background-image":"","background-repeat":"repeat","background-position":"center center","background-size":"auto","background-attachment":"scroll","background-type":"","background-media":"","overlay-type":"","overlay-color":"","overlay-opacity":"","overlay-gradient":""}},"ast-content-background-meta":{"desktop":{"background-color":"var(--ast-global-color-5)","background-image":"","background-repeat":"repeat","background-position":"center center","background-size":"auto","background-attachment":"scroll","background-type":"","background-media":"","overlay-type":"","overlay-color":"","overlay-opacity":"","overlay-gradient":""},"tablet":{"background-color":"var(--ast-global-color-5)","background-image":"","background-repeat":"repeat","background-position":"center center","background-size":"auto","background-attachment":"scroll","background-type":"","background-media":"","overlay-type":"","overlay-color":"","overlay-opacity":"","overlay-gradient":""},"mobile":{"background-color":"var(--ast-global-color-5)","background-image":"","background-repeat":"repeat","background-position":"center center","background-size":"auto","background-attachment":"scroll","background-type":"","background-media":"","overlay-type":"","overlay-color":"","overlay-opacity":"","overlay-gradient":""}}},"product_brand":[],"product_cat":[324,315],"product_tag":[],"berocket_brand":[682],"class_list":{"0":"post-27070","1":"product","2":"type-product","3":"status-publish","4":"has-post-thumbnail","6":"product_cat-auduma","7":"product_cat-maskas","8":"berocket_brand-centellian24","9":"desktop-align-left","10":"tablet-align-left","11":"mobile-align-left","13":"first","14":"instock","15":"taxable","16":"shipping-taxable","17":"purchasable","18":"product-type-simple","19":"add-to-wishlist-before_image"},"yoast_head":"<!-- This site is optimized with the Yoast SEO plugin v27.4 - https:\/\/yoast.com\/product\/yoast-seo-wordpress\/ -->\n<title>Centellian24 Madeca Pore Green Mask att\u012bro\u0161a maska por\u0101m ar Centella asiatica - FACECORNER<\/title>\n<meta name=\"description\" content=\"Dzi\u013ci att\u012bro\u0161a detoksik\u0101cijas maska poru sa\u0161aurin\u0101\u0161anai, sebuma kontrolei un vienm\u0113r\u012bgai \u0101das tekst\u016brai.\" \/>\n<meta name=\"robots\" content=\"index, follow, max-snippet:-1, max-image-preview:large, max-video-preview:-1\" \/>\n<link rel=\"canonical\" href=\"https:\/\/www.facecorner.lv\/en\/shop\/centellian24-madeca-pore-green-mask-attirosa-maska-poram-ar-centella-asiatica\/\" \/>\n<meta property=\"og:locale\" content=\"en_US\" \/>\n<meta property=\"og:type\" content=\"article\" \/>\n<meta property=\"og:title\" content=\"Centellian24 Madeca Pore Green Mask att\u012bro\u0161a maska por\u0101m ar Centella asiatica - FACECORNER\" \/>\n<meta property=\"og:description\" content=\"Dzi\u013ci att\u012bro\u0161a detoksik\u0101cijas maska poru sa\u0161aurin\u0101\u0161anai, sebuma kontrolei un vienm\u0113r\u012bgai \u0101das tekst\u016brai.\" \/>\n<meta property=\"og:url\" content=\"https:\/\/www.facecorner.lv\/en\/shop\/centellian24-madeca-pore-green-mask-attirosa-maska-poram-ar-centella-asiatica\/\" \/>\n<meta property=\"og:site_name\" content=\"FACECORNER\" \/>\n<meta property=\"article:publisher\" content=\"https:\/\/www.facebook.com\/profile.php?id=100063824551839\" \/>\n<meta property=\"article:modified_time\" content=\"2026-03-05T12:12:39+00:00\" \/>\n<meta property=\"og:image\" content=\"https:\/\/www.facecorner.lv\/wp-content\/uploads\/2026\/03\/small_eae48db3-2980-11f0-9757-ac162d78395a_eae48db4-2980-11f0-9757-ac162d78395a.png\" \/>\n\t<meta property=\"og:image:width\" content=\"500\" \/>\n\t<meta property=\"og:image:height\" content=\"500\" \/>\n\t<meta property=\"og:image:type\" content=\"image\/png\" \/>\n<meta name=\"twitter:card\" content=\"summary_large_image\" \/>\n<meta name=\"twitter:label1\" content=\"Price\" \/>\n\t<meta name=\"twitter:data1\" content=\"&euro;2.95\" \/>\n\t<meta name=\"twitter:label2\" content=\"Availability\" \/>\n\t<meta name=\"twitter:data2\" content=\"In stock\" \/>\n<script type=\"application\/ld+json\" class=\"yoast-schema-graph\">{\"@context\":\"https:\\\/\\\/schema.org\",\"@graph\":[{\"@type\":\"WebPage\",\"@id\":\"https:\\\/\\\/www.facecorner.lv\\\/shop\\\/centellian24-madeca-pore-green-mask-attirosa-maska-poram-ar-centella-asiatica\\\/\",\"url\":\"https:\\\/\\\/www.facecorner.lv\\\/shop\\\/centellian24-madeca-pore-green-mask-attirosa-maska-poram-ar-centella-asiatica\\\/\",\"name\":\"Centellian24 Madeca Pore Green Mask att\u012bro\u0161a maska por\u0101m ar Centella asiatica - FACECORNER\",\"isPartOf\":{\"@id\":\"https:\\\/\\\/www.facecorner.lv\\\/#website\"},\"primaryImageOfPage\":{\"@id\":\"https:\\\/\\\/www.facecorner.lv\\\/shop\\\/centellian24-madeca-pore-green-mask-attirosa-maska-poram-ar-centella-asiatica\\\/#primaryimage\"},\"image\":{\"@id\":\"https:\\\/\\\/www.facecorner.lv\\\/shop\\\/centellian24-madeca-pore-green-mask-attirosa-maska-poram-ar-centella-asiatica\\\/#primaryimage\"},\"thumbnailUrl\":\"https:\\\/\\\/www.facecorner.lv\\\/wp-content\\\/uploads\\\/2026\\\/03\\\/small_eae48db3-2980-11f0-9757-ac162d78395a_eae48db4-2980-11f0-9757-ac162d78395a.png\",\"datePublished\":\"2026-03-05T12:12:38+00:00\",\"dateModified\":\"2026-03-05T12:12:39+00:00\",\"description\":\"Dzi\u013ci att\u012bro\u0161a detoksik\u0101cijas maska poru sa\u0161aurin\u0101\u0161anai, sebuma kontrolei un vienm\u0113r\u012bgai \u0101das tekst\u016brai.\",\"breadcrumb\":{\"@id\":\"https:\\\/\\\/www.facecorner.lv\\\/shop\\\/centellian24-madeca-pore-green-mask-attirosa-maska-poram-ar-centella-asiatica\\\/#breadcrumb\"},\"inLanguage\":\"en-US\",\"potentialAction\":[{\"@type\":\"ReadAction\",\"target\":[\"https:\\\/\\\/www.facecorner.lv\\\/shop\\\/centellian24-madeca-pore-green-mask-attirosa-maska-poram-ar-centella-asiatica\\\/\"]}]},{\"@type\":\"ImageObject\",\"inLanguage\":\"en-US\",\"@id\":\"https:\\\/\\\/www.facecorner.lv\\\/shop\\\/centellian24-madeca-pore-green-mask-attirosa-maska-poram-ar-centella-asiatica\\\/#primaryimage\",\"url\":\"https:\\\/\\\/www.facecorner.lv\\\/wp-content\\\/uploads\\\/2026\\\/03\\\/small_eae48db3-2980-11f0-9757-ac162d78395a_eae48db4-2980-11f0-9757-ac162d78395a.png\",\"contentUrl\":\"https:\\\/\\\/www.facecorner.lv\\\/wp-content\\\/uploads\\\/2026\\\/03\\\/small_eae48db3-2980-11f0-9757-ac162d78395a_eae48db4-2980-11f0-9757-ac162d78395a.png\",\"width\":500,\"height\":500,\"caption\":\"Centellian24 Madeca Pore Green Mask\"},{\"@type\":\"BreadcrumbList\",\"@id\":\"https:\\\/\\\/www.facecorner.lv\\\/shop\\\/centellian24-madeca-pore-green-mask-attirosa-maska-poram-ar-centella-asiatica\\\/#breadcrumb\",\"itemListElement\":[{\"@type\":\"ListItem\",\"position\":1,\"name\":\"Home\",\"item\":\"https:\\\/\\\/www.facecorner.lv\\\/\"},{\"@type\":\"ListItem\",\"position\":2,\"name\":\"Veikals\",\"item\":\"https:\\\/\\\/www.facecorner.lv\\\/shop\\\/\"},{\"@type\":\"ListItem\",\"position\":3,\"name\":\"Centellian24 Madeca Pore Green Mask att\u012bro\u0161a maska por\u0101m ar Centella asiatica\"}]},{\"@type\":\"WebSite\",\"@id\":\"https:\\\/\\\/www.facecorner.lv\\\/#website\",\"url\":\"https:\\\/\\\/www.facecorner.lv\\\/\",\"name\":\"Facecorner\",\"description\":\"\",\"publisher\":{\"@id\":\"https:\\\/\\\/www.facecorner.lv\\\/#organization\"},\"potentialAction\":[{\"@type\":\"SearchAction\",\"target\":{\"@type\":\"EntryPoint\",\"urlTemplate\":\"https:\\\/\\\/www.facecorner.lv\\\/?s={search_term_string}\"},\"query-input\":{\"@type\":\"PropertyValueSpecification\",\"valueRequired\":true,\"valueName\":\"search_term_string\"}}],\"inLanguage\":\"en-US\"},{\"@type\":\"Organization\",\"@id\":\"https:\\\/\\\/www.facecorner.lv\\\/#organization\",\"name\":\"Facecorner\",\"url\":\"https:\\\/\\\/www.facecorner.lv\\\/\",\"logo\":{\"@type\":\"ImageObject\",\"inLanguage\":\"en-US\",\"@id\":\"https:\\\/\\\/www.facecorner.lv\\\/#\\\/schema\\\/logo\\\/image\\\/\",\"url\":\"https:\\\/\\\/www.facecorner.lv\\\/wp-content\\\/uploads\\\/2024\\\/04\\\/fc-logo.jpg\",\"contentUrl\":\"https:\\\/\\\/www.facecorner.lv\\\/wp-content\\\/uploads\\\/2024\\\/04\\\/fc-logo.jpg\",\"width\":174,\"height\":28,\"caption\":\"Facecorner\"},\"image\":{\"@id\":\"https:\\\/\\\/www.facecorner.lv\\\/#\\\/schema\\\/logo\\\/image\\\/\"},\"sameAs\":[\"https:\\\/\\\/www.facebook.com\\\/profile.php?id=100063824551839\",\"https:\\\/\\\/www.instagram.com\\\/facecorner_shop\\\/\"]}]}<\/script>\n<meta property=\"product:price:amount\" content=\"2.95\" \/>\n<meta property=\"product:price:currency\" content=\"EUR\" \/>\n<meta property=\"og:availability\" content=\"instock\" \/>\n<meta property=\"product:availability\" content=\"instock\" \/>\n<meta property=\"product:condition\" content=\"new\" \/>\n<!-- \/ Yoast SEO plugin. -->","yoast_head_json":{"title":"Centellian24 Madeca Pore Green Mask att\u012bro\u0161a maska por\u0101m ar Centella asiatica - FACECORNER","description":"Dzi\u013ci att\u012bro\u0161a detoksik\u0101cijas maska poru sa\u0161aurin\u0101\u0161anai, sebuma kontrolei un vienm\u0113r\u012bgai \u0101das tekst\u016brai.","robots":{"index":"index","follow":"follow","max-snippet":"max-snippet:-1","max-image-preview":"max-image-preview:large","max-video-preview":"max-video-preview:-1"},"canonical":"https:\/\/www.facecorner.lv\/en\/shop\/centellian24-madeca-pore-green-mask-attirosa-maska-poram-ar-centella-asiatica\/","og_locale":"en_US","og_type":"article","og_title":"Centellian24 Madeca Pore Green Mask att\u012bro\u0161a maska por\u0101m ar Centella asiatica - FACECORNER","og_description":"Dzi\u013ci att\u012bro\u0161a detoksik\u0101cijas maska poru sa\u0161aurin\u0101\u0161anai, sebuma kontrolei un vienm\u0113r\u012bgai \u0101das tekst\u016brai.","og_url":"https:\/\/www.facecorner.lv\/en\/shop\/centellian24-madeca-pore-green-mask-attirosa-maska-poram-ar-centella-asiatica\/","og_site_name":"FACECORNER","article_publisher":"https:\/\/www.facebook.com\/profile.php?id=100063824551839","article_modified_time":"2026-03-05T12:12:39+00:00","og_image":[{"width":500,"height":500,"url":"https:\/\/www.facecorner.lv\/wp-content\/uploads\/2026\/03\/small_eae48db3-2980-11f0-9757-ac162d78395a_eae48db4-2980-11f0-9757-ac162d78395a.png","type":"image\/png"}],"twitter_card":"summary_large_image","twitter_misc":{"Price":"&euro;2.95","Availability":"In stock"},"schema":{"@context":"https:\/\/schema.org","@graph":[{"@type":"WebPage","@id":"https:\/\/www.facecorner.lv\/shop\/centellian24-madeca-pore-green-mask-attirosa-maska-poram-ar-centella-asiatica\/","url":"https:\/\/www.facecorner.lv\/shop\/centellian24-madeca-pore-green-mask-attirosa-maska-poram-ar-centella-asiatica\/","name":"Centellian24 Madeca Pore Green Mask att\u012bro\u0161a maska por\u0101m ar Centella asiatica - FACECORNER","isPartOf":{"@id":"https:\/\/www.facecorner.lv\/#website"},"primaryImageOfPage":{"@id":"https:\/\/www.facecorner.lv\/shop\/centellian24-madeca-pore-green-mask-attirosa-maska-poram-ar-centella-asiatica\/#primaryimage"},"image":{"@id":"https:\/\/www.facecorner.lv\/shop\/centellian24-madeca-pore-green-mask-attirosa-maska-poram-ar-centella-asiatica\/#primaryimage"},"thumbnailUrl":"https:\/\/www.facecorner.lv\/wp-content\/uploads\/2026\/03\/small_eae48db3-2980-11f0-9757-ac162d78395a_eae48db4-2980-11f0-9757-ac162d78395a.png","datePublished":"2026-03-05T12:12:38+00:00","dateModified":"2026-03-05T12:12:39+00:00","description":"Dzi\u013ci att\u012bro\u0161a detoksik\u0101cijas maska poru sa\u0161aurin\u0101\u0161anai, sebuma kontrolei un vienm\u0113r\u012bgai \u0101das tekst\u016brai.","breadcrumb":{"@id":"https:\/\/www.facecorner.lv\/shop\/centellian24-madeca-pore-green-mask-attirosa-maska-poram-ar-centella-asiatica\/#breadcrumb"},"inLanguage":"en-US","potentialAction":[{"@type":"ReadAction","target":["https:\/\/www.facecorner.lv\/shop\/centellian24-madeca-pore-green-mask-attirosa-maska-poram-ar-centella-asiatica\/"]}]},{"@type":"ImageObject","inLanguage":"en-US","@id":"https:\/\/www.facecorner.lv\/shop\/centellian24-madeca-pore-green-mask-attirosa-maska-poram-ar-centella-asiatica\/#primaryimage","url":"https:\/\/www.facecorner.lv\/wp-content\/uploads\/2026\/03\/small_eae48db3-2980-11f0-9757-ac162d78395a_eae48db4-2980-11f0-9757-ac162d78395a.png","contentUrl":"https:\/\/www.facecorner.lv\/wp-content\/uploads\/2026\/03\/small_eae48db3-2980-11f0-9757-ac162d78395a_eae48db4-2980-11f0-9757-ac162d78395a.png","width":500,"height":500,"caption":"Centellian24 Madeca Pore Green Mask"},{"@type":"BreadcrumbList","@id":"https:\/\/www.facecorner.lv\/shop\/centellian24-madeca-pore-green-mask-attirosa-maska-poram-ar-centella-asiatica\/#breadcrumb","itemListElement":[{"@type":"ListItem","position":1,"name":"Home","item":"https:\/\/www.facecorner.lv\/"},{"@type":"ListItem","position":2,"name":"Veikals","item":"https:\/\/www.facecorner.lv\/shop\/"},{"@type":"ListItem","position":3,"name":"Centellian24 Madeca Pore Green Mask att\u012bro\u0161a maska por\u0101m ar Centella asiatica"}]},{"@type":"WebSite","@id":"https:\/\/www.facecorner.lv\/#website","url":"https:\/\/www.facecorner.lv\/","name":"Facecorner","description":"","publisher":{"@id":"https:\/\/www.facecorner.lv\/#organization"},"potentialAction":[{"@type":"SearchAction","target":{"@type":"EntryPoint","urlTemplate":"https:\/\/www.facecorner.lv\/?s={search_term_string}"},"query-input":{"@type":"PropertyValueSpecification","valueRequired":true,"valueName":"search_term_string"}}],"inLanguage":"en-US"},{"@type":"Organization","@id":"https:\/\/www.facecorner.lv\/#organization","name":"Facecorner","url":"https:\/\/www.facecorner.lv\/","logo":{"@type":"ImageObject","inLanguage":"en-US","@id":"https:\/\/www.facecorner.lv\/#\/schema\/logo\/image\/","url":"https:\/\/www.facecorner.lv\/wp-content\/uploads\/2024\/04\/fc-logo.jpg","contentUrl":"https:\/\/www.facecorner.lv\/wp-content\/uploads\/2024\/04\/fc-logo.jpg","width":174,"height":28,"caption":"Facecorner"},"image":{"@id":"https:\/\/www.facecorner.lv\/#\/schema\/logo\/image\/"},"sameAs":["https:\/\/www.facebook.com\/profile.php?id=100063824551839","https:\/\/www.instagram.com\/facecorner_shop\/"]}]},"product_price_amount":"2.95","product_price_currency":"EUR","og_availability":"instock","product_availability":"instock","product_condition":"new"},"_links":{"self":[{"href":"https:\/\/www.facecorner.lv\/en\/wp-json\/wp\/v2\/product\/27070","targetHints":{"allow":["GET"]}}],"collection":[{"href":"https:\/\/www.facecorner.lv\/en\/wp-json\/wp\/v2\/product"}],"about":[{"href":"https:\/\/www.facecorner.lv\/en\/wp-json\/wp\/v2\/types\/product"}],"replies":[{"embeddable":true,"href":"https:\/\/www.facecorner.lv\/en\/wp-json\/wp\/v2\/comments?post=27070"}],"wp:featuredmedia":[{"embeddable":true,"href":"https:\/\/www.facecorner.lv\/en\/wp-json\/wp\/v2\/media\/27071"}],"wp:attachment":[{"href":"https:\/\/www.facecorner.lv\/en\/wp-json\/wp\/v2\/media?parent=27070"}],"wp:term":[{"taxonomy":"product_brand","embeddable":true,"href":"https:\/\/www.facecorner.lv\/en\/wp-json\/wp\/v2\/product_brand?post=27070"},{"taxonomy":"product_cat","embeddable":true,"href":"https:\/\/www.facecorner.lv\/en\/wp-json\/wp\/v2\/product_cat?post=27070"},{"taxonomy":"product_tag","embeddable":true,"href":"https:\/\/www.facecorner.lv\/en\/wp-json\/wp\/v2\/product_tag?post=27070"},{"taxonomy":"berocket_brand","embeddable":true,"href":"https:\/\/www.facecorner.lv\/en\/wp-json\/wp\/v2\/berocket_brand?post=27070"}],"curies":[{"name":"wp","href":"https:\/\/api.w.org\/{rel}","templated":true}]}}