{"id":27065,"date":"2026-03-05T15:02:18","date_gmt":"2026-03-05T12:02:18","guid":{"rendered":"https:\/\/www.facecorner.lv\/?post_type=product&#038;p=27065"},"modified":"2026-04-21T15:09:30","modified_gmt":"2026-04-21T12:09:30","slug":"centellian24-expert-madeca-cream-active-renew-atjaunojoss-krems-ar-azijas-centellu-50ml","status":"publish","type":"product","link":"https:\/\/www.facecorner.lv\/en\/shop\/centellian24-expert-madeca-cream-active-renew-atjaunojoss-krems-ar-azijas-centellu-50ml\/","title":{"rendered":"Centellian24 Expert Madeca Cream Active Renew atjaunojo\u0161s kr\u0113ms ar \u0100zijas centellu 50ml"},"content":{"rendered":"<p>Centellian24 Expert Madeca Cream Active Renew kr\u0113ms ir izstr\u0101d\u0101ts, lai atjaunotu \u0101du, uzlabotu t\u0101s elast\u012bbu un mazin\u0101tu noveco\u0161an\u0101s paz\u012bmes.<\/p>\n<p>Formula ar Centella asiatica ekstraktu un madekassos\u012bdu pal\u012bdz stiprin\u0101t \u0101das barjeru, nomierin\u0101t kairin\u0101jumu un atjaunot \u0101das vesel\u012bgo mirdzumu.<\/p>\n<h6>Galven\u0101s priek\u0161roc\u012bbas:<\/h6>\n<ul>\n<li>veicina \u0101das atjauno\u0161anu un stiprin\u0101\u0161anu<\/li>\n<li>samazina noveco\u0161an\u0101s paz\u012bmes un uzlabo elast\u012bbu<\/li>\n<li>nomierina jut\u012bgu un kairin\u0101tu \u0101du<\/li>\n<li>dzi\u013ci mitrina un baro<\/li>\n<li>uzlabo \u0101das tekst\u016bru un toni<\/li>\n<\/ul>\n<h6><strong>Main active ingredients:<\/strong><\/h6>\n<ul>\n<li>Centella Asiatica (\u0100zijas centella) \u2014 nomierina \u0101du un pa\u0101trina t\u0101s atjauno\u0161anos.<\/li>\n<li>Madekassos\u012bds \u2014 pal\u012bdz stiprin\u0101t \u0101das aizsargbarjeru.<\/li>\n<li>Niac\u012bnam\u012bds \u2014 izl\u012bdzina \u0101das toni un pie\u0161\u0137ir tai mirdzumu.<\/li>\n<li>Pept\u012bdi \u2014 veicina \u0101das elast\u012bbas uzlabo\u0161anos.<\/li>\n<\/ul>\n<p><strong>How to use:<\/strong> P\u0113d\u0113j\u0101 kop\u0161anas posm\u0101 uzkl\u0101jiet nepiecie\u0161amo kr\u0113ma daudzumu uz att\u012br\u012btas sejas \u0101das. Viegli izl\u012bdziniet, l\u012bdz kr\u0113ms piln\u012bb\u0101 ies\u016bcies.<\/p>\n<p><strong>Sast\u0101vs:<\/strong> Water, Glycerin, Dipropylene Glycol, Caprylic\/Capric Triglyceride, Hydrogenated Poly (C6-14 Olefin), Glyceryl Stearate, Pentaerythrityl Tetraethylhexanoate, Niacinamide, Methyl Trimethicone, Vinyl Dimethicone, Cetearyl Alcohol, Rosa Damascena Flower Water, Polyglyceryl-10 Laurate, 1,2-Hexanediol, Panthenol, C10-18 Triglycerides, Sodium Stearoyl Glutamate, Sodium Polyacryloyldimethyl Taurate, Butylene Glycol, Jojoba Esters, Glyceryl Stearate, Hydroxyacetophenone, Hydroxyethyl Acrylate\/Sodium Acryloyldimethyl Taurate Copolymer, Cetyl Alcohol, Stearyl Alcohol, Sodium DNA, Behenyl Alcohol, Madecassic Acid, Asiaticoside, Helianthus Annuus (Sunflower) Seed Wax, Coptis Japonica Root Extract, Ethylhexylglycerin, Lavandula Angustifolia (Lavender) Oil, Citrus Aurantium Bergamia (Bergamot) Fruit Oil, Asiatic Acid, Olea Europaea (Olive) Fruit Oil, Citrus Aurantium Dulcis (Orange) Peel Oil, Xanthan Gum, Rosmarinus Officinalis (Rosemary) Leaf Oil, Disodium EDTA, Adenosine, Centella Asiatica Extract, Sorbitan Isostearate, Polyglycerin-3, Anthemis Nobilis Flower Oil, Cyanocobalamin, Ascorbic Acid, Tocopherol, Glutathione, Caffeine, Beta-Sitosterol, Ceramide NP, Glycoproteins, Phytosterols, Phytosphingosine, Hydrogenated Lecithin, Laminaria Japonica Extract, Aloe Barbadensis Leaf Extract, Dioscorea Japonica Root Extract, Ulmus Davidiana Root Extract, Viola Mandshurica Flower Extract, Collagen Amino Acids, Hydrolyzed Elastin, Sodium Hyaluronate, Dimethylsilanol Hyaluronate, Hydrolyzed Hyaluronic Acid, Hydrolyzed Sodium Hyaluronate, Aspartic Acid, Hyaluronic Acid, Potassium Hyaluronate, Sodium Hyaluronate Crosspolymer, Hydroxypropyltrimonium Hyaluronate, Sodium Hyaluronate Dimethylsilanol, Sodium Acetylated Hyaluronate, Glycine, Glutamic Acid, Arginine, Limonene, Linalool<\/p>\n<p>&nbsp;<\/p>","protected":false},"excerpt":{"rendered":"<p>Centellian24 Expert Madeca Cream Active Renew intens\u012bvs atjaunojo\u0161s kr\u0113ms ar madekassos\u012bdu un \u0100zijas centellu, kas stiprina, mitrina un atjauno \u0101du.<\/p>","protected":false},"featured_media":27066,"comment_status":"open","ping_status":"closed","template":"","meta":{"site-sidebar-layout":"default","site-content-layout":"","ast-site-content-layout":"default","site-content-style":"default","site-sidebar-style":"default","ast-global-header-display":"","ast-banner-title-visibility":"","ast-main-header-display":"","ast-hfb-above-header-display":"","ast-hfb-below-header-display":"","ast-hfb-mobile-header-display":"","site-post-title":"","ast-breadcrumbs-content":"","ast-featured-img":"","footer-sml-layout":"","theme-transparent-header-meta":"default","adv-header-id-meta":"","stick-header-meta":"","header-above-stick-meta":"","header-main-stick-meta":"","header-below-stick-meta":"","astra-migrate-meta-layouts":"set","ast-page-background-enabled":"default","ast-page-background-meta":{"desktop":{"background-color":"var(--ast-global-color-4)","background-image":"","background-repeat":"repeat","background-position":"center center","background-size":"auto","background-attachment":"scroll","background-type":"","background-media":"","overlay-type":"","overlay-color":"","overlay-opacity":"","overlay-gradient":""},"tablet":{"background-color":"","background-image":"","background-repeat":"repeat","background-position":"center center","background-size":"auto","background-attachment":"scroll","background-type":"","background-media":"","overlay-type":"","overlay-color":"","overlay-opacity":"","overlay-gradient":""},"mobile":{"background-color":"","background-image":"","background-repeat":"repeat","background-position":"center center","background-size":"auto","background-attachment":"scroll","background-type":"","background-media":"","overlay-type":"","overlay-color":"","overlay-opacity":"","overlay-gradient":""}},"ast-content-background-meta":{"desktop":{"background-color":"var(--ast-global-color-5)","background-image":"","background-repeat":"repeat","background-position":"center center","background-size":"auto","background-attachment":"scroll","background-type":"","background-media":"","overlay-type":"","overlay-color":"","overlay-opacity":"","overlay-gradient":""},"tablet":{"background-color":"var(--ast-global-color-5)","background-image":"","background-repeat":"repeat","background-position":"center center","background-size":"auto","background-attachment":"scroll","background-type":"","background-media":"","overlay-type":"","overlay-color":"","overlay-opacity":"","overlay-gradient":""},"mobile":{"background-color":"var(--ast-global-color-5)","background-image":"","background-repeat":"repeat","background-position":"center center","background-size":"auto","background-attachment":"scroll","background-type":"","background-media":"","overlay-type":"","overlay-color":"","overlay-opacity":"","overlay-gradient":""}}},"product_brand":[],"product_cat":[366,652,368,362],"product_tag":[],"berocket_brand":[682],"class_list":{"0":"post-27065","1":"product","2":"type-product","3":"status-publish","4":"has-post-thumbnail","6":"product_cat-mitrinoss","7":"product_cat-pdrn","8":"product_cat-pret-grumbam","9":"product_cat-sejas-krems","10":"berocket_brand-centellian24","11":"desktop-align-left","12":"tablet-align-left","13":"mobile-align-left","15":"first","16":"instock","17":"taxable","18":"shipping-taxable","19":"purchasable","20":"product-type-simple","21":"add-to-wishlist-before_image"},"yoast_head":"<!-- This site is optimized with the Yoast SEO plugin v27.4 - https:\/\/yoast.com\/product\/yoast-seo-wordpress\/ -->\n<title>Centellian24 Expert Madeca Cream Active Renew atjaunojo\u0161s kr\u0113ms ar \u0100zijas centellu 50ml - FACECORNER<\/title>\n<meta name=\"description\" content=\"Centellian24 Expert Madeca Cream Active Renew intens\u012bvs atjaunojo\u0161s kr\u0113ms ar madekassos\u012bdu un \u0100zijas centellu, kas stiprina, mitrina un atjauno \u0101du.\" \/>\n<meta name=\"robots\" content=\"index, follow, max-snippet:-1, max-image-preview:large, max-video-preview:-1\" \/>\n<link rel=\"canonical\" href=\"https:\/\/www.facecorner.lv\/en\/shop\/centellian24-expert-madeca-cream-active-renew-atjaunojoss-krems-ar-azijas-centellu-50ml\/\" \/>\n<meta property=\"og:locale\" content=\"en_US\" \/>\n<meta property=\"og:type\" content=\"article\" \/>\n<meta property=\"og:title\" content=\"Centellian24 Expert Madeca Cream Active Renew atjaunojo\u0161s kr\u0113ms ar \u0100zijas centellu 50ml - FACECORNER\" \/>\n<meta property=\"og:description\" content=\"Centellian24 Expert Madeca Cream Active Renew intens\u012bvs atjaunojo\u0161s kr\u0113ms ar madekassos\u012bdu un \u0100zijas centellu, kas stiprina, mitrina un atjauno \u0101du.\" \/>\n<meta property=\"og:url\" content=\"https:\/\/www.facecorner.lv\/en\/shop\/centellian24-expert-madeca-cream-active-renew-atjaunojoss-krems-ar-azijas-centellu-50ml\/\" \/>\n<meta property=\"og:site_name\" content=\"FACECORNER\" \/>\n<meta property=\"article:publisher\" content=\"https:\/\/www.facebook.com\/profile.php?id=100063824551839\" \/>\n<meta property=\"article:modified_time\" content=\"2026-04-21T12:09:30+00:00\" \/>\n<meta property=\"og:image\" content=\"https:\/\/www.facecorner.lv\/wp-content\/uploads\/2026\/03\/51BbYpcI4eL.jpg\" \/>\n\t<meta property=\"og:image:width\" content=\"1501\" \/>\n\t<meta property=\"og:image:height\" content=\"1500\" \/>\n\t<meta property=\"og:image:type\" content=\"image\/jpeg\" \/>\n<meta name=\"twitter:card\" content=\"summary_large_image\" \/>\n<meta name=\"twitter:label1\" content=\"Price\" \/>\n\t<meta name=\"twitter:data1\" content=\"&euro;21.45\" \/>\n\t<meta name=\"twitter:label2\" content=\"Availability\" \/>\n\t<meta name=\"twitter:data2\" content=\"In stock\" \/>\n<script type=\"application\/ld+json\" class=\"yoast-schema-graph\">{\"@context\":\"https:\\\/\\\/schema.org\",\"@graph\":[{\"@type\":\"WebPage\",\"@id\":\"https:\\\/\\\/www.facecorner.lv\\\/shop\\\/centellian24-expert-madeca-cream-active-renew-atjaunojoss-krems-ar-azijas-centellu-50ml\\\/\",\"url\":\"https:\\\/\\\/www.facecorner.lv\\\/shop\\\/centellian24-expert-madeca-cream-active-renew-atjaunojoss-krems-ar-azijas-centellu-50ml\\\/\",\"name\":\"Centellian24 Expert Madeca Cream Active Renew atjaunojo\u0161s kr\u0113ms ar \u0100zijas centellu 50ml - FACECORNER\",\"isPartOf\":{\"@id\":\"https:\\\/\\\/www.facecorner.lv\\\/#website\"},\"primaryImageOfPage\":{\"@id\":\"https:\\\/\\\/www.facecorner.lv\\\/shop\\\/centellian24-expert-madeca-cream-active-renew-atjaunojoss-krems-ar-azijas-centellu-50ml\\\/#primaryimage\"},\"image\":{\"@id\":\"https:\\\/\\\/www.facecorner.lv\\\/shop\\\/centellian24-expert-madeca-cream-active-renew-atjaunojoss-krems-ar-azijas-centellu-50ml\\\/#primaryimage\"},\"thumbnailUrl\":\"https:\\\/\\\/www.facecorner.lv\\\/wp-content\\\/uploads\\\/2026\\\/03\\\/51BbYpcI4eL.jpg\",\"datePublished\":\"2026-03-05T12:02:18+00:00\",\"dateModified\":\"2026-04-21T12:09:30+00:00\",\"description\":\"Centellian24 Expert Madeca Cream Active Renew intens\u012bvs atjaunojo\u0161s kr\u0113ms ar madekassos\u012bdu un \u0100zijas centellu, kas stiprina, mitrina un atjauno \u0101du.\",\"breadcrumb\":{\"@id\":\"https:\\\/\\\/www.facecorner.lv\\\/shop\\\/centellian24-expert-madeca-cream-active-renew-atjaunojoss-krems-ar-azijas-centellu-50ml\\\/#breadcrumb\"},\"inLanguage\":\"en-US\",\"potentialAction\":[{\"@type\":\"ReadAction\",\"target\":[\"https:\\\/\\\/www.facecorner.lv\\\/shop\\\/centellian24-expert-madeca-cream-active-renew-atjaunojoss-krems-ar-azijas-centellu-50ml\\\/\"]}]},{\"@type\":\"ImageObject\",\"inLanguage\":\"en-US\",\"@id\":\"https:\\\/\\\/www.facecorner.lv\\\/shop\\\/centellian24-expert-madeca-cream-active-renew-atjaunojoss-krems-ar-azijas-centellu-50ml\\\/#primaryimage\",\"url\":\"https:\\\/\\\/www.facecorner.lv\\\/wp-content\\\/uploads\\\/2026\\\/03\\\/51BbYpcI4eL.jpg\",\"contentUrl\":\"https:\\\/\\\/www.facecorner.lv\\\/wp-content\\\/uploads\\\/2026\\\/03\\\/51BbYpcI4eL.jpg\",\"width\":1501,\"height\":1500,\"caption\":\"Centellian24 Expert Madeca Cream Active Renew\"},{\"@type\":\"BreadcrumbList\",\"@id\":\"https:\\\/\\\/www.facecorner.lv\\\/shop\\\/centellian24-expert-madeca-cream-active-renew-atjaunojoss-krems-ar-azijas-centellu-50ml\\\/#breadcrumb\",\"itemListElement\":[{\"@type\":\"ListItem\",\"position\":1,\"name\":\"Home\",\"item\":\"https:\\\/\\\/www.facecorner.lv\\\/\"},{\"@type\":\"ListItem\",\"position\":2,\"name\":\"Veikals\",\"item\":\"https:\\\/\\\/www.facecorner.lv\\\/shop\\\/\"},{\"@type\":\"ListItem\",\"position\":3,\"name\":\"Centellian24 Expert Madeca Cream Active Renew atjaunojo\u0161s kr\u0113ms ar \u0100zijas centellu 50ml\"}]},{\"@type\":\"WebSite\",\"@id\":\"https:\\\/\\\/www.facecorner.lv\\\/#website\",\"url\":\"https:\\\/\\\/www.facecorner.lv\\\/\",\"name\":\"Facecorner\",\"description\":\"\",\"publisher\":{\"@id\":\"https:\\\/\\\/www.facecorner.lv\\\/#organization\"},\"potentialAction\":[{\"@type\":\"SearchAction\",\"target\":{\"@type\":\"EntryPoint\",\"urlTemplate\":\"https:\\\/\\\/www.facecorner.lv\\\/?s={search_term_string}\"},\"query-input\":{\"@type\":\"PropertyValueSpecification\",\"valueRequired\":true,\"valueName\":\"search_term_string\"}}],\"inLanguage\":\"en-US\"},{\"@type\":\"Organization\",\"@id\":\"https:\\\/\\\/www.facecorner.lv\\\/#organization\",\"name\":\"Facecorner\",\"url\":\"https:\\\/\\\/www.facecorner.lv\\\/\",\"logo\":{\"@type\":\"ImageObject\",\"inLanguage\":\"en-US\",\"@id\":\"https:\\\/\\\/www.facecorner.lv\\\/#\\\/schema\\\/logo\\\/image\\\/\",\"url\":\"https:\\\/\\\/www.facecorner.lv\\\/wp-content\\\/uploads\\\/2024\\\/04\\\/fc-logo.jpg\",\"contentUrl\":\"https:\\\/\\\/www.facecorner.lv\\\/wp-content\\\/uploads\\\/2024\\\/04\\\/fc-logo.jpg\",\"width\":174,\"height\":28,\"caption\":\"Facecorner\"},\"image\":{\"@id\":\"https:\\\/\\\/www.facecorner.lv\\\/#\\\/schema\\\/logo\\\/image\\\/\"},\"sameAs\":[\"https:\\\/\\\/www.facebook.com\\\/profile.php?id=100063824551839\",\"https:\\\/\\\/www.instagram.com\\\/facecorner_shop\\\/\"]}]}<\/script>\n<meta property=\"product:price:amount\" content=\"21.45\" \/>\n<meta property=\"product:price:currency\" content=\"EUR\" \/>\n<meta property=\"og:availability\" content=\"instock\" \/>\n<meta property=\"product:availability\" content=\"instock\" \/>\n<meta property=\"product:condition\" content=\"new\" \/>\n<!-- \/ Yoast SEO plugin. -->","yoast_head_json":{"title":"Centellian24 Expert Madeca Cream Active Renew atjaunojo\u0161s kr\u0113ms ar \u0100zijas centellu 50ml - FACECORNER","description":"Centellian24 Expert Madeca Cream Active Renew intens\u012bvs atjaunojo\u0161s kr\u0113ms ar madekassos\u012bdu un \u0100zijas centellu, kas stiprina, mitrina un atjauno \u0101du.","robots":{"index":"index","follow":"follow","max-snippet":"max-snippet:-1","max-image-preview":"max-image-preview:large","max-video-preview":"max-video-preview:-1"},"canonical":"https:\/\/www.facecorner.lv\/en\/shop\/centellian24-expert-madeca-cream-active-renew-atjaunojoss-krems-ar-azijas-centellu-50ml\/","og_locale":"en_US","og_type":"article","og_title":"Centellian24 Expert Madeca Cream Active Renew atjaunojo\u0161s kr\u0113ms ar \u0100zijas centellu 50ml - FACECORNER","og_description":"Centellian24 Expert Madeca Cream Active Renew intens\u012bvs atjaunojo\u0161s kr\u0113ms ar madekassos\u012bdu un \u0100zijas centellu, kas stiprina, mitrina un atjauno \u0101du.","og_url":"https:\/\/www.facecorner.lv\/en\/shop\/centellian24-expert-madeca-cream-active-renew-atjaunojoss-krems-ar-azijas-centellu-50ml\/","og_site_name":"FACECORNER","article_publisher":"https:\/\/www.facebook.com\/profile.php?id=100063824551839","article_modified_time":"2026-04-21T12:09:30+00:00","og_image":[{"width":1501,"height":1500,"url":"https:\/\/www.facecorner.lv\/wp-content\/uploads\/2026\/03\/51BbYpcI4eL.jpg","type":"image\/jpeg"}],"twitter_card":"summary_large_image","twitter_misc":{"Price":"&euro;21.45","Availability":"In stock"},"schema":{"@context":"https:\/\/schema.org","@graph":[{"@type":"WebPage","@id":"https:\/\/www.facecorner.lv\/shop\/centellian24-expert-madeca-cream-active-renew-atjaunojoss-krems-ar-azijas-centellu-50ml\/","url":"https:\/\/www.facecorner.lv\/shop\/centellian24-expert-madeca-cream-active-renew-atjaunojoss-krems-ar-azijas-centellu-50ml\/","name":"Centellian24 Expert Madeca Cream Active Renew atjaunojo\u0161s kr\u0113ms ar \u0100zijas centellu 50ml - FACECORNER","isPartOf":{"@id":"https:\/\/www.facecorner.lv\/#website"},"primaryImageOfPage":{"@id":"https:\/\/www.facecorner.lv\/shop\/centellian24-expert-madeca-cream-active-renew-atjaunojoss-krems-ar-azijas-centellu-50ml\/#primaryimage"},"image":{"@id":"https:\/\/www.facecorner.lv\/shop\/centellian24-expert-madeca-cream-active-renew-atjaunojoss-krems-ar-azijas-centellu-50ml\/#primaryimage"},"thumbnailUrl":"https:\/\/www.facecorner.lv\/wp-content\/uploads\/2026\/03\/51BbYpcI4eL.jpg","datePublished":"2026-03-05T12:02:18+00:00","dateModified":"2026-04-21T12:09:30+00:00","description":"Centellian24 Expert Madeca Cream Active Renew intens\u012bvs atjaunojo\u0161s kr\u0113ms ar madekassos\u012bdu un \u0100zijas centellu, kas stiprina, mitrina un atjauno \u0101du.","breadcrumb":{"@id":"https:\/\/www.facecorner.lv\/shop\/centellian24-expert-madeca-cream-active-renew-atjaunojoss-krems-ar-azijas-centellu-50ml\/#breadcrumb"},"inLanguage":"en-US","potentialAction":[{"@type":"ReadAction","target":["https:\/\/www.facecorner.lv\/shop\/centellian24-expert-madeca-cream-active-renew-atjaunojoss-krems-ar-azijas-centellu-50ml\/"]}]},{"@type":"ImageObject","inLanguage":"en-US","@id":"https:\/\/www.facecorner.lv\/shop\/centellian24-expert-madeca-cream-active-renew-atjaunojoss-krems-ar-azijas-centellu-50ml\/#primaryimage","url":"https:\/\/www.facecorner.lv\/wp-content\/uploads\/2026\/03\/51BbYpcI4eL.jpg","contentUrl":"https:\/\/www.facecorner.lv\/wp-content\/uploads\/2026\/03\/51BbYpcI4eL.jpg","width":1501,"height":1500,"caption":"Centellian24 Expert Madeca Cream Active Renew"},{"@type":"BreadcrumbList","@id":"https:\/\/www.facecorner.lv\/shop\/centellian24-expert-madeca-cream-active-renew-atjaunojoss-krems-ar-azijas-centellu-50ml\/#breadcrumb","itemListElement":[{"@type":"ListItem","position":1,"name":"Home","item":"https:\/\/www.facecorner.lv\/"},{"@type":"ListItem","position":2,"name":"Veikals","item":"https:\/\/www.facecorner.lv\/shop\/"},{"@type":"ListItem","position":3,"name":"Centellian24 Expert Madeca Cream Active Renew atjaunojo\u0161s kr\u0113ms ar \u0100zijas centellu 50ml"}]},{"@type":"WebSite","@id":"https:\/\/www.facecorner.lv\/#website","url":"https:\/\/www.facecorner.lv\/","name":"Facecorner","description":"","publisher":{"@id":"https:\/\/www.facecorner.lv\/#organization"},"potentialAction":[{"@type":"SearchAction","target":{"@type":"EntryPoint","urlTemplate":"https:\/\/www.facecorner.lv\/?s={search_term_string}"},"query-input":{"@type":"PropertyValueSpecification","valueRequired":true,"valueName":"search_term_string"}}],"inLanguage":"en-US"},{"@type":"Organization","@id":"https:\/\/www.facecorner.lv\/#organization","name":"Facecorner","url":"https:\/\/www.facecorner.lv\/","logo":{"@type":"ImageObject","inLanguage":"en-US","@id":"https:\/\/www.facecorner.lv\/#\/schema\/logo\/image\/","url":"https:\/\/www.facecorner.lv\/wp-content\/uploads\/2024\/04\/fc-logo.jpg","contentUrl":"https:\/\/www.facecorner.lv\/wp-content\/uploads\/2024\/04\/fc-logo.jpg","width":174,"height":28,"caption":"Facecorner"},"image":{"@id":"https:\/\/www.facecorner.lv\/#\/schema\/logo\/image\/"},"sameAs":["https:\/\/www.facebook.com\/profile.php?id=100063824551839","https:\/\/www.instagram.com\/facecorner_shop\/"]}]},"product_price_amount":"21.45","product_price_currency":"EUR","og_availability":"instock","product_availability":"instock","product_condition":"new"},"_links":{"self":[{"href":"https:\/\/www.facecorner.lv\/en\/wp-json\/wp\/v2\/product\/27065","targetHints":{"allow":["GET"]}}],"collection":[{"href":"https:\/\/www.facecorner.lv\/en\/wp-json\/wp\/v2\/product"}],"about":[{"href":"https:\/\/www.facecorner.lv\/en\/wp-json\/wp\/v2\/types\/product"}],"replies":[{"embeddable":true,"href":"https:\/\/www.facecorner.lv\/en\/wp-json\/wp\/v2\/comments?post=27065"}],"wp:featuredmedia":[{"embeddable":true,"href":"https:\/\/www.facecorner.lv\/en\/wp-json\/wp\/v2\/media\/27066"}],"wp:attachment":[{"href":"https:\/\/www.facecorner.lv\/en\/wp-json\/wp\/v2\/media?parent=27065"}],"wp:term":[{"taxonomy":"product_brand","embeddable":true,"href":"https:\/\/www.facecorner.lv\/en\/wp-json\/wp\/v2\/product_brand?post=27065"},{"taxonomy":"product_cat","embeddable":true,"href":"https:\/\/www.facecorner.lv\/en\/wp-json\/wp\/v2\/product_cat?post=27065"},{"taxonomy":"product_tag","embeddable":true,"href":"https:\/\/www.facecorner.lv\/en\/wp-json\/wp\/v2\/product_tag?post=27065"},{"taxonomy":"berocket_brand","embeddable":true,"href":"https:\/\/www.facecorner.lv\/en\/wp-json\/wp\/v2\/berocket_brand?post=27065"}],"curies":[{"name":"wp","href":"https:\/\/api.w.org\/{rel}","templated":true}]}}