{"id":27016,"date":"2026-02-25T17:00:27","date_gmt":"2026-02-25T14:00:27","guid":{"rendered":"https:\/\/www.facecorner.lv\/?post_type=product&#038;p=27016"},"modified":"2026-03-06T21:34:03","modified_gmt":"2026-03-06T18:34:03","slug":"dr-melaxin-eyephalt-retinol-eyebag-cream-krems-pret-tusku-zem-acim-10g","status":"publish","type":"product","link":"https:\/\/www.facecorner.lv\/en\/shop\/dr-melaxin-eyephalt-retinol-eyebag-cream-krems-pret-tusku-zem-acim-10g\/","title":{"rendered":"Dr.Melaxin  Eyephalt Retinol Eyebag Cream kr\u0113ms pret t\u016bsku zem ac\u012bm 10g"},"content":{"rendered":"<p>Dr.Melaxin Eyephalt Retinol Eyebag Cream ir augst\u0101k\u0101s kvalit\u0101tes kr\u0113ms \u0101das ap ac\u012bm, kas ir intens\u012bvs risin\u0101jums, lai c\u012bn\u012btos pret maisi\u0146iem, tum\u0161ajiem lokiem un noveco\u0161an\u0101s paz\u012bm\u0113m.<\/p>\n<p>Tas ir \u012bpa\u0161i izstr\u0101d\u0101ts delik\u0101tajai zonai ap ac\u012bm ar retinolu maig\u0101 un efekt\u012bv\u0101 form\u0101, kas nodro\u0161ina redzamus rezult\u0101tus bez kairin\u0101juma.<\/p>\n<h6>Main active ingredients:<\/h6>\n<ul>\n<li>Retinols (Retinol) \u2014 veicina \u0101das atjauno\u0161anos, stimul\u0113 kolag\u0113na veido\u0161anos un samazina noveco\u0161an\u0101s paz\u012bmes ap ac\u012bm.<\/li>\n<li>Nomierino\u0161as sast\u0101vda\u013cas \u2014 m\u012bkstina un mazina kairin\u0101jumu.<\/li>\n<li>Mitrino\u0161as vielas \u2014 nodro\u0161ina dzi\u013ci baro pl\u0101no \u0101du, samazina sausumu un lob\u012b\u0161anos.<\/li>\n<\/ul>\n<h6>K\u0101 \u0161is kr\u0113ms darbojas?<\/h6>\n<ul>\n<li>Samazina maisi\u0146us zem ac\u012bm.<\/li>\n<li>Samazina grumbu un smalko l\u012bniju veido\u0161anos.<\/li>\n<li>Samazina tum\u0161o loku izteikt\u012bbu.<\/li>\n<li>Palielina \u0101das elast\u012bbu un stingr\u012bbu.<\/li>\n<li>Uzlabo \u0101das tekst\u016bru un toni ap ac\u012bm.<\/li>\n<\/ul>\n<p><strong>How to use:<\/strong> Water, Trimethylpentanediol\/Adipic Acid\/Glycerin Crosspolymer, Glycerin, Dimethicone, Niacinamide, Dimethicone\/Vinyl Dimethicone Crosspolymer, 1,2-Hexanediol, VP\/VA Copolymer, Sodium Acrylate\/Sodium Acryloyldimethyl Taurate Copolymer, Isohexadecane, Hydroxypropyl Methylcellulose, Amodimicone, Polysorbate 80, Butylene Glycol, Canola Oil, Caprylyl Glycol, Sorbitan Oleate, Ethylhexylglycerin, C12-14 Sec-Alketh-7, Adenosine, <em data-start=\"661\" data-end=\"699\">Illicium Verum (Anise) Fruit Extract<\/em>, Pentylene Glycol, <em data-start=\"719\" data-end=\"752\" data-is-only-node=\"\">Macadamia Integrifolia Seed Oil<\/em>, Caprylic\/Capric Triglyceride, Hydrogenated Phosphatidylcholine, <strong data-start=\"818\" data-end=\"829\">Retinol<\/strong>, Propylene Glycol, Polysorbate 20, Alcohol, PEG-5 Rapeseed Sterol, Brassicasterol, Ceteareth-5, Ceteareth-3, Potassium Cetyl Phosphate, BHT, Cholesterol, <em data-start=\"984\" data-end=\"1024\">Daucus Carota Sativa (Carrot) Seed Oil<\/em>, Lecithin, Sodium Phosphate, sh-Oligopeptide-1, Hydrolyzed Sponge, Tocopheryl Acetate, <em data-start=\"1112\" data-end=\"1152\">Helianthus Annuus (Sunflower) Seed Oil<\/em>, <em data-start=\"1154\" data-end=\"1198\">Daucus Carota Sativa (Carrot) Root Extract<\/em>, Beta-Carotene, Soluble Collagen, Caffeine, Sodium Hyaluronate, Hydroxypropyltrimonium Hyaluronate, Sodium Acetylated Hyaluronate, Hydrolyzed Hyaluronic Acid, Hyaluronic Acid, Sodium Hyaluronate Crosspolymer, Hydrolyzed Sodium Hyaluronate, Potassium Hyaluronate, Disodium EDTA, Fragrance (Parfum), Coumarin, Linalool.<\/p>","protected":false},"excerpt":{"rendered":"<p>Dr.Melaxin Eyephalt Retinol Eyebag Cream ir augst\u0101k\u0101s kvalit\u0101tes kr\u0113ms \u0101das ap ac\u012bm, kas ir intens\u012bvs risin\u0101jums, lai c\u012bn\u012btos pret maisi\u0146iem, tum\u0161ajiem lokiem un noveco\u0161an\u0101s paz\u012bm\u0113m.<\/p>","protected":false},"featured_media":27017,"comment_status":"open","ping_status":"closed","template":"","meta":{"site-sidebar-layout":"default","site-content-layout":"","ast-site-content-layout":"default","site-content-style":"default","site-sidebar-style":"default","ast-global-header-display":"","ast-banner-title-visibility":"","ast-main-header-display":"","ast-hfb-above-header-display":"","ast-hfb-below-header-display":"","ast-hfb-mobile-header-display":"","site-post-title":"","ast-breadcrumbs-content":"","ast-featured-img":"","footer-sml-layout":"","theme-transparent-header-meta":"default","adv-header-id-meta":"","stick-header-meta":"","header-above-stick-meta":"","header-main-stick-meta":"","header-below-stick-meta":"","astra-migrate-meta-layouts":"set","ast-page-background-enabled":"default","ast-page-background-meta":{"desktop":{"background-color":"var(--ast-global-color-4)","background-image":"","background-repeat":"repeat","background-position":"center center","background-size":"auto","background-attachment":"scroll","background-type":"","background-media":"","overlay-type":"","overlay-color":"","overlay-opacity":"","overlay-gradient":""},"tablet":{"background-color":"","background-image":"","background-repeat":"repeat","background-position":"center center","background-size":"auto","background-attachment":"scroll","background-type":"","background-media":"","overlay-type":"","overlay-color":"","overlay-opacity":"","overlay-gradient":""},"mobile":{"background-color":"","background-image":"","background-repeat":"repeat","background-position":"center center","background-size":"auto","background-attachment":"scroll","background-type":"","background-media":"","overlay-type":"","overlay-color":"","overlay-opacity":"","overlay-gradient":""}},"ast-content-background-meta":{"desktop":{"background-color":"var(--ast-global-color-5)","background-image":"","background-repeat":"repeat","background-position":"center center","background-size":"auto","background-attachment":"scroll","background-type":"","background-media":"","overlay-type":"","overlay-color":"","overlay-opacity":"","overlay-gradient":""},"tablet":{"background-color":"var(--ast-global-color-5)","background-image":"","background-repeat":"repeat","background-position":"center center","background-size":"auto","background-attachment":"scroll","background-type":"","background-media":"","overlay-type":"","overlay-color":"","overlay-opacity":"","overlay-gradient":""},"mobile":{"background-color":"var(--ast-global-color-5)","background-image":"","background-repeat":"repeat","background-position":"center center","background-size":"auto","background-attachment":"scroll","background-type":"","background-media":"","overlay-type":"","overlay-color":"","overlay-opacity":"","overlay-gradient":""}}},"product_brand":[],"product_cat":[308],"product_tag":[],"berocket_brand":[653],"class_list":{"0":"post-27016","1":"product","2":"type-product","3":"status-publish","4":"has-post-thumbnail","6":"product_cat-acu-krems","7":"berocket_brand-dr-melaxin","8":"desktop-align-left","9":"tablet-align-left","10":"mobile-align-left","12":"first","13":"instock","14":"taxable","15":"shipping-taxable","16":"purchasable","17":"product-type-simple","18":"add-to-wishlist-before_image"},"yoast_head":"<!-- This site is optimized with the Yoast SEO plugin v27.4 - https:\/\/yoast.com\/product\/yoast-seo-wordpress\/ -->\n<title>Dr.Melaxin Eyephalt Retinol Eyebag Cream kr\u0113ms pret t\u016bsku zem ac\u012bm 10g - FACECORNER<\/title>\n<meta name=\"description\" content=\"Dr.Melaxin Eyephalt Retinol Eyebag Cream ir augst\u0101k\u0101s kvalit\u0101tes kr\u0113ms \u0101das ap ac\u012bm, kas ir intens\u012bvs risin\u0101jums, lai c\u012bn\u012btos pret maisi\u0146iem, tum\u0161ajiem lokiem un noveco\u0161an\u0101s paz\u012bm\u0113m.\" \/>\n<meta name=\"robots\" content=\"index, follow, max-snippet:-1, max-image-preview:large, max-video-preview:-1\" \/>\n<link rel=\"canonical\" href=\"https:\/\/www.facecorner.lv\/en\/shop\/dr-melaxin-eyephalt-retinol-eyebag-cream-krems-pret-tusku-zem-acim-10g\/\" \/>\n<meta property=\"og:locale\" content=\"en_US\" \/>\n<meta property=\"og:type\" content=\"article\" \/>\n<meta property=\"og:title\" content=\"Dr.Melaxin Eyephalt Retinol Eyebag Cream kr\u0113ms pret t\u016bsku zem ac\u012bm 10g - FACECORNER\" \/>\n<meta property=\"og:description\" content=\"Dr.Melaxin Eyephalt Retinol Eyebag Cream ir augst\u0101k\u0101s kvalit\u0101tes kr\u0113ms \u0101das ap ac\u012bm, kas ir intens\u012bvs risin\u0101jums, lai c\u012bn\u012btos pret maisi\u0146iem, tum\u0161ajiem lokiem un noveco\u0161an\u0101s paz\u012bm\u0113m.\" \/>\n<meta property=\"og:url\" content=\"https:\/\/www.facecorner.lv\/en\/shop\/dr-melaxin-eyephalt-retinol-eyebag-cream-krems-pret-tusku-zem-acim-10g\/\" \/>\n<meta property=\"og:site_name\" content=\"FACECORNER\" \/>\n<meta property=\"article:publisher\" content=\"https:\/\/www.facebook.com\/profile.php?id=100063824551839\" \/>\n<meta property=\"article:modified_time\" content=\"2026-03-06T18:34:03+00:00\" \/>\n<meta property=\"og:image\" content=\"https:\/\/www.facecorner.lv\/wp-content\/uploads\/2026\/02\/XXL_p0219402398.webp\" \/>\n\t<meta property=\"og:image:width\" content=\"640\" \/>\n\t<meta property=\"og:image:height\" content=\"640\" \/>\n\t<meta property=\"og:image:type\" content=\"image\/webp\" \/>\n<meta name=\"twitter:card\" content=\"summary_large_image\" \/>\n<meta name=\"twitter:label1\" content=\"Price\" \/>\n\t<meta name=\"twitter:data1\" content=\"&euro;39.95\" \/>\n\t<meta name=\"twitter:label2\" content=\"Availability\" \/>\n\t<meta name=\"twitter:data2\" content=\"In stock\" \/>\n<script type=\"application\/ld+json\" class=\"yoast-schema-graph\">{\"@context\":\"https:\\\/\\\/schema.org\",\"@graph\":[{\"@type\":\"WebPage\",\"@id\":\"https:\\\/\\\/www.facecorner.lv\\\/shop\\\/dr-melaxin-eyephalt-retinol-eyebag-cream-krems-pret-tusku-zem-acim-10g\\\/\",\"url\":\"https:\\\/\\\/www.facecorner.lv\\\/shop\\\/dr-melaxin-eyephalt-retinol-eyebag-cream-krems-pret-tusku-zem-acim-10g\\\/\",\"name\":\"Dr.Melaxin Eyephalt Retinol Eyebag Cream kr\u0113ms pret t\u016bsku zem ac\u012bm 10g - FACECORNER\",\"isPartOf\":{\"@id\":\"https:\\\/\\\/www.facecorner.lv\\\/#website\"},\"primaryImageOfPage\":{\"@id\":\"https:\\\/\\\/www.facecorner.lv\\\/shop\\\/dr-melaxin-eyephalt-retinol-eyebag-cream-krems-pret-tusku-zem-acim-10g\\\/#primaryimage\"},\"image\":{\"@id\":\"https:\\\/\\\/www.facecorner.lv\\\/shop\\\/dr-melaxin-eyephalt-retinol-eyebag-cream-krems-pret-tusku-zem-acim-10g\\\/#primaryimage\"},\"thumbnailUrl\":\"https:\\\/\\\/www.facecorner.lv\\\/wp-content\\\/uploads\\\/2026\\\/02\\\/XXL_p0219402398.webp\",\"datePublished\":\"2026-02-25T14:00:27+00:00\",\"dateModified\":\"2026-03-06T18:34:03+00:00\",\"description\":\"Dr.Melaxin Eyephalt Retinol Eyebag Cream ir augst\u0101k\u0101s kvalit\u0101tes kr\u0113ms \u0101das ap ac\u012bm, kas ir intens\u012bvs risin\u0101jums, lai c\u012bn\u012btos pret maisi\u0146iem, tum\u0161ajiem lokiem un noveco\u0161an\u0101s paz\u012bm\u0113m.\",\"breadcrumb\":{\"@id\":\"https:\\\/\\\/www.facecorner.lv\\\/shop\\\/dr-melaxin-eyephalt-retinol-eyebag-cream-krems-pret-tusku-zem-acim-10g\\\/#breadcrumb\"},\"inLanguage\":\"en-US\",\"potentialAction\":[{\"@type\":\"ReadAction\",\"target\":[\"https:\\\/\\\/www.facecorner.lv\\\/shop\\\/dr-melaxin-eyephalt-retinol-eyebag-cream-krems-pret-tusku-zem-acim-10g\\\/\"]}]},{\"@type\":\"ImageObject\",\"inLanguage\":\"en-US\",\"@id\":\"https:\\\/\\\/www.facecorner.lv\\\/shop\\\/dr-melaxin-eyephalt-retinol-eyebag-cream-krems-pret-tusku-zem-acim-10g\\\/#primaryimage\",\"url\":\"https:\\\/\\\/www.facecorner.lv\\\/wp-content\\\/uploads\\\/2026\\\/02\\\/XXL_p0219402398.webp\",\"contentUrl\":\"https:\\\/\\\/www.facecorner.lv\\\/wp-content\\\/uploads\\\/2026\\\/02\\\/XXL_p0219402398.webp\",\"width\":640,\"height\":640,\"caption\":\"Dr.Melaxin Eyephalt Retinol Eyebag Cream\"},{\"@type\":\"BreadcrumbList\",\"@id\":\"https:\\\/\\\/www.facecorner.lv\\\/shop\\\/dr-melaxin-eyephalt-retinol-eyebag-cream-krems-pret-tusku-zem-acim-10g\\\/#breadcrumb\",\"itemListElement\":[{\"@type\":\"ListItem\",\"position\":1,\"name\":\"Home\",\"item\":\"https:\\\/\\\/www.facecorner.lv\\\/\"},{\"@type\":\"ListItem\",\"position\":2,\"name\":\"Veikals\",\"item\":\"https:\\\/\\\/www.facecorner.lv\\\/shop\\\/\"},{\"@type\":\"ListItem\",\"position\":3,\"name\":\"Dr.Melaxin Eyephalt Retinol Eyebag Cream kr\u0113ms pret t\u016bsku zem ac\u012bm 10g\"}]},{\"@type\":\"WebSite\",\"@id\":\"https:\\\/\\\/www.facecorner.lv\\\/#website\",\"url\":\"https:\\\/\\\/www.facecorner.lv\\\/\",\"name\":\"Facecorner\",\"description\":\"\",\"publisher\":{\"@id\":\"https:\\\/\\\/www.facecorner.lv\\\/#organization\"},\"potentialAction\":[{\"@type\":\"SearchAction\",\"target\":{\"@type\":\"EntryPoint\",\"urlTemplate\":\"https:\\\/\\\/www.facecorner.lv\\\/?s={search_term_string}\"},\"query-input\":{\"@type\":\"PropertyValueSpecification\",\"valueRequired\":true,\"valueName\":\"search_term_string\"}}],\"inLanguage\":\"en-US\"},{\"@type\":\"Organization\",\"@id\":\"https:\\\/\\\/www.facecorner.lv\\\/#organization\",\"name\":\"Facecorner\",\"url\":\"https:\\\/\\\/www.facecorner.lv\\\/\",\"logo\":{\"@type\":\"ImageObject\",\"inLanguage\":\"en-US\",\"@id\":\"https:\\\/\\\/www.facecorner.lv\\\/#\\\/schema\\\/logo\\\/image\\\/\",\"url\":\"https:\\\/\\\/www.facecorner.lv\\\/wp-content\\\/uploads\\\/2024\\\/04\\\/fc-logo.jpg\",\"contentUrl\":\"https:\\\/\\\/www.facecorner.lv\\\/wp-content\\\/uploads\\\/2024\\\/04\\\/fc-logo.jpg\",\"width\":174,\"height\":28,\"caption\":\"Facecorner\"},\"image\":{\"@id\":\"https:\\\/\\\/www.facecorner.lv\\\/#\\\/schema\\\/logo\\\/image\\\/\"},\"sameAs\":[\"https:\\\/\\\/www.facebook.com\\\/profile.php?id=100063824551839\",\"https:\\\/\\\/www.instagram.com\\\/facecorner_shop\\\/\"]}]}<\/script>\n<meta property=\"product:price:amount\" content=\"39.95\" \/>\n<meta property=\"product:price:currency\" content=\"EUR\" \/>\n<meta property=\"og:availability\" content=\"instock\" \/>\n<meta property=\"product:availability\" content=\"instock\" \/>\n<meta property=\"product:condition\" content=\"new\" \/>\n<!-- \/ Yoast SEO plugin. -->","yoast_head_json":{"title":"Dr.Melaxin Eyephalt Retinol Eyebag Cream kr\u0113ms pret t\u016bsku zem ac\u012bm 10g - FACECORNER","description":"Dr.Melaxin Eyephalt Retinol Eyebag Cream ir augst\u0101k\u0101s kvalit\u0101tes kr\u0113ms \u0101das ap ac\u012bm, kas ir intens\u012bvs risin\u0101jums, lai c\u012bn\u012btos pret maisi\u0146iem, tum\u0161ajiem lokiem un noveco\u0161an\u0101s paz\u012bm\u0113m.","robots":{"index":"index","follow":"follow","max-snippet":"max-snippet:-1","max-image-preview":"max-image-preview:large","max-video-preview":"max-video-preview:-1"},"canonical":"https:\/\/www.facecorner.lv\/en\/shop\/dr-melaxin-eyephalt-retinol-eyebag-cream-krems-pret-tusku-zem-acim-10g\/","og_locale":"en_US","og_type":"article","og_title":"Dr.Melaxin Eyephalt Retinol Eyebag Cream kr\u0113ms pret t\u016bsku zem ac\u012bm 10g - FACECORNER","og_description":"Dr.Melaxin Eyephalt Retinol Eyebag Cream ir augst\u0101k\u0101s kvalit\u0101tes kr\u0113ms \u0101das ap ac\u012bm, kas ir intens\u012bvs risin\u0101jums, lai c\u012bn\u012btos pret maisi\u0146iem, tum\u0161ajiem lokiem un noveco\u0161an\u0101s paz\u012bm\u0113m.","og_url":"https:\/\/www.facecorner.lv\/en\/shop\/dr-melaxin-eyephalt-retinol-eyebag-cream-krems-pret-tusku-zem-acim-10g\/","og_site_name":"FACECORNER","article_publisher":"https:\/\/www.facebook.com\/profile.php?id=100063824551839","article_modified_time":"2026-03-06T18:34:03+00:00","og_image":[{"width":640,"height":640,"url":"https:\/\/www.facecorner.lv\/wp-content\/uploads\/2026\/02\/XXL_p0219402398.webp","type":"image\/webp"}],"twitter_card":"summary_large_image","twitter_misc":{"Price":"&euro;39.95","Availability":"In stock"},"schema":{"@context":"https:\/\/schema.org","@graph":[{"@type":"WebPage","@id":"https:\/\/www.facecorner.lv\/shop\/dr-melaxin-eyephalt-retinol-eyebag-cream-krems-pret-tusku-zem-acim-10g\/","url":"https:\/\/www.facecorner.lv\/shop\/dr-melaxin-eyephalt-retinol-eyebag-cream-krems-pret-tusku-zem-acim-10g\/","name":"Dr.Melaxin Eyephalt Retinol Eyebag Cream kr\u0113ms pret t\u016bsku zem ac\u012bm 10g - FACECORNER","isPartOf":{"@id":"https:\/\/www.facecorner.lv\/#website"},"primaryImageOfPage":{"@id":"https:\/\/www.facecorner.lv\/shop\/dr-melaxin-eyephalt-retinol-eyebag-cream-krems-pret-tusku-zem-acim-10g\/#primaryimage"},"image":{"@id":"https:\/\/www.facecorner.lv\/shop\/dr-melaxin-eyephalt-retinol-eyebag-cream-krems-pret-tusku-zem-acim-10g\/#primaryimage"},"thumbnailUrl":"https:\/\/www.facecorner.lv\/wp-content\/uploads\/2026\/02\/XXL_p0219402398.webp","datePublished":"2026-02-25T14:00:27+00:00","dateModified":"2026-03-06T18:34:03+00:00","description":"Dr.Melaxin Eyephalt Retinol Eyebag Cream ir augst\u0101k\u0101s kvalit\u0101tes kr\u0113ms \u0101das ap ac\u012bm, kas ir intens\u012bvs risin\u0101jums, lai c\u012bn\u012btos pret maisi\u0146iem, tum\u0161ajiem lokiem un noveco\u0161an\u0101s paz\u012bm\u0113m.","breadcrumb":{"@id":"https:\/\/www.facecorner.lv\/shop\/dr-melaxin-eyephalt-retinol-eyebag-cream-krems-pret-tusku-zem-acim-10g\/#breadcrumb"},"inLanguage":"en-US","potentialAction":[{"@type":"ReadAction","target":["https:\/\/www.facecorner.lv\/shop\/dr-melaxin-eyephalt-retinol-eyebag-cream-krems-pret-tusku-zem-acim-10g\/"]}]},{"@type":"ImageObject","inLanguage":"en-US","@id":"https:\/\/www.facecorner.lv\/shop\/dr-melaxin-eyephalt-retinol-eyebag-cream-krems-pret-tusku-zem-acim-10g\/#primaryimage","url":"https:\/\/www.facecorner.lv\/wp-content\/uploads\/2026\/02\/XXL_p0219402398.webp","contentUrl":"https:\/\/www.facecorner.lv\/wp-content\/uploads\/2026\/02\/XXL_p0219402398.webp","width":640,"height":640,"caption":"Dr.Melaxin Eyephalt Retinol Eyebag Cream"},{"@type":"BreadcrumbList","@id":"https:\/\/www.facecorner.lv\/shop\/dr-melaxin-eyephalt-retinol-eyebag-cream-krems-pret-tusku-zem-acim-10g\/#breadcrumb","itemListElement":[{"@type":"ListItem","position":1,"name":"Home","item":"https:\/\/www.facecorner.lv\/"},{"@type":"ListItem","position":2,"name":"Veikals","item":"https:\/\/www.facecorner.lv\/shop\/"},{"@type":"ListItem","position":3,"name":"Dr.Melaxin Eyephalt Retinol Eyebag Cream kr\u0113ms pret t\u016bsku zem ac\u012bm 10g"}]},{"@type":"WebSite","@id":"https:\/\/www.facecorner.lv\/#website","url":"https:\/\/www.facecorner.lv\/","name":"Facecorner","description":"","publisher":{"@id":"https:\/\/www.facecorner.lv\/#organization"},"potentialAction":[{"@type":"SearchAction","target":{"@type":"EntryPoint","urlTemplate":"https:\/\/www.facecorner.lv\/?s={search_term_string}"},"query-input":{"@type":"PropertyValueSpecification","valueRequired":true,"valueName":"search_term_string"}}],"inLanguage":"en-US"},{"@type":"Organization","@id":"https:\/\/www.facecorner.lv\/#organization","name":"Facecorner","url":"https:\/\/www.facecorner.lv\/","logo":{"@type":"ImageObject","inLanguage":"en-US","@id":"https:\/\/www.facecorner.lv\/#\/schema\/logo\/image\/","url":"https:\/\/www.facecorner.lv\/wp-content\/uploads\/2024\/04\/fc-logo.jpg","contentUrl":"https:\/\/www.facecorner.lv\/wp-content\/uploads\/2024\/04\/fc-logo.jpg","width":174,"height":28,"caption":"Facecorner"},"image":{"@id":"https:\/\/www.facecorner.lv\/#\/schema\/logo\/image\/"},"sameAs":["https:\/\/www.facebook.com\/profile.php?id=100063824551839","https:\/\/www.instagram.com\/facecorner_shop\/"]}]},"product_price_amount":"39.95","product_price_currency":"EUR","og_availability":"instock","product_availability":"instock","product_condition":"new"},"_links":{"self":[{"href":"https:\/\/www.facecorner.lv\/en\/wp-json\/wp\/v2\/product\/27016","targetHints":{"allow":["GET"]}}],"collection":[{"href":"https:\/\/www.facecorner.lv\/en\/wp-json\/wp\/v2\/product"}],"about":[{"href":"https:\/\/www.facecorner.lv\/en\/wp-json\/wp\/v2\/types\/product"}],"replies":[{"embeddable":true,"href":"https:\/\/www.facecorner.lv\/en\/wp-json\/wp\/v2\/comments?post=27016"}],"wp:featuredmedia":[{"embeddable":true,"href":"https:\/\/www.facecorner.lv\/en\/wp-json\/wp\/v2\/media\/27017"}],"wp:attachment":[{"href":"https:\/\/www.facecorner.lv\/en\/wp-json\/wp\/v2\/media?parent=27016"}],"wp:term":[{"taxonomy":"product_brand","embeddable":true,"href":"https:\/\/www.facecorner.lv\/en\/wp-json\/wp\/v2\/product_brand?post=27016"},{"taxonomy":"product_cat","embeddable":true,"href":"https:\/\/www.facecorner.lv\/en\/wp-json\/wp\/v2\/product_cat?post=27016"},{"taxonomy":"product_tag","embeddable":true,"href":"https:\/\/www.facecorner.lv\/en\/wp-json\/wp\/v2\/product_tag?post=27016"},{"taxonomy":"berocket_brand","embeddable":true,"href":"https:\/\/www.facecorner.lv\/en\/wp-json\/wp\/v2\/berocket_brand?post=27016"}],"curies":[{"name":"wp","href":"https:\/\/api.w.org\/{rel}","templated":true}]}}