{"id":26982,"date":"2026-02-19T14:59:01","date_gmt":"2026-02-19T11:59:01","guid":{"rendered":"https:\/\/www.facecorner.lv\/?post_type=product&#038;p=26982"},"modified":"2026-03-31T20:51:22","modified_gmt":"2026-03-31T17:51:22","slug":"rejuran-turnover-mask-atjaunojosa-auduma-maska","status":"publish","type":"product","link":"https:\/\/www.facecorner.lv\/en\/shop\/rejuran-turnover-mask-atjaunojosa-auduma-maska\/","title":{"rendered":"Rejuran Turnover Mask atjaunojo\u0161a auduma maska"},"content":{"rendered":"<p>Rejuran Turnover Mask ir augst\u0101k\u0101s kvalit\u0101tes Korejas atjaunojo\u0161a auduma maska ar akt\u012bvo sast\u0101vda\u013cu c-PDRN (polinukleot\u012bdi, kas ieg\u016bti no la\u0161u DNS), kas paredz\u0113ta intens\u012bvai \u0101das atjauno\u0161anai, dzi\u013cai mitrin\u0101\u0161anai un re\u0123ener\u0101cijai.<\/p>\n<p>Augsti koncentr\u0113ta esence (40 ml) atjauno barjeras funkciju, nomierina kairin\u0101jumu, uzlabo toni un palielina elast\u012bbu, padarot masku ide\u0101lu p\u0113c proced\u016br\u0101m.<\/p>\n<h6>Galven\u0101s \u012bpa\u0161\u012bbas un sast\u0101vda\u013cas:<\/h6>\n<ul>\n<li>Darb\u012bba: Uzs\u0101k atjauno\u0161an\u0101s procesus, stimul\u0113 kolag\u0113na veido\u0161anos, c\u012bn\u0101s ar noveco\u0161an\u0101s izrais\u012btaj\u0101m izmai\u0146\u0101m, rada \u201ePelnru\u0161\u0137\u012btes\u201d efektu.<\/li>\n<li>c-PDRN (0,2%): Patent\u0113ta sast\u0101vda\u013ca, kas iek\u013c\u016bst \u0101d\u0101, uzlabo \u0101das tekst\u016bru un pa\u0101trina t\u0101s sadz\u012b\u0161anu.<br \/>\nAkt\u012bv\u0101s sast\u0101vda\u013cas: Niac\u012bnam\u012bds (izgaismo\u0161ana), adenoz\u012bns (c\u012b\u0146a ar grumbu veido\u0161anos), pantenols (nomierin\u0101\u0161ana), alveja, Centella asiatica ekstrakts.<\/li>\n<li>Pamats: Ultrapl\u0101na mikrofibra, kas cie\u0161i piegu\u013c, nodro\u0161inot maksim\u0101lu uzs\u016bk\u0161anos.<\/li>\n<\/ul>\n<p><strong>How to use:<\/strong> Maska ir ieteicama \u0101das t\u016bl\u012bt\u0113jai atjauno\u0161anai p\u0113c traumas vai kosm\u0113tisk\u0101m proced\u016br\u0101m.Masku ieteicams lietot regul\u0101ri 1\u20132 reizes ned\u0113\u013c\u0101, lai att\u012br\u012btu un toniz\u0113tu \u0101du.Ekspoz\u012bcijas laiks ir 15\u201320 min\u016btes.Masku atlikumus p\u0113c v\u0113l\u0113\u0161an\u0101s var iemas\u0113t sejas \u0101d\u0101, k\u0101 ar\u012b uzkl\u0101t uz kakla un dekolt\u0113 zonas.<\/p>\n<p><strong>Sast\u0101vs:<\/strong> Aloe Barbadensis Leaf Water, Water, Glycerin, Dipropylene Glycol, Caprylic\/Capric Triglyceride, Cetyl Ethylhexanoate, Niacinamide, Dimethicone, PEG-100 Stearate, Butylene Glycol, Centella Asiatica Extract, Paeonia Suffruticosa Root Extract, 1,2-Hexanediol, Phenoxyethanol, Carbomer, Panthenol, Butyrospermum Parkii (Shea) Butter, Chamomilla Recutita (Matricaria) Flower Extract, Glyceryl Caprylate, Xanthan Gum, Adenosine, Ethylhexylglycerin, Potassium Hydroxide, Sodium Polyacrylate, Hydrogenated Polydecene, Disodium EDTA, Fragrance, Propanediol, Trideceth-6, Octyldodecanol, Hydrolyzed DNA, Hydrogenated Lecithin, Ceramide 3, Asparagus Officinalis Stem Extract, Gluconolactone, Calcium Gluconate, Caprylyl Glycol, Potassium Sorbate, Sodium Benzoate.<\/p>","protected":false},"excerpt":{"rendered":"<p>Rejuran Turnover Mask ir augst\u0101k\u0101s kvalit\u0101tes Korejas atjaunojo\u0161a auduma maska ar akt\u012bvo sast\u0101vda\u013cu c-PDRN (polinukleot\u012bdi, kas ieg\u016bti no la\u0161u DNS), kas paredz\u0113ta intens\u012bvai \u0101das atjauno\u0161anai, dzi\u013cai mitrin\u0101\u0161anai un re\u0123ener\u0101cijai.<\/p>","protected":false},"featured_media":26983,"comment_status":"open","ping_status":"closed","template":"","meta":{"site-sidebar-layout":"default","site-content-layout":"","ast-site-content-layout":"default","site-content-style":"default","site-sidebar-style":"default","ast-global-header-display":"","ast-banner-title-visibility":"","ast-main-header-display":"","ast-hfb-above-header-display":"","ast-hfb-below-header-display":"","ast-hfb-mobile-header-display":"","site-post-title":"","ast-breadcrumbs-content":"","ast-featured-img":"","footer-sml-layout":"","theme-transparent-header-meta":"default","adv-header-id-meta":"","stick-header-meta":"","header-above-stick-meta":"","header-main-stick-meta":"","header-below-stick-meta":"","astra-migrate-meta-layouts":"set","ast-page-background-enabled":"default","ast-page-background-meta":{"desktop":{"background-color":"var(--ast-global-color-4)","background-image":"","background-repeat":"repeat","background-position":"center center","background-size":"auto","background-attachment":"scroll","background-type":"","background-media":"","overlay-type":"","overlay-color":"","overlay-opacity":"","overlay-gradient":""},"tablet":{"background-color":"","background-image":"","background-repeat":"repeat","background-position":"center center","background-size":"auto","background-attachment":"scroll","background-type":"","background-media":"","overlay-type":"","overlay-color":"","overlay-opacity":"","overlay-gradient":""},"mobile":{"background-color":"","background-image":"","background-repeat":"repeat","background-position":"center center","background-size":"auto","background-attachment":"scroll","background-type":"","background-media":"","overlay-type":"","overlay-color":"","overlay-opacity":"","overlay-gradient":""}},"ast-content-background-meta":{"desktop":{"background-color":"var(--ast-global-color-5)","background-image":"","background-repeat":"repeat","background-position":"center center","background-size":"auto","background-attachment":"scroll","background-type":"","background-media":"","overlay-type":"","overlay-color":"","overlay-opacity":"","overlay-gradient":""},"tablet":{"background-color":"var(--ast-global-color-5)","background-image":"","background-repeat":"repeat","background-position":"center center","background-size":"auto","background-attachment":"scroll","background-type":"","background-media":"","overlay-type":"","overlay-color":"","overlay-opacity":"","overlay-gradient":""},"mobile":{"background-color":"var(--ast-global-color-5)","background-image":"","background-repeat":"repeat","background-position":"center center","background-size":"auto","background-attachment":"scroll","background-type":"","background-media":"","overlay-type":"","overlay-color":"","overlay-opacity":"","overlay-gradient":""}}},"product_brand":[],"product_cat":[324,315],"product_tag":[],"berocket_brand":[639],"class_list":{"0":"post-26982","1":"product","2":"type-product","3":"status-publish","4":"has-post-thumbnail","6":"product_cat-auduma","7":"product_cat-maskas","8":"berocket_brand-rejuran","9":"desktop-align-left","10":"tablet-align-left","11":"mobile-align-left","13":"first","14":"instock","15":"taxable","16":"shipping-taxable","17":"purchasable","18":"product-type-simple","19":"add-to-wishlist-before_image"},"yoast_head":"<!-- This site is optimized with the Yoast SEO plugin v27.3 - https:\/\/yoast.com\/product\/yoast-seo-wordpress\/ -->\n<title>Rejuran Turnover Mask atjaunojo\u0161a auduma maska - FACECORNER<\/title>\n<meta name=\"description\" content=\"Rejuran Turnover Mask ir augst\u0101k\u0101s kvalit\u0101tes Korejas atjaunojo\u0161a auduma maska ar akt\u012bvo sast\u0101vda\u013cu c-PDRN (polinukleot\u012bdi, kas ieg\u016bti no la\u0161u DNS), kas paredz\u0113ta intens\u012bvai \u0101das atjauno\u0161anai, dzi\u013cai mitrin\u0101\u0161anai un re\u0123ener\u0101cijai.\" \/>\n<meta name=\"robots\" content=\"index, follow, max-snippet:-1, max-image-preview:large, max-video-preview:-1\" \/>\n<link rel=\"canonical\" href=\"https:\/\/www.facecorner.lv\/en\/shop\/rejuran-turnover-mask-atjaunojosa-auduma-maska\/\" \/>\n<meta property=\"og:locale\" content=\"en_US\" \/>\n<meta property=\"og:type\" content=\"article\" \/>\n<meta property=\"og:title\" content=\"Rejuran Turnover Mask atjaunojo\u0161a auduma maska - FACECORNER\" \/>\n<meta property=\"og:description\" content=\"Rejuran Turnover Mask ir augst\u0101k\u0101s kvalit\u0101tes Korejas atjaunojo\u0161a auduma maska ar akt\u012bvo sast\u0101vda\u013cu c-PDRN (polinukleot\u012bdi, kas ieg\u016bti no la\u0161u DNS), kas paredz\u0113ta intens\u012bvai \u0101das atjauno\u0161anai, dzi\u013cai mitrin\u0101\u0161anai un re\u0123ener\u0101cijai.\" \/>\n<meta property=\"og:url\" content=\"https:\/\/www.facecorner.lv\/en\/shop\/rejuran-turnover-mask-atjaunojosa-auduma-maska\/\" \/>\n<meta property=\"og:site_name\" content=\"FACECORNER\" \/>\n<meta property=\"article:publisher\" content=\"https:\/\/www.facebook.com\/profile.php?id=100063824551839\" \/>\n<meta property=\"article:modified_time\" content=\"2026-03-31T17:51:22+00:00\" \/>\n<meta property=\"og:image\" content=\"https:\/\/www.facecorner.lv\/wp-content\/uploads\/2026\/02\/rejuran-turnover-mask-5pcs-887.jpg\" \/>\n\t<meta property=\"og:image:width\" content=\"600\" \/>\n\t<meta property=\"og:image:height\" content=\"600\" \/>\n\t<meta property=\"og:image:type\" content=\"image\/jpeg\" \/>\n<meta name=\"twitter:card\" content=\"summary_large_image\" \/>\n<meta name=\"twitter:label1\" content=\"Price\" \/>\n\t<meta name=\"twitter:data1\" content=\"&euro;4.50\" \/>\n\t<meta name=\"twitter:label2\" content=\"Availability\" \/>\n\t<meta name=\"twitter:data2\" content=\"In stock\" \/>\n<script type=\"application\/ld+json\" class=\"yoast-schema-graph\">{\"@context\":\"https:\\\/\\\/schema.org\",\"@graph\":[{\"@type\":\"WebPage\",\"@id\":\"https:\\\/\\\/www.facecorner.lv\\\/shop\\\/rejuran-turnover-mask-atjaunojosa-auduma-maska\\\/\",\"url\":\"https:\\\/\\\/www.facecorner.lv\\\/shop\\\/rejuran-turnover-mask-atjaunojosa-auduma-maska\\\/\",\"name\":\"Rejuran Turnover Mask atjaunojo\u0161a auduma maska - FACECORNER\",\"isPartOf\":{\"@id\":\"https:\\\/\\\/www.facecorner.lv\\\/#website\"},\"primaryImageOfPage\":{\"@id\":\"https:\\\/\\\/www.facecorner.lv\\\/shop\\\/rejuran-turnover-mask-atjaunojosa-auduma-maska\\\/#primaryimage\"},\"image\":{\"@id\":\"https:\\\/\\\/www.facecorner.lv\\\/shop\\\/rejuran-turnover-mask-atjaunojosa-auduma-maska\\\/#primaryimage\"},\"thumbnailUrl\":\"https:\\\/\\\/www.facecorner.lv\\\/wp-content\\\/uploads\\\/2026\\\/02\\\/rejuran-turnover-mask-5pcs-887.jpg\",\"datePublished\":\"2026-02-19T11:59:01+00:00\",\"dateModified\":\"2026-03-31T17:51:22+00:00\",\"description\":\"Rejuran Turnover Mask ir augst\u0101k\u0101s kvalit\u0101tes Korejas atjaunojo\u0161a auduma maska ar akt\u012bvo sast\u0101vda\u013cu c-PDRN (polinukleot\u012bdi, kas ieg\u016bti no la\u0161u DNS), kas paredz\u0113ta intens\u012bvai \u0101das atjauno\u0161anai, dzi\u013cai mitrin\u0101\u0161anai un re\u0123ener\u0101cijai.\",\"breadcrumb\":{\"@id\":\"https:\\\/\\\/www.facecorner.lv\\\/shop\\\/rejuran-turnover-mask-atjaunojosa-auduma-maska\\\/#breadcrumb\"},\"inLanguage\":\"en-US\",\"potentialAction\":[{\"@type\":\"ReadAction\",\"target\":[\"https:\\\/\\\/www.facecorner.lv\\\/shop\\\/rejuran-turnover-mask-atjaunojosa-auduma-maska\\\/\"]}]},{\"@type\":\"ImageObject\",\"inLanguage\":\"en-US\",\"@id\":\"https:\\\/\\\/www.facecorner.lv\\\/shop\\\/rejuran-turnover-mask-atjaunojosa-auduma-maska\\\/#primaryimage\",\"url\":\"https:\\\/\\\/www.facecorner.lv\\\/wp-content\\\/uploads\\\/2026\\\/02\\\/rejuran-turnover-mask-5pcs-887.jpg\",\"contentUrl\":\"https:\\\/\\\/www.facecorner.lv\\\/wp-content\\\/uploads\\\/2026\\\/02\\\/rejuran-turnover-mask-5pcs-887.jpg\",\"width\":600,\"height\":600,\"caption\":\"Rejuran Turnover Mask\"},{\"@type\":\"BreadcrumbList\",\"@id\":\"https:\\\/\\\/www.facecorner.lv\\\/shop\\\/rejuran-turnover-mask-atjaunojosa-auduma-maska\\\/#breadcrumb\",\"itemListElement\":[{\"@type\":\"ListItem\",\"position\":1,\"name\":\"Home\",\"item\":\"https:\\\/\\\/www.facecorner.lv\\\/\"},{\"@type\":\"ListItem\",\"position\":2,\"name\":\"Veikals\",\"item\":\"https:\\\/\\\/www.facecorner.lv\\\/shop\\\/\"},{\"@type\":\"ListItem\",\"position\":3,\"name\":\"Rejuran Turnover Mask atjaunojo\u0161a auduma maska\"}]},{\"@type\":\"WebSite\",\"@id\":\"https:\\\/\\\/www.facecorner.lv\\\/#website\",\"url\":\"https:\\\/\\\/www.facecorner.lv\\\/\",\"name\":\"Facecorner\",\"description\":\"\",\"publisher\":{\"@id\":\"https:\\\/\\\/www.facecorner.lv\\\/#organization\"},\"potentialAction\":[{\"@type\":\"SearchAction\",\"target\":{\"@type\":\"EntryPoint\",\"urlTemplate\":\"https:\\\/\\\/www.facecorner.lv\\\/?s={search_term_string}\"},\"query-input\":{\"@type\":\"PropertyValueSpecification\",\"valueRequired\":true,\"valueName\":\"search_term_string\"}}],\"inLanguage\":\"en-US\"},{\"@type\":\"Organization\",\"@id\":\"https:\\\/\\\/www.facecorner.lv\\\/#organization\",\"name\":\"Facecorner\",\"url\":\"https:\\\/\\\/www.facecorner.lv\\\/\",\"logo\":{\"@type\":\"ImageObject\",\"inLanguage\":\"en-US\",\"@id\":\"https:\\\/\\\/www.facecorner.lv\\\/#\\\/schema\\\/logo\\\/image\\\/\",\"url\":\"https:\\\/\\\/www.facecorner.lv\\\/wp-content\\\/uploads\\\/2024\\\/04\\\/fc-logo.jpg\",\"contentUrl\":\"https:\\\/\\\/www.facecorner.lv\\\/wp-content\\\/uploads\\\/2024\\\/04\\\/fc-logo.jpg\",\"width\":174,\"height\":28,\"caption\":\"Facecorner\"},\"image\":{\"@id\":\"https:\\\/\\\/www.facecorner.lv\\\/#\\\/schema\\\/logo\\\/image\\\/\"},\"sameAs\":[\"https:\\\/\\\/www.facebook.com\\\/profile.php?id=100063824551839\",\"https:\\\/\\\/www.instagram.com\\\/facecorner_shop\\\/\"]}]}<\/script>\n<meta property=\"product:price:amount\" content=\"4.50\" \/>\n<meta property=\"product:price:currency\" content=\"EUR\" \/>\n<meta property=\"og:availability\" content=\"instock\" \/>\n<meta property=\"product:availability\" content=\"instock\" \/>\n<meta property=\"product:condition\" content=\"new\" \/>\n<!-- \/ Yoast SEO plugin. -->","yoast_head_json":{"title":"Rejuran Turnover Mask atjaunojo\u0161a auduma maska - FACECORNER","description":"Rejuran Turnover Mask ir augst\u0101k\u0101s kvalit\u0101tes Korejas atjaunojo\u0161a auduma maska ar akt\u012bvo sast\u0101vda\u013cu c-PDRN (polinukleot\u012bdi, kas ieg\u016bti no la\u0161u DNS), kas paredz\u0113ta intens\u012bvai \u0101das atjauno\u0161anai, dzi\u013cai mitrin\u0101\u0161anai un re\u0123ener\u0101cijai.","robots":{"index":"index","follow":"follow","max-snippet":"max-snippet:-1","max-image-preview":"max-image-preview:large","max-video-preview":"max-video-preview:-1"},"canonical":"https:\/\/www.facecorner.lv\/en\/shop\/rejuran-turnover-mask-atjaunojosa-auduma-maska\/","og_locale":"en_US","og_type":"article","og_title":"Rejuran Turnover Mask atjaunojo\u0161a auduma maska - FACECORNER","og_description":"Rejuran Turnover Mask ir augst\u0101k\u0101s kvalit\u0101tes Korejas atjaunojo\u0161a auduma maska ar akt\u012bvo sast\u0101vda\u013cu c-PDRN (polinukleot\u012bdi, kas ieg\u016bti no la\u0161u DNS), kas paredz\u0113ta intens\u012bvai \u0101das atjauno\u0161anai, dzi\u013cai mitrin\u0101\u0161anai un re\u0123ener\u0101cijai.","og_url":"https:\/\/www.facecorner.lv\/en\/shop\/rejuran-turnover-mask-atjaunojosa-auduma-maska\/","og_site_name":"FACECORNER","article_publisher":"https:\/\/www.facebook.com\/profile.php?id=100063824551839","article_modified_time":"2026-03-31T17:51:22+00:00","og_image":[{"width":600,"height":600,"url":"https:\/\/www.facecorner.lv\/wp-content\/uploads\/2026\/02\/rejuran-turnover-mask-5pcs-887.jpg","type":"image\/jpeg"}],"twitter_card":"summary_large_image","twitter_misc":{"Price":"&euro;4.50","Availability":"In stock"},"schema":{"@context":"https:\/\/schema.org","@graph":[{"@type":"WebPage","@id":"https:\/\/www.facecorner.lv\/shop\/rejuran-turnover-mask-atjaunojosa-auduma-maska\/","url":"https:\/\/www.facecorner.lv\/shop\/rejuran-turnover-mask-atjaunojosa-auduma-maska\/","name":"Rejuran Turnover Mask atjaunojo\u0161a auduma maska - FACECORNER","isPartOf":{"@id":"https:\/\/www.facecorner.lv\/#website"},"primaryImageOfPage":{"@id":"https:\/\/www.facecorner.lv\/shop\/rejuran-turnover-mask-atjaunojosa-auduma-maska\/#primaryimage"},"image":{"@id":"https:\/\/www.facecorner.lv\/shop\/rejuran-turnover-mask-atjaunojosa-auduma-maska\/#primaryimage"},"thumbnailUrl":"https:\/\/www.facecorner.lv\/wp-content\/uploads\/2026\/02\/rejuran-turnover-mask-5pcs-887.jpg","datePublished":"2026-02-19T11:59:01+00:00","dateModified":"2026-03-31T17:51:22+00:00","description":"Rejuran Turnover Mask ir augst\u0101k\u0101s kvalit\u0101tes Korejas atjaunojo\u0161a auduma maska ar akt\u012bvo sast\u0101vda\u013cu c-PDRN (polinukleot\u012bdi, kas ieg\u016bti no la\u0161u DNS), kas paredz\u0113ta intens\u012bvai \u0101das atjauno\u0161anai, dzi\u013cai mitrin\u0101\u0161anai un re\u0123ener\u0101cijai.","breadcrumb":{"@id":"https:\/\/www.facecorner.lv\/shop\/rejuran-turnover-mask-atjaunojosa-auduma-maska\/#breadcrumb"},"inLanguage":"en-US","potentialAction":[{"@type":"ReadAction","target":["https:\/\/www.facecorner.lv\/shop\/rejuran-turnover-mask-atjaunojosa-auduma-maska\/"]}]},{"@type":"ImageObject","inLanguage":"en-US","@id":"https:\/\/www.facecorner.lv\/shop\/rejuran-turnover-mask-atjaunojosa-auduma-maska\/#primaryimage","url":"https:\/\/www.facecorner.lv\/wp-content\/uploads\/2026\/02\/rejuran-turnover-mask-5pcs-887.jpg","contentUrl":"https:\/\/www.facecorner.lv\/wp-content\/uploads\/2026\/02\/rejuran-turnover-mask-5pcs-887.jpg","width":600,"height":600,"caption":"Rejuran Turnover Mask"},{"@type":"BreadcrumbList","@id":"https:\/\/www.facecorner.lv\/shop\/rejuran-turnover-mask-atjaunojosa-auduma-maska\/#breadcrumb","itemListElement":[{"@type":"ListItem","position":1,"name":"Home","item":"https:\/\/www.facecorner.lv\/"},{"@type":"ListItem","position":2,"name":"Veikals","item":"https:\/\/www.facecorner.lv\/shop\/"},{"@type":"ListItem","position":3,"name":"Rejuran Turnover Mask atjaunojo\u0161a auduma maska"}]},{"@type":"WebSite","@id":"https:\/\/www.facecorner.lv\/#website","url":"https:\/\/www.facecorner.lv\/","name":"Facecorner","description":"","publisher":{"@id":"https:\/\/www.facecorner.lv\/#organization"},"potentialAction":[{"@type":"SearchAction","target":{"@type":"EntryPoint","urlTemplate":"https:\/\/www.facecorner.lv\/?s={search_term_string}"},"query-input":{"@type":"PropertyValueSpecification","valueRequired":true,"valueName":"search_term_string"}}],"inLanguage":"en-US"},{"@type":"Organization","@id":"https:\/\/www.facecorner.lv\/#organization","name":"Facecorner","url":"https:\/\/www.facecorner.lv\/","logo":{"@type":"ImageObject","inLanguage":"en-US","@id":"https:\/\/www.facecorner.lv\/#\/schema\/logo\/image\/","url":"https:\/\/www.facecorner.lv\/wp-content\/uploads\/2024\/04\/fc-logo.jpg","contentUrl":"https:\/\/www.facecorner.lv\/wp-content\/uploads\/2024\/04\/fc-logo.jpg","width":174,"height":28,"caption":"Facecorner"},"image":{"@id":"https:\/\/www.facecorner.lv\/#\/schema\/logo\/image\/"},"sameAs":["https:\/\/www.facebook.com\/profile.php?id=100063824551839","https:\/\/www.instagram.com\/facecorner_shop\/"]}]},"product_price_amount":"4.50","product_price_currency":"EUR","og_availability":"instock","product_availability":"instock","product_condition":"new"},"_links":{"self":[{"href":"https:\/\/www.facecorner.lv\/en\/wp-json\/wp\/v2\/product\/26982","targetHints":{"allow":["GET"]}}],"collection":[{"href":"https:\/\/www.facecorner.lv\/en\/wp-json\/wp\/v2\/product"}],"about":[{"href":"https:\/\/www.facecorner.lv\/en\/wp-json\/wp\/v2\/types\/product"}],"replies":[{"embeddable":true,"href":"https:\/\/www.facecorner.lv\/en\/wp-json\/wp\/v2\/comments?post=26982"}],"wp:featuredmedia":[{"embeddable":true,"href":"https:\/\/www.facecorner.lv\/en\/wp-json\/wp\/v2\/media\/26983"}],"wp:attachment":[{"href":"https:\/\/www.facecorner.lv\/en\/wp-json\/wp\/v2\/media?parent=26982"}],"wp:term":[{"taxonomy":"product_brand","embeddable":true,"href":"https:\/\/www.facecorner.lv\/en\/wp-json\/wp\/v2\/product_brand?post=26982"},{"taxonomy":"product_cat","embeddable":true,"href":"https:\/\/www.facecorner.lv\/en\/wp-json\/wp\/v2\/product_cat?post=26982"},{"taxonomy":"product_tag","embeddable":true,"href":"https:\/\/www.facecorner.lv\/en\/wp-json\/wp\/v2\/product_tag?post=26982"},{"taxonomy":"berocket_brand","embeddable":true,"href":"https:\/\/www.facecorner.lv\/en\/wp-json\/wp\/v2\/berocket_brand?post=26982"}],"curies":[{"name":"wp","href":"https:\/\/api.w.org\/{rel}","templated":true}]}}