{"id":26978,"date":"2026-02-19T13:57:03","date_gmt":"2026-02-19T10:57:03","guid":{"rendered":"https:\/\/www.facecorner.lv\/?post_type=product&#038;p=26978"},"modified":"2026-03-16T15:42:57","modified_gmt":"2026-03-16T12:42:57","slug":"rejuran-recover-soothing-mask-ir-nomierinosa-un-atjaunojosa-auduma-maska","status":"publish","type":"product","link":"https:\/\/www.facecorner.lv\/en\/shop\/rejuran-recover-soothing-mask-ir-nomierinosa-un-atjaunojosa-auduma-maska\/","title":{"rendered":"Rejuran Recover Soothing Mask\u00a0ir\u00a0nomierino\u0161a un atjaunojo\u0161a auduma maska"},"content":{"rendered":"<p>Rejuran Recover Soothing Mask\u00a0<mark class=\"HxTRcb\" data-complete=\"true\" data-sae=\"\">ir\u00a0nomierino\u0161a un atjaunojo\u0161a auduma maska, kas paredz\u0113ta dzi\u013cai \u0101das\u00a0mitrin\u0101\u0161anai, kairin\u0101juma mazin\u0101\u0161anai un \u0101das barjeras stiprin\u0101\u0161anai, \u012bpa\u0161i p\u0113c est\u0113tisk\u0101m proced\u016br\u0101m vai stresa skartai \u0101dai<\/mark>.<\/p>\n<h6 class=\"otQkpb\" role=\"heading\" aria-level=\"3\" data-complete=\"true\" data-processed=\"true\">Galven\u0101s \u012bpa\u0161\u012bbas un ieguvumi:<\/h6>\n<div role=\"heading\" aria-level=\"3\" data-animation-nesting=\"\" data-sfc-cp=\"\" data-complete=\"true\" data-processed=\"true\" data-sae=\"\"><\/div>\n<ul class=\"KsbFXc U6u95\" data-complete=\"true\" data-processed=\"true\">\n<li data-hveid=\"CAQQAA\" data-complete=\"true\" data-sae=\"\"><span class=\"T286Pc\" data-sfc-cp=\"\" data-complete=\"true\">T\u016bl\u012bt\u0113js nomierino\u0161s un dzes\u0113jo\u0161s efekts: Maska nodro\u0161ina t\u016bl\u012bt\u0113ju atvieglojumu sakarsu\u0161ai vai kairin\u0101tai \u0101dai, kas ir ide\u0101li piem\u0113rots lieto\u0161anai p\u0113c proced\u016br\u0101m, piem\u0113ram, l\u0101zerterapijas vai mikroadatu rull\u012b\u0161u lieto\u0161anas.<\/span><\/li>\n<li data-hveid=\"CAQQAQ\" data-complete=\"true\" data-sae=\"\"><span class=\"T286Pc\" data-sfc-cp=\"\" data-complete=\"true\">\u0100das re\u0123ener\u0101cija un barjeras atjauno\u0161ana: Satur patent\u0113tu c-PDRN\u00ae (polideoksiribonukleot\u012bds) sast\u0101vda\u013cu, kas ieg\u016bta no la\u0161a DNS. \u0160\u012b sast\u0101vda\u013ca stimul\u0113 \u0101das dabisko re\u0123ener\u0101cijas procesu, stiprina t\u0101s aizsargbarjeru un uzlabo elast\u012bbu.<\/span><\/li>\n<li data-hveid=\"CAQQAg\" data-complete=\"true\" data-sae=\"\"><span class=\"T286Pc\" data-sfc-cp=\"\" data-complete=\"true\">Intens\u012bva daudzl\u012bme\u0146u mitrin\u0101\u0161ana: Formula ietver 7 sl\u0101\u0146u hialuronsk\u0101bes kompleksu, kas nodro\u0161ina dzi\u013cu un notur\u012bgu mitrin\u0101\u0161anu visos \u0101das sl\u0101\u0146os.<\/span><\/li>\n<li data-hveid=\"CAQQAw\" data-complete=\"true\" data-sae=\"\"><span class=\"T286Pc\" data-sfc-cp=\"\" data-complete=\"true\" aria-owns=\"action-menu-parent-container\">Dabiski ekstrakti: Bag\u0101tin\u0101ta ar augu kompleksu, kur\u0101 ietilpst a\u013c\u0123u, alvejas, lotosa un citi ekstrakti, kas nodro\u0161ina izteiktu nomierino\u0161u iedarb\u012bbu, mazina aps\u0101rtumu un diskomfortu.<\/span><\/li>\n<\/ul>\n<p><strong>How to use:<\/strong> <span class=\"T286Pc\" data-sfc-cp=\"\" data-complete=\"true\">\u00a0Iz\u0146emiet masku no iepakojuma, no\u0146emiet aizsargpl\u0113vi un uzkl\u0101jiet uz sejas, viegli izl\u012bdzinot to atbilsto\u0161i sejas kont\u016br\u0101m.<\/span><\/p>\n<p><span class=\"T286Pc\" data-sfc-cp=\"\" data-complete=\"true\">Atst\u0101jiet masku uz sejas aptuveni\u00a010\u201320 min\u016btes.<\/span><\/p>\n<p><strong>Sast\u0101vs:<\/strong> Water, Glycerin, Methylpropanediol, Niacinamide, Kelp Extract, Nasturtium Leaf Extract, Purslane Extract, Yam Root Extract, Sugar Elm Root Extract, Molochia Leaf Extract, Seaweed Extract, Fresh Herb Extract, Aloe Vera Leaf Extract, Lotus Root Extract, Fruit Extract Okra, Violet Extract, Cornflower Extract, Acmella Extract, Sodium Hyaluronate, Bergamot Oil, Confectionery Lecithin, Betaine, Trehalose, Ammonium Acryloyl Dimethyl Taurate\/OP Copolymer, Butylene Glycol, Allantoin, Panthenol, Polyglyceryl-10 Laurate, Dipropylene Glycol, Acrylate\/C10-30 Alkyl Acrylate Crosspolymer, Adenosine, Tromethamine, Disodium HTC, Hydrolyzed DNA, Fructooligosaccharides, Propanediol, Beta-Glucan, Hydrolyzed Hyaluronic Acid, Sodium Laurate, Lauric Acid, Sodium Hyaluronate Crosspolymer, Hydroxypropyl Trimonium Hyaluronate, Hyaluronic Acid, Sodium Acetylated Hyalurate , Hydrolyzed Sodium Hyaluronate, Potassium Hyaluronate, 1,2-Hexanediol, Hydroxyacetophene, Pentylene Glycol, Ethylhexyl Glycerin, Limonene.<\/p>","protected":false},"excerpt":{"rendered":"<p>Rejuran Recover Soothing Mask\u00a0<mark class=\"HxTRcb\" data-complete=\"true\" data-sae=\"\">ir\u00a0nomierino\u0161a un atjaunojo\u0161a auduma maska, kas paredz\u0113ta dzi\u013cai \u0101das\u00a0mitrin\u0101\u0161anai, kairin\u0101juma mazin\u0101\u0161anai un \u0101das barjeras stiprin\u0101\u0161anai, \u012bpa\u0161i p\u0113c est\u0113tisk\u0101m proced\u016br\u0101m vai stresa skartai \u0101dai<\/mark>.<\/p>","protected":false},"featured_media":26979,"comment_status":"open","ping_status":"closed","template":"","meta":{"site-sidebar-layout":"default","site-content-layout":"","ast-site-content-layout":"default","site-content-style":"default","site-sidebar-style":"default","ast-global-header-display":"","ast-banner-title-visibility":"","ast-main-header-display":"","ast-hfb-above-header-display":"","ast-hfb-below-header-display":"","ast-hfb-mobile-header-display":"","site-post-title":"","ast-breadcrumbs-content":"","ast-featured-img":"","footer-sml-layout":"","theme-transparent-header-meta":"default","adv-header-id-meta":"","stick-header-meta":"","header-above-stick-meta":"","header-main-stick-meta":"","header-below-stick-meta":"","astra-migrate-meta-layouts":"set","ast-page-background-enabled":"default","ast-page-background-meta":{"desktop":{"background-color":"var(--ast-global-color-4)","background-image":"","background-repeat":"repeat","background-position":"center center","background-size":"auto","background-attachment":"scroll","background-type":"","background-media":"","overlay-type":"","overlay-color":"","overlay-opacity":"","overlay-gradient":""},"tablet":{"background-color":"","background-image":"","background-repeat":"repeat","background-position":"center center","background-size":"auto","background-attachment":"scroll","background-type":"","background-media":"","overlay-type":"","overlay-color":"","overlay-opacity":"","overlay-gradient":""},"mobile":{"background-color":"","background-image":"","background-repeat":"repeat","background-position":"center center","background-size":"auto","background-attachment":"scroll","background-type":"","background-media":"","overlay-type":"","overlay-color":"","overlay-opacity":"","overlay-gradient":""}},"ast-content-background-meta":{"desktop":{"background-color":"var(--ast-global-color-5)","background-image":"","background-repeat":"repeat","background-position":"center center","background-size":"auto","background-attachment":"scroll","background-type":"","background-media":"","overlay-type":"","overlay-color":"","overlay-opacity":"","overlay-gradient":""},"tablet":{"background-color":"var(--ast-global-color-5)","background-image":"","background-repeat":"repeat","background-position":"center center","background-size":"auto","background-attachment":"scroll","background-type":"","background-media":"","overlay-type":"","overlay-color":"","overlay-opacity":"","overlay-gradient":""},"mobile":{"background-color":"var(--ast-global-color-5)","background-image":"","background-repeat":"repeat","background-position":"center center","background-size":"auto","background-attachment":"scroll","background-type":"","background-media":"","overlay-type":"","overlay-color":"","overlay-opacity":"","overlay-gradient":""}}},"product_brand":[],"product_cat":[324,315],"product_tag":[],"berocket_brand":[639],"class_list":{"0":"post-26978","1":"product","2":"type-product","3":"status-publish","4":"has-post-thumbnail","6":"product_cat-auduma","7":"product_cat-maskas","8":"berocket_brand-rejuran","9":"desktop-align-left","10":"tablet-align-left","11":"mobile-align-left","13":"first","14":"outofstock","15":"taxable","16":"shipping-taxable","17":"purchasable","18":"product-type-simple","19":"add-to-wishlist-before_image"},"yoast_head":"<!-- This site is optimized with the Yoast SEO plugin v27.3 - https:\/\/yoast.com\/product\/yoast-seo-wordpress\/ -->\n<title>Rejuran Recover Soothing Mask\u00a0ir\u00a0nomierino\u0161a un atjaunojo\u0161a auduma maska - FACECORNER<\/title>\n<meta name=\"description\" content=\"Rejuran Recover Soothing Mask\u00a0ir\u00a0nomierino\u0161a un atjaunojo\u0161a auduma maska, kas paredz\u0113ta dzi\u013cai \u0101das\u00a0mitrin\u0101\u0161anai, kairin\u0101juma mazin\u0101\u0161anai un \u0101das barjeras stiprin\u0101\u0161anai, \u012bpa\u0161i p\u0113c est\u0113tisk\u0101m proced\u016br\u0101m vai stresa skartai \u0101dai.\" \/>\n<meta name=\"robots\" content=\"index, follow, max-snippet:-1, max-image-preview:large, max-video-preview:-1\" \/>\n<link rel=\"canonical\" href=\"https:\/\/www.facecorner.lv\/en\/shop\/rejuran-recover-soothing-mask-ir-nomierinosa-un-atjaunojosa-auduma-maska\/\" \/>\n<meta property=\"og:locale\" content=\"en_US\" \/>\n<meta property=\"og:type\" content=\"article\" \/>\n<meta property=\"og:title\" content=\"Rejuran Recover Soothing Mask\u00a0ir\u00a0nomierino\u0161a un atjaunojo\u0161a auduma maska - FACECORNER\" \/>\n<meta property=\"og:description\" content=\"Rejuran Recover Soothing Mask\u00a0ir\u00a0nomierino\u0161a un atjaunojo\u0161a auduma maska, kas paredz\u0113ta dzi\u013cai \u0101das\u00a0mitrin\u0101\u0161anai, kairin\u0101juma mazin\u0101\u0161anai un \u0101das barjeras stiprin\u0101\u0161anai, \u012bpa\u0161i p\u0113c est\u0113tisk\u0101m proced\u016br\u0101m vai stresa skartai \u0101dai.\" \/>\n<meta property=\"og:url\" content=\"https:\/\/www.facecorner.lv\/en\/shop\/rejuran-recover-soothing-mask-ir-nomierinosa-un-atjaunojosa-auduma-maska\/\" \/>\n<meta property=\"og:site_name\" content=\"FACECORNER\" \/>\n<meta property=\"article:publisher\" content=\"https:\/\/www.facebook.com\/profile.php?id=100063824551839\" \/>\n<meta property=\"article:modified_time\" content=\"2026-03-16T12:42:57+00:00\" \/>\n<meta property=\"og:image\" content=\"https:\/\/www.facecorner.lv\/wp-content\/uploads\/2026\/02\/57.jpeg\" \/>\n\t<meta property=\"og:image:width\" content=\"1569\" \/>\n\t<meta property=\"og:image:height\" content=\"1569\" \/>\n\t<meta property=\"og:image:type\" content=\"image\/jpeg\" \/>\n<meta name=\"twitter:card\" content=\"summary_large_image\" \/>\n<meta name=\"twitter:label1\" content=\"Price\" \/>\n\t<meta name=\"twitter:data1\" content=\"&euro;5.95\" \/>\n\t<meta name=\"twitter:label2\" content=\"Availability\" \/>\n\t<meta name=\"twitter:data2\" content=\"Out of stock\" \/>\n<script type=\"application\/ld+json\" class=\"yoast-schema-graph\">{\"@context\":\"https:\\\/\\\/schema.org\",\"@graph\":[{\"@type\":\"WebPage\",\"@id\":\"https:\\\/\\\/www.facecorner.lv\\\/shop\\\/rejuran-recover-soothing-mask-ir-nomierinosa-un-atjaunojosa-auduma-maska\\\/\",\"url\":\"https:\\\/\\\/www.facecorner.lv\\\/shop\\\/rejuran-recover-soothing-mask-ir-nomierinosa-un-atjaunojosa-auduma-maska\\\/\",\"name\":\"Rejuran Recover Soothing Mask\u00a0ir\u00a0nomierino\u0161a un atjaunojo\u0161a auduma maska - FACECORNER\",\"isPartOf\":{\"@id\":\"https:\\\/\\\/www.facecorner.lv\\\/#website\"},\"primaryImageOfPage\":{\"@id\":\"https:\\\/\\\/www.facecorner.lv\\\/shop\\\/rejuran-recover-soothing-mask-ir-nomierinosa-un-atjaunojosa-auduma-maska\\\/#primaryimage\"},\"image\":{\"@id\":\"https:\\\/\\\/www.facecorner.lv\\\/shop\\\/rejuran-recover-soothing-mask-ir-nomierinosa-un-atjaunojosa-auduma-maska\\\/#primaryimage\"},\"thumbnailUrl\":\"https:\\\/\\\/www.facecorner.lv\\\/wp-content\\\/uploads\\\/2026\\\/02\\\/57.jpeg\",\"datePublished\":\"2026-02-19T10:57:03+00:00\",\"dateModified\":\"2026-03-16T12:42:57+00:00\",\"description\":\"Rejuran Recover Soothing Mask\u00a0ir\u00a0nomierino\u0161a un atjaunojo\u0161a auduma maska, kas paredz\u0113ta dzi\u013cai \u0101das\u00a0mitrin\u0101\u0161anai, kairin\u0101juma mazin\u0101\u0161anai un \u0101das barjeras stiprin\u0101\u0161anai, \u012bpa\u0161i p\u0113c est\u0113tisk\u0101m proced\u016br\u0101m vai stresa skartai \u0101dai.\",\"breadcrumb\":{\"@id\":\"https:\\\/\\\/www.facecorner.lv\\\/shop\\\/rejuran-recover-soothing-mask-ir-nomierinosa-un-atjaunojosa-auduma-maska\\\/#breadcrumb\"},\"inLanguage\":\"en-US\",\"potentialAction\":[{\"@type\":\"ReadAction\",\"target\":[\"https:\\\/\\\/www.facecorner.lv\\\/shop\\\/rejuran-recover-soothing-mask-ir-nomierinosa-un-atjaunojosa-auduma-maska\\\/\"]}]},{\"@type\":\"ImageObject\",\"inLanguage\":\"en-US\",\"@id\":\"https:\\\/\\\/www.facecorner.lv\\\/shop\\\/rejuran-recover-soothing-mask-ir-nomierinosa-un-atjaunojosa-auduma-maska\\\/#primaryimage\",\"url\":\"https:\\\/\\\/www.facecorner.lv\\\/wp-content\\\/uploads\\\/2026\\\/02\\\/57.jpeg\",\"contentUrl\":\"https:\\\/\\\/www.facecorner.lv\\\/wp-content\\\/uploads\\\/2026\\\/02\\\/57.jpeg\",\"width\":1569,\"height\":1569,\"caption\":\"Rejuran Recover Soothing Mask\"},{\"@type\":\"BreadcrumbList\",\"@id\":\"https:\\\/\\\/www.facecorner.lv\\\/shop\\\/rejuran-recover-soothing-mask-ir-nomierinosa-un-atjaunojosa-auduma-maska\\\/#breadcrumb\",\"itemListElement\":[{\"@type\":\"ListItem\",\"position\":1,\"name\":\"Home\",\"item\":\"https:\\\/\\\/www.facecorner.lv\\\/\"},{\"@type\":\"ListItem\",\"position\":2,\"name\":\"Veikals\",\"item\":\"https:\\\/\\\/www.facecorner.lv\\\/shop\\\/\"},{\"@type\":\"ListItem\",\"position\":3,\"name\":\"Rejuran Recover Soothing Mask\u00a0ir\u00a0nomierino\u0161a un atjaunojo\u0161a auduma maska\"}]},{\"@type\":\"WebSite\",\"@id\":\"https:\\\/\\\/www.facecorner.lv\\\/#website\",\"url\":\"https:\\\/\\\/www.facecorner.lv\\\/\",\"name\":\"Facecorner\",\"description\":\"\",\"publisher\":{\"@id\":\"https:\\\/\\\/www.facecorner.lv\\\/#organization\"},\"potentialAction\":[{\"@type\":\"SearchAction\",\"target\":{\"@type\":\"EntryPoint\",\"urlTemplate\":\"https:\\\/\\\/www.facecorner.lv\\\/?s={search_term_string}\"},\"query-input\":{\"@type\":\"PropertyValueSpecification\",\"valueRequired\":true,\"valueName\":\"search_term_string\"}}],\"inLanguage\":\"en-US\"},{\"@type\":\"Organization\",\"@id\":\"https:\\\/\\\/www.facecorner.lv\\\/#organization\",\"name\":\"Facecorner\",\"url\":\"https:\\\/\\\/www.facecorner.lv\\\/\",\"logo\":{\"@type\":\"ImageObject\",\"inLanguage\":\"en-US\",\"@id\":\"https:\\\/\\\/www.facecorner.lv\\\/#\\\/schema\\\/logo\\\/image\\\/\",\"url\":\"https:\\\/\\\/www.facecorner.lv\\\/wp-content\\\/uploads\\\/2024\\\/04\\\/fc-logo.jpg\",\"contentUrl\":\"https:\\\/\\\/www.facecorner.lv\\\/wp-content\\\/uploads\\\/2024\\\/04\\\/fc-logo.jpg\",\"width\":174,\"height\":28,\"caption\":\"Facecorner\"},\"image\":{\"@id\":\"https:\\\/\\\/www.facecorner.lv\\\/#\\\/schema\\\/logo\\\/image\\\/\"},\"sameAs\":[\"https:\\\/\\\/www.facebook.com\\\/profile.php?id=100063824551839\",\"https:\\\/\\\/www.instagram.com\\\/facecorner_shop\\\/\"]}]}<\/script>\n<meta property=\"product:price:amount\" content=\"5.95\" \/>\n<meta property=\"product:price:currency\" content=\"EUR\" \/>\n<meta property=\"og:availability\" content=\"out of stock\" \/>\n<meta property=\"product:availability\" content=\"out of stock\" \/>\n<meta property=\"product:condition\" content=\"new\" \/>\n<!-- \/ Yoast SEO plugin. -->","yoast_head_json":{"title":"Rejuran Recover Soothing Mask\u00a0ir\u00a0nomierino\u0161a un atjaunojo\u0161a auduma maska - FACECORNER","description":"Rejuran Recover Soothing Mask\u00a0ir\u00a0nomierino\u0161a un atjaunojo\u0161a auduma maska, kas paredz\u0113ta dzi\u013cai \u0101das\u00a0mitrin\u0101\u0161anai, kairin\u0101juma mazin\u0101\u0161anai un \u0101das barjeras stiprin\u0101\u0161anai, \u012bpa\u0161i p\u0113c est\u0113tisk\u0101m proced\u016br\u0101m vai stresa skartai \u0101dai.","robots":{"index":"index","follow":"follow","max-snippet":"max-snippet:-1","max-image-preview":"max-image-preview:large","max-video-preview":"max-video-preview:-1"},"canonical":"https:\/\/www.facecorner.lv\/en\/shop\/rejuran-recover-soothing-mask-ir-nomierinosa-un-atjaunojosa-auduma-maska\/","og_locale":"en_US","og_type":"article","og_title":"Rejuran Recover Soothing Mask\u00a0ir\u00a0nomierino\u0161a un atjaunojo\u0161a auduma maska - FACECORNER","og_description":"Rejuran Recover Soothing Mask\u00a0ir\u00a0nomierino\u0161a un atjaunojo\u0161a auduma maska, kas paredz\u0113ta dzi\u013cai \u0101das\u00a0mitrin\u0101\u0161anai, kairin\u0101juma mazin\u0101\u0161anai un \u0101das barjeras stiprin\u0101\u0161anai, \u012bpa\u0161i p\u0113c est\u0113tisk\u0101m proced\u016br\u0101m vai stresa skartai \u0101dai.","og_url":"https:\/\/www.facecorner.lv\/en\/shop\/rejuran-recover-soothing-mask-ir-nomierinosa-un-atjaunojosa-auduma-maska\/","og_site_name":"FACECORNER","article_publisher":"https:\/\/www.facebook.com\/profile.php?id=100063824551839","article_modified_time":"2026-03-16T12:42:57+00:00","og_image":[{"width":1569,"height":1569,"url":"https:\/\/www.facecorner.lv\/wp-content\/uploads\/2026\/02\/57.jpeg","type":"image\/jpeg"}],"twitter_card":"summary_large_image","twitter_misc":{"Price":"&euro;5.95","Availability":"Out of stock"},"schema":{"@context":"https:\/\/schema.org","@graph":[{"@type":"WebPage","@id":"https:\/\/www.facecorner.lv\/shop\/rejuran-recover-soothing-mask-ir-nomierinosa-un-atjaunojosa-auduma-maska\/","url":"https:\/\/www.facecorner.lv\/shop\/rejuran-recover-soothing-mask-ir-nomierinosa-un-atjaunojosa-auduma-maska\/","name":"Rejuran Recover Soothing Mask\u00a0ir\u00a0nomierino\u0161a un atjaunojo\u0161a auduma maska - FACECORNER","isPartOf":{"@id":"https:\/\/www.facecorner.lv\/#website"},"primaryImageOfPage":{"@id":"https:\/\/www.facecorner.lv\/shop\/rejuran-recover-soothing-mask-ir-nomierinosa-un-atjaunojosa-auduma-maska\/#primaryimage"},"image":{"@id":"https:\/\/www.facecorner.lv\/shop\/rejuran-recover-soothing-mask-ir-nomierinosa-un-atjaunojosa-auduma-maska\/#primaryimage"},"thumbnailUrl":"https:\/\/www.facecorner.lv\/wp-content\/uploads\/2026\/02\/57.jpeg","datePublished":"2026-02-19T10:57:03+00:00","dateModified":"2026-03-16T12:42:57+00:00","description":"Rejuran Recover Soothing Mask\u00a0ir\u00a0nomierino\u0161a un atjaunojo\u0161a auduma maska, kas paredz\u0113ta dzi\u013cai \u0101das\u00a0mitrin\u0101\u0161anai, kairin\u0101juma mazin\u0101\u0161anai un \u0101das barjeras stiprin\u0101\u0161anai, \u012bpa\u0161i p\u0113c est\u0113tisk\u0101m proced\u016br\u0101m vai stresa skartai \u0101dai.","breadcrumb":{"@id":"https:\/\/www.facecorner.lv\/shop\/rejuran-recover-soothing-mask-ir-nomierinosa-un-atjaunojosa-auduma-maska\/#breadcrumb"},"inLanguage":"en-US","potentialAction":[{"@type":"ReadAction","target":["https:\/\/www.facecorner.lv\/shop\/rejuran-recover-soothing-mask-ir-nomierinosa-un-atjaunojosa-auduma-maska\/"]}]},{"@type":"ImageObject","inLanguage":"en-US","@id":"https:\/\/www.facecorner.lv\/shop\/rejuran-recover-soothing-mask-ir-nomierinosa-un-atjaunojosa-auduma-maska\/#primaryimage","url":"https:\/\/www.facecorner.lv\/wp-content\/uploads\/2026\/02\/57.jpeg","contentUrl":"https:\/\/www.facecorner.lv\/wp-content\/uploads\/2026\/02\/57.jpeg","width":1569,"height":1569,"caption":"Rejuran Recover Soothing Mask"},{"@type":"BreadcrumbList","@id":"https:\/\/www.facecorner.lv\/shop\/rejuran-recover-soothing-mask-ir-nomierinosa-un-atjaunojosa-auduma-maska\/#breadcrumb","itemListElement":[{"@type":"ListItem","position":1,"name":"Home","item":"https:\/\/www.facecorner.lv\/"},{"@type":"ListItem","position":2,"name":"Veikals","item":"https:\/\/www.facecorner.lv\/shop\/"},{"@type":"ListItem","position":3,"name":"Rejuran Recover Soothing Mask\u00a0ir\u00a0nomierino\u0161a un atjaunojo\u0161a auduma maska"}]},{"@type":"WebSite","@id":"https:\/\/www.facecorner.lv\/#website","url":"https:\/\/www.facecorner.lv\/","name":"Facecorner","description":"","publisher":{"@id":"https:\/\/www.facecorner.lv\/#organization"},"potentialAction":[{"@type":"SearchAction","target":{"@type":"EntryPoint","urlTemplate":"https:\/\/www.facecorner.lv\/?s={search_term_string}"},"query-input":{"@type":"PropertyValueSpecification","valueRequired":true,"valueName":"search_term_string"}}],"inLanguage":"en-US"},{"@type":"Organization","@id":"https:\/\/www.facecorner.lv\/#organization","name":"Facecorner","url":"https:\/\/www.facecorner.lv\/","logo":{"@type":"ImageObject","inLanguage":"en-US","@id":"https:\/\/www.facecorner.lv\/#\/schema\/logo\/image\/","url":"https:\/\/www.facecorner.lv\/wp-content\/uploads\/2024\/04\/fc-logo.jpg","contentUrl":"https:\/\/www.facecorner.lv\/wp-content\/uploads\/2024\/04\/fc-logo.jpg","width":174,"height":28,"caption":"Facecorner"},"image":{"@id":"https:\/\/www.facecorner.lv\/#\/schema\/logo\/image\/"},"sameAs":["https:\/\/www.facebook.com\/profile.php?id=100063824551839","https:\/\/www.instagram.com\/facecorner_shop\/"]}]},"product_price_amount":"5.95","product_price_currency":"EUR","og_availability":"out of stock","product_availability":"out of stock","product_condition":"new"},"_links":{"self":[{"href":"https:\/\/www.facecorner.lv\/en\/wp-json\/wp\/v2\/product\/26978","targetHints":{"allow":["GET"]}}],"collection":[{"href":"https:\/\/www.facecorner.lv\/en\/wp-json\/wp\/v2\/product"}],"about":[{"href":"https:\/\/www.facecorner.lv\/en\/wp-json\/wp\/v2\/types\/product"}],"replies":[{"embeddable":true,"href":"https:\/\/www.facecorner.lv\/en\/wp-json\/wp\/v2\/comments?post=26978"}],"wp:featuredmedia":[{"embeddable":true,"href":"https:\/\/www.facecorner.lv\/en\/wp-json\/wp\/v2\/media\/26979"}],"wp:attachment":[{"href":"https:\/\/www.facecorner.lv\/en\/wp-json\/wp\/v2\/media?parent=26978"}],"wp:term":[{"taxonomy":"product_brand","embeddable":true,"href":"https:\/\/www.facecorner.lv\/en\/wp-json\/wp\/v2\/product_brand?post=26978"},{"taxonomy":"product_cat","embeddable":true,"href":"https:\/\/www.facecorner.lv\/en\/wp-json\/wp\/v2\/product_cat?post=26978"},{"taxonomy":"product_tag","embeddable":true,"href":"https:\/\/www.facecorner.lv\/en\/wp-json\/wp\/v2\/product_tag?post=26978"},{"taxonomy":"berocket_brand","embeddable":true,"href":"https:\/\/www.facecorner.lv\/en\/wp-json\/wp\/v2\/berocket_brand?post=26978"}],"curies":[{"name":"wp","href":"https:\/\/api.w.org\/{rel}","templated":true}]}}