{"id":26975,"date":"2026-02-19T13:30:13","date_gmt":"2026-02-19T10:30:13","guid":{"rendered":"https:\/\/www.facecorner.lv\/?post_type=product&#038;p=26975"},"modified":"2026-03-24T15:40:09","modified_gmt":"2026-03-24T12:40:09","slug":"rejuran-healer-triple-radiance-cream-intensivai-mitrinasanai-un-atjaunosanai-50ml","status":"publish","type":"product","link":"https:\/\/www.facecorner.lv\/en\/shop\/rejuran-healer-triple-radiance-cream-intensivai-mitrinasanai-un-atjaunosanai-50ml\/","title":{"rendered":"Rejuran Healer Triple Radiance Cream intens\u012bvai mitrin\u0101\u0161anai un atjauno\u0161anai 50ml"},"content":{"rendered":"<p>Rejuran Healer Triple Radiance Cream \u2014 augst\u0101k\u0101s kvalit\u0101tes Korejas izcelsmes kr\u0113ms \u0101das intens\u012bvam izgaismojumam, mitrin\u0101\u0161anai un atjauno\u0161anai.<\/p>\n<p>Satur patent\u0113tu c-PDRN kompleksu (0,2%), niac\u012bnam\u012bdu un antioksidantus, kas uzlabo \u0101das toni, izl\u012bdzina grumbi\u0146as, palielina elast\u012bbu un nostiprina aizsargbarjeru, nodro\u0161inot \u201ctr\u012bsk\u0101r\u0161u mirdzumu\u201d.<\/p>\n<ul class=\"KsbFXc U6u95\" data-complete=\"true\" data-processed=\"true\">\n<li data-hveid=\"CAUQAA\" data-complete=\"true\" data-sae=\"\"><span class=\"T286Pc\" data-sfc-cp=\"\" data-complete=\"true\">Mirdzums un to\u0146a izl\u012bdzin\u0101\u0161ana:\u00a0Kr\u0113ms satur 13% melan\u012bna kontrol\u0113jo\u0161\u0101s sast\u0101vda\u013cas un tr\u012bsk\u0101r\u0161u vitam\u012bnu siner\u0123iju (B3, B5, B12), kas pal\u012bdz samazin\u0101t pigment\u0101ciju, tum\u0161os plankumus un padara \u0101du gai\u0161\u0101ku un caursp\u012bd\u012bg\u0101ku.<\/span><\/li>\n<li data-hveid=\"CAUQAQ\" data-complete=\"true\" data-sae=\"\"><span class=\"T286Pc\" data-sfc-cp=\"\" data-complete=\"true\">\u0100das re\u0123ener\u0101cija:\u00a0Galven\u0101 akt\u012bv\u0101 sast\u0101vda\u013ca ir\u00a0DOT\u2122 c-PDRN\u00a0(koncentr\u0101cij\u0101 0,2%), kas ieg\u016bta no la\u0161a DNS. \u0160\u012b patent\u0113t\u0101 sast\u0101vda\u013ca stimul\u0113 \u0101das \u0161\u016bnu atjauno\u0161anos un kolag\u0113na sint\u0113zi, veicinot \u0101das re\u0123ener\u0101ciju un uzlabojot t\u0101s elast\u012bbu.<\/span><\/li>\n<li data-hveid=\"CAUQAg\" data-complete=\"true\" data-sae=\"\"><span class=\"T286Pc\" data-sfc-cp=\"\" data-complete=\"true\">Pretnoveco\u0161an\u0101s iedarb\u012bba:\u00a0Pateicoties t\u0101d\u0101m sast\u0101vda\u013c\u0101m k\u0101 adenoz\u012bns un pept\u012bdi, kr\u0113ms pal\u012bdz samazin\u0101t smalk\u0101s l\u012bnijas un grumbas, k\u0101 ar\u012b uzlabo \u0101das tvirtumu.<\/span><\/li>\n<li data-hveid=\"CAUQAw\" data-complete=\"true\" data-sae=\"\"><span class=\"T286Pc\" data-sfc-cp=\"\" data-complete=\"true\">Intens\u012bva mitrin\u0101\u0161ana:\u00a0Sast\u0101v\u0101 ir hialuronsk\u0101be, skval\u0101ns un \u0161\u012b sviests, kas nodro\u0161ina dzi\u013cu un ilgsto\u0161u mitrin\u0101\u0161anu, nov\u0113r\u0161ot sausumu un bl\u0101vumu.<\/span><\/li>\n<li data-hveid=\"CAUQBA\" data-complete=\"true\" data-sae=\"\"><span class=\"T286Pc\" data-sfc-cp=\"\" data-complete=\"true\" aria-owns=\"action-menu-parent-container\">Tekst\u016bra un lieto\u0161ana:\u00a0Kr\u0113mam ir maiga, kr\u0113m\u012bga tekst\u016bra ar vieglu, dabiski roz\u0101 nokr\u0101su (no B12 vitam\u012bna), kas \u0101tri ies\u016bcas \u0101d\u0101, neatst\u0101jot smagn\u0113ju vai lip\u012bgu saj\u016btu. Tas ir piem\u0113rots ikdienas lieto\u0161anai un ir pietiekami maigs pat jut\u012bgai \u0101dai.<\/span><\/li>\n<\/ul>\n<h6 class=\"otQkpb\" role=\"heading\" aria-level=\"3\" data-complete=\"true\" data-processed=\"true\">It is a total care mask that tightens the skin.<\/h6>\n<ul class=\"KsbFXc U6u95\" data-complete=\"true\" data-processed=\"true\">\n<li data-hveid=\"CAcQAA\" data-complete=\"true\" data-sae=\"\"><span class=\"T286Pc\" data-sfc-cp=\"\" data-complete=\"true\"><strong class=\"Yjhzub\" data-complete=\"true\">c-PDRN (0.2%):<\/strong>\u00a0Patent\u0113ts, mikroskopisks (1\/670 poru izm\u0113ra) polinukleot\u012bds \u0101das atjauno\u0161anai.<\/span><\/li>\n<li data-hveid=\"CAcQAQ\" data-complete=\"true\" data-sae=\"\"><span class=\"T286Pc\" data-sfc-cp=\"\" data-complete=\"true\"><strong class=\"Yjhzub\" data-complete=\"true\">Niacinam\u012bds (B3 vitam\u012bns):<\/strong>\u00a0Paz\u012bstams ar sav\u0101m \u0101das toni izgaismojo\u0161\u0101m un vienm\u0113r\u012bgumu veicino\u0161\u0101m \u012bpa\u0161\u012bb\u0101m.<\/span><\/li>\n<li data-hveid=\"CAcQAg\" data-complete=\"true\" data-sae=\"\"><span class=\"T286Pc\" data-sfc-cp=\"\" data-complete=\"true\"><strong class=\"Yjhzub\" data-complete=\"true\">Pantenols (B5 vitam\u012bns):<\/strong>\u00a0Nodro\u0161ina nomierino\u0161u un mitrino\u0161u efektu.<\/span><\/li>\n<li data-hveid=\"CAcQAw\" data-complete=\"true\" data-sae=\"\"><span class=\"T286Pc\" data-sfc-cp=\"\" data-complete=\"true\" aria-owns=\"action-menu-parent-container\"><strong class=\"Yjhzub\" data-complete=\"true\">Cianokobalam\u012bns (B12 vitam\u012bns):<\/strong>\u00a0Veicina \u0101das mirdzumu un c\u012bn\u0101s pret bl\u0101vumu (pie\u0161\u0137ir kr\u0113mam dabisko roz\u0101 kr\u0101su).<\/span><\/li>\n<\/ul>\n<p><strong>How to use:<\/strong> \u00a0Pa\u0146emiet\u00a0atbilsto\u0161u daudzumu\u00a0Rejuran Triple Radiance Cream. Maigi uzkl\u0101jiet to uz sejas un kakla, virzoties pa \u0101das tekst\u016bru.<\/p>\n<p><strong>Sast\u0101vs:<\/strong> Water, Helianthus Annuus (Sunflower) Seed Oil, Butylene Glycol, Niacinamide, Glyceryl Stearate SE, Butyrospermum Parkii (Shea) Butter, 1,2-Hexanediol, Squalane, Glycerin, Yeast Extract, Panthenol, Dimethicone, Xanthan Gum, Hydrolyzed DNA, Tocopheryl Acetate, Ammonium Acryloyldimethyltaurate\/VP Copolymer, Cucumis Sativus (Cucumber) Fruit Extract, Acrylates\/C10-30 Alkyl Acrylate Crosspolymer, Sodium Hyaluronate, Malus Domestica Fruit Extract, Chamomilla Recutita (Matricaria) Extract, Ethylhexylglycerin, Adenosine, Sodium Hydroxide, Cyanocobalamin, Fragrance, Pentapeptide-18, Palmitoyl Pentapeptide-4, Palmitoyl Tripeptide-5, Caprylyl Glycol, Acetyl Hexapeptide-8, Hydrogenated Lecithin, Pentylene Glycol, Ceramide NP, Oleic Acid, Inulin Lauryl Carbamate, Cholesterol<\/p>","protected":false},"excerpt":{"rendered":"<p>Rejuran Healer Triple Radiance Cream \u2014 augst\u0101k\u0101s kvalit\u0101tes Korejas izcelsmes kr\u0113ms \u0101das intens\u012bvam izgaismojumam, mitrin\u0101\u0161anai un atjauno\u0161anai.<\/p>","protected":false},"featured_media":26976,"comment_status":"open","ping_status":"closed","template":"","meta":{"site-sidebar-layout":"default","site-content-layout":"","ast-site-content-layout":"default","site-content-style":"default","site-sidebar-style":"default","ast-global-header-display":"","ast-banner-title-visibility":"","ast-main-header-display":"","ast-hfb-above-header-display":"","ast-hfb-below-header-display":"","ast-hfb-mobile-header-display":"","site-post-title":"","ast-breadcrumbs-content":"","ast-featured-img":"","footer-sml-layout":"","theme-transparent-header-meta":"default","adv-header-id-meta":"","stick-header-meta":"","header-above-stick-meta":"","header-main-stick-meta":"","header-below-stick-meta":"","astra-migrate-meta-layouts":"set","ast-page-background-enabled":"default","ast-page-background-meta":{"desktop":{"background-color":"var(--ast-global-color-4)","background-image":"","background-repeat":"repeat","background-position":"center center","background-size":"auto","background-attachment":"scroll","background-type":"","background-media":"","overlay-type":"","overlay-color":"","overlay-opacity":"","overlay-gradient":""},"tablet":{"background-color":"","background-image":"","background-repeat":"repeat","background-position":"center center","background-size":"auto","background-attachment":"scroll","background-type":"","background-media":"","overlay-type":"","overlay-color":"","overlay-opacity":"","overlay-gradient":""},"mobile":{"background-color":"","background-image":"","background-repeat":"repeat","background-position":"center center","background-size":"auto","background-attachment":"scroll","background-type":"","background-media":"","overlay-type":"","overlay-color":"","overlay-opacity":"","overlay-gradient":""}},"ast-content-background-meta":{"desktop":{"background-color":"var(--ast-global-color-5)","background-image":"","background-repeat":"repeat","background-position":"center center","background-size":"auto","background-attachment":"scroll","background-type":"","background-media":"","overlay-type":"","overlay-color":"","overlay-opacity":"","overlay-gradient":""},"tablet":{"background-color":"var(--ast-global-color-5)","background-image":"","background-repeat":"repeat","background-position":"center center","background-size":"auto","background-attachment":"scroll","background-type":"","background-media":"","overlay-type":"","overlay-color":"","overlay-opacity":"","overlay-gradient":""},"mobile":{"background-color":"var(--ast-global-color-5)","background-image":"","background-repeat":"repeat","background-position":"center center","background-size":"auto","background-attachment":"scroll","background-type":"","background-media":"","overlay-type":"","overlay-color":"","overlay-opacity":"","overlay-gradient":""}}},"product_brand":[],"product_cat":[652,368,362],"product_tag":[],"berocket_brand":[639],"class_list":{"0":"post-26975","1":"product","2":"type-product","3":"status-publish","4":"has-post-thumbnail","6":"product_cat-pdrn","7":"product_cat-pret-grumbam","8":"product_cat-sejas-krems","9":"berocket_brand-rejuran","10":"desktop-align-left","11":"tablet-align-left","12":"mobile-align-left","14":"first","15":"instock","16":"taxable","17":"shipping-taxable","18":"purchasable","19":"product-type-simple","20":"add-to-wishlist-before_image"},"yoast_head":"<!-- This site is optimized with the Yoast SEO plugin v27.3 - https:\/\/yoast.com\/product\/yoast-seo-wordpress\/ -->\n<title>Rejuran Healer Triple Radiance Cream intens\u012bvai mitrin\u0101\u0161anai un atjauno\u0161anai 50ml - FACECORNER<\/title>\n<meta name=\"description\" content=\"Rejuran Healer Triple Radiance Cream \u2014 augst\u0101k\u0101s kvalit\u0101tes Korejas izcelsmes kr\u0113ms \u0101das intens\u012bvam izgaismojumam, mitrin\u0101\u0161anai un atjauno\u0161anai.\" \/>\n<meta name=\"robots\" content=\"index, follow, max-snippet:-1, max-image-preview:large, max-video-preview:-1\" \/>\n<link rel=\"canonical\" href=\"https:\/\/www.facecorner.lv\/en\/shop\/rejuran-healer-triple-radiance-cream-intensivai-mitrinasanai-un-atjaunosanai-50ml\/\" \/>\n<meta property=\"og:locale\" content=\"en_US\" \/>\n<meta property=\"og:type\" content=\"article\" \/>\n<meta property=\"og:title\" content=\"Rejuran Healer Triple Radiance Cream intens\u012bvai mitrin\u0101\u0161anai un atjauno\u0161anai 50ml - FACECORNER\" \/>\n<meta property=\"og:description\" content=\"Rejuran Healer Triple Radiance Cream \u2014 augst\u0101k\u0101s kvalit\u0101tes Korejas izcelsmes kr\u0113ms \u0101das intens\u012bvam izgaismojumam, mitrin\u0101\u0161anai un atjauno\u0161anai.\" \/>\n<meta property=\"og:url\" content=\"https:\/\/www.facecorner.lv\/en\/shop\/rejuran-healer-triple-radiance-cream-intensivai-mitrinasanai-un-atjaunosanai-50ml\/\" \/>\n<meta property=\"og:site_name\" content=\"FACECORNER\" \/>\n<meta property=\"article:publisher\" content=\"https:\/\/www.facebook.com\/profile.php?id=100063824551839\" \/>\n<meta property=\"article:modified_time\" content=\"2026-03-24T12:40:09+00:00\" \/>\n<meta property=\"og:image\" content=\"https:\/\/www.facecorner.lv\/wp-content\/uploads\/2026\/02\/Rejuran_Healer_Triple_Radiance_Cream_50ml.webp\" \/>\n\t<meta property=\"og:image:width\" content=\"1000\" \/>\n\t<meta property=\"og:image:height\" content=\"1000\" \/>\n\t<meta property=\"og:image:type\" content=\"image\/webp\" \/>\n<meta name=\"twitter:card\" content=\"summary_large_image\" \/>\n<meta name=\"twitter:label1\" content=\"Price\" \/>\n\t<meta name=\"twitter:data1\" content=\"&euro;39.95\" \/>\n\t<meta name=\"twitter:label2\" content=\"Availability\" \/>\n\t<meta name=\"twitter:data2\" content=\"In stock\" \/>\n<script type=\"application\/ld+json\" class=\"yoast-schema-graph\">{\"@context\":\"https:\\\/\\\/schema.org\",\"@graph\":[{\"@type\":\"WebPage\",\"@id\":\"https:\\\/\\\/www.facecorner.lv\\\/shop\\\/rejuran-healer-triple-radiance-cream-intensivai-mitrinasanai-un-atjaunosanai-50ml\\\/\",\"url\":\"https:\\\/\\\/www.facecorner.lv\\\/shop\\\/rejuran-healer-triple-radiance-cream-intensivai-mitrinasanai-un-atjaunosanai-50ml\\\/\",\"name\":\"Rejuran Healer Triple Radiance Cream intens\u012bvai mitrin\u0101\u0161anai un atjauno\u0161anai 50ml - FACECORNER\",\"isPartOf\":{\"@id\":\"https:\\\/\\\/www.facecorner.lv\\\/#website\"},\"primaryImageOfPage\":{\"@id\":\"https:\\\/\\\/www.facecorner.lv\\\/shop\\\/rejuran-healer-triple-radiance-cream-intensivai-mitrinasanai-un-atjaunosanai-50ml\\\/#primaryimage\"},\"image\":{\"@id\":\"https:\\\/\\\/www.facecorner.lv\\\/shop\\\/rejuran-healer-triple-radiance-cream-intensivai-mitrinasanai-un-atjaunosanai-50ml\\\/#primaryimage\"},\"thumbnailUrl\":\"https:\\\/\\\/www.facecorner.lv\\\/wp-content\\\/uploads\\\/2026\\\/02\\\/Rejuran_Healer_Triple_Radiance_Cream_50ml.webp\",\"datePublished\":\"2026-02-19T10:30:13+00:00\",\"dateModified\":\"2026-03-24T12:40:09+00:00\",\"description\":\"Rejuran Healer Triple Radiance Cream \u2014 augst\u0101k\u0101s kvalit\u0101tes Korejas izcelsmes kr\u0113ms \u0101das intens\u012bvam izgaismojumam, mitrin\u0101\u0161anai un atjauno\u0161anai.\",\"breadcrumb\":{\"@id\":\"https:\\\/\\\/www.facecorner.lv\\\/shop\\\/rejuran-healer-triple-radiance-cream-intensivai-mitrinasanai-un-atjaunosanai-50ml\\\/#breadcrumb\"},\"inLanguage\":\"en-US\",\"potentialAction\":[{\"@type\":\"ReadAction\",\"target\":[\"https:\\\/\\\/www.facecorner.lv\\\/shop\\\/rejuran-healer-triple-radiance-cream-intensivai-mitrinasanai-un-atjaunosanai-50ml\\\/\"]}]},{\"@type\":\"ImageObject\",\"inLanguage\":\"en-US\",\"@id\":\"https:\\\/\\\/www.facecorner.lv\\\/shop\\\/rejuran-healer-triple-radiance-cream-intensivai-mitrinasanai-un-atjaunosanai-50ml\\\/#primaryimage\",\"url\":\"https:\\\/\\\/www.facecorner.lv\\\/wp-content\\\/uploads\\\/2026\\\/02\\\/Rejuran_Healer_Triple_Radiance_Cream_50ml.webp\",\"contentUrl\":\"https:\\\/\\\/www.facecorner.lv\\\/wp-content\\\/uploads\\\/2026\\\/02\\\/Rejuran_Healer_Triple_Radiance_Cream_50ml.webp\",\"width\":1000,\"height\":1000,\"caption\":\"Rejuran Healer Triple Radiance Cream\"},{\"@type\":\"BreadcrumbList\",\"@id\":\"https:\\\/\\\/www.facecorner.lv\\\/shop\\\/rejuran-healer-triple-radiance-cream-intensivai-mitrinasanai-un-atjaunosanai-50ml\\\/#breadcrumb\",\"itemListElement\":[{\"@type\":\"ListItem\",\"position\":1,\"name\":\"Home\",\"item\":\"https:\\\/\\\/www.facecorner.lv\\\/\"},{\"@type\":\"ListItem\",\"position\":2,\"name\":\"Veikals\",\"item\":\"https:\\\/\\\/www.facecorner.lv\\\/shop\\\/\"},{\"@type\":\"ListItem\",\"position\":3,\"name\":\"Rejuran Healer Triple Radiance Cream intens\u012bvai mitrin\u0101\u0161anai un atjauno\u0161anai 50ml\"}]},{\"@type\":\"WebSite\",\"@id\":\"https:\\\/\\\/www.facecorner.lv\\\/#website\",\"url\":\"https:\\\/\\\/www.facecorner.lv\\\/\",\"name\":\"Facecorner\",\"description\":\"\",\"publisher\":{\"@id\":\"https:\\\/\\\/www.facecorner.lv\\\/#organization\"},\"potentialAction\":[{\"@type\":\"SearchAction\",\"target\":{\"@type\":\"EntryPoint\",\"urlTemplate\":\"https:\\\/\\\/www.facecorner.lv\\\/?s={search_term_string}\"},\"query-input\":{\"@type\":\"PropertyValueSpecification\",\"valueRequired\":true,\"valueName\":\"search_term_string\"}}],\"inLanguage\":\"en-US\"},{\"@type\":\"Organization\",\"@id\":\"https:\\\/\\\/www.facecorner.lv\\\/#organization\",\"name\":\"Facecorner\",\"url\":\"https:\\\/\\\/www.facecorner.lv\\\/\",\"logo\":{\"@type\":\"ImageObject\",\"inLanguage\":\"en-US\",\"@id\":\"https:\\\/\\\/www.facecorner.lv\\\/#\\\/schema\\\/logo\\\/image\\\/\",\"url\":\"https:\\\/\\\/www.facecorner.lv\\\/wp-content\\\/uploads\\\/2024\\\/04\\\/fc-logo.jpg\",\"contentUrl\":\"https:\\\/\\\/www.facecorner.lv\\\/wp-content\\\/uploads\\\/2024\\\/04\\\/fc-logo.jpg\",\"width\":174,\"height\":28,\"caption\":\"Facecorner\"},\"image\":{\"@id\":\"https:\\\/\\\/www.facecorner.lv\\\/#\\\/schema\\\/logo\\\/image\\\/\"},\"sameAs\":[\"https:\\\/\\\/www.facebook.com\\\/profile.php?id=100063824551839\",\"https:\\\/\\\/www.instagram.com\\\/facecorner_shop\\\/\"]}]}<\/script>\n<meta property=\"product:price:amount\" content=\"39.95\" \/>\n<meta property=\"product:price:currency\" content=\"EUR\" \/>\n<meta property=\"og:availability\" content=\"instock\" \/>\n<meta property=\"product:availability\" content=\"instock\" \/>\n<meta property=\"product:condition\" content=\"new\" \/>\n<!-- \/ Yoast SEO plugin. -->","yoast_head_json":{"title":"Rejuran Healer Triple Radiance Cream intens\u012bvai mitrin\u0101\u0161anai un atjauno\u0161anai 50ml - FACECORNER","description":"Rejuran Healer Triple Radiance Cream \u2014 augst\u0101k\u0101s kvalit\u0101tes Korejas izcelsmes kr\u0113ms \u0101das intens\u012bvam izgaismojumam, mitrin\u0101\u0161anai un atjauno\u0161anai.","robots":{"index":"index","follow":"follow","max-snippet":"max-snippet:-1","max-image-preview":"max-image-preview:large","max-video-preview":"max-video-preview:-1"},"canonical":"https:\/\/www.facecorner.lv\/en\/shop\/rejuran-healer-triple-radiance-cream-intensivai-mitrinasanai-un-atjaunosanai-50ml\/","og_locale":"en_US","og_type":"article","og_title":"Rejuran Healer Triple Radiance Cream intens\u012bvai mitrin\u0101\u0161anai un atjauno\u0161anai 50ml - FACECORNER","og_description":"Rejuran Healer Triple Radiance Cream \u2014 augst\u0101k\u0101s kvalit\u0101tes Korejas izcelsmes kr\u0113ms \u0101das intens\u012bvam izgaismojumam, mitrin\u0101\u0161anai un atjauno\u0161anai.","og_url":"https:\/\/www.facecorner.lv\/en\/shop\/rejuran-healer-triple-radiance-cream-intensivai-mitrinasanai-un-atjaunosanai-50ml\/","og_site_name":"FACECORNER","article_publisher":"https:\/\/www.facebook.com\/profile.php?id=100063824551839","article_modified_time":"2026-03-24T12:40:09+00:00","og_image":[{"width":1000,"height":1000,"url":"https:\/\/www.facecorner.lv\/wp-content\/uploads\/2026\/02\/Rejuran_Healer_Triple_Radiance_Cream_50ml.webp","type":"image\/webp"}],"twitter_card":"summary_large_image","twitter_misc":{"Price":"&euro;39.95","Availability":"In stock"},"schema":{"@context":"https:\/\/schema.org","@graph":[{"@type":"WebPage","@id":"https:\/\/www.facecorner.lv\/shop\/rejuran-healer-triple-radiance-cream-intensivai-mitrinasanai-un-atjaunosanai-50ml\/","url":"https:\/\/www.facecorner.lv\/shop\/rejuran-healer-triple-radiance-cream-intensivai-mitrinasanai-un-atjaunosanai-50ml\/","name":"Rejuran Healer Triple Radiance Cream intens\u012bvai mitrin\u0101\u0161anai un atjauno\u0161anai 50ml - FACECORNER","isPartOf":{"@id":"https:\/\/www.facecorner.lv\/#website"},"primaryImageOfPage":{"@id":"https:\/\/www.facecorner.lv\/shop\/rejuran-healer-triple-radiance-cream-intensivai-mitrinasanai-un-atjaunosanai-50ml\/#primaryimage"},"image":{"@id":"https:\/\/www.facecorner.lv\/shop\/rejuran-healer-triple-radiance-cream-intensivai-mitrinasanai-un-atjaunosanai-50ml\/#primaryimage"},"thumbnailUrl":"https:\/\/www.facecorner.lv\/wp-content\/uploads\/2026\/02\/Rejuran_Healer_Triple_Radiance_Cream_50ml.webp","datePublished":"2026-02-19T10:30:13+00:00","dateModified":"2026-03-24T12:40:09+00:00","description":"Rejuran Healer Triple Radiance Cream \u2014 augst\u0101k\u0101s kvalit\u0101tes Korejas izcelsmes kr\u0113ms \u0101das intens\u012bvam izgaismojumam, mitrin\u0101\u0161anai un atjauno\u0161anai.","breadcrumb":{"@id":"https:\/\/www.facecorner.lv\/shop\/rejuran-healer-triple-radiance-cream-intensivai-mitrinasanai-un-atjaunosanai-50ml\/#breadcrumb"},"inLanguage":"en-US","potentialAction":[{"@type":"ReadAction","target":["https:\/\/www.facecorner.lv\/shop\/rejuran-healer-triple-radiance-cream-intensivai-mitrinasanai-un-atjaunosanai-50ml\/"]}]},{"@type":"ImageObject","inLanguage":"en-US","@id":"https:\/\/www.facecorner.lv\/shop\/rejuran-healer-triple-radiance-cream-intensivai-mitrinasanai-un-atjaunosanai-50ml\/#primaryimage","url":"https:\/\/www.facecorner.lv\/wp-content\/uploads\/2026\/02\/Rejuran_Healer_Triple_Radiance_Cream_50ml.webp","contentUrl":"https:\/\/www.facecorner.lv\/wp-content\/uploads\/2026\/02\/Rejuran_Healer_Triple_Radiance_Cream_50ml.webp","width":1000,"height":1000,"caption":"Rejuran Healer Triple Radiance Cream"},{"@type":"BreadcrumbList","@id":"https:\/\/www.facecorner.lv\/shop\/rejuran-healer-triple-radiance-cream-intensivai-mitrinasanai-un-atjaunosanai-50ml\/#breadcrumb","itemListElement":[{"@type":"ListItem","position":1,"name":"Home","item":"https:\/\/www.facecorner.lv\/"},{"@type":"ListItem","position":2,"name":"Veikals","item":"https:\/\/www.facecorner.lv\/shop\/"},{"@type":"ListItem","position":3,"name":"Rejuran Healer Triple Radiance Cream intens\u012bvai mitrin\u0101\u0161anai un atjauno\u0161anai 50ml"}]},{"@type":"WebSite","@id":"https:\/\/www.facecorner.lv\/#website","url":"https:\/\/www.facecorner.lv\/","name":"Facecorner","description":"","publisher":{"@id":"https:\/\/www.facecorner.lv\/#organization"},"potentialAction":[{"@type":"SearchAction","target":{"@type":"EntryPoint","urlTemplate":"https:\/\/www.facecorner.lv\/?s={search_term_string}"},"query-input":{"@type":"PropertyValueSpecification","valueRequired":true,"valueName":"search_term_string"}}],"inLanguage":"en-US"},{"@type":"Organization","@id":"https:\/\/www.facecorner.lv\/#organization","name":"Facecorner","url":"https:\/\/www.facecorner.lv\/","logo":{"@type":"ImageObject","inLanguage":"en-US","@id":"https:\/\/www.facecorner.lv\/#\/schema\/logo\/image\/","url":"https:\/\/www.facecorner.lv\/wp-content\/uploads\/2024\/04\/fc-logo.jpg","contentUrl":"https:\/\/www.facecorner.lv\/wp-content\/uploads\/2024\/04\/fc-logo.jpg","width":174,"height":28,"caption":"Facecorner"},"image":{"@id":"https:\/\/www.facecorner.lv\/#\/schema\/logo\/image\/"},"sameAs":["https:\/\/www.facebook.com\/profile.php?id=100063824551839","https:\/\/www.instagram.com\/facecorner_shop\/"]}]},"product_price_amount":"39.95","product_price_currency":"EUR","og_availability":"instock","product_availability":"instock","product_condition":"new"},"_links":{"self":[{"href":"https:\/\/www.facecorner.lv\/en\/wp-json\/wp\/v2\/product\/26975","targetHints":{"allow":["GET"]}}],"collection":[{"href":"https:\/\/www.facecorner.lv\/en\/wp-json\/wp\/v2\/product"}],"about":[{"href":"https:\/\/www.facecorner.lv\/en\/wp-json\/wp\/v2\/types\/product"}],"replies":[{"embeddable":true,"href":"https:\/\/www.facecorner.lv\/en\/wp-json\/wp\/v2\/comments?post=26975"}],"wp:featuredmedia":[{"embeddable":true,"href":"https:\/\/www.facecorner.lv\/en\/wp-json\/wp\/v2\/media\/26976"}],"wp:attachment":[{"href":"https:\/\/www.facecorner.lv\/en\/wp-json\/wp\/v2\/media?parent=26975"}],"wp:term":[{"taxonomy":"product_brand","embeddable":true,"href":"https:\/\/www.facecorner.lv\/en\/wp-json\/wp\/v2\/product_brand?post=26975"},{"taxonomy":"product_cat","embeddable":true,"href":"https:\/\/www.facecorner.lv\/en\/wp-json\/wp\/v2\/product_cat?post=26975"},{"taxonomy":"product_tag","embeddable":true,"href":"https:\/\/www.facecorner.lv\/en\/wp-json\/wp\/v2\/product_tag?post=26975"},{"taxonomy":"berocket_brand","embeddable":true,"href":"https:\/\/www.facecorner.lv\/en\/wp-json\/wp\/v2\/berocket_brand?post=26975"}],"curies":[{"name":"wp","href":"https:\/\/api.w.org\/{rel}","templated":true}]}}