{"id":26944,"date":"2026-02-17T11:02:12","date_gmt":"2026-02-17T08:02:12","guid":{"rendered":"https:\/\/www.facecorner.lv\/?post_type=product&#038;p=26944"},"modified":"2026-03-30T10:44:19","modified_gmt":"2026-03-30T07:44:19","slug":"rejuran-ampoule-infused-lifting-mask-intensiva-liftinga-maska-ar-ampulu-serumu","status":"publish","type":"product","link":"https:\/\/www.facecorner.lv\/en\/shop\/rejuran-ampoule-infused-lifting-mask-intensiva-liftinga-maska-ar-ampulu-serumu\/","title":{"rendered":"REJURAN Ampoule Infused Lifting Mask intens\u012bva liftinga maska ar ampulu serumu"},"content":{"rendered":"<p>REJURAN Ampoule Infused Lifting Mask ir augst\u0101k\u0101s kvalit\u0101tes auduma maska ar intens\u012bvi pies\u0101tin\u0101tu ampulu, kas izstr\u0101d\u0101ta, lai nodro\u0161in\u0101tu t\u016bl\u012bt\u0113ju liftinga efektu, dzi\u013cu atjauno\u0161anos un \u0101das mirdzumu.<\/p>\n<p>Izstr\u0101d\u0101ta, pamatojoties uz REJURAN z\u012bmola tehnolo\u0123iju, maska apvieno sp\u0113c\u012bgu atjaunojo\u0161u iedarb\u012bbu ar \u0113rtu kop\u0161anu m\u0101j\u0101s.<\/p>\n<h6>Galven\u0101s priek\u0161roc\u012bbas:<\/h6>\n<ul>\n<li>Izteikts liftinga efekts \u2014 \u0101da izskat\u0101s stingr\u0101ka un elast\u012bg\u0101ka jau p\u0113c pirm\u0101s lieto\u0161anas reizes.<\/li>\n<li>Dzi\u013ci mitrina \u2014 pies\u0101tina ar mitrumu un nov\u0113r\u0161 sausuma saj\u016btu.<\/li>\n<li>Atjauno un stiprina \u2014 atbalsta dabiskos re\u0123ener\u0101cijas procesus.<\/li>\n<li>Sp\u012bdums un izl\u012bdzin\u0101ts tonis \u2014 pie\u0161\u0137ir \u0101dai svaigu, vesel\u012bgu izskatu.<\/li>\n<li>Intens\u012bva baro\u0161ana \u2014 uzlabo \u0101das tekst\u016bru un maigumu.<\/li>\n<\/ul>\n<h6>How to use:\nAfter cleansing and toning, place the mask sheet on your face and let it rest for 30 minutes.<\/h6>\n<ol>\n<li>Not\u012briet \u0101du un uzkl\u0101jiet toniku.<\/li>\n<li>Iztaisnojiet masku un uzman\u012bgi uzkl\u0101jiet to uz sejas.<\/li>\n<li>Atst\u0101jiet uz 10\u201320 min\u016bt\u0113m.<\/li>\n<li>No\u0146emiet masku un maigi izl\u012bdziniet esences atlikumus pa \u0101du, l\u012bdz tie piln\u012bb\u0101 ies\u016bcas.<\/li>\n<li>Lai pan\u0101ktu pastiprin\u0101tu efektu, ieteicams lietot 1\u20132 reizes ned\u0113\u013c\u0101.<\/li>\n<\/ol>\n<p><strong>Sast\u0101vs:<\/strong> Purified Water, Glycerin, Dipropylene Glycol, Niacinamide, Irish Moss Powder, Carob Gum, Sweet Almond Extract, Sodium Hyaluronate, 1,2-Hexanediol, Sodium PCA, Hydroxyacetophenone, Gellan Gum, Trehalose, Allantoin, Betaine, <strong data-start=\"435\" data-end=\"453\">Hydrolyzed DNA<\/strong>, Panthenol, Potassium Chloride, Sodium Polyacrylate, Dextrin, Caprylyl Glycol, PEG-60 Hydrogenated Castor Oil, Adenosine, Ethylhexylglycerin, Silica, Urea, Serine, Pentylene Glycol, Glyceryl Polyacrylate, <strong data-start=\"659\" data-end=\"681\">Hydrolyzed Elastin<\/strong>, Tocopherol, Algin, Pullulan, Disodium Phosphate, Potassium Phosphate, Fragrance.<\/p>","protected":false},"excerpt":{"rendered":"<p>REJURAN Ampoule Infused Lifting Mask ir augst\u0101k\u0101s kvalit\u0101tes auduma maska ar intens\u012bvi pies\u0101tin\u0101tu ampulu, kas izstr\u0101d\u0101ta, lai nodro\u0161in\u0101tu t\u016bl\u012bt\u0113ju liftinga efektu, dzi\u013cu atjauno\u0161anos un \u0101das mirdzumu.<\/p>","protected":false},"featured_media":26946,"comment_status":"open","ping_status":"closed","template":"","meta":{"site-sidebar-layout":"default","site-content-layout":"","ast-site-content-layout":"default","site-content-style":"default","site-sidebar-style":"default","ast-global-header-display":"","ast-banner-title-visibility":"","ast-main-header-display":"","ast-hfb-above-header-display":"","ast-hfb-below-header-display":"","ast-hfb-mobile-header-display":"","site-post-title":"","ast-breadcrumbs-content":"","ast-featured-img":"","footer-sml-layout":"","theme-transparent-header-meta":"default","adv-header-id-meta":"","stick-header-meta":"","header-above-stick-meta":"","header-main-stick-meta":"","header-below-stick-meta":"","astra-migrate-meta-layouts":"set","ast-page-background-enabled":"default","ast-page-background-meta":{"desktop":{"background-color":"var(--ast-global-color-4)","background-image":"","background-repeat":"repeat","background-position":"center center","background-size":"auto","background-attachment":"scroll","background-type":"","background-media":"","overlay-type":"","overlay-color":"","overlay-opacity":"","overlay-gradient":""},"tablet":{"background-color":"","background-image":"","background-repeat":"repeat","background-position":"center center","background-size":"auto","background-attachment":"scroll","background-type":"","background-media":"","overlay-type":"","overlay-color":"","overlay-opacity":"","overlay-gradient":""},"mobile":{"background-color":"","background-image":"","background-repeat":"repeat","background-position":"center center","background-size":"auto","background-attachment":"scroll","background-type":"","background-media":"","overlay-type":"","overlay-color":"","overlay-opacity":"","overlay-gradient":""}},"ast-content-background-meta":{"desktop":{"background-color":"var(--ast-global-color-5)","background-image":"","background-repeat":"repeat","background-position":"center center","background-size":"auto","background-attachment":"scroll","background-type":"","background-media":"","overlay-type":"","overlay-color":"","overlay-opacity":"","overlay-gradient":""},"tablet":{"background-color":"var(--ast-global-color-5)","background-image":"","background-repeat":"repeat","background-position":"center center","background-size":"auto","background-attachment":"scroll","background-type":"","background-media":"","overlay-type":"","overlay-color":"","overlay-opacity":"","overlay-gradient":""},"mobile":{"background-color":"var(--ast-global-color-5)","background-image":"","background-repeat":"repeat","background-position":"center center","background-size":"auto","background-attachment":"scroll","background-type":"","background-media":"","overlay-type":"","overlay-color":"","overlay-opacity":"","overlay-gradient":""}}},"product_brand":[],"product_cat":[325,315,652],"product_tag":[],"berocket_brand":[639],"class_list":{"0":"post-26944","1":"product","2":"type-product","3":"status-publish","4":"has-post-thumbnail","6":"product_cat-hidrogela","7":"product_cat-maskas","8":"product_cat-pdrn","9":"berocket_brand-rejuran","10":"desktop-align-left","11":"tablet-align-left","12":"mobile-align-left","14":"first","15":"outofstock","16":"taxable","17":"shipping-taxable","18":"purchasable","19":"product-type-simple","20":"add-to-wishlist-before_image"},"yoast_head":"<!-- This site is optimized with the Yoast SEO plugin v27.3 - https:\/\/yoast.com\/product\/yoast-seo-wordpress\/ -->\n<title>REJURAN Ampoule Infused Lifting Mask intens\u012bva liftinga maska ar ampulu serumu - FACECORNER<\/title>\n<meta name=\"description\" content=\"REJURAN Ampoule Infused Lifting Mask ir augst\u0101k\u0101s kvalit\u0101tes auduma maska ar intens\u012bvi pies\u0101tin\u0101tu ampulu, kas izstr\u0101d\u0101ta, lai nodro\u0161in\u0101tu t\u016bl\u012bt\u0113ju liftinga efektu, dzi\u013cu atjauno\u0161anos un \u0101das mirdzumu.\" \/>\n<meta name=\"robots\" content=\"index, follow, max-snippet:-1, max-image-preview:large, max-video-preview:-1\" \/>\n<link rel=\"canonical\" href=\"https:\/\/www.facecorner.lv\/en\/shop\/rejuran-ampoule-infused-lifting-mask-intensiva-liftinga-maska-ar-ampulu-serumu\/\" \/>\n<meta property=\"og:locale\" content=\"en_US\" \/>\n<meta property=\"og:type\" content=\"article\" \/>\n<meta property=\"og:title\" content=\"REJURAN Ampoule Infused Lifting Mask intens\u012bva liftinga maska ar ampulu serumu - FACECORNER\" \/>\n<meta property=\"og:description\" content=\"REJURAN Ampoule Infused Lifting Mask ir augst\u0101k\u0101s kvalit\u0101tes auduma maska ar intens\u012bvi pies\u0101tin\u0101tu ampulu, kas izstr\u0101d\u0101ta, lai nodro\u0161in\u0101tu t\u016bl\u012bt\u0113ju liftinga efektu, dzi\u013cu atjauno\u0161anos un \u0101das mirdzumu.\" \/>\n<meta property=\"og:url\" content=\"https:\/\/www.facecorner.lv\/en\/shop\/rejuran-ampoule-infused-lifting-mask-intensiva-liftinga-maska-ar-ampulu-serumu\/\" \/>\n<meta property=\"og:site_name\" content=\"FACECORNER\" \/>\n<meta property=\"article:publisher\" content=\"https:\/\/www.facebook.com\/profile.php?id=100063824551839\" \/>\n<meta property=\"article:modified_time\" content=\"2026-03-30T07:44:19+00:00\" \/>\n<meta property=\"og:image\" content=\"https:\/\/www.facecorner.lv\/wp-content\/uploads\/2026\/02\/NewProject_72_2d629663-2613-477b-9eae-cd2c8b7aca75_720x.webp\" \/>\n\t<meta property=\"og:image:width\" content=\"720\" \/>\n\t<meta property=\"og:image:height\" content=\"720\" \/>\n\t<meta property=\"og:image:type\" content=\"image\/webp\" \/>\n<meta name=\"twitter:card\" content=\"summary_large_image\" \/>\n<meta name=\"twitter:label1\" content=\"Price\" \/>\n\t<meta name=\"twitter:data1\" content=\"&euro;11.95\" \/>\n\t<meta name=\"twitter:label2\" content=\"Availability\" \/>\n\t<meta name=\"twitter:data2\" content=\"Out of stock\" \/>\n<script type=\"application\/ld+json\" class=\"yoast-schema-graph\">{\"@context\":\"https:\\\/\\\/schema.org\",\"@graph\":[{\"@type\":\"WebPage\",\"@id\":\"https:\\\/\\\/www.facecorner.lv\\\/shop\\\/rejuran-ampoule-infused-lifting-mask-intensiva-liftinga-maska-ar-ampulu-serumu\\\/\",\"url\":\"https:\\\/\\\/www.facecorner.lv\\\/shop\\\/rejuran-ampoule-infused-lifting-mask-intensiva-liftinga-maska-ar-ampulu-serumu\\\/\",\"name\":\"REJURAN Ampoule Infused Lifting Mask intens\u012bva liftinga maska ar ampulu serumu - FACECORNER\",\"isPartOf\":{\"@id\":\"https:\\\/\\\/www.facecorner.lv\\\/#website\"},\"primaryImageOfPage\":{\"@id\":\"https:\\\/\\\/www.facecorner.lv\\\/shop\\\/rejuran-ampoule-infused-lifting-mask-intensiva-liftinga-maska-ar-ampulu-serumu\\\/#primaryimage\"},\"image\":{\"@id\":\"https:\\\/\\\/www.facecorner.lv\\\/shop\\\/rejuran-ampoule-infused-lifting-mask-intensiva-liftinga-maska-ar-ampulu-serumu\\\/#primaryimage\"},\"thumbnailUrl\":\"https:\\\/\\\/www.facecorner.lv\\\/wp-content\\\/uploads\\\/2026\\\/02\\\/NewProject_72_2d629663-2613-477b-9eae-cd2c8b7aca75_720x.webp\",\"datePublished\":\"2026-02-17T08:02:12+00:00\",\"dateModified\":\"2026-03-30T07:44:19+00:00\",\"description\":\"REJURAN Ampoule Infused Lifting Mask ir augst\u0101k\u0101s kvalit\u0101tes auduma maska ar intens\u012bvi pies\u0101tin\u0101tu ampulu, kas izstr\u0101d\u0101ta, lai nodro\u0161in\u0101tu t\u016bl\u012bt\u0113ju liftinga efektu, dzi\u013cu atjauno\u0161anos un \u0101das mirdzumu.\",\"breadcrumb\":{\"@id\":\"https:\\\/\\\/www.facecorner.lv\\\/shop\\\/rejuran-ampoule-infused-lifting-mask-intensiva-liftinga-maska-ar-ampulu-serumu\\\/#breadcrumb\"},\"inLanguage\":\"en-US\",\"potentialAction\":[{\"@type\":\"ReadAction\",\"target\":[\"https:\\\/\\\/www.facecorner.lv\\\/shop\\\/rejuran-ampoule-infused-lifting-mask-intensiva-liftinga-maska-ar-ampulu-serumu\\\/\"]}]},{\"@type\":\"ImageObject\",\"inLanguage\":\"en-US\",\"@id\":\"https:\\\/\\\/www.facecorner.lv\\\/shop\\\/rejuran-ampoule-infused-lifting-mask-intensiva-liftinga-maska-ar-ampulu-serumu\\\/#primaryimage\",\"url\":\"https:\\\/\\\/www.facecorner.lv\\\/wp-content\\\/uploads\\\/2026\\\/02\\\/NewProject_72_2d629663-2613-477b-9eae-cd2c8b7aca75_720x.webp\",\"contentUrl\":\"https:\\\/\\\/www.facecorner.lv\\\/wp-content\\\/uploads\\\/2026\\\/02\\\/NewProject_72_2d629663-2613-477b-9eae-cd2c8b7aca75_720x.webp\",\"width\":720,\"height\":720},{\"@type\":\"BreadcrumbList\",\"@id\":\"https:\\\/\\\/www.facecorner.lv\\\/shop\\\/rejuran-ampoule-infused-lifting-mask-intensiva-liftinga-maska-ar-ampulu-serumu\\\/#breadcrumb\",\"itemListElement\":[{\"@type\":\"ListItem\",\"position\":1,\"name\":\"Home\",\"item\":\"https:\\\/\\\/www.facecorner.lv\\\/\"},{\"@type\":\"ListItem\",\"position\":2,\"name\":\"Veikals\",\"item\":\"https:\\\/\\\/www.facecorner.lv\\\/shop\\\/\"},{\"@type\":\"ListItem\",\"position\":3,\"name\":\"REJURAN Ampoule Infused Lifting Mask intens\u012bva liftinga maska ar ampulu serumu\"}]},{\"@type\":\"WebSite\",\"@id\":\"https:\\\/\\\/www.facecorner.lv\\\/#website\",\"url\":\"https:\\\/\\\/www.facecorner.lv\\\/\",\"name\":\"Facecorner\",\"description\":\"\",\"publisher\":{\"@id\":\"https:\\\/\\\/www.facecorner.lv\\\/#organization\"},\"potentialAction\":[{\"@type\":\"SearchAction\",\"target\":{\"@type\":\"EntryPoint\",\"urlTemplate\":\"https:\\\/\\\/www.facecorner.lv\\\/?s={search_term_string}\"},\"query-input\":{\"@type\":\"PropertyValueSpecification\",\"valueRequired\":true,\"valueName\":\"search_term_string\"}}],\"inLanguage\":\"en-US\"},{\"@type\":\"Organization\",\"@id\":\"https:\\\/\\\/www.facecorner.lv\\\/#organization\",\"name\":\"Facecorner\",\"url\":\"https:\\\/\\\/www.facecorner.lv\\\/\",\"logo\":{\"@type\":\"ImageObject\",\"inLanguage\":\"en-US\",\"@id\":\"https:\\\/\\\/www.facecorner.lv\\\/#\\\/schema\\\/logo\\\/image\\\/\",\"url\":\"https:\\\/\\\/www.facecorner.lv\\\/wp-content\\\/uploads\\\/2024\\\/04\\\/fc-logo.jpg\",\"contentUrl\":\"https:\\\/\\\/www.facecorner.lv\\\/wp-content\\\/uploads\\\/2024\\\/04\\\/fc-logo.jpg\",\"width\":174,\"height\":28,\"caption\":\"Facecorner\"},\"image\":{\"@id\":\"https:\\\/\\\/www.facecorner.lv\\\/#\\\/schema\\\/logo\\\/image\\\/\"},\"sameAs\":[\"https:\\\/\\\/www.facebook.com\\\/profile.php?id=100063824551839\",\"https:\\\/\\\/www.instagram.com\\\/facecorner_shop\\\/\"]}]}<\/script>\n<meta property=\"product:price:amount\" content=\"11.95\" \/>\n<meta property=\"product:price:currency\" content=\"EUR\" \/>\n<meta property=\"og:availability\" content=\"out of stock\" \/>\n<meta property=\"product:availability\" content=\"out of stock\" \/>\n<meta property=\"product:condition\" content=\"new\" \/>\n<!-- \/ Yoast SEO plugin. -->","yoast_head_json":{"title":"REJURAN Ampoule Infused Lifting Mask intens\u012bva liftinga maska ar ampulu serumu - FACECORNER","description":"REJURAN Ampoule Infused Lifting Mask ir augst\u0101k\u0101s kvalit\u0101tes auduma maska ar intens\u012bvi pies\u0101tin\u0101tu ampulu, kas izstr\u0101d\u0101ta, lai nodro\u0161in\u0101tu t\u016bl\u012bt\u0113ju liftinga efektu, dzi\u013cu atjauno\u0161anos un \u0101das mirdzumu.","robots":{"index":"index","follow":"follow","max-snippet":"max-snippet:-1","max-image-preview":"max-image-preview:large","max-video-preview":"max-video-preview:-1"},"canonical":"https:\/\/www.facecorner.lv\/en\/shop\/rejuran-ampoule-infused-lifting-mask-intensiva-liftinga-maska-ar-ampulu-serumu\/","og_locale":"en_US","og_type":"article","og_title":"REJURAN Ampoule Infused Lifting Mask intens\u012bva liftinga maska ar ampulu serumu - FACECORNER","og_description":"REJURAN Ampoule Infused Lifting Mask ir augst\u0101k\u0101s kvalit\u0101tes auduma maska ar intens\u012bvi pies\u0101tin\u0101tu ampulu, kas izstr\u0101d\u0101ta, lai nodro\u0161in\u0101tu t\u016bl\u012bt\u0113ju liftinga efektu, dzi\u013cu atjauno\u0161anos un \u0101das mirdzumu.","og_url":"https:\/\/www.facecorner.lv\/en\/shop\/rejuran-ampoule-infused-lifting-mask-intensiva-liftinga-maska-ar-ampulu-serumu\/","og_site_name":"FACECORNER","article_publisher":"https:\/\/www.facebook.com\/profile.php?id=100063824551839","article_modified_time":"2026-03-30T07:44:19+00:00","og_image":[{"width":720,"height":720,"url":"https:\/\/www.facecorner.lv\/wp-content\/uploads\/2026\/02\/NewProject_72_2d629663-2613-477b-9eae-cd2c8b7aca75_720x.webp","type":"image\/webp"}],"twitter_card":"summary_large_image","twitter_misc":{"Price":"&euro;11.95","Availability":"Out of stock"},"schema":{"@context":"https:\/\/schema.org","@graph":[{"@type":"WebPage","@id":"https:\/\/www.facecorner.lv\/shop\/rejuran-ampoule-infused-lifting-mask-intensiva-liftinga-maska-ar-ampulu-serumu\/","url":"https:\/\/www.facecorner.lv\/shop\/rejuran-ampoule-infused-lifting-mask-intensiva-liftinga-maska-ar-ampulu-serumu\/","name":"REJURAN Ampoule Infused Lifting Mask intens\u012bva liftinga maska ar ampulu serumu - FACECORNER","isPartOf":{"@id":"https:\/\/www.facecorner.lv\/#website"},"primaryImageOfPage":{"@id":"https:\/\/www.facecorner.lv\/shop\/rejuran-ampoule-infused-lifting-mask-intensiva-liftinga-maska-ar-ampulu-serumu\/#primaryimage"},"image":{"@id":"https:\/\/www.facecorner.lv\/shop\/rejuran-ampoule-infused-lifting-mask-intensiva-liftinga-maska-ar-ampulu-serumu\/#primaryimage"},"thumbnailUrl":"https:\/\/www.facecorner.lv\/wp-content\/uploads\/2026\/02\/NewProject_72_2d629663-2613-477b-9eae-cd2c8b7aca75_720x.webp","datePublished":"2026-02-17T08:02:12+00:00","dateModified":"2026-03-30T07:44:19+00:00","description":"REJURAN Ampoule Infused Lifting Mask ir augst\u0101k\u0101s kvalit\u0101tes auduma maska ar intens\u012bvi pies\u0101tin\u0101tu ampulu, kas izstr\u0101d\u0101ta, lai nodro\u0161in\u0101tu t\u016bl\u012bt\u0113ju liftinga efektu, dzi\u013cu atjauno\u0161anos un \u0101das mirdzumu.","breadcrumb":{"@id":"https:\/\/www.facecorner.lv\/shop\/rejuran-ampoule-infused-lifting-mask-intensiva-liftinga-maska-ar-ampulu-serumu\/#breadcrumb"},"inLanguage":"en-US","potentialAction":[{"@type":"ReadAction","target":["https:\/\/www.facecorner.lv\/shop\/rejuran-ampoule-infused-lifting-mask-intensiva-liftinga-maska-ar-ampulu-serumu\/"]}]},{"@type":"ImageObject","inLanguage":"en-US","@id":"https:\/\/www.facecorner.lv\/shop\/rejuran-ampoule-infused-lifting-mask-intensiva-liftinga-maska-ar-ampulu-serumu\/#primaryimage","url":"https:\/\/www.facecorner.lv\/wp-content\/uploads\/2026\/02\/NewProject_72_2d629663-2613-477b-9eae-cd2c8b7aca75_720x.webp","contentUrl":"https:\/\/www.facecorner.lv\/wp-content\/uploads\/2026\/02\/NewProject_72_2d629663-2613-477b-9eae-cd2c8b7aca75_720x.webp","width":720,"height":720},{"@type":"BreadcrumbList","@id":"https:\/\/www.facecorner.lv\/shop\/rejuran-ampoule-infused-lifting-mask-intensiva-liftinga-maska-ar-ampulu-serumu\/#breadcrumb","itemListElement":[{"@type":"ListItem","position":1,"name":"Home","item":"https:\/\/www.facecorner.lv\/"},{"@type":"ListItem","position":2,"name":"Veikals","item":"https:\/\/www.facecorner.lv\/shop\/"},{"@type":"ListItem","position":3,"name":"REJURAN Ampoule Infused Lifting Mask intens\u012bva liftinga maska ar ampulu serumu"}]},{"@type":"WebSite","@id":"https:\/\/www.facecorner.lv\/#website","url":"https:\/\/www.facecorner.lv\/","name":"Facecorner","description":"","publisher":{"@id":"https:\/\/www.facecorner.lv\/#organization"},"potentialAction":[{"@type":"SearchAction","target":{"@type":"EntryPoint","urlTemplate":"https:\/\/www.facecorner.lv\/?s={search_term_string}"},"query-input":{"@type":"PropertyValueSpecification","valueRequired":true,"valueName":"search_term_string"}}],"inLanguage":"en-US"},{"@type":"Organization","@id":"https:\/\/www.facecorner.lv\/#organization","name":"Facecorner","url":"https:\/\/www.facecorner.lv\/","logo":{"@type":"ImageObject","inLanguage":"en-US","@id":"https:\/\/www.facecorner.lv\/#\/schema\/logo\/image\/","url":"https:\/\/www.facecorner.lv\/wp-content\/uploads\/2024\/04\/fc-logo.jpg","contentUrl":"https:\/\/www.facecorner.lv\/wp-content\/uploads\/2024\/04\/fc-logo.jpg","width":174,"height":28,"caption":"Facecorner"},"image":{"@id":"https:\/\/www.facecorner.lv\/#\/schema\/logo\/image\/"},"sameAs":["https:\/\/www.facebook.com\/profile.php?id=100063824551839","https:\/\/www.instagram.com\/facecorner_shop\/"]}]},"product_price_amount":"11.95","product_price_currency":"EUR","og_availability":"out of stock","product_availability":"out of stock","product_condition":"new"},"_links":{"self":[{"href":"https:\/\/www.facecorner.lv\/en\/wp-json\/wp\/v2\/product\/26944","targetHints":{"allow":["GET"]}}],"collection":[{"href":"https:\/\/www.facecorner.lv\/en\/wp-json\/wp\/v2\/product"}],"about":[{"href":"https:\/\/www.facecorner.lv\/en\/wp-json\/wp\/v2\/types\/product"}],"replies":[{"embeddable":true,"href":"https:\/\/www.facecorner.lv\/en\/wp-json\/wp\/v2\/comments?post=26944"}],"wp:featuredmedia":[{"embeddable":true,"href":"https:\/\/www.facecorner.lv\/en\/wp-json\/wp\/v2\/media\/26946"}],"wp:attachment":[{"href":"https:\/\/www.facecorner.lv\/en\/wp-json\/wp\/v2\/media?parent=26944"}],"wp:term":[{"taxonomy":"product_brand","embeddable":true,"href":"https:\/\/www.facecorner.lv\/en\/wp-json\/wp\/v2\/product_brand?post=26944"},{"taxonomy":"product_cat","embeddable":true,"href":"https:\/\/www.facecorner.lv\/en\/wp-json\/wp\/v2\/product_cat?post=26944"},{"taxonomy":"product_tag","embeddable":true,"href":"https:\/\/www.facecorner.lv\/en\/wp-json\/wp\/v2\/product_tag?post=26944"},{"taxonomy":"berocket_brand","embeddable":true,"href":"https:\/\/www.facecorner.lv\/en\/wp-json\/wp\/v2\/berocket_brand?post=26944"}],"curies":[{"name":"wp","href":"https:\/\/api.w.org\/{rel}","templated":true}]}}