{"id":26913,"date":"2026-02-13T14:41:07","date_gmt":"2026-02-13T11:41:07","guid":{"rendered":"https:\/\/www.facecorner.lv\/?post_type=product&#038;p=26913"},"modified":"2026-02-13T14:44:19","modified_gmt":"2026-02-13T11:44:19","slug":"mediheal-i-p-i-derma-ampoule-mask-izgaismojosa-ampulu-auduma-maska","status":"publish","type":"product","link":"https:\/\/www.facecorner.lv\/en\/shop\/mediheal-i-p-i-derma-ampoule-mask-izgaismojosa-ampulu-auduma-maska\/","title":{"rendered":"MEDIHEAL I.P.I Derma Ampoule Mask izgaismojo\u0161a ampulu auduma maska"},"content":{"rendered":"<p>MEDIHEAL I.P.I Derma Ampoule Mask ir izgaismojo\u0161a ampulu auduma maska, kas izstr\u0101d\u0101ta, lai c\u012bn\u012btos pret pigment\u0101ciju, bl\u0101vumu un nevienm\u0113r\u012bgu \u0101das toni.<\/p>\n<p>Maska satur Hydrodeeper\u2122 kompleksu (aminosk\u0101bes un miner\u0101lvielas) intens\u012bvam mitrin\u0101\u0161anai un C vitam\u012bnu (atvasin\u0101jumi) mirdzumam, padarot \u0101du svaig\u0101ku, vienm\u0113r\u012bg\u0101ku un elast\u012bg\u0101ku.<\/p>\n<h6>Galven\u0101s \u012bpa\u0161\u012bbas un iedarb\u012bba:<\/h6>\n<h6><\/h6>\n<ul>\n<li>Izgaismo\u0161ana un mirdzums: Akt\u012bvi izgaismo pigmentu plankumus, p\u0113capnikas p\u0113das un nov\u0113r\u0161 sejas bl\u0101vo kr\u0101su, izl\u012bdzinot toni.<\/li>\n<li>Intens\u012bva mitrin\u0101\u0161ana: Formula ar ampulu serumu dzi\u013ci mitrina, nov\u0113r\u0161ot sausumu.<\/li>\n<li>\u0100das stiprin\u0101\u0161ana: Hydrodeeper\u2122 komplekss (aminosk\u0101bes un miner\u0101lvielas) baro, atjauno barjeru un nodro\u0161ina maigu liftinga efektu.<\/li>\n<\/ul>\n<p><strong>How to use:\nAfter cleansing and toning, place the mask sheet on your face and let it rest for 30 minutes.<\/strong> Uzkl\u0101jiet masku uz att\u012br\u012btas un toniz\u0113tas sejas \u0101das, atst\u0101jiet uz 10\u201320 min\u016bt\u0113m. No\u0146emiet masku un ar viegliem piesk\u0101rieniem iemas\u0113jiet atliku\u0161o esenci, l\u012bdz t\u0101 piln\u012bb\u0101 ies\u016bcas.<\/p>\n<p><strong>Sast\u0101vs<\/strong>: Water, Butylene Glycol, Propanediol, Niacinamide, Glycerin, 1,2-Hexanediol, Carbomer, Tromethamine, Betaine, Trehalose, Panthenol, Polyglyceryl-10 Laurate, Salix Alba (Willow) Bark Extract, Allantoin, Adenosine, Chamaecyparis Obtusa Leaf Extract, Disodium EDTA, Gluconic Acid, Sodium Ascorbyl Phosphate, Mandelic Acid, CapryLoyl Salicylic Acid, Lactobionic Acid, Glycine, Glutamic Acid, Sodium Hyaluronate Crosspolymer, Aspartic Acid, Tranexamic Acid, Sodium Polyacrylate, Sodium Chloride, Sodium Hyaluronate, Glutathione, Serine, Histidine, Arginine, Alanine, Threonine, Proline, Acrylates\/C10-30 Alkyl Acrylate Crosspolymer, Magnesium Chloride, Fullerenes, Calcium Chloride, Fragrance<\/p>","protected":false},"excerpt":{"rendered":"<p>MEDIHEAL I.P.I Derma Ampoule Mask ir izgaismojo\u0161a ampulu auduma maska, kas izstr\u0101d\u0101ta, lai c\u012bn\u012btos pret pigment\u0101ciju, bl\u0101vumu un nevienm\u0113r\u012bgu \u0101das toni.<\/p>","protected":false},"featured_media":26914,"comment_status":"open","ping_status":"closed","template":"","meta":{"site-sidebar-layout":"default","site-content-layout":"","ast-site-content-layout":"default","site-content-style":"default","site-sidebar-style":"default","ast-global-header-display":"","ast-banner-title-visibility":"","ast-main-header-display":"","ast-hfb-above-header-display":"","ast-hfb-below-header-display":"","ast-hfb-mobile-header-display":"","site-post-title":"","ast-breadcrumbs-content":"","ast-featured-img":"","footer-sml-layout":"","theme-transparent-header-meta":"default","adv-header-id-meta":"","stick-header-meta":"","header-above-stick-meta":"","header-main-stick-meta":"","header-below-stick-meta":"","astra-migrate-meta-layouts":"set","ast-page-background-enabled":"default","ast-page-background-meta":{"desktop":{"background-color":"var(--ast-global-color-4)","background-image":"","background-repeat":"repeat","background-position":"center center","background-size":"auto","background-attachment":"scroll","background-type":"","background-media":"","overlay-type":"","overlay-color":"","overlay-opacity":"","overlay-gradient":""},"tablet":{"background-color":"","background-image":"","background-repeat":"repeat","background-position":"center center","background-size":"auto","background-attachment":"scroll","background-type":"","background-media":"","overlay-type":"","overlay-color":"","overlay-opacity":"","overlay-gradient":""},"mobile":{"background-color":"","background-image":"","background-repeat":"repeat","background-position":"center center","background-size":"auto","background-attachment":"scroll","background-type":"","background-media":"","overlay-type":"","overlay-color":"","overlay-opacity":"","overlay-gradient":""}},"ast-content-background-meta":{"desktop":{"background-color":"var(--ast-global-color-5)","background-image":"","background-repeat":"repeat","background-position":"center center","background-size":"auto","background-attachment":"scroll","background-type":"","background-media":"","overlay-type":"","overlay-color":"","overlay-opacity":"","overlay-gradient":""},"tablet":{"background-color":"var(--ast-global-color-5)","background-image":"","background-repeat":"repeat","background-position":"center center","background-size":"auto","background-attachment":"scroll","background-type":"","background-media":"","overlay-type":"","overlay-color":"","overlay-opacity":"","overlay-gradient":""},"mobile":{"background-color":"var(--ast-global-color-5)","background-image":"","background-repeat":"repeat","background-position":"center center","background-size":"auto","background-attachment":"scroll","background-type":"","background-media":"","overlay-type":"","overlay-color":"","overlay-opacity":"","overlay-gradient":""}}},"product_brand":[],"product_cat":[324,315],"product_tag":[],"berocket_brand":[681],"class_list":{"0":"post-26913","1":"product","2":"type-product","3":"status-publish","4":"has-post-thumbnail","6":"product_cat-auduma","7":"product_cat-maskas","8":"berocket_brand-mediheal","9":"desktop-align-left","10":"tablet-align-left","11":"mobile-align-left","13":"first","14":"instock","15":"taxable","16":"shipping-taxable","17":"purchasable","18":"product-type-simple","19":"add-to-wishlist-before_image"},"yoast_head":"<!-- This site is optimized with the Yoast SEO plugin v27.3 - https:\/\/yoast.com\/product\/yoast-seo-wordpress\/ -->\n<title>MEDIHEAL I.P.I Derma Ampoule Mask izgaismojo\u0161a ampulu auduma maska - FACECORNER<\/title>\n<meta name=\"description\" content=\"MEDIHEAL I.P.I Derma Ampoule Mask ir izgaismojo\u0161a ampulu auduma maska, kas izstr\u0101d\u0101ta, lai c\u012bn\u012btos pret pigment\u0101ciju, bl\u0101vumu un nevienm\u0113r\u012bgu \u0101das toni.\" \/>\n<meta name=\"robots\" content=\"index, follow, max-snippet:-1, max-image-preview:large, max-video-preview:-1\" \/>\n<link rel=\"canonical\" href=\"https:\/\/www.facecorner.lv\/en\/shop\/mediheal-i-p-i-derma-ampoule-mask-izgaismojosa-ampulu-auduma-maska\/\" \/>\n<meta property=\"og:locale\" content=\"en_US\" \/>\n<meta property=\"og:type\" content=\"article\" \/>\n<meta property=\"og:title\" content=\"MEDIHEAL I.P.I Derma Ampoule Mask izgaismojo\u0161a ampulu auduma maska - FACECORNER\" \/>\n<meta property=\"og:description\" content=\"MEDIHEAL I.P.I Derma Ampoule Mask ir izgaismojo\u0161a ampulu auduma maska, kas izstr\u0101d\u0101ta, lai c\u012bn\u012btos pret pigment\u0101ciju, bl\u0101vumu un nevienm\u0113r\u012bgu \u0101das toni.\" \/>\n<meta property=\"og:url\" content=\"https:\/\/www.facecorner.lv\/en\/shop\/mediheal-i-p-i-derma-ampoule-mask-izgaismojosa-ampulu-auduma-maska\/\" \/>\n<meta property=\"og:site_name\" content=\"FACECORNER\" \/>\n<meta property=\"article:publisher\" content=\"https:\/\/www.facebook.com\/profile.php?id=100063824551839\" \/>\n<meta property=\"article:modified_time\" content=\"2026-02-13T11:44:19+00:00\" \/>\n<meta property=\"og:image\" content=\"https:\/\/www.facecorner.lv\/wp-content\/uploads\/2026\/02\/MedihealDermaAmpouleMaskI.p.i10pcs2.webp\" \/>\n\t<meta property=\"og:image:width\" content=\"1024\" \/>\n\t<meta property=\"og:image:height\" content=\"1024\" \/>\n\t<meta property=\"og:image:type\" content=\"image\/webp\" \/>\n<meta name=\"twitter:card\" content=\"summary_large_image\" \/>\n<meta name=\"twitter:label1\" content=\"Price\" \/>\n\t<meta name=\"twitter:data1\" content=\"&euro;3.45\" \/>\n\t<meta name=\"twitter:label2\" content=\"Availability\" \/>\n\t<meta name=\"twitter:data2\" content=\"In stock\" \/>\n<script type=\"application\/ld+json\" class=\"yoast-schema-graph\">{\"@context\":\"https:\\\/\\\/schema.org\",\"@graph\":[{\"@type\":\"WebPage\",\"@id\":\"https:\\\/\\\/www.facecorner.lv\\\/shop\\\/mediheal-i-p-i-derma-ampoule-mask-izgaismojosa-ampulu-auduma-maska\\\/\",\"url\":\"https:\\\/\\\/www.facecorner.lv\\\/shop\\\/mediheal-i-p-i-derma-ampoule-mask-izgaismojosa-ampulu-auduma-maska\\\/\",\"name\":\"MEDIHEAL I.P.I Derma Ampoule Mask izgaismojo\u0161a ampulu auduma maska - FACECORNER\",\"isPartOf\":{\"@id\":\"https:\\\/\\\/www.facecorner.lv\\\/#website\"},\"primaryImageOfPage\":{\"@id\":\"https:\\\/\\\/www.facecorner.lv\\\/shop\\\/mediheal-i-p-i-derma-ampoule-mask-izgaismojosa-ampulu-auduma-maska\\\/#primaryimage\"},\"image\":{\"@id\":\"https:\\\/\\\/www.facecorner.lv\\\/shop\\\/mediheal-i-p-i-derma-ampoule-mask-izgaismojosa-ampulu-auduma-maska\\\/#primaryimage\"},\"thumbnailUrl\":\"https:\\\/\\\/www.facecorner.lv\\\/wp-content\\\/uploads\\\/2026\\\/02\\\/MedihealDermaAmpouleMaskI.p.i10pcs2.webp\",\"datePublished\":\"2026-02-13T11:41:07+00:00\",\"dateModified\":\"2026-02-13T11:44:19+00:00\",\"description\":\"MEDIHEAL I.P.I Derma Ampoule Mask ir izgaismojo\u0161a ampulu auduma maska, kas izstr\u0101d\u0101ta, lai c\u012bn\u012btos pret pigment\u0101ciju, bl\u0101vumu un nevienm\u0113r\u012bgu \u0101das toni.\",\"breadcrumb\":{\"@id\":\"https:\\\/\\\/www.facecorner.lv\\\/shop\\\/mediheal-i-p-i-derma-ampoule-mask-izgaismojosa-ampulu-auduma-maska\\\/#breadcrumb\"},\"inLanguage\":\"en-US\",\"potentialAction\":[{\"@type\":\"ReadAction\",\"target\":[\"https:\\\/\\\/www.facecorner.lv\\\/shop\\\/mediheal-i-p-i-derma-ampoule-mask-izgaismojosa-ampulu-auduma-maska\\\/\"]}]},{\"@type\":\"ImageObject\",\"inLanguage\":\"en-US\",\"@id\":\"https:\\\/\\\/www.facecorner.lv\\\/shop\\\/mediheal-i-p-i-derma-ampoule-mask-izgaismojosa-ampulu-auduma-maska\\\/#primaryimage\",\"url\":\"https:\\\/\\\/www.facecorner.lv\\\/wp-content\\\/uploads\\\/2026\\\/02\\\/MedihealDermaAmpouleMaskI.p.i10pcs2.webp\",\"contentUrl\":\"https:\\\/\\\/www.facecorner.lv\\\/wp-content\\\/uploads\\\/2026\\\/02\\\/MedihealDermaAmpouleMaskI.p.i10pcs2.webp\",\"width\":1024,\"height\":1024,\"caption\":\"MEDIHEAL I.P.I Derma Ampoule Mask\"},{\"@type\":\"BreadcrumbList\",\"@id\":\"https:\\\/\\\/www.facecorner.lv\\\/shop\\\/mediheal-i-p-i-derma-ampoule-mask-izgaismojosa-ampulu-auduma-maska\\\/#breadcrumb\",\"itemListElement\":[{\"@type\":\"ListItem\",\"position\":1,\"name\":\"Home\",\"item\":\"https:\\\/\\\/www.facecorner.lv\\\/\"},{\"@type\":\"ListItem\",\"position\":2,\"name\":\"Veikals\",\"item\":\"https:\\\/\\\/www.facecorner.lv\\\/shop\\\/\"},{\"@type\":\"ListItem\",\"position\":3,\"name\":\"MEDIHEAL I.P.I Derma Ampoule Mask izgaismojo\u0161a ampulu auduma maska\"}]},{\"@type\":\"WebSite\",\"@id\":\"https:\\\/\\\/www.facecorner.lv\\\/#website\",\"url\":\"https:\\\/\\\/www.facecorner.lv\\\/\",\"name\":\"Facecorner\",\"description\":\"\",\"publisher\":{\"@id\":\"https:\\\/\\\/www.facecorner.lv\\\/#organization\"},\"potentialAction\":[{\"@type\":\"SearchAction\",\"target\":{\"@type\":\"EntryPoint\",\"urlTemplate\":\"https:\\\/\\\/www.facecorner.lv\\\/?s={search_term_string}\"},\"query-input\":{\"@type\":\"PropertyValueSpecification\",\"valueRequired\":true,\"valueName\":\"search_term_string\"}}],\"inLanguage\":\"en-US\"},{\"@type\":\"Organization\",\"@id\":\"https:\\\/\\\/www.facecorner.lv\\\/#organization\",\"name\":\"Facecorner\",\"url\":\"https:\\\/\\\/www.facecorner.lv\\\/\",\"logo\":{\"@type\":\"ImageObject\",\"inLanguage\":\"en-US\",\"@id\":\"https:\\\/\\\/www.facecorner.lv\\\/#\\\/schema\\\/logo\\\/image\\\/\",\"url\":\"https:\\\/\\\/www.facecorner.lv\\\/wp-content\\\/uploads\\\/2024\\\/04\\\/fc-logo.jpg\",\"contentUrl\":\"https:\\\/\\\/www.facecorner.lv\\\/wp-content\\\/uploads\\\/2024\\\/04\\\/fc-logo.jpg\",\"width\":174,\"height\":28,\"caption\":\"Facecorner\"},\"image\":{\"@id\":\"https:\\\/\\\/www.facecorner.lv\\\/#\\\/schema\\\/logo\\\/image\\\/\"},\"sameAs\":[\"https:\\\/\\\/www.facebook.com\\\/profile.php?id=100063824551839\",\"https:\\\/\\\/www.instagram.com\\\/facecorner_shop\\\/\"]}]}<\/script>\n<meta property=\"product:price:amount\" content=\"3.45\" \/>\n<meta property=\"product:price:currency\" content=\"EUR\" \/>\n<meta property=\"og:availability\" content=\"instock\" \/>\n<meta property=\"product:availability\" content=\"instock\" \/>\n<meta property=\"product:condition\" content=\"new\" \/>\n<!-- \/ Yoast SEO plugin. -->","yoast_head_json":{"title":"MEDIHEAL I.P.I Derma Ampoule Mask izgaismojo\u0161a ampulu auduma maska - FACECORNER","description":"MEDIHEAL I.P.I Derma Ampoule Mask ir izgaismojo\u0161a ampulu auduma maska, kas izstr\u0101d\u0101ta, lai c\u012bn\u012btos pret pigment\u0101ciju, bl\u0101vumu un nevienm\u0113r\u012bgu \u0101das toni.","robots":{"index":"index","follow":"follow","max-snippet":"max-snippet:-1","max-image-preview":"max-image-preview:large","max-video-preview":"max-video-preview:-1"},"canonical":"https:\/\/www.facecorner.lv\/en\/shop\/mediheal-i-p-i-derma-ampoule-mask-izgaismojosa-ampulu-auduma-maska\/","og_locale":"en_US","og_type":"article","og_title":"MEDIHEAL I.P.I Derma Ampoule Mask izgaismojo\u0161a ampulu auduma maska - FACECORNER","og_description":"MEDIHEAL I.P.I Derma Ampoule Mask ir izgaismojo\u0161a ampulu auduma maska, kas izstr\u0101d\u0101ta, lai c\u012bn\u012btos pret pigment\u0101ciju, bl\u0101vumu un nevienm\u0113r\u012bgu \u0101das toni.","og_url":"https:\/\/www.facecorner.lv\/en\/shop\/mediheal-i-p-i-derma-ampoule-mask-izgaismojosa-ampulu-auduma-maska\/","og_site_name":"FACECORNER","article_publisher":"https:\/\/www.facebook.com\/profile.php?id=100063824551839","article_modified_time":"2026-02-13T11:44:19+00:00","og_image":[{"width":1024,"height":1024,"url":"https:\/\/www.facecorner.lv\/wp-content\/uploads\/2026\/02\/MedihealDermaAmpouleMaskI.p.i10pcs2.webp","type":"image\/webp"}],"twitter_card":"summary_large_image","twitter_misc":{"Price":"&euro;3.45","Availability":"In stock"},"schema":{"@context":"https:\/\/schema.org","@graph":[{"@type":"WebPage","@id":"https:\/\/www.facecorner.lv\/shop\/mediheal-i-p-i-derma-ampoule-mask-izgaismojosa-ampulu-auduma-maska\/","url":"https:\/\/www.facecorner.lv\/shop\/mediheal-i-p-i-derma-ampoule-mask-izgaismojosa-ampulu-auduma-maska\/","name":"MEDIHEAL I.P.I Derma Ampoule Mask izgaismojo\u0161a ampulu auduma maska - FACECORNER","isPartOf":{"@id":"https:\/\/www.facecorner.lv\/#website"},"primaryImageOfPage":{"@id":"https:\/\/www.facecorner.lv\/shop\/mediheal-i-p-i-derma-ampoule-mask-izgaismojosa-ampulu-auduma-maska\/#primaryimage"},"image":{"@id":"https:\/\/www.facecorner.lv\/shop\/mediheal-i-p-i-derma-ampoule-mask-izgaismojosa-ampulu-auduma-maska\/#primaryimage"},"thumbnailUrl":"https:\/\/www.facecorner.lv\/wp-content\/uploads\/2026\/02\/MedihealDermaAmpouleMaskI.p.i10pcs2.webp","datePublished":"2026-02-13T11:41:07+00:00","dateModified":"2026-02-13T11:44:19+00:00","description":"MEDIHEAL I.P.I Derma Ampoule Mask ir izgaismojo\u0161a ampulu auduma maska, kas izstr\u0101d\u0101ta, lai c\u012bn\u012btos pret pigment\u0101ciju, bl\u0101vumu un nevienm\u0113r\u012bgu \u0101das toni.","breadcrumb":{"@id":"https:\/\/www.facecorner.lv\/shop\/mediheal-i-p-i-derma-ampoule-mask-izgaismojosa-ampulu-auduma-maska\/#breadcrumb"},"inLanguage":"en-US","potentialAction":[{"@type":"ReadAction","target":["https:\/\/www.facecorner.lv\/shop\/mediheal-i-p-i-derma-ampoule-mask-izgaismojosa-ampulu-auduma-maska\/"]}]},{"@type":"ImageObject","inLanguage":"en-US","@id":"https:\/\/www.facecorner.lv\/shop\/mediheal-i-p-i-derma-ampoule-mask-izgaismojosa-ampulu-auduma-maska\/#primaryimage","url":"https:\/\/www.facecorner.lv\/wp-content\/uploads\/2026\/02\/MedihealDermaAmpouleMaskI.p.i10pcs2.webp","contentUrl":"https:\/\/www.facecorner.lv\/wp-content\/uploads\/2026\/02\/MedihealDermaAmpouleMaskI.p.i10pcs2.webp","width":1024,"height":1024,"caption":"MEDIHEAL I.P.I Derma Ampoule Mask"},{"@type":"BreadcrumbList","@id":"https:\/\/www.facecorner.lv\/shop\/mediheal-i-p-i-derma-ampoule-mask-izgaismojosa-ampulu-auduma-maska\/#breadcrumb","itemListElement":[{"@type":"ListItem","position":1,"name":"Home","item":"https:\/\/www.facecorner.lv\/"},{"@type":"ListItem","position":2,"name":"Veikals","item":"https:\/\/www.facecorner.lv\/shop\/"},{"@type":"ListItem","position":3,"name":"MEDIHEAL I.P.I Derma Ampoule Mask izgaismojo\u0161a ampulu auduma maska"}]},{"@type":"WebSite","@id":"https:\/\/www.facecorner.lv\/#website","url":"https:\/\/www.facecorner.lv\/","name":"Facecorner","description":"","publisher":{"@id":"https:\/\/www.facecorner.lv\/#organization"},"potentialAction":[{"@type":"SearchAction","target":{"@type":"EntryPoint","urlTemplate":"https:\/\/www.facecorner.lv\/?s={search_term_string}"},"query-input":{"@type":"PropertyValueSpecification","valueRequired":true,"valueName":"search_term_string"}}],"inLanguage":"en-US"},{"@type":"Organization","@id":"https:\/\/www.facecorner.lv\/#organization","name":"Facecorner","url":"https:\/\/www.facecorner.lv\/","logo":{"@type":"ImageObject","inLanguage":"en-US","@id":"https:\/\/www.facecorner.lv\/#\/schema\/logo\/image\/","url":"https:\/\/www.facecorner.lv\/wp-content\/uploads\/2024\/04\/fc-logo.jpg","contentUrl":"https:\/\/www.facecorner.lv\/wp-content\/uploads\/2024\/04\/fc-logo.jpg","width":174,"height":28,"caption":"Facecorner"},"image":{"@id":"https:\/\/www.facecorner.lv\/#\/schema\/logo\/image\/"},"sameAs":["https:\/\/www.facebook.com\/profile.php?id=100063824551839","https:\/\/www.instagram.com\/facecorner_shop\/"]}]},"product_price_amount":"3.45","product_price_currency":"EUR","og_availability":"instock","product_availability":"instock","product_condition":"new"},"_links":{"self":[{"href":"https:\/\/www.facecorner.lv\/en\/wp-json\/wp\/v2\/product\/26913","targetHints":{"allow":["GET"]}}],"collection":[{"href":"https:\/\/www.facecorner.lv\/en\/wp-json\/wp\/v2\/product"}],"about":[{"href":"https:\/\/www.facecorner.lv\/en\/wp-json\/wp\/v2\/types\/product"}],"replies":[{"embeddable":true,"href":"https:\/\/www.facecorner.lv\/en\/wp-json\/wp\/v2\/comments?post=26913"}],"wp:featuredmedia":[{"embeddable":true,"href":"https:\/\/www.facecorner.lv\/en\/wp-json\/wp\/v2\/media\/26914"}],"wp:attachment":[{"href":"https:\/\/www.facecorner.lv\/en\/wp-json\/wp\/v2\/media?parent=26913"}],"wp:term":[{"taxonomy":"product_brand","embeddable":true,"href":"https:\/\/www.facecorner.lv\/en\/wp-json\/wp\/v2\/product_brand?post=26913"},{"taxonomy":"product_cat","embeddable":true,"href":"https:\/\/www.facecorner.lv\/en\/wp-json\/wp\/v2\/product_cat?post=26913"},{"taxonomy":"product_tag","embeddable":true,"href":"https:\/\/www.facecorner.lv\/en\/wp-json\/wp\/v2\/product_tag?post=26913"},{"taxonomy":"berocket_brand","embeddable":true,"href":"https:\/\/www.facecorner.lv\/en\/wp-json\/wp\/v2\/berocket_brand?post=26913"}],"curies":[{"name":"wp","href":"https:\/\/api.w.org\/{rel}","templated":true}]}}