{"id":26862,"date":"2026-02-10T17:44:17","date_gmt":"2026-02-10T14:44:17","guid":{"rendered":"https:\/\/www.facecorner.lv\/?post_type=product&#038;p=26862"},"modified":"2026-05-06T13:20:29","modified_gmt":"2026-05-06T10:20:29","slug":"purcell-82-high-dose-peptide-formula-peptidu-serums-adas-elastibai-liftingam-un-atjaunosanai-30ml","status":"publish","type":"product","link":"https:\/\/www.facecorner.lv\/en\/shop\/purcell-82-high-dose-peptide-formula-peptidu-serums-adas-elastibai-liftingam-un-atjaunosanai-30ml\/","title":{"rendered":"PURCELL &#8211; 82% High Dose Peptide Formula pept\u012bdu serums \u0101das elast\u012bbai, liftingam un atjauno\u0161anai 30ml"},"content":{"rendered":"<p>PURCELL 82% High Dose Peptide Formula ir augsti efekt\u012bva pretnoveco\u0161an\u0101s seruma formula ar 82% ferment\u0113tu pept\u012bdu kompleksu, kas paredz\u0113ta \u0101das elast\u012bbas uzlabo\u0161anai, grumbu izl\u012bdzin\u0101\u0161anai un \u0101das bl\u012bvuma atjauno\u0161anai.<\/p>\n<p>Formula dzi\u013ci ies\u016bcas \u0101d\u0101, stiprinot t\u0101s strukt\u016bru un atjaunojot vesel\u012bgu mirdzumu.<\/p>\n<h6>It is a total care mask that tightens the skin.<\/h6>\n<ul>\n<li>82% Saccharomyces\/Hexapeptide-11 Ferment Filtrate \u2013 sp\u0113c\u012bgs ferment\u0113ts pept\u012bdu komplekss, kas palielina \u0101das bl\u012bvumu un elast\u012bbu.<\/li>\n<li>Palmitoyl Tripeptide-5 \u2013 stimul\u0113 kolag\u0113na ra\u017eo\u0161anu un veicina liftinga efektu.<\/li>\n<li>Hidroliz\u0113ts kolag\u0113ns \u2013 uztur \u0101das elast\u012bbu un gludumu.<\/li>\n<li>Adenoz\u012bns \u2013 komponents ar pier\u0101d\u012btu pretnoveco\u0161an\u0101s iedarb\u012bbu, pal\u012bdz samazin\u0101t grumbu izteikt\u012bbu.<\/li>\n<li>Betaina un glicer\u012bns \u2013 nodro\u0161ina dzi\u013cu mitrin\u0101\u0161anu un komfortu.<\/li>\n<\/ul>\n<h6>Priek\u0161roc\u012bbas:<\/h6>\n<ul>\n<li>Palielina \u0101das elast\u012bbu un elast\u012bgumu.<\/li>\n<li>Izgludina grumbu un nov\u0113r\u0161 jaunu veido\u0161anos.<\/li>\n<li>Uzlabo \u0101das toni un tekst\u016bru.<\/li>\n<li>Atbalsta kolag\u0113na sint\u0113zi.<\/li>\n<li>Intens\u012bvi mitrina, neradot lip\u012bgumu.<\/li>\n<li>Piem\u0113rots ikdienas lieto\u0161anai.<\/li>\n<\/ul>\n<h6>Tekst\u016bra:<\/h6>\n<p>Viegla, \u0101tri uzs\u016bco\u0161a seruma bez taukain\u012bbas un pl\u0113ves saj\u016btas. Piem\u0113rota visiem \u0101das tipiem, ieskaitot jut\u012bgu \u0101du.<\/p>\n<p><strong>How to use:<\/strong>: P\u0113c tonika uzkl\u0101jiet 2\u20133 pilienus uz att\u012br\u012btas sejas \u0101das. Vienm\u0113r\u012bgi izl\u012bdziniet ar maig\u0101m piesk\u0101rienu kust\u012bb\u0101m, l\u012bdz piln\u012bb\u0101 uzs\u016bcas. Lietojiet no r\u012bta un vakar\u0101. Ja nepiecie\u0161ams, pabeidziet kop\u0161anu ar kr\u0113mu.<\/p>\n<p><strong>Ieteicams \u0101dai ar noveco\u0161an\u0101s paz\u012bm\u0113m, elast\u012bbas zudumu un bl\u0101vu toni.<\/strong><\/p>\n<p><strong>Sast\u0101vs:<\/strong> Saccharomyces\/Hexapeptide-11 Ferment Filtrate Extract (82%), Propanediol, Glycerin, 1,2-Hexanediol, Betaine, Water (Aqua), Hydrolyzed Collagen, Carnitine, Adenosine, Methyl Gluceth-20, Butylene Glycol, Ethylhexylglycerin, Palmitoyl Tripeptide-5 (27.5 ppm), Xanthan Gum.<\/p>\n<p data-start=\"531\" data-end=\"757\">","protected":false},"excerpt":{"rendered":"<p>PURCELL 82% High Dose Peptide Formula ir augsti efekt\u012bva pretnoveco\u0161an\u0101s seruma formula ar 82% ferment\u0113tu pept\u012bdu kompleksu, kas paredz\u0113ta \u0101das elast\u012bbas uzlabo\u0161anai, grumbu izl\u012bdzin\u0101\u0161anai un \u0101das bl\u012bvuma atjauno\u0161anai.<\/p>","protected":false},"featured_media":26863,"comment_status":"open","ping_status":"closed","template":"","meta":{"site-sidebar-layout":"default","site-content-layout":"","ast-site-content-layout":"default","site-content-style":"default","site-sidebar-style":"default","ast-global-header-display":"","ast-banner-title-visibility":"","ast-main-header-display":"","ast-hfb-above-header-display":"","ast-hfb-below-header-display":"","ast-hfb-mobile-header-display":"","site-post-title":"","ast-breadcrumbs-content":"","ast-featured-img":"","footer-sml-layout":"","theme-transparent-header-meta":"default","adv-header-id-meta":"","stick-header-meta":"","header-above-stick-meta":"","header-main-stick-meta":"","header-below-stick-meta":"","astra-migrate-meta-layouts":"set","ast-page-background-enabled":"default","ast-page-background-meta":{"desktop":{"background-color":"var(--ast-global-color-4)","background-image":"","background-repeat":"repeat","background-position":"center center","background-size":"auto","background-attachment":"scroll","background-type":"","background-media":"","overlay-type":"","overlay-color":"","overlay-opacity":"","overlay-gradient":""},"tablet":{"background-color":"","background-image":"","background-repeat":"repeat","background-position":"center center","background-size":"auto","background-attachment":"scroll","background-type":"","background-media":"","overlay-type":"","overlay-color":"","overlay-opacity":"","overlay-gradient":""},"mobile":{"background-color":"","background-image":"","background-repeat":"repeat","background-position":"center center","background-size":"auto","background-attachment":"scroll","background-type":"","background-media":"","overlay-type":"","overlay-color":"","overlay-opacity":"","overlay-gradient":""}},"ast-content-background-meta":{"desktop":{"background-color":"var(--ast-global-color-5)","background-image":"","background-repeat":"repeat","background-position":"center center","background-size":"auto","background-attachment":"scroll","background-type":"","background-media":"","overlay-type":"","overlay-color":"","overlay-opacity":"","overlay-gradient":""},"tablet":{"background-color":"var(--ast-global-color-5)","background-image":"","background-repeat":"repeat","background-position":"center center","background-size":"auto","background-attachment":"scroll","background-type":"","background-media":"","overlay-type":"","overlay-color":"","overlay-opacity":"","overlay-gradient":""},"mobile":{"background-color":"var(--ast-global-color-5)","background-image":"","background-repeat":"repeat","background-position":"center center","background-size":"auto","background-attachment":"scroll","background-type":"","background-media":"","overlay-type":"","overlay-color":"","overlay-opacity":"","overlay-gradient":""}}},"product_brand":[],"product_cat":[370,371,511,363],"product_tag":[],"berocket_brand":[680],"class_list":{"0":"post-26862","1":"product","2":"type-product","3":"status-publish","4":"has-post-thumbnail","6":"product_cat-adas-mirdzumam","7":"product_cat-anti-age","8":"product_cat-atlaides","9":"product_cat-serumi","10":"berocket_brand-purcell","11":"desktop-align-left","12":"tablet-align-left","13":"mobile-align-left","15":"first","16":"outofstock","17":"sale","18":"taxable","19":"shipping-taxable","20":"purchasable","21":"product-type-simple","22":"add-to-wishlist-before_image"},"yoast_head":"<!-- This site is optimized with the Yoast SEO plugin v27.4 - https:\/\/yoast.com\/product\/yoast-seo-wordpress\/ -->\n<title>PURCELL - 82% High Dose Peptide Formula pept\u012bdu serums \u0101das elast\u012bbai, liftingam un atjauno\u0161anai 30ml - FACECORNER<\/title>\n<meta name=\"description\" content=\"PURCELL 82% High Dose Peptide Formula ir augsti efekt\u012bva pretnoveco\u0161an\u0101s seruma formula ar 82% ferment\u0113tu pept\u012bdu kompleksu, kas paredz\u0113ta \u0101das elast\u012bbas uzlabo\u0161anai, grumbu izl\u012bdzin\u0101\u0161anai un \u0101das bl\u012bvuma atjauno\u0161anai.\" \/>\n<meta name=\"robots\" content=\"index, follow, max-snippet:-1, max-image-preview:large, max-video-preview:-1\" \/>\n<link rel=\"canonical\" href=\"https:\/\/www.facecorner.lv\/en\/shop\/purcell-82-high-dose-peptide-formula-peptidu-serums-adas-elastibai-liftingam-un-atjaunosanai-30ml\/\" \/>\n<meta property=\"og:locale\" content=\"en_US\" \/>\n<meta property=\"og:type\" content=\"article\" \/>\n<meta property=\"og:title\" content=\"PURCELL - 82% High Dose Peptide Formula pept\u012bdu serums \u0101das elast\u012bbai, liftingam un atjauno\u0161anai 30ml - FACECORNER\" \/>\n<meta property=\"og:description\" content=\"PURCELL 82% High Dose Peptide Formula ir augsti efekt\u012bva pretnoveco\u0161an\u0101s seruma formula ar 82% ferment\u0113tu pept\u012bdu kompleksu, kas paredz\u0113ta \u0101das elast\u012bbas uzlabo\u0161anai, grumbu izl\u012bdzin\u0101\u0161anai un \u0101das bl\u012bvuma atjauno\u0161anai.\" \/>\n<meta property=\"og:url\" content=\"https:\/\/www.facecorner.lv\/en\/shop\/purcell-82-high-dose-peptide-formula-peptidu-serums-adas-elastibai-liftingam-un-atjaunosanai-30ml\/\" \/>\n<meta property=\"og:site_name\" content=\"FACECORNER\" \/>\n<meta property=\"article:publisher\" content=\"https:\/\/www.facebook.com\/profile.php?id=100063824551839\" \/>\n<meta property=\"article:modified_time\" content=\"2026-05-06T10:20:29+00:00\" \/>\n<meta property=\"og:image\" content=\"https:\/\/www.facecorner.lv\/wp-content\/uploads\/2026\/02\/images-10.jpeg\" \/>\n\t<meta property=\"og:image:width\" content=\"225\" \/>\n\t<meta property=\"og:image:height\" content=\"225\" \/>\n\t<meta property=\"og:image:type\" content=\"image\/jpeg\" \/>\n<meta name=\"twitter:card\" content=\"summary_large_image\" \/>\n<meta name=\"twitter:label1\" content=\"Price\" \/>\n\t<meta name=\"twitter:data1\" content=\"&euro;31.95\" \/>\n\t<meta name=\"twitter:label2\" content=\"Availability\" \/>\n\t<meta name=\"twitter:data2\" content=\"Out of stock\" \/>\n<script type=\"application\/ld+json\" class=\"yoast-schema-graph\">{\"@context\":\"https:\\\/\\\/schema.org\",\"@graph\":[{\"@type\":\"WebPage\",\"@id\":\"https:\\\/\\\/www.facecorner.lv\\\/shop\\\/purcell-82-high-dose-peptide-formula-peptidu-serums-adas-elastibai-liftingam-un-atjaunosanai-30ml\\\/\",\"url\":\"https:\\\/\\\/www.facecorner.lv\\\/shop\\\/purcell-82-high-dose-peptide-formula-peptidu-serums-adas-elastibai-liftingam-un-atjaunosanai-30ml\\\/\",\"name\":\"PURCELL - 82% High Dose Peptide Formula pept\u012bdu serums \u0101das elast\u012bbai, liftingam un atjauno\u0161anai 30ml - FACECORNER\",\"isPartOf\":{\"@id\":\"https:\\\/\\\/www.facecorner.lv\\\/#website\"},\"primaryImageOfPage\":{\"@id\":\"https:\\\/\\\/www.facecorner.lv\\\/shop\\\/purcell-82-high-dose-peptide-formula-peptidu-serums-adas-elastibai-liftingam-un-atjaunosanai-30ml\\\/#primaryimage\"},\"image\":{\"@id\":\"https:\\\/\\\/www.facecorner.lv\\\/shop\\\/purcell-82-high-dose-peptide-formula-peptidu-serums-adas-elastibai-liftingam-un-atjaunosanai-30ml\\\/#primaryimage\"},\"thumbnailUrl\":\"https:\\\/\\\/www.facecorner.lv\\\/wp-content\\\/uploads\\\/2026\\\/02\\\/images-10.jpeg\",\"datePublished\":\"2026-02-10T14:44:17+00:00\",\"dateModified\":\"2026-05-06T10:20:29+00:00\",\"description\":\"PURCELL 82% High Dose Peptide Formula ir augsti efekt\u012bva pretnoveco\u0161an\u0101s seruma formula ar 82% ferment\u0113tu pept\u012bdu kompleksu, kas paredz\u0113ta \u0101das elast\u012bbas uzlabo\u0161anai, grumbu izl\u012bdzin\u0101\u0161anai un \u0101das bl\u012bvuma atjauno\u0161anai.\",\"breadcrumb\":{\"@id\":\"https:\\\/\\\/www.facecorner.lv\\\/shop\\\/purcell-82-high-dose-peptide-formula-peptidu-serums-adas-elastibai-liftingam-un-atjaunosanai-30ml\\\/#breadcrumb\"},\"inLanguage\":\"en-US\",\"potentialAction\":[{\"@type\":\"ReadAction\",\"target\":[\"https:\\\/\\\/www.facecorner.lv\\\/shop\\\/purcell-82-high-dose-peptide-formula-peptidu-serums-adas-elastibai-liftingam-un-atjaunosanai-30ml\\\/\"]}]},{\"@type\":\"ImageObject\",\"inLanguage\":\"en-US\",\"@id\":\"https:\\\/\\\/www.facecorner.lv\\\/shop\\\/purcell-82-high-dose-peptide-formula-peptidu-serums-adas-elastibai-liftingam-un-atjaunosanai-30ml\\\/#primaryimage\",\"url\":\"https:\\\/\\\/www.facecorner.lv\\\/wp-content\\\/uploads\\\/2026\\\/02\\\/images-10.jpeg\",\"contentUrl\":\"https:\\\/\\\/www.facecorner.lv\\\/wp-content\\\/uploads\\\/2026\\\/02\\\/images-10.jpeg\",\"width\":225,\"height\":225,\"caption\":\"PURCELL - 82% High Dose Peptide Formula\"},{\"@type\":\"BreadcrumbList\",\"@id\":\"https:\\\/\\\/www.facecorner.lv\\\/shop\\\/purcell-82-high-dose-peptide-formula-peptidu-serums-adas-elastibai-liftingam-un-atjaunosanai-30ml\\\/#breadcrumb\",\"itemListElement\":[{\"@type\":\"ListItem\",\"position\":1,\"name\":\"Home\",\"item\":\"https:\\\/\\\/www.facecorner.lv\\\/\"},{\"@type\":\"ListItem\",\"position\":2,\"name\":\"Veikals\",\"item\":\"https:\\\/\\\/www.facecorner.lv\\\/shop\\\/\"},{\"@type\":\"ListItem\",\"position\":3,\"name\":\"PURCELL &#8212; 82% High Dose Peptide Formula pept\u012bdu serums \u0101das elast\u012bbai, liftingam un atjauno\u0161anai 30ml\"}]},{\"@type\":\"WebSite\",\"@id\":\"https:\\\/\\\/www.facecorner.lv\\\/#website\",\"url\":\"https:\\\/\\\/www.facecorner.lv\\\/\",\"name\":\"Facecorner\",\"description\":\"\",\"publisher\":{\"@id\":\"https:\\\/\\\/www.facecorner.lv\\\/#organization\"},\"potentialAction\":[{\"@type\":\"SearchAction\",\"target\":{\"@type\":\"EntryPoint\",\"urlTemplate\":\"https:\\\/\\\/www.facecorner.lv\\\/?s={search_term_string}\"},\"query-input\":{\"@type\":\"PropertyValueSpecification\",\"valueRequired\":true,\"valueName\":\"search_term_string\"}}],\"inLanguage\":\"en-US\"},{\"@type\":\"Organization\",\"@id\":\"https:\\\/\\\/www.facecorner.lv\\\/#organization\",\"name\":\"Facecorner\",\"url\":\"https:\\\/\\\/www.facecorner.lv\\\/\",\"logo\":{\"@type\":\"ImageObject\",\"inLanguage\":\"en-US\",\"@id\":\"https:\\\/\\\/www.facecorner.lv\\\/#\\\/schema\\\/logo\\\/image\\\/\",\"url\":\"https:\\\/\\\/www.facecorner.lv\\\/wp-content\\\/uploads\\\/2024\\\/04\\\/fc-logo.jpg\",\"contentUrl\":\"https:\\\/\\\/www.facecorner.lv\\\/wp-content\\\/uploads\\\/2024\\\/04\\\/fc-logo.jpg\",\"width\":174,\"height\":28,\"caption\":\"Facecorner\"},\"image\":{\"@id\":\"https:\\\/\\\/www.facecorner.lv\\\/#\\\/schema\\\/logo\\\/image\\\/\"},\"sameAs\":[\"https:\\\/\\\/www.facebook.com\\\/profile.php?id=100063824551839\",\"https:\\\/\\\/www.instagram.com\\\/facecorner_shop\\\/\"]}]}<\/script>\n<meta property=\"product:price:amount\" content=\"31.95\" \/>\n<meta property=\"product:price:currency\" content=\"EUR\" \/>\n<meta property=\"og:availability\" content=\"out of stock\" \/>\n<meta property=\"product:availability\" content=\"out of stock\" \/>\n<meta property=\"product:condition\" content=\"new\" \/>\n<!-- \/ Yoast SEO plugin. -->","yoast_head_json":{"title":"PURCELL - 82% High Dose Peptide Formula pept\u012bdu serums \u0101das elast\u012bbai, liftingam un atjauno\u0161anai 30ml - FACECORNER","description":"PURCELL 82% High Dose Peptide Formula ir augsti efekt\u012bva pretnoveco\u0161an\u0101s seruma formula ar 82% ferment\u0113tu pept\u012bdu kompleksu, kas paredz\u0113ta \u0101das elast\u012bbas uzlabo\u0161anai, grumbu izl\u012bdzin\u0101\u0161anai un \u0101das bl\u012bvuma atjauno\u0161anai.","robots":{"index":"index","follow":"follow","max-snippet":"max-snippet:-1","max-image-preview":"max-image-preview:large","max-video-preview":"max-video-preview:-1"},"canonical":"https:\/\/www.facecorner.lv\/en\/shop\/purcell-82-high-dose-peptide-formula-peptidu-serums-adas-elastibai-liftingam-un-atjaunosanai-30ml\/","og_locale":"en_US","og_type":"article","og_title":"PURCELL - 82% High Dose Peptide Formula pept\u012bdu serums \u0101das elast\u012bbai, liftingam un atjauno\u0161anai 30ml - FACECORNER","og_description":"PURCELL 82% High Dose Peptide Formula ir augsti efekt\u012bva pretnoveco\u0161an\u0101s seruma formula ar 82% ferment\u0113tu pept\u012bdu kompleksu, kas paredz\u0113ta \u0101das elast\u012bbas uzlabo\u0161anai, grumbu izl\u012bdzin\u0101\u0161anai un \u0101das bl\u012bvuma atjauno\u0161anai.","og_url":"https:\/\/www.facecorner.lv\/en\/shop\/purcell-82-high-dose-peptide-formula-peptidu-serums-adas-elastibai-liftingam-un-atjaunosanai-30ml\/","og_site_name":"FACECORNER","article_publisher":"https:\/\/www.facebook.com\/profile.php?id=100063824551839","article_modified_time":"2026-05-06T10:20:29+00:00","og_image":[{"width":225,"height":225,"url":"https:\/\/www.facecorner.lv\/wp-content\/uploads\/2026\/02\/images-10.jpeg","type":"image\/jpeg"}],"twitter_card":"summary_large_image","twitter_misc":{"Price":"&euro;31.95","Availability":"Out of stock"},"schema":{"@context":"https:\/\/schema.org","@graph":[{"@type":"WebPage","@id":"https:\/\/www.facecorner.lv\/shop\/purcell-82-high-dose-peptide-formula-peptidu-serums-adas-elastibai-liftingam-un-atjaunosanai-30ml\/","url":"https:\/\/www.facecorner.lv\/shop\/purcell-82-high-dose-peptide-formula-peptidu-serums-adas-elastibai-liftingam-un-atjaunosanai-30ml\/","name":"PURCELL - 82% High Dose Peptide Formula pept\u012bdu serums \u0101das elast\u012bbai, liftingam un atjauno\u0161anai 30ml - FACECORNER","isPartOf":{"@id":"https:\/\/www.facecorner.lv\/#website"},"primaryImageOfPage":{"@id":"https:\/\/www.facecorner.lv\/shop\/purcell-82-high-dose-peptide-formula-peptidu-serums-adas-elastibai-liftingam-un-atjaunosanai-30ml\/#primaryimage"},"image":{"@id":"https:\/\/www.facecorner.lv\/shop\/purcell-82-high-dose-peptide-formula-peptidu-serums-adas-elastibai-liftingam-un-atjaunosanai-30ml\/#primaryimage"},"thumbnailUrl":"https:\/\/www.facecorner.lv\/wp-content\/uploads\/2026\/02\/images-10.jpeg","datePublished":"2026-02-10T14:44:17+00:00","dateModified":"2026-05-06T10:20:29+00:00","description":"PURCELL 82% High Dose Peptide Formula ir augsti efekt\u012bva pretnoveco\u0161an\u0101s seruma formula ar 82% ferment\u0113tu pept\u012bdu kompleksu, kas paredz\u0113ta \u0101das elast\u012bbas uzlabo\u0161anai, grumbu izl\u012bdzin\u0101\u0161anai un \u0101das bl\u012bvuma atjauno\u0161anai.","breadcrumb":{"@id":"https:\/\/www.facecorner.lv\/shop\/purcell-82-high-dose-peptide-formula-peptidu-serums-adas-elastibai-liftingam-un-atjaunosanai-30ml\/#breadcrumb"},"inLanguage":"en-US","potentialAction":[{"@type":"ReadAction","target":["https:\/\/www.facecorner.lv\/shop\/purcell-82-high-dose-peptide-formula-peptidu-serums-adas-elastibai-liftingam-un-atjaunosanai-30ml\/"]}]},{"@type":"ImageObject","inLanguage":"en-US","@id":"https:\/\/www.facecorner.lv\/shop\/purcell-82-high-dose-peptide-formula-peptidu-serums-adas-elastibai-liftingam-un-atjaunosanai-30ml\/#primaryimage","url":"https:\/\/www.facecorner.lv\/wp-content\/uploads\/2026\/02\/images-10.jpeg","contentUrl":"https:\/\/www.facecorner.lv\/wp-content\/uploads\/2026\/02\/images-10.jpeg","width":225,"height":225,"caption":"PURCELL - 82% High Dose Peptide Formula"},{"@type":"BreadcrumbList","@id":"https:\/\/www.facecorner.lv\/shop\/purcell-82-high-dose-peptide-formula-peptidu-serums-adas-elastibai-liftingam-un-atjaunosanai-30ml\/#breadcrumb","itemListElement":[{"@type":"ListItem","position":1,"name":"Home","item":"https:\/\/www.facecorner.lv\/"},{"@type":"ListItem","position":2,"name":"Veikals","item":"https:\/\/www.facecorner.lv\/shop\/"},{"@type":"ListItem","position":3,"name":"PURCELL &#8212; 82% High Dose Peptide Formula pept\u012bdu serums \u0101das elast\u012bbai, liftingam un atjauno\u0161anai 30ml"}]},{"@type":"WebSite","@id":"https:\/\/www.facecorner.lv\/#website","url":"https:\/\/www.facecorner.lv\/","name":"Facecorner","description":"","publisher":{"@id":"https:\/\/www.facecorner.lv\/#organization"},"potentialAction":[{"@type":"SearchAction","target":{"@type":"EntryPoint","urlTemplate":"https:\/\/www.facecorner.lv\/?s={search_term_string}"},"query-input":{"@type":"PropertyValueSpecification","valueRequired":true,"valueName":"search_term_string"}}],"inLanguage":"en-US"},{"@type":"Organization","@id":"https:\/\/www.facecorner.lv\/#organization","name":"Facecorner","url":"https:\/\/www.facecorner.lv\/","logo":{"@type":"ImageObject","inLanguage":"en-US","@id":"https:\/\/www.facecorner.lv\/#\/schema\/logo\/image\/","url":"https:\/\/www.facecorner.lv\/wp-content\/uploads\/2024\/04\/fc-logo.jpg","contentUrl":"https:\/\/www.facecorner.lv\/wp-content\/uploads\/2024\/04\/fc-logo.jpg","width":174,"height":28,"caption":"Facecorner"},"image":{"@id":"https:\/\/www.facecorner.lv\/#\/schema\/logo\/image\/"},"sameAs":["https:\/\/www.facebook.com\/profile.php?id=100063824551839","https:\/\/www.instagram.com\/facecorner_shop\/"]}]},"product_price_amount":"31.95","product_price_currency":"EUR","og_availability":"out of stock","product_availability":"out of stock","product_condition":"new"},"_links":{"self":[{"href":"https:\/\/www.facecorner.lv\/en\/wp-json\/wp\/v2\/product\/26862","targetHints":{"allow":["GET"]}}],"collection":[{"href":"https:\/\/www.facecorner.lv\/en\/wp-json\/wp\/v2\/product"}],"about":[{"href":"https:\/\/www.facecorner.lv\/en\/wp-json\/wp\/v2\/types\/product"}],"replies":[{"embeddable":true,"href":"https:\/\/www.facecorner.lv\/en\/wp-json\/wp\/v2\/comments?post=26862"}],"wp:featuredmedia":[{"embeddable":true,"href":"https:\/\/www.facecorner.lv\/en\/wp-json\/wp\/v2\/media\/26863"}],"wp:attachment":[{"href":"https:\/\/www.facecorner.lv\/en\/wp-json\/wp\/v2\/media?parent=26862"}],"wp:term":[{"taxonomy":"product_brand","embeddable":true,"href":"https:\/\/www.facecorner.lv\/en\/wp-json\/wp\/v2\/product_brand?post=26862"},{"taxonomy":"product_cat","embeddable":true,"href":"https:\/\/www.facecorner.lv\/en\/wp-json\/wp\/v2\/product_cat?post=26862"},{"taxonomy":"product_tag","embeddable":true,"href":"https:\/\/www.facecorner.lv\/en\/wp-json\/wp\/v2\/product_tag?post=26862"},{"taxonomy":"berocket_brand","embeddable":true,"href":"https:\/\/www.facecorner.lv\/en\/wp-json\/wp\/v2\/berocket_brand?post=26862"}],"curies":[{"name":"wp","href":"https:\/\/api.w.org\/{rel}","templated":true}]}}