{"id":26783,"date":"2026-02-02T16:03:13","date_gmt":"2026-02-02T13:03:13","guid":{"rendered":"https:\/\/www.facecorner.lv\/?post_type=product&#038;p=26783"},"modified":"2026-03-20T23:20:08","modified_gmt":"2026-03-20T20:20:08","slug":"medipeel-premium-collagen-naite-massage-cream-stick-krema-stiks-masazai-55ml","status":"publish","type":"product","link":"https:\/\/www.facecorner.lv\/en\/shop\/medipeel-premium-collagen-naite-massage-cream-stick-krema-stiks-masazai-55ml\/","title":{"rendered":"MEDIPEEL Premium Collagen Naite Massage Cream Stick kr\u0113ma stiks mas\u0101\u017eai 55ml"},"content":{"rendered":"<p>MEDIPEEL Premium Collagen Naite Massage Cream Stick\u00a0 inovat\u012bvais kr\u0113ma stiks mas\u0101\u017eai un \u0101das kop\u0161anai\u00a0 ir daudzfunkcion\u0101ls l\u012bdzeklis, kas rad\u012bts, lai stiprin\u0101tu \u0101das elast\u012bbu, uzlabotu t\u0101s tekst\u016bru un intens\u012bvi mitrin\u0101tu.<\/p>\n<p>Pateicoties \u0113rtajai formai un p\u0101rdom\u0101tajam aplikatora galvi\u0146as dizainam, stiks ir ide\u0101li piem\u0113rots mas\u0101\u017eai un sejas, kakla, dekolt\u0113 un \u0137erme\u0146a kont\u016bru izstr\u0101d\u0101\u0161anai.<\/p>\n<h6>K\u0101p\u0113c izv\u0113l\u0113ties \u0161o l\u012bdzekli:<\/h6>\n<ul>\n<li>Nostiprina \u0101das turgoru un uztur t\u0101s elast\u012bbu.<\/li>\n<li>\u00a0Veicina \u0101das tekst\u016bras izl\u012bdzin\u0101\u0161anu un komforta saj\u016btu.<\/li>\n<li>\u00a0\u0112rts kr\u0113ma stie\u0146a form\u0101ts bez lip\u012bguma un smaguma.<\/li>\n<li>\u00a0Pal\u012bdz no\u0146emt spriedzi un uzlabot mikrocirkul\u0101ciju ar maigu mas\u0101\u017eu.<\/li>\n<\/ul>\n<h6>Kam paredz\u0113ts:<\/h6>\n<p>Piem\u0113rots visiem \u0101das tipiem, \u012bpa\u0161i tiem, kuri v\u0113las saglab\u0101t elast\u012bgu un kopto \u0101das izskatu kakla, dekolt\u0113, sejas un \u0137erme\u0146a zon\u0101.<\/p>\n<p><strong>How to use: <\/strong>Uzkl\u0101jiet kr\u0113mu uz t\u012bras \u0101das, uzkl\u0101jiet uz zon\u0101m, kur\u0101m nepiecie\u0161ama kop\u0161ana:<\/p>\n<ul>\n<li>uz kakla un dekolt\u0113 zonas<\/li>\n<li>uz sejas un \u017eok\u013ca kont\u016brzon\u0101m<\/li>\n<li>uz pleciem, rok\u0101m vai v\u0113deram<\/li>\n<\/ul>\n<p>Viegli iemas\u0113jiet produktu, virzoties uz aug\u0161u un pa mas\u0101\u017eas l\u012bnij\u0101m.<\/p>\n<p><strong>Sast\u0101vs:<\/strong> Water, Butylene Glycol, Glycerin, Cetyl Ethylhexanoate, Hydrogenated Poly(C6-14 Olefin), Cetearyl Alcohol, Butyrospermum Parkii (Shea) Butter, Pentaerythrityl Tetraethylhexanoate, 1,2-Hexanediol, Glyceryl Stearate Citrate, Pentylene Glycol, Polyglyceryl-3 Methylglucose Distearate, Hydroxyethyl Acrylate\/Sodium Acryloyldimethyl Taurate Copolymer, Nelumbo Nucifera Flower Water, Panthenol, Tapioca Starch, Hydroxypropyl Starch Phosphate, Vinyl Dimethicone\/Methicone Silsesquioxane Crosspolymer, Ethylhexylglycerin, Fragrance (Parfum), Squalane, Caprylic\/Capric Triglyceride, Sorbitan Isostearate, Hydrolyzed Sponge, Adenosine, Hydrogenated Lecithin, Allantoin, Disodium EDTA, Lithospermum Officinale Root Extract, Ceramide NP, Beta-Glucan, Mentha Rotundifolia Leaf Extract, Camellia Sinensis Leaf Extract, Tocopherol, Thymus Vulgaris (Thyme) Leaf Extract, Zinc Hydrolyzed Hyaluronate, Hydrolyzed Collagen, Lactobacillus\/Rye Flour Ferment, Lactobacillus\/Soymilk Ferment Filtrate, Bacillus\/Soybean Ferment Extract, Propanediol, Anastatica Hierochuntica Extract, Lactobacillus Ferment, Malus Domestica Fruit Cell Culture Extract, Sodium Hyaluronate, Hydroxypropyltrimonium Hyaluronate, Nelumbo Nucifera Leaf Extract, Niacinamide, Acetyl Hexapeptide-8, Folic Acid, Pantothenic Acid, Pyridoxine, Ascorbic Acid Polypeptide, Hydrolyzed Hyaluronic Acid, Sodium Acetylated Hyaluronate, Sodium DNA, Thiamine HCl, Hyaluronic Acid, Cyanocobalamin, Hydrolyzed Sodium Hyaluronate, Riboflavin, Sodium Hyaluronate Crosspolymer, Potassium Hyaluronate, Acetyl Octapeptide-3, Acetyl Tetrapeptide-2, Acetyl Tetrapeptide-3, Acetyl Tetrapeptide-5, Acetyl Tetrapeptide-9, Carnosine, Copper Tripeptide-1, Nonapeptide-1, Palmitoyl Pentapeptide-4, Palmitoyl Tripeptide-1, Palmitoyl Tripeptide-5.<\/p>","protected":false},"excerpt":{"rendered":"<p>MEDIPEEL Premium Collagen Naite Massage Cream Stick\u00a0 inovat\u012bvais kr\u0113ma stiks mas\u0101\u017eai un \u0101das kop\u0161anai\u00a0 ir daudzfunkcion\u0101ls l\u012bdzeklis, kas rad\u012bts, lai stiprin\u0101tu \u0101das elast\u012bbu, uzlabotu t\u0101s tekst\u016bru un intens\u012bvi mitrin\u0101tu.<\/p>","protected":false},"featured_media":26784,"comment_status":"open","ping_status":"closed","template":"","meta":{"site-sidebar-layout":"default","site-content-layout":"","ast-site-content-layout":"default","site-content-style":"default","site-sidebar-style":"default","ast-global-header-display":"","ast-banner-title-visibility":"","ast-main-header-display":"","ast-hfb-above-header-display":"","ast-hfb-below-header-display":"","ast-hfb-mobile-header-display":"","site-post-title":"","ast-breadcrumbs-content":"","ast-featured-img":"","footer-sml-layout":"","theme-transparent-header-meta":"default","adv-header-id-meta":"","stick-header-meta":"","header-above-stick-meta":"","header-main-stick-meta":"","header-below-stick-meta":"","astra-migrate-meta-layouts":"set","ast-page-background-enabled":"default","ast-page-background-meta":{"desktop":{"background-color":"var(--ast-global-color-4)","background-image":"","background-repeat":"repeat","background-position":"center center","background-size":"auto","background-attachment":"scroll","background-type":"","background-media":"","overlay-type":"","overlay-color":"","overlay-opacity":"","overlay-gradient":""},"tablet":{"background-color":"","background-image":"","background-repeat":"repeat","background-position":"center center","background-size":"auto","background-attachment":"scroll","background-type":"","background-media":"","overlay-type":"","overlay-color":"","overlay-opacity":"","overlay-gradient":""},"mobile":{"background-color":"","background-image":"","background-repeat":"repeat","background-position":"center center","background-size":"auto","background-attachment":"scroll","background-type":"","background-media":"","overlay-type":"","overlay-color":"","overlay-opacity":"","overlay-gradient":""}},"ast-content-background-meta":{"desktop":{"background-color":"var(--ast-global-color-5)","background-image":"","background-repeat":"repeat","background-position":"center center","background-size":"auto","background-attachment":"scroll","background-type":"","background-media":"","overlay-type":"","overlay-color":"","overlay-opacity":"","overlay-gradient":""},"tablet":{"background-color":"var(--ast-global-color-5)","background-image":"","background-repeat":"repeat","background-position":"center center","background-size":"auto","background-attachment":"scroll","background-type":"","background-media":"","overlay-type":"","overlay-color":"","overlay-opacity":"","overlay-gradient":""},"mobile":{"background-color":"var(--ast-global-color-5)","background-image":"","background-repeat":"repeat","background-position":"center center","background-size":"auto","background-attachment":"scroll","background-type":"","background-media":"","overlay-type":"","overlay-color":"","overlay-opacity":"","overlay-gradient":""}}},"product_brand":[],"product_cat":[358,331,307],"product_tag":[],"berocket_brand":[583],"class_list":{"0":"post-26783","1":"product","2":"type-product","3":"status-publish","4":"has-post-thumbnail","6":"product_cat-kakla-kopsana","7":"product_cat-kermenim","8":"product_cat-sejai","9":"berocket_brand-medi-peel","10":"desktop-align-left","11":"tablet-align-left","12":"mobile-align-left","14":"first","15":"outofstock","16":"taxable","17":"shipping-taxable","18":"purchasable","19":"product-type-simple","20":"add-to-wishlist-before_image"},"yoast_head":"<!-- This site is optimized with the Yoast SEO plugin v27.4 - https:\/\/yoast.com\/product\/yoast-seo-wordpress\/ -->\n<title>MEDIPEEL Premium Collagen Naite Massage Cream Stick kr\u0113ma stiks mas\u0101\u017eai 55ml - FACECORNER<\/title>\n<meta name=\"description\" content=\"MEDIPEEL Premium Collagen Naite Massage Cream Stick\u00a0 inovat\u012bvais kr\u0113ma stiks mas\u0101\u017eai un \u0101das kop\u0161anai\u00a0 ir daudzfunkcion\u0101ls l\u012bdzeklis, kas rad\u012bts, lai stiprin\u0101tu \u0101das elast\u012bbu, uzlabotu t\u0101s tekst\u016bru un intens\u012bvi mitrin\u0101tu.\" \/>\n<meta name=\"robots\" content=\"index, follow, max-snippet:-1, max-image-preview:large, max-video-preview:-1\" \/>\n<link rel=\"canonical\" href=\"https:\/\/www.facecorner.lv\/en\/shop\/medipeel-premium-collagen-naite-massage-cream-stick-krema-stiks-masazai-55ml\/\" \/>\n<meta property=\"og:locale\" content=\"en_US\" \/>\n<meta property=\"og:type\" content=\"article\" \/>\n<meta property=\"og:title\" content=\"MEDIPEEL Premium Collagen Naite Massage Cream Stick kr\u0113ma stiks mas\u0101\u017eai 55ml - FACECORNER\" \/>\n<meta property=\"og:description\" content=\"MEDIPEEL Premium Collagen Naite Massage Cream Stick\u00a0 inovat\u012bvais kr\u0113ma stiks mas\u0101\u017eai un \u0101das kop\u0161anai\u00a0 ir daudzfunkcion\u0101ls l\u012bdzeklis, kas rad\u012bts, lai stiprin\u0101tu \u0101das elast\u012bbu, uzlabotu t\u0101s tekst\u016bru un intens\u012bvi mitrin\u0101tu.\" \/>\n<meta property=\"og:url\" content=\"https:\/\/www.facecorner.lv\/en\/shop\/medipeel-premium-collagen-naite-massage-cream-stick-krema-stiks-masazai-55ml\/\" \/>\n<meta property=\"og:site_name\" content=\"FACECORNER\" \/>\n<meta property=\"article:publisher\" content=\"https:\/\/www.facebook.com\/profile.php?id=100063824551839\" \/>\n<meta property=\"article:modified_time\" content=\"2026-03-20T20:20:08+00:00\" \/>\n<meta property=\"og:image\" content=\"https:\/\/www.facecorner.lv\/wp-content\/uploads\/2026\/02\/194_4f8f03e7-43aa-49e7-8be1-313051d422b1.webp\" \/>\n\t<meta property=\"og:image:width\" content=\"1500\" \/>\n\t<meta property=\"og:image:height\" content=\"1500\" \/>\n\t<meta property=\"og:image:type\" content=\"image\/webp\" \/>\n<meta name=\"twitter:card\" content=\"summary_large_image\" \/>\n<meta name=\"twitter:label1\" content=\"Price\" \/>\n\t<meta name=\"twitter:data1\" content=\"&euro;22.95\" \/>\n\t<meta name=\"twitter:label2\" content=\"Availability\" \/>\n\t<meta name=\"twitter:data2\" content=\"Out of stock\" \/>\n<script type=\"application\/ld+json\" class=\"yoast-schema-graph\">{\"@context\":\"https:\\\/\\\/schema.org\",\"@graph\":[{\"@type\":\"WebPage\",\"@id\":\"https:\\\/\\\/www.facecorner.lv\\\/shop\\\/medipeel-premium-collagen-naite-massage-cream-stick-krema-stiks-masazai-55ml\\\/\",\"url\":\"https:\\\/\\\/www.facecorner.lv\\\/shop\\\/medipeel-premium-collagen-naite-massage-cream-stick-krema-stiks-masazai-55ml\\\/\",\"name\":\"MEDIPEEL Premium Collagen Naite Massage Cream Stick kr\u0113ma stiks mas\u0101\u017eai 55ml - FACECORNER\",\"isPartOf\":{\"@id\":\"https:\\\/\\\/www.facecorner.lv\\\/#website\"},\"primaryImageOfPage\":{\"@id\":\"https:\\\/\\\/www.facecorner.lv\\\/shop\\\/medipeel-premium-collagen-naite-massage-cream-stick-krema-stiks-masazai-55ml\\\/#primaryimage\"},\"image\":{\"@id\":\"https:\\\/\\\/www.facecorner.lv\\\/shop\\\/medipeel-premium-collagen-naite-massage-cream-stick-krema-stiks-masazai-55ml\\\/#primaryimage\"},\"thumbnailUrl\":\"https:\\\/\\\/www.facecorner.lv\\\/wp-content\\\/uploads\\\/2026\\\/02\\\/194_4f8f03e7-43aa-49e7-8be1-313051d422b1.webp\",\"datePublished\":\"2026-02-02T13:03:13+00:00\",\"dateModified\":\"2026-03-20T20:20:08+00:00\",\"description\":\"MEDIPEEL Premium Collagen Naite Massage Cream Stick\u00a0 inovat\u012bvais kr\u0113ma stiks mas\u0101\u017eai un \u0101das kop\u0161anai\u00a0 ir daudzfunkcion\u0101ls l\u012bdzeklis, kas rad\u012bts, lai stiprin\u0101tu \u0101das elast\u012bbu, uzlabotu t\u0101s tekst\u016bru un intens\u012bvi mitrin\u0101tu.\",\"breadcrumb\":{\"@id\":\"https:\\\/\\\/www.facecorner.lv\\\/shop\\\/medipeel-premium-collagen-naite-massage-cream-stick-krema-stiks-masazai-55ml\\\/#breadcrumb\"},\"inLanguage\":\"en-US\",\"potentialAction\":[{\"@type\":\"ReadAction\",\"target\":[\"https:\\\/\\\/www.facecorner.lv\\\/shop\\\/medipeel-premium-collagen-naite-massage-cream-stick-krema-stiks-masazai-55ml\\\/\"]}]},{\"@type\":\"ImageObject\",\"inLanguage\":\"en-US\",\"@id\":\"https:\\\/\\\/www.facecorner.lv\\\/shop\\\/medipeel-premium-collagen-naite-massage-cream-stick-krema-stiks-masazai-55ml\\\/#primaryimage\",\"url\":\"https:\\\/\\\/www.facecorner.lv\\\/wp-content\\\/uploads\\\/2026\\\/02\\\/194_4f8f03e7-43aa-49e7-8be1-313051d422b1.webp\",\"contentUrl\":\"https:\\\/\\\/www.facecorner.lv\\\/wp-content\\\/uploads\\\/2026\\\/02\\\/194_4f8f03e7-43aa-49e7-8be1-313051d422b1.webp\",\"width\":1500,\"height\":1500,\"caption\":\"MEDIPEEL Premium Collagen Naite Massage Cream Stick\"},{\"@type\":\"BreadcrumbList\",\"@id\":\"https:\\\/\\\/www.facecorner.lv\\\/shop\\\/medipeel-premium-collagen-naite-massage-cream-stick-krema-stiks-masazai-55ml\\\/#breadcrumb\",\"itemListElement\":[{\"@type\":\"ListItem\",\"position\":1,\"name\":\"Home\",\"item\":\"https:\\\/\\\/www.facecorner.lv\\\/\"},{\"@type\":\"ListItem\",\"position\":2,\"name\":\"Veikals\",\"item\":\"https:\\\/\\\/www.facecorner.lv\\\/shop\\\/\"},{\"@type\":\"ListItem\",\"position\":3,\"name\":\"MEDIPEEL Premium Collagen Naite Massage Cream Stick kr\u0113ma stiks mas\u0101\u017eai 55ml\"}]},{\"@type\":\"WebSite\",\"@id\":\"https:\\\/\\\/www.facecorner.lv\\\/#website\",\"url\":\"https:\\\/\\\/www.facecorner.lv\\\/\",\"name\":\"Facecorner\",\"description\":\"\",\"publisher\":{\"@id\":\"https:\\\/\\\/www.facecorner.lv\\\/#organization\"},\"potentialAction\":[{\"@type\":\"SearchAction\",\"target\":{\"@type\":\"EntryPoint\",\"urlTemplate\":\"https:\\\/\\\/www.facecorner.lv\\\/?s={search_term_string}\"},\"query-input\":{\"@type\":\"PropertyValueSpecification\",\"valueRequired\":true,\"valueName\":\"search_term_string\"}}],\"inLanguage\":\"en-US\"},{\"@type\":\"Organization\",\"@id\":\"https:\\\/\\\/www.facecorner.lv\\\/#organization\",\"name\":\"Facecorner\",\"url\":\"https:\\\/\\\/www.facecorner.lv\\\/\",\"logo\":{\"@type\":\"ImageObject\",\"inLanguage\":\"en-US\",\"@id\":\"https:\\\/\\\/www.facecorner.lv\\\/#\\\/schema\\\/logo\\\/image\\\/\",\"url\":\"https:\\\/\\\/www.facecorner.lv\\\/wp-content\\\/uploads\\\/2024\\\/04\\\/fc-logo.jpg\",\"contentUrl\":\"https:\\\/\\\/www.facecorner.lv\\\/wp-content\\\/uploads\\\/2024\\\/04\\\/fc-logo.jpg\",\"width\":174,\"height\":28,\"caption\":\"Facecorner\"},\"image\":{\"@id\":\"https:\\\/\\\/www.facecorner.lv\\\/#\\\/schema\\\/logo\\\/image\\\/\"},\"sameAs\":[\"https:\\\/\\\/www.facebook.com\\\/profile.php?id=100063824551839\",\"https:\\\/\\\/www.instagram.com\\\/facecorner_shop\\\/\"]}]}<\/script>\n<meta property=\"product:price:amount\" content=\"22.95\" \/>\n<meta property=\"product:price:currency\" content=\"EUR\" \/>\n<meta property=\"og:availability\" content=\"out of stock\" \/>\n<meta property=\"product:availability\" content=\"out of stock\" \/>\n<meta property=\"product:condition\" content=\"new\" \/>\n<!-- \/ Yoast SEO plugin. -->","yoast_head_json":{"title":"MEDIPEEL Premium Collagen Naite Massage Cream Stick kr\u0113ma stiks mas\u0101\u017eai 55ml - FACECORNER","description":"MEDIPEEL Premium Collagen Naite Massage Cream Stick\u00a0 inovat\u012bvais kr\u0113ma stiks mas\u0101\u017eai un \u0101das kop\u0161anai\u00a0 ir daudzfunkcion\u0101ls l\u012bdzeklis, kas rad\u012bts, lai stiprin\u0101tu \u0101das elast\u012bbu, uzlabotu t\u0101s tekst\u016bru un intens\u012bvi mitrin\u0101tu.","robots":{"index":"index","follow":"follow","max-snippet":"max-snippet:-1","max-image-preview":"max-image-preview:large","max-video-preview":"max-video-preview:-1"},"canonical":"https:\/\/www.facecorner.lv\/en\/shop\/medipeel-premium-collagen-naite-massage-cream-stick-krema-stiks-masazai-55ml\/","og_locale":"en_US","og_type":"article","og_title":"MEDIPEEL Premium Collagen Naite Massage Cream Stick kr\u0113ma stiks mas\u0101\u017eai 55ml - FACECORNER","og_description":"MEDIPEEL Premium Collagen Naite Massage Cream Stick\u00a0 inovat\u012bvais kr\u0113ma stiks mas\u0101\u017eai un \u0101das kop\u0161anai\u00a0 ir daudzfunkcion\u0101ls l\u012bdzeklis, kas rad\u012bts, lai stiprin\u0101tu \u0101das elast\u012bbu, uzlabotu t\u0101s tekst\u016bru un intens\u012bvi mitrin\u0101tu.","og_url":"https:\/\/www.facecorner.lv\/en\/shop\/medipeel-premium-collagen-naite-massage-cream-stick-krema-stiks-masazai-55ml\/","og_site_name":"FACECORNER","article_publisher":"https:\/\/www.facebook.com\/profile.php?id=100063824551839","article_modified_time":"2026-03-20T20:20:08+00:00","og_image":[{"width":1500,"height":1500,"url":"https:\/\/www.facecorner.lv\/wp-content\/uploads\/2026\/02\/194_4f8f03e7-43aa-49e7-8be1-313051d422b1.webp","type":"image\/webp"}],"twitter_card":"summary_large_image","twitter_misc":{"Price":"&euro;22.95","Availability":"Out of stock"},"schema":{"@context":"https:\/\/schema.org","@graph":[{"@type":"WebPage","@id":"https:\/\/www.facecorner.lv\/shop\/medipeel-premium-collagen-naite-massage-cream-stick-krema-stiks-masazai-55ml\/","url":"https:\/\/www.facecorner.lv\/shop\/medipeel-premium-collagen-naite-massage-cream-stick-krema-stiks-masazai-55ml\/","name":"MEDIPEEL Premium Collagen Naite Massage Cream Stick kr\u0113ma stiks mas\u0101\u017eai 55ml - FACECORNER","isPartOf":{"@id":"https:\/\/www.facecorner.lv\/#website"},"primaryImageOfPage":{"@id":"https:\/\/www.facecorner.lv\/shop\/medipeel-premium-collagen-naite-massage-cream-stick-krema-stiks-masazai-55ml\/#primaryimage"},"image":{"@id":"https:\/\/www.facecorner.lv\/shop\/medipeel-premium-collagen-naite-massage-cream-stick-krema-stiks-masazai-55ml\/#primaryimage"},"thumbnailUrl":"https:\/\/www.facecorner.lv\/wp-content\/uploads\/2026\/02\/194_4f8f03e7-43aa-49e7-8be1-313051d422b1.webp","datePublished":"2026-02-02T13:03:13+00:00","dateModified":"2026-03-20T20:20:08+00:00","description":"MEDIPEEL Premium Collagen Naite Massage Cream Stick\u00a0 inovat\u012bvais kr\u0113ma stiks mas\u0101\u017eai un \u0101das kop\u0161anai\u00a0 ir daudzfunkcion\u0101ls l\u012bdzeklis, kas rad\u012bts, lai stiprin\u0101tu \u0101das elast\u012bbu, uzlabotu t\u0101s tekst\u016bru un intens\u012bvi mitrin\u0101tu.","breadcrumb":{"@id":"https:\/\/www.facecorner.lv\/shop\/medipeel-premium-collagen-naite-massage-cream-stick-krema-stiks-masazai-55ml\/#breadcrumb"},"inLanguage":"en-US","potentialAction":[{"@type":"ReadAction","target":["https:\/\/www.facecorner.lv\/shop\/medipeel-premium-collagen-naite-massage-cream-stick-krema-stiks-masazai-55ml\/"]}]},{"@type":"ImageObject","inLanguage":"en-US","@id":"https:\/\/www.facecorner.lv\/shop\/medipeel-premium-collagen-naite-massage-cream-stick-krema-stiks-masazai-55ml\/#primaryimage","url":"https:\/\/www.facecorner.lv\/wp-content\/uploads\/2026\/02\/194_4f8f03e7-43aa-49e7-8be1-313051d422b1.webp","contentUrl":"https:\/\/www.facecorner.lv\/wp-content\/uploads\/2026\/02\/194_4f8f03e7-43aa-49e7-8be1-313051d422b1.webp","width":1500,"height":1500,"caption":"MEDIPEEL Premium Collagen Naite Massage Cream Stick"},{"@type":"BreadcrumbList","@id":"https:\/\/www.facecorner.lv\/shop\/medipeel-premium-collagen-naite-massage-cream-stick-krema-stiks-masazai-55ml\/#breadcrumb","itemListElement":[{"@type":"ListItem","position":1,"name":"Home","item":"https:\/\/www.facecorner.lv\/"},{"@type":"ListItem","position":2,"name":"Veikals","item":"https:\/\/www.facecorner.lv\/shop\/"},{"@type":"ListItem","position":3,"name":"MEDIPEEL Premium Collagen Naite Massage Cream Stick kr\u0113ma stiks mas\u0101\u017eai 55ml"}]},{"@type":"WebSite","@id":"https:\/\/www.facecorner.lv\/#website","url":"https:\/\/www.facecorner.lv\/","name":"Facecorner","description":"","publisher":{"@id":"https:\/\/www.facecorner.lv\/#organization"},"potentialAction":[{"@type":"SearchAction","target":{"@type":"EntryPoint","urlTemplate":"https:\/\/www.facecorner.lv\/?s={search_term_string}"},"query-input":{"@type":"PropertyValueSpecification","valueRequired":true,"valueName":"search_term_string"}}],"inLanguage":"en-US"},{"@type":"Organization","@id":"https:\/\/www.facecorner.lv\/#organization","name":"Facecorner","url":"https:\/\/www.facecorner.lv\/","logo":{"@type":"ImageObject","inLanguage":"en-US","@id":"https:\/\/www.facecorner.lv\/#\/schema\/logo\/image\/","url":"https:\/\/www.facecorner.lv\/wp-content\/uploads\/2024\/04\/fc-logo.jpg","contentUrl":"https:\/\/www.facecorner.lv\/wp-content\/uploads\/2024\/04\/fc-logo.jpg","width":174,"height":28,"caption":"Facecorner"},"image":{"@id":"https:\/\/www.facecorner.lv\/#\/schema\/logo\/image\/"},"sameAs":["https:\/\/www.facebook.com\/profile.php?id=100063824551839","https:\/\/www.instagram.com\/facecorner_shop\/"]}]},"product_price_amount":"22.95","product_price_currency":"EUR","og_availability":"out of stock","product_availability":"out of stock","product_condition":"new"},"_links":{"self":[{"href":"https:\/\/www.facecorner.lv\/en\/wp-json\/wp\/v2\/product\/26783","targetHints":{"allow":["GET"]}}],"collection":[{"href":"https:\/\/www.facecorner.lv\/en\/wp-json\/wp\/v2\/product"}],"about":[{"href":"https:\/\/www.facecorner.lv\/en\/wp-json\/wp\/v2\/types\/product"}],"replies":[{"embeddable":true,"href":"https:\/\/www.facecorner.lv\/en\/wp-json\/wp\/v2\/comments?post=26783"}],"wp:featuredmedia":[{"embeddable":true,"href":"https:\/\/www.facecorner.lv\/en\/wp-json\/wp\/v2\/media\/26784"}],"wp:attachment":[{"href":"https:\/\/www.facecorner.lv\/en\/wp-json\/wp\/v2\/media?parent=26783"}],"wp:term":[{"taxonomy":"product_brand","embeddable":true,"href":"https:\/\/www.facecorner.lv\/en\/wp-json\/wp\/v2\/product_brand?post=26783"},{"taxonomy":"product_cat","embeddable":true,"href":"https:\/\/www.facecorner.lv\/en\/wp-json\/wp\/v2\/product_cat?post=26783"},{"taxonomy":"product_tag","embeddable":true,"href":"https:\/\/www.facecorner.lv\/en\/wp-json\/wp\/v2\/product_tag?post=26783"},{"taxonomy":"berocket_brand","embeddable":true,"href":"https:\/\/www.facecorner.lv\/en\/wp-json\/wp\/v2\/berocket_brand?post=26783"}],"curies":[{"name":"wp","href":"https:\/\/api.w.org\/{rel}","templated":true}]}}