{"id":26745,"date":"2026-01-28T16:19:08","date_gmt":"2026-01-28T13:19:08","guid":{"rendered":"https:\/\/www.facecorner.lv\/?post_type=product&#038;p=26745"},"modified":"2026-02-01T14:15:24","modified_gmt":"2026-02-01T11:15:24","slug":"medicube-azelaic-acid-exosome-shot-7500-koncentrets-ampulas-serums-intensivai-poru-kopsanai-30ml","status":"publish","type":"product","link":"https:\/\/www.facecorner.lv\/en\/shop\/medicube-azelaic-acid-exosome-shot-7500-koncentrets-ampulas-serums-intensivai-poru-kopsanai-30ml\/","title":{"rendered":"Medicube Azelaic Acid Exosome Shot 7500 koncentr\u0113ts ampulas serums intens\u012bvai poru kop\u0161anai 30ml"},"content":{"rendered":"<p>Medicube Azelaic Acid Exosome Shot 7500 ir \u013coti koncentr\u0113ts ampulas serums intens\u012bvai poru kop\u0161anai, sebuma kontrolei un vienm\u0113r\u012bgam \u0101das tonim.<\/p>\n<p>Pamata sast\u0101v\u0101 ir 7500 ppm spicules (mikroadatas) dzi\u013cai iek\u013c\u016b\u0161anai un eksosomas re\u0123ener\u0101cijai, kas savelk poras, c\u012bn\u0101s ar akni un postakni. Tas ir piem\u0113rots visiem \u0101das tipiem, tostarp jut\u012bgai \u0101dai, un nodro\u0161ina iev\u0113rojamu rezult\u0101tu jau p\u0113c pirm\u0101s lieto\u0161anas reizes.<\/p>\n<p><strong>Iedarb\u012bba<\/strong>: Samazina papla\u0161in\u0101tas poras, regul\u0113 sebuma izdal\u012b\u0161anos, padara gai\u0161\u0101ku pigment\u0101ciju un p\u0113caknes plankumus, izl\u012bdzina \u0101das reljefu.<\/p>\n<h6>Bubble Pop Cleanser products fine, soft foam to cleanse away dead skin, sebum and makeup residue from your face, while hyaluronic acid moisturizes your skin.<\/h6>\n<ul>\n<li>Spicules (7500 ppm): Mikroadatas, kas stimul\u0113 \u0101das atjauno\u0161anos un nog\u0101d\u0101 komponentus dzi\u013c\u0101kajos \u0101das sl\u0101\u0146os.<\/li>\n<li>Eksosomas (laktobakt\u0113rijas): Atjauno aizsargbarjeru, mazina iekaisumu un nodro\u0161ina dzi\u013cu atvese\u013co\u0161anos.<\/li>\n<li>Azela\u012bnsk\u0101be: C\u012bn\u0101s ar akni, aps\u0101rtumu un pigment\u0101ciju.<\/li>\n<li>Niacinam\u012bds, pantenols, sk\u0101bes (AHA, BHA, PHA): Mitrina, noloba un nomierina.<\/li>\n<\/ul>\n<p><strong>How to use:<\/strong> Lieto vakara kop\u0161anai. Uzkl\u0101jiet 2-3 pilienus uz t\u012bras, sausas \u0101das, viegli piespie\u017eot, l\u012bdz tas piln\u012bb\u0101 ies\u016bcas. Lieto\u0161anas bie\u017eums \u2014 2-3 reizes ned\u0113\u013c\u0101. Dienas laik\u0101 noteikti lietojiet SPF aizsardz\u012bbu.<\/p>\n<p><strong>Sast\u0101vs:<\/strong> Water, Dipropylene Glycol, Niacinamide, Glycerin, Hydrolyzed Sponge, Sodium Polyacrylate, Hydroxyacetophenone, 1,2\u2011Hexanediol, Cetearyl Olivate, Hydrogenated Polydecene, Melia Azadirachta Leaf Extract, Sorbitan Olivate, Melia Azadirachta Flower Extract, Ethylhexylglycerin, Coccinia Indica Fruit Extract, Adenosine, Calcium Aluminum Borosilicate, Caprylyl\/Capryl Glucoside, Disodium EDTA, Aloe Barbadensis Flower Extract, Solanum Melongena (Eggplant) Fruit Extract, Azelaic Acid, Ocimum Sanctum Leaf Extract, Gardenia Florida Fruit Extract, Lactobacillus Extracellular Vesicles, Corallina Officinalis Extract, Curcuma Longa (Turmeric) Root Extract, Dextrin, Butylene Glycol, Betaine Salicylate, Citric Acid, Dipotassium Glycyrrhizate, Milk Exosomes, Panthenol, Campsis Grandiflora Flower Extract, Centella Asiatica Extract, Centella Asiatica Leaf Extract, Centella Asiatica Root Extract, Saccharomyces Ferment, Dimethylsilanol Hyaluronate, Hydrolyzed Hyaluronic Acid, Potassium Hyaluronate, Sodium Hyaluronate, Hydroxypropyltrimonium Hyaluronate, Sodium Hyaluronate Crosspolymer, Sodium Hyaluronate Dimethylsilanol, Sodium Acetylated Hyaluronate, Asiaticoside, Madecassoside, Asiatic Acid, Madecassic Acid<\/p>","protected":false},"excerpt":{"rendered":"<p>Medicube Azelaic Acid Exosome Shot 7500 ir \u013coti koncentr\u0113ts ampulas serums intens\u012bvai poru kop\u0161anai, sebuma kontrolei un vienm\u0113r\u012bgam \u0101das tonim.<\/p>","protected":false},"featured_media":26746,"comment_status":"open","ping_status":"closed","template":"","meta":{"site-sidebar-layout":"default","site-content-layout":"","ast-site-content-layout":"default","site-content-style":"default","site-sidebar-style":"default","ast-global-header-display":"","ast-banner-title-visibility":"","ast-main-header-display":"","ast-hfb-above-header-display":"","ast-hfb-below-header-display":"","ast-hfb-mobile-header-display":"","site-post-title":"","ast-breadcrumbs-content":"","ast-featured-img":"","footer-sml-layout":"","theme-transparent-header-meta":"default","adv-header-id-meta":"","stick-header-meta":"","header-above-stick-meta":"","header-main-stick-meta":"","header-below-stick-meta":"","astra-migrate-meta-layouts":"set","ast-page-background-enabled":"default","ast-page-background-meta":{"desktop":{"background-color":"var(--ast-global-color-4)","background-image":"","background-repeat":"repeat","background-position":"center center","background-size":"auto","background-attachment":"scroll","background-type":"","background-media":"","overlay-type":"","overlay-color":"","overlay-opacity":"","overlay-gradient":""},"tablet":{"background-color":"","background-image":"","background-repeat":"repeat","background-position":"center center","background-size":"auto","background-attachment":"scroll","background-type":"","background-media":"","overlay-type":"","overlay-color":"","overlay-opacity":"","overlay-gradient":""},"mobile":{"background-color":"","background-image":"","background-repeat":"repeat","background-position":"center center","background-size":"auto","background-attachment":"scroll","background-type":"","background-media":"","overlay-type":"","overlay-color":"","overlay-opacity":"","overlay-gradient":""}},"ast-content-background-meta":{"desktop":{"background-color":"var(--ast-global-color-5)","background-image":"","background-repeat":"repeat","background-position":"center center","background-size":"auto","background-attachment":"scroll","background-type":"","background-media":"","overlay-type":"","overlay-color":"","overlay-opacity":"","overlay-gradient":""},"tablet":{"background-color":"var(--ast-global-color-5)","background-image":"","background-repeat":"repeat","background-position":"center center","background-size":"auto","background-attachment":"scroll","background-type":"","background-media":"","overlay-type":"","overlay-color":"","overlay-opacity":"","overlay-gradient":""},"mobile":{"background-color":"var(--ast-global-color-5)","background-image":"","background-repeat":"repeat","background-position":"center center","background-size":"auto","background-attachment":"scroll","background-type":"","background-media":"","overlay-type":"","overlay-color":"","overlay-opacity":"","overlay-gradient":""}}},"product_brand":[],"product_cat":[370,371,373,374,363],"product_tag":[],"berocket_brand":[579],"class_list":{"0":"post-26745","1":"product","2":"type-product","3":"status-publish","4":"has-post-thumbnail","6":"product_cat-adas-mirdzumam","7":"product_cat-anti-age","8":"product_cat-poras-sasaurinoss","9":"product_cat-pret-pinnem","10":"product_cat-serumi","11":"berocket_brand-medicube","12":"desktop-align-left","13":"tablet-align-left","14":"mobile-align-left","16":"first","17":"outofstock","18":"taxable","19":"shipping-taxable","20":"purchasable","21":"product-type-simple","22":"add-to-wishlist-before_image"},"yoast_head":"<!-- This site is optimized with the Yoast SEO plugin v27.4 - https:\/\/yoast.com\/product\/yoast-seo-wordpress\/ -->\n<title>Medicube Azelaic Acid Exosome Shot 7500 koncentr\u0113ts ampulas serums intens\u012bvai poru kop\u0161anai 30ml - FACECORNER<\/title>\n<meta name=\"description\" content=\"Medicube Azelaic Acid Exosome Shot 7500 ir \u013coti koncentr\u0113ts ampulas serums intens\u012bvai poru kop\u0161anai, sebuma kontrolei un vienm\u0113r\u012bgam \u0101das tonim.\" \/>\n<meta name=\"robots\" content=\"index, follow, max-snippet:-1, max-image-preview:large, max-video-preview:-1\" \/>\n<link rel=\"canonical\" href=\"https:\/\/www.facecorner.lv\/en\/shop\/medicube-azelaic-acid-exosome-shot-7500-koncentrets-ampulas-serums-intensivai-poru-kopsanai-30ml\/\" \/>\n<meta property=\"og:locale\" content=\"en_US\" \/>\n<meta property=\"og:type\" content=\"article\" \/>\n<meta property=\"og:title\" content=\"Medicube Azelaic Acid Exosome Shot 7500 koncentr\u0113ts ampulas serums intens\u012bvai poru kop\u0161anai 30ml - FACECORNER\" \/>\n<meta property=\"og:description\" content=\"Medicube Azelaic Acid Exosome Shot 7500 ir \u013coti koncentr\u0113ts ampulas serums intens\u012bvai poru kop\u0161anai, sebuma kontrolei un vienm\u0113r\u012bgam \u0101das tonim.\" \/>\n<meta property=\"og:url\" content=\"https:\/\/www.facecorner.lv\/en\/shop\/medicube-azelaic-acid-exosome-shot-7500-koncentrets-ampulas-serums-intensivai-poru-kopsanai-30ml\/\" \/>\n<meta property=\"og:site_name\" content=\"FACECORNER\" \/>\n<meta property=\"article:publisher\" content=\"https:\/\/www.facebook.com\/profile.php?id=100063824551839\" \/>\n<meta property=\"article:modified_time\" content=\"2026-02-01T11:15:24+00:00\" \/>\n<meta property=\"og:image\" content=\"https:\/\/www.facecorner.lv\/wp-content\/uploads\/2026\/01\/71DWV7A9oIL._AC_UF10001000_QL80_.jpg\" \/>\n\t<meta property=\"og:image:width\" content=\"923\" \/>\n\t<meta property=\"og:image:height\" content=\"1000\" \/>\n\t<meta property=\"og:image:type\" content=\"image\/jpeg\" \/>\n<meta name=\"twitter:card\" content=\"summary_large_image\" \/>\n<meta name=\"twitter:label1\" content=\"Price\" \/>\n\t<meta name=\"twitter:data1\" content=\"&euro;32.00\" \/>\n\t<meta name=\"twitter:label2\" content=\"Availability\" \/>\n\t<meta name=\"twitter:data2\" content=\"Out of stock\" \/>\n<script type=\"application\/ld+json\" class=\"yoast-schema-graph\">{\"@context\":\"https:\\\/\\\/schema.org\",\"@graph\":[{\"@type\":\"WebPage\",\"@id\":\"https:\\\/\\\/www.facecorner.lv\\\/shop\\\/medicube-azelaic-acid-exosome-shot-7500-koncentrets-ampulas-serums-intensivai-poru-kopsanai-30ml\\\/\",\"url\":\"https:\\\/\\\/www.facecorner.lv\\\/shop\\\/medicube-azelaic-acid-exosome-shot-7500-koncentrets-ampulas-serums-intensivai-poru-kopsanai-30ml\\\/\",\"name\":\"Medicube Azelaic Acid Exosome Shot 7500 koncentr\u0113ts ampulas serums intens\u012bvai poru kop\u0161anai 30ml - FACECORNER\",\"isPartOf\":{\"@id\":\"https:\\\/\\\/www.facecorner.lv\\\/#website\"},\"primaryImageOfPage\":{\"@id\":\"https:\\\/\\\/www.facecorner.lv\\\/shop\\\/medicube-azelaic-acid-exosome-shot-7500-koncentrets-ampulas-serums-intensivai-poru-kopsanai-30ml\\\/#primaryimage\"},\"image\":{\"@id\":\"https:\\\/\\\/www.facecorner.lv\\\/shop\\\/medicube-azelaic-acid-exosome-shot-7500-koncentrets-ampulas-serums-intensivai-poru-kopsanai-30ml\\\/#primaryimage\"},\"thumbnailUrl\":\"https:\\\/\\\/www.facecorner.lv\\\/wp-content\\\/uploads\\\/2026\\\/01\\\/71DWV7A9oIL._AC_UF10001000_QL80_.jpg\",\"datePublished\":\"2026-01-28T13:19:08+00:00\",\"dateModified\":\"2026-02-01T11:15:24+00:00\",\"description\":\"Medicube Azelaic Acid Exosome Shot 7500 ir \u013coti koncentr\u0113ts ampulas serums intens\u012bvai poru kop\u0161anai, sebuma kontrolei un vienm\u0113r\u012bgam \u0101das tonim.\",\"breadcrumb\":{\"@id\":\"https:\\\/\\\/www.facecorner.lv\\\/shop\\\/medicube-azelaic-acid-exosome-shot-7500-koncentrets-ampulas-serums-intensivai-poru-kopsanai-30ml\\\/#breadcrumb\"},\"inLanguage\":\"en-US\",\"potentialAction\":[{\"@type\":\"ReadAction\",\"target\":[\"https:\\\/\\\/www.facecorner.lv\\\/shop\\\/medicube-azelaic-acid-exosome-shot-7500-koncentrets-ampulas-serums-intensivai-poru-kopsanai-30ml\\\/\"]}]},{\"@type\":\"ImageObject\",\"inLanguage\":\"en-US\",\"@id\":\"https:\\\/\\\/www.facecorner.lv\\\/shop\\\/medicube-azelaic-acid-exosome-shot-7500-koncentrets-ampulas-serums-intensivai-poru-kopsanai-30ml\\\/#primaryimage\",\"url\":\"https:\\\/\\\/www.facecorner.lv\\\/wp-content\\\/uploads\\\/2026\\\/01\\\/71DWV7A9oIL._AC_UF10001000_QL80_.jpg\",\"contentUrl\":\"https:\\\/\\\/www.facecorner.lv\\\/wp-content\\\/uploads\\\/2026\\\/01\\\/71DWV7A9oIL._AC_UF10001000_QL80_.jpg\",\"width\":923,\"height\":1000,\"caption\":\"Medicube Azelaic Acid Exosome Shot 7500\"},{\"@type\":\"BreadcrumbList\",\"@id\":\"https:\\\/\\\/www.facecorner.lv\\\/shop\\\/medicube-azelaic-acid-exosome-shot-7500-koncentrets-ampulas-serums-intensivai-poru-kopsanai-30ml\\\/#breadcrumb\",\"itemListElement\":[{\"@type\":\"ListItem\",\"position\":1,\"name\":\"Home\",\"item\":\"https:\\\/\\\/www.facecorner.lv\\\/\"},{\"@type\":\"ListItem\",\"position\":2,\"name\":\"Veikals\",\"item\":\"https:\\\/\\\/www.facecorner.lv\\\/shop\\\/\"},{\"@type\":\"ListItem\",\"position\":3,\"name\":\"Medicube Azelaic Acid Exosome Shot 7500 koncentr\u0113ts ampulas serums intens\u012bvai poru kop\u0161anai 30ml\"}]},{\"@type\":\"WebSite\",\"@id\":\"https:\\\/\\\/www.facecorner.lv\\\/#website\",\"url\":\"https:\\\/\\\/www.facecorner.lv\\\/\",\"name\":\"Facecorner\",\"description\":\"\",\"publisher\":{\"@id\":\"https:\\\/\\\/www.facecorner.lv\\\/#organization\"},\"potentialAction\":[{\"@type\":\"SearchAction\",\"target\":{\"@type\":\"EntryPoint\",\"urlTemplate\":\"https:\\\/\\\/www.facecorner.lv\\\/?s={search_term_string}\"},\"query-input\":{\"@type\":\"PropertyValueSpecification\",\"valueRequired\":true,\"valueName\":\"search_term_string\"}}],\"inLanguage\":\"en-US\"},{\"@type\":\"Organization\",\"@id\":\"https:\\\/\\\/www.facecorner.lv\\\/#organization\",\"name\":\"Facecorner\",\"url\":\"https:\\\/\\\/www.facecorner.lv\\\/\",\"logo\":{\"@type\":\"ImageObject\",\"inLanguage\":\"en-US\",\"@id\":\"https:\\\/\\\/www.facecorner.lv\\\/#\\\/schema\\\/logo\\\/image\\\/\",\"url\":\"https:\\\/\\\/www.facecorner.lv\\\/wp-content\\\/uploads\\\/2024\\\/04\\\/fc-logo.jpg\",\"contentUrl\":\"https:\\\/\\\/www.facecorner.lv\\\/wp-content\\\/uploads\\\/2024\\\/04\\\/fc-logo.jpg\",\"width\":174,\"height\":28,\"caption\":\"Facecorner\"},\"image\":{\"@id\":\"https:\\\/\\\/www.facecorner.lv\\\/#\\\/schema\\\/logo\\\/image\\\/\"},\"sameAs\":[\"https:\\\/\\\/www.facebook.com\\\/profile.php?id=100063824551839\",\"https:\\\/\\\/www.instagram.com\\\/facecorner_shop\\\/\"]}]}<\/script>\n<meta property=\"product:price:amount\" content=\"32.00\" \/>\n<meta property=\"product:price:currency\" content=\"EUR\" \/>\n<meta property=\"og:availability\" content=\"out of stock\" \/>\n<meta property=\"product:availability\" content=\"out of stock\" \/>\n<meta property=\"product:condition\" content=\"new\" \/>\n<!-- \/ Yoast SEO plugin. -->","yoast_head_json":{"title":"Medicube Azelaic Acid Exosome Shot 7500 koncentr\u0113ts ampulas serums intens\u012bvai poru kop\u0161anai 30ml - FACECORNER","description":"Medicube Azelaic Acid Exosome Shot 7500 ir \u013coti koncentr\u0113ts ampulas serums intens\u012bvai poru kop\u0161anai, sebuma kontrolei un vienm\u0113r\u012bgam \u0101das tonim.","robots":{"index":"index","follow":"follow","max-snippet":"max-snippet:-1","max-image-preview":"max-image-preview:large","max-video-preview":"max-video-preview:-1"},"canonical":"https:\/\/www.facecorner.lv\/en\/shop\/medicube-azelaic-acid-exosome-shot-7500-koncentrets-ampulas-serums-intensivai-poru-kopsanai-30ml\/","og_locale":"en_US","og_type":"article","og_title":"Medicube Azelaic Acid Exosome Shot 7500 koncentr\u0113ts ampulas serums intens\u012bvai poru kop\u0161anai 30ml - FACECORNER","og_description":"Medicube Azelaic Acid Exosome Shot 7500 ir \u013coti koncentr\u0113ts ampulas serums intens\u012bvai poru kop\u0161anai, sebuma kontrolei un vienm\u0113r\u012bgam \u0101das tonim.","og_url":"https:\/\/www.facecorner.lv\/en\/shop\/medicube-azelaic-acid-exosome-shot-7500-koncentrets-ampulas-serums-intensivai-poru-kopsanai-30ml\/","og_site_name":"FACECORNER","article_publisher":"https:\/\/www.facebook.com\/profile.php?id=100063824551839","article_modified_time":"2026-02-01T11:15:24+00:00","og_image":[{"width":923,"height":1000,"url":"https:\/\/www.facecorner.lv\/wp-content\/uploads\/2026\/01\/71DWV7A9oIL._AC_UF10001000_QL80_.jpg","type":"image\/jpeg"}],"twitter_card":"summary_large_image","twitter_misc":{"Price":"&euro;32.00","Availability":"Out of stock"},"schema":{"@context":"https:\/\/schema.org","@graph":[{"@type":"WebPage","@id":"https:\/\/www.facecorner.lv\/shop\/medicube-azelaic-acid-exosome-shot-7500-koncentrets-ampulas-serums-intensivai-poru-kopsanai-30ml\/","url":"https:\/\/www.facecorner.lv\/shop\/medicube-azelaic-acid-exosome-shot-7500-koncentrets-ampulas-serums-intensivai-poru-kopsanai-30ml\/","name":"Medicube Azelaic Acid Exosome Shot 7500 koncentr\u0113ts ampulas serums intens\u012bvai poru kop\u0161anai 30ml - FACECORNER","isPartOf":{"@id":"https:\/\/www.facecorner.lv\/#website"},"primaryImageOfPage":{"@id":"https:\/\/www.facecorner.lv\/shop\/medicube-azelaic-acid-exosome-shot-7500-koncentrets-ampulas-serums-intensivai-poru-kopsanai-30ml\/#primaryimage"},"image":{"@id":"https:\/\/www.facecorner.lv\/shop\/medicube-azelaic-acid-exosome-shot-7500-koncentrets-ampulas-serums-intensivai-poru-kopsanai-30ml\/#primaryimage"},"thumbnailUrl":"https:\/\/www.facecorner.lv\/wp-content\/uploads\/2026\/01\/71DWV7A9oIL._AC_UF10001000_QL80_.jpg","datePublished":"2026-01-28T13:19:08+00:00","dateModified":"2026-02-01T11:15:24+00:00","description":"Medicube Azelaic Acid Exosome Shot 7500 ir \u013coti koncentr\u0113ts ampulas serums intens\u012bvai poru kop\u0161anai, sebuma kontrolei un vienm\u0113r\u012bgam \u0101das tonim.","breadcrumb":{"@id":"https:\/\/www.facecorner.lv\/shop\/medicube-azelaic-acid-exosome-shot-7500-koncentrets-ampulas-serums-intensivai-poru-kopsanai-30ml\/#breadcrumb"},"inLanguage":"en-US","potentialAction":[{"@type":"ReadAction","target":["https:\/\/www.facecorner.lv\/shop\/medicube-azelaic-acid-exosome-shot-7500-koncentrets-ampulas-serums-intensivai-poru-kopsanai-30ml\/"]}]},{"@type":"ImageObject","inLanguage":"en-US","@id":"https:\/\/www.facecorner.lv\/shop\/medicube-azelaic-acid-exosome-shot-7500-koncentrets-ampulas-serums-intensivai-poru-kopsanai-30ml\/#primaryimage","url":"https:\/\/www.facecorner.lv\/wp-content\/uploads\/2026\/01\/71DWV7A9oIL._AC_UF10001000_QL80_.jpg","contentUrl":"https:\/\/www.facecorner.lv\/wp-content\/uploads\/2026\/01\/71DWV7A9oIL._AC_UF10001000_QL80_.jpg","width":923,"height":1000,"caption":"Medicube Azelaic Acid Exosome Shot 7500"},{"@type":"BreadcrumbList","@id":"https:\/\/www.facecorner.lv\/shop\/medicube-azelaic-acid-exosome-shot-7500-koncentrets-ampulas-serums-intensivai-poru-kopsanai-30ml\/#breadcrumb","itemListElement":[{"@type":"ListItem","position":1,"name":"Home","item":"https:\/\/www.facecorner.lv\/"},{"@type":"ListItem","position":2,"name":"Veikals","item":"https:\/\/www.facecorner.lv\/shop\/"},{"@type":"ListItem","position":3,"name":"Medicube Azelaic Acid Exosome Shot 7500 koncentr\u0113ts ampulas serums intens\u012bvai poru kop\u0161anai 30ml"}]},{"@type":"WebSite","@id":"https:\/\/www.facecorner.lv\/#website","url":"https:\/\/www.facecorner.lv\/","name":"Facecorner","description":"","publisher":{"@id":"https:\/\/www.facecorner.lv\/#organization"},"potentialAction":[{"@type":"SearchAction","target":{"@type":"EntryPoint","urlTemplate":"https:\/\/www.facecorner.lv\/?s={search_term_string}"},"query-input":{"@type":"PropertyValueSpecification","valueRequired":true,"valueName":"search_term_string"}}],"inLanguage":"en-US"},{"@type":"Organization","@id":"https:\/\/www.facecorner.lv\/#organization","name":"Facecorner","url":"https:\/\/www.facecorner.lv\/","logo":{"@type":"ImageObject","inLanguage":"en-US","@id":"https:\/\/www.facecorner.lv\/#\/schema\/logo\/image\/","url":"https:\/\/www.facecorner.lv\/wp-content\/uploads\/2024\/04\/fc-logo.jpg","contentUrl":"https:\/\/www.facecorner.lv\/wp-content\/uploads\/2024\/04\/fc-logo.jpg","width":174,"height":28,"caption":"Facecorner"},"image":{"@id":"https:\/\/www.facecorner.lv\/#\/schema\/logo\/image\/"},"sameAs":["https:\/\/www.facebook.com\/profile.php?id=100063824551839","https:\/\/www.instagram.com\/facecorner_shop\/"]}]},"product_price_amount":"32.00","product_price_currency":"EUR","og_availability":"out of stock","product_availability":"out of stock","product_condition":"new"},"_links":{"self":[{"href":"https:\/\/www.facecorner.lv\/en\/wp-json\/wp\/v2\/product\/26745","targetHints":{"allow":["GET"]}}],"collection":[{"href":"https:\/\/www.facecorner.lv\/en\/wp-json\/wp\/v2\/product"}],"about":[{"href":"https:\/\/www.facecorner.lv\/en\/wp-json\/wp\/v2\/types\/product"}],"replies":[{"embeddable":true,"href":"https:\/\/www.facecorner.lv\/en\/wp-json\/wp\/v2\/comments?post=26745"}],"wp:featuredmedia":[{"embeddable":true,"href":"https:\/\/www.facecorner.lv\/en\/wp-json\/wp\/v2\/media\/26746"}],"wp:attachment":[{"href":"https:\/\/www.facecorner.lv\/en\/wp-json\/wp\/v2\/media?parent=26745"}],"wp:term":[{"taxonomy":"product_brand","embeddable":true,"href":"https:\/\/www.facecorner.lv\/en\/wp-json\/wp\/v2\/product_brand?post=26745"},{"taxonomy":"product_cat","embeddable":true,"href":"https:\/\/www.facecorner.lv\/en\/wp-json\/wp\/v2\/product_cat?post=26745"},{"taxonomy":"product_tag","embeddable":true,"href":"https:\/\/www.facecorner.lv\/en\/wp-json\/wp\/v2\/product_tag?post=26745"},{"taxonomy":"berocket_brand","embeddable":true,"href":"https:\/\/www.facecorner.lv\/en\/wp-json\/wp\/v2\/berocket_brand?post=26745"}],"curies":[{"name":"wp","href":"https:\/\/api.w.org\/{rel}","templated":true}]}}