{"id":26738,"date":"2026-01-28T16:00:12","date_gmt":"2026-01-28T13:00:12","guid":{"rendered":"https:\/\/www.facecorner.lv\/?post_type=product&#038;p=26738"},"modified":"2026-02-12T16:23:03","modified_gmt":"2026-02-12T13:23:03","slug":"medicube-azelaic-acid-16-bb-nomierinosais-serums-ar-16-azelainskabe-30ml","status":"publish","type":"product","link":"https:\/\/www.facecorner.lv\/en\/shop\/medicube-azelaic-acid-16-bb-nomierinosais-serums-ar-16-azelainskabe-30ml\/","title":{"rendered":"Medicube Azelaic Acid 16 BB nomierino\u0161ais serums ar 16% azela\u012bnsk\u0101be 30ml"},"content":{"rendered":"<p>Medicube Azelaic Acid 16 BB augsti koncentr\u0113ts sejas serums ar 16% azela\u012bnsk\u0101bi, kas izstr\u0101d\u0101ts kompleksai problem\u0101tiskas \u0101das kop\u0161anai, kurai ir nosliece uz akni, aps\u0101rtumu un nevienm\u0113r\u012bgu \u0101das toni.<\/p>\n<p>Efekt\u012bvi c\u012bn\u0101s ar iekaisumu, regul\u0113 tauku dziedzeru darb\u012bbu un pal\u012bdz atjaunot vesel\u012bgu, vienm\u0113r\u012bgu un l\u012bdzsvarotu sejas kr\u0101su bez kairin\u0101juma.<\/p>\n<h6>Priek\u0161roc\u012bbas:<\/h6>\n<ul>\n<li>Tas mazina iekaisumu un aps\u0101rtumu, pal\u012bdz mazin\u0101t akni un kairin\u0101jumu.<\/li>\n<li>Samazina\u00a0 hiperpigment\u0101cijas redzam\u012bbu, izl\u012bdzina \u0101das toni.<\/li>\n<li>Att\u012bra poras un kontrol\u0113 sebuma izdal\u012b\u0161anos, padarot \u0101du glud\u0101ku un maz\u0101k sp\u012bd\u012bgu.<\/li>\n<li>Stiprina \u0101das aizsargbarjeru, uztur mitrumu un palielina \u0101das iztur\u012bbu pret \u0101r\u0113jiem faktoriem.<\/li>\n<li>Piem\u0113rots visiem \u0101das tipiem, ieskaitot jut\u012bgu un uz akni tend\u0113tu \u0101du.<\/li>\n<\/ul>\n<h6>It is a total care mask that tightens the skin.<\/h6>\n<ul>\n<li>Azela\u012bnsk\u0101be (16%) ir sp\u0113c\u012bga pretiekaisuma un antibakteri\u0101la sast\u0101vda\u013ca, kas efekt\u012bvi mazina aps\u0101rtumu, c\u012bn\u0101s ar akni, uzlabo tekst\u016bru un pal\u012bdz balin\u0101t pigmenta plankumus.<\/li>\n<li>Niacinam\u012bds (B3 vitam\u012bns) \u2014 izl\u012bdzina \u0101das toni, samazina poru redzam\u012bbu un uztur barjeras funkciju<\/li>\n<li>\u0100zijas centellas, alvejas un citu augu sast\u0101vda\u013cu ekstrakti \u2014 pastiprina nomierino\u0161o efektu un atbalsta \u0101das dabisko vesel\u012bbu.<\/li>\n<\/ul>\n<p><strong>How to use:\u00a0<\/strong>Uzkl\u0101t p\u0113c att\u012br\u012b\u0161anas un tonika lieto\u0161anas uz sausas \u0101das.Uzkl\u0101jiet da\u017eus pilienus uz sejas, viegli iemas\u0113jot, l\u012bdz tas piln\u012bb\u0101 ies\u016bcas.Lietojiet no r\u012bta un\/vai vakar\u0101, noteikti pabeidziet r\u012bta kop\u0161anas proced\u016bru ar SPF aizsardz\u012bbu.<\/p>\n<p><strong>Sast\u0101vs<\/strong>: <span style=\"font-size: 16px;\">Water, Azelaic Acid, Butylene Glycol, Propanediol, Sodium Hydroxide, Propylene Glycol, Alcohol Denat., 1,2-Hexanediol, Niacinamide, Citric Acid, Glycerin, Caprylyl Glycol, Melia Azadirachta Leaf Extract, Melia Azadirachta Flower Extract, Coccinia Indica Fruit Extract, Aloe Barbadensis Leaf Extract, Solanum Melongena (Eggplant) Fruit Extract, Ocimum Sanctum Leaf Extract, Allantoin, Centella Asiatica Extract, Panthenol, Curcuma Longa (Turmeric) Root Extract, Corallina Officinalis Extract, Pantothenic Acid, Adenosine, Mononucleotide, Hydrolyzed Pea Protein, Hydrogenated Lecithin, Olea Europaea (Olive) Fruit Oil, Squalane, Butyrospermum Parkii (Shea) Butter, Ceramide NP<\/span><\/p>\n<div class=\"product__components\"><\/div>\n<h3 data-start=\"1038\" data-end=\"1066\"><\/h3>","protected":false},"excerpt":{"rendered":"<p>Medicube Azelaic Acid 16 BB augsti koncentr\u0113ts sejas serums ar 16% azela\u012bnsk\u0101bi, kas izstr\u0101d\u0101ts kompleksai problem\u0101tiskas \u0101das kop\u0161anai, kurai ir nosliece uz akni, aps\u0101rtumu un nevienm\u0113r\u012bgu \u0101das toni.<\/p>","protected":false},"featured_media":26739,"comment_status":"open","ping_status":"closed","template":"","meta":{"site-sidebar-layout":"default","site-content-layout":"","ast-site-content-layout":"default","site-content-style":"default","site-sidebar-style":"default","ast-global-header-display":"","ast-banner-title-visibility":"","ast-main-header-display":"","ast-hfb-above-header-display":"","ast-hfb-below-header-display":"","ast-hfb-mobile-header-display":"","site-post-title":"","ast-breadcrumbs-content":"","ast-featured-img":"","footer-sml-layout":"","theme-transparent-header-meta":"default","adv-header-id-meta":"","stick-header-meta":"","header-above-stick-meta":"","header-main-stick-meta":"","header-below-stick-meta":"","astra-migrate-meta-layouts":"set","ast-page-background-enabled":"default","ast-page-background-meta":{"desktop":{"background-color":"var(--ast-global-color-4)","background-image":"","background-repeat":"repeat","background-position":"center center","background-size":"auto","background-attachment":"scroll","background-type":"","background-media":"","overlay-type":"","overlay-color":"","overlay-opacity":"","overlay-gradient":""},"tablet":{"background-color":"","background-image":"","background-repeat":"repeat","background-position":"center center","background-size":"auto","background-attachment":"scroll","background-type":"","background-media":"","overlay-type":"","overlay-color":"","overlay-opacity":"","overlay-gradient":""},"mobile":{"background-color":"","background-image":"","background-repeat":"repeat","background-position":"center center","background-size":"auto","background-attachment":"scroll","background-type":"","background-media":"","overlay-type":"","overlay-color":"","overlay-opacity":"","overlay-gradient":""}},"ast-content-background-meta":{"desktop":{"background-color":"var(--ast-global-color-5)","background-image":"","background-repeat":"repeat","background-position":"center center","background-size":"auto","background-attachment":"scroll","background-type":"","background-media":"","overlay-type":"","overlay-color":"","overlay-opacity":"","overlay-gradient":""},"tablet":{"background-color":"var(--ast-global-color-5)","background-image":"","background-repeat":"repeat","background-position":"center center","background-size":"auto","background-attachment":"scroll","background-type":"","background-media":"","overlay-type":"","overlay-color":"","overlay-opacity":"","overlay-gradient":""},"mobile":{"background-color":"var(--ast-global-color-5)","background-image":"","background-repeat":"repeat","background-position":"center center","background-size":"auto","background-attachment":"scroll","background-type":"","background-media":"","overlay-type":"","overlay-color":"","overlay-opacity":"","overlay-gradient":""}}},"product_brand":[],"product_cat":[372,373,363],"product_tag":[],"berocket_brand":[579],"class_list":{"0":"post-26738","1":"product","2":"type-product","3":"status-publish","4":"has-post-thumbnail","6":"product_cat-jutigai-adai-serumi","7":"product_cat-poras-sasaurinoss","8":"product_cat-serumi","9":"berocket_brand-medicube","10":"desktop-align-left","11":"tablet-align-left","12":"mobile-align-left","14":"first","15":"outofstock","16":"taxable","17":"shipping-taxable","18":"purchasable","19":"product-type-simple","20":"add-to-wishlist-before_image"},"yoast_head":"<!-- This site is optimized with the Yoast SEO plugin v27.4 - https:\/\/yoast.com\/product\/yoast-seo-wordpress\/ -->\n<title>Medicube Azelaic Acid 16 BB nomierino\u0161ais serums ar 16% azela\u012bnsk\u0101be 30ml - FACECORNER<\/title>\n<meta name=\"description\" content=\"Medicube Azelaic Acid 16 BB augsti koncentr\u0113ts sejas serums ar 16% azela\u012bnsk\u0101bi, kas izstr\u0101d\u0101ts kompleksai problem\u0101tiskas \u0101das kop\u0161anai, kurai ir nosliece uz akni, aps\u0101rtumu un nevienm\u0113r\u012bgu \u0101das toni.\" \/>\n<meta name=\"robots\" content=\"index, follow, max-snippet:-1, max-image-preview:large, max-video-preview:-1\" \/>\n<link rel=\"canonical\" href=\"https:\/\/www.facecorner.lv\/en\/shop\/medicube-azelaic-acid-16-bb-nomierinosais-serums-ar-16-azelainskabe-30ml\/\" \/>\n<meta property=\"og:locale\" content=\"en_US\" \/>\n<meta property=\"og:type\" content=\"article\" \/>\n<meta property=\"og:title\" content=\"Medicube Azelaic Acid 16 BB nomierino\u0161ais serums ar 16% azela\u012bnsk\u0101be 30ml - FACECORNER\" \/>\n<meta property=\"og:description\" content=\"Medicube Azelaic Acid 16 BB augsti koncentr\u0113ts sejas serums ar 16% azela\u012bnsk\u0101bi, kas izstr\u0101d\u0101ts kompleksai problem\u0101tiskas \u0101das kop\u0161anai, kurai ir nosliece uz akni, aps\u0101rtumu un nevienm\u0113r\u012bgu \u0101das toni.\" \/>\n<meta property=\"og:url\" content=\"https:\/\/www.facecorner.lv\/en\/shop\/medicube-azelaic-acid-16-bb-nomierinosais-serums-ar-16-azelainskabe-30ml\/\" \/>\n<meta property=\"og:site_name\" content=\"FACECORNER\" \/>\n<meta property=\"article:publisher\" content=\"https:\/\/www.facebook.com\/profile.php?id=100063824551839\" \/>\n<meta property=\"article:modified_time\" content=\"2026-02-12T13:23:03+00:00\" \/>\n<meta property=\"og:image\" content=\"https:\/\/www.facecorner.lv\/wp-content\/uploads\/2026\/01\/hollyshop-_71_-_1_.jpg\" \/>\n\t<meta property=\"og:image:width\" content=\"1000\" \/>\n\t<meta property=\"og:image:height\" content=\"1000\" \/>\n\t<meta property=\"og:image:type\" content=\"image\/jpeg\" \/>\n<meta name=\"twitter:card\" content=\"summary_large_image\" \/>\n<meta name=\"twitter:label1\" content=\"Price\" \/>\n\t<meta name=\"twitter:data1\" content=\"&euro;29.00\" \/>\n\t<meta name=\"twitter:label2\" content=\"Availability\" \/>\n\t<meta name=\"twitter:data2\" content=\"Out of stock\" \/>\n<script type=\"application\/ld+json\" class=\"yoast-schema-graph\">{\"@context\":\"https:\\\/\\\/schema.org\",\"@graph\":[{\"@type\":\"WebPage\",\"@id\":\"https:\\\/\\\/www.facecorner.lv\\\/shop\\\/medicube-azelaic-acid-16-bb-nomierinosais-serums-ar-16-azelainskabe-30ml\\\/\",\"url\":\"https:\\\/\\\/www.facecorner.lv\\\/shop\\\/medicube-azelaic-acid-16-bb-nomierinosais-serums-ar-16-azelainskabe-30ml\\\/\",\"name\":\"Medicube Azelaic Acid 16 BB nomierino\u0161ais serums ar 16% azela\u012bnsk\u0101be 30ml - FACECORNER\",\"isPartOf\":{\"@id\":\"https:\\\/\\\/www.facecorner.lv\\\/#website\"},\"primaryImageOfPage\":{\"@id\":\"https:\\\/\\\/www.facecorner.lv\\\/shop\\\/medicube-azelaic-acid-16-bb-nomierinosais-serums-ar-16-azelainskabe-30ml\\\/#primaryimage\"},\"image\":{\"@id\":\"https:\\\/\\\/www.facecorner.lv\\\/shop\\\/medicube-azelaic-acid-16-bb-nomierinosais-serums-ar-16-azelainskabe-30ml\\\/#primaryimage\"},\"thumbnailUrl\":\"https:\\\/\\\/www.facecorner.lv\\\/wp-content\\\/uploads\\\/2026\\\/01\\\/hollyshop-_71_-_1_.jpg\",\"datePublished\":\"2026-01-28T13:00:12+00:00\",\"dateModified\":\"2026-02-12T13:23:03+00:00\",\"description\":\"Medicube Azelaic Acid 16 BB augsti koncentr\u0113ts sejas serums ar 16% azela\u012bnsk\u0101bi, kas izstr\u0101d\u0101ts kompleksai problem\u0101tiskas \u0101das kop\u0161anai, kurai ir nosliece uz akni, aps\u0101rtumu un nevienm\u0113r\u012bgu \u0101das toni.\",\"breadcrumb\":{\"@id\":\"https:\\\/\\\/www.facecorner.lv\\\/shop\\\/medicube-azelaic-acid-16-bb-nomierinosais-serums-ar-16-azelainskabe-30ml\\\/#breadcrumb\"},\"inLanguage\":\"en-US\",\"potentialAction\":[{\"@type\":\"ReadAction\",\"target\":[\"https:\\\/\\\/www.facecorner.lv\\\/shop\\\/medicube-azelaic-acid-16-bb-nomierinosais-serums-ar-16-azelainskabe-30ml\\\/\"]}]},{\"@type\":\"ImageObject\",\"inLanguage\":\"en-US\",\"@id\":\"https:\\\/\\\/www.facecorner.lv\\\/shop\\\/medicube-azelaic-acid-16-bb-nomierinosais-serums-ar-16-azelainskabe-30ml\\\/#primaryimage\",\"url\":\"https:\\\/\\\/www.facecorner.lv\\\/wp-content\\\/uploads\\\/2026\\\/01\\\/hollyshop-_71_-_1_.jpg\",\"contentUrl\":\"https:\\\/\\\/www.facecorner.lv\\\/wp-content\\\/uploads\\\/2026\\\/01\\\/hollyshop-_71_-_1_.jpg\",\"width\":1000,\"height\":1000,\"caption\":\"Medicube Azelaic Acid 16 BB\"},{\"@type\":\"BreadcrumbList\",\"@id\":\"https:\\\/\\\/www.facecorner.lv\\\/shop\\\/medicube-azelaic-acid-16-bb-nomierinosais-serums-ar-16-azelainskabe-30ml\\\/#breadcrumb\",\"itemListElement\":[{\"@type\":\"ListItem\",\"position\":1,\"name\":\"Home\",\"item\":\"https:\\\/\\\/www.facecorner.lv\\\/\"},{\"@type\":\"ListItem\",\"position\":2,\"name\":\"Veikals\",\"item\":\"https:\\\/\\\/www.facecorner.lv\\\/shop\\\/\"},{\"@type\":\"ListItem\",\"position\":3,\"name\":\"Medicube Azelaic Acid 16 BB nomierino\u0161ais serums ar 16% azela\u012bnsk\u0101be 30ml\"}]},{\"@type\":\"WebSite\",\"@id\":\"https:\\\/\\\/www.facecorner.lv\\\/#website\",\"url\":\"https:\\\/\\\/www.facecorner.lv\\\/\",\"name\":\"Facecorner\",\"description\":\"\",\"publisher\":{\"@id\":\"https:\\\/\\\/www.facecorner.lv\\\/#organization\"},\"potentialAction\":[{\"@type\":\"SearchAction\",\"target\":{\"@type\":\"EntryPoint\",\"urlTemplate\":\"https:\\\/\\\/www.facecorner.lv\\\/?s={search_term_string}\"},\"query-input\":{\"@type\":\"PropertyValueSpecification\",\"valueRequired\":true,\"valueName\":\"search_term_string\"}}],\"inLanguage\":\"en-US\"},{\"@type\":\"Organization\",\"@id\":\"https:\\\/\\\/www.facecorner.lv\\\/#organization\",\"name\":\"Facecorner\",\"url\":\"https:\\\/\\\/www.facecorner.lv\\\/\",\"logo\":{\"@type\":\"ImageObject\",\"inLanguage\":\"en-US\",\"@id\":\"https:\\\/\\\/www.facecorner.lv\\\/#\\\/schema\\\/logo\\\/image\\\/\",\"url\":\"https:\\\/\\\/www.facecorner.lv\\\/wp-content\\\/uploads\\\/2024\\\/04\\\/fc-logo.jpg\",\"contentUrl\":\"https:\\\/\\\/www.facecorner.lv\\\/wp-content\\\/uploads\\\/2024\\\/04\\\/fc-logo.jpg\",\"width\":174,\"height\":28,\"caption\":\"Facecorner\"},\"image\":{\"@id\":\"https:\\\/\\\/www.facecorner.lv\\\/#\\\/schema\\\/logo\\\/image\\\/\"},\"sameAs\":[\"https:\\\/\\\/www.facebook.com\\\/profile.php?id=100063824551839\",\"https:\\\/\\\/www.instagram.com\\\/facecorner_shop\\\/\"]}]}<\/script>\n<meta property=\"product:price:amount\" content=\"29.00\" \/>\n<meta property=\"product:price:currency\" content=\"EUR\" \/>\n<meta property=\"og:availability\" content=\"out of stock\" \/>\n<meta property=\"product:availability\" content=\"out of stock\" \/>\n<meta property=\"product:condition\" content=\"new\" \/>\n<!-- \/ Yoast SEO plugin. -->","yoast_head_json":{"title":"Medicube Azelaic Acid 16 BB nomierino\u0161ais serums ar 16% azela\u012bnsk\u0101be 30ml - FACECORNER","description":"Medicube Azelaic Acid 16 BB augsti koncentr\u0113ts sejas serums ar 16% azela\u012bnsk\u0101bi, kas izstr\u0101d\u0101ts kompleksai problem\u0101tiskas \u0101das kop\u0161anai, kurai ir nosliece uz akni, aps\u0101rtumu un nevienm\u0113r\u012bgu \u0101das toni.","robots":{"index":"index","follow":"follow","max-snippet":"max-snippet:-1","max-image-preview":"max-image-preview:large","max-video-preview":"max-video-preview:-1"},"canonical":"https:\/\/www.facecorner.lv\/en\/shop\/medicube-azelaic-acid-16-bb-nomierinosais-serums-ar-16-azelainskabe-30ml\/","og_locale":"en_US","og_type":"article","og_title":"Medicube Azelaic Acid 16 BB nomierino\u0161ais serums ar 16% azela\u012bnsk\u0101be 30ml - FACECORNER","og_description":"Medicube Azelaic Acid 16 BB augsti koncentr\u0113ts sejas serums ar 16% azela\u012bnsk\u0101bi, kas izstr\u0101d\u0101ts kompleksai problem\u0101tiskas \u0101das kop\u0161anai, kurai ir nosliece uz akni, aps\u0101rtumu un nevienm\u0113r\u012bgu \u0101das toni.","og_url":"https:\/\/www.facecorner.lv\/en\/shop\/medicube-azelaic-acid-16-bb-nomierinosais-serums-ar-16-azelainskabe-30ml\/","og_site_name":"FACECORNER","article_publisher":"https:\/\/www.facebook.com\/profile.php?id=100063824551839","article_modified_time":"2026-02-12T13:23:03+00:00","og_image":[{"width":1000,"height":1000,"url":"https:\/\/www.facecorner.lv\/wp-content\/uploads\/2026\/01\/hollyshop-_71_-_1_.jpg","type":"image\/jpeg"}],"twitter_card":"summary_large_image","twitter_misc":{"Price":"&euro;29.00","Availability":"Out of stock"},"schema":{"@context":"https:\/\/schema.org","@graph":[{"@type":"WebPage","@id":"https:\/\/www.facecorner.lv\/shop\/medicube-azelaic-acid-16-bb-nomierinosais-serums-ar-16-azelainskabe-30ml\/","url":"https:\/\/www.facecorner.lv\/shop\/medicube-azelaic-acid-16-bb-nomierinosais-serums-ar-16-azelainskabe-30ml\/","name":"Medicube Azelaic Acid 16 BB nomierino\u0161ais serums ar 16% azela\u012bnsk\u0101be 30ml - FACECORNER","isPartOf":{"@id":"https:\/\/www.facecorner.lv\/#website"},"primaryImageOfPage":{"@id":"https:\/\/www.facecorner.lv\/shop\/medicube-azelaic-acid-16-bb-nomierinosais-serums-ar-16-azelainskabe-30ml\/#primaryimage"},"image":{"@id":"https:\/\/www.facecorner.lv\/shop\/medicube-azelaic-acid-16-bb-nomierinosais-serums-ar-16-azelainskabe-30ml\/#primaryimage"},"thumbnailUrl":"https:\/\/www.facecorner.lv\/wp-content\/uploads\/2026\/01\/hollyshop-_71_-_1_.jpg","datePublished":"2026-01-28T13:00:12+00:00","dateModified":"2026-02-12T13:23:03+00:00","description":"Medicube Azelaic Acid 16 BB augsti koncentr\u0113ts sejas serums ar 16% azela\u012bnsk\u0101bi, kas izstr\u0101d\u0101ts kompleksai problem\u0101tiskas \u0101das kop\u0161anai, kurai ir nosliece uz akni, aps\u0101rtumu un nevienm\u0113r\u012bgu \u0101das toni.","breadcrumb":{"@id":"https:\/\/www.facecorner.lv\/shop\/medicube-azelaic-acid-16-bb-nomierinosais-serums-ar-16-azelainskabe-30ml\/#breadcrumb"},"inLanguage":"en-US","potentialAction":[{"@type":"ReadAction","target":["https:\/\/www.facecorner.lv\/shop\/medicube-azelaic-acid-16-bb-nomierinosais-serums-ar-16-azelainskabe-30ml\/"]}]},{"@type":"ImageObject","inLanguage":"en-US","@id":"https:\/\/www.facecorner.lv\/shop\/medicube-azelaic-acid-16-bb-nomierinosais-serums-ar-16-azelainskabe-30ml\/#primaryimage","url":"https:\/\/www.facecorner.lv\/wp-content\/uploads\/2026\/01\/hollyshop-_71_-_1_.jpg","contentUrl":"https:\/\/www.facecorner.lv\/wp-content\/uploads\/2026\/01\/hollyshop-_71_-_1_.jpg","width":1000,"height":1000,"caption":"Medicube Azelaic Acid 16 BB"},{"@type":"BreadcrumbList","@id":"https:\/\/www.facecorner.lv\/shop\/medicube-azelaic-acid-16-bb-nomierinosais-serums-ar-16-azelainskabe-30ml\/#breadcrumb","itemListElement":[{"@type":"ListItem","position":1,"name":"Home","item":"https:\/\/www.facecorner.lv\/"},{"@type":"ListItem","position":2,"name":"Veikals","item":"https:\/\/www.facecorner.lv\/shop\/"},{"@type":"ListItem","position":3,"name":"Medicube Azelaic Acid 16 BB nomierino\u0161ais serums ar 16% azela\u012bnsk\u0101be 30ml"}]},{"@type":"WebSite","@id":"https:\/\/www.facecorner.lv\/#website","url":"https:\/\/www.facecorner.lv\/","name":"Facecorner","description":"","publisher":{"@id":"https:\/\/www.facecorner.lv\/#organization"},"potentialAction":[{"@type":"SearchAction","target":{"@type":"EntryPoint","urlTemplate":"https:\/\/www.facecorner.lv\/?s={search_term_string}"},"query-input":{"@type":"PropertyValueSpecification","valueRequired":true,"valueName":"search_term_string"}}],"inLanguage":"en-US"},{"@type":"Organization","@id":"https:\/\/www.facecorner.lv\/#organization","name":"Facecorner","url":"https:\/\/www.facecorner.lv\/","logo":{"@type":"ImageObject","inLanguage":"en-US","@id":"https:\/\/www.facecorner.lv\/#\/schema\/logo\/image\/","url":"https:\/\/www.facecorner.lv\/wp-content\/uploads\/2024\/04\/fc-logo.jpg","contentUrl":"https:\/\/www.facecorner.lv\/wp-content\/uploads\/2024\/04\/fc-logo.jpg","width":174,"height":28,"caption":"Facecorner"},"image":{"@id":"https:\/\/www.facecorner.lv\/#\/schema\/logo\/image\/"},"sameAs":["https:\/\/www.facebook.com\/profile.php?id=100063824551839","https:\/\/www.instagram.com\/facecorner_shop\/"]}]},"product_price_amount":"29.00","product_price_currency":"EUR","og_availability":"out of stock","product_availability":"out of stock","product_condition":"new"},"_links":{"self":[{"href":"https:\/\/www.facecorner.lv\/en\/wp-json\/wp\/v2\/product\/26738","targetHints":{"allow":["GET"]}}],"collection":[{"href":"https:\/\/www.facecorner.lv\/en\/wp-json\/wp\/v2\/product"}],"about":[{"href":"https:\/\/www.facecorner.lv\/en\/wp-json\/wp\/v2\/types\/product"}],"replies":[{"embeddable":true,"href":"https:\/\/www.facecorner.lv\/en\/wp-json\/wp\/v2\/comments?post=26738"}],"wp:featuredmedia":[{"embeddable":true,"href":"https:\/\/www.facecorner.lv\/en\/wp-json\/wp\/v2\/media\/26739"}],"wp:attachment":[{"href":"https:\/\/www.facecorner.lv\/en\/wp-json\/wp\/v2\/media?parent=26738"}],"wp:term":[{"taxonomy":"product_brand","embeddable":true,"href":"https:\/\/www.facecorner.lv\/en\/wp-json\/wp\/v2\/product_brand?post=26738"},{"taxonomy":"product_cat","embeddable":true,"href":"https:\/\/www.facecorner.lv\/en\/wp-json\/wp\/v2\/product_cat?post=26738"},{"taxonomy":"product_tag","embeddable":true,"href":"https:\/\/www.facecorner.lv\/en\/wp-json\/wp\/v2\/product_tag?post=26738"},{"taxonomy":"berocket_brand","embeddable":true,"href":"https:\/\/www.facecorner.lv\/en\/wp-json\/wp\/v2\/berocket_brand?post=26738"}],"curies":[{"name":"wp","href":"https:\/\/api.w.org\/{rel}","templated":true}]}}