{"id":26708,"date":"2026-01-20T17:21:21","date_gmt":"2026-01-20T14:21:21","guid":{"rendered":"https:\/\/www.facecorner.lv\/?post_type=product&#038;p=26708"},"modified":"2026-01-20T17:21:21","modified_gmt":"2026-01-20T14:21:21","slug":"growus-algae-therapy-mineral-shampoo-profesionals-sampuns-ar-mineralvielam-un-juras-algu-ekstraktiem-500ml","status":"publish","type":"product","link":"https:\/\/www.facecorner.lv\/en\/shop\/growus-algae-therapy-mineral-shampoo-profesionals-sampuns-ar-mineralvielam-un-juras-algu-ekstraktiem-500ml\/","title":{"rendered":"Growus Algae Therapy Mineral Shampoo profesion\u0101ls \u0161amp\u016bns ar miner\u0101lviel\u0101m un j\u016bras a\u013c\u0123u ekstraktiem 500ml"},"content":{"rendered":"<p>Growus Algae Therapy Mineral Shampoo \u2014 profesion\u0101ls \u0161amp\u016bns ar miner\u0101lviel\u0101m un j\u016bras a\u013c\u0123u ekstraktiem, kas izstr\u0101d\u0101ts, lai dzi\u013ci att\u012br\u012btu un bag\u0101tin\u0101tu matus un galvas \u0101du ar barojo\u0161\u0101m viel\u0101m. Formula maigi no\u0146em net\u012brumus, stiprina matu strukt\u016bru, pie\u0161\u0137ir tiem dz\u012bv\u012bgumu, dabisku sp\u012bdumu un elast\u012bbu.<\/p>\n<p>Bag\u0101t\u012bgie miner\u0101li un akt\u012bv\u0101s j\u016bras a\u013c\u0123u sast\u0101vda\u013cas pal\u012bdz atjaunot optim\u0101lo galvas \u0101das l\u012bdzsvaru, stiprina matu saknes un padara matus paklaus\u012bg\u0101kus un vesel\u012bg\u0101kus.<\/p>\n<h6>Priek\u0161roc\u012bbas:<\/h6>\n<ul>\n<li>dzi\u013ci, bet maigi att\u012bra<\/li>\n<li>bag\u0101tina ar miner\u0101lviel\u0101m un barojo\u0161\u0101m viel\u0101m<\/li>\n<li>nostiprina un palielina matu elast\u012bbu<\/li>\n<li>pie\u0161\u0137ir sp\u012bdumu un maigumu<\/li>\n<li>uzlabo galvas \u0101das st\u0101vokli<\/li>\n<li>piem\u0113rots visiem matu tipiem<\/li>\n<\/ul>\n<p><strong>How to use:<\/strong> Uzkl\u0101jiet \u0161amp\u016bnu uz mitriem matiem, uzputiniet ar mas\u0101\u017eas kust\u012bb\u0101m, p\u0113c tam r\u016bp\u012bgi noskalojiet ar \u016bdeni. Ja nepiecie\u0161ams, atk\u0101rtojiet.<\/p>\n<p><strong>Sast\u0101vs:<\/strong> Aqua, Sodium Laureth Sulfate, Cocamidopropyl Betaine, Marine Extracts (Seaweed Extract), Sea Minerals, Glycerin, Panthenol, Hydrolyzed Wheat Protein, Sodium Chloride, Citric Acid, Polyquaternium-10, Phenoxyethanol, Ethylhexylglycerin, Parfum.<\/p>","protected":false},"excerpt":{"rendered":"<p>Growus Algae Therapy Mineral Shampoo \u2014 profesion\u0101ls \u0161amp\u016bns ar miner\u0101lviel\u0101m un j\u016bras a\u013c\u0123u ekstraktiem, kas izstr\u0101d\u0101ts, lai dzi\u013ci att\u012br\u012btu un bag\u0101tin\u0101tu matus un galvas \u0101du ar barojo\u0161\u0101m viel\u0101m.<\/p>","protected":false},"featured_media":26709,"comment_status":"open","ping_status":"closed","template":"","meta":{"site-sidebar-layout":"default","site-content-layout":"","ast-site-content-layout":"default","site-content-style":"default","site-sidebar-style":"default","ast-global-header-display":"","ast-banner-title-visibility":"","ast-main-header-display":"","ast-hfb-above-header-display":"","ast-hfb-below-header-display":"","ast-hfb-mobile-header-display":"","site-post-title":"","ast-breadcrumbs-content":"","ast-featured-img":"","footer-sml-layout":"","theme-transparent-header-meta":"default","adv-header-id-meta":"","stick-header-meta":"","header-above-stick-meta":"","header-main-stick-meta":"","header-below-stick-meta":"","astra-migrate-meta-layouts":"set","ast-page-background-enabled":"default","ast-page-background-meta":{"desktop":{"background-color":"var(--ast-global-color-4)","background-image":"","background-repeat":"repeat","background-position":"center center","background-size":"auto","background-attachment":"scroll","background-type":"","background-media":"","overlay-type":"","overlay-color":"","overlay-opacity":"","overlay-gradient":""},"tablet":{"background-color":"","background-image":"","background-repeat":"repeat","background-position":"center center","background-size":"auto","background-attachment":"scroll","background-type":"","background-media":"","overlay-type":"","overlay-color":"","overlay-opacity":"","overlay-gradient":""},"mobile":{"background-color":"","background-image":"","background-repeat":"repeat","background-position":"center center","background-size":"auto","background-attachment":"scroll","background-type":"","background-media":"","overlay-type":"","overlay-color":"","overlay-opacity":"","overlay-gradient":""}},"ast-content-background-meta":{"desktop":{"background-color":"var(--ast-global-color-5)","background-image":"","background-repeat":"repeat","background-position":"center center","background-size":"auto","background-attachment":"scroll","background-type":"","background-media":"","overlay-type":"","overlay-color":"","overlay-opacity":"","overlay-gradient":""},"tablet":{"background-color":"var(--ast-global-color-5)","background-image":"","background-repeat":"repeat","background-position":"center center","background-size":"auto","background-attachment":"scroll","background-type":"","background-media":"","overlay-type":"","overlay-color":"","overlay-opacity":"","overlay-gradient":""},"mobile":{"background-color":"var(--ast-global-color-5)","background-image":"","background-repeat":"repeat","background-position":"center center","background-size":"auto","background-attachment":"scroll","background-type":"","background-media":"","overlay-type":"","overlay-color":"","overlay-opacity":"","overlay-gradient":""}}},"product_brand":[],"product_cat":[330,357],"product_tag":[],"berocket_brand":[679],"class_list":{"0":"post-26708","1":"product","2":"type-product","3":"status-publish","4":"has-post-thumbnail","6":"product_cat-matiem","7":"product_cat-sampuni","8":"berocket_brand-growus","9":"desktop-align-left","10":"tablet-align-left","11":"mobile-align-left","13":"first","14":"instock","15":"taxable","16":"shipping-taxable","17":"purchasable","18":"product-type-simple","19":"add-to-wishlist-before_image"},"yoast_head":"<!-- This site is optimized with the Yoast SEO plugin v27.4 - https:\/\/yoast.com\/product\/yoast-seo-wordpress\/ -->\n<title>Growus Algae Therapy Mineral Shampoo profesion\u0101ls \u0161amp\u016bns ar miner\u0101lviel\u0101m un j\u016bras a\u013c\u0123u ekstraktiem 500ml - FACECORNER<\/title>\n<meta name=\"description\" content=\"Growus Algae Therapy Mineral Shampoo \u2014 profesion\u0101ls \u0161amp\u016bns ar miner\u0101lviel\u0101m un j\u016bras a\u013c\u0123u ekstraktiem, kas izstr\u0101d\u0101ts, lai dzi\u013ci att\u012br\u012btu un bag\u0101tin\u0101tu matus un galvas \u0101du ar barojo\u0161\u0101m viel\u0101m.\" \/>\n<meta name=\"robots\" content=\"index, follow, max-snippet:-1, max-image-preview:large, max-video-preview:-1\" \/>\n<link rel=\"canonical\" href=\"https:\/\/www.facecorner.lv\/en\/shop\/growus-algae-therapy-mineral-shampoo-profesionals-sampuns-ar-mineralvielam-un-juras-algu-ekstraktiem-500ml\/\" \/>\n<meta property=\"og:locale\" content=\"en_US\" \/>\n<meta property=\"og:type\" content=\"article\" \/>\n<meta property=\"og:title\" content=\"Growus Algae Therapy Mineral Shampoo profesion\u0101ls \u0161amp\u016bns ar miner\u0101lviel\u0101m un j\u016bras a\u013c\u0123u ekstraktiem 500ml - FACECORNER\" \/>\n<meta property=\"og:description\" content=\"Growus Algae Therapy Mineral Shampoo \u2014 profesion\u0101ls \u0161amp\u016bns ar miner\u0101lviel\u0101m un j\u016bras a\u013c\u0123u ekstraktiem, kas izstr\u0101d\u0101ts, lai dzi\u013ci att\u012br\u012btu un bag\u0101tin\u0101tu matus un galvas \u0101du ar barojo\u0161\u0101m viel\u0101m.\" \/>\n<meta property=\"og:url\" content=\"https:\/\/www.facecorner.lv\/en\/shop\/growus-algae-therapy-mineral-shampoo-profesionals-sampuns-ar-mineralvielam-un-juras-algu-ekstraktiem-500ml\/\" \/>\n<meta property=\"og:site_name\" content=\"FACECORNER\" \/>\n<meta property=\"article:publisher\" content=\"https:\/\/www.facebook.com\/profile.php?id=100063824551839\" \/>\n<meta property=\"og:image\" content=\"https:\/\/www.facecorner.lv\/wp-content\/uploads\/2026\/01\/ger_pl_GROWUS-Algae-Therapy-Mineral-Shampoo-Peeling-und-linderndes-Shampoo-fur-Haare-und-Kopfhaut-500g-26066_1.webp\" \/>\n\t<meta property=\"og:image:width\" content=\"1500\" \/>\n\t<meta property=\"og:image:height\" content=\"1500\" \/>\n\t<meta property=\"og:image:type\" content=\"image\/webp\" \/>\n<meta name=\"twitter:card\" content=\"summary_large_image\" \/>\n<meta name=\"twitter:label1\" content=\"Price\" \/>\n\t<meta name=\"twitter:data1\" content=\"&euro;19.95\" \/>\n\t<meta name=\"twitter:label2\" content=\"Availability\" \/>\n\t<meta name=\"twitter:data2\" content=\"In stock\" \/>\n<script type=\"application\/ld+json\" class=\"yoast-schema-graph\">{\"@context\":\"https:\\\/\\\/schema.org\",\"@graph\":[{\"@type\":\"WebPage\",\"@id\":\"https:\\\/\\\/www.facecorner.lv\\\/shop\\\/growus-algae-therapy-mineral-shampoo-profesionals-sampuns-ar-mineralvielam-un-juras-algu-ekstraktiem-500ml\\\/\",\"url\":\"https:\\\/\\\/www.facecorner.lv\\\/shop\\\/growus-algae-therapy-mineral-shampoo-profesionals-sampuns-ar-mineralvielam-un-juras-algu-ekstraktiem-500ml\\\/\",\"name\":\"Growus Algae Therapy Mineral Shampoo profesion\u0101ls \u0161amp\u016bns ar miner\u0101lviel\u0101m un j\u016bras a\u013c\u0123u ekstraktiem 500ml - FACECORNER\",\"isPartOf\":{\"@id\":\"https:\\\/\\\/www.facecorner.lv\\\/#website\"},\"primaryImageOfPage\":{\"@id\":\"https:\\\/\\\/www.facecorner.lv\\\/shop\\\/growus-algae-therapy-mineral-shampoo-profesionals-sampuns-ar-mineralvielam-un-juras-algu-ekstraktiem-500ml\\\/#primaryimage\"},\"image\":{\"@id\":\"https:\\\/\\\/www.facecorner.lv\\\/shop\\\/growus-algae-therapy-mineral-shampoo-profesionals-sampuns-ar-mineralvielam-un-juras-algu-ekstraktiem-500ml\\\/#primaryimage\"},\"thumbnailUrl\":\"https:\\\/\\\/www.facecorner.lv\\\/wp-content\\\/uploads\\\/2026\\\/01\\\/ger_pl_GROWUS-Algae-Therapy-Mineral-Shampoo-Peeling-und-linderndes-Shampoo-fur-Haare-und-Kopfhaut-500g-26066_1.webp\",\"datePublished\":\"2026-01-20T14:21:21+00:00\",\"description\":\"Growus Algae Therapy Mineral Shampoo \u2014 profesion\u0101ls \u0161amp\u016bns ar miner\u0101lviel\u0101m un j\u016bras a\u013c\u0123u ekstraktiem, kas izstr\u0101d\u0101ts, lai dzi\u013ci att\u012br\u012btu un bag\u0101tin\u0101tu matus un galvas \u0101du ar barojo\u0161\u0101m viel\u0101m.\",\"breadcrumb\":{\"@id\":\"https:\\\/\\\/www.facecorner.lv\\\/shop\\\/growus-algae-therapy-mineral-shampoo-profesionals-sampuns-ar-mineralvielam-un-juras-algu-ekstraktiem-500ml\\\/#breadcrumb\"},\"inLanguage\":\"en-US\",\"potentialAction\":[{\"@type\":\"ReadAction\",\"target\":[\"https:\\\/\\\/www.facecorner.lv\\\/shop\\\/growus-algae-therapy-mineral-shampoo-profesionals-sampuns-ar-mineralvielam-un-juras-algu-ekstraktiem-500ml\\\/\"]}]},{\"@type\":\"ImageObject\",\"inLanguage\":\"en-US\",\"@id\":\"https:\\\/\\\/www.facecorner.lv\\\/shop\\\/growus-algae-therapy-mineral-shampoo-profesionals-sampuns-ar-mineralvielam-un-juras-algu-ekstraktiem-500ml\\\/#primaryimage\",\"url\":\"https:\\\/\\\/www.facecorner.lv\\\/wp-content\\\/uploads\\\/2026\\\/01\\\/ger_pl_GROWUS-Algae-Therapy-Mineral-Shampoo-Peeling-und-linderndes-Shampoo-fur-Haare-und-Kopfhaut-500g-26066_1.webp\",\"contentUrl\":\"https:\\\/\\\/www.facecorner.lv\\\/wp-content\\\/uploads\\\/2026\\\/01\\\/ger_pl_GROWUS-Algae-Therapy-Mineral-Shampoo-Peeling-und-linderndes-Shampoo-fur-Haare-und-Kopfhaut-500g-26066_1.webp\",\"width\":1500,\"height\":1500,\"caption\":\"Growus Algae Therapy Mineral Shampoo\"},{\"@type\":\"BreadcrumbList\",\"@id\":\"https:\\\/\\\/www.facecorner.lv\\\/shop\\\/growus-algae-therapy-mineral-shampoo-profesionals-sampuns-ar-mineralvielam-un-juras-algu-ekstraktiem-500ml\\\/#breadcrumb\",\"itemListElement\":[{\"@type\":\"ListItem\",\"position\":1,\"name\":\"Home\",\"item\":\"https:\\\/\\\/www.facecorner.lv\\\/\"},{\"@type\":\"ListItem\",\"position\":2,\"name\":\"Veikals\",\"item\":\"https:\\\/\\\/www.facecorner.lv\\\/shop\\\/\"},{\"@type\":\"ListItem\",\"position\":3,\"name\":\"Growus Algae Therapy Mineral Shampoo profesion\u0101ls \u0161amp\u016bns ar miner\u0101lviel\u0101m un j\u016bras a\u013c\u0123u ekstraktiem 500ml\"}]},{\"@type\":\"WebSite\",\"@id\":\"https:\\\/\\\/www.facecorner.lv\\\/#website\",\"url\":\"https:\\\/\\\/www.facecorner.lv\\\/\",\"name\":\"Facecorner\",\"description\":\"\",\"publisher\":{\"@id\":\"https:\\\/\\\/www.facecorner.lv\\\/#organization\"},\"potentialAction\":[{\"@type\":\"SearchAction\",\"target\":{\"@type\":\"EntryPoint\",\"urlTemplate\":\"https:\\\/\\\/www.facecorner.lv\\\/?s={search_term_string}\"},\"query-input\":{\"@type\":\"PropertyValueSpecification\",\"valueRequired\":true,\"valueName\":\"search_term_string\"}}],\"inLanguage\":\"en-US\"},{\"@type\":\"Organization\",\"@id\":\"https:\\\/\\\/www.facecorner.lv\\\/#organization\",\"name\":\"Facecorner\",\"url\":\"https:\\\/\\\/www.facecorner.lv\\\/\",\"logo\":{\"@type\":\"ImageObject\",\"inLanguage\":\"en-US\",\"@id\":\"https:\\\/\\\/www.facecorner.lv\\\/#\\\/schema\\\/logo\\\/image\\\/\",\"url\":\"https:\\\/\\\/www.facecorner.lv\\\/wp-content\\\/uploads\\\/2024\\\/04\\\/fc-logo.jpg\",\"contentUrl\":\"https:\\\/\\\/www.facecorner.lv\\\/wp-content\\\/uploads\\\/2024\\\/04\\\/fc-logo.jpg\",\"width\":174,\"height\":28,\"caption\":\"Facecorner\"},\"image\":{\"@id\":\"https:\\\/\\\/www.facecorner.lv\\\/#\\\/schema\\\/logo\\\/image\\\/\"},\"sameAs\":[\"https:\\\/\\\/www.facebook.com\\\/profile.php?id=100063824551839\",\"https:\\\/\\\/www.instagram.com\\\/facecorner_shop\\\/\"]}]}<\/script>\n<meta property=\"product:price:amount\" content=\"19.95\" \/>\n<meta property=\"product:price:currency\" content=\"EUR\" \/>\n<meta property=\"og:availability\" content=\"instock\" \/>\n<meta property=\"product:availability\" content=\"instock\" \/>\n<meta property=\"product:condition\" content=\"new\" \/>\n<!-- \/ Yoast SEO plugin. -->","yoast_head_json":{"title":"Growus Algae Therapy Mineral Shampoo profesion\u0101ls \u0161amp\u016bns ar miner\u0101lviel\u0101m un j\u016bras a\u013c\u0123u ekstraktiem 500ml - FACECORNER","description":"Growus Algae Therapy Mineral Shampoo \u2014 profesion\u0101ls \u0161amp\u016bns ar miner\u0101lviel\u0101m un j\u016bras a\u013c\u0123u ekstraktiem, kas izstr\u0101d\u0101ts, lai dzi\u013ci att\u012br\u012btu un bag\u0101tin\u0101tu matus un galvas \u0101du ar barojo\u0161\u0101m viel\u0101m.","robots":{"index":"index","follow":"follow","max-snippet":"max-snippet:-1","max-image-preview":"max-image-preview:large","max-video-preview":"max-video-preview:-1"},"canonical":"https:\/\/www.facecorner.lv\/en\/shop\/growus-algae-therapy-mineral-shampoo-profesionals-sampuns-ar-mineralvielam-un-juras-algu-ekstraktiem-500ml\/","og_locale":"en_US","og_type":"article","og_title":"Growus Algae Therapy Mineral Shampoo profesion\u0101ls \u0161amp\u016bns ar miner\u0101lviel\u0101m un j\u016bras a\u013c\u0123u ekstraktiem 500ml - FACECORNER","og_description":"Growus Algae Therapy Mineral Shampoo \u2014 profesion\u0101ls \u0161amp\u016bns ar miner\u0101lviel\u0101m un j\u016bras a\u013c\u0123u ekstraktiem, kas izstr\u0101d\u0101ts, lai dzi\u013ci att\u012br\u012btu un bag\u0101tin\u0101tu matus un galvas \u0101du ar barojo\u0161\u0101m viel\u0101m.","og_url":"https:\/\/www.facecorner.lv\/en\/shop\/growus-algae-therapy-mineral-shampoo-profesionals-sampuns-ar-mineralvielam-un-juras-algu-ekstraktiem-500ml\/","og_site_name":"FACECORNER","article_publisher":"https:\/\/www.facebook.com\/profile.php?id=100063824551839","og_image":[{"width":1500,"height":1500,"url":"https:\/\/www.facecorner.lv\/wp-content\/uploads\/2026\/01\/ger_pl_GROWUS-Algae-Therapy-Mineral-Shampoo-Peeling-und-linderndes-Shampoo-fur-Haare-und-Kopfhaut-500g-26066_1.webp","type":"image\/webp"}],"twitter_card":"summary_large_image","twitter_misc":{"Price":"&euro;19.95","Availability":"In stock"},"schema":{"@context":"https:\/\/schema.org","@graph":[{"@type":"WebPage","@id":"https:\/\/www.facecorner.lv\/shop\/growus-algae-therapy-mineral-shampoo-profesionals-sampuns-ar-mineralvielam-un-juras-algu-ekstraktiem-500ml\/","url":"https:\/\/www.facecorner.lv\/shop\/growus-algae-therapy-mineral-shampoo-profesionals-sampuns-ar-mineralvielam-un-juras-algu-ekstraktiem-500ml\/","name":"Growus Algae Therapy Mineral Shampoo profesion\u0101ls \u0161amp\u016bns ar miner\u0101lviel\u0101m un j\u016bras a\u013c\u0123u ekstraktiem 500ml - FACECORNER","isPartOf":{"@id":"https:\/\/www.facecorner.lv\/#website"},"primaryImageOfPage":{"@id":"https:\/\/www.facecorner.lv\/shop\/growus-algae-therapy-mineral-shampoo-profesionals-sampuns-ar-mineralvielam-un-juras-algu-ekstraktiem-500ml\/#primaryimage"},"image":{"@id":"https:\/\/www.facecorner.lv\/shop\/growus-algae-therapy-mineral-shampoo-profesionals-sampuns-ar-mineralvielam-un-juras-algu-ekstraktiem-500ml\/#primaryimage"},"thumbnailUrl":"https:\/\/www.facecorner.lv\/wp-content\/uploads\/2026\/01\/ger_pl_GROWUS-Algae-Therapy-Mineral-Shampoo-Peeling-und-linderndes-Shampoo-fur-Haare-und-Kopfhaut-500g-26066_1.webp","datePublished":"2026-01-20T14:21:21+00:00","description":"Growus Algae Therapy Mineral Shampoo \u2014 profesion\u0101ls \u0161amp\u016bns ar miner\u0101lviel\u0101m un j\u016bras a\u013c\u0123u ekstraktiem, kas izstr\u0101d\u0101ts, lai dzi\u013ci att\u012br\u012btu un bag\u0101tin\u0101tu matus un galvas \u0101du ar barojo\u0161\u0101m viel\u0101m.","breadcrumb":{"@id":"https:\/\/www.facecorner.lv\/shop\/growus-algae-therapy-mineral-shampoo-profesionals-sampuns-ar-mineralvielam-un-juras-algu-ekstraktiem-500ml\/#breadcrumb"},"inLanguage":"en-US","potentialAction":[{"@type":"ReadAction","target":["https:\/\/www.facecorner.lv\/shop\/growus-algae-therapy-mineral-shampoo-profesionals-sampuns-ar-mineralvielam-un-juras-algu-ekstraktiem-500ml\/"]}]},{"@type":"ImageObject","inLanguage":"en-US","@id":"https:\/\/www.facecorner.lv\/shop\/growus-algae-therapy-mineral-shampoo-profesionals-sampuns-ar-mineralvielam-un-juras-algu-ekstraktiem-500ml\/#primaryimage","url":"https:\/\/www.facecorner.lv\/wp-content\/uploads\/2026\/01\/ger_pl_GROWUS-Algae-Therapy-Mineral-Shampoo-Peeling-und-linderndes-Shampoo-fur-Haare-und-Kopfhaut-500g-26066_1.webp","contentUrl":"https:\/\/www.facecorner.lv\/wp-content\/uploads\/2026\/01\/ger_pl_GROWUS-Algae-Therapy-Mineral-Shampoo-Peeling-und-linderndes-Shampoo-fur-Haare-und-Kopfhaut-500g-26066_1.webp","width":1500,"height":1500,"caption":"Growus Algae Therapy Mineral Shampoo"},{"@type":"BreadcrumbList","@id":"https:\/\/www.facecorner.lv\/shop\/growus-algae-therapy-mineral-shampoo-profesionals-sampuns-ar-mineralvielam-un-juras-algu-ekstraktiem-500ml\/#breadcrumb","itemListElement":[{"@type":"ListItem","position":1,"name":"Home","item":"https:\/\/www.facecorner.lv\/"},{"@type":"ListItem","position":2,"name":"Veikals","item":"https:\/\/www.facecorner.lv\/shop\/"},{"@type":"ListItem","position":3,"name":"Growus Algae Therapy Mineral Shampoo profesion\u0101ls \u0161amp\u016bns ar miner\u0101lviel\u0101m un j\u016bras a\u013c\u0123u ekstraktiem 500ml"}]},{"@type":"WebSite","@id":"https:\/\/www.facecorner.lv\/#website","url":"https:\/\/www.facecorner.lv\/","name":"Facecorner","description":"","publisher":{"@id":"https:\/\/www.facecorner.lv\/#organization"},"potentialAction":[{"@type":"SearchAction","target":{"@type":"EntryPoint","urlTemplate":"https:\/\/www.facecorner.lv\/?s={search_term_string}"},"query-input":{"@type":"PropertyValueSpecification","valueRequired":true,"valueName":"search_term_string"}}],"inLanguage":"en-US"},{"@type":"Organization","@id":"https:\/\/www.facecorner.lv\/#organization","name":"Facecorner","url":"https:\/\/www.facecorner.lv\/","logo":{"@type":"ImageObject","inLanguage":"en-US","@id":"https:\/\/www.facecorner.lv\/#\/schema\/logo\/image\/","url":"https:\/\/www.facecorner.lv\/wp-content\/uploads\/2024\/04\/fc-logo.jpg","contentUrl":"https:\/\/www.facecorner.lv\/wp-content\/uploads\/2024\/04\/fc-logo.jpg","width":174,"height":28,"caption":"Facecorner"},"image":{"@id":"https:\/\/www.facecorner.lv\/#\/schema\/logo\/image\/"},"sameAs":["https:\/\/www.facebook.com\/profile.php?id=100063824551839","https:\/\/www.instagram.com\/facecorner_shop\/"]}]},"product_price_amount":"19.95","product_price_currency":"EUR","og_availability":"instock","product_availability":"instock","product_condition":"new"},"_links":{"self":[{"href":"https:\/\/www.facecorner.lv\/en\/wp-json\/wp\/v2\/product\/26708","targetHints":{"allow":["GET"]}}],"collection":[{"href":"https:\/\/www.facecorner.lv\/en\/wp-json\/wp\/v2\/product"}],"about":[{"href":"https:\/\/www.facecorner.lv\/en\/wp-json\/wp\/v2\/types\/product"}],"replies":[{"embeddable":true,"href":"https:\/\/www.facecorner.lv\/en\/wp-json\/wp\/v2\/comments?post=26708"}],"wp:featuredmedia":[{"embeddable":true,"href":"https:\/\/www.facecorner.lv\/en\/wp-json\/wp\/v2\/media\/26709"}],"wp:attachment":[{"href":"https:\/\/www.facecorner.lv\/en\/wp-json\/wp\/v2\/media?parent=26708"}],"wp:term":[{"taxonomy":"product_brand","embeddable":true,"href":"https:\/\/www.facecorner.lv\/en\/wp-json\/wp\/v2\/product_brand?post=26708"},{"taxonomy":"product_cat","embeddable":true,"href":"https:\/\/www.facecorner.lv\/en\/wp-json\/wp\/v2\/product_cat?post=26708"},{"taxonomy":"product_tag","embeddable":true,"href":"https:\/\/www.facecorner.lv\/en\/wp-json\/wp\/v2\/product_tag?post=26708"},{"taxonomy":"berocket_brand","embeddable":true,"href":"https:\/\/www.facecorner.lv\/en\/wp-json\/wp\/v2\/berocket_brand?post=26708"}],"curies":[{"name":"wp","href":"https:\/\/api.w.org\/{rel}","templated":true}]}}