{"id":26706,"date":"2026-01-20T17:11:58","date_gmt":"2026-01-20T14:11:58","guid":{"rendered":"https:\/\/www.facecorner.lv\/?post_type=product&#038;p=26706"},"modified":"2026-03-18T22:21:24","modified_gmt":"2026-03-18T19:21:24","slug":"growus-damage-therapy-hair-oil-profesionala-matu-ella-65ml","status":"publish","type":"product","link":"https:\/\/www.facecorner.lv\/en\/shop\/growus-damage-therapy-hair-oil-profesionala-matu-ella-65ml\/","title":{"rendered":"Growus Damage Therapy Hair Oil profesion\u0101la matu e\u013c\u013ca 65ml"},"content":{"rendered":"<p>Growus Damage Therapy Hair Oil \u2014 profesion\u0101la matu e\u013c\u013ca, kas rad\u012bta, lai atjaunotu un stiprin\u0101tu boj\u0101tus, sausus un trauslus matus. Viegla, neapgr\u016btino\u0161a tekst\u016bra \u0101tri ies\u016bcas, bag\u0101tina matus ar barojo\u0161\u0101m viel\u0101m, izl\u012bdzina kutikulu un pie\u0161\u0137ir dabisku sp\u012bdumu.<\/p>\n<h6>Priek\u0161roc\u012bbas:<\/h6>\n<ul>\n<li>intens\u012bva matu strukt\u016bras atjauno\u0161ana<\/li>\n<li>mitrin\u0101\u0161ana un baro\u0161ana<\/li>\n<li>izl\u012bdzina un pie\u0161\u0137ir sp\u012bdumu<\/li>\n<li>samazina l\u016b\u0161anu un p\u016bkain\u012bbu<\/li>\n<li>atvieglo \u0137emm\u0113\u0161anu un ieveido\u0161anu<\/li>\n<li>piem\u0113rots visiem matu tipiem<\/li>\n<\/ul>\n<p><strong>How to use:<\/strong> <span style=\"font-size: 16px;\">Uzkl\u0101jiet 2\u20133 pilienus e\u013c\u013cas uz t\u012briem, ar dvieli nosusin\u0101tiem matiem, izl\u012bdzinot garum\u0101 un galos. Var lietot pirms ieveido\u0161anas vai intens\u012bvai kop\u0161anai nakt\u012b.<\/span><\/p>\n<p><strong>Sast\u0101vs:<\/strong> Cyclopentasiloxane, Dimethicone, Argania Spinosa Kernel Oil, Simmondsia Chinensis (Jojoba) Seed Oil, Olea Europaea (Olive) Fruit Oil, Hydrolyzed Keratin, Panthenol, Tocopheryl Acetate, Phenoxyethanol, Ethylhexylglycerin, Parfum.<\/p>","protected":false},"excerpt":{"rendered":"<p>Growus Damage Therapy Hair Oil \u2014 profesion\u0101la matu e\u013c\u013ca, kas rad\u012bta, lai atjaunotu un stiprin\u0101tu boj\u0101tus, sausus un trauslus matus. Viegla, neapgr\u016btino\u0161a tekst\u016bra \u0101tri ies\u016bcas, bag\u0101tina matus ar barojo\u0161\u0101m viel\u0101m, izl\u012bdzina kutikulu un pie\u0161\u0137ir dabisku sp\u012bdumu.<\/p>","protected":false},"featured_media":26707,"comment_status":"open","ping_status":"closed","template":"","meta":{"site-sidebar-layout":"default","site-content-layout":"","ast-site-content-layout":"default","site-content-style":"default","site-sidebar-style":"default","ast-global-header-display":"","ast-banner-title-visibility":"","ast-main-header-display":"","ast-hfb-above-header-display":"","ast-hfb-below-header-display":"","ast-hfb-mobile-header-display":"","site-post-title":"","ast-breadcrumbs-content":"","ast-featured-img":"","footer-sml-layout":"","theme-transparent-header-meta":"default","adv-header-id-meta":"","stick-header-meta":"","header-above-stick-meta":"","header-main-stick-meta":"","header-below-stick-meta":"","astra-migrate-meta-layouts":"set","ast-page-background-enabled":"default","ast-page-background-meta":{"desktop":{"background-color":"var(--ast-global-color-4)","background-image":"","background-repeat":"repeat","background-position":"center center","background-size":"auto","background-attachment":"scroll","background-type":"","background-media":"","overlay-type":"","overlay-color":"","overlay-opacity":"","overlay-gradient":""},"tablet":{"background-color":"","background-image":"","background-repeat":"repeat","background-position":"center center","background-size":"auto","background-attachment":"scroll","background-type":"","background-media":"","overlay-type":"","overlay-color":"","overlay-opacity":"","overlay-gradient":""},"mobile":{"background-color":"","background-image":"","background-repeat":"repeat","background-position":"center center","background-size":"auto","background-attachment":"scroll","background-type":"","background-media":"","overlay-type":"","overlay-color":"","overlay-opacity":"","overlay-gradient":""}},"ast-content-background-meta":{"desktop":{"background-color":"var(--ast-global-color-5)","background-image":"","background-repeat":"repeat","background-position":"center center","background-size":"auto","background-attachment":"scroll","background-type":"","background-media":"","overlay-type":"","overlay-color":"","overlay-opacity":"","overlay-gradient":""},"tablet":{"background-color":"var(--ast-global-color-5)","background-image":"","background-repeat":"repeat","background-position":"center center","background-size":"auto","background-attachment":"scroll","background-type":"","background-media":"","overlay-type":"","overlay-color":"","overlay-opacity":"","overlay-gradient":""},"mobile":{"background-color":"var(--ast-global-color-5)","background-image":"","background-repeat":"repeat","background-position":"center center","background-size":"auto","background-attachment":"scroll","background-type":"","background-media":"","overlay-type":"","overlay-color":"","overlay-opacity":"","overlay-gradient":""}}},"product_brand":[],"product_cat":[353,330],"product_tag":[],"berocket_brand":[679],"class_list":{"0":"post-26706","1":"product","2":"type-product","3":"status-publish","4":"has-post-thumbnail","6":"product_cat-ellas-matiem","7":"product_cat-matiem","8":"berocket_brand-growus","9":"desktop-align-left","10":"tablet-align-left","11":"mobile-align-left","13":"first","14":"outofstock","15":"taxable","16":"shipping-taxable","17":"purchasable","18":"product-type-simple","19":"add-to-wishlist-before_image"},"yoast_head":"<!-- This site is optimized with the Yoast SEO plugin v27.4 - https:\/\/yoast.com\/product\/yoast-seo-wordpress\/ -->\n<title>Growus Damage Therapy Hair Oil profesion\u0101la matu e\u013c\u013ca 65ml - FACECORNER<\/title>\n<meta name=\"description\" content=\"Growus Damage Therapy Hair Oil \u2014 profesion\u0101la matu e\u013c\u013ca, kas rad\u012bta, lai atjaunotu un stiprin\u0101tu boj\u0101tus, sausus un trauslus matus. Viegla, neapgr\u016btino\u0161a tekst\u016bra \u0101tri ies\u016bcas, bag\u0101tina matus ar barojo\u0161\u0101m viel\u0101m, izl\u012bdzina kutikulu un pie\u0161\u0137ir dabisku sp\u012bdumu.\" \/>\n<meta name=\"robots\" content=\"index, follow, max-snippet:-1, max-image-preview:large, max-video-preview:-1\" \/>\n<link rel=\"canonical\" href=\"https:\/\/www.facecorner.lv\/en\/shop\/growus-damage-therapy-hair-oil-profesionala-matu-ella-65ml\/\" \/>\n<meta property=\"og:locale\" content=\"en_US\" \/>\n<meta property=\"og:type\" content=\"article\" \/>\n<meta property=\"og:title\" content=\"Growus Damage Therapy Hair Oil profesion\u0101la matu e\u013c\u013ca 65ml - FACECORNER\" \/>\n<meta property=\"og:description\" content=\"Growus Damage Therapy Hair Oil \u2014 profesion\u0101la matu e\u013c\u013ca, kas rad\u012bta, lai atjaunotu un stiprin\u0101tu boj\u0101tus, sausus un trauslus matus. Viegla, neapgr\u016btino\u0161a tekst\u016bra \u0101tri ies\u016bcas, bag\u0101tina matus ar barojo\u0161\u0101m viel\u0101m, izl\u012bdzina kutikulu un pie\u0161\u0137ir dabisku sp\u012bdumu.\" \/>\n<meta property=\"og:url\" content=\"https:\/\/www.facecorner.lv\/en\/shop\/growus-damage-therapy-hair-oil-profesionala-matu-ella-65ml\/\" \/>\n<meta property=\"og:site_name\" content=\"FACECORNER\" \/>\n<meta property=\"article:publisher\" content=\"https:\/\/www.facebook.com\/profile.php?id=100063824551839\" \/>\n<meta property=\"article:modified_time\" content=\"2026-03-18T19:21:24+00:00\" \/>\n<meta property=\"og:image\" content=\"https:\/\/www.facecorner.lv\/wp-content\/uploads\/2026\/01\/GRW1000.webp\" \/>\n\t<meta property=\"og:image:width\" content=\"1200\" \/>\n\t<meta property=\"og:image:height\" content=\"1200\" \/>\n\t<meta property=\"og:image:type\" content=\"image\/webp\" \/>\n<meta name=\"twitter:card\" content=\"summary_large_image\" \/>\n<meta name=\"twitter:label1\" content=\"Price\" \/>\n\t<meta name=\"twitter:data1\" content=\"&euro;19.95\" \/>\n\t<meta name=\"twitter:label2\" content=\"Availability\" \/>\n\t<meta name=\"twitter:data2\" content=\"Out of stock\" \/>\n<script type=\"application\/ld+json\" class=\"yoast-schema-graph\">{\"@context\":\"https:\\\/\\\/schema.org\",\"@graph\":[{\"@type\":\"WebPage\",\"@id\":\"https:\\\/\\\/www.facecorner.lv\\\/shop\\\/growus-damage-therapy-hair-oil-profesionala-matu-ella-65ml\\\/\",\"url\":\"https:\\\/\\\/www.facecorner.lv\\\/shop\\\/growus-damage-therapy-hair-oil-profesionala-matu-ella-65ml\\\/\",\"name\":\"Growus Damage Therapy Hair Oil profesion\u0101la matu e\u013c\u013ca 65ml - FACECORNER\",\"isPartOf\":{\"@id\":\"https:\\\/\\\/www.facecorner.lv\\\/#website\"},\"primaryImageOfPage\":{\"@id\":\"https:\\\/\\\/www.facecorner.lv\\\/shop\\\/growus-damage-therapy-hair-oil-profesionala-matu-ella-65ml\\\/#primaryimage\"},\"image\":{\"@id\":\"https:\\\/\\\/www.facecorner.lv\\\/shop\\\/growus-damage-therapy-hair-oil-profesionala-matu-ella-65ml\\\/#primaryimage\"},\"thumbnailUrl\":\"https:\\\/\\\/www.facecorner.lv\\\/wp-content\\\/uploads\\\/2026\\\/01\\\/GRW1000.webp\",\"datePublished\":\"2026-01-20T14:11:58+00:00\",\"dateModified\":\"2026-03-18T19:21:24+00:00\",\"description\":\"Growus Damage Therapy Hair Oil \u2014 profesion\u0101la matu e\u013c\u013ca, kas rad\u012bta, lai atjaunotu un stiprin\u0101tu boj\u0101tus, sausus un trauslus matus. Viegla, neapgr\u016btino\u0161a tekst\u016bra \u0101tri ies\u016bcas, bag\u0101tina matus ar barojo\u0161\u0101m viel\u0101m, izl\u012bdzina kutikulu un pie\u0161\u0137ir dabisku sp\u012bdumu.\",\"breadcrumb\":{\"@id\":\"https:\\\/\\\/www.facecorner.lv\\\/shop\\\/growus-damage-therapy-hair-oil-profesionala-matu-ella-65ml\\\/#breadcrumb\"},\"inLanguage\":\"en-US\",\"potentialAction\":[{\"@type\":\"ReadAction\",\"target\":[\"https:\\\/\\\/www.facecorner.lv\\\/shop\\\/growus-damage-therapy-hair-oil-profesionala-matu-ella-65ml\\\/\"]}]},{\"@type\":\"ImageObject\",\"inLanguage\":\"en-US\",\"@id\":\"https:\\\/\\\/www.facecorner.lv\\\/shop\\\/growus-damage-therapy-hair-oil-profesionala-matu-ella-65ml\\\/#primaryimage\",\"url\":\"https:\\\/\\\/www.facecorner.lv\\\/wp-content\\\/uploads\\\/2026\\\/01\\\/GRW1000.webp\",\"contentUrl\":\"https:\\\/\\\/www.facecorner.lv\\\/wp-content\\\/uploads\\\/2026\\\/01\\\/GRW1000.webp\",\"width\":1200,\"height\":1200,\"caption\":\"Growus Damage Therapy Hair Oil\"},{\"@type\":\"BreadcrumbList\",\"@id\":\"https:\\\/\\\/www.facecorner.lv\\\/shop\\\/growus-damage-therapy-hair-oil-profesionala-matu-ella-65ml\\\/#breadcrumb\",\"itemListElement\":[{\"@type\":\"ListItem\",\"position\":1,\"name\":\"Home\",\"item\":\"https:\\\/\\\/www.facecorner.lv\\\/\"},{\"@type\":\"ListItem\",\"position\":2,\"name\":\"Veikals\",\"item\":\"https:\\\/\\\/www.facecorner.lv\\\/shop\\\/\"},{\"@type\":\"ListItem\",\"position\":3,\"name\":\"Growus Damage Therapy Hair Oil profesion\u0101la matu e\u013c\u013ca 65ml\"}]},{\"@type\":\"WebSite\",\"@id\":\"https:\\\/\\\/www.facecorner.lv\\\/#website\",\"url\":\"https:\\\/\\\/www.facecorner.lv\\\/\",\"name\":\"Facecorner\",\"description\":\"\",\"publisher\":{\"@id\":\"https:\\\/\\\/www.facecorner.lv\\\/#organization\"},\"potentialAction\":[{\"@type\":\"SearchAction\",\"target\":{\"@type\":\"EntryPoint\",\"urlTemplate\":\"https:\\\/\\\/www.facecorner.lv\\\/?s={search_term_string}\"},\"query-input\":{\"@type\":\"PropertyValueSpecification\",\"valueRequired\":true,\"valueName\":\"search_term_string\"}}],\"inLanguage\":\"en-US\"},{\"@type\":\"Organization\",\"@id\":\"https:\\\/\\\/www.facecorner.lv\\\/#organization\",\"name\":\"Facecorner\",\"url\":\"https:\\\/\\\/www.facecorner.lv\\\/\",\"logo\":{\"@type\":\"ImageObject\",\"inLanguage\":\"en-US\",\"@id\":\"https:\\\/\\\/www.facecorner.lv\\\/#\\\/schema\\\/logo\\\/image\\\/\",\"url\":\"https:\\\/\\\/www.facecorner.lv\\\/wp-content\\\/uploads\\\/2024\\\/04\\\/fc-logo.jpg\",\"contentUrl\":\"https:\\\/\\\/www.facecorner.lv\\\/wp-content\\\/uploads\\\/2024\\\/04\\\/fc-logo.jpg\",\"width\":174,\"height\":28,\"caption\":\"Facecorner\"},\"image\":{\"@id\":\"https:\\\/\\\/www.facecorner.lv\\\/#\\\/schema\\\/logo\\\/image\\\/\"},\"sameAs\":[\"https:\\\/\\\/www.facebook.com\\\/profile.php?id=100063824551839\",\"https:\\\/\\\/www.instagram.com\\\/facecorner_shop\\\/\"]}]}<\/script>\n<meta property=\"product:price:amount\" content=\"19.95\" \/>\n<meta property=\"product:price:currency\" content=\"EUR\" \/>\n<meta property=\"og:availability\" content=\"out of stock\" \/>\n<meta property=\"product:availability\" content=\"out of stock\" \/>\n<meta property=\"product:condition\" content=\"new\" \/>\n<!-- \/ Yoast SEO plugin. -->","yoast_head_json":{"title":"Growus Damage Therapy Hair Oil profesion\u0101la matu e\u013c\u013ca 65ml - FACECORNER","description":"Growus Damage Therapy Hair Oil \u2014 profesion\u0101la matu e\u013c\u013ca, kas rad\u012bta, lai atjaunotu un stiprin\u0101tu boj\u0101tus, sausus un trauslus matus. Viegla, neapgr\u016btino\u0161a tekst\u016bra \u0101tri ies\u016bcas, bag\u0101tina matus ar barojo\u0161\u0101m viel\u0101m, izl\u012bdzina kutikulu un pie\u0161\u0137ir dabisku sp\u012bdumu.","robots":{"index":"index","follow":"follow","max-snippet":"max-snippet:-1","max-image-preview":"max-image-preview:large","max-video-preview":"max-video-preview:-1"},"canonical":"https:\/\/www.facecorner.lv\/en\/shop\/growus-damage-therapy-hair-oil-profesionala-matu-ella-65ml\/","og_locale":"en_US","og_type":"article","og_title":"Growus Damage Therapy Hair Oil profesion\u0101la matu e\u013c\u013ca 65ml - FACECORNER","og_description":"Growus Damage Therapy Hair Oil \u2014 profesion\u0101la matu e\u013c\u013ca, kas rad\u012bta, lai atjaunotu un stiprin\u0101tu boj\u0101tus, sausus un trauslus matus. Viegla, neapgr\u016btino\u0161a tekst\u016bra \u0101tri ies\u016bcas, bag\u0101tina matus ar barojo\u0161\u0101m viel\u0101m, izl\u012bdzina kutikulu un pie\u0161\u0137ir dabisku sp\u012bdumu.","og_url":"https:\/\/www.facecorner.lv\/en\/shop\/growus-damage-therapy-hair-oil-profesionala-matu-ella-65ml\/","og_site_name":"FACECORNER","article_publisher":"https:\/\/www.facebook.com\/profile.php?id=100063824551839","article_modified_time":"2026-03-18T19:21:24+00:00","og_image":[{"width":1200,"height":1200,"url":"https:\/\/www.facecorner.lv\/wp-content\/uploads\/2026\/01\/GRW1000.webp","type":"image\/webp"}],"twitter_card":"summary_large_image","twitter_misc":{"Price":"&euro;19.95","Availability":"Out of stock"},"schema":{"@context":"https:\/\/schema.org","@graph":[{"@type":"WebPage","@id":"https:\/\/www.facecorner.lv\/shop\/growus-damage-therapy-hair-oil-profesionala-matu-ella-65ml\/","url":"https:\/\/www.facecorner.lv\/shop\/growus-damage-therapy-hair-oil-profesionala-matu-ella-65ml\/","name":"Growus Damage Therapy Hair Oil profesion\u0101la matu e\u013c\u013ca 65ml - FACECORNER","isPartOf":{"@id":"https:\/\/www.facecorner.lv\/#website"},"primaryImageOfPage":{"@id":"https:\/\/www.facecorner.lv\/shop\/growus-damage-therapy-hair-oil-profesionala-matu-ella-65ml\/#primaryimage"},"image":{"@id":"https:\/\/www.facecorner.lv\/shop\/growus-damage-therapy-hair-oil-profesionala-matu-ella-65ml\/#primaryimage"},"thumbnailUrl":"https:\/\/www.facecorner.lv\/wp-content\/uploads\/2026\/01\/GRW1000.webp","datePublished":"2026-01-20T14:11:58+00:00","dateModified":"2026-03-18T19:21:24+00:00","description":"Growus Damage Therapy Hair Oil \u2014 profesion\u0101la matu e\u013c\u013ca, kas rad\u012bta, lai atjaunotu un stiprin\u0101tu boj\u0101tus, sausus un trauslus matus. Viegla, neapgr\u016btino\u0161a tekst\u016bra \u0101tri ies\u016bcas, bag\u0101tina matus ar barojo\u0161\u0101m viel\u0101m, izl\u012bdzina kutikulu un pie\u0161\u0137ir dabisku sp\u012bdumu.","breadcrumb":{"@id":"https:\/\/www.facecorner.lv\/shop\/growus-damage-therapy-hair-oil-profesionala-matu-ella-65ml\/#breadcrumb"},"inLanguage":"en-US","potentialAction":[{"@type":"ReadAction","target":["https:\/\/www.facecorner.lv\/shop\/growus-damage-therapy-hair-oil-profesionala-matu-ella-65ml\/"]}]},{"@type":"ImageObject","inLanguage":"en-US","@id":"https:\/\/www.facecorner.lv\/shop\/growus-damage-therapy-hair-oil-profesionala-matu-ella-65ml\/#primaryimage","url":"https:\/\/www.facecorner.lv\/wp-content\/uploads\/2026\/01\/GRW1000.webp","contentUrl":"https:\/\/www.facecorner.lv\/wp-content\/uploads\/2026\/01\/GRW1000.webp","width":1200,"height":1200,"caption":"Growus Damage Therapy Hair Oil"},{"@type":"BreadcrumbList","@id":"https:\/\/www.facecorner.lv\/shop\/growus-damage-therapy-hair-oil-profesionala-matu-ella-65ml\/#breadcrumb","itemListElement":[{"@type":"ListItem","position":1,"name":"Home","item":"https:\/\/www.facecorner.lv\/"},{"@type":"ListItem","position":2,"name":"Veikals","item":"https:\/\/www.facecorner.lv\/shop\/"},{"@type":"ListItem","position":3,"name":"Growus Damage Therapy Hair Oil profesion\u0101la matu e\u013c\u013ca 65ml"}]},{"@type":"WebSite","@id":"https:\/\/www.facecorner.lv\/#website","url":"https:\/\/www.facecorner.lv\/","name":"Facecorner","description":"","publisher":{"@id":"https:\/\/www.facecorner.lv\/#organization"},"potentialAction":[{"@type":"SearchAction","target":{"@type":"EntryPoint","urlTemplate":"https:\/\/www.facecorner.lv\/?s={search_term_string}"},"query-input":{"@type":"PropertyValueSpecification","valueRequired":true,"valueName":"search_term_string"}}],"inLanguage":"en-US"},{"@type":"Organization","@id":"https:\/\/www.facecorner.lv\/#organization","name":"Facecorner","url":"https:\/\/www.facecorner.lv\/","logo":{"@type":"ImageObject","inLanguage":"en-US","@id":"https:\/\/www.facecorner.lv\/#\/schema\/logo\/image\/","url":"https:\/\/www.facecorner.lv\/wp-content\/uploads\/2024\/04\/fc-logo.jpg","contentUrl":"https:\/\/www.facecorner.lv\/wp-content\/uploads\/2024\/04\/fc-logo.jpg","width":174,"height":28,"caption":"Facecorner"},"image":{"@id":"https:\/\/www.facecorner.lv\/#\/schema\/logo\/image\/"},"sameAs":["https:\/\/www.facebook.com\/profile.php?id=100063824551839","https:\/\/www.instagram.com\/facecorner_shop\/"]}]},"product_price_amount":"19.95","product_price_currency":"EUR","og_availability":"out of stock","product_availability":"out of stock","product_condition":"new"},"_links":{"self":[{"href":"https:\/\/www.facecorner.lv\/en\/wp-json\/wp\/v2\/product\/26706","targetHints":{"allow":["GET"]}}],"collection":[{"href":"https:\/\/www.facecorner.lv\/en\/wp-json\/wp\/v2\/product"}],"about":[{"href":"https:\/\/www.facecorner.lv\/en\/wp-json\/wp\/v2\/types\/product"}],"replies":[{"embeddable":true,"href":"https:\/\/www.facecorner.lv\/en\/wp-json\/wp\/v2\/comments?post=26706"}],"wp:featuredmedia":[{"embeddable":true,"href":"https:\/\/www.facecorner.lv\/en\/wp-json\/wp\/v2\/media\/26707"}],"wp:attachment":[{"href":"https:\/\/www.facecorner.lv\/en\/wp-json\/wp\/v2\/media?parent=26706"}],"wp:term":[{"taxonomy":"product_brand","embeddable":true,"href":"https:\/\/www.facecorner.lv\/en\/wp-json\/wp\/v2\/product_brand?post=26706"},{"taxonomy":"product_cat","embeddable":true,"href":"https:\/\/www.facecorner.lv\/en\/wp-json\/wp\/v2\/product_cat?post=26706"},{"taxonomy":"product_tag","embeddable":true,"href":"https:\/\/www.facecorner.lv\/en\/wp-json\/wp\/v2\/product_tag?post=26706"},{"taxonomy":"berocket_brand","embeddable":true,"href":"https:\/\/www.facecorner.lv\/en\/wp-json\/wp\/v2\/berocket_brand?post=26706"}],"curies":[{"name":"wp","href":"https:\/\/api.w.org\/{rel}","templated":true}]}}