{"id":26703,"date":"2026-01-20T16:55:13","date_gmt":"2026-01-20T13:55:13","guid":{"rendered":"https:\/\/www.facecorner.lv\/?post_type=product&#038;p=26703"},"modified":"2026-03-05T13:17:02","modified_gmt":"2026-03-05T10:17:02","slug":"growus-damage-therapy-no-wash-intensivai-bojatu-un-trauslu-matu-kopsana-250ml","status":"publish","type":"product","link":"https:\/\/www.facecorner.lv\/en\/shop\/growus-damage-therapy-no-wash-intensivai-bojatu-un-trauslu-matu-kopsana-250ml\/","title":{"rendered":"Growus Damage Therapy No Wash intens\u012bvai boj\u0101tu un trauslu matu kop\u0161ana 250ml"},"content":{"rendered":"<p>Growus Damage Therapy No Wash \u2014 viegli neizskalojams l\u012bdzeklis intens\u012bvai boj\u0101tu un trauslu matu kop\u0161anai. Formula iek\u013c\u016bst matu strukt\u016br\u0101, atjauno boj\u0101tos posmus, izl\u012bdzina kutikulu un aizsarg\u0101 no termiskas un meh\u0101nisks ietekmes. Mati k\u013c\u016bst m\u012bksti, pak\u013c\u0101v\u012bgi un sp\u012bd\u012bgi, neapgr\u016btinot tos.<\/p>\n<h6>Priek\u0161roc\u012bbas:<\/h6>\n<ul>\n<li>dzi\u013ci atjauno un stiprina matus<\/li>\n<li>atvieglo \u0137emm\u0113\u0161anu un ieveido\u0161anu<\/li>\n<li>pie\u0161\u0137ir gludumu un sp\u012bdumu<\/li>\n<li>aizsarg\u0101 no boj\u0101jumiem ieveido\u0161anas laik\u0101 un no karstiem instrumentiem<\/li>\n<li>viegl\u0101 tekst\u016bra, neapgr\u016btina<\/li>\n<li>piem\u0113rots visiem boj\u0101tu matu tipiem<\/li>\n<\/ul>\n<p><strong>How to use:<\/strong>: Uzkl\u0101jiet nelielu daudzumu l\u012bdzek\u013ca uz t\u012briem, ar dvieli nosusin\u0101tiem matiem. Izl\u012bdziniet pa garumu un galiem, nenomazg\u0101jiet. Var lietot katru dienu vai pirms ieveido\u0161anas papildu aizsardz\u012bbai.<\/p>\n<p><strong>Sast\u0101vs:<\/strong> Aqua, Cyclopentasiloxane, Dimethicone, Argania Spinosa Kernel Oil, Hydrolyzed Keratin, Panthenol, Glycerin, Cetrimonium Chloride, Tocopheryl Acetate, Phenoxyethanol, Ethylhexylglycerin, Parfum.<\/p>","protected":false},"excerpt":{"rendered":"<p>Growus Damage Therapy No Wash \u2014 viegli neizskalojams l\u012bdzeklis intens\u012bvai boj\u0101tu un trauslu matu kop\u0161anai. Formula iek\u013c\u016bst matu strukt\u016br\u0101, atjauno boj\u0101tos posmus, izl\u012bdzina kutikulu un aizsarg\u0101 no termiskas un meh\u0101nisks ietekmes. Mati k\u013c\u016bst m\u012bksti, pak\u013c\u0101v\u012bgi un sp\u012bd\u012bgi, neapgr\u016btinot tos.<\/p>","protected":false},"featured_media":26704,"comment_status":"open","ping_status":"closed","template":"","meta":{"site-sidebar-layout":"default","site-content-layout":"","ast-site-content-layout":"default","site-content-style":"default","site-sidebar-style":"default","ast-global-header-display":"","ast-banner-title-visibility":"","ast-main-header-display":"","ast-hfb-above-header-display":"","ast-hfb-below-header-display":"","ast-hfb-mobile-header-display":"","site-post-title":"","ast-breadcrumbs-content":"","ast-featured-img":"","footer-sml-layout":"","theme-transparent-header-meta":"default","adv-header-id-meta":"","stick-header-meta":"","header-above-stick-meta":"","header-main-stick-meta":"","header-below-stick-meta":"","astra-migrate-meta-layouts":"set","ast-page-background-enabled":"default","ast-page-background-meta":{"desktop":{"background-color":"var(--ast-global-color-4)","background-image":"","background-repeat":"repeat","background-position":"center center","background-size":"auto","background-attachment":"scroll","background-type":"","background-media":"","overlay-type":"","overlay-color":"","overlay-opacity":"","overlay-gradient":""},"tablet":{"background-color":"","background-image":"","background-repeat":"repeat","background-position":"center center","background-size":"auto","background-attachment":"scroll","background-type":"","background-media":"","overlay-type":"","overlay-color":"","overlay-opacity":"","overlay-gradient":""},"mobile":{"background-color":"","background-image":"","background-repeat":"repeat","background-position":"center center","background-size":"auto","background-attachment":"scroll","background-type":"","background-media":"","overlay-type":"","overlay-color":"","overlay-opacity":"","overlay-gradient":""}},"ast-content-background-meta":{"desktop":{"background-color":"var(--ast-global-color-5)","background-image":"","background-repeat":"repeat","background-position":"center center","background-size":"auto","background-attachment":"scroll","background-type":"","background-media":"","overlay-type":"","overlay-color":"","overlay-opacity":"","overlay-gradient":""},"tablet":{"background-color":"var(--ast-global-color-5)","background-image":"","background-repeat":"repeat","background-position":"center center","background-size":"auto","background-attachment":"scroll","background-type":"","background-media":"","overlay-type":"","overlay-color":"","overlay-opacity":"","overlay-gradient":""},"mobile":{"background-color":"var(--ast-global-color-5)","background-image":"","background-repeat":"repeat","background-position":"center center","background-size":"auto","background-attachment":"scroll","background-type":"","background-media":"","overlay-type":"","overlay-color":"","overlay-opacity":"","overlay-gradient":""}}},"product_brand":[],"product_cat":[354,330,351],"product_tag":[],"berocket_brand":[679],"class_list":{"0":"post-26703","1":"product","2":"type-product","3":"status-publish","4":"has-post-thumbnail","6":"product_cat-filleri-un-serumi","7":"product_cat-matiem","8":"product_cat-matu-maskas","9":"berocket_brand-growus","10":"desktop-align-left","11":"tablet-align-left","12":"mobile-align-left","14":"first","15":"outofstock","16":"taxable","17":"shipping-taxable","18":"purchasable","19":"product-type-simple","20":"add-to-wishlist-before_image"},"yoast_head":"<!-- This site is optimized with the Yoast SEO plugin v27.4 - https:\/\/yoast.com\/product\/yoast-seo-wordpress\/ -->\n<title>Growus Damage Therapy No Wash intens\u012bvai boj\u0101tu un trauslu matu kop\u0161ana 250ml - FACECORNER<\/title>\n<meta name=\"description\" content=\"Growus Damage Therapy No Wash \u2014 viegli neizskalojams l\u012bdzeklis intens\u012bvai boj\u0101tu un trauslu matu kop\u0161anai. Formula iek\u013c\u016bst matu strukt\u016br\u0101, atjauno boj\u0101tos posmus, izl\u012bdzina kutikulu un aizsarg\u0101 no termiskas un meh\u0101nisks ietekmes. Mati k\u013c\u016bst m\u012bksti, pak\u013c\u0101v\u012bgi un sp\u012bd\u012bgi, neapgr\u016btinot tos.\" \/>\n<meta name=\"robots\" content=\"index, follow, max-snippet:-1, max-image-preview:large, max-video-preview:-1\" \/>\n<link rel=\"canonical\" href=\"https:\/\/www.facecorner.lv\/en\/shop\/growus-damage-therapy-no-wash-intensivai-bojatu-un-trauslu-matu-kopsana-250ml\/\" \/>\n<meta property=\"og:locale\" content=\"en_US\" \/>\n<meta property=\"og:type\" content=\"article\" \/>\n<meta property=\"og:title\" content=\"Growus Damage Therapy No Wash intens\u012bvai boj\u0101tu un trauslu matu kop\u0161ana 250ml - FACECORNER\" \/>\n<meta property=\"og:description\" content=\"Growus Damage Therapy No Wash \u2014 viegli neizskalojams l\u012bdzeklis intens\u012bvai boj\u0101tu un trauslu matu kop\u0161anai. Formula iek\u013c\u016bst matu strukt\u016br\u0101, atjauno boj\u0101tos posmus, izl\u012bdzina kutikulu un aizsarg\u0101 no termiskas un meh\u0101nisks ietekmes. Mati k\u013c\u016bst m\u012bksti, pak\u013c\u0101v\u012bgi un sp\u012bd\u012bgi, neapgr\u016btinot tos.\" \/>\n<meta property=\"og:url\" content=\"https:\/\/www.facecorner.lv\/en\/shop\/growus-damage-therapy-no-wash-intensivai-bojatu-un-trauslu-matu-kopsana-250ml\/\" \/>\n<meta property=\"og:site_name\" content=\"FACECORNER\" \/>\n<meta property=\"article:publisher\" content=\"https:\/\/www.facebook.com\/profile.php?id=100063824551839\" \/>\n<meta property=\"article:modified_time\" content=\"2026-03-05T10:17:02+00:00\" \/>\n<meta property=\"og:image\" content=\"https:\/\/www.facecorner.lv\/wp-content\/uploads\/2026\/01\/K-Beauty_Store_Giftcard-124.webp\" \/>\n\t<meta property=\"og:image:width\" content=\"1080\" \/>\n\t<meta property=\"og:image:height\" content=\"1080\" \/>\n\t<meta property=\"og:image:type\" content=\"image\/webp\" \/>\n<meta name=\"twitter:card\" content=\"summary_large_image\" \/>\n<meta name=\"twitter:label1\" content=\"Price\" \/>\n\t<meta name=\"twitter:data1\" content=\"&euro;19.95\" \/>\n\t<meta name=\"twitter:label2\" content=\"Availability\" \/>\n\t<meta name=\"twitter:data2\" content=\"Out of stock\" \/>\n<script type=\"application\/ld+json\" class=\"yoast-schema-graph\">{\"@context\":\"https:\\\/\\\/schema.org\",\"@graph\":[{\"@type\":\"WebPage\",\"@id\":\"https:\\\/\\\/www.facecorner.lv\\\/shop\\\/growus-damage-therapy-no-wash-intensivai-bojatu-un-trauslu-matu-kopsana-250ml\\\/\",\"url\":\"https:\\\/\\\/www.facecorner.lv\\\/shop\\\/growus-damage-therapy-no-wash-intensivai-bojatu-un-trauslu-matu-kopsana-250ml\\\/\",\"name\":\"Growus Damage Therapy No Wash intens\u012bvai boj\u0101tu un trauslu matu kop\u0161ana 250ml - FACECORNER\",\"isPartOf\":{\"@id\":\"https:\\\/\\\/www.facecorner.lv\\\/#website\"},\"primaryImageOfPage\":{\"@id\":\"https:\\\/\\\/www.facecorner.lv\\\/shop\\\/growus-damage-therapy-no-wash-intensivai-bojatu-un-trauslu-matu-kopsana-250ml\\\/#primaryimage\"},\"image\":{\"@id\":\"https:\\\/\\\/www.facecorner.lv\\\/shop\\\/growus-damage-therapy-no-wash-intensivai-bojatu-un-trauslu-matu-kopsana-250ml\\\/#primaryimage\"},\"thumbnailUrl\":\"https:\\\/\\\/www.facecorner.lv\\\/wp-content\\\/uploads\\\/2026\\\/01\\\/K-Beauty_Store_Giftcard-124.webp\",\"datePublished\":\"2026-01-20T13:55:13+00:00\",\"dateModified\":\"2026-03-05T10:17:02+00:00\",\"description\":\"Growus Damage Therapy No Wash \u2014 viegli neizskalojams l\u012bdzeklis intens\u012bvai boj\u0101tu un trauslu matu kop\u0161anai. Formula iek\u013c\u016bst matu strukt\u016br\u0101, atjauno boj\u0101tos posmus, izl\u012bdzina kutikulu un aizsarg\u0101 no termiskas un meh\u0101nisks ietekmes. Mati k\u013c\u016bst m\u012bksti, pak\u013c\u0101v\u012bgi un sp\u012bd\u012bgi, neapgr\u016btinot tos.\",\"breadcrumb\":{\"@id\":\"https:\\\/\\\/www.facecorner.lv\\\/shop\\\/growus-damage-therapy-no-wash-intensivai-bojatu-un-trauslu-matu-kopsana-250ml\\\/#breadcrumb\"},\"inLanguage\":\"en-US\",\"potentialAction\":[{\"@type\":\"ReadAction\",\"target\":[\"https:\\\/\\\/www.facecorner.lv\\\/shop\\\/growus-damage-therapy-no-wash-intensivai-bojatu-un-trauslu-matu-kopsana-250ml\\\/\"]}]},{\"@type\":\"ImageObject\",\"inLanguage\":\"en-US\",\"@id\":\"https:\\\/\\\/www.facecorner.lv\\\/shop\\\/growus-damage-therapy-no-wash-intensivai-bojatu-un-trauslu-matu-kopsana-250ml\\\/#primaryimage\",\"url\":\"https:\\\/\\\/www.facecorner.lv\\\/wp-content\\\/uploads\\\/2026\\\/01\\\/K-Beauty_Store_Giftcard-124.webp\",\"contentUrl\":\"https:\\\/\\\/www.facecorner.lv\\\/wp-content\\\/uploads\\\/2026\\\/01\\\/K-Beauty_Store_Giftcard-124.webp\",\"width\":1080,\"height\":1080},{\"@type\":\"BreadcrumbList\",\"@id\":\"https:\\\/\\\/www.facecorner.lv\\\/shop\\\/growus-damage-therapy-no-wash-intensivai-bojatu-un-trauslu-matu-kopsana-250ml\\\/#breadcrumb\",\"itemListElement\":[{\"@type\":\"ListItem\",\"position\":1,\"name\":\"Home\",\"item\":\"https:\\\/\\\/www.facecorner.lv\\\/\"},{\"@type\":\"ListItem\",\"position\":2,\"name\":\"Veikals\",\"item\":\"https:\\\/\\\/www.facecorner.lv\\\/shop\\\/\"},{\"@type\":\"ListItem\",\"position\":3,\"name\":\"Growus Damage Therapy No Wash intens\u012bvai boj\u0101tu un trauslu matu kop\u0161ana 250ml\"}]},{\"@type\":\"WebSite\",\"@id\":\"https:\\\/\\\/www.facecorner.lv\\\/#website\",\"url\":\"https:\\\/\\\/www.facecorner.lv\\\/\",\"name\":\"Facecorner\",\"description\":\"\",\"publisher\":{\"@id\":\"https:\\\/\\\/www.facecorner.lv\\\/#organization\"},\"potentialAction\":[{\"@type\":\"SearchAction\",\"target\":{\"@type\":\"EntryPoint\",\"urlTemplate\":\"https:\\\/\\\/www.facecorner.lv\\\/?s={search_term_string}\"},\"query-input\":{\"@type\":\"PropertyValueSpecification\",\"valueRequired\":true,\"valueName\":\"search_term_string\"}}],\"inLanguage\":\"en-US\"},{\"@type\":\"Organization\",\"@id\":\"https:\\\/\\\/www.facecorner.lv\\\/#organization\",\"name\":\"Facecorner\",\"url\":\"https:\\\/\\\/www.facecorner.lv\\\/\",\"logo\":{\"@type\":\"ImageObject\",\"inLanguage\":\"en-US\",\"@id\":\"https:\\\/\\\/www.facecorner.lv\\\/#\\\/schema\\\/logo\\\/image\\\/\",\"url\":\"https:\\\/\\\/www.facecorner.lv\\\/wp-content\\\/uploads\\\/2024\\\/04\\\/fc-logo.jpg\",\"contentUrl\":\"https:\\\/\\\/www.facecorner.lv\\\/wp-content\\\/uploads\\\/2024\\\/04\\\/fc-logo.jpg\",\"width\":174,\"height\":28,\"caption\":\"Facecorner\"},\"image\":{\"@id\":\"https:\\\/\\\/www.facecorner.lv\\\/#\\\/schema\\\/logo\\\/image\\\/\"},\"sameAs\":[\"https:\\\/\\\/www.facebook.com\\\/profile.php?id=100063824551839\",\"https:\\\/\\\/www.instagram.com\\\/facecorner_shop\\\/\"]}]}<\/script>\n<meta property=\"product:price:amount\" content=\"19.95\" \/>\n<meta property=\"product:price:currency\" content=\"EUR\" \/>\n<meta property=\"og:availability\" content=\"out of stock\" \/>\n<meta property=\"product:availability\" content=\"out of stock\" \/>\n<meta property=\"product:condition\" content=\"new\" \/>\n<!-- \/ Yoast SEO plugin. -->","yoast_head_json":{"title":"Growus Damage Therapy No Wash intens\u012bvai boj\u0101tu un trauslu matu kop\u0161ana 250ml - FACECORNER","description":"Growus Damage Therapy No Wash \u2014 viegli neizskalojams l\u012bdzeklis intens\u012bvai boj\u0101tu un trauslu matu kop\u0161anai. Formula iek\u013c\u016bst matu strukt\u016br\u0101, atjauno boj\u0101tos posmus, izl\u012bdzina kutikulu un aizsarg\u0101 no termiskas un meh\u0101nisks ietekmes. Mati k\u013c\u016bst m\u012bksti, pak\u013c\u0101v\u012bgi un sp\u012bd\u012bgi, neapgr\u016btinot tos.","robots":{"index":"index","follow":"follow","max-snippet":"max-snippet:-1","max-image-preview":"max-image-preview:large","max-video-preview":"max-video-preview:-1"},"canonical":"https:\/\/www.facecorner.lv\/en\/shop\/growus-damage-therapy-no-wash-intensivai-bojatu-un-trauslu-matu-kopsana-250ml\/","og_locale":"en_US","og_type":"article","og_title":"Growus Damage Therapy No Wash intens\u012bvai boj\u0101tu un trauslu matu kop\u0161ana 250ml - FACECORNER","og_description":"Growus Damage Therapy No Wash \u2014 viegli neizskalojams l\u012bdzeklis intens\u012bvai boj\u0101tu un trauslu matu kop\u0161anai. Formula iek\u013c\u016bst matu strukt\u016br\u0101, atjauno boj\u0101tos posmus, izl\u012bdzina kutikulu un aizsarg\u0101 no termiskas un meh\u0101nisks ietekmes. Mati k\u013c\u016bst m\u012bksti, pak\u013c\u0101v\u012bgi un sp\u012bd\u012bgi, neapgr\u016btinot tos.","og_url":"https:\/\/www.facecorner.lv\/en\/shop\/growus-damage-therapy-no-wash-intensivai-bojatu-un-trauslu-matu-kopsana-250ml\/","og_site_name":"FACECORNER","article_publisher":"https:\/\/www.facebook.com\/profile.php?id=100063824551839","article_modified_time":"2026-03-05T10:17:02+00:00","og_image":[{"width":1080,"height":1080,"url":"https:\/\/www.facecorner.lv\/wp-content\/uploads\/2026\/01\/K-Beauty_Store_Giftcard-124.webp","type":"image\/webp"}],"twitter_card":"summary_large_image","twitter_misc":{"Price":"&euro;19.95","Availability":"Out of stock"},"schema":{"@context":"https:\/\/schema.org","@graph":[{"@type":"WebPage","@id":"https:\/\/www.facecorner.lv\/shop\/growus-damage-therapy-no-wash-intensivai-bojatu-un-trauslu-matu-kopsana-250ml\/","url":"https:\/\/www.facecorner.lv\/shop\/growus-damage-therapy-no-wash-intensivai-bojatu-un-trauslu-matu-kopsana-250ml\/","name":"Growus Damage Therapy No Wash intens\u012bvai boj\u0101tu un trauslu matu kop\u0161ana 250ml - FACECORNER","isPartOf":{"@id":"https:\/\/www.facecorner.lv\/#website"},"primaryImageOfPage":{"@id":"https:\/\/www.facecorner.lv\/shop\/growus-damage-therapy-no-wash-intensivai-bojatu-un-trauslu-matu-kopsana-250ml\/#primaryimage"},"image":{"@id":"https:\/\/www.facecorner.lv\/shop\/growus-damage-therapy-no-wash-intensivai-bojatu-un-trauslu-matu-kopsana-250ml\/#primaryimage"},"thumbnailUrl":"https:\/\/www.facecorner.lv\/wp-content\/uploads\/2026\/01\/K-Beauty_Store_Giftcard-124.webp","datePublished":"2026-01-20T13:55:13+00:00","dateModified":"2026-03-05T10:17:02+00:00","description":"Growus Damage Therapy No Wash \u2014 viegli neizskalojams l\u012bdzeklis intens\u012bvai boj\u0101tu un trauslu matu kop\u0161anai. Formula iek\u013c\u016bst matu strukt\u016br\u0101, atjauno boj\u0101tos posmus, izl\u012bdzina kutikulu un aizsarg\u0101 no termiskas un meh\u0101nisks ietekmes. Mati k\u013c\u016bst m\u012bksti, pak\u013c\u0101v\u012bgi un sp\u012bd\u012bgi, neapgr\u016btinot tos.","breadcrumb":{"@id":"https:\/\/www.facecorner.lv\/shop\/growus-damage-therapy-no-wash-intensivai-bojatu-un-trauslu-matu-kopsana-250ml\/#breadcrumb"},"inLanguage":"en-US","potentialAction":[{"@type":"ReadAction","target":["https:\/\/www.facecorner.lv\/shop\/growus-damage-therapy-no-wash-intensivai-bojatu-un-trauslu-matu-kopsana-250ml\/"]}]},{"@type":"ImageObject","inLanguage":"en-US","@id":"https:\/\/www.facecorner.lv\/shop\/growus-damage-therapy-no-wash-intensivai-bojatu-un-trauslu-matu-kopsana-250ml\/#primaryimage","url":"https:\/\/www.facecorner.lv\/wp-content\/uploads\/2026\/01\/K-Beauty_Store_Giftcard-124.webp","contentUrl":"https:\/\/www.facecorner.lv\/wp-content\/uploads\/2026\/01\/K-Beauty_Store_Giftcard-124.webp","width":1080,"height":1080},{"@type":"BreadcrumbList","@id":"https:\/\/www.facecorner.lv\/shop\/growus-damage-therapy-no-wash-intensivai-bojatu-un-trauslu-matu-kopsana-250ml\/#breadcrumb","itemListElement":[{"@type":"ListItem","position":1,"name":"Home","item":"https:\/\/www.facecorner.lv\/"},{"@type":"ListItem","position":2,"name":"Veikals","item":"https:\/\/www.facecorner.lv\/shop\/"},{"@type":"ListItem","position":3,"name":"Growus Damage Therapy No Wash intens\u012bvai boj\u0101tu un trauslu matu kop\u0161ana 250ml"}]},{"@type":"WebSite","@id":"https:\/\/www.facecorner.lv\/#website","url":"https:\/\/www.facecorner.lv\/","name":"Facecorner","description":"","publisher":{"@id":"https:\/\/www.facecorner.lv\/#organization"},"potentialAction":[{"@type":"SearchAction","target":{"@type":"EntryPoint","urlTemplate":"https:\/\/www.facecorner.lv\/?s={search_term_string}"},"query-input":{"@type":"PropertyValueSpecification","valueRequired":true,"valueName":"search_term_string"}}],"inLanguage":"en-US"},{"@type":"Organization","@id":"https:\/\/www.facecorner.lv\/#organization","name":"Facecorner","url":"https:\/\/www.facecorner.lv\/","logo":{"@type":"ImageObject","inLanguage":"en-US","@id":"https:\/\/www.facecorner.lv\/#\/schema\/logo\/image\/","url":"https:\/\/www.facecorner.lv\/wp-content\/uploads\/2024\/04\/fc-logo.jpg","contentUrl":"https:\/\/www.facecorner.lv\/wp-content\/uploads\/2024\/04\/fc-logo.jpg","width":174,"height":28,"caption":"Facecorner"},"image":{"@id":"https:\/\/www.facecorner.lv\/#\/schema\/logo\/image\/"},"sameAs":["https:\/\/www.facebook.com\/profile.php?id=100063824551839","https:\/\/www.instagram.com\/facecorner_shop\/"]}]},"product_price_amount":"19.95","product_price_currency":"EUR","og_availability":"out of stock","product_availability":"out of stock","product_condition":"new"},"_links":{"self":[{"href":"https:\/\/www.facecorner.lv\/en\/wp-json\/wp\/v2\/product\/26703","targetHints":{"allow":["GET"]}}],"collection":[{"href":"https:\/\/www.facecorner.lv\/en\/wp-json\/wp\/v2\/product"}],"about":[{"href":"https:\/\/www.facecorner.lv\/en\/wp-json\/wp\/v2\/types\/product"}],"replies":[{"embeddable":true,"href":"https:\/\/www.facecorner.lv\/en\/wp-json\/wp\/v2\/comments?post=26703"}],"wp:featuredmedia":[{"embeddable":true,"href":"https:\/\/www.facecorner.lv\/en\/wp-json\/wp\/v2\/media\/26704"}],"wp:attachment":[{"href":"https:\/\/www.facecorner.lv\/en\/wp-json\/wp\/v2\/media?parent=26703"}],"wp:term":[{"taxonomy":"product_brand","embeddable":true,"href":"https:\/\/www.facecorner.lv\/en\/wp-json\/wp\/v2\/product_brand?post=26703"},{"taxonomy":"product_cat","embeddable":true,"href":"https:\/\/www.facecorner.lv\/en\/wp-json\/wp\/v2\/product_cat?post=26703"},{"taxonomy":"product_tag","embeddable":true,"href":"https:\/\/www.facecorner.lv\/en\/wp-json\/wp\/v2\/product_tag?post=26703"},{"taxonomy":"berocket_brand","embeddable":true,"href":"https:\/\/www.facecorner.lv\/en\/wp-json\/wp\/v2\/berocket_brand?post=26703"}],"curies":[{"name":"wp","href":"https:\/\/api.w.org\/{rel}","templated":true}]}}